{"id":739812,"date":"2022-02-08T14:35:38","date_gmt":"2022-02-08T13:35:38","guid":{"rendered":"https:\/\/hubsch-interior.com\/product\/product\/"},"modified":"2026-04-09T04:21:46","modified_gmt":"2026-04-09T02:21:46","slug":"formu-korbe-large-naturfarben-2er-set","status":"publish","type":"product","link":"https:\/\/hubsch-interior.com\/de\/produkt\/formu-korbe-large-naturfarben-2er-set\/","title":{"rendered":"Formu K\u00f6rbe Large Naturfarben (2er Set)"},"content":{"rendered":"<p>Diese dekorativen Bambustabletts laden zu einem gem\u00fctlichen, traditionellen Nachmittagstee ein. G\u00f6nnen Sie sich einen richtigen Cream Tea mit Scones, Clotted Cream und Erdbeermarmelade \u2013 und eine dampfend hei\u00dfe Tasse Tee. Oder verwenden Sie diese Tabletts f\u00fcr ein Stillleben mit Kerzen und Dekorationsobjekten. Lassen Sie Ihrer Fantasie freien Lauf. <\/p>\n","protected":false},"excerpt":{"rendered":"<p>Diese dekorativen Bambustabletts laden zu einem gem\u00fctlichen, traditionellen Nachmittagstee ein. G\u00f6nnen Sie sich einen richtigen Cream Tea mit Scones, Clotted Cream und Erdbeermarmelade \u2013 und eine dampfend hei\u00dfe Tasse Tee. Oder verwenden Sie diese Tabletts f\u00fcr ein Stillleben mit Kerzen und Dekorationsobjekten. Lassen Sie Ihrer Fantasie freien Lauf.<\/p>\n","protected":false},"featured_media":1094713,"template":"","meta":{"_acf_changed":false,"inline_featured_image":false},"product_brand":[],"product_cat":[6972,7040,7029,6349,3111,4076,6519],"product_tag":[],"class_list":{"0":"post-739812","1":"product","2":"type-product","3":"status-publish","4":"has-post-thumbnail","6":"product_cat-oster-sale","7":"product_cat-tabletts-de-tischgeschirr-de-2","8":"product_cat-tischgeschirr-de-2","9":"product_cat-garden-selection-de","10":"product_cat-aufbewahrung-de","11":"product_cat-koerbe-de","12":"product_cat-outlet-de","13":"product_shipping_class-pk","15":"pa_color-naturfarben-2","16":"pa_material-bambus-de","18":"first","19":"instock","20":"sale","21":"taxable","22":"shipping-taxable","23":"purchasable","24":"product-type-simple"},"exclude_global_add_ons":[],"addons":[],"acf":[],"yoast_head":"<!-- This site is optimized with the Yoast SEO plugin v26.4 - https:\/\/yoast.com\/wordpress\/plugins\/seo\/ -->\n<title>Formu K\u00f6rbe Large Naturfarben (2er Set) - H\u00fcbsch<\/title>\n<meta name=\"description\" content=\"Diese dekorativen Bambustabletts laden zu einem gem\u00fctlichen, traditionellen Nachmittagstee ein. G\u00f6nnen Sie sich einen richtigen Cream Tea mit Scones,\" \/>\n<meta name=\"robots\" content=\"index, follow, max-snippet:-1, max-image-preview:large, max-video-preview:-1\" \/>\n<link rel=\"canonical\" href=\"https:\/\/hubsch-interior.com\/de\/wp-json\/wp\/v2\/product\/739812\" \/>\n<meta property=\"og:locale\" content=\"de_DE\" \/>\n<meta property=\"og:type\" content=\"article\" \/>\n<meta property=\"og:title\" content=\"Formu K\u00f6rbe Large Naturfarben (2er Set) - H\u00fcbsch\" \/>\n<meta property=\"og:description\" content=\"Diese dekorativen Bambustabletts laden zu einem gem\u00fctlichen, traditionellen Nachmittagstee ein. G\u00f6nnen Sie sich einen richtigen Cream Tea mit Scones,\" \/>\n<meta property=\"og:url\" content=\"https:\/\/hubsch-interior.com\/de\/produkt\/formu-korbe-large-naturfarben-2er-set\/\" \/>\n<meta property=\"og:site_name\" content=\"H\u00fcbsch\" \/>\n<meta property=\"article:modified_time\" content=\"2026-04-09T02:21:46+00:00\" \/>\n<meta property=\"og:image\" content=\"https:\/\/hubsch-interior.com\/wp-content\/uploads\/2025\/05\/formu-baskets-large-natural-set-of-2-fffb7e4b480caeb347f355917597be51.jpg\" \/>\n\t<meta property=\"og:image:width\" content=\"1200\" \/>\n\t<meta property=\"og:image:height\" content=\"1200\" \/>\n\t<meta property=\"og:image:type\" content=\"image\/jpeg\" \/>\n<meta name=\"twitter:card\" content=\"summary_large_image\" \/>\n<script type=\"application\/ld+json\" class=\"yoast-schema-graph\">{\"@context\":\"https:\/\/schema.org\",\"@graph\":[{\"@type\":\"WebPage\",\"@id\":\"https:\/\/hubsch-interior.com\/de\/produkt\/formu-korbe-large-naturfarben-2er-set\/\",\"url\":\"https:\/\/hubsch-interior.com\/de\/produkt\/formu-korbe-large-naturfarben-2er-set\/\",\"name\":\"Formu K\u00f6rbe Large Naturfarben (2er Set) - H\u00fcbsch\",\"isPartOf\":{\"@id\":\"https:\/\/hubsch-interior.com\/de\/#website\"},\"primaryImageOfPage\":{\"@id\":\"https:\/\/hubsch-interior.com\/de\/produkt\/formu-korbe-large-naturfarben-2er-set\/#primaryimage\"},\"image\":{\"@id\":\"https:\/\/hubsch-interior.com\/de\/produkt\/formu-korbe-large-naturfarben-2er-set\/#primaryimage\"},\"thumbnailUrl\":\"https:\/\/hubsch-interior.com\/wp-content\/uploads\/2026\/02\/formu-baskets-large-natural-set-of-2-f2a1d5dc74aae1b866cd35ebd8214c19.jpg\",\"datePublished\":\"2022-02-08T13:35:38+00:00\",\"dateModified\":\"2026-04-09T02:21:46+00:00\",\"description\":\"Diese dekorativen Bambustabletts laden zu einem gem\u00fctlichen, traditionellen Nachmittagstee ein. G\u00f6nnen Sie sich einen richtigen Cream Tea mit Scones,\",\"breadcrumb\":{\"@id\":\"https:\/\/hubsch-interior.com\/de\/produkt\/formu-korbe-large-naturfarben-2er-set\/#breadcrumb\"},\"inLanguage\":\"de\",\"potentialAction\":[{\"@type\":\"ReadAction\",\"target\":[\"https:\/\/hubsch-interior.com\/de\/produkt\/formu-korbe-large-naturfarben-2er-set\/\"]}]},{\"@type\":\"ImageObject\",\"inLanguage\":\"de\",\"@id\":\"https:\/\/hubsch-interior.com\/de\/produkt\/formu-korbe-large-naturfarben-2er-set\/#primaryimage\",\"url\":\"https:\/\/hubsch-interior.com\/wp-content\/uploads\/2026\/02\/formu-baskets-large-natural-set-of-2-f2a1d5dc74aae1b866cd35ebd8214c19.jpg\",\"contentUrl\":\"https:\/\/hubsch-interior.com\/wp-content\/uploads\/2026\/02\/formu-baskets-large-natural-set-of-2-f2a1d5dc74aae1b866cd35ebd8214c19.jpg\",\"width\":1024,\"height\":1024},{\"@type\":\"BreadcrumbList\",\"@id\":\"https:\/\/hubsch-interior.com\/de\/produkt\/formu-korbe-large-naturfarben-2er-set\/#breadcrumb\",\"itemListElement\":[{\"@type\":\"ListItem\",\"position\":1,\"name\":\"Startseite\",\"item\":\"https:\/\/hubsch-interior.com\/de\/\"},{\"@type\":\"ListItem\",\"position\":2,\"name\":\"Produkte\",\"item\":\"https:\/\/hubsch-interior.com\/de\/shop-2\/\"},{\"@type\":\"ListItem\",\"position\":3,\"name\":\"K\u00fcche\",\"item\":\"https:\/\/hubsch-interior.com\/de\/produkt-kategorie\/kuche\/\"},{\"@type\":\"ListItem\",\"position\":4,\"name\":\"Tischgeschirr\",\"item\":\"https:\/\/hubsch-interior.com\/de\/produkt-kategorie\/kuche\/tischgeschirr-de-2\/\"},{\"@type\":\"ListItem\",\"position\":5,\"name\":\"Tabletts\",\"item\":\"https:\/\/hubsch-interior.com\/de\/produkt-kategorie\/kuche\/tischgeschirr-de-2\/tabletts-de-tischgeschirr-de-2\/\"},{\"@type\":\"ListItem\",\"position\":6,\"name\":\"Formu K\u00f6rbe Large Naturfarben (2er Set)\"}]},{\"@type\":\"WebSite\",\"@id\":\"https:\/\/hubsch-interior.com\/de\/#website\",\"url\":\"https:\/\/hubsch-interior.com\/de\/\",\"name\":\"H\u00fcbsch\",\"description\":\"Danish Home Interior and Design\",\"publisher\":{\"@id\":\"https:\/\/hubsch-interior.com\/de\/#organization\"},\"potentialAction\":[{\"@type\":\"SearchAction\",\"target\":{\"@type\":\"EntryPoint\",\"urlTemplate\":\"https:\/\/hubsch-interior.com\/de\/?s={search_term_string}\"},\"query-input\":{\"@type\":\"PropertyValueSpecification\",\"valueRequired\":true,\"valueName\":\"search_term_string\"}}],\"inLanguage\":\"de\"},{\"@type\":\"Organization\",\"@id\":\"https:\/\/hubsch-interior.com\/de\/#organization\",\"name\":\"H\u00fcbsch\",\"url\":\"https:\/\/hubsch-interior.com\/de\/\",\"logo\":{\"@type\":\"ImageObject\",\"inLanguage\":\"de\",\"@id\":\"https:\/\/hubsch-interior.com\/de\/#\/schema\/logo\/image\/\",\"url\":\"https:\/\/hubsch-interior.com\/wp-content\/uploads\/2022\/12\/Hubsch_logo_black_one_line.svg\",\"contentUrl\":\"https:\/\/hubsch-interior.com\/wp-content\/uploads\/2022\/12\/Hubsch_logo_black_one_line.svg\",\"caption\":\"H\u00fcbsch\"},\"image\":{\"@id\":\"https:\/\/hubsch-interior.com\/de\/#\/schema\/logo\/image\/\"}}]}<\/script>\n<!-- \/ Yoast SEO plugin. -->","yoast_head_json":{"title":"Formu K\u00f6rbe Large Naturfarben (2er Set) - H\u00fcbsch","description":"Diese dekorativen Bambustabletts laden zu einem gem\u00fctlichen, traditionellen Nachmittagstee ein. G\u00f6nnen Sie sich einen richtigen Cream Tea mit Scones,","robots":{"index":"index","follow":"follow","max-snippet":"max-snippet:-1","max-image-preview":"max-image-preview:large","max-video-preview":"max-video-preview:-1"},"canonical":"https:\/\/hubsch-interior.com\/de\/wp-json\/wp\/v2\/product\/739812","og_locale":"de_DE","og_type":"article","og_title":"Formu K\u00f6rbe Large Naturfarben (2er Set) - H\u00fcbsch","og_description":"Diese dekorativen Bambustabletts laden zu einem gem\u00fctlichen, traditionellen Nachmittagstee ein. G\u00f6nnen Sie sich einen richtigen Cream Tea mit Scones,","og_url":"https:\/\/hubsch-interior.com\/de\/produkt\/formu-korbe-large-naturfarben-2er-set\/","og_site_name":"H\u00fcbsch","article_modified_time":"2026-04-09T02:21:46+00:00","og_image":[{"width":1200,"height":1200,"url":"https:\/\/hubsch-interior.com\/wp-content\/uploads\/2025\/05\/formu-baskets-large-natural-set-of-2-fffb7e4b480caeb347f355917597be51.jpg","type":"image\/jpeg"}],"twitter_card":"summary_large_image","schema":{"@context":"https:\/\/schema.org","@graph":[{"@type":"WebPage","@id":"https:\/\/hubsch-interior.com\/de\/produkt\/formu-korbe-large-naturfarben-2er-set\/","url":"https:\/\/hubsch-interior.com\/de\/produkt\/formu-korbe-large-naturfarben-2er-set\/","name":"Formu K\u00f6rbe Large Naturfarben (2er Set) - H\u00fcbsch","isPartOf":{"@id":"https:\/\/hubsch-interior.com\/de\/#website"},"primaryImageOfPage":{"@id":"https:\/\/hubsch-interior.com\/de\/produkt\/formu-korbe-large-naturfarben-2er-set\/#primaryimage"},"image":{"@id":"https:\/\/hubsch-interior.com\/de\/produkt\/formu-korbe-large-naturfarben-2er-set\/#primaryimage"},"thumbnailUrl":"https:\/\/hubsch-interior.com\/wp-content\/uploads\/2026\/02\/formu-baskets-large-natural-set-of-2-f2a1d5dc74aae1b866cd35ebd8214c19.jpg","datePublished":"2022-02-08T13:35:38+00:00","dateModified":"2026-04-09T02:21:46+00:00","description":"Diese dekorativen Bambustabletts laden zu einem gem\u00fctlichen, traditionellen Nachmittagstee ein. G\u00f6nnen Sie sich einen richtigen Cream Tea mit Scones,","breadcrumb":{"@id":"https:\/\/hubsch-interior.com\/de\/produkt\/formu-korbe-large-naturfarben-2er-set\/#breadcrumb"},"inLanguage":"de","potentialAction":[{"@type":"ReadAction","target":["https:\/\/hubsch-interior.com\/de\/produkt\/formu-korbe-large-naturfarben-2er-set\/"]}]},{"@type":"ImageObject","inLanguage":"de","@id":"https:\/\/hubsch-interior.com\/de\/produkt\/formu-korbe-large-naturfarben-2er-set\/#primaryimage","url":"https:\/\/hubsch-interior.com\/wp-content\/uploads\/2026\/02\/formu-baskets-large-natural-set-of-2-f2a1d5dc74aae1b866cd35ebd8214c19.jpg","contentUrl":"https:\/\/hubsch-interior.com\/wp-content\/uploads\/2026\/02\/formu-baskets-large-natural-set-of-2-f2a1d5dc74aae1b866cd35ebd8214c19.jpg","width":1024,"height":1024},{"@type":"BreadcrumbList","@id":"https:\/\/hubsch-interior.com\/de\/produkt\/formu-korbe-large-naturfarben-2er-set\/#breadcrumb","itemListElement":[{"@type":"ListItem","position":1,"name":"Startseite","item":"https:\/\/hubsch-interior.com\/de\/"},{"@type":"ListItem","position":2,"name":"Produkte","item":"https:\/\/hubsch-interior.com\/de\/shop-2\/"},{"@type":"ListItem","position":3,"name":"K\u00fcche","item":"https:\/\/hubsch-interior.com\/de\/produkt-kategorie\/kuche\/"},{"@type":"ListItem","position":4,"name":"Tischgeschirr","item":"https:\/\/hubsch-interior.com\/de\/produkt-kategorie\/kuche\/tischgeschirr-de-2\/"},{"@type":"ListItem","position":5,"name":"Tabletts","item":"https:\/\/hubsch-interior.com\/de\/produkt-kategorie\/kuche\/tischgeschirr-de-2\/tabletts-de-tischgeschirr-de-2\/"},{"@type":"ListItem","position":6,"name":"Formu K\u00f6rbe Large Naturfarben (2er Set)"}]},{"@type":"WebSite","@id":"https:\/\/hubsch-interior.com\/de\/#website","url":"https:\/\/hubsch-interior.com\/de\/","name":"H\u00fcbsch","description":"Danish Home Interior and Design","publisher":{"@id":"https:\/\/hubsch-interior.com\/de\/#organization"},"potentialAction":[{"@type":"SearchAction","target":{"@type":"EntryPoint","urlTemplate":"https:\/\/hubsch-interior.com\/de\/?s={search_term_string}"},"query-input":{"@type":"PropertyValueSpecification","valueRequired":true,"valueName":"search_term_string"}}],"inLanguage":"de"},{"@type":"Organization","@id":"https:\/\/hubsch-interior.com\/de\/#organization","name":"H\u00fcbsch","url":"https:\/\/hubsch-interior.com\/de\/","logo":{"@type":"ImageObject","inLanguage":"de","@id":"https:\/\/hubsch-interior.com\/de\/#\/schema\/logo\/image\/","url":"https:\/\/hubsch-interior.com\/wp-content\/uploads\/2022\/12\/Hubsch_logo_black_one_line.svg","contentUrl":"https:\/\/hubsch-interior.com\/wp-content\/uploads\/2022\/12\/Hubsch_logo_black_one_line.svg","caption":"H\u00fcbsch"},"image":{"@id":"https:\/\/hubsch-interior.com\/de\/#\/schema\/logo\/image\/"}}]}},"_links":{"self":[{"href":"https:\/\/hubsch-interior.com\/de\/wp-json\/wp\/v2\/product\/739812","targetHints":{"allow":["GET"]}}],"collection":[{"href":"https:\/\/hubsch-interior.com\/de\/wp-json\/wp\/v2\/product"}],"about":[{"href":"https:\/\/hubsch-interior.com\/de\/wp-json\/wp\/v2\/types\/product"}],"wp:featuredmedia":[{"embeddable":true,"href":"https:\/\/hubsch-interior.com\/de\/wp-json\/wp\/v2\/media\/1094713"}],"wp:attachment":[{"href":"https:\/\/hubsch-interior.com\/de\/wp-json\/wp\/v2\/media?parent=739812"}],"wp:term":[{"taxonomy":"product_brand","embeddable":true,"href":"https:\/\/hubsch-interior.com\/de\/wp-json\/wp\/v2\/product_brand?post=739812"},{"taxonomy":"product_cat","embeddable":true,"href":"https:\/\/hubsch-interior.com\/de\/wp-json\/wp\/v2\/product_cat?post=739812"},{"taxonomy":"product_tag","embeddable":true,"href":"https:\/\/hubsch-interior.com\/de\/wp-json\/wp\/v2\/product_tag?post=739812"}],"curies":[{"name":"wp","href":"https:\/\/api.w.org\/{rel}","templated":true}]}}