{"id":739824,"date":"2022-02-08T14:35:42","date_gmt":"2022-02-08T13:35:42","guid":{"rendered":"https:\/\/hubsch-interior.com\/product\/product\/"},"modified":"2026-04-09T04:21:49","modified_gmt":"2026-04-09T02:21:49","slug":"blush-spiegel-naturfarben","status":"publish","type":"product","link":"https:\/\/hubsch-interior.com\/de\/produkt\/blush-spiegel-naturfarben\/","title":{"rendered":"Blush Spiegel Naturfarben"},"content":{"rendered":"<p>Manchmal braucht eine Wand einen zus\u00e4tzlichen Kick \u2013 wie einen gro\u00dfen, wundersch\u00f6nen Wandspiegel. Nun, hier ist Hilfe in Sicht: Der Blush-Spiegel hat einen sch\u00f6nen Holzrahmen, der zu einem Boh\u00e8me-Interieur passt. Wir sind au\u00dferdem der Meinung, dass die grafischen Qualit\u00e4ten des Spiegels als Blickfang in Ihrem Flur oder \u00fcber dem Kaminsims funktionieren. Ein Spiegel ist immer eine gute L\u00f6sung, wenn das Licht knapp ist oder wenn Sie wenig Platz haben. Der Spiegel reflektiert das Licht und l\u00e4sst den Raum gr\u00f6\u00dfer erscheinen. Was gibt es da nicht zu m\u00f6gen? <\/p>\n","protected":false},"excerpt":{"rendered":"<p>Manchmal braucht eine Wand einen zus\u00e4tzlichen Kick \u2013 wie einen gro\u00dfen, wundersch\u00f6nen Wandspiegel. Nun, hier ist Hilfe in Sicht: Der Blush-Spiegel hat einen sch\u00f6nen Holzrahmen, der zu einem Boh\u00e8me-Interieur passt. Wir sind au\u00dferdem der Meinung, dass die grafischen Qualit\u00e4ten des Spiegels als Blickfang in Ihrem Flur oder \u00fcber dem Kaminsims funktionieren. Ein Spiegel ist immer [&hellip;]<\/p>\n","protected":false},"featured_media":1094725,"template":"","meta":{"_acf_changed":false,"inline_featured_image":false},"product_brand":[],"product_cat":[2925,2926,5027],"product_tag":[],"class_list":{"0":"post-739824","1":"product","2":"type-product","3":"status-publish","4":"has-post-thumbnail","6":"product_cat-spiegel-de","7":"product_cat-wandspiegel-de","8":"product_cat-bestsellers-de","9":"product_shipping_class-pk","11":"pa_color-naturfarben-2","12":"pa_material-bambus-de","13":"pa_material-spiegelglas","15":"first","16":"instock","17":"featured","18":"taxable","19":"shipping-taxable","20":"purchasable","21":"product-type-simple"},"exclude_global_add_ons":[],"addons":[],"acf":[],"yoast_head":"<!-- This site is optimized with the Yoast SEO plugin v26.4 - https:\/\/yoast.com\/wordpress\/plugins\/seo\/ -->\n<title>Blush Spiegel Naturfarben - H\u00fcbsch<\/title>\n<meta name=\"description\" content=\"Manchmal braucht eine Wand einen zus\u00e4tzlichen Kick \u2013 wie einen gro\u00dfen, wundersch\u00f6nen Wandspiegel. Nun, hier ist Hilfe in Sicht: Der Blush-Spiegel hat\" \/>\n<meta name=\"robots\" content=\"index, follow, max-snippet:-1, max-image-preview:large, max-video-preview:-1\" \/>\n<link rel=\"canonical\" href=\"https:\/\/hubsch-interior.com\/de\/wp-json\/wp\/v2\/product\/739824\" \/>\n<meta property=\"og:locale\" content=\"de_DE\" \/>\n<meta property=\"og:type\" content=\"article\" \/>\n<meta property=\"og:title\" content=\"Blush Spiegel Naturfarben - H\u00fcbsch\" \/>\n<meta property=\"og:description\" content=\"Manchmal braucht eine Wand einen zus\u00e4tzlichen Kick \u2013 wie einen gro\u00dfen, wundersch\u00f6nen Wandspiegel. Nun, hier ist Hilfe in Sicht: Der Blush-Spiegel hat\" \/>\n<meta property=\"og:url\" content=\"https:\/\/hubsch-interior.com\/de\/produkt\/blush-spiegel-naturfarben\/\" \/>\n<meta property=\"og:site_name\" content=\"H\u00fcbsch\" \/>\n<meta property=\"article:modified_time\" content=\"2026-04-09T02:21:49+00:00\" \/>\n<meta property=\"og:image\" content=\"https:\/\/hubsch-interior.com\/wp-content\/uploads\/2023\/08\/blush-mirror-natural-8b0c608fe91bedcd88a89ec8d30cac34.jpg\" \/>\n\t<meta property=\"og:image:width\" content=\"1200\" \/>\n\t<meta property=\"og:image:height\" content=\"1200\" \/>\n\t<meta property=\"og:image:type\" content=\"image\/jpeg\" \/>\n<meta name=\"twitter:card\" content=\"summary_large_image\" \/>\n<script type=\"application\/ld+json\" class=\"yoast-schema-graph\">{\"@context\":\"https:\/\/schema.org\",\"@graph\":[{\"@type\":\"WebPage\",\"@id\":\"https:\/\/hubsch-interior.com\/de\/produkt\/blush-spiegel-naturfarben\/\",\"url\":\"https:\/\/hubsch-interior.com\/de\/produkt\/blush-spiegel-naturfarben\/\",\"name\":\"Blush Spiegel Naturfarben - H\u00fcbsch\",\"isPartOf\":{\"@id\":\"https:\/\/hubsch-interior.com\/de\/#website\"},\"primaryImageOfPage\":{\"@id\":\"https:\/\/hubsch-interior.com\/de\/produkt\/blush-spiegel-naturfarben\/#primaryimage\"},\"image\":{\"@id\":\"https:\/\/hubsch-interior.com\/de\/produkt\/blush-spiegel-naturfarben\/#primaryimage\"},\"thumbnailUrl\":\"https:\/\/hubsch-interior.com\/wp-content\/uploads\/2026\/02\/blush-mirror-natural-eb2db8fcbf53bcd995e1030309138248.jpg\",\"datePublished\":\"2022-02-08T13:35:42+00:00\",\"dateModified\":\"2026-04-09T02:21:49+00:00\",\"description\":\"Manchmal braucht eine Wand einen zus\u00e4tzlichen Kick \u2013 wie einen gro\u00dfen, wundersch\u00f6nen Wandspiegel. Nun, hier ist Hilfe in Sicht: Der Blush-Spiegel hat\",\"breadcrumb\":{\"@id\":\"https:\/\/hubsch-interior.com\/de\/produkt\/blush-spiegel-naturfarben\/#breadcrumb\"},\"inLanguage\":\"de\",\"potentialAction\":[{\"@type\":\"ReadAction\",\"target\":[\"https:\/\/hubsch-interior.com\/de\/produkt\/blush-spiegel-naturfarben\/\"]}]},{\"@type\":\"ImageObject\",\"inLanguage\":\"de\",\"@id\":\"https:\/\/hubsch-interior.com\/de\/produkt\/blush-spiegel-naturfarben\/#primaryimage\",\"url\":\"https:\/\/hubsch-interior.com\/wp-content\/uploads\/2026\/02\/blush-mirror-natural-eb2db8fcbf53bcd995e1030309138248.jpg\",\"contentUrl\":\"https:\/\/hubsch-interior.com\/wp-content\/uploads\/2026\/02\/blush-mirror-natural-eb2db8fcbf53bcd995e1030309138248.jpg\",\"width\":1024,\"height\":1024},{\"@type\":\"BreadcrumbList\",\"@id\":\"https:\/\/hubsch-interior.com\/de\/produkt\/blush-spiegel-naturfarben\/#breadcrumb\",\"itemListElement\":[{\"@type\":\"ListItem\",\"position\":1,\"name\":\"Startseite\",\"item\":\"https:\/\/hubsch-interior.com\/de\/\"},{\"@type\":\"ListItem\",\"position\":2,\"name\":\"Produkte\",\"item\":\"https:\/\/hubsch-interior.com\/de\/shop-2\/\"},{\"@type\":\"ListItem\",\"position\":3,\"name\":\"Wohnaccessoires\",\"item\":\"https:\/\/hubsch-interior.com\/de\/produkt-kategorie\/wohnaccessoires\/\"},{\"@type\":\"ListItem\",\"position\":4,\"name\":\"Spiegel\",\"item\":\"https:\/\/hubsch-interior.com\/de\/produkt-kategorie\/wohnaccessoires\/spiegel-de\/\"},{\"@type\":\"ListItem\",\"position\":5,\"name\":\"Wandspiegel\",\"item\":\"https:\/\/hubsch-interior.com\/de\/produkt-kategorie\/wohnaccessoires\/spiegel-de\/wandspiegel-de\/\"},{\"@type\":\"ListItem\",\"position\":6,\"name\":\"Blush Spiegel Naturfarben\"}]},{\"@type\":\"WebSite\",\"@id\":\"https:\/\/hubsch-interior.com\/de\/#website\",\"url\":\"https:\/\/hubsch-interior.com\/de\/\",\"name\":\"H\u00fcbsch\",\"description\":\"Danish Home Interior and Design\",\"publisher\":{\"@id\":\"https:\/\/hubsch-interior.com\/de\/#organization\"},\"potentialAction\":[{\"@type\":\"SearchAction\",\"target\":{\"@type\":\"EntryPoint\",\"urlTemplate\":\"https:\/\/hubsch-interior.com\/de\/?s={search_term_string}\"},\"query-input\":{\"@type\":\"PropertyValueSpecification\",\"valueRequired\":true,\"valueName\":\"search_term_string\"}}],\"inLanguage\":\"de\"},{\"@type\":\"Organization\",\"@id\":\"https:\/\/hubsch-interior.com\/de\/#organization\",\"name\":\"H\u00fcbsch\",\"url\":\"https:\/\/hubsch-interior.com\/de\/\",\"logo\":{\"@type\":\"ImageObject\",\"inLanguage\":\"de\",\"@id\":\"https:\/\/hubsch-interior.com\/de\/#\/schema\/logo\/image\/\",\"url\":\"https:\/\/hubsch-interior.com\/wp-content\/uploads\/2022\/12\/Hubsch_logo_black_one_line.svg\",\"contentUrl\":\"https:\/\/hubsch-interior.com\/wp-content\/uploads\/2022\/12\/Hubsch_logo_black_one_line.svg\",\"caption\":\"H\u00fcbsch\"},\"image\":{\"@id\":\"https:\/\/hubsch-interior.com\/de\/#\/schema\/logo\/image\/\"}}]}<\/script>\n<!-- \/ Yoast SEO plugin. -->","yoast_head_json":{"title":"Blush Spiegel Naturfarben - H\u00fcbsch","description":"Manchmal braucht eine Wand einen zus\u00e4tzlichen Kick \u2013 wie einen gro\u00dfen, wundersch\u00f6nen Wandspiegel. Nun, hier ist Hilfe in Sicht: Der Blush-Spiegel hat","robots":{"index":"index","follow":"follow","max-snippet":"max-snippet:-1","max-image-preview":"max-image-preview:large","max-video-preview":"max-video-preview:-1"},"canonical":"https:\/\/hubsch-interior.com\/de\/wp-json\/wp\/v2\/product\/739824","og_locale":"de_DE","og_type":"article","og_title":"Blush Spiegel Naturfarben - H\u00fcbsch","og_description":"Manchmal braucht eine Wand einen zus\u00e4tzlichen Kick \u2013 wie einen gro\u00dfen, wundersch\u00f6nen Wandspiegel. Nun, hier ist Hilfe in Sicht: Der Blush-Spiegel hat","og_url":"https:\/\/hubsch-interior.com\/de\/produkt\/blush-spiegel-naturfarben\/","og_site_name":"H\u00fcbsch","article_modified_time":"2026-04-09T02:21:49+00:00","og_image":[{"width":1200,"height":1200,"url":"https:\/\/hubsch-interior.com\/wp-content\/uploads\/2023\/08\/blush-mirror-natural-8b0c608fe91bedcd88a89ec8d30cac34.jpg","type":"image\/jpeg"}],"twitter_card":"summary_large_image","schema":{"@context":"https:\/\/schema.org","@graph":[{"@type":"WebPage","@id":"https:\/\/hubsch-interior.com\/de\/produkt\/blush-spiegel-naturfarben\/","url":"https:\/\/hubsch-interior.com\/de\/produkt\/blush-spiegel-naturfarben\/","name":"Blush Spiegel Naturfarben - H\u00fcbsch","isPartOf":{"@id":"https:\/\/hubsch-interior.com\/de\/#website"},"primaryImageOfPage":{"@id":"https:\/\/hubsch-interior.com\/de\/produkt\/blush-spiegel-naturfarben\/#primaryimage"},"image":{"@id":"https:\/\/hubsch-interior.com\/de\/produkt\/blush-spiegel-naturfarben\/#primaryimage"},"thumbnailUrl":"https:\/\/hubsch-interior.com\/wp-content\/uploads\/2026\/02\/blush-mirror-natural-eb2db8fcbf53bcd995e1030309138248.jpg","datePublished":"2022-02-08T13:35:42+00:00","dateModified":"2026-04-09T02:21:49+00:00","description":"Manchmal braucht eine Wand einen zus\u00e4tzlichen Kick \u2013 wie einen gro\u00dfen, wundersch\u00f6nen Wandspiegel. Nun, hier ist Hilfe in Sicht: Der Blush-Spiegel hat","breadcrumb":{"@id":"https:\/\/hubsch-interior.com\/de\/produkt\/blush-spiegel-naturfarben\/#breadcrumb"},"inLanguage":"de","potentialAction":[{"@type":"ReadAction","target":["https:\/\/hubsch-interior.com\/de\/produkt\/blush-spiegel-naturfarben\/"]}]},{"@type":"ImageObject","inLanguage":"de","@id":"https:\/\/hubsch-interior.com\/de\/produkt\/blush-spiegel-naturfarben\/#primaryimage","url":"https:\/\/hubsch-interior.com\/wp-content\/uploads\/2026\/02\/blush-mirror-natural-eb2db8fcbf53bcd995e1030309138248.jpg","contentUrl":"https:\/\/hubsch-interior.com\/wp-content\/uploads\/2026\/02\/blush-mirror-natural-eb2db8fcbf53bcd995e1030309138248.jpg","width":1024,"height":1024},{"@type":"BreadcrumbList","@id":"https:\/\/hubsch-interior.com\/de\/produkt\/blush-spiegel-naturfarben\/#breadcrumb","itemListElement":[{"@type":"ListItem","position":1,"name":"Startseite","item":"https:\/\/hubsch-interior.com\/de\/"},{"@type":"ListItem","position":2,"name":"Produkte","item":"https:\/\/hubsch-interior.com\/de\/shop-2\/"},{"@type":"ListItem","position":3,"name":"Wohnaccessoires","item":"https:\/\/hubsch-interior.com\/de\/produkt-kategorie\/wohnaccessoires\/"},{"@type":"ListItem","position":4,"name":"Spiegel","item":"https:\/\/hubsch-interior.com\/de\/produkt-kategorie\/wohnaccessoires\/spiegel-de\/"},{"@type":"ListItem","position":5,"name":"Wandspiegel","item":"https:\/\/hubsch-interior.com\/de\/produkt-kategorie\/wohnaccessoires\/spiegel-de\/wandspiegel-de\/"},{"@type":"ListItem","position":6,"name":"Blush Spiegel Naturfarben"}]},{"@type":"WebSite","@id":"https:\/\/hubsch-interior.com\/de\/#website","url":"https:\/\/hubsch-interior.com\/de\/","name":"H\u00fcbsch","description":"Danish Home Interior and Design","publisher":{"@id":"https:\/\/hubsch-interior.com\/de\/#organization"},"potentialAction":[{"@type":"SearchAction","target":{"@type":"EntryPoint","urlTemplate":"https:\/\/hubsch-interior.com\/de\/?s={search_term_string}"},"query-input":{"@type":"PropertyValueSpecification","valueRequired":true,"valueName":"search_term_string"}}],"inLanguage":"de"},{"@type":"Organization","@id":"https:\/\/hubsch-interior.com\/de\/#organization","name":"H\u00fcbsch","url":"https:\/\/hubsch-interior.com\/de\/","logo":{"@type":"ImageObject","inLanguage":"de","@id":"https:\/\/hubsch-interior.com\/de\/#\/schema\/logo\/image\/","url":"https:\/\/hubsch-interior.com\/wp-content\/uploads\/2022\/12\/Hubsch_logo_black_one_line.svg","contentUrl":"https:\/\/hubsch-interior.com\/wp-content\/uploads\/2022\/12\/Hubsch_logo_black_one_line.svg","caption":"H\u00fcbsch"},"image":{"@id":"https:\/\/hubsch-interior.com\/de\/#\/schema\/logo\/image\/"}}]}},"_links":{"self":[{"href":"https:\/\/hubsch-interior.com\/de\/wp-json\/wp\/v2\/product\/739824","targetHints":{"allow":["GET"]}}],"collection":[{"href":"https:\/\/hubsch-interior.com\/de\/wp-json\/wp\/v2\/product"}],"about":[{"href":"https:\/\/hubsch-interior.com\/de\/wp-json\/wp\/v2\/types\/product"}],"wp:featuredmedia":[{"embeddable":true,"href":"https:\/\/hubsch-interior.com\/de\/wp-json\/wp\/v2\/media\/1094725"}],"wp:attachment":[{"href":"https:\/\/hubsch-interior.com\/de\/wp-json\/wp\/v2\/media?parent=739824"}],"wp:term":[{"taxonomy":"product_brand","embeddable":true,"href":"https:\/\/hubsch-interior.com\/de\/wp-json\/wp\/v2\/product_brand?post=739824"},{"taxonomy":"product_cat","embeddable":true,"href":"https:\/\/hubsch-interior.com\/de\/wp-json\/wp\/v2\/product_cat?post=739824"},{"taxonomy":"product_tag","embeddable":true,"href":"https:\/\/hubsch-interior.com\/de\/wp-json\/wp\/v2\/product_tag?post=739824"}],"curies":[{"name":"wp","href":"https:\/\/api.w.org\/{rel}","templated":true}]}}