{"id":739832,"date":"2022-02-08T14:35:47","date_gmt":"2022-02-08T13:35:47","guid":{"rendered":"https:\/\/hubsch-interior.com\/product\/product\/"},"modified":"2026-04-09T04:21:54","modified_gmt":"2026-04-09T02:21:54","slug":"hexa-laternen-schwarz-2er-set","status":"publish","type":"product","link":"https:\/\/hubsch-interior.com\/de\/produkt\/hexa-laternen-schwarz-2er-set\/","title":{"rendered":"Hexa Laternen Schwarz (2er Set)"},"content":{"rendered":"<p>Wundersch\u00f6ne Laternen. Wer mag ein wundersch\u00f6nes Windlicht nicht? Sie bringen so viel Freude und Licht in einen Raum und verstehen es, die richtige Atmosph\u00e4re zu schaffen. Die Hexa-Laternen aus schwarzem Bambus eignen sich perfekt als Innenbeleuchtung, wenn die Tage dunkler werden und es drau\u00dfen d\u00fcster aussieht. Z\u00fcnden Sie ein paar Kerzen an und g\u00f6nnen Sie sich einen fesselnden Film oder ein Buch. Die Laternen lassen sich perfekt als Paar oder einzeln in Szene setzen.<\/p>\n","protected":false},"excerpt":{"rendered":"<p>Wundersch\u00f6ne Laternen. Wer mag ein wundersch\u00f6nes Windlicht nicht? Sie bringen so viel Freude und Licht in einen Raum und verstehen es, die richtige Atmosph\u00e4re zu schaffen. Die Hexa-Laternen aus schwarzem Bambus eignen sich perfekt als Innenbeleuchtung, wenn die Tage dunkler werden und es drau\u00dfen d\u00fcster aussieht. Z\u00fcnden Sie ein paar Kerzen an und g\u00f6nnen Sie [&hellip;]<\/p>\n","protected":false},"featured_media":1094741,"template":"","meta":{"_acf_changed":false,"inline_featured_image":false},"product_brand":[],"product_cat":[6349,4067,4080],"product_tag":[],"class_list":{"0":"post-739832","1":"product","2":"type-product","3":"status-publish","4":"has-post-thumbnail","6":"product_cat-garden-selection-de","7":"product_cat-kerzenstaender-laternen-de","8":"product_cat-laternen-de","9":"product_shipping_class-pk","11":"pa_color-schwarz","12":"pa_material-bambus-de","13":"pa_material-glas-de","15":"first","16":"instock","17":"taxable","18":"shipping-taxable","19":"purchasable","20":"product-type-simple"},"exclude_global_add_ons":[],"addons":[],"acf":[],"yoast_head":"<!-- This site is optimized with the Yoast SEO plugin v26.4 - https:\/\/yoast.com\/wordpress\/plugins\/seo\/ -->\n<title>Hexa Laternen Schwarz (2er Set) - H\u00fcbsch<\/title>\n<meta name=\"description\" content=\"Wundersch\u00f6ne Laternen. Wer mag ein wundersch\u00f6nes Windlicht nicht? Sie bringen so viel Freude und Licht in einen Raum und verstehen es, die richtige\" \/>\n<meta name=\"robots\" content=\"index, follow, max-snippet:-1, max-image-preview:large, max-video-preview:-1\" \/>\n<link rel=\"canonical\" href=\"https:\/\/hubsch-interior.com\/de\/wp-json\/wp\/v2\/product\/739832\" \/>\n<meta property=\"og:locale\" content=\"de_DE\" \/>\n<meta property=\"og:type\" content=\"article\" \/>\n<meta property=\"og:title\" content=\"Hexa Laternen Schwarz (2er Set) - H\u00fcbsch\" \/>\n<meta property=\"og:description\" content=\"Wundersch\u00f6ne Laternen. Wer mag ein wundersch\u00f6nes Windlicht nicht? Sie bringen so viel Freude und Licht in einen Raum und verstehen es, die richtige\" \/>\n<meta property=\"og:url\" content=\"https:\/\/hubsch-interior.com\/de\/produkt\/hexa-laternen-schwarz-2er-set\/\" \/>\n<meta property=\"og:site_name\" content=\"H\u00fcbsch\" \/>\n<meta property=\"article:modified_time\" content=\"2026-04-09T02:21:54+00:00\" \/>\n<meta property=\"og:image\" content=\"https:\/\/hubsch-interior.com\/wp-content\/uploads\/2023\/08\/hexa-lanterns-black-set-of-2-984b26fb6c854d837b28eff2dfeafa6d.jpg\" \/>\n\t<meta property=\"og:image:width\" content=\"1200\" \/>\n\t<meta property=\"og:image:height\" content=\"1200\" \/>\n\t<meta property=\"og:image:type\" content=\"image\/jpeg\" \/>\n<meta name=\"twitter:card\" content=\"summary_large_image\" \/>\n<script type=\"application\/ld+json\" class=\"yoast-schema-graph\">{\"@context\":\"https:\/\/schema.org\",\"@graph\":[{\"@type\":\"WebPage\",\"@id\":\"https:\/\/hubsch-interior.com\/de\/produkt\/hexa-laternen-schwarz-2er-set\/\",\"url\":\"https:\/\/hubsch-interior.com\/de\/produkt\/hexa-laternen-schwarz-2er-set\/\",\"name\":\"Hexa Laternen Schwarz (2er Set) - H\u00fcbsch\",\"isPartOf\":{\"@id\":\"https:\/\/hubsch-interior.com\/de\/#website\"},\"primaryImageOfPage\":{\"@id\":\"https:\/\/hubsch-interior.com\/de\/produkt\/hexa-laternen-schwarz-2er-set\/#primaryimage\"},\"image\":{\"@id\":\"https:\/\/hubsch-interior.com\/de\/produkt\/hexa-laternen-schwarz-2er-set\/#primaryimage\"},\"thumbnailUrl\":\"https:\/\/hubsch-interior.com\/wp-content\/uploads\/2026\/02\/hexa-lanterns-black-set-of-2-a996be08566c5a66fa4c0813bf640b44.jpg\",\"datePublished\":\"2022-02-08T13:35:47+00:00\",\"dateModified\":\"2026-04-09T02:21:54+00:00\",\"description\":\"Wundersch\u00f6ne Laternen. Wer mag ein wundersch\u00f6nes Windlicht nicht? Sie bringen so viel Freude und Licht in einen Raum und verstehen es, die richtige\",\"breadcrumb\":{\"@id\":\"https:\/\/hubsch-interior.com\/de\/produkt\/hexa-laternen-schwarz-2er-set\/#breadcrumb\"},\"inLanguage\":\"de\",\"potentialAction\":[{\"@type\":\"ReadAction\",\"target\":[\"https:\/\/hubsch-interior.com\/de\/produkt\/hexa-laternen-schwarz-2er-set\/\"]}]},{\"@type\":\"ImageObject\",\"inLanguage\":\"de\",\"@id\":\"https:\/\/hubsch-interior.com\/de\/produkt\/hexa-laternen-schwarz-2er-set\/#primaryimage\",\"url\":\"https:\/\/hubsch-interior.com\/wp-content\/uploads\/2026\/02\/hexa-lanterns-black-set-of-2-a996be08566c5a66fa4c0813bf640b44.jpg\",\"contentUrl\":\"https:\/\/hubsch-interior.com\/wp-content\/uploads\/2026\/02\/hexa-lanterns-black-set-of-2-a996be08566c5a66fa4c0813bf640b44.jpg\",\"width\":1024,\"height\":1024},{\"@type\":\"BreadcrumbList\",\"@id\":\"https:\/\/hubsch-interior.com\/de\/produkt\/hexa-laternen-schwarz-2er-set\/#breadcrumb\",\"itemListElement\":[{\"@type\":\"ListItem\",\"position\":1,\"name\":\"Startseite\",\"item\":\"https:\/\/hubsch-interior.com\/de\/\"},{\"@type\":\"ListItem\",\"position\":2,\"name\":\"Produkte\",\"item\":\"https:\/\/hubsch-interior.com\/de\/shop-2\/\"},{\"@type\":\"ListItem\",\"position\":3,\"name\":\"Wohnaccessoires\",\"item\":\"https:\/\/hubsch-interior.com\/de\/produkt-kategorie\/wohnaccessoires\/\"},{\"@type\":\"ListItem\",\"position\":4,\"name\":\"Kerzenst&auml;nder &amp; Laternen\",\"item\":\"https:\/\/hubsch-interior.com\/de\/produkt-kategorie\/wohnaccessoires\/kerzenstaender-laternen-de\/\"},{\"@type\":\"ListItem\",\"position\":5,\"name\":\"Laternen\",\"item\":\"https:\/\/hubsch-interior.com\/de\/produkt-kategorie\/wohnaccessoires\/kerzenstaender-laternen-de\/laternen-de\/\"},{\"@type\":\"ListItem\",\"position\":6,\"name\":\"Hexa Laternen Schwarz (2er Set)\"}]},{\"@type\":\"WebSite\",\"@id\":\"https:\/\/hubsch-interior.com\/de\/#website\",\"url\":\"https:\/\/hubsch-interior.com\/de\/\",\"name\":\"H\u00fcbsch\",\"description\":\"Danish Home Interior and Design\",\"publisher\":{\"@id\":\"https:\/\/hubsch-interior.com\/de\/#organization\"},\"potentialAction\":[{\"@type\":\"SearchAction\",\"target\":{\"@type\":\"EntryPoint\",\"urlTemplate\":\"https:\/\/hubsch-interior.com\/de\/?s={search_term_string}\"},\"query-input\":{\"@type\":\"PropertyValueSpecification\",\"valueRequired\":true,\"valueName\":\"search_term_string\"}}],\"inLanguage\":\"de\"},{\"@type\":\"Organization\",\"@id\":\"https:\/\/hubsch-interior.com\/de\/#organization\",\"name\":\"H\u00fcbsch\",\"url\":\"https:\/\/hubsch-interior.com\/de\/\",\"logo\":{\"@type\":\"ImageObject\",\"inLanguage\":\"de\",\"@id\":\"https:\/\/hubsch-interior.com\/de\/#\/schema\/logo\/image\/\",\"url\":\"https:\/\/hubsch-interior.com\/wp-content\/uploads\/2022\/12\/Hubsch_logo_black_one_line.svg\",\"contentUrl\":\"https:\/\/hubsch-interior.com\/wp-content\/uploads\/2022\/12\/Hubsch_logo_black_one_line.svg\",\"caption\":\"H\u00fcbsch\"},\"image\":{\"@id\":\"https:\/\/hubsch-interior.com\/de\/#\/schema\/logo\/image\/\"}}]}<\/script>\n<!-- \/ Yoast SEO plugin. -->","yoast_head_json":{"title":"Hexa Laternen Schwarz (2er Set) - H\u00fcbsch","description":"Wundersch\u00f6ne Laternen. Wer mag ein wundersch\u00f6nes Windlicht nicht? Sie bringen so viel Freude und Licht in einen Raum und verstehen es, die richtige","robots":{"index":"index","follow":"follow","max-snippet":"max-snippet:-1","max-image-preview":"max-image-preview:large","max-video-preview":"max-video-preview:-1"},"canonical":"https:\/\/hubsch-interior.com\/de\/wp-json\/wp\/v2\/product\/739832","og_locale":"de_DE","og_type":"article","og_title":"Hexa Laternen Schwarz (2er Set) - H\u00fcbsch","og_description":"Wundersch\u00f6ne Laternen. Wer mag ein wundersch\u00f6nes Windlicht nicht? Sie bringen so viel Freude und Licht in einen Raum und verstehen es, die richtige","og_url":"https:\/\/hubsch-interior.com\/de\/produkt\/hexa-laternen-schwarz-2er-set\/","og_site_name":"H\u00fcbsch","article_modified_time":"2026-04-09T02:21:54+00:00","og_image":[{"width":1200,"height":1200,"url":"https:\/\/hubsch-interior.com\/wp-content\/uploads\/2023\/08\/hexa-lanterns-black-set-of-2-984b26fb6c854d837b28eff2dfeafa6d.jpg","type":"image\/jpeg"}],"twitter_card":"summary_large_image","schema":{"@context":"https:\/\/schema.org","@graph":[{"@type":"WebPage","@id":"https:\/\/hubsch-interior.com\/de\/produkt\/hexa-laternen-schwarz-2er-set\/","url":"https:\/\/hubsch-interior.com\/de\/produkt\/hexa-laternen-schwarz-2er-set\/","name":"Hexa Laternen Schwarz (2er Set) - H\u00fcbsch","isPartOf":{"@id":"https:\/\/hubsch-interior.com\/de\/#website"},"primaryImageOfPage":{"@id":"https:\/\/hubsch-interior.com\/de\/produkt\/hexa-laternen-schwarz-2er-set\/#primaryimage"},"image":{"@id":"https:\/\/hubsch-interior.com\/de\/produkt\/hexa-laternen-schwarz-2er-set\/#primaryimage"},"thumbnailUrl":"https:\/\/hubsch-interior.com\/wp-content\/uploads\/2026\/02\/hexa-lanterns-black-set-of-2-a996be08566c5a66fa4c0813bf640b44.jpg","datePublished":"2022-02-08T13:35:47+00:00","dateModified":"2026-04-09T02:21:54+00:00","description":"Wundersch\u00f6ne Laternen. Wer mag ein wundersch\u00f6nes Windlicht nicht? Sie bringen so viel Freude und Licht in einen Raum und verstehen es, die richtige","breadcrumb":{"@id":"https:\/\/hubsch-interior.com\/de\/produkt\/hexa-laternen-schwarz-2er-set\/#breadcrumb"},"inLanguage":"de","potentialAction":[{"@type":"ReadAction","target":["https:\/\/hubsch-interior.com\/de\/produkt\/hexa-laternen-schwarz-2er-set\/"]}]},{"@type":"ImageObject","inLanguage":"de","@id":"https:\/\/hubsch-interior.com\/de\/produkt\/hexa-laternen-schwarz-2er-set\/#primaryimage","url":"https:\/\/hubsch-interior.com\/wp-content\/uploads\/2026\/02\/hexa-lanterns-black-set-of-2-a996be08566c5a66fa4c0813bf640b44.jpg","contentUrl":"https:\/\/hubsch-interior.com\/wp-content\/uploads\/2026\/02\/hexa-lanterns-black-set-of-2-a996be08566c5a66fa4c0813bf640b44.jpg","width":1024,"height":1024},{"@type":"BreadcrumbList","@id":"https:\/\/hubsch-interior.com\/de\/produkt\/hexa-laternen-schwarz-2er-set\/#breadcrumb","itemListElement":[{"@type":"ListItem","position":1,"name":"Startseite","item":"https:\/\/hubsch-interior.com\/de\/"},{"@type":"ListItem","position":2,"name":"Produkte","item":"https:\/\/hubsch-interior.com\/de\/shop-2\/"},{"@type":"ListItem","position":3,"name":"Wohnaccessoires","item":"https:\/\/hubsch-interior.com\/de\/produkt-kategorie\/wohnaccessoires\/"},{"@type":"ListItem","position":4,"name":"Kerzenst&auml;nder &amp; Laternen","item":"https:\/\/hubsch-interior.com\/de\/produkt-kategorie\/wohnaccessoires\/kerzenstaender-laternen-de\/"},{"@type":"ListItem","position":5,"name":"Laternen","item":"https:\/\/hubsch-interior.com\/de\/produkt-kategorie\/wohnaccessoires\/kerzenstaender-laternen-de\/laternen-de\/"},{"@type":"ListItem","position":6,"name":"Hexa Laternen Schwarz (2er Set)"}]},{"@type":"WebSite","@id":"https:\/\/hubsch-interior.com\/de\/#website","url":"https:\/\/hubsch-interior.com\/de\/","name":"H\u00fcbsch","description":"Danish Home Interior and Design","publisher":{"@id":"https:\/\/hubsch-interior.com\/de\/#organization"},"potentialAction":[{"@type":"SearchAction","target":{"@type":"EntryPoint","urlTemplate":"https:\/\/hubsch-interior.com\/de\/?s={search_term_string}"},"query-input":{"@type":"PropertyValueSpecification","valueRequired":true,"valueName":"search_term_string"}}],"inLanguage":"de"},{"@type":"Organization","@id":"https:\/\/hubsch-interior.com\/de\/#organization","name":"H\u00fcbsch","url":"https:\/\/hubsch-interior.com\/de\/","logo":{"@type":"ImageObject","inLanguage":"de","@id":"https:\/\/hubsch-interior.com\/de\/#\/schema\/logo\/image\/","url":"https:\/\/hubsch-interior.com\/wp-content\/uploads\/2022\/12\/Hubsch_logo_black_one_line.svg","contentUrl":"https:\/\/hubsch-interior.com\/wp-content\/uploads\/2022\/12\/Hubsch_logo_black_one_line.svg","caption":"H\u00fcbsch"},"image":{"@id":"https:\/\/hubsch-interior.com\/de\/#\/schema\/logo\/image\/"}}]}},"_links":{"self":[{"href":"https:\/\/hubsch-interior.com\/de\/wp-json\/wp\/v2\/product\/739832","targetHints":{"allow":["GET"]}}],"collection":[{"href":"https:\/\/hubsch-interior.com\/de\/wp-json\/wp\/v2\/product"}],"about":[{"href":"https:\/\/hubsch-interior.com\/de\/wp-json\/wp\/v2\/types\/product"}],"wp:featuredmedia":[{"embeddable":true,"href":"https:\/\/hubsch-interior.com\/de\/wp-json\/wp\/v2\/media\/1094741"}],"wp:attachment":[{"href":"https:\/\/hubsch-interior.com\/de\/wp-json\/wp\/v2\/media?parent=739832"}],"wp:term":[{"taxonomy":"product_brand","embeddable":true,"href":"https:\/\/hubsch-interior.com\/de\/wp-json\/wp\/v2\/product_brand?post=739832"},{"taxonomy":"product_cat","embeddable":true,"href":"https:\/\/hubsch-interior.com\/de\/wp-json\/wp\/v2\/product_cat?post=739832"},{"taxonomy":"product_tag","embeddable":true,"href":"https:\/\/hubsch-interior.com\/de\/wp-json\/wp\/v2\/product_tag?post=739832"}],"curies":[{"name":"wp","href":"https:\/\/api.w.org\/{rel}","templated":true}]}}