{"id":739992,"date":"2022-02-08T14:48:44","date_gmt":"2022-02-08T13:48:44","guid":{"rendered":"https:\/\/hubsch-interior.com\/product\/product\/"},"modified":"2026-04-09T04:36:00","modified_gmt":"2026-04-09T02:36:00","slug":"mist-korbe-braun-blau-2er-set","status":"publish","type":"product","link":"https:\/\/hubsch-interior.com\/de\/produkt\/mist-korbe-braun-blau-2er-set\/","title":{"rendered":"Mist K\u00f6rbe Braun\/Blau (2er Set)"},"content":{"rendered":"<p>Diese gro\u00dfen handgefertigten K\u00f6rbe sind einfach umwerfend. Wir liebe exquisite Details \u2013 und die Mist-K\u00f6rbe haben ziemlich viele davon. Aus der Ferne sehen sie lila aus, aber wenn man genauer hinsieht, erkennt man die verschlungenen braunen und hellblauen Details des Papierseilgeflechts, die sich entfalten. Und das lieben wir. Die K\u00f6rbe sind perfekt f\u00fcr W\u00e4sche, \u00dcberw\u00fcrfe oder zus\u00e4tzliche Bettw\u00e4sche. Was kann man daran nicht m\u00f6gen? <\/p>\n","protected":false},"excerpt":{"rendered":"<p>Diese gro\u00dfen handgefertigten K\u00f6rbe sind einfach umwerfend. Wir liebe exquisite Details \u2013 und die Mist-K\u00f6rbe haben ziemlich viele davon. Aus der Ferne sehen sie lila aus, aber wenn man genauer hinsieht, erkennt man die verschlungenen braunen und hellblauen Details des Papierseilgeflechts, die sich entfalten. Und das lieben wir. Die K\u00f6rbe sind perfekt f\u00fcr W\u00e4sche, \u00dcberw\u00fcrfe [&hellip;]<\/p>\n","protected":false},"featured_media":1098387,"template":"","meta":{"_acf_changed":false,"inline_featured_image":false},"product_brand":[],"product_cat":[3111,4076],"product_tag":[],"class_list":{"0":"post-739992","1":"product","2":"type-product","3":"status-publish","4":"has-post-thumbnail","6":"product_cat-aufbewahrung-de","7":"product_cat-koerbe-de","8":"product_shipping_class-pk","10":"pa_color-blau-2","11":"pa_color-braun","12":"pa_material-papier-de","14":"first","15":"instock","16":"taxable","17":"shipping-taxable","18":"purchasable","19":"product-type-simple"},"exclude_global_add_ons":[],"addons":[],"acf":[],"yoast_head":"<!-- This site is optimized with the Yoast SEO plugin v26.4 - https:\/\/yoast.com\/wordpress\/plugins\/seo\/ -->\n<title>Mist K\u00f6rbe Braun\/Blau (2er Set) - H\u00fcbsch<\/title>\n<meta name=\"description\" content=\"Diese gro\u00dfen handgefertigten K\u00f6rbe sind einfach umwerfend. Wir liebe exquisite Details \u2013 und die Mist-K\u00f6rbe haben ziemlich viele davon. Aus der Ferne\" \/>\n<meta name=\"robots\" content=\"index, follow, max-snippet:-1, max-image-preview:large, max-video-preview:-1\" \/>\n<link rel=\"canonical\" href=\"https:\/\/hubsch-interior.com\/de\/wp-json\/wp\/v2\/product\/739992\" \/>\n<meta property=\"og:locale\" content=\"de_DE\" \/>\n<meta property=\"og:type\" content=\"article\" \/>\n<meta property=\"og:title\" content=\"Mist K\u00f6rbe Braun\/Blau (2er Set) - H\u00fcbsch\" \/>\n<meta property=\"og:description\" content=\"Diese gro\u00dfen handgefertigten K\u00f6rbe sind einfach umwerfend. Wir liebe exquisite Details \u2013 und die Mist-K\u00f6rbe haben ziemlich viele davon. Aus der Ferne\" \/>\n<meta property=\"og:url\" content=\"https:\/\/hubsch-interior.com\/de\/produkt\/mist-korbe-braun-blau-2er-set\/\" \/>\n<meta property=\"og:site_name\" content=\"H\u00fcbsch\" \/>\n<meta property=\"article:modified_time\" content=\"2026-04-09T02:36:00+00:00\" \/>\n<meta property=\"og:image\" content=\"https:\/\/hubsch-interior.com\/wp-content\/uploads\/2025\/04\/mist-baskets-brownblue-set-of-2-9532c9ef08a9c7656961a6544cf93695.jpg\" \/>\n\t<meta property=\"og:image:width\" content=\"1200\" \/>\n\t<meta property=\"og:image:height\" content=\"1200\" \/>\n\t<meta property=\"og:image:type\" content=\"image\/jpeg\" \/>\n<meta name=\"twitter:card\" content=\"summary_large_image\" \/>\n<script type=\"application\/ld+json\" class=\"yoast-schema-graph\">{\"@context\":\"https:\/\/schema.org\",\"@graph\":[{\"@type\":\"WebPage\",\"@id\":\"https:\/\/hubsch-interior.com\/de\/produkt\/mist-korbe-braun-blau-2er-set\/\",\"url\":\"https:\/\/hubsch-interior.com\/de\/produkt\/mist-korbe-braun-blau-2er-set\/\",\"name\":\"Mist K\u00f6rbe Braun\/Blau (2er Set) - H\u00fcbsch\",\"isPartOf\":{\"@id\":\"https:\/\/hubsch-interior.com\/de\/#website\"},\"primaryImageOfPage\":{\"@id\":\"https:\/\/hubsch-interior.com\/de\/produkt\/mist-korbe-braun-blau-2er-set\/#primaryimage\"},\"image\":{\"@id\":\"https:\/\/hubsch-interior.com\/de\/produkt\/mist-korbe-braun-blau-2er-set\/#primaryimage\"},\"thumbnailUrl\":\"https:\/\/hubsch-interior.com\/wp-content\/uploads\/2026\/02\/mist-baskets-brownblue-set-of-2-c42176e4be02006907a8d38bfb05a007.jpg\",\"datePublished\":\"2022-02-08T13:48:44+00:00\",\"dateModified\":\"2026-04-09T02:36:00+00:00\",\"description\":\"Diese gro\u00dfen handgefertigten K\u00f6rbe sind einfach umwerfend. Wir liebe exquisite Details \u2013 und die Mist-K\u00f6rbe haben ziemlich viele davon. Aus der Ferne\",\"breadcrumb\":{\"@id\":\"https:\/\/hubsch-interior.com\/de\/produkt\/mist-korbe-braun-blau-2er-set\/#breadcrumb\"},\"inLanguage\":\"de\",\"potentialAction\":[{\"@type\":\"ReadAction\",\"target\":[\"https:\/\/hubsch-interior.com\/de\/produkt\/mist-korbe-braun-blau-2er-set\/\"]}]},{\"@type\":\"ImageObject\",\"inLanguage\":\"de\",\"@id\":\"https:\/\/hubsch-interior.com\/de\/produkt\/mist-korbe-braun-blau-2er-set\/#primaryimage\",\"url\":\"https:\/\/hubsch-interior.com\/wp-content\/uploads\/2026\/02\/mist-baskets-brownblue-set-of-2-c42176e4be02006907a8d38bfb05a007.jpg\",\"contentUrl\":\"https:\/\/hubsch-interior.com\/wp-content\/uploads\/2026\/02\/mist-baskets-brownblue-set-of-2-c42176e4be02006907a8d38bfb05a007.jpg\",\"width\":1024,\"height\":1024},{\"@type\":\"BreadcrumbList\",\"@id\":\"https:\/\/hubsch-interior.com\/de\/produkt\/mist-korbe-braun-blau-2er-set\/#breadcrumb\",\"itemListElement\":[{\"@type\":\"ListItem\",\"position\":1,\"name\":\"Startseite\",\"item\":\"https:\/\/hubsch-interior.com\/de\/\"},{\"@type\":\"ListItem\",\"position\":2,\"name\":\"Produkte\",\"item\":\"https:\/\/hubsch-interior.com\/de\/shop-2\/\"},{\"@type\":\"ListItem\",\"position\":3,\"name\":\"Wohnaccessoires\",\"item\":\"https:\/\/hubsch-interior.com\/de\/produkt-kategorie\/wohnaccessoires\/\"},{\"@type\":\"ListItem\",\"position\":4,\"name\":\"Aufbewahrung\",\"item\":\"https:\/\/hubsch-interior.com\/de\/produkt-kategorie\/wohnaccessoires\/aufbewahrung-de\/\"},{\"@type\":\"ListItem\",\"position\":5,\"name\":\"K&ouml;rbe\",\"item\":\"https:\/\/hubsch-interior.com\/de\/produkt-kategorie\/wohnaccessoires\/aufbewahrung-de\/koerbe-de\/\"},{\"@type\":\"ListItem\",\"position\":6,\"name\":\"Mist K\u00f6rbe Braun\/Blau (2er Set)\"}]},{\"@type\":\"WebSite\",\"@id\":\"https:\/\/hubsch-interior.com\/de\/#website\",\"url\":\"https:\/\/hubsch-interior.com\/de\/\",\"name\":\"H\u00fcbsch\",\"description\":\"Danish Home Interior and Design\",\"publisher\":{\"@id\":\"https:\/\/hubsch-interior.com\/de\/#organization\"},\"potentialAction\":[{\"@type\":\"SearchAction\",\"target\":{\"@type\":\"EntryPoint\",\"urlTemplate\":\"https:\/\/hubsch-interior.com\/de\/?s={search_term_string}\"},\"query-input\":{\"@type\":\"PropertyValueSpecification\",\"valueRequired\":true,\"valueName\":\"search_term_string\"}}],\"inLanguage\":\"de\"},{\"@type\":\"Organization\",\"@id\":\"https:\/\/hubsch-interior.com\/de\/#organization\",\"name\":\"H\u00fcbsch\",\"url\":\"https:\/\/hubsch-interior.com\/de\/\",\"logo\":{\"@type\":\"ImageObject\",\"inLanguage\":\"de\",\"@id\":\"https:\/\/hubsch-interior.com\/de\/#\/schema\/logo\/image\/\",\"url\":\"https:\/\/hubsch-interior.com\/wp-content\/uploads\/2022\/12\/Hubsch_logo_black_one_line.svg\",\"contentUrl\":\"https:\/\/hubsch-interior.com\/wp-content\/uploads\/2022\/12\/Hubsch_logo_black_one_line.svg\",\"caption\":\"H\u00fcbsch\"},\"image\":{\"@id\":\"https:\/\/hubsch-interior.com\/de\/#\/schema\/logo\/image\/\"}}]}<\/script>\n<!-- \/ Yoast SEO plugin. -->","yoast_head_json":{"title":"Mist K\u00f6rbe Braun\/Blau (2er Set) - H\u00fcbsch","description":"Diese gro\u00dfen handgefertigten K\u00f6rbe sind einfach umwerfend. Wir liebe exquisite Details \u2013 und die Mist-K\u00f6rbe haben ziemlich viele davon. Aus der Ferne","robots":{"index":"index","follow":"follow","max-snippet":"max-snippet:-1","max-image-preview":"max-image-preview:large","max-video-preview":"max-video-preview:-1"},"canonical":"https:\/\/hubsch-interior.com\/de\/wp-json\/wp\/v2\/product\/739992","og_locale":"de_DE","og_type":"article","og_title":"Mist K\u00f6rbe Braun\/Blau (2er Set) - H\u00fcbsch","og_description":"Diese gro\u00dfen handgefertigten K\u00f6rbe sind einfach umwerfend. Wir liebe exquisite Details \u2013 und die Mist-K\u00f6rbe haben ziemlich viele davon. Aus der Ferne","og_url":"https:\/\/hubsch-interior.com\/de\/produkt\/mist-korbe-braun-blau-2er-set\/","og_site_name":"H\u00fcbsch","article_modified_time":"2026-04-09T02:36:00+00:00","og_image":[{"width":1200,"height":1200,"url":"https:\/\/hubsch-interior.com\/wp-content\/uploads\/2025\/04\/mist-baskets-brownblue-set-of-2-9532c9ef08a9c7656961a6544cf93695.jpg","type":"image\/jpeg"}],"twitter_card":"summary_large_image","schema":{"@context":"https:\/\/schema.org","@graph":[{"@type":"WebPage","@id":"https:\/\/hubsch-interior.com\/de\/produkt\/mist-korbe-braun-blau-2er-set\/","url":"https:\/\/hubsch-interior.com\/de\/produkt\/mist-korbe-braun-blau-2er-set\/","name":"Mist K\u00f6rbe Braun\/Blau (2er Set) - H\u00fcbsch","isPartOf":{"@id":"https:\/\/hubsch-interior.com\/de\/#website"},"primaryImageOfPage":{"@id":"https:\/\/hubsch-interior.com\/de\/produkt\/mist-korbe-braun-blau-2er-set\/#primaryimage"},"image":{"@id":"https:\/\/hubsch-interior.com\/de\/produkt\/mist-korbe-braun-blau-2er-set\/#primaryimage"},"thumbnailUrl":"https:\/\/hubsch-interior.com\/wp-content\/uploads\/2026\/02\/mist-baskets-brownblue-set-of-2-c42176e4be02006907a8d38bfb05a007.jpg","datePublished":"2022-02-08T13:48:44+00:00","dateModified":"2026-04-09T02:36:00+00:00","description":"Diese gro\u00dfen handgefertigten K\u00f6rbe sind einfach umwerfend. Wir liebe exquisite Details \u2013 und die Mist-K\u00f6rbe haben ziemlich viele davon. Aus der Ferne","breadcrumb":{"@id":"https:\/\/hubsch-interior.com\/de\/produkt\/mist-korbe-braun-blau-2er-set\/#breadcrumb"},"inLanguage":"de","potentialAction":[{"@type":"ReadAction","target":["https:\/\/hubsch-interior.com\/de\/produkt\/mist-korbe-braun-blau-2er-set\/"]}]},{"@type":"ImageObject","inLanguage":"de","@id":"https:\/\/hubsch-interior.com\/de\/produkt\/mist-korbe-braun-blau-2er-set\/#primaryimage","url":"https:\/\/hubsch-interior.com\/wp-content\/uploads\/2026\/02\/mist-baskets-brownblue-set-of-2-c42176e4be02006907a8d38bfb05a007.jpg","contentUrl":"https:\/\/hubsch-interior.com\/wp-content\/uploads\/2026\/02\/mist-baskets-brownblue-set-of-2-c42176e4be02006907a8d38bfb05a007.jpg","width":1024,"height":1024},{"@type":"BreadcrumbList","@id":"https:\/\/hubsch-interior.com\/de\/produkt\/mist-korbe-braun-blau-2er-set\/#breadcrumb","itemListElement":[{"@type":"ListItem","position":1,"name":"Startseite","item":"https:\/\/hubsch-interior.com\/de\/"},{"@type":"ListItem","position":2,"name":"Produkte","item":"https:\/\/hubsch-interior.com\/de\/shop-2\/"},{"@type":"ListItem","position":3,"name":"Wohnaccessoires","item":"https:\/\/hubsch-interior.com\/de\/produkt-kategorie\/wohnaccessoires\/"},{"@type":"ListItem","position":4,"name":"Aufbewahrung","item":"https:\/\/hubsch-interior.com\/de\/produkt-kategorie\/wohnaccessoires\/aufbewahrung-de\/"},{"@type":"ListItem","position":5,"name":"K&ouml;rbe","item":"https:\/\/hubsch-interior.com\/de\/produkt-kategorie\/wohnaccessoires\/aufbewahrung-de\/koerbe-de\/"},{"@type":"ListItem","position":6,"name":"Mist K\u00f6rbe Braun\/Blau (2er Set)"}]},{"@type":"WebSite","@id":"https:\/\/hubsch-interior.com\/de\/#website","url":"https:\/\/hubsch-interior.com\/de\/","name":"H\u00fcbsch","description":"Danish Home Interior and Design","publisher":{"@id":"https:\/\/hubsch-interior.com\/de\/#organization"},"potentialAction":[{"@type":"SearchAction","target":{"@type":"EntryPoint","urlTemplate":"https:\/\/hubsch-interior.com\/de\/?s={search_term_string}"},"query-input":{"@type":"PropertyValueSpecification","valueRequired":true,"valueName":"search_term_string"}}],"inLanguage":"de"},{"@type":"Organization","@id":"https:\/\/hubsch-interior.com\/de\/#organization","name":"H\u00fcbsch","url":"https:\/\/hubsch-interior.com\/de\/","logo":{"@type":"ImageObject","inLanguage":"de","@id":"https:\/\/hubsch-interior.com\/de\/#\/schema\/logo\/image\/","url":"https:\/\/hubsch-interior.com\/wp-content\/uploads\/2022\/12\/Hubsch_logo_black_one_line.svg","contentUrl":"https:\/\/hubsch-interior.com\/wp-content\/uploads\/2022\/12\/Hubsch_logo_black_one_line.svg","caption":"H\u00fcbsch"},"image":{"@id":"https:\/\/hubsch-interior.com\/de\/#\/schema\/logo\/image\/"}}]}},"_links":{"self":[{"href":"https:\/\/hubsch-interior.com\/de\/wp-json\/wp\/v2\/product\/739992","targetHints":{"allow":["GET"]}}],"collection":[{"href":"https:\/\/hubsch-interior.com\/de\/wp-json\/wp\/v2\/product"}],"about":[{"href":"https:\/\/hubsch-interior.com\/de\/wp-json\/wp\/v2\/types\/product"}],"wp:featuredmedia":[{"embeddable":true,"href":"https:\/\/hubsch-interior.com\/de\/wp-json\/wp\/v2\/media\/1098387"}],"wp:attachment":[{"href":"https:\/\/hubsch-interior.com\/de\/wp-json\/wp\/v2\/media?parent=739992"}],"wp:term":[{"taxonomy":"product_brand","embeddable":true,"href":"https:\/\/hubsch-interior.com\/de\/wp-json\/wp\/v2\/product_brand?post=739992"},{"taxonomy":"product_cat","embeddable":true,"href":"https:\/\/hubsch-interior.com\/de\/wp-json\/wp\/v2\/product_cat?post=739992"},{"taxonomy":"product_tag","embeddable":true,"href":"https:\/\/hubsch-interior.com\/de\/wp-json\/wp\/v2\/product_tag?post=739992"}],"curies":[{"name":"wp","href":"https:\/\/api.w.org\/{rel}","templated":true}]}}