{"id":740044,"date":"2022-02-08T14:49:01","date_gmt":"2022-02-08T13:49:01","guid":{"rendered":"https:\/\/hubsch-interior.com\/product\/product\/"},"modified":"2026-04-09T04:36:04","modified_gmt":"2026-04-09T02:36:04","slug":"faye-korb-airy-beige-braun-rotbraun","status":"publish","type":"product","link":"https:\/\/hubsch-interior.com\/de\/produkt\/faye-korb-airy-beige-braun-rotbraun\/","title":{"rendered":"Faye Korb Airy Beige\/Braun\/Rotbraun"},"content":{"rendered":"<p>Sch\u00f6n und dramatisch! So w\u00fcrden wir den handgefertigten H\u00e4ngekorb Faye Airy beschreiben. Das gestreifte Geflecht aus schwarzem, braunem und naturfarbenem Papierseil hat einen frischen und coolen Look. M\u00f6chten Sie das perfekte Terrassenambiente in Ihr Zuhause bringen? Dann ist dieser H\u00e4ngekorb genau das Richtige. H\u00e4ngen Sie die K\u00f6rbe paarweise auf, um ein wenig Drama im Indoor-Garten zu schaffen \u2013 oder viel. Ein bisschen Biophilie hat noch niemandem geschadet, oder? <\/p>\n","protected":false},"excerpt":{"rendered":"<p>Sch\u00f6n und dramatisch! So w\u00fcrden wir den handgefertigten H\u00e4ngekorb Faye Airy beschreiben. Das gestreifte Geflecht aus schwarzem, braunem und naturfarbenem Papierseil hat einen frischen und coolen Look. M\u00f6chten Sie das perfekte Terrassenambiente in Ihr Zuhause bringen? Dann ist dieser H\u00e4ngekorb genau das Richtige. H\u00e4ngen Sie die K\u00f6rbe paarweise auf, um ein wenig Drama im Indoor-Garten [&hellip;]<\/p>\n","protected":false},"featured_media":1098415,"template":"","meta":{"_acf_changed":false,"inline_featured_image":false},"product_brand":[],"product_cat":[3111,4929,4076,4916],"product_tag":[],"class_list":{"0":"post-740044","1":"product","2":"type-product","3":"status-publish","4":"has-post-thumbnail","6":"product_cat-aufbewahrung-de","7":"product_cat-haengetoepfe-de","8":"product_cat-koerbe-de","9":"product_cat-toepfe-giesskannen-de","10":"product_shipping_class-pk","12":"pa_color-beige-4","13":"pa_color-braun","14":"pa_color-rotbraun-2","15":"pa_material-papier-de","17":"first","18":"instock","19":"taxable","20":"shipping-taxable","21":"purchasable","22":"product-type-simple"},"exclude_global_add_ons":[],"addons":[],"acf":[],"yoast_head":"<!-- This site is optimized with the Yoast SEO plugin v26.4 - https:\/\/yoast.com\/wordpress\/plugins\/seo\/ -->\n<title>Faye Korb Airy Beige\/Braun\/Rotbraun - H\u00fcbsch<\/title>\n<meta name=\"description\" content=\"Sch\u00f6n und dramatisch! So w\u00fcrden wir den handgefertigten H\u00e4ngekorb Faye Airy beschreiben. Das gestreifte Geflecht aus schwarzem, braunem und naturfarbenem\" \/>\n<meta name=\"robots\" content=\"index, follow, max-snippet:-1, max-image-preview:large, max-video-preview:-1\" \/>\n<link rel=\"canonical\" href=\"https:\/\/hubsch-interior.com\/de\/wp-json\/wp\/v2\/product\/740044\" \/>\n<meta property=\"og:locale\" content=\"de_DE\" \/>\n<meta property=\"og:type\" content=\"article\" \/>\n<meta property=\"og:title\" content=\"Faye Korb Airy Beige\/Braun\/Rotbraun - H\u00fcbsch\" \/>\n<meta property=\"og:description\" content=\"Sch\u00f6n und dramatisch! So w\u00fcrden wir den handgefertigten H\u00e4ngekorb Faye Airy beschreiben. Das gestreifte Geflecht aus schwarzem, braunem und naturfarbenem\" \/>\n<meta property=\"og:url\" content=\"https:\/\/hubsch-interior.com\/de\/produkt\/faye-korb-airy-beige-braun-rotbraun\/\" \/>\n<meta property=\"og:site_name\" content=\"H\u00fcbsch\" \/>\n<meta property=\"article:modified_time\" content=\"2026-04-09T02:36:04+00:00\" \/>\n<meta property=\"og:image\" content=\"https:\/\/hubsch-interior.com\/wp-content\/uploads\/2025\/05\/faye-basket-airy-beigebrownmaroon-7f672b73c705cf1763c3f19c3b16108f.jpg\" \/>\n\t<meta property=\"og:image:width\" content=\"1200\" \/>\n\t<meta property=\"og:image:height\" content=\"1200\" \/>\n\t<meta property=\"og:image:type\" content=\"image\/jpeg\" \/>\n<meta name=\"twitter:card\" content=\"summary_large_image\" \/>\n<script type=\"application\/ld+json\" class=\"yoast-schema-graph\">{\"@context\":\"https:\/\/schema.org\",\"@graph\":[{\"@type\":\"WebPage\",\"@id\":\"https:\/\/hubsch-interior.com\/de\/produkt\/faye-korb-airy-beige-braun-rotbraun\/\",\"url\":\"https:\/\/hubsch-interior.com\/de\/produkt\/faye-korb-airy-beige-braun-rotbraun\/\",\"name\":\"Faye Korb Airy Beige\/Braun\/Rotbraun - H\u00fcbsch\",\"isPartOf\":{\"@id\":\"https:\/\/hubsch-interior.com\/de\/#website\"},\"primaryImageOfPage\":{\"@id\":\"https:\/\/hubsch-interior.com\/de\/produkt\/faye-korb-airy-beige-braun-rotbraun\/#primaryimage\"},\"image\":{\"@id\":\"https:\/\/hubsch-interior.com\/de\/produkt\/faye-korb-airy-beige-braun-rotbraun\/#primaryimage\"},\"thumbnailUrl\":\"https:\/\/hubsch-interior.com\/wp-content\/uploads\/2026\/02\/faye-basket-airy-beigebrownmaroon-baab53d75bbff2ea94439a20e545e5a6.jpg\",\"datePublished\":\"2022-02-08T13:49:01+00:00\",\"dateModified\":\"2026-04-09T02:36:04+00:00\",\"description\":\"Sch\u00f6n und dramatisch! So w\u00fcrden wir den handgefertigten H\u00e4ngekorb Faye Airy beschreiben. Das gestreifte Geflecht aus schwarzem, braunem und naturfarbenem\",\"breadcrumb\":{\"@id\":\"https:\/\/hubsch-interior.com\/de\/produkt\/faye-korb-airy-beige-braun-rotbraun\/#breadcrumb\"},\"inLanguage\":\"de\",\"potentialAction\":[{\"@type\":\"ReadAction\",\"target\":[\"https:\/\/hubsch-interior.com\/de\/produkt\/faye-korb-airy-beige-braun-rotbraun\/\"]}]},{\"@type\":\"ImageObject\",\"inLanguage\":\"de\",\"@id\":\"https:\/\/hubsch-interior.com\/de\/produkt\/faye-korb-airy-beige-braun-rotbraun\/#primaryimage\",\"url\":\"https:\/\/hubsch-interior.com\/wp-content\/uploads\/2026\/02\/faye-basket-airy-beigebrownmaroon-baab53d75bbff2ea94439a20e545e5a6.jpg\",\"contentUrl\":\"https:\/\/hubsch-interior.com\/wp-content\/uploads\/2026\/02\/faye-basket-airy-beigebrownmaroon-baab53d75bbff2ea94439a20e545e5a6.jpg\",\"width\":1024,\"height\":1024},{\"@type\":\"BreadcrumbList\",\"@id\":\"https:\/\/hubsch-interior.com\/de\/produkt\/faye-korb-airy-beige-braun-rotbraun\/#breadcrumb\",\"itemListElement\":[{\"@type\":\"ListItem\",\"position\":1,\"name\":\"Startseite\",\"item\":\"https:\/\/hubsch-interior.com\/de\/\"},{\"@type\":\"ListItem\",\"position\":2,\"name\":\"Produkte\",\"item\":\"https:\/\/hubsch-interior.com\/de\/shop-2\/\"},{\"@type\":\"ListItem\",\"position\":3,\"name\":\"Wohnaccessoires\",\"item\":\"https:\/\/hubsch-interior.com\/de\/produkt-kategorie\/wohnaccessoires\/\"},{\"@type\":\"ListItem\",\"position\":4,\"name\":\"Aufbewahrung\",\"item\":\"https:\/\/hubsch-interior.com\/de\/produkt-kategorie\/wohnaccessoires\/aufbewahrung-de\/\"},{\"@type\":\"ListItem\",\"position\":5,\"name\":\"K&ouml;rbe\",\"item\":\"https:\/\/hubsch-interior.com\/de\/produkt-kategorie\/wohnaccessoires\/aufbewahrung-de\/koerbe-de\/\"},{\"@type\":\"ListItem\",\"position\":6,\"name\":\"Faye Korb Airy Beige\/Braun\/Rotbraun\"}]},{\"@type\":\"WebSite\",\"@id\":\"https:\/\/hubsch-interior.com\/de\/#website\",\"url\":\"https:\/\/hubsch-interior.com\/de\/\",\"name\":\"H\u00fcbsch\",\"description\":\"Danish Home Interior and Design\",\"publisher\":{\"@id\":\"https:\/\/hubsch-interior.com\/de\/#organization\"},\"potentialAction\":[{\"@type\":\"SearchAction\",\"target\":{\"@type\":\"EntryPoint\",\"urlTemplate\":\"https:\/\/hubsch-interior.com\/de\/?s={search_term_string}\"},\"query-input\":{\"@type\":\"PropertyValueSpecification\",\"valueRequired\":true,\"valueName\":\"search_term_string\"}}],\"inLanguage\":\"de\"},{\"@type\":\"Organization\",\"@id\":\"https:\/\/hubsch-interior.com\/de\/#organization\",\"name\":\"H\u00fcbsch\",\"url\":\"https:\/\/hubsch-interior.com\/de\/\",\"logo\":{\"@type\":\"ImageObject\",\"inLanguage\":\"de\",\"@id\":\"https:\/\/hubsch-interior.com\/de\/#\/schema\/logo\/image\/\",\"url\":\"https:\/\/hubsch-interior.com\/wp-content\/uploads\/2022\/12\/Hubsch_logo_black_one_line.svg\",\"contentUrl\":\"https:\/\/hubsch-interior.com\/wp-content\/uploads\/2022\/12\/Hubsch_logo_black_one_line.svg\",\"caption\":\"H\u00fcbsch\"},\"image\":{\"@id\":\"https:\/\/hubsch-interior.com\/de\/#\/schema\/logo\/image\/\"}}]}<\/script>\n<!-- \/ Yoast SEO plugin. -->","yoast_head_json":{"title":"Faye Korb Airy Beige\/Braun\/Rotbraun - H\u00fcbsch","description":"Sch\u00f6n und dramatisch! So w\u00fcrden wir den handgefertigten H\u00e4ngekorb Faye Airy beschreiben. Das gestreifte Geflecht aus schwarzem, braunem und naturfarbenem","robots":{"index":"index","follow":"follow","max-snippet":"max-snippet:-1","max-image-preview":"max-image-preview:large","max-video-preview":"max-video-preview:-1"},"canonical":"https:\/\/hubsch-interior.com\/de\/wp-json\/wp\/v2\/product\/740044","og_locale":"de_DE","og_type":"article","og_title":"Faye Korb Airy Beige\/Braun\/Rotbraun - H\u00fcbsch","og_description":"Sch\u00f6n und dramatisch! So w\u00fcrden wir den handgefertigten H\u00e4ngekorb Faye Airy beschreiben. Das gestreifte Geflecht aus schwarzem, braunem und naturfarbenem","og_url":"https:\/\/hubsch-interior.com\/de\/produkt\/faye-korb-airy-beige-braun-rotbraun\/","og_site_name":"H\u00fcbsch","article_modified_time":"2026-04-09T02:36:04+00:00","og_image":[{"width":1200,"height":1200,"url":"https:\/\/hubsch-interior.com\/wp-content\/uploads\/2025\/05\/faye-basket-airy-beigebrownmaroon-7f672b73c705cf1763c3f19c3b16108f.jpg","type":"image\/jpeg"}],"twitter_card":"summary_large_image","schema":{"@context":"https:\/\/schema.org","@graph":[{"@type":"WebPage","@id":"https:\/\/hubsch-interior.com\/de\/produkt\/faye-korb-airy-beige-braun-rotbraun\/","url":"https:\/\/hubsch-interior.com\/de\/produkt\/faye-korb-airy-beige-braun-rotbraun\/","name":"Faye Korb Airy Beige\/Braun\/Rotbraun - H\u00fcbsch","isPartOf":{"@id":"https:\/\/hubsch-interior.com\/de\/#website"},"primaryImageOfPage":{"@id":"https:\/\/hubsch-interior.com\/de\/produkt\/faye-korb-airy-beige-braun-rotbraun\/#primaryimage"},"image":{"@id":"https:\/\/hubsch-interior.com\/de\/produkt\/faye-korb-airy-beige-braun-rotbraun\/#primaryimage"},"thumbnailUrl":"https:\/\/hubsch-interior.com\/wp-content\/uploads\/2026\/02\/faye-basket-airy-beigebrownmaroon-baab53d75bbff2ea94439a20e545e5a6.jpg","datePublished":"2022-02-08T13:49:01+00:00","dateModified":"2026-04-09T02:36:04+00:00","description":"Sch\u00f6n und dramatisch! So w\u00fcrden wir den handgefertigten H\u00e4ngekorb Faye Airy beschreiben. Das gestreifte Geflecht aus schwarzem, braunem und naturfarbenem","breadcrumb":{"@id":"https:\/\/hubsch-interior.com\/de\/produkt\/faye-korb-airy-beige-braun-rotbraun\/#breadcrumb"},"inLanguage":"de","potentialAction":[{"@type":"ReadAction","target":["https:\/\/hubsch-interior.com\/de\/produkt\/faye-korb-airy-beige-braun-rotbraun\/"]}]},{"@type":"ImageObject","inLanguage":"de","@id":"https:\/\/hubsch-interior.com\/de\/produkt\/faye-korb-airy-beige-braun-rotbraun\/#primaryimage","url":"https:\/\/hubsch-interior.com\/wp-content\/uploads\/2026\/02\/faye-basket-airy-beigebrownmaroon-baab53d75bbff2ea94439a20e545e5a6.jpg","contentUrl":"https:\/\/hubsch-interior.com\/wp-content\/uploads\/2026\/02\/faye-basket-airy-beigebrownmaroon-baab53d75bbff2ea94439a20e545e5a6.jpg","width":1024,"height":1024},{"@type":"BreadcrumbList","@id":"https:\/\/hubsch-interior.com\/de\/produkt\/faye-korb-airy-beige-braun-rotbraun\/#breadcrumb","itemListElement":[{"@type":"ListItem","position":1,"name":"Startseite","item":"https:\/\/hubsch-interior.com\/de\/"},{"@type":"ListItem","position":2,"name":"Produkte","item":"https:\/\/hubsch-interior.com\/de\/shop-2\/"},{"@type":"ListItem","position":3,"name":"Wohnaccessoires","item":"https:\/\/hubsch-interior.com\/de\/produkt-kategorie\/wohnaccessoires\/"},{"@type":"ListItem","position":4,"name":"Aufbewahrung","item":"https:\/\/hubsch-interior.com\/de\/produkt-kategorie\/wohnaccessoires\/aufbewahrung-de\/"},{"@type":"ListItem","position":5,"name":"K&ouml;rbe","item":"https:\/\/hubsch-interior.com\/de\/produkt-kategorie\/wohnaccessoires\/aufbewahrung-de\/koerbe-de\/"},{"@type":"ListItem","position":6,"name":"Faye Korb Airy Beige\/Braun\/Rotbraun"}]},{"@type":"WebSite","@id":"https:\/\/hubsch-interior.com\/de\/#website","url":"https:\/\/hubsch-interior.com\/de\/","name":"H\u00fcbsch","description":"Danish Home Interior and Design","publisher":{"@id":"https:\/\/hubsch-interior.com\/de\/#organization"},"potentialAction":[{"@type":"SearchAction","target":{"@type":"EntryPoint","urlTemplate":"https:\/\/hubsch-interior.com\/de\/?s={search_term_string}"},"query-input":{"@type":"PropertyValueSpecification","valueRequired":true,"valueName":"search_term_string"}}],"inLanguage":"de"},{"@type":"Organization","@id":"https:\/\/hubsch-interior.com\/de\/#organization","name":"H\u00fcbsch","url":"https:\/\/hubsch-interior.com\/de\/","logo":{"@type":"ImageObject","inLanguage":"de","@id":"https:\/\/hubsch-interior.com\/de\/#\/schema\/logo\/image\/","url":"https:\/\/hubsch-interior.com\/wp-content\/uploads\/2022\/12\/Hubsch_logo_black_one_line.svg","contentUrl":"https:\/\/hubsch-interior.com\/wp-content\/uploads\/2022\/12\/Hubsch_logo_black_one_line.svg","caption":"H\u00fcbsch"},"image":{"@id":"https:\/\/hubsch-interior.com\/de\/#\/schema\/logo\/image\/"}}]}},"_links":{"self":[{"href":"https:\/\/hubsch-interior.com\/de\/wp-json\/wp\/v2\/product\/740044","targetHints":{"allow":["GET"]}}],"collection":[{"href":"https:\/\/hubsch-interior.com\/de\/wp-json\/wp\/v2\/product"}],"about":[{"href":"https:\/\/hubsch-interior.com\/de\/wp-json\/wp\/v2\/types\/product"}],"wp:featuredmedia":[{"embeddable":true,"href":"https:\/\/hubsch-interior.com\/de\/wp-json\/wp\/v2\/media\/1098415"}],"wp:attachment":[{"href":"https:\/\/hubsch-interior.com\/de\/wp-json\/wp\/v2\/media?parent=740044"}],"wp:term":[{"taxonomy":"product_brand","embeddable":true,"href":"https:\/\/hubsch-interior.com\/de\/wp-json\/wp\/v2\/product_brand?post=740044"},{"taxonomy":"product_cat","embeddable":true,"href":"https:\/\/hubsch-interior.com\/de\/wp-json\/wp\/v2\/product_cat?post=740044"},{"taxonomy":"product_tag","embeddable":true,"href":"https:\/\/hubsch-interior.com\/de\/wp-json\/wp\/v2\/product_tag?post=740044"}],"curies":[{"name":"wp","href":"https:\/\/api.w.org\/{rel}","templated":true}]}}