{"id":740084,"date":"2022-02-08T14:51:27","date_gmt":"2022-02-08T13:51:27","guid":{"rendered":"https:\/\/hubsch-interior.com\/product\/product\/"},"modified":"2026-04-29T04:37:49","modified_gmt":"2026-04-29T02:37:49","slug":"blaze-schale-multifarben","status":"publish","type":"product","link":"https:\/\/hubsch-interior.com\/de\/produkt\/blaze-schale-multifarben\/","title":{"rendered":"Blaze Schale \u00a0Multifarben"},"content":{"rendered":"<p>D\u00fcrfen wir vorstellen: Blaze! Diese gro\u00dfe Glasschale ist beeindruckend. Nicht mehr und nicht weniger. Einfach erstaunlich. Schauen Sie sie sich an: die Farben, die Form und das fr\u00f6hliche Muster \u2013 alles an dieser Schale ist genau richtig. Wenn diese sch\u00f6ne Schale Ihnen kein L\u00e4cheln ins Gesicht zaubert, dann wissen wir auch nicht, was. Perfekt f\u00fcr Gem\u00fcse, Obst oder auch als dekorativer Blickfang. Was meinen Sie? Ist das Leben nicht einfach eine Schale voller Kirschen? <\/p>\n","protected":false},"excerpt":{"rendered":"<p>D\u00fcrfen wir vorstellen: Blaze! Diese gro\u00dfe Glasschale ist beeindruckend. Nicht mehr und nicht weniger. Einfach erstaunlich. Schauen Sie sie sich an: die Farben, die Form und das fr\u00f6hliche Muster \u2013 alles an dieser Schale ist genau richtig. Wenn diese sch\u00f6ne Schale Ihnen kein L\u00e4cheln ins Gesicht zaubert, dann wissen wir auch nicht, was. Perfekt f\u00fcr [&hellip;]<\/p>\n","protected":false},"featured_media":1098998,"template":"","meta":{"_acf_changed":false,"inline_featured_image":false},"product_brand":[],"product_cat":[6972,7044,7029,4055,4096],"product_tag":[],"class_list":{"0":"post-740084","1":"product","2":"type-product","3":"status-publish","4":"has-post-thumbnail","6":"product_cat-oster-sale","7":"product_cat-servierschalen-de","8":"product_cat-tischgeschirr-de-2","9":"product_cat-kuechenzubehoer-de","10":"product_cat-tischgeschirr-de","11":"product_shipping_class-pk","13":"pa_color-multifarben-2","14":"pa_material-glas-de","16":"first","17":"instock","18":"taxable","19":"shipping-taxable","20":"purchasable","21":"product-type-simple"},"exclude_global_add_ons":[],"addons":[],"acf":[],"yoast_head":"<!-- This site is optimized with the Yoast SEO plugin v26.4 - https:\/\/yoast.com\/wordpress\/plugins\/seo\/ -->\n<title>Blaze Schale \u00a0Multifarben - H\u00fcbsch<\/title>\n<meta name=\"description\" content=\"D\u00fcrfen wir vorstellen: Blaze! Diese gro\u00dfe Glasschale ist beeindruckend. Nicht mehr und nicht weniger. Einfach erstaunlich. Schauen Sie sie sich an: die\" \/>\n<meta name=\"robots\" content=\"index, follow, max-snippet:-1, max-image-preview:large, max-video-preview:-1\" \/>\n<link rel=\"canonical\" href=\"https:\/\/hubsch-interior.com\/de\/wp-json\/wp\/v2\/product\/740084\" \/>\n<meta property=\"og:locale\" content=\"de_DE\" \/>\n<meta property=\"og:type\" content=\"article\" \/>\n<meta property=\"og:title\" content=\"Blaze Schale \u00a0Multifarben - H\u00fcbsch\" \/>\n<meta property=\"og:description\" content=\"D\u00fcrfen wir vorstellen: Blaze! Diese gro\u00dfe Glasschale ist beeindruckend. Nicht mehr und nicht weniger. Einfach erstaunlich. Schauen Sie sie sich an: die\" \/>\n<meta property=\"og:url\" content=\"https:\/\/hubsch-interior.com\/de\/produkt\/blaze-schale-multifarben\/\" \/>\n<meta property=\"og:site_name\" content=\"H\u00fcbsch\" \/>\n<meta property=\"article:modified_time\" content=\"2026-04-29T02:37:49+00:00\" \/>\n<meta property=\"og:image\" content=\"https:\/\/hubsch-interior.com\/wp-content\/uploads\/2024\/01\/blaze-bowl-multicolour-b8cf62839c8457f83e10a4d27b996b66.jpg\" \/>\n\t<meta property=\"og:image:width\" content=\"1200\" \/>\n\t<meta property=\"og:image:height\" content=\"1200\" \/>\n\t<meta property=\"og:image:type\" content=\"image\/jpeg\" \/>\n<meta name=\"twitter:card\" content=\"summary_large_image\" \/>\n<script type=\"application\/ld+json\" class=\"yoast-schema-graph\">{\"@context\":\"https:\/\/schema.org\",\"@graph\":[{\"@type\":\"WebPage\",\"@id\":\"https:\/\/hubsch-interior.com\/de\/produkt\/blaze-schale-multifarben\/\",\"url\":\"https:\/\/hubsch-interior.com\/de\/produkt\/blaze-schale-multifarben\/\",\"name\":\"Blaze Schale \u00a0Multifarben - H\u00fcbsch\",\"isPartOf\":{\"@id\":\"https:\/\/hubsch-interior.com\/de\/#website\"},\"primaryImageOfPage\":{\"@id\":\"https:\/\/hubsch-interior.com\/de\/produkt\/blaze-schale-multifarben\/#primaryimage\"},\"image\":{\"@id\":\"https:\/\/hubsch-interior.com\/de\/produkt\/blaze-schale-multifarben\/#primaryimage\"},\"thumbnailUrl\":\"https:\/\/hubsch-interior.com\/wp-content\/uploads\/2026\/02\/blaze-bowl-multicolour-4a888c5467593311ef9fa0961b90dfa2.jpg\",\"datePublished\":\"2022-02-08T13:51:27+00:00\",\"dateModified\":\"2026-04-29T02:37:49+00:00\",\"description\":\"D\u00fcrfen wir vorstellen: Blaze! Diese gro\u00dfe Glasschale ist beeindruckend. Nicht mehr und nicht weniger. Einfach erstaunlich. Schauen Sie sie sich an: die\",\"breadcrumb\":{\"@id\":\"https:\/\/hubsch-interior.com\/de\/produkt\/blaze-schale-multifarben\/#breadcrumb\"},\"inLanguage\":\"de\",\"potentialAction\":[{\"@type\":\"ReadAction\",\"target\":[\"https:\/\/hubsch-interior.com\/de\/produkt\/blaze-schale-multifarben\/\"]}]},{\"@type\":\"ImageObject\",\"inLanguage\":\"de\",\"@id\":\"https:\/\/hubsch-interior.com\/de\/produkt\/blaze-schale-multifarben\/#primaryimage\",\"url\":\"https:\/\/hubsch-interior.com\/wp-content\/uploads\/2026\/02\/blaze-bowl-multicolour-4a888c5467593311ef9fa0961b90dfa2.jpg\",\"contentUrl\":\"https:\/\/hubsch-interior.com\/wp-content\/uploads\/2026\/02\/blaze-bowl-multicolour-4a888c5467593311ef9fa0961b90dfa2.jpg\",\"width\":1024,\"height\":1024},{\"@type\":\"BreadcrumbList\",\"@id\":\"https:\/\/hubsch-interior.com\/de\/produkt\/blaze-schale-multifarben\/#breadcrumb\",\"itemListElement\":[{\"@type\":\"ListItem\",\"position\":1,\"name\":\"Startseite\",\"item\":\"https:\/\/hubsch-interior.com\/de\/\"},{\"@type\":\"ListItem\",\"position\":2,\"name\":\"Produkte\",\"item\":\"https:\/\/hubsch-interior.com\/de\/shop-2\/\"},{\"@type\":\"ListItem\",\"position\":3,\"name\":\"K\u00fcche\",\"item\":\"https:\/\/hubsch-interior.com\/de\/produkt-kategorie\/kuche\/\"},{\"@type\":\"ListItem\",\"position\":4,\"name\":\"Tischgeschirr\",\"item\":\"https:\/\/hubsch-interior.com\/de\/produkt-kategorie\/kuche\/tischgeschirr-de-2\/\"},{\"@type\":\"ListItem\",\"position\":5,\"name\":\"Servierschalen\",\"item\":\"https:\/\/hubsch-interior.com\/de\/produkt-kategorie\/kuche\/tischgeschirr-de-2\/servierschalen-de\/\"},{\"@type\":\"ListItem\",\"position\":6,\"name\":\"Blaze Schale \u00a0Multifarben\"}]},{\"@type\":\"WebSite\",\"@id\":\"https:\/\/hubsch-interior.com\/de\/#website\",\"url\":\"https:\/\/hubsch-interior.com\/de\/\",\"name\":\"H\u00fcbsch\",\"description\":\"Danish Home Interior and Design\",\"publisher\":{\"@id\":\"https:\/\/hubsch-interior.com\/de\/#organization\"},\"potentialAction\":[{\"@type\":\"SearchAction\",\"target\":{\"@type\":\"EntryPoint\",\"urlTemplate\":\"https:\/\/hubsch-interior.com\/de\/?s={search_term_string}\"},\"query-input\":{\"@type\":\"PropertyValueSpecification\",\"valueRequired\":true,\"valueName\":\"search_term_string\"}}],\"inLanguage\":\"de\"},{\"@type\":\"Organization\",\"@id\":\"https:\/\/hubsch-interior.com\/de\/#organization\",\"name\":\"H\u00fcbsch\",\"url\":\"https:\/\/hubsch-interior.com\/de\/\",\"logo\":{\"@type\":\"ImageObject\",\"inLanguage\":\"de\",\"@id\":\"https:\/\/hubsch-interior.com\/de\/#\/schema\/logo\/image\/\",\"url\":\"https:\/\/hubsch-interior.com\/wp-content\/uploads\/2022\/12\/Hubsch_logo_black_one_line.svg\",\"contentUrl\":\"https:\/\/hubsch-interior.com\/wp-content\/uploads\/2022\/12\/Hubsch_logo_black_one_line.svg\",\"caption\":\"H\u00fcbsch\"},\"image\":{\"@id\":\"https:\/\/hubsch-interior.com\/de\/#\/schema\/logo\/image\/\"}}]}<\/script>\n<!-- \/ Yoast SEO plugin. -->","yoast_head_json":{"title":"Blaze Schale \u00a0Multifarben - H\u00fcbsch","description":"D\u00fcrfen wir vorstellen: Blaze! Diese gro\u00dfe Glasschale ist beeindruckend. Nicht mehr und nicht weniger. Einfach erstaunlich. Schauen Sie sie sich an: die","robots":{"index":"index","follow":"follow","max-snippet":"max-snippet:-1","max-image-preview":"max-image-preview:large","max-video-preview":"max-video-preview:-1"},"canonical":"https:\/\/hubsch-interior.com\/de\/wp-json\/wp\/v2\/product\/740084","og_locale":"de_DE","og_type":"article","og_title":"Blaze Schale \u00a0Multifarben - H\u00fcbsch","og_description":"D\u00fcrfen wir vorstellen: Blaze! Diese gro\u00dfe Glasschale ist beeindruckend. Nicht mehr und nicht weniger. Einfach erstaunlich. Schauen Sie sie sich an: die","og_url":"https:\/\/hubsch-interior.com\/de\/produkt\/blaze-schale-multifarben\/","og_site_name":"H\u00fcbsch","article_modified_time":"2026-04-29T02:37:49+00:00","og_image":[{"width":1200,"height":1200,"url":"https:\/\/hubsch-interior.com\/wp-content\/uploads\/2024\/01\/blaze-bowl-multicolour-b8cf62839c8457f83e10a4d27b996b66.jpg","type":"image\/jpeg"}],"twitter_card":"summary_large_image","schema":{"@context":"https:\/\/schema.org","@graph":[{"@type":"WebPage","@id":"https:\/\/hubsch-interior.com\/de\/produkt\/blaze-schale-multifarben\/","url":"https:\/\/hubsch-interior.com\/de\/produkt\/blaze-schale-multifarben\/","name":"Blaze Schale \u00a0Multifarben - H\u00fcbsch","isPartOf":{"@id":"https:\/\/hubsch-interior.com\/de\/#website"},"primaryImageOfPage":{"@id":"https:\/\/hubsch-interior.com\/de\/produkt\/blaze-schale-multifarben\/#primaryimage"},"image":{"@id":"https:\/\/hubsch-interior.com\/de\/produkt\/blaze-schale-multifarben\/#primaryimage"},"thumbnailUrl":"https:\/\/hubsch-interior.com\/wp-content\/uploads\/2026\/02\/blaze-bowl-multicolour-4a888c5467593311ef9fa0961b90dfa2.jpg","datePublished":"2022-02-08T13:51:27+00:00","dateModified":"2026-04-29T02:37:49+00:00","description":"D\u00fcrfen wir vorstellen: Blaze! Diese gro\u00dfe Glasschale ist beeindruckend. Nicht mehr und nicht weniger. Einfach erstaunlich. Schauen Sie sie sich an: die","breadcrumb":{"@id":"https:\/\/hubsch-interior.com\/de\/produkt\/blaze-schale-multifarben\/#breadcrumb"},"inLanguage":"de","potentialAction":[{"@type":"ReadAction","target":["https:\/\/hubsch-interior.com\/de\/produkt\/blaze-schale-multifarben\/"]}]},{"@type":"ImageObject","inLanguage":"de","@id":"https:\/\/hubsch-interior.com\/de\/produkt\/blaze-schale-multifarben\/#primaryimage","url":"https:\/\/hubsch-interior.com\/wp-content\/uploads\/2026\/02\/blaze-bowl-multicolour-4a888c5467593311ef9fa0961b90dfa2.jpg","contentUrl":"https:\/\/hubsch-interior.com\/wp-content\/uploads\/2026\/02\/blaze-bowl-multicolour-4a888c5467593311ef9fa0961b90dfa2.jpg","width":1024,"height":1024},{"@type":"BreadcrumbList","@id":"https:\/\/hubsch-interior.com\/de\/produkt\/blaze-schale-multifarben\/#breadcrumb","itemListElement":[{"@type":"ListItem","position":1,"name":"Startseite","item":"https:\/\/hubsch-interior.com\/de\/"},{"@type":"ListItem","position":2,"name":"Produkte","item":"https:\/\/hubsch-interior.com\/de\/shop-2\/"},{"@type":"ListItem","position":3,"name":"K\u00fcche","item":"https:\/\/hubsch-interior.com\/de\/produkt-kategorie\/kuche\/"},{"@type":"ListItem","position":4,"name":"Tischgeschirr","item":"https:\/\/hubsch-interior.com\/de\/produkt-kategorie\/kuche\/tischgeschirr-de-2\/"},{"@type":"ListItem","position":5,"name":"Servierschalen","item":"https:\/\/hubsch-interior.com\/de\/produkt-kategorie\/kuche\/tischgeschirr-de-2\/servierschalen-de\/"},{"@type":"ListItem","position":6,"name":"Blaze Schale \u00a0Multifarben"}]},{"@type":"WebSite","@id":"https:\/\/hubsch-interior.com\/de\/#website","url":"https:\/\/hubsch-interior.com\/de\/","name":"H\u00fcbsch","description":"Danish Home Interior and Design","publisher":{"@id":"https:\/\/hubsch-interior.com\/de\/#organization"},"potentialAction":[{"@type":"SearchAction","target":{"@type":"EntryPoint","urlTemplate":"https:\/\/hubsch-interior.com\/de\/?s={search_term_string}"},"query-input":{"@type":"PropertyValueSpecification","valueRequired":true,"valueName":"search_term_string"}}],"inLanguage":"de"},{"@type":"Organization","@id":"https:\/\/hubsch-interior.com\/de\/#organization","name":"H\u00fcbsch","url":"https:\/\/hubsch-interior.com\/de\/","logo":{"@type":"ImageObject","inLanguage":"de","@id":"https:\/\/hubsch-interior.com\/de\/#\/schema\/logo\/image\/","url":"https:\/\/hubsch-interior.com\/wp-content\/uploads\/2022\/12\/Hubsch_logo_black_one_line.svg","contentUrl":"https:\/\/hubsch-interior.com\/wp-content\/uploads\/2022\/12\/Hubsch_logo_black_one_line.svg","caption":"H\u00fcbsch"},"image":{"@id":"https:\/\/hubsch-interior.com\/de\/#\/schema\/logo\/image\/"}}]}},"_links":{"self":[{"href":"https:\/\/hubsch-interior.com\/de\/wp-json\/wp\/v2\/product\/740084","targetHints":{"allow":["GET"]}}],"collection":[{"href":"https:\/\/hubsch-interior.com\/de\/wp-json\/wp\/v2\/product"}],"about":[{"href":"https:\/\/hubsch-interior.com\/de\/wp-json\/wp\/v2\/types\/product"}],"wp:featuredmedia":[{"embeddable":true,"href":"https:\/\/hubsch-interior.com\/de\/wp-json\/wp\/v2\/media\/1098998"}],"wp:attachment":[{"href":"https:\/\/hubsch-interior.com\/de\/wp-json\/wp\/v2\/media?parent=740084"}],"wp:term":[{"taxonomy":"product_brand","embeddable":true,"href":"https:\/\/hubsch-interior.com\/de\/wp-json\/wp\/v2\/product_brand?post=740084"},{"taxonomy":"product_cat","embeddable":true,"href":"https:\/\/hubsch-interior.com\/de\/wp-json\/wp\/v2\/product_cat?post=740084"},{"taxonomy":"product_tag","embeddable":true,"href":"https:\/\/hubsch-interior.com\/de\/wp-json\/wp\/v2\/product_tag?post=740084"}],"curies":[{"name":"wp","href":"https:\/\/api.w.org\/{rel}","templated":true}]}}