{"id":740104,"date":"2022-02-08T14:51:35","date_gmt":"2022-02-08T13:51:35","guid":{"rendered":"https:\/\/hubsch-interior.com\/product\/product\/"},"modified":"2026-04-09T04:37:56","modified_gmt":"2026-04-09T02:37:56","slug":"akin-kerzenstander-grun-2er-set","status":"publish","type":"product","link":"https:\/\/hubsch-interior.com\/de\/produkt\/akin-kerzenstander-grun-2er-set\/","title":{"rendered":"Akin Kerzenst\u00e4nder Gr\u00fcn (2er Set)"},"content":{"rendered":"<p>Diese staubgr\u00fcnen Kerzenhalter aus Glas sind genau das Richtige f\u00fcr eine schimmernde Stumpenkerze und bringen eine gute Stimmung in Ihre Einrichtung. Es sind moderne sch\u00f6ne St\u00fccke, die Sie f\u00fcr alles M\u00f6gliche verwenden k\u00f6nnen. Wir w\u00fcrden sie als Kerzenst\u00e4nder oder als T\u00f6pfe f\u00fcr eine sch\u00f6ne Zimmerpflanze oder Kr\u00e4uter verwenden. Das schwere Glas erinnert an die 70er-Jahre, aber die Farben bringen diese Kerzenhalter direkt ins 21. Jahrhundert. Erh\u00e4ltlich in drei Farben. <\/p>\n","protected":false},"excerpt":{"rendered":"<p>Diese staubgr\u00fcnen Kerzenhalter aus Glas sind genau das Richtige f\u00fcr eine schimmernde Stumpenkerze und bringen eine gute Stimmung in Ihre Einrichtung. Es sind moderne sch\u00f6ne St\u00fccke, die Sie f\u00fcr alles M\u00f6gliche verwenden k\u00f6nnen. Wir w\u00fcrden sie als Kerzenst\u00e4nder oder als T\u00f6pfe f\u00fcr eine sch\u00f6ne Zimmerpflanze oder Kr\u00e4uter verwenden. Das schwere Glas erinnert an die 70er-Jahre, [&hellip;]<\/p>\n","protected":false},"featured_media":1099016,"template":"","meta":{"_acf_changed":false,"inline_featured_image":false},"product_brand":[],"product_cat":[6972,4067,4068,6519],"product_tag":[],"class_list":{"0":"post-740104","1":"product","2":"type-product","3":"status-publish","4":"has-post-thumbnail","6":"product_cat-oster-sale","7":"product_cat-kerzenstaender-laternen-de","8":"product_cat-kerzenstaender-de","9":"product_cat-outlet-de","10":"product_shipping_class-pk","12":"pa_color-grn-2","13":"pa_material-glas-de","15":"first","16":"instock","17":"sale","18":"taxable","19":"shipping-taxable","20":"purchasable","21":"product-type-simple"},"exclude_global_add_ons":[],"addons":[],"acf":[],"yoast_head":"<!-- This site is optimized with the Yoast SEO plugin v26.4 - https:\/\/yoast.com\/wordpress\/plugins\/seo\/ -->\n<title>Akin Kerzenst\u00e4nder Gr\u00fcn (2er Set) - H\u00fcbsch<\/title>\n<meta name=\"description\" content=\"Diese staubgr\u00fcnen Kerzenhalter aus Glas sind genau das Richtige f\u00fcr eine schimmernde Stumpenkerze und bringen eine gute Stimmung in Ihre Einrichtung. Es\" \/>\n<meta name=\"robots\" content=\"index, follow, max-snippet:-1, max-image-preview:large, max-video-preview:-1\" \/>\n<link rel=\"canonical\" href=\"https:\/\/hubsch-interior.com\/de\/wp-json\/wp\/v2\/product\/740104\" \/>\n<meta property=\"og:locale\" content=\"de_DE\" \/>\n<meta property=\"og:type\" content=\"article\" \/>\n<meta property=\"og:title\" content=\"Akin Kerzenst\u00e4nder Gr\u00fcn (2er Set) - H\u00fcbsch\" \/>\n<meta property=\"og:description\" content=\"Diese staubgr\u00fcnen Kerzenhalter aus Glas sind genau das Richtige f\u00fcr eine schimmernde Stumpenkerze und bringen eine gute Stimmung in Ihre Einrichtung. Es\" \/>\n<meta property=\"og:url\" content=\"https:\/\/hubsch-interior.com\/de\/produkt\/akin-kerzenstander-grun-2er-set\/\" \/>\n<meta property=\"og:site_name\" content=\"H\u00fcbsch\" \/>\n<meta property=\"article:modified_time\" content=\"2026-04-09T02:37:56+00:00\" \/>\n<meta property=\"og:image\" content=\"https:\/\/hubsch-interior.com\/wp-content\/uploads\/2025\/04\/akin-candleholders-green-set-of-2-28c65d07b9ca66020ad4a4854839cb14.jpg\" \/>\n\t<meta property=\"og:image:width\" content=\"1200\" \/>\n\t<meta property=\"og:image:height\" content=\"1200\" \/>\n\t<meta property=\"og:image:type\" content=\"image\/jpeg\" \/>\n<meta name=\"twitter:card\" content=\"summary_large_image\" \/>\n<script type=\"application\/ld+json\" class=\"yoast-schema-graph\">{\"@context\":\"https:\/\/schema.org\",\"@graph\":[{\"@type\":\"WebPage\",\"@id\":\"https:\/\/hubsch-interior.com\/de\/produkt\/akin-kerzenstander-grun-2er-set\/\",\"url\":\"https:\/\/hubsch-interior.com\/de\/produkt\/akin-kerzenstander-grun-2er-set\/\",\"name\":\"Akin Kerzenst\u00e4nder Gr\u00fcn (2er Set) - H\u00fcbsch\",\"isPartOf\":{\"@id\":\"https:\/\/hubsch-interior.com\/de\/#website\"},\"primaryImageOfPage\":{\"@id\":\"https:\/\/hubsch-interior.com\/de\/produkt\/akin-kerzenstander-grun-2er-set\/#primaryimage\"},\"image\":{\"@id\":\"https:\/\/hubsch-interior.com\/de\/produkt\/akin-kerzenstander-grun-2er-set\/#primaryimage\"},\"thumbnailUrl\":\"https:\/\/hubsch-interior.com\/wp-content\/uploads\/2026\/02\/akin-candleholders-green-set-of-2-7305b7cc9e9dbdc49390b4090879b5e5.jpg\",\"datePublished\":\"2022-02-08T13:51:35+00:00\",\"dateModified\":\"2026-04-09T02:37:56+00:00\",\"description\":\"Diese staubgr\u00fcnen Kerzenhalter aus Glas sind genau das Richtige f\u00fcr eine schimmernde Stumpenkerze und bringen eine gute Stimmung in Ihre Einrichtung. Es\",\"breadcrumb\":{\"@id\":\"https:\/\/hubsch-interior.com\/de\/produkt\/akin-kerzenstander-grun-2er-set\/#breadcrumb\"},\"inLanguage\":\"de\",\"potentialAction\":[{\"@type\":\"ReadAction\",\"target\":[\"https:\/\/hubsch-interior.com\/de\/produkt\/akin-kerzenstander-grun-2er-set\/\"]}]},{\"@type\":\"ImageObject\",\"inLanguage\":\"de\",\"@id\":\"https:\/\/hubsch-interior.com\/de\/produkt\/akin-kerzenstander-grun-2er-set\/#primaryimage\",\"url\":\"https:\/\/hubsch-interior.com\/wp-content\/uploads\/2026\/02\/akin-candleholders-green-set-of-2-7305b7cc9e9dbdc49390b4090879b5e5.jpg\",\"contentUrl\":\"https:\/\/hubsch-interior.com\/wp-content\/uploads\/2026\/02\/akin-candleholders-green-set-of-2-7305b7cc9e9dbdc49390b4090879b5e5.jpg\",\"width\":1024,\"height\":1024},{\"@type\":\"BreadcrumbList\",\"@id\":\"https:\/\/hubsch-interior.com\/de\/produkt\/akin-kerzenstander-grun-2er-set\/#breadcrumb\",\"itemListElement\":[{\"@type\":\"ListItem\",\"position\":1,\"name\":\"Startseite\",\"item\":\"https:\/\/hubsch-interior.com\/de\/\"},{\"@type\":\"ListItem\",\"position\":2,\"name\":\"Produkte\",\"item\":\"https:\/\/hubsch-interior.com\/de\/shop-2\/\"},{\"@type\":\"ListItem\",\"position\":3,\"name\":\"Wohnaccessoires\",\"item\":\"https:\/\/hubsch-interior.com\/de\/produkt-kategorie\/wohnaccessoires\/\"},{\"@type\":\"ListItem\",\"position\":4,\"name\":\"Kerzenst&auml;nder &amp; Laternen\",\"item\":\"https:\/\/hubsch-interior.com\/de\/produkt-kategorie\/wohnaccessoires\/kerzenstaender-laternen-de\/\"},{\"@type\":\"ListItem\",\"position\":5,\"name\":\"Kerzenst&auml;nder\",\"item\":\"https:\/\/hubsch-interior.com\/de\/produkt-kategorie\/wohnaccessoires\/kerzenstaender-laternen-de\/kerzenstaender-de\/\"},{\"@type\":\"ListItem\",\"position\":6,\"name\":\"Akin Kerzenst\u00e4nder Gr\u00fcn (2er Set)\"}]},{\"@type\":\"WebSite\",\"@id\":\"https:\/\/hubsch-interior.com\/de\/#website\",\"url\":\"https:\/\/hubsch-interior.com\/de\/\",\"name\":\"H\u00fcbsch\",\"description\":\"Danish Home Interior and Design\",\"publisher\":{\"@id\":\"https:\/\/hubsch-interior.com\/de\/#organization\"},\"potentialAction\":[{\"@type\":\"SearchAction\",\"target\":{\"@type\":\"EntryPoint\",\"urlTemplate\":\"https:\/\/hubsch-interior.com\/de\/?s={search_term_string}\"},\"query-input\":{\"@type\":\"PropertyValueSpecification\",\"valueRequired\":true,\"valueName\":\"search_term_string\"}}],\"inLanguage\":\"de\"},{\"@type\":\"Organization\",\"@id\":\"https:\/\/hubsch-interior.com\/de\/#organization\",\"name\":\"H\u00fcbsch\",\"url\":\"https:\/\/hubsch-interior.com\/de\/\",\"logo\":{\"@type\":\"ImageObject\",\"inLanguage\":\"de\",\"@id\":\"https:\/\/hubsch-interior.com\/de\/#\/schema\/logo\/image\/\",\"url\":\"https:\/\/hubsch-interior.com\/wp-content\/uploads\/2022\/12\/Hubsch_logo_black_one_line.svg\",\"contentUrl\":\"https:\/\/hubsch-interior.com\/wp-content\/uploads\/2022\/12\/Hubsch_logo_black_one_line.svg\",\"caption\":\"H\u00fcbsch\"},\"image\":{\"@id\":\"https:\/\/hubsch-interior.com\/de\/#\/schema\/logo\/image\/\"}}]}<\/script>\n<!-- \/ Yoast SEO plugin. -->","yoast_head_json":{"title":"Akin Kerzenst\u00e4nder Gr\u00fcn (2er Set) - H\u00fcbsch","description":"Diese staubgr\u00fcnen Kerzenhalter aus Glas sind genau das Richtige f\u00fcr eine schimmernde Stumpenkerze und bringen eine gute Stimmung in Ihre Einrichtung. Es","robots":{"index":"index","follow":"follow","max-snippet":"max-snippet:-1","max-image-preview":"max-image-preview:large","max-video-preview":"max-video-preview:-1"},"canonical":"https:\/\/hubsch-interior.com\/de\/wp-json\/wp\/v2\/product\/740104","og_locale":"de_DE","og_type":"article","og_title":"Akin Kerzenst\u00e4nder Gr\u00fcn (2er Set) - H\u00fcbsch","og_description":"Diese staubgr\u00fcnen Kerzenhalter aus Glas sind genau das Richtige f\u00fcr eine schimmernde Stumpenkerze und bringen eine gute Stimmung in Ihre Einrichtung. Es","og_url":"https:\/\/hubsch-interior.com\/de\/produkt\/akin-kerzenstander-grun-2er-set\/","og_site_name":"H\u00fcbsch","article_modified_time":"2026-04-09T02:37:56+00:00","og_image":[{"width":1200,"height":1200,"url":"https:\/\/hubsch-interior.com\/wp-content\/uploads\/2025\/04\/akin-candleholders-green-set-of-2-28c65d07b9ca66020ad4a4854839cb14.jpg","type":"image\/jpeg"}],"twitter_card":"summary_large_image","schema":{"@context":"https:\/\/schema.org","@graph":[{"@type":"WebPage","@id":"https:\/\/hubsch-interior.com\/de\/produkt\/akin-kerzenstander-grun-2er-set\/","url":"https:\/\/hubsch-interior.com\/de\/produkt\/akin-kerzenstander-grun-2er-set\/","name":"Akin Kerzenst\u00e4nder Gr\u00fcn (2er Set) - H\u00fcbsch","isPartOf":{"@id":"https:\/\/hubsch-interior.com\/de\/#website"},"primaryImageOfPage":{"@id":"https:\/\/hubsch-interior.com\/de\/produkt\/akin-kerzenstander-grun-2er-set\/#primaryimage"},"image":{"@id":"https:\/\/hubsch-interior.com\/de\/produkt\/akin-kerzenstander-grun-2er-set\/#primaryimage"},"thumbnailUrl":"https:\/\/hubsch-interior.com\/wp-content\/uploads\/2026\/02\/akin-candleholders-green-set-of-2-7305b7cc9e9dbdc49390b4090879b5e5.jpg","datePublished":"2022-02-08T13:51:35+00:00","dateModified":"2026-04-09T02:37:56+00:00","description":"Diese staubgr\u00fcnen Kerzenhalter aus Glas sind genau das Richtige f\u00fcr eine schimmernde Stumpenkerze und bringen eine gute Stimmung in Ihre Einrichtung. Es","breadcrumb":{"@id":"https:\/\/hubsch-interior.com\/de\/produkt\/akin-kerzenstander-grun-2er-set\/#breadcrumb"},"inLanguage":"de","potentialAction":[{"@type":"ReadAction","target":["https:\/\/hubsch-interior.com\/de\/produkt\/akin-kerzenstander-grun-2er-set\/"]}]},{"@type":"ImageObject","inLanguage":"de","@id":"https:\/\/hubsch-interior.com\/de\/produkt\/akin-kerzenstander-grun-2er-set\/#primaryimage","url":"https:\/\/hubsch-interior.com\/wp-content\/uploads\/2026\/02\/akin-candleholders-green-set-of-2-7305b7cc9e9dbdc49390b4090879b5e5.jpg","contentUrl":"https:\/\/hubsch-interior.com\/wp-content\/uploads\/2026\/02\/akin-candleholders-green-set-of-2-7305b7cc9e9dbdc49390b4090879b5e5.jpg","width":1024,"height":1024},{"@type":"BreadcrumbList","@id":"https:\/\/hubsch-interior.com\/de\/produkt\/akin-kerzenstander-grun-2er-set\/#breadcrumb","itemListElement":[{"@type":"ListItem","position":1,"name":"Startseite","item":"https:\/\/hubsch-interior.com\/de\/"},{"@type":"ListItem","position":2,"name":"Produkte","item":"https:\/\/hubsch-interior.com\/de\/shop-2\/"},{"@type":"ListItem","position":3,"name":"Wohnaccessoires","item":"https:\/\/hubsch-interior.com\/de\/produkt-kategorie\/wohnaccessoires\/"},{"@type":"ListItem","position":4,"name":"Kerzenst&auml;nder &amp; Laternen","item":"https:\/\/hubsch-interior.com\/de\/produkt-kategorie\/wohnaccessoires\/kerzenstaender-laternen-de\/"},{"@type":"ListItem","position":5,"name":"Kerzenst&auml;nder","item":"https:\/\/hubsch-interior.com\/de\/produkt-kategorie\/wohnaccessoires\/kerzenstaender-laternen-de\/kerzenstaender-de\/"},{"@type":"ListItem","position":6,"name":"Akin Kerzenst\u00e4nder Gr\u00fcn (2er Set)"}]},{"@type":"WebSite","@id":"https:\/\/hubsch-interior.com\/de\/#website","url":"https:\/\/hubsch-interior.com\/de\/","name":"H\u00fcbsch","description":"Danish Home Interior and Design","publisher":{"@id":"https:\/\/hubsch-interior.com\/de\/#organization"},"potentialAction":[{"@type":"SearchAction","target":{"@type":"EntryPoint","urlTemplate":"https:\/\/hubsch-interior.com\/de\/?s={search_term_string}"},"query-input":{"@type":"PropertyValueSpecification","valueRequired":true,"valueName":"search_term_string"}}],"inLanguage":"de"},{"@type":"Organization","@id":"https:\/\/hubsch-interior.com\/de\/#organization","name":"H\u00fcbsch","url":"https:\/\/hubsch-interior.com\/de\/","logo":{"@type":"ImageObject","inLanguage":"de","@id":"https:\/\/hubsch-interior.com\/de\/#\/schema\/logo\/image\/","url":"https:\/\/hubsch-interior.com\/wp-content\/uploads\/2022\/12\/Hubsch_logo_black_one_line.svg","contentUrl":"https:\/\/hubsch-interior.com\/wp-content\/uploads\/2022\/12\/Hubsch_logo_black_one_line.svg","caption":"H\u00fcbsch"},"image":{"@id":"https:\/\/hubsch-interior.com\/de\/#\/schema\/logo\/image\/"}}]}},"_links":{"self":[{"href":"https:\/\/hubsch-interior.com\/de\/wp-json\/wp\/v2\/product\/740104","targetHints":{"allow":["GET"]}}],"collection":[{"href":"https:\/\/hubsch-interior.com\/de\/wp-json\/wp\/v2\/product"}],"about":[{"href":"https:\/\/hubsch-interior.com\/de\/wp-json\/wp\/v2\/types\/product"}],"wp:featuredmedia":[{"embeddable":true,"href":"https:\/\/hubsch-interior.com\/de\/wp-json\/wp\/v2\/media\/1099016"}],"wp:attachment":[{"href":"https:\/\/hubsch-interior.com\/de\/wp-json\/wp\/v2\/media?parent=740104"}],"wp:term":[{"taxonomy":"product_brand","embeddable":true,"href":"https:\/\/hubsch-interior.com\/de\/wp-json\/wp\/v2\/product_brand?post=740104"},{"taxonomy":"product_cat","embeddable":true,"href":"https:\/\/hubsch-interior.com\/de\/wp-json\/wp\/v2\/product_cat?post=740104"},{"taxonomy":"product_tag","embeddable":true,"href":"https:\/\/hubsch-interior.com\/de\/wp-json\/wp\/v2\/product_tag?post=740104"}],"curies":[{"name":"wp","href":"https:\/\/api.w.org\/{rel}","templated":true}]}}