{"id":740902,"date":"2022-02-08T15:29:42","date_gmt":"2022-02-08T14:29:42","guid":{"rendered":"https:\/\/hubsch-interior.com\/product\/product\/"},"modified":"2026-04-09T04:38:01","modified_gmt":"2026-04-09T02:38:01","slug":"flora-schale-grun","status":"publish","type":"product","link":"https:\/\/hubsch-interior.com\/de\/produkt\/flora-schale-grun\/","title":{"rendered":"Flora Schale Gr\u00fcn"},"content":{"rendered":"<p>Ein Snack vor dem Essen verdient nur das Beste. Und dieses Schmuckst\u00fcck aus gr\u00fcnem Glas ist die perfekte L\u00f6sung f\u00fcr eine Schale Obst oder Gem\u00fcse. Auch der Mittags- oder Abendbrottisch verdient einen Farbklecks. Eine Schale ist immer praktisch f\u00fcr Oliven, Gew\u00fcrze oder N\u00fcsse. Sie eignet sich perfekt f\u00fcr die Snacks am Freitagabend wie Popcorn oder Chips. Sie k\u00f6nnen mit der Schale alternativ auch Ihren Nachttisch dekorieren und gleichzeitig den \u00dcberblick \u00fcber Ihren Schmuck behalten. <\/p>\n","protected":false},"excerpt":{"rendered":"<p>Ein Snack vor dem Essen verdient nur das Beste. Und dieses Schmuckst\u00fcck aus gr\u00fcnem Glas ist die perfekte L\u00f6sung f\u00fcr eine Schale Obst oder Gem\u00fcse. Auch der Mittags- oder Abendbrottisch verdient einen Farbklecks. Eine Schale ist immer praktisch f\u00fcr Oliven, Gew\u00fcrze oder N\u00fcsse. Sie eignet sich perfekt f\u00fcr die Snacks am Freitagabend wie Popcorn oder [&hellip;]<\/p>\n","protected":false},"featured_media":1099044,"template":"","meta":{"_acf_changed":false,"inline_featured_image":false},"product_brand":[],"product_cat":[6972,6349,4055,4096,6519],"product_tag":[],"class_list":{"0":"post-740902","1":"product","2":"type-product","3":"status-publish","4":"has-post-thumbnail","6":"product_cat-oster-sale","7":"product_cat-garden-selection-de","8":"product_cat-kuechenzubehoer-de","9":"product_cat-tischgeschirr-de","10":"product_cat-outlet-de","11":"product_shipping_class-pk","13":"pa_color-grn-2","14":"pa_material-glas-de","16":"first","17":"instock","18":"sale","19":"taxable","20":"shipping-taxable","21":"purchasable","22":"product-type-simple"},"exclude_global_add_ons":[],"addons":[],"acf":[],"yoast_head":"<!-- This site is optimized with the Yoast SEO plugin v26.4 - https:\/\/yoast.com\/wordpress\/plugins\/seo\/ -->\n<title>Flora Schale Gr\u00fcn - H\u00fcbsch<\/title>\n<meta name=\"description\" content=\"Ein Snack vor dem Essen verdient nur das Beste. Und dieses Schmuckst\u00fcck aus gr\u00fcnem Glas ist die perfekte L\u00f6sung f\u00fcr eine Schale Obst oder Gem\u00fcse. Auch der\" \/>\n<meta name=\"robots\" content=\"index, follow, max-snippet:-1, max-image-preview:large, max-video-preview:-1\" \/>\n<link rel=\"canonical\" href=\"https:\/\/hubsch-interior.com\/de\/wp-json\/wp\/v2\/product\/740902\" \/>\n<meta property=\"og:locale\" content=\"de_DE\" \/>\n<meta property=\"og:type\" content=\"article\" \/>\n<meta property=\"og:title\" content=\"Flora Schale Gr\u00fcn - H\u00fcbsch\" \/>\n<meta property=\"og:description\" content=\"Ein Snack vor dem Essen verdient nur das Beste. Und dieses Schmuckst\u00fcck aus gr\u00fcnem Glas ist die perfekte L\u00f6sung f\u00fcr eine Schale Obst oder Gem\u00fcse. Auch der\" \/>\n<meta property=\"og:url\" content=\"https:\/\/hubsch-interior.com\/de\/produkt\/flora-schale-grun\/\" \/>\n<meta property=\"og:site_name\" content=\"H\u00fcbsch\" \/>\n<meta property=\"article:modified_time\" content=\"2026-04-09T02:38:01+00:00\" \/>\n<meta property=\"og:image\" content=\"https:\/\/hubsch-interior.com\/wp-content\/uploads\/2025\/05\/flora-bowl-green-8fc4e983e786f800c6c7e309571bbb5e.jpg\" \/>\n\t<meta property=\"og:image:width\" content=\"1200\" \/>\n\t<meta property=\"og:image:height\" content=\"1200\" \/>\n\t<meta property=\"og:image:type\" content=\"image\/jpeg\" \/>\n<meta name=\"twitter:card\" content=\"summary_large_image\" \/>\n<script type=\"application\/ld+json\" class=\"yoast-schema-graph\">{\"@context\":\"https:\/\/schema.org\",\"@graph\":[{\"@type\":\"WebPage\",\"@id\":\"https:\/\/hubsch-interior.com\/de\/produkt\/flora-schale-grun\/\",\"url\":\"https:\/\/hubsch-interior.com\/de\/produkt\/flora-schale-grun\/\",\"name\":\"Flora Schale Gr\u00fcn - H\u00fcbsch\",\"isPartOf\":{\"@id\":\"https:\/\/hubsch-interior.com\/de\/#website\"},\"primaryImageOfPage\":{\"@id\":\"https:\/\/hubsch-interior.com\/de\/produkt\/flora-schale-grun\/#primaryimage\"},\"image\":{\"@id\":\"https:\/\/hubsch-interior.com\/de\/produkt\/flora-schale-grun\/#primaryimage\"},\"thumbnailUrl\":\"https:\/\/hubsch-interior.com\/wp-content\/uploads\/2026\/02\/flora-bowl-green-f53ef2e25e8e39de39e8a6834deb74d1.jpg\",\"datePublished\":\"2022-02-08T14:29:42+00:00\",\"dateModified\":\"2026-04-09T02:38:01+00:00\",\"description\":\"Ein Snack vor dem Essen verdient nur das Beste. Und dieses Schmuckst\u00fcck aus gr\u00fcnem Glas ist die perfekte L\u00f6sung f\u00fcr eine Schale Obst oder Gem\u00fcse. Auch der\",\"breadcrumb\":{\"@id\":\"https:\/\/hubsch-interior.com\/de\/produkt\/flora-schale-grun\/#breadcrumb\"},\"inLanguage\":\"de\",\"potentialAction\":[{\"@type\":\"ReadAction\",\"target\":[\"https:\/\/hubsch-interior.com\/de\/produkt\/flora-schale-grun\/\"]}]},{\"@type\":\"ImageObject\",\"inLanguage\":\"de\",\"@id\":\"https:\/\/hubsch-interior.com\/de\/produkt\/flora-schale-grun\/#primaryimage\",\"url\":\"https:\/\/hubsch-interior.com\/wp-content\/uploads\/2026\/02\/flora-bowl-green-f53ef2e25e8e39de39e8a6834deb74d1.jpg\",\"contentUrl\":\"https:\/\/hubsch-interior.com\/wp-content\/uploads\/2026\/02\/flora-bowl-green-f53ef2e25e8e39de39e8a6834deb74d1.jpg\",\"width\":1024,\"height\":1024},{\"@type\":\"BreadcrumbList\",\"@id\":\"https:\/\/hubsch-interior.com\/de\/produkt\/flora-schale-grun\/#breadcrumb\",\"itemListElement\":[{\"@type\":\"ListItem\",\"position\":1,\"name\":\"Startseite\",\"item\":\"https:\/\/hubsch-interior.com\/de\/\"},{\"@type\":\"ListItem\",\"position\":2,\"name\":\"Produkte\",\"item\":\"https:\/\/hubsch-interior.com\/de\/shop-2\/\"},{\"@type\":\"ListItem\",\"position\":3,\"name\":\"Wohnaccessoires\",\"item\":\"https:\/\/hubsch-interior.com\/de\/produkt-kategorie\/wohnaccessoires\/\"},{\"@type\":\"ListItem\",\"position\":4,\"name\":\"K&uuml;chenzubeh&ouml;r\",\"item\":\"https:\/\/hubsch-interior.com\/de\/produkt-kategorie\/wohnaccessoires\/kuechenzubehoer-de\/\"},{\"@type\":\"ListItem\",\"position\":5,\"name\":\"Tischgeschirr\",\"item\":\"https:\/\/hubsch-interior.com\/de\/produkt-kategorie\/wohnaccessoires\/kuechenzubehoer-de\/tischgeschirr-de\/\"},{\"@type\":\"ListItem\",\"position\":6,\"name\":\"Flora Schale Gr\u00fcn\"}]},{\"@type\":\"WebSite\",\"@id\":\"https:\/\/hubsch-interior.com\/de\/#website\",\"url\":\"https:\/\/hubsch-interior.com\/de\/\",\"name\":\"H\u00fcbsch\",\"description\":\"Danish Home Interior and Design\",\"publisher\":{\"@id\":\"https:\/\/hubsch-interior.com\/de\/#organization\"},\"potentialAction\":[{\"@type\":\"SearchAction\",\"target\":{\"@type\":\"EntryPoint\",\"urlTemplate\":\"https:\/\/hubsch-interior.com\/de\/?s={search_term_string}\"},\"query-input\":{\"@type\":\"PropertyValueSpecification\",\"valueRequired\":true,\"valueName\":\"search_term_string\"}}],\"inLanguage\":\"de\"},{\"@type\":\"Organization\",\"@id\":\"https:\/\/hubsch-interior.com\/de\/#organization\",\"name\":\"H\u00fcbsch\",\"url\":\"https:\/\/hubsch-interior.com\/de\/\",\"logo\":{\"@type\":\"ImageObject\",\"inLanguage\":\"de\",\"@id\":\"https:\/\/hubsch-interior.com\/de\/#\/schema\/logo\/image\/\",\"url\":\"https:\/\/hubsch-interior.com\/wp-content\/uploads\/2022\/12\/Hubsch_logo_black_one_line.svg\",\"contentUrl\":\"https:\/\/hubsch-interior.com\/wp-content\/uploads\/2022\/12\/Hubsch_logo_black_one_line.svg\",\"caption\":\"H\u00fcbsch\"},\"image\":{\"@id\":\"https:\/\/hubsch-interior.com\/de\/#\/schema\/logo\/image\/\"}}]}<\/script>\n<!-- \/ Yoast SEO plugin. -->","yoast_head_json":{"title":"Flora Schale Gr\u00fcn - H\u00fcbsch","description":"Ein Snack vor dem Essen verdient nur das Beste. Und dieses Schmuckst\u00fcck aus gr\u00fcnem Glas ist die perfekte L\u00f6sung f\u00fcr eine Schale Obst oder Gem\u00fcse. Auch der","robots":{"index":"index","follow":"follow","max-snippet":"max-snippet:-1","max-image-preview":"max-image-preview:large","max-video-preview":"max-video-preview:-1"},"canonical":"https:\/\/hubsch-interior.com\/de\/wp-json\/wp\/v2\/product\/740902","og_locale":"de_DE","og_type":"article","og_title":"Flora Schale Gr\u00fcn - H\u00fcbsch","og_description":"Ein Snack vor dem Essen verdient nur das Beste. Und dieses Schmuckst\u00fcck aus gr\u00fcnem Glas ist die perfekte L\u00f6sung f\u00fcr eine Schale Obst oder Gem\u00fcse. Auch der","og_url":"https:\/\/hubsch-interior.com\/de\/produkt\/flora-schale-grun\/","og_site_name":"H\u00fcbsch","article_modified_time":"2026-04-09T02:38:01+00:00","og_image":[{"width":1200,"height":1200,"url":"https:\/\/hubsch-interior.com\/wp-content\/uploads\/2025\/05\/flora-bowl-green-8fc4e983e786f800c6c7e309571bbb5e.jpg","type":"image\/jpeg"}],"twitter_card":"summary_large_image","schema":{"@context":"https:\/\/schema.org","@graph":[{"@type":"WebPage","@id":"https:\/\/hubsch-interior.com\/de\/produkt\/flora-schale-grun\/","url":"https:\/\/hubsch-interior.com\/de\/produkt\/flora-schale-grun\/","name":"Flora Schale Gr\u00fcn - H\u00fcbsch","isPartOf":{"@id":"https:\/\/hubsch-interior.com\/de\/#website"},"primaryImageOfPage":{"@id":"https:\/\/hubsch-interior.com\/de\/produkt\/flora-schale-grun\/#primaryimage"},"image":{"@id":"https:\/\/hubsch-interior.com\/de\/produkt\/flora-schale-grun\/#primaryimage"},"thumbnailUrl":"https:\/\/hubsch-interior.com\/wp-content\/uploads\/2026\/02\/flora-bowl-green-f53ef2e25e8e39de39e8a6834deb74d1.jpg","datePublished":"2022-02-08T14:29:42+00:00","dateModified":"2026-04-09T02:38:01+00:00","description":"Ein Snack vor dem Essen verdient nur das Beste. Und dieses Schmuckst\u00fcck aus gr\u00fcnem Glas ist die perfekte L\u00f6sung f\u00fcr eine Schale Obst oder Gem\u00fcse. Auch der","breadcrumb":{"@id":"https:\/\/hubsch-interior.com\/de\/produkt\/flora-schale-grun\/#breadcrumb"},"inLanguage":"de","potentialAction":[{"@type":"ReadAction","target":["https:\/\/hubsch-interior.com\/de\/produkt\/flora-schale-grun\/"]}]},{"@type":"ImageObject","inLanguage":"de","@id":"https:\/\/hubsch-interior.com\/de\/produkt\/flora-schale-grun\/#primaryimage","url":"https:\/\/hubsch-interior.com\/wp-content\/uploads\/2026\/02\/flora-bowl-green-f53ef2e25e8e39de39e8a6834deb74d1.jpg","contentUrl":"https:\/\/hubsch-interior.com\/wp-content\/uploads\/2026\/02\/flora-bowl-green-f53ef2e25e8e39de39e8a6834deb74d1.jpg","width":1024,"height":1024},{"@type":"BreadcrumbList","@id":"https:\/\/hubsch-interior.com\/de\/produkt\/flora-schale-grun\/#breadcrumb","itemListElement":[{"@type":"ListItem","position":1,"name":"Startseite","item":"https:\/\/hubsch-interior.com\/de\/"},{"@type":"ListItem","position":2,"name":"Produkte","item":"https:\/\/hubsch-interior.com\/de\/shop-2\/"},{"@type":"ListItem","position":3,"name":"Wohnaccessoires","item":"https:\/\/hubsch-interior.com\/de\/produkt-kategorie\/wohnaccessoires\/"},{"@type":"ListItem","position":4,"name":"K&uuml;chenzubeh&ouml;r","item":"https:\/\/hubsch-interior.com\/de\/produkt-kategorie\/wohnaccessoires\/kuechenzubehoer-de\/"},{"@type":"ListItem","position":5,"name":"Tischgeschirr","item":"https:\/\/hubsch-interior.com\/de\/produkt-kategorie\/wohnaccessoires\/kuechenzubehoer-de\/tischgeschirr-de\/"},{"@type":"ListItem","position":6,"name":"Flora Schale Gr\u00fcn"}]},{"@type":"WebSite","@id":"https:\/\/hubsch-interior.com\/de\/#website","url":"https:\/\/hubsch-interior.com\/de\/","name":"H\u00fcbsch","description":"Danish Home Interior and Design","publisher":{"@id":"https:\/\/hubsch-interior.com\/de\/#organization"},"potentialAction":[{"@type":"SearchAction","target":{"@type":"EntryPoint","urlTemplate":"https:\/\/hubsch-interior.com\/de\/?s={search_term_string}"},"query-input":{"@type":"PropertyValueSpecification","valueRequired":true,"valueName":"search_term_string"}}],"inLanguage":"de"},{"@type":"Organization","@id":"https:\/\/hubsch-interior.com\/de\/#organization","name":"H\u00fcbsch","url":"https:\/\/hubsch-interior.com\/de\/","logo":{"@type":"ImageObject","inLanguage":"de","@id":"https:\/\/hubsch-interior.com\/de\/#\/schema\/logo\/image\/","url":"https:\/\/hubsch-interior.com\/wp-content\/uploads\/2022\/12\/Hubsch_logo_black_one_line.svg","contentUrl":"https:\/\/hubsch-interior.com\/wp-content\/uploads\/2022\/12\/Hubsch_logo_black_one_line.svg","caption":"H\u00fcbsch"},"image":{"@id":"https:\/\/hubsch-interior.com\/de\/#\/schema\/logo\/image\/"}}]}},"_links":{"self":[{"href":"https:\/\/hubsch-interior.com\/de\/wp-json\/wp\/v2\/product\/740902","targetHints":{"allow":["GET"]}}],"collection":[{"href":"https:\/\/hubsch-interior.com\/de\/wp-json\/wp\/v2\/product"}],"about":[{"href":"https:\/\/hubsch-interior.com\/de\/wp-json\/wp\/v2\/types\/product"}],"wp:featuredmedia":[{"embeddable":true,"href":"https:\/\/hubsch-interior.com\/de\/wp-json\/wp\/v2\/media\/1099044"}],"wp:attachment":[{"href":"https:\/\/hubsch-interior.com\/de\/wp-json\/wp\/v2\/media?parent=740902"}],"wp:term":[{"taxonomy":"product_brand","embeddable":true,"href":"https:\/\/hubsch-interior.com\/de\/wp-json\/wp\/v2\/product_brand?post=740902"},{"taxonomy":"product_cat","embeddable":true,"href":"https:\/\/hubsch-interior.com\/de\/wp-json\/wp\/v2\/product_cat?post=740902"},{"taxonomy":"product_tag","embeddable":true,"href":"https:\/\/hubsch-interior.com\/de\/wp-json\/wp\/v2\/product_tag?post=740902"}],"curies":[{"name":"wp","href":"https:\/\/api.w.org\/{rel}","templated":true}]}}