{"id":740926,"date":"2022-02-08T15:29:49","date_gmt":"2022-02-08T14:29:49","guid":{"rendered":"https:\/\/hubsch-interior.com\/product\/product\/"},"modified":"2026-04-29T04:38:04","modified_gmt":"2026-04-29T02:38:04","slug":"flora-schale-rosa","status":"publish","type":"product","link":"https:\/\/hubsch-interior.com\/de\/produkt\/flora-schale-rosa\/","title":{"rendered":"Flora Schale Rosa"},"content":{"rendered":"<p>Ein Snack vor dem Essen verdient nur das Beste. Und dieses Schmuckst\u00fcck aus rosafarbenem Glas ist die perfekte L\u00f6sung f\u00fcr eine Schale Obst oder Gem\u00fcse. Auch der Mittags- oder Abendbrottisch verdient einen Farbklecks. Eine Schale ist immer praktisch f\u00fcr Oliven, Gew\u00fcrze oder N\u00fcsse. Sie eignet sich ideal f\u00fcr die Snacks am Freitagabend wie Popcorn oder Chips. Sie k\u00f6nnen mit der Schale alternativ auch Ihren Nachttisch dekorieren und gleichzeitig den \u00dcberblick \u00fcber Ihren Schmuck behalten.<\/p>\n","protected":false},"excerpt":{"rendered":"<p>Ein Snack vor dem Essen verdient nur das Beste. Und dieses Schmuckst\u00fcck aus rosafarbenem Glas ist die perfekte L\u00f6sung f\u00fcr eine Schale Obst oder Gem\u00fcse. Auch der Mittags- oder Abendbrottisch verdient einen Farbklecks. Eine Schale ist immer praktisch f\u00fcr Oliven, Gew\u00fcrze oder N\u00fcsse. Sie eignet sich ideal f\u00fcr die Snacks am Freitagabend wie Popcorn oder [&hellip;]<\/p>\n","protected":false},"featured_media":1099064,"template":"","meta":{"_acf_changed":false,"inline_featured_image":false},"product_brand":[],"product_cat":[6972,7044,7029,6349,4055,4096],"product_tag":[],"class_list":{"0":"post-740926","1":"product","2":"type-product","3":"status-publish","4":"has-post-thumbnail","6":"product_cat-oster-sale","7":"product_cat-servierschalen-de","8":"product_cat-tischgeschirr-de-2","9":"product_cat-garden-selection-de","10":"product_cat-kuechenzubehoer-de","11":"product_cat-tischgeschirr-de","12":"product_shipping_class-pk","14":"pa_color-rosa-de","15":"pa_material-glas-de","17":"first","18":"instock","19":"taxable","20":"shipping-taxable","21":"purchasable","22":"product-type-simple"},"exclude_global_add_ons":[],"addons":[],"acf":[],"yoast_head":"<!-- This site is optimized with the Yoast SEO plugin v26.4 - https:\/\/yoast.com\/wordpress\/plugins\/seo\/ -->\n<title>Flora Schale Rosa - H\u00fcbsch<\/title>\n<meta name=\"description\" content=\"Ein Snack vor dem Essen verdient nur das Beste. Und dieses Schmuckst\u00fcck aus rosafarbenem Glas ist die perfekte L\u00f6sung f\u00fcr eine Schale Obst oder Gem\u00fcse.\" \/>\n<meta name=\"robots\" content=\"index, follow, max-snippet:-1, max-image-preview:large, max-video-preview:-1\" \/>\n<link rel=\"canonical\" href=\"https:\/\/hubsch-interior.com\/de\/wp-json\/wp\/v2\/product\/740926\" \/>\n<meta property=\"og:locale\" content=\"de_DE\" \/>\n<meta property=\"og:type\" content=\"article\" \/>\n<meta property=\"og:title\" content=\"Flora Schale Rosa - H\u00fcbsch\" \/>\n<meta property=\"og:description\" content=\"Ein Snack vor dem Essen verdient nur das Beste. Und dieses Schmuckst\u00fcck aus rosafarbenem Glas ist die perfekte L\u00f6sung f\u00fcr eine Schale Obst oder Gem\u00fcse.\" \/>\n<meta property=\"og:url\" content=\"https:\/\/hubsch-interior.com\/de\/produkt\/flora-schale-rosa\/\" \/>\n<meta property=\"og:site_name\" content=\"H\u00fcbsch\" \/>\n<meta property=\"article:modified_time\" content=\"2026-04-29T02:38:04+00:00\" \/>\n<meta property=\"og:image\" content=\"https:\/\/hubsch-interior.com\/wp-content\/uploads\/2024\/01\/flora-bowl-pink-f0f20f825ac37ffb1dc17daefd5e4540.jpg\" \/>\n\t<meta property=\"og:image:width\" content=\"1200\" \/>\n\t<meta property=\"og:image:height\" content=\"1200\" \/>\n\t<meta property=\"og:image:type\" content=\"image\/jpeg\" \/>\n<meta name=\"twitter:card\" content=\"summary_large_image\" \/>\n<script type=\"application\/ld+json\" class=\"yoast-schema-graph\">{\"@context\":\"https:\/\/schema.org\",\"@graph\":[{\"@type\":\"WebPage\",\"@id\":\"https:\/\/hubsch-interior.com\/de\/produkt\/flora-schale-rosa\/\",\"url\":\"https:\/\/hubsch-interior.com\/de\/produkt\/flora-schale-rosa\/\",\"name\":\"Flora Schale Rosa - H\u00fcbsch\",\"isPartOf\":{\"@id\":\"https:\/\/hubsch-interior.com\/de\/#website\"},\"primaryImageOfPage\":{\"@id\":\"https:\/\/hubsch-interior.com\/de\/produkt\/flora-schale-rosa\/#primaryimage\"},\"image\":{\"@id\":\"https:\/\/hubsch-interior.com\/de\/produkt\/flora-schale-rosa\/#primaryimage\"},\"thumbnailUrl\":\"https:\/\/hubsch-interior.com\/wp-content\/uploads\/2026\/02\/flora-bowl-pink-13d23c63a164deafc3cc1e8b50392100.jpg\",\"datePublished\":\"2022-02-08T14:29:49+00:00\",\"dateModified\":\"2026-04-29T02:38:04+00:00\",\"description\":\"Ein Snack vor dem Essen verdient nur das Beste. Und dieses Schmuckst\u00fcck aus rosafarbenem Glas ist die perfekte L\u00f6sung f\u00fcr eine Schale Obst oder Gem\u00fcse.\",\"breadcrumb\":{\"@id\":\"https:\/\/hubsch-interior.com\/de\/produkt\/flora-schale-rosa\/#breadcrumb\"},\"inLanguage\":\"de\",\"potentialAction\":[{\"@type\":\"ReadAction\",\"target\":[\"https:\/\/hubsch-interior.com\/de\/produkt\/flora-schale-rosa\/\"]}]},{\"@type\":\"ImageObject\",\"inLanguage\":\"de\",\"@id\":\"https:\/\/hubsch-interior.com\/de\/produkt\/flora-schale-rosa\/#primaryimage\",\"url\":\"https:\/\/hubsch-interior.com\/wp-content\/uploads\/2026\/02\/flora-bowl-pink-13d23c63a164deafc3cc1e8b50392100.jpg\",\"contentUrl\":\"https:\/\/hubsch-interior.com\/wp-content\/uploads\/2026\/02\/flora-bowl-pink-13d23c63a164deafc3cc1e8b50392100.jpg\",\"width\":1024,\"height\":1024},{\"@type\":\"BreadcrumbList\",\"@id\":\"https:\/\/hubsch-interior.com\/de\/produkt\/flora-schale-rosa\/#breadcrumb\",\"itemListElement\":[{\"@type\":\"ListItem\",\"position\":1,\"name\":\"Startseite\",\"item\":\"https:\/\/hubsch-interior.com\/de\/\"},{\"@type\":\"ListItem\",\"position\":2,\"name\":\"Produkte\",\"item\":\"https:\/\/hubsch-interior.com\/de\/shop-2\/\"},{\"@type\":\"ListItem\",\"position\":3,\"name\":\"K\u00fcche\",\"item\":\"https:\/\/hubsch-interior.com\/de\/produkt-kategorie\/kuche\/\"},{\"@type\":\"ListItem\",\"position\":4,\"name\":\"Tischgeschirr\",\"item\":\"https:\/\/hubsch-interior.com\/de\/produkt-kategorie\/kuche\/tischgeschirr-de-2\/\"},{\"@type\":\"ListItem\",\"position\":5,\"name\":\"Servierschalen\",\"item\":\"https:\/\/hubsch-interior.com\/de\/produkt-kategorie\/kuche\/tischgeschirr-de-2\/servierschalen-de\/\"},{\"@type\":\"ListItem\",\"position\":6,\"name\":\"Flora Schale Rosa\"}]},{\"@type\":\"WebSite\",\"@id\":\"https:\/\/hubsch-interior.com\/de\/#website\",\"url\":\"https:\/\/hubsch-interior.com\/de\/\",\"name\":\"H\u00fcbsch\",\"description\":\"Danish Home Interior and Design\",\"publisher\":{\"@id\":\"https:\/\/hubsch-interior.com\/de\/#organization\"},\"potentialAction\":[{\"@type\":\"SearchAction\",\"target\":{\"@type\":\"EntryPoint\",\"urlTemplate\":\"https:\/\/hubsch-interior.com\/de\/?s={search_term_string}\"},\"query-input\":{\"@type\":\"PropertyValueSpecification\",\"valueRequired\":true,\"valueName\":\"search_term_string\"}}],\"inLanguage\":\"de\"},{\"@type\":\"Organization\",\"@id\":\"https:\/\/hubsch-interior.com\/de\/#organization\",\"name\":\"H\u00fcbsch\",\"url\":\"https:\/\/hubsch-interior.com\/de\/\",\"logo\":{\"@type\":\"ImageObject\",\"inLanguage\":\"de\",\"@id\":\"https:\/\/hubsch-interior.com\/de\/#\/schema\/logo\/image\/\",\"url\":\"https:\/\/hubsch-interior.com\/wp-content\/uploads\/2022\/12\/Hubsch_logo_black_one_line.svg\",\"contentUrl\":\"https:\/\/hubsch-interior.com\/wp-content\/uploads\/2022\/12\/Hubsch_logo_black_one_line.svg\",\"caption\":\"H\u00fcbsch\"},\"image\":{\"@id\":\"https:\/\/hubsch-interior.com\/de\/#\/schema\/logo\/image\/\"}}]}<\/script>\n<!-- \/ Yoast SEO plugin. -->","yoast_head_json":{"title":"Flora Schale Rosa - H\u00fcbsch","description":"Ein Snack vor dem Essen verdient nur das Beste. Und dieses Schmuckst\u00fcck aus rosafarbenem Glas ist die perfekte L\u00f6sung f\u00fcr eine Schale Obst oder Gem\u00fcse.","robots":{"index":"index","follow":"follow","max-snippet":"max-snippet:-1","max-image-preview":"max-image-preview:large","max-video-preview":"max-video-preview:-1"},"canonical":"https:\/\/hubsch-interior.com\/de\/wp-json\/wp\/v2\/product\/740926","og_locale":"de_DE","og_type":"article","og_title":"Flora Schale Rosa - H\u00fcbsch","og_description":"Ein Snack vor dem Essen verdient nur das Beste. Und dieses Schmuckst\u00fcck aus rosafarbenem Glas ist die perfekte L\u00f6sung f\u00fcr eine Schale Obst oder Gem\u00fcse.","og_url":"https:\/\/hubsch-interior.com\/de\/produkt\/flora-schale-rosa\/","og_site_name":"H\u00fcbsch","article_modified_time":"2026-04-29T02:38:04+00:00","og_image":[{"width":1200,"height":1200,"url":"https:\/\/hubsch-interior.com\/wp-content\/uploads\/2024\/01\/flora-bowl-pink-f0f20f825ac37ffb1dc17daefd5e4540.jpg","type":"image\/jpeg"}],"twitter_card":"summary_large_image","schema":{"@context":"https:\/\/schema.org","@graph":[{"@type":"WebPage","@id":"https:\/\/hubsch-interior.com\/de\/produkt\/flora-schale-rosa\/","url":"https:\/\/hubsch-interior.com\/de\/produkt\/flora-schale-rosa\/","name":"Flora Schale Rosa - H\u00fcbsch","isPartOf":{"@id":"https:\/\/hubsch-interior.com\/de\/#website"},"primaryImageOfPage":{"@id":"https:\/\/hubsch-interior.com\/de\/produkt\/flora-schale-rosa\/#primaryimage"},"image":{"@id":"https:\/\/hubsch-interior.com\/de\/produkt\/flora-schale-rosa\/#primaryimage"},"thumbnailUrl":"https:\/\/hubsch-interior.com\/wp-content\/uploads\/2026\/02\/flora-bowl-pink-13d23c63a164deafc3cc1e8b50392100.jpg","datePublished":"2022-02-08T14:29:49+00:00","dateModified":"2026-04-29T02:38:04+00:00","description":"Ein Snack vor dem Essen verdient nur das Beste. Und dieses Schmuckst\u00fcck aus rosafarbenem Glas ist die perfekte L\u00f6sung f\u00fcr eine Schale Obst oder Gem\u00fcse.","breadcrumb":{"@id":"https:\/\/hubsch-interior.com\/de\/produkt\/flora-schale-rosa\/#breadcrumb"},"inLanguage":"de","potentialAction":[{"@type":"ReadAction","target":["https:\/\/hubsch-interior.com\/de\/produkt\/flora-schale-rosa\/"]}]},{"@type":"ImageObject","inLanguage":"de","@id":"https:\/\/hubsch-interior.com\/de\/produkt\/flora-schale-rosa\/#primaryimage","url":"https:\/\/hubsch-interior.com\/wp-content\/uploads\/2026\/02\/flora-bowl-pink-13d23c63a164deafc3cc1e8b50392100.jpg","contentUrl":"https:\/\/hubsch-interior.com\/wp-content\/uploads\/2026\/02\/flora-bowl-pink-13d23c63a164deafc3cc1e8b50392100.jpg","width":1024,"height":1024},{"@type":"BreadcrumbList","@id":"https:\/\/hubsch-interior.com\/de\/produkt\/flora-schale-rosa\/#breadcrumb","itemListElement":[{"@type":"ListItem","position":1,"name":"Startseite","item":"https:\/\/hubsch-interior.com\/de\/"},{"@type":"ListItem","position":2,"name":"Produkte","item":"https:\/\/hubsch-interior.com\/de\/shop-2\/"},{"@type":"ListItem","position":3,"name":"K\u00fcche","item":"https:\/\/hubsch-interior.com\/de\/produkt-kategorie\/kuche\/"},{"@type":"ListItem","position":4,"name":"Tischgeschirr","item":"https:\/\/hubsch-interior.com\/de\/produkt-kategorie\/kuche\/tischgeschirr-de-2\/"},{"@type":"ListItem","position":5,"name":"Servierschalen","item":"https:\/\/hubsch-interior.com\/de\/produkt-kategorie\/kuche\/tischgeschirr-de-2\/servierschalen-de\/"},{"@type":"ListItem","position":6,"name":"Flora Schale Rosa"}]},{"@type":"WebSite","@id":"https:\/\/hubsch-interior.com\/de\/#website","url":"https:\/\/hubsch-interior.com\/de\/","name":"H\u00fcbsch","description":"Danish Home Interior and Design","publisher":{"@id":"https:\/\/hubsch-interior.com\/de\/#organization"},"potentialAction":[{"@type":"SearchAction","target":{"@type":"EntryPoint","urlTemplate":"https:\/\/hubsch-interior.com\/de\/?s={search_term_string}"},"query-input":{"@type":"PropertyValueSpecification","valueRequired":true,"valueName":"search_term_string"}}],"inLanguage":"de"},{"@type":"Organization","@id":"https:\/\/hubsch-interior.com\/de\/#organization","name":"H\u00fcbsch","url":"https:\/\/hubsch-interior.com\/de\/","logo":{"@type":"ImageObject","inLanguage":"de","@id":"https:\/\/hubsch-interior.com\/de\/#\/schema\/logo\/image\/","url":"https:\/\/hubsch-interior.com\/wp-content\/uploads\/2022\/12\/Hubsch_logo_black_one_line.svg","contentUrl":"https:\/\/hubsch-interior.com\/wp-content\/uploads\/2022\/12\/Hubsch_logo_black_one_line.svg","caption":"H\u00fcbsch"},"image":{"@id":"https:\/\/hubsch-interior.com\/de\/#\/schema\/logo\/image\/"}}]}},"_links":{"self":[{"href":"https:\/\/hubsch-interior.com\/de\/wp-json\/wp\/v2\/product\/740926","targetHints":{"allow":["GET"]}}],"collection":[{"href":"https:\/\/hubsch-interior.com\/de\/wp-json\/wp\/v2\/product"}],"about":[{"href":"https:\/\/hubsch-interior.com\/de\/wp-json\/wp\/v2\/types\/product"}],"wp:featuredmedia":[{"embeddable":true,"href":"https:\/\/hubsch-interior.com\/de\/wp-json\/wp\/v2\/media\/1099064"}],"wp:attachment":[{"href":"https:\/\/hubsch-interior.com\/de\/wp-json\/wp\/v2\/media?parent=740926"}],"wp:term":[{"taxonomy":"product_brand","embeddable":true,"href":"https:\/\/hubsch-interior.com\/de\/wp-json\/wp\/v2\/product_brand?post=740926"},{"taxonomy":"product_cat","embeddable":true,"href":"https:\/\/hubsch-interior.com\/de\/wp-json\/wp\/v2\/product_cat?post=740926"},{"taxonomy":"product_tag","embeddable":true,"href":"https:\/\/hubsch-interior.com\/de\/wp-json\/wp\/v2\/product_tag?post=740926"}],"curies":[{"name":"wp","href":"https:\/\/api.w.org\/{rel}","templated":true}]}}