{"id":740946,"date":"2022-02-08T15:29:58","date_gmt":"2022-02-08T14:29:58","guid":{"rendered":"https:\/\/hubsch-interior.com\/product\/product\/"},"modified":"2026-04-06T04:37:06","modified_gmt":"2026-04-06T02:37:06","slug":"flora-gieskanne-grun-bernstein","status":"publish","type":"product","link":"https:\/\/hubsch-interior.com\/de\/produkt\/flora-gieskanne-grun-bernstein\/","title":{"rendered":"Flora Gie\u00dfkanne Gr\u00fcn\/Bernstein"},"content":{"rendered":"<p>Eine typische Routine beim Gie\u00dfen Ihrer Zimmerpflanzen ist es, die Gie\u00dfkanne aus dem Schrank zu holen. Oder? Mit dieser sch\u00f6nen Gie\u00dfkanne aus Glas m\u00fcssen Sie Ihre praktischen Helfer nicht mehr verstecken. Die skulpturale und farbenfrohe Gie\u00dfkanne k\u00f6nnen Sie \u00fcberall in Szene setzen, wo Sie m\u00f6chten. Wir sind der Meinung, dass sie einen Platz in der ersten Reihe in Ihrer Einrichtung verdient hat. Erh\u00e4ltlich in zwei Farben. <\/p>\n","protected":false},"excerpt":{"rendered":"<p>Eine typische Routine beim Gie\u00dfen Ihrer Zimmerpflanzen ist es, die Gie\u00dfkanne aus dem Schrank zu holen. Oder? Mit dieser sch\u00f6nen Gie\u00dfkanne aus Glas m\u00fcssen Sie Ihre praktischen Helfer nicht mehr verstecken. Die skulpturale und farbenfrohe Gie\u00dfkanne k\u00f6nnen Sie \u00fcberall in Szene setzen, wo Sie m\u00f6chten. Wir sind der Meinung, dass sie einen Platz in der [&hellip;]<\/p>\n","protected":false},"featured_media":1099088,"template":"","meta":{"_acf_changed":false,"inline_featured_image":false},"product_brand":[],"product_cat":[6944,6349,4916,5017,5027],"product_tag":[],"class_list":{"0":"post-740946","1":"product","2":"type-product","3":"status-publish","4":"has-post-thumbnail","6":"product_cat-bestseller-2025-de","7":"product_cat-garden-selection-de","8":"product_cat-toepfe-giesskannen-de","9":"product_cat-giesskannen-de","10":"product_cat-bestsellers-de","11":"product_shipping_class-pk","13":"pa_color-bernstein","14":"pa_color-grn-2","15":"pa_material-glas-de","17":"first","18":"instock","19":"featured","20":"taxable","21":"shipping-taxable","22":"purchasable","23":"product-type-simple"},"exclude_global_add_ons":[],"addons":[],"acf":[],"yoast_head":"<!-- This site is optimized with the Yoast SEO plugin v26.4 - https:\/\/yoast.com\/wordpress\/plugins\/seo\/ -->\n<title>Flora Gie\u00dfkanne Gr\u00fcn\/Bernstein - H\u00fcbsch<\/title>\n<meta name=\"description\" content=\"Eine typische Routine beim Gie\u00dfen Ihrer Zimmerpflanzen ist es, die Gie\u00dfkanne aus dem Schrank zu holen. Oder? Mit dieser sch\u00f6nen Gie\u00dfkanne aus Glas m\u00fcssen\" \/>\n<meta name=\"robots\" content=\"index, follow, max-snippet:-1, max-image-preview:large, max-video-preview:-1\" \/>\n<link rel=\"canonical\" href=\"https:\/\/hubsch-interior.com\/de\/wp-json\/wp\/v2\/product\/740946\" \/>\n<meta property=\"og:locale\" content=\"de_DE\" \/>\n<meta property=\"og:type\" content=\"article\" \/>\n<meta property=\"og:title\" content=\"Flora Gie\u00dfkanne Gr\u00fcn\/Bernstein - H\u00fcbsch\" \/>\n<meta property=\"og:description\" content=\"Eine typische Routine beim Gie\u00dfen Ihrer Zimmerpflanzen ist es, die Gie\u00dfkanne aus dem Schrank zu holen. Oder? Mit dieser sch\u00f6nen Gie\u00dfkanne aus Glas m\u00fcssen\" \/>\n<meta property=\"og:url\" content=\"https:\/\/hubsch-interior.com\/de\/produkt\/flora-gieskanne-grun-bernstein\/\" \/>\n<meta property=\"og:site_name\" content=\"H\u00fcbsch\" \/>\n<meta property=\"article:modified_time\" content=\"2026-04-06T02:37:06+00:00\" \/>\n<meta property=\"og:image\" content=\"https:\/\/hubsch-interior.com\/wp-content\/uploads\/2025\/05\/flora-watering-can-greenamber-4cd67c1f1baa4615e9bc817f289c0e0d.jpg\" \/>\n\t<meta property=\"og:image:width\" content=\"1200\" \/>\n\t<meta property=\"og:image:height\" content=\"1200\" \/>\n\t<meta property=\"og:image:type\" content=\"image\/jpeg\" \/>\n<meta name=\"twitter:card\" content=\"summary_large_image\" \/>\n<script type=\"application\/ld+json\" class=\"yoast-schema-graph\">{\"@context\":\"https:\/\/schema.org\",\"@graph\":[{\"@type\":\"WebPage\",\"@id\":\"https:\/\/hubsch-interior.com\/de\/produkt\/flora-gieskanne-grun-bernstein\/\",\"url\":\"https:\/\/hubsch-interior.com\/de\/produkt\/flora-gieskanne-grun-bernstein\/\",\"name\":\"Flora Gie\u00dfkanne Gr\u00fcn\/Bernstein - H\u00fcbsch\",\"isPartOf\":{\"@id\":\"https:\/\/hubsch-interior.com\/de\/#website\"},\"primaryImageOfPage\":{\"@id\":\"https:\/\/hubsch-interior.com\/de\/produkt\/flora-gieskanne-grun-bernstein\/#primaryimage\"},\"image\":{\"@id\":\"https:\/\/hubsch-interior.com\/de\/produkt\/flora-gieskanne-grun-bernstein\/#primaryimage\"},\"thumbnailUrl\":\"https:\/\/hubsch-interior.com\/wp-content\/uploads\/2026\/02\/flora-watering-can-greenamber-6f68c0eebff8b57b1cecec92ffb6996c.jpg\",\"datePublished\":\"2022-02-08T14:29:58+00:00\",\"dateModified\":\"2026-04-06T02:37:06+00:00\",\"description\":\"Eine typische Routine beim Gie\u00dfen Ihrer Zimmerpflanzen ist es, die Gie\u00dfkanne aus dem Schrank zu holen. Oder? Mit dieser sch\u00f6nen Gie\u00dfkanne aus Glas m\u00fcssen\",\"breadcrumb\":{\"@id\":\"https:\/\/hubsch-interior.com\/de\/produkt\/flora-gieskanne-grun-bernstein\/#breadcrumb\"},\"inLanguage\":\"de\",\"potentialAction\":[{\"@type\":\"ReadAction\",\"target\":[\"https:\/\/hubsch-interior.com\/de\/produkt\/flora-gieskanne-grun-bernstein\/\"]}]},{\"@type\":\"ImageObject\",\"inLanguage\":\"de\",\"@id\":\"https:\/\/hubsch-interior.com\/de\/produkt\/flora-gieskanne-grun-bernstein\/#primaryimage\",\"url\":\"https:\/\/hubsch-interior.com\/wp-content\/uploads\/2026\/02\/flora-watering-can-greenamber-6f68c0eebff8b57b1cecec92ffb6996c.jpg\",\"contentUrl\":\"https:\/\/hubsch-interior.com\/wp-content\/uploads\/2026\/02\/flora-watering-can-greenamber-6f68c0eebff8b57b1cecec92ffb6996c.jpg\",\"width\":1024,\"height\":1024},{\"@type\":\"BreadcrumbList\",\"@id\":\"https:\/\/hubsch-interior.com\/de\/produkt\/flora-gieskanne-grun-bernstein\/#breadcrumb\",\"itemListElement\":[{\"@type\":\"ListItem\",\"position\":1,\"name\":\"Startseite\",\"item\":\"https:\/\/hubsch-interior.com\/de\/\"},{\"@type\":\"ListItem\",\"position\":2,\"name\":\"Produkte\",\"item\":\"https:\/\/hubsch-interior.com\/de\/shop-2\/\"},{\"@type\":\"ListItem\",\"position\":3,\"name\":\"Wohnaccessoires\",\"item\":\"https:\/\/hubsch-interior.com\/de\/produkt-kategorie\/wohnaccessoires\/\"},{\"@type\":\"ListItem\",\"position\":4,\"name\":\"T&ouml;pfe &amp; Gie&szlig;kannen\",\"item\":\"https:\/\/hubsch-interior.com\/de\/produkt-kategorie\/wohnaccessoires\/toepfe-giesskannen-de\/\"},{\"@type\":\"ListItem\",\"position\":5,\"name\":\"Gie&szlig;kannen\",\"item\":\"https:\/\/hubsch-interior.com\/de\/produkt-kategorie\/wohnaccessoires\/toepfe-giesskannen-de\/giesskannen-de\/\"},{\"@type\":\"ListItem\",\"position\":6,\"name\":\"Flora Gie\u00dfkanne Gr\u00fcn\/Bernstein\"}]},{\"@type\":\"WebSite\",\"@id\":\"https:\/\/hubsch-interior.com\/de\/#website\",\"url\":\"https:\/\/hubsch-interior.com\/de\/\",\"name\":\"H\u00fcbsch\",\"description\":\"Danish Home Interior and Design\",\"publisher\":{\"@id\":\"https:\/\/hubsch-interior.com\/de\/#organization\"},\"potentialAction\":[{\"@type\":\"SearchAction\",\"target\":{\"@type\":\"EntryPoint\",\"urlTemplate\":\"https:\/\/hubsch-interior.com\/de\/?s={search_term_string}\"},\"query-input\":{\"@type\":\"PropertyValueSpecification\",\"valueRequired\":true,\"valueName\":\"search_term_string\"}}],\"inLanguage\":\"de\"},{\"@type\":\"Organization\",\"@id\":\"https:\/\/hubsch-interior.com\/de\/#organization\",\"name\":\"H\u00fcbsch\",\"url\":\"https:\/\/hubsch-interior.com\/de\/\",\"logo\":{\"@type\":\"ImageObject\",\"inLanguage\":\"de\",\"@id\":\"https:\/\/hubsch-interior.com\/de\/#\/schema\/logo\/image\/\",\"url\":\"https:\/\/hubsch-interior.com\/wp-content\/uploads\/2022\/12\/Hubsch_logo_black_one_line.svg\",\"contentUrl\":\"https:\/\/hubsch-interior.com\/wp-content\/uploads\/2022\/12\/Hubsch_logo_black_one_line.svg\",\"caption\":\"H\u00fcbsch\"},\"image\":{\"@id\":\"https:\/\/hubsch-interior.com\/de\/#\/schema\/logo\/image\/\"}}]}<\/script>\n<!-- \/ Yoast SEO plugin. -->","yoast_head_json":{"title":"Flora Gie\u00dfkanne Gr\u00fcn\/Bernstein - H\u00fcbsch","description":"Eine typische Routine beim Gie\u00dfen Ihrer Zimmerpflanzen ist es, die Gie\u00dfkanne aus dem Schrank zu holen. Oder? Mit dieser sch\u00f6nen Gie\u00dfkanne aus Glas m\u00fcssen","robots":{"index":"index","follow":"follow","max-snippet":"max-snippet:-1","max-image-preview":"max-image-preview:large","max-video-preview":"max-video-preview:-1"},"canonical":"https:\/\/hubsch-interior.com\/de\/wp-json\/wp\/v2\/product\/740946","og_locale":"de_DE","og_type":"article","og_title":"Flora Gie\u00dfkanne Gr\u00fcn\/Bernstein - H\u00fcbsch","og_description":"Eine typische Routine beim Gie\u00dfen Ihrer Zimmerpflanzen ist es, die Gie\u00dfkanne aus dem Schrank zu holen. Oder? Mit dieser sch\u00f6nen Gie\u00dfkanne aus Glas m\u00fcssen","og_url":"https:\/\/hubsch-interior.com\/de\/produkt\/flora-gieskanne-grun-bernstein\/","og_site_name":"H\u00fcbsch","article_modified_time":"2026-04-06T02:37:06+00:00","og_image":[{"width":1200,"height":1200,"url":"https:\/\/hubsch-interior.com\/wp-content\/uploads\/2025\/05\/flora-watering-can-greenamber-4cd67c1f1baa4615e9bc817f289c0e0d.jpg","type":"image\/jpeg"}],"twitter_card":"summary_large_image","schema":{"@context":"https:\/\/schema.org","@graph":[{"@type":"WebPage","@id":"https:\/\/hubsch-interior.com\/de\/produkt\/flora-gieskanne-grun-bernstein\/","url":"https:\/\/hubsch-interior.com\/de\/produkt\/flora-gieskanne-grun-bernstein\/","name":"Flora Gie\u00dfkanne Gr\u00fcn\/Bernstein - H\u00fcbsch","isPartOf":{"@id":"https:\/\/hubsch-interior.com\/de\/#website"},"primaryImageOfPage":{"@id":"https:\/\/hubsch-interior.com\/de\/produkt\/flora-gieskanne-grun-bernstein\/#primaryimage"},"image":{"@id":"https:\/\/hubsch-interior.com\/de\/produkt\/flora-gieskanne-grun-bernstein\/#primaryimage"},"thumbnailUrl":"https:\/\/hubsch-interior.com\/wp-content\/uploads\/2026\/02\/flora-watering-can-greenamber-6f68c0eebff8b57b1cecec92ffb6996c.jpg","datePublished":"2022-02-08T14:29:58+00:00","dateModified":"2026-04-06T02:37:06+00:00","description":"Eine typische Routine beim Gie\u00dfen Ihrer Zimmerpflanzen ist es, die Gie\u00dfkanne aus dem Schrank zu holen. Oder? Mit dieser sch\u00f6nen Gie\u00dfkanne aus Glas m\u00fcssen","breadcrumb":{"@id":"https:\/\/hubsch-interior.com\/de\/produkt\/flora-gieskanne-grun-bernstein\/#breadcrumb"},"inLanguage":"de","potentialAction":[{"@type":"ReadAction","target":["https:\/\/hubsch-interior.com\/de\/produkt\/flora-gieskanne-grun-bernstein\/"]}]},{"@type":"ImageObject","inLanguage":"de","@id":"https:\/\/hubsch-interior.com\/de\/produkt\/flora-gieskanne-grun-bernstein\/#primaryimage","url":"https:\/\/hubsch-interior.com\/wp-content\/uploads\/2026\/02\/flora-watering-can-greenamber-6f68c0eebff8b57b1cecec92ffb6996c.jpg","contentUrl":"https:\/\/hubsch-interior.com\/wp-content\/uploads\/2026\/02\/flora-watering-can-greenamber-6f68c0eebff8b57b1cecec92ffb6996c.jpg","width":1024,"height":1024},{"@type":"BreadcrumbList","@id":"https:\/\/hubsch-interior.com\/de\/produkt\/flora-gieskanne-grun-bernstein\/#breadcrumb","itemListElement":[{"@type":"ListItem","position":1,"name":"Startseite","item":"https:\/\/hubsch-interior.com\/de\/"},{"@type":"ListItem","position":2,"name":"Produkte","item":"https:\/\/hubsch-interior.com\/de\/shop-2\/"},{"@type":"ListItem","position":3,"name":"Wohnaccessoires","item":"https:\/\/hubsch-interior.com\/de\/produkt-kategorie\/wohnaccessoires\/"},{"@type":"ListItem","position":4,"name":"T&ouml;pfe &amp; Gie&szlig;kannen","item":"https:\/\/hubsch-interior.com\/de\/produkt-kategorie\/wohnaccessoires\/toepfe-giesskannen-de\/"},{"@type":"ListItem","position":5,"name":"Gie&szlig;kannen","item":"https:\/\/hubsch-interior.com\/de\/produkt-kategorie\/wohnaccessoires\/toepfe-giesskannen-de\/giesskannen-de\/"},{"@type":"ListItem","position":6,"name":"Flora Gie\u00dfkanne Gr\u00fcn\/Bernstein"}]},{"@type":"WebSite","@id":"https:\/\/hubsch-interior.com\/de\/#website","url":"https:\/\/hubsch-interior.com\/de\/","name":"H\u00fcbsch","description":"Danish Home Interior and Design","publisher":{"@id":"https:\/\/hubsch-interior.com\/de\/#organization"},"potentialAction":[{"@type":"SearchAction","target":{"@type":"EntryPoint","urlTemplate":"https:\/\/hubsch-interior.com\/de\/?s={search_term_string}"},"query-input":{"@type":"PropertyValueSpecification","valueRequired":true,"valueName":"search_term_string"}}],"inLanguage":"de"},{"@type":"Organization","@id":"https:\/\/hubsch-interior.com\/de\/#organization","name":"H\u00fcbsch","url":"https:\/\/hubsch-interior.com\/de\/","logo":{"@type":"ImageObject","inLanguage":"de","@id":"https:\/\/hubsch-interior.com\/de\/#\/schema\/logo\/image\/","url":"https:\/\/hubsch-interior.com\/wp-content\/uploads\/2022\/12\/Hubsch_logo_black_one_line.svg","contentUrl":"https:\/\/hubsch-interior.com\/wp-content\/uploads\/2022\/12\/Hubsch_logo_black_one_line.svg","caption":"H\u00fcbsch"},"image":{"@id":"https:\/\/hubsch-interior.com\/de\/#\/schema\/logo\/image\/"}}]}},"_links":{"self":[{"href":"https:\/\/hubsch-interior.com\/de\/wp-json\/wp\/v2\/product\/740946","targetHints":{"allow":["GET"]}}],"collection":[{"href":"https:\/\/hubsch-interior.com\/de\/wp-json\/wp\/v2\/product"}],"about":[{"href":"https:\/\/hubsch-interior.com\/de\/wp-json\/wp\/v2\/types\/product"}],"wp:featuredmedia":[{"embeddable":true,"href":"https:\/\/hubsch-interior.com\/de\/wp-json\/wp\/v2\/media\/1099088"}],"wp:attachment":[{"href":"https:\/\/hubsch-interior.com\/de\/wp-json\/wp\/v2\/media?parent=740946"}],"wp:term":[{"taxonomy":"product_brand","embeddable":true,"href":"https:\/\/hubsch-interior.com\/de\/wp-json\/wp\/v2\/product_brand?post=740946"},{"taxonomy":"product_cat","embeddable":true,"href":"https:\/\/hubsch-interior.com\/de\/wp-json\/wp\/v2\/product_cat?post=740946"},{"taxonomy":"product_tag","embeddable":true,"href":"https:\/\/hubsch-interior.com\/de\/wp-json\/wp\/v2\/product_tag?post=740946"}],"curies":[{"name":"wp","href":"https:\/\/api.w.org\/{rel}","templated":true}]}}