{"id":741154,"date":"2022-02-08T15:31:21","date_gmt":"2022-02-08T14:31:21","guid":{"rendered":"https:\/\/hubsch-interior.com\/product\/product\/"},"modified":"2026-04-09T04:40:36","modified_gmt":"2026-04-09T02:40:36","slug":"fossil-topfe-braun-2er-set","status":"publish","type":"product","link":"https:\/\/hubsch-interior.com\/de\/produkt\/fossil-topfe-braun-2er-set\/","title":{"rendered":"Fossil T\u00f6pfe Braun (2er Set)"},"content":{"rendered":"<p>Wir haben ein gro\u00dfes Faible f\u00fcr Keramik. Das organische Material, die sch\u00f6ne Glasur und die Form der Fossil Pots in Kastanienbraun und Sand sind da keine Ausnahme. Diese T\u00f6pfe sind perfekt f\u00fcr K\u00fcchenkr\u00e4uter oder pr\u00e4chtige Gr\u00fcnpflanzen im Haus. Die braune und beigefarbene Glasur der Fossil-T\u00f6pfe verleiht eine wunderbare Textur. Kombinieren Sie sie mit Glasvasen, Retro-Objekten oder einem Hauch von minimalistischem Charme. <\/p>\n","protected":false},"excerpt":{"rendered":"<p>Wir haben ein gro\u00dfes Faible f\u00fcr Keramik. Das organische Material, die sch\u00f6ne Glasur und die Form der Fossil Pots in Kastanienbraun und Sand sind da keine Ausnahme. Diese T\u00f6pfe sind perfekt f\u00fcr K\u00fcchenkr\u00e4uter oder pr\u00e4chtige Gr\u00fcnpflanzen im Haus. Die braune und beigefarbene Glasur der Fossil-T\u00f6pfe verleiht eine wunderbare Textur. Kombinieren Sie sie mit Glasvasen, Retro-Objekten [&hellip;]<\/p>\n","protected":false},"featured_media":1099805,"template":"","meta":{"_acf_changed":false,"inline_featured_image":false},"product_brand":[],"product_cat":[4925,4916],"product_tag":[],"class_list":{"0":"post-741154","1":"product","2":"type-product","3":"status-publish","4":"has-post-thumbnail","6":"product_cat-blumentoepfe-de","7":"product_cat-toepfe-giesskannen-de","8":"product_shipping_class-pk","10":"pa_color-braun","11":"pa_material-keramik","13":"first","14":"instock","15":"taxable","16":"shipping-taxable","17":"purchasable","18":"product-type-simple"},"exclude_global_add_ons":[],"addons":[],"acf":[],"yoast_head":"<!-- This site is optimized with the Yoast SEO plugin v26.4 - https:\/\/yoast.com\/wordpress\/plugins\/seo\/ -->\n<title>Fossil T\u00f6pfe Braun (2er Set) - H\u00fcbsch<\/title>\n<meta name=\"description\" content=\"Wir haben ein gro\u00dfes Faible f\u00fcr Keramik. Das organische Material, die sch\u00f6ne Glasur und die Form der Fossil Pots in Kastanienbraun und Sand sind da keine\" \/>\n<meta name=\"robots\" content=\"index, follow, max-snippet:-1, max-image-preview:large, max-video-preview:-1\" \/>\n<link rel=\"canonical\" href=\"https:\/\/hubsch-interior.com\/de\/wp-json\/wp\/v2\/product\/741154\" \/>\n<meta property=\"og:locale\" content=\"de_DE\" \/>\n<meta property=\"og:type\" content=\"article\" \/>\n<meta property=\"og:title\" content=\"Fossil T\u00f6pfe Braun (2er Set) - H\u00fcbsch\" \/>\n<meta property=\"og:description\" content=\"Wir haben ein gro\u00dfes Faible f\u00fcr Keramik. Das organische Material, die sch\u00f6ne Glasur und die Form der Fossil Pots in Kastanienbraun und Sand sind da keine\" \/>\n<meta property=\"og:url\" content=\"https:\/\/hubsch-interior.com\/de\/produkt\/fossil-topfe-braun-2er-set\/\" \/>\n<meta property=\"og:site_name\" content=\"H\u00fcbsch\" \/>\n<meta property=\"article:modified_time\" content=\"2026-04-09T02:40:36+00:00\" \/>\n<meta property=\"og:image\" content=\"https:\/\/hubsch-interior.com\/wp-content\/uploads\/2025\/04\/fossil-pots-brown-set-of-2-2645c7f0284181fbb5b0110bcb99aa79.jpg\" \/>\n\t<meta property=\"og:image:width\" content=\"1200\" \/>\n\t<meta property=\"og:image:height\" content=\"1200\" \/>\n\t<meta property=\"og:image:type\" content=\"image\/jpeg\" \/>\n<meta name=\"twitter:card\" content=\"summary_large_image\" \/>\n<script type=\"application\/ld+json\" class=\"yoast-schema-graph\">{\"@context\":\"https:\/\/schema.org\",\"@graph\":[{\"@type\":\"WebPage\",\"@id\":\"https:\/\/hubsch-interior.com\/de\/produkt\/fossil-topfe-braun-2er-set\/\",\"url\":\"https:\/\/hubsch-interior.com\/de\/produkt\/fossil-topfe-braun-2er-set\/\",\"name\":\"Fossil T\u00f6pfe Braun (2er Set) - H\u00fcbsch\",\"isPartOf\":{\"@id\":\"https:\/\/hubsch-interior.com\/de\/#website\"},\"primaryImageOfPage\":{\"@id\":\"https:\/\/hubsch-interior.com\/de\/produkt\/fossil-topfe-braun-2er-set\/#primaryimage\"},\"image\":{\"@id\":\"https:\/\/hubsch-interior.com\/de\/produkt\/fossil-topfe-braun-2er-set\/#primaryimage\"},\"thumbnailUrl\":\"https:\/\/hubsch-interior.com\/wp-content\/uploads\/2026\/02\/fossil-pots-brown-set-of-2-61ef89517c48d4fe08fafa5761ca0f87.jpg\",\"datePublished\":\"2022-02-08T14:31:21+00:00\",\"dateModified\":\"2026-04-09T02:40:36+00:00\",\"description\":\"Wir haben ein gro\u00dfes Faible f\u00fcr Keramik. Das organische Material, die sch\u00f6ne Glasur und die Form der Fossil Pots in Kastanienbraun und Sand sind da keine\",\"breadcrumb\":{\"@id\":\"https:\/\/hubsch-interior.com\/de\/produkt\/fossil-topfe-braun-2er-set\/#breadcrumb\"},\"inLanguage\":\"de\",\"potentialAction\":[{\"@type\":\"ReadAction\",\"target\":[\"https:\/\/hubsch-interior.com\/de\/produkt\/fossil-topfe-braun-2er-set\/\"]}]},{\"@type\":\"ImageObject\",\"inLanguage\":\"de\",\"@id\":\"https:\/\/hubsch-interior.com\/de\/produkt\/fossil-topfe-braun-2er-set\/#primaryimage\",\"url\":\"https:\/\/hubsch-interior.com\/wp-content\/uploads\/2026\/02\/fossil-pots-brown-set-of-2-61ef89517c48d4fe08fafa5761ca0f87.jpg\",\"contentUrl\":\"https:\/\/hubsch-interior.com\/wp-content\/uploads\/2026\/02\/fossil-pots-brown-set-of-2-61ef89517c48d4fe08fafa5761ca0f87.jpg\",\"width\":1024,\"height\":1024},{\"@type\":\"BreadcrumbList\",\"@id\":\"https:\/\/hubsch-interior.com\/de\/produkt\/fossil-topfe-braun-2er-set\/#breadcrumb\",\"itemListElement\":[{\"@type\":\"ListItem\",\"position\":1,\"name\":\"Startseite\",\"item\":\"https:\/\/hubsch-interior.com\/de\/\"},{\"@type\":\"ListItem\",\"position\":2,\"name\":\"Produkte\",\"item\":\"https:\/\/hubsch-interior.com\/de\/shop-2\/\"},{\"@type\":\"ListItem\",\"position\":3,\"name\":\"Wohnaccessoires\",\"item\":\"https:\/\/hubsch-interior.com\/de\/produkt-kategorie\/wohnaccessoires\/\"},{\"@type\":\"ListItem\",\"position\":4,\"name\":\"T&ouml;pfe &amp; Gie&szlig;kannen\",\"item\":\"https:\/\/hubsch-interior.com\/de\/produkt-kategorie\/wohnaccessoires\/toepfe-giesskannen-de\/\"},{\"@type\":\"ListItem\",\"position\":5,\"name\":\"Blument&ouml;pfe\",\"item\":\"https:\/\/hubsch-interior.com\/de\/produkt-kategorie\/wohnaccessoires\/toepfe-giesskannen-de\/blumentoepfe-de\/\"},{\"@type\":\"ListItem\",\"position\":6,\"name\":\"Fossil T\u00f6pfe Braun (2er Set)\"}]},{\"@type\":\"WebSite\",\"@id\":\"https:\/\/hubsch-interior.com\/de\/#website\",\"url\":\"https:\/\/hubsch-interior.com\/de\/\",\"name\":\"H\u00fcbsch\",\"description\":\"Danish Home Interior and Design\",\"publisher\":{\"@id\":\"https:\/\/hubsch-interior.com\/de\/#organization\"},\"potentialAction\":[{\"@type\":\"SearchAction\",\"target\":{\"@type\":\"EntryPoint\",\"urlTemplate\":\"https:\/\/hubsch-interior.com\/de\/?s={search_term_string}\"},\"query-input\":{\"@type\":\"PropertyValueSpecification\",\"valueRequired\":true,\"valueName\":\"search_term_string\"}}],\"inLanguage\":\"de\"},{\"@type\":\"Organization\",\"@id\":\"https:\/\/hubsch-interior.com\/de\/#organization\",\"name\":\"H\u00fcbsch\",\"url\":\"https:\/\/hubsch-interior.com\/de\/\",\"logo\":{\"@type\":\"ImageObject\",\"inLanguage\":\"de\",\"@id\":\"https:\/\/hubsch-interior.com\/de\/#\/schema\/logo\/image\/\",\"url\":\"https:\/\/hubsch-interior.com\/wp-content\/uploads\/2022\/12\/Hubsch_logo_black_one_line.svg\",\"contentUrl\":\"https:\/\/hubsch-interior.com\/wp-content\/uploads\/2022\/12\/Hubsch_logo_black_one_line.svg\",\"caption\":\"H\u00fcbsch\"},\"image\":{\"@id\":\"https:\/\/hubsch-interior.com\/de\/#\/schema\/logo\/image\/\"}}]}<\/script>\n<!-- \/ Yoast SEO plugin. -->","yoast_head_json":{"title":"Fossil T\u00f6pfe Braun (2er Set) - H\u00fcbsch","description":"Wir haben ein gro\u00dfes Faible f\u00fcr Keramik. Das organische Material, die sch\u00f6ne Glasur und die Form der Fossil Pots in Kastanienbraun und Sand sind da keine","robots":{"index":"index","follow":"follow","max-snippet":"max-snippet:-1","max-image-preview":"max-image-preview:large","max-video-preview":"max-video-preview:-1"},"canonical":"https:\/\/hubsch-interior.com\/de\/wp-json\/wp\/v2\/product\/741154","og_locale":"de_DE","og_type":"article","og_title":"Fossil T\u00f6pfe Braun (2er Set) - H\u00fcbsch","og_description":"Wir haben ein gro\u00dfes Faible f\u00fcr Keramik. Das organische Material, die sch\u00f6ne Glasur und die Form der Fossil Pots in Kastanienbraun und Sand sind da keine","og_url":"https:\/\/hubsch-interior.com\/de\/produkt\/fossil-topfe-braun-2er-set\/","og_site_name":"H\u00fcbsch","article_modified_time":"2026-04-09T02:40:36+00:00","og_image":[{"width":1200,"height":1200,"url":"https:\/\/hubsch-interior.com\/wp-content\/uploads\/2025\/04\/fossil-pots-brown-set-of-2-2645c7f0284181fbb5b0110bcb99aa79.jpg","type":"image\/jpeg"}],"twitter_card":"summary_large_image","schema":{"@context":"https:\/\/schema.org","@graph":[{"@type":"WebPage","@id":"https:\/\/hubsch-interior.com\/de\/produkt\/fossil-topfe-braun-2er-set\/","url":"https:\/\/hubsch-interior.com\/de\/produkt\/fossil-topfe-braun-2er-set\/","name":"Fossil T\u00f6pfe Braun (2er Set) - H\u00fcbsch","isPartOf":{"@id":"https:\/\/hubsch-interior.com\/de\/#website"},"primaryImageOfPage":{"@id":"https:\/\/hubsch-interior.com\/de\/produkt\/fossil-topfe-braun-2er-set\/#primaryimage"},"image":{"@id":"https:\/\/hubsch-interior.com\/de\/produkt\/fossil-topfe-braun-2er-set\/#primaryimage"},"thumbnailUrl":"https:\/\/hubsch-interior.com\/wp-content\/uploads\/2026\/02\/fossil-pots-brown-set-of-2-61ef89517c48d4fe08fafa5761ca0f87.jpg","datePublished":"2022-02-08T14:31:21+00:00","dateModified":"2026-04-09T02:40:36+00:00","description":"Wir haben ein gro\u00dfes Faible f\u00fcr Keramik. Das organische Material, die sch\u00f6ne Glasur und die Form der Fossil Pots in Kastanienbraun und Sand sind da keine","breadcrumb":{"@id":"https:\/\/hubsch-interior.com\/de\/produkt\/fossil-topfe-braun-2er-set\/#breadcrumb"},"inLanguage":"de","potentialAction":[{"@type":"ReadAction","target":["https:\/\/hubsch-interior.com\/de\/produkt\/fossil-topfe-braun-2er-set\/"]}]},{"@type":"ImageObject","inLanguage":"de","@id":"https:\/\/hubsch-interior.com\/de\/produkt\/fossil-topfe-braun-2er-set\/#primaryimage","url":"https:\/\/hubsch-interior.com\/wp-content\/uploads\/2026\/02\/fossil-pots-brown-set-of-2-61ef89517c48d4fe08fafa5761ca0f87.jpg","contentUrl":"https:\/\/hubsch-interior.com\/wp-content\/uploads\/2026\/02\/fossil-pots-brown-set-of-2-61ef89517c48d4fe08fafa5761ca0f87.jpg","width":1024,"height":1024},{"@type":"BreadcrumbList","@id":"https:\/\/hubsch-interior.com\/de\/produkt\/fossil-topfe-braun-2er-set\/#breadcrumb","itemListElement":[{"@type":"ListItem","position":1,"name":"Startseite","item":"https:\/\/hubsch-interior.com\/de\/"},{"@type":"ListItem","position":2,"name":"Produkte","item":"https:\/\/hubsch-interior.com\/de\/shop-2\/"},{"@type":"ListItem","position":3,"name":"Wohnaccessoires","item":"https:\/\/hubsch-interior.com\/de\/produkt-kategorie\/wohnaccessoires\/"},{"@type":"ListItem","position":4,"name":"T&ouml;pfe &amp; Gie&szlig;kannen","item":"https:\/\/hubsch-interior.com\/de\/produkt-kategorie\/wohnaccessoires\/toepfe-giesskannen-de\/"},{"@type":"ListItem","position":5,"name":"Blument&ouml;pfe","item":"https:\/\/hubsch-interior.com\/de\/produkt-kategorie\/wohnaccessoires\/toepfe-giesskannen-de\/blumentoepfe-de\/"},{"@type":"ListItem","position":6,"name":"Fossil T\u00f6pfe Braun (2er Set)"}]},{"@type":"WebSite","@id":"https:\/\/hubsch-interior.com\/de\/#website","url":"https:\/\/hubsch-interior.com\/de\/","name":"H\u00fcbsch","description":"Danish Home Interior and Design","publisher":{"@id":"https:\/\/hubsch-interior.com\/de\/#organization"},"potentialAction":[{"@type":"SearchAction","target":{"@type":"EntryPoint","urlTemplate":"https:\/\/hubsch-interior.com\/de\/?s={search_term_string}"},"query-input":{"@type":"PropertyValueSpecification","valueRequired":true,"valueName":"search_term_string"}}],"inLanguage":"de"},{"@type":"Organization","@id":"https:\/\/hubsch-interior.com\/de\/#organization","name":"H\u00fcbsch","url":"https:\/\/hubsch-interior.com\/de\/","logo":{"@type":"ImageObject","inLanguage":"de","@id":"https:\/\/hubsch-interior.com\/de\/#\/schema\/logo\/image\/","url":"https:\/\/hubsch-interior.com\/wp-content\/uploads\/2022\/12\/Hubsch_logo_black_one_line.svg","contentUrl":"https:\/\/hubsch-interior.com\/wp-content\/uploads\/2022\/12\/Hubsch_logo_black_one_line.svg","caption":"H\u00fcbsch"},"image":{"@id":"https:\/\/hubsch-interior.com\/de\/#\/schema\/logo\/image\/"}}]}},"_links":{"self":[{"href":"https:\/\/hubsch-interior.com\/de\/wp-json\/wp\/v2\/product\/741154","targetHints":{"allow":["GET"]}}],"collection":[{"href":"https:\/\/hubsch-interior.com\/de\/wp-json\/wp\/v2\/product"}],"about":[{"href":"https:\/\/hubsch-interior.com\/de\/wp-json\/wp\/v2\/types\/product"}],"wp:featuredmedia":[{"embeddable":true,"href":"https:\/\/hubsch-interior.com\/de\/wp-json\/wp\/v2\/media\/1099805"}],"wp:attachment":[{"href":"https:\/\/hubsch-interior.com\/de\/wp-json\/wp\/v2\/media?parent=741154"}],"wp:term":[{"taxonomy":"product_brand","embeddable":true,"href":"https:\/\/hubsch-interior.com\/de\/wp-json\/wp\/v2\/product_brand?post=741154"},{"taxonomy":"product_cat","embeddable":true,"href":"https:\/\/hubsch-interior.com\/de\/wp-json\/wp\/v2\/product_cat?post=741154"},{"taxonomy":"product_tag","embeddable":true,"href":"https:\/\/hubsch-interior.com\/de\/wp-json\/wp\/v2\/product_tag?post=741154"}],"curies":[{"name":"wp","href":"https:\/\/api.w.org\/{rel}","templated":true}]}}