{"id":741319,"date":"2022-02-08T15:34:01","date_gmt":"2022-02-08T14:34:01","guid":{"rendered":"https:\/\/hubsch-interior.com\/product\/product\/"},"modified":"2026-04-05T04:41:51","modified_gmt":"2026-04-05T02:41:51","slug":"vista-decken-multifarben","status":"publish","type":"product","link":"https:\/\/hubsch-interior.com\/de\/produkt\/vista-decken-multifarben\/","title":{"rendered":"Vista Decken \u00a0Multifarben"},"content":{"rendered":"<p>Aus der Ferne sieht die Farbe dieses Baumwoll\u00fcberwurfs wie ein schlichtes Grau aus. Wenn man jedoch genau hinsieht, entfaltet sich eine breite Palette von Gr\u00fcn-, Blau-, Grau- und Ockert\u00f6nen. Das ist der Grund, warum wir diese Decke so m\u00f6gen. Wir lieben die \u00fcberraschenden Elemente des Designs und die Tatsache, dass man mehr bekommt, als man zun\u00e4chst erwartet. Wenn man diese sch\u00f6ne Decke um sich wickelt, ist das wie eine freundliche, warme Umarmung. Die Decke ist aus OEKO-TEX\u00ae STANDARD 100\u00ae-zertifizierter Baumwolle gefertigt.<\/p>\n","protected":false},"excerpt":{"rendered":"<p>Aus der Ferne sieht die Farbe dieses Baumwoll\u00fcberwurfs wie ein schlichtes Grau aus. Wenn man jedoch genau hinsieht, entfaltet sich eine breite Palette von Gr\u00fcn-, Blau-, Grau- und Ockert\u00f6nen. Das ist der Grund, warum wir diese Decke so m\u00f6gen. Wir lieben die \u00fcberraschenden Elemente des Designs und die Tatsache, dass man mehr bekommt, als man [&hellip;]<\/p>\n","protected":false},"featured_media":1100129,"template":"","meta":{"_acf_changed":false,"inline_featured_image":false},"product_brand":[],"product_cat":[3004,4943,5027],"product_tag":[],"class_list":{"0":"post-741319","1":"product","2":"type-product","3":"status-publish","4":"has-post-thumbnail","6":"product_cat-textilien","7":"product_cat-decken-de","8":"product_cat-bestsellers-de","9":"product_shipping_class-pk","11":"pa_color-multifarben-2","12":"pa_material-cotton-100-de","14":"first","15":"instock","16":"featured","17":"taxable","18":"shipping-taxable","19":"purchasable","20":"product-type-simple"},"exclude_global_add_ons":[],"addons":[],"acf":[],"yoast_head":"<!-- This site is optimized with the Yoast SEO plugin v26.4 - https:\/\/yoast.com\/wordpress\/plugins\/seo\/ -->\n<title>Vista Decken \u00a0Multifarben - H\u00fcbsch<\/title>\n<meta name=\"description\" content=\"Aus der Ferne sieht die Farbe dieses Baumwoll\u00fcberwurfs wie ein schlichtes Grau aus. Wenn man jedoch genau hinsieht, entfaltet sich eine breite Palette von\" \/>\n<meta name=\"robots\" content=\"index, follow, max-snippet:-1, max-image-preview:large, max-video-preview:-1\" \/>\n<link rel=\"canonical\" href=\"https:\/\/hubsch-interior.com\/de\/wp-json\/wp\/v2\/product\/741319\" \/>\n<meta property=\"og:locale\" content=\"de_DE\" \/>\n<meta property=\"og:type\" content=\"article\" \/>\n<meta property=\"og:title\" content=\"Vista Decken \u00a0Multifarben - H\u00fcbsch\" \/>\n<meta property=\"og:description\" content=\"Aus der Ferne sieht die Farbe dieses Baumwoll\u00fcberwurfs wie ein schlichtes Grau aus. Wenn man jedoch genau hinsieht, entfaltet sich eine breite Palette von\" \/>\n<meta property=\"og:url\" content=\"https:\/\/hubsch-interior.com\/de\/produkt\/vista-decken-multifarben\/\" \/>\n<meta property=\"og:site_name\" content=\"H\u00fcbsch\" \/>\n<meta property=\"article:modified_time\" content=\"2026-04-05T02:41:51+00:00\" \/>\n<meta property=\"og:image\" content=\"https:\/\/hubsch-interior.com\/wp-content\/uploads\/2024\/01\/vista-throw-multicolour-6980a7d1143bb8b9741ea31d0502c659.jpg\" \/>\n\t<meta property=\"og:image:width\" content=\"1200\" \/>\n\t<meta property=\"og:image:height\" content=\"1200\" \/>\n\t<meta property=\"og:image:type\" content=\"image\/jpeg\" \/>\n<meta name=\"twitter:card\" content=\"summary_large_image\" \/>\n<script type=\"application\/ld+json\" class=\"yoast-schema-graph\">{\"@context\":\"https:\/\/schema.org\",\"@graph\":[{\"@type\":\"WebPage\",\"@id\":\"https:\/\/hubsch-interior.com\/de\/produkt\/vista-decken-multifarben\/\",\"url\":\"https:\/\/hubsch-interior.com\/de\/produkt\/vista-decken-multifarben\/\",\"name\":\"Vista Decken \u00a0Multifarben - H\u00fcbsch\",\"isPartOf\":{\"@id\":\"https:\/\/hubsch-interior.com\/de\/#website\"},\"primaryImageOfPage\":{\"@id\":\"https:\/\/hubsch-interior.com\/de\/produkt\/vista-decken-multifarben\/#primaryimage\"},\"image\":{\"@id\":\"https:\/\/hubsch-interior.com\/de\/produkt\/vista-decken-multifarben\/#primaryimage\"},\"thumbnailUrl\":\"https:\/\/hubsch-interior.com\/wp-content\/uploads\/2026\/02\/vista-throw-multicolour-51b7d6f5dd4b36f930ef846c84365eb0.jpg\",\"datePublished\":\"2022-02-08T14:34:01+00:00\",\"dateModified\":\"2026-04-05T02:41:51+00:00\",\"description\":\"Aus der Ferne sieht die Farbe dieses Baumwoll\u00fcberwurfs wie ein schlichtes Grau aus. Wenn man jedoch genau hinsieht, entfaltet sich eine breite Palette von\",\"breadcrumb\":{\"@id\":\"https:\/\/hubsch-interior.com\/de\/produkt\/vista-decken-multifarben\/#breadcrumb\"},\"inLanguage\":\"de\",\"potentialAction\":[{\"@type\":\"ReadAction\",\"target\":[\"https:\/\/hubsch-interior.com\/de\/produkt\/vista-decken-multifarben\/\"]}]},{\"@type\":\"ImageObject\",\"inLanguage\":\"de\",\"@id\":\"https:\/\/hubsch-interior.com\/de\/produkt\/vista-decken-multifarben\/#primaryimage\",\"url\":\"https:\/\/hubsch-interior.com\/wp-content\/uploads\/2026\/02\/vista-throw-multicolour-51b7d6f5dd4b36f930ef846c84365eb0.jpg\",\"contentUrl\":\"https:\/\/hubsch-interior.com\/wp-content\/uploads\/2026\/02\/vista-throw-multicolour-51b7d6f5dd4b36f930ef846c84365eb0.jpg\",\"width\":1024,\"height\":1024},{\"@type\":\"BreadcrumbList\",\"@id\":\"https:\/\/hubsch-interior.com\/de\/produkt\/vista-decken-multifarben\/#breadcrumb\",\"itemListElement\":[{\"@type\":\"ListItem\",\"position\":1,\"name\":\"Startseite\",\"item\":\"https:\/\/hubsch-interior.com\/de\/\"},{\"@type\":\"ListItem\",\"position\":2,\"name\":\"Produkte\",\"item\":\"https:\/\/hubsch-interior.com\/de\/shop-2\/\"},{\"@type\":\"ListItem\",\"position\":3,\"name\":\"Textilien\",\"item\":\"https:\/\/hubsch-interior.com\/de\/produkt-kategorie\/textilien\/\"},{\"@type\":\"ListItem\",\"position\":4,\"name\":\"Decken\",\"item\":\"https:\/\/hubsch-interior.com\/de\/produkt-kategorie\/textilien\/decken-de\/\"},{\"@type\":\"ListItem\",\"position\":5,\"name\":\"Vista Decken \u00a0Multifarben\"}]},{\"@type\":\"WebSite\",\"@id\":\"https:\/\/hubsch-interior.com\/de\/#website\",\"url\":\"https:\/\/hubsch-interior.com\/de\/\",\"name\":\"H\u00fcbsch\",\"description\":\"Danish Home Interior and Design\",\"publisher\":{\"@id\":\"https:\/\/hubsch-interior.com\/de\/#organization\"},\"potentialAction\":[{\"@type\":\"SearchAction\",\"target\":{\"@type\":\"EntryPoint\",\"urlTemplate\":\"https:\/\/hubsch-interior.com\/de\/?s={search_term_string}\"},\"query-input\":{\"@type\":\"PropertyValueSpecification\",\"valueRequired\":true,\"valueName\":\"search_term_string\"}}],\"inLanguage\":\"de\"},{\"@type\":\"Organization\",\"@id\":\"https:\/\/hubsch-interior.com\/de\/#organization\",\"name\":\"H\u00fcbsch\",\"url\":\"https:\/\/hubsch-interior.com\/de\/\",\"logo\":{\"@type\":\"ImageObject\",\"inLanguage\":\"de\",\"@id\":\"https:\/\/hubsch-interior.com\/de\/#\/schema\/logo\/image\/\",\"url\":\"https:\/\/hubsch-interior.com\/wp-content\/uploads\/2022\/12\/Hubsch_logo_black_one_line.svg\",\"contentUrl\":\"https:\/\/hubsch-interior.com\/wp-content\/uploads\/2022\/12\/Hubsch_logo_black_one_line.svg\",\"caption\":\"H\u00fcbsch\"},\"image\":{\"@id\":\"https:\/\/hubsch-interior.com\/de\/#\/schema\/logo\/image\/\"}}]}<\/script>\n<!-- \/ Yoast SEO plugin. -->","yoast_head_json":{"title":"Vista Decken \u00a0Multifarben - H\u00fcbsch","description":"Aus der Ferne sieht die Farbe dieses Baumwoll\u00fcberwurfs wie ein schlichtes Grau aus. Wenn man jedoch genau hinsieht, entfaltet sich eine breite Palette von","robots":{"index":"index","follow":"follow","max-snippet":"max-snippet:-1","max-image-preview":"max-image-preview:large","max-video-preview":"max-video-preview:-1"},"canonical":"https:\/\/hubsch-interior.com\/de\/wp-json\/wp\/v2\/product\/741319","og_locale":"de_DE","og_type":"article","og_title":"Vista Decken \u00a0Multifarben - H\u00fcbsch","og_description":"Aus der Ferne sieht die Farbe dieses Baumwoll\u00fcberwurfs wie ein schlichtes Grau aus. Wenn man jedoch genau hinsieht, entfaltet sich eine breite Palette von","og_url":"https:\/\/hubsch-interior.com\/de\/produkt\/vista-decken-multifarben\/","og_site_name":"H\u00fcbsch","article_modified_time":"2026-04-05T02:41:51+00:00","og_image":[{"width":1200,"height":1200,"url":"https:\/\/hubsch-interior.com\/wp-content\/uploads\/2024\/01\/vista-throw-multicolour-6980a7d1143bb8b9741ea31d0502c659.jpg","type":"image\/jpeg"}],"twitter_card":"summary_large_image","schema":{"@context":"https:\/\/schema.org","@graph":[{"@type":"WebPage","@id":"https:\/\/hubsch-interior.com\/de\/produkt\/vista-decken-multifarben\/","url":"https:\/\/hubsch-interior.com\/de\/produkt\/vista-decken-multifarben\/","name":"Vista Decken \u00a0Multifarben - H\u00fcbsch","isPartOf":{"@id":"https:\/\/hubsch-interior.com\/de\/#website"},"primaryImageOfPage":{"@id":"https:\/\/hubsch-interior.com\/de\/produkt\/vista-decken-multifarben\/#primaryimage"},"image":{"@id":"https:\/\/hubsch-interior.com\/de\/produkt\/vista-decken-multifarben\/#primaryimage"},"thumbnailUrl":"https:\/\/hubsch-interior.com\/wp-content\/uploads\/2026\/02\/vista-throw-multicolour-51b7d6f5dd4b36f930ef846c84365eb0.jpg","datePublished":"2022-02-08T14:34:01+00:00","dateModified":"2026-04-05T02:41:51+00:00","description":"Aus der Ferne sieht die Farbe dieses Baumwoll\u00fcberwurfs wie ein schlichtes Grau aus. Wenn man jedoch genau hinsieht, entfaltet sich eine breite Palette von","breadcrumb":{"@id":"https:\/\/hubsch-interior.com\/de\/produkt\/vista-decken-multifarben\/#breadcrumb"},"inLanguage":"de","potentialAction":[{"@type":"ReadAction","target":["https:\/\/hubsch-interior.com\/de\/produkt\/vista-decken-multifarben\/"]}]},{"@type":"ImageObject","inLanguage":"de","@id":"https:\/\/hubsch-interior.com\/de\/produkt\/vista-decken-multifarben\/#primaryimage","url":"https:\/\/hubsch-interior.com\/wp-content\/uploads\/2026\/02\/vista-throw-multicolour-51b7d6f5dd4b36f930ef846c84365eb0.jpg","contentUrl":"https:\/\/hubsch-interior.com\/wp-content\/uploads\/2026\/02\/vista-throw-multicolour-51b7d6f5dd4b36f930ef846c84365eb0.jpg","width":1024,"height":1024},{"@type":"BreadcrumbList","@id":"https:\/\/hubsch-interior.com\/de\/produkt\/vista-decken-multifarben\/#breadcrumb","itemListElement":[{"@type":"ListItem","position":1,"name":"Startseite","item":"https:\/\/hubsch-interior.com\/de\/"},{"@type":"ListItem","position":2,"name":"Produkte","item":"https:\/\/hubsch-interior.com\/de\/shop-2\/"},{"@type":"ListItem","position":3,"name":"Textilien","item":"https:\/\/hubsch-interior.com\/de\/produkt-kategorie\/textilien\/"},{"@type":"ListItem","position":4,"name":"Decken","item":"https:\/\/hubsch-interior.com\/de\/produkt-kategorie\/textilien\/decken-de\/"},{"@type":"ListItem","position":5,"name":"Vista Decken \u00a0Multifarben"}]},{"@type":"WebSite","@id":"https:\/\/hubsch-interior.com\/de\/#website","url":"https:\/\/hubsch-interior.com\/de\/","name":"H\u00fcbsch","description":"Danish Home Interior and Design","publisher":{"@id":"https:\/\/hubsch-interior.com\/de\/#organization"},"potentialAction":[{"@type":"SearchAction","target":{"@type":"EntryPoint","urlTemplate":"https:\/\/hubsch-interior.com\/de\/?s={search_term_string}"},"query-input":{"@type":"PropertyValueSpecification","valueRequired":true,"valueName":"search_term_string"}}],"inLanguage":"de"},{"@type":"Organization","@id":"https:\/\/hubsch-interior.com\/de\/#organization","name":"H\u00fcbsch","url":"https:\/\/hubsch-interior.com\/de\/","logo":{"@type":"ImageObject","inLanguage":"de","@id":"https:\/\/hubsch-interior.com\/de\/#\/schema\/logo\/image\/","url":"https:\/\/hubsch-interior.com\/wp-content\/uploads\/2022\/12\/Hubsch_logo_black_one_line.svg","contentUrl":"https:\/\/hubsch-interior.com\/wp-content\/uploads\/2022\/12\/Hubsch_logo_black_one_line.svg","caption":"H\u00fcbsch"},"image":{"@id":"https:\/\/hubsch-interior.com\/de\/#\/schema\/logo\/image\/"}}]}},"_links":{"self":[{"href":"https:\/\/hubsch-interior.com\/de\/wp-json\/wp\/v2\/product\/741319","targetHints":{"allow":["GET"]}}],"collection":[{"href":"https:\/\/hubsch-interior.com\/de\/wp-json\/wp\/v2\/product"}],"about":[{"href":"https:\/\/hubsch-interior.com\/de\/wp-json\/wp\/v2\/types\/product"}],"wp:featuredmedia":[{"embeddable":true,"href":"https:\/\/hubsch-interior.com\/de\/wp-json\/wp\/v2\/media\/1100129"}],"wp:attachment":[{"href":"https:\/\/hubsch-interior.com\/de\/wp-json\/wp\/v2\/media?parent=741319"}],"wp:term":[{"taxonomy":"product_brand","embeddable":true,"href":"https:\/\/hubsch-interior.com\/de\/wp-json\/wp\/v2\/product_brand?post=741319"},{"taxonomy":"product_cat","embeddable":true,"href":"https:\/\/hubsch-interior.com\/de\/wp-json\/wp\/v2\/product_cat?post=741319"},{"taxonomy":"product_tag","embeddable":true,"href":"https:\/\/hubsch-interior.com\/de\/wp-json\/wp\/v2\/product_tag?post=741319"}],"curies":[{"name":"wp","href":"https:\/\/api.w.org\/{rel}","templated":true}]}}