{"id":741363,"date":"2022-02-08T15:34:15","date_gmt":"2022-02-08T14:34:15","guid":{"rendered":"https:\/\/hubsch-interior.com\/product\/product\/"},"modified":"2026-04-05T04:41:56","modified_gmt":"2026-04-05T02:41:56","slug":"mellow-laufer-blau","status":"publish","type":"product","link":"https:\/\/hubsch-interior.com\/de\/produkt\/mellow-laufer-blau\/","title":{"rendered":"Mellow L\u00e4ufer Blau"},"content":{"rendered":"<p>Dieser sch\u00f6ne L\u00e4ufer macht Sie alles andere als blau. Auf den ersten Blick scheint dieser Teppich dunkelblau zu sein, aber bei n\u00e4herem Hinsehen entfaltet sich eine ganze F\u00fclle von Farben. Der L\u00e4ufer ist aus OEKO-TEX\u00ae STANDARD 100\u00ae-zertifizierter Baumwolle gefertigt und wird Ihnen zu Hause einen warmen Empfang bereiten \u2013 oder einen tristen K\u00fcchenboden aufpeppen. Der L\u00e4ufer sieht faszinierend gut aus und ist auch f\u00fcr lange Flure perfekt geeignet.<\/p>\n","protected":false},"excerpt":{"rendered":"<p>Dieser sch\u00f6ne L\u00e4ufer macht Sie alles andere als blau. Auf den ersten Blick scheint dieser Teppich dunkelblau zu sein, aber bei n\u00e4herem Hinsehen entfaltet sich eine ganze F\u00fclle von Farben. Der L\u00e4ufer ist aus OEKO-TEX\u00ae STANDARD 100\u00ae-zertifizierter Baumwolle gefertigt und wird Ihnen zu Hause einen warmen Empfang bereiten \u2013 oder einen tristen K\u00fcchenboden aufpeppen. Der [&hellip;]<\/p>\n","protected":false},"featured_media":1100150,"template":"","meta":{"_acf_changed":false,"inline_featured_image":false},"product_brand":[],"product_cat":[3004,3325,5027],"product_tag":[],"class_list":{"0":"post-741363","1":"product","2":"type-product","3":"status-publish","4":"has-post-thumbnail","6":"product_cat-textilien","7":"product_cat-teppiche-de","8":"product_cat-bestsellers-de","9":"product_shipping_class-pk","11":"pa_color-blau-2","12":"pa_material-cotton-100-de","14":"first","15":"instock","16":"featured","17":"taxable","18":"shipping-taxable","19":"purchasable","20":"product-type-simple"},"exclude_global_add_ons":[],"addons":[],"acf":[],"yoast_head":"<!-- This site is optimized with the Yoast SEO plugin v26.4 - https:\/\/yoast.com\/wordpress\/plugins\/seo\/ -->\n<title>Mellow L\u00e4ufer Blau - H\u00fcbsch<\/title>\n<meta name=\"description\" content=\"Dieser sch\u00f6ne L\u00e4ufer macht Sie alles andere als blau. Auf den ersten Blick scheint dieser Teppich dunkelblau zu sein, aber bei n\u00e4herem Hinsehen entfaltet\" \/>\n<meta name=\"robots\" content=\"index, follow, max-snippet:-1, max-image-preview:large, max-video-preview:-1\" \/>\n<link rel=\"canonical\" href=\"https:\/\/hubsch-interior.com\/de\/wp-json\/wp\/v2\/product\/741363\" \/>\n<meta property=\"og:locale\" content=\"de_DE\" \/>\n<meta property=\"og:type\" content=\"article\" \/>\n<meta property=\"og:title\" content=\"Mellow L\u00e4ufer Blau - H\u00fcbsch\" \/>\n<meta property=\"og:description\" content=\"Dieser sch\u00f6ne L\u00e4ufer macht Sie alles andere als blau. Auf den ersten Blick scheint dieser Teppich dunkelblau zu sein, aber bei n\u00e4herem Hinsehen entfaltet\" \/>\n<meta property=\"og:url\" content=\"https:\/\/hubsch-interior.com\/de\/produkt\/mellow-laufer-blau\/\" \/>\n<meta property=\"og:site_name\" content=\"H\u00fcbsch\" \/>\n<meta property=\"article:modified_time\" content=\"2026-04-05T02:41:56+00:00\" \/>\n<meta property=\"og:image\" content=\"https:\/\/hubsch-interior.com\/wp-content\/uploads\/2025\/04\/mellow-runner-blue-646ca03d99f97470adccc13f56242e10.jpg\" \/>\n\t<meta property=\"og:image:width\" content=\"1200\" \/>\n\t<meta property=\"og:image:height\" content=\"1200\" \/>\n\t<meta property=\"og:image:type\" content=\"image\/jpeg\" \/>\n<meta name=\"twitter:card\" content=\"summary_large_image\" \/>\n<script type=\"application\/ld+json\" class=\"yoast-schema-graph\">{\"@context\":\"https:\/\/schema.org\",\"@graph\":[{\"@type\":\"WebPage\",\"@id\":\"https:\/\/hubsch-interior.com\/de\/produkt\/mellow-laufer-blau\/\",\"url\":\"https:\/\/hubsch-interior.com\/de\/produkt\/mellow-laufer-blau\/\",\"name\":\"Mellow L\u00e4ufer Blau - H\u00fcbsch\",\"isPartOf\":{\"@id\":\"https:\/\/hubsch-interior.com\/de\/#website\"},\"primaryImageOfPage\":{\"@id\":\"https:\/\/hubsch-interior.com\/de\/produkt\/mellow-laufer-blau\/#primaryimage\"},\"image\":{\"@id\":\"https:\/\/hubsch-interior.com\/de\/produkt\/mellow-laufer-blau\/#primaryimage\"},\"thumbnailUrl\":\"https:\/\/hubsch-interior.com\/wp-content\/uploads\/2026\/02\/mellow-runner-blue-7e6f1c443ea246b02c9e57ad27767d8c.jpg\",\"datePublished\":\"2022-02-08T14:34:15+00:00\",\"dateModified\":\"2026-04-05T02:41:56+00:00\",\"description\":\"Dieser sch\u00f6ne L\u00e4ufer macht Sie alles andere als blau. Auf den ersten Blick scheint dieser Teppich dunkelblau zu sein, aber bei n\u00e4herem Hinsehen entfaltet\",\"breadcrumb\":{\"@id\":\"https:\/\/hubsch-interior.com\/de\/produkt\/mellow-laufer-blau\/#breadcrumb\"},\"inLanguage\":\"de\",\"potentialAction\":[{\"@type\":\"ReadAction\",\"target\":[\"https:\/\/hubsch-interior.com\/de\/produkt\/mellow-laufer-blau\/\"]}]},{\"@type\":\"ImageObject\",\"inLanguage\":\"de\",\"@id\":\"https:\/\/hubsch-interior.com\/de\/produkt\/mellow-laufer-blau\/#primaryimage\",\"url\":\"https:\/\/hubsch-interior.com\/wp-content\/uploads\/2026\/02\/mellow-runner-blue-7e6f1c443ea246b02c9e57ad27767d8c.jpg\",\"contentUrl\":\"https:\/\/hubsch-interior.com\/wp-content\/uploads\/2026\/02\/mellow-runner-blue-7e6f1c443ea246b02c9e57ad27767d8c.jpg\",\"width\":1024,\"height\":1024},{\"@type\":\"BreadcrumbList\",\"@id\":\"https:\/\/hubsch-interior.com\/de\/produkt\/mellow-laufer-blau\/#breadcrumb\",\"itemListElement\":[{\"@type\":\"ListItem\",\"position\":1,\"name\":\"Startseite\",\"item\":\"https:\/\/hubsch-interior.com\/de\/\"},{\"@type\":\"ListItem\",\"position\":2,\"name\":\"Produkte\",\"item\":\"https:\/\/hubsch-interior.com\/de\/shop-2\/\"},{\"@type\":\"ListItem\",\"position\":3,\"name\":\"Textilien\",\"item\":\"https:\/\/hubsch-interior.com\/de\/produkt-kategorie\/textilien\/\"},{\"@type\":\"ListItem\",\"position\":4,\"name\":\"Teppiche\",\"item\":\"https:\/\/hubsch-interior.com\/de\/produkt-kategorie\/textilien\/teppiche-de\/\"},{\"@type\":\"ListItem\",\"position\":5,\"name\":\"Mellow L\u00e4ufer Blau\"}]},{\"@type\":\"WebSite\",\"@id\":\"https:\/\/hubsch-interior.com\/de\/#website\",\"url\":\"https:\/\/hubsch-interior.com\/de\/\",\"name\":\"H\u00fcbsch\",\"description\":\"Danish Home Interior and Design\",\"publisher\":{\"@id\":\"https:\/\/hubsch-interior.com\/de\/#organization\"},\"potentialAction\":[{\"@type\":\"SearchAction\",\"target\":{\"@type\":\"EntryPoint\",\"urlTemplate\":\"https:\/\/hubsch-interior.com\/de\/?s={search_term_string}\"},\"query-input\":{\"@type\":\"PropertyValueSpecification\",\"valueRequired\":true,\"valueName\":\"search_term_string\"}}],\"inLanguage\":\"de\"},{\"@type\":\"Organization\",\"@id\":\"https:\/\/hubsch-interior.com\/de\/#organization\",\"name\":\"H\u00fcbsch\",\"url\":\"https:\/\/hubsch-interior.com\/de\/\",\"logo\":{\"@type\":\"ImageObject\",\"inLanguage\":\"de\",\"@id\":\"https:\/\/hubsch-interior.com\/de\/#\/schema\/logo\/image\/\",\"url\":\"https:\/\/hubsch-interior.com\/wp-content\/uploads\/2022\/12\/Hubsch_logo_black_one_line.svg\",\"contentUrl\":\"https:\/\/hubsch-interior.com\/wp-content\/uploads\/2022\/12\/Hubsch_logo_black_one_line.svg\",\"caption\":\"H\u00fcbsch\"},\"image\":{\"@id\":\"https:\/\/hubsch-interior.com\/de\/#\/schema\/logo\/image\/\"}}]}<\/script>\n<!-- \/ Yoast SEO plugin. -->","yoast_head_json":{"title":"Mellow L\u00e4ufer Blau - H\u00fcbsch","description":"Dieser sch\u00f6ne L\u00e4ufer macht Sie alles andere als blau. Auf den ersten Blick scheint dieser Teppich dunkelblau zu sein, aber bei n\u00e4herem Hinsehen entfaltet","robots":{"index":"index","follow":"follow","max-snippet":"max-snippet:-1","max-image-preview":"max-image-preview:large","max-video-preview":"max-video-preview:-1"},"canonical":"https:\/\/hubsch-interior.com\/de\/wp-json\/wp\/v2\/product\/741363","og_locale":"de_DE","og_type":"article","og_title":"Mellow L\u00e4ufer Blau - H\u00fcbsch","og_description":"Dieser sch\u00f6ne L\u00e4ufer macht Sie alles andere als blau. Auf den ersten Blick scheint dieser Teppich dunkelblau zu sein, aber bei n\u00e4herem Hinsehen entfaltet","og_url":"https:\/\/hubsch-interior.com\/de\/produkt\/mellow-laufer-blau\/","og_site_name":"H\u00fcbsch","article_modified_time":"2026-04-05T02:41:56+00:00","og_image":[{"width":1200,"height":1200,"url":"https:\/\/hubsch-interior.com\/wp-content\/uploads\/2025\/04\/mellow-runner-blue-646ca03d99f97470adccc13f56242e10.jpg","type":"image\/jpeg"}],"twitter_card":"summary_large_image","schema":{"@context":"https:\/\/schema.org","@graph":[{"@type":"WebPage","@id":"https:\/\/hubsch-interior.com\/de\/produkt\/mellow-laufer-blau\/","url":"https:\/\/hubsch-interior.com\/de\/produkt\/mellow-laufer-blau\/","name":"Mellow L\u00e4ufer Blau - H\u00fcbsch","isPartOf":{"@id":"https:\/\/hubsch-interior.com\/de\/#website"},"primaryImageOfPage":{"@id":"https:\/\/hubsch-interior.com\/de\/produkt\/mellow-laufer-blau\/#primaryimage"},"image":{"@id":"https:\/\/hubsch-interior.com\/de\/produkt\/mellow-laufer-blau\/#primaryimage"},"thumbnailUrl":"https:\/\/hubsch-interior.com\/wp-content\/uploads\/2026\/02\/mellow-runner-blue-7e6f1c443ea246b02c9e57ad27767d8c.jpg","datePublished":"2022-02-08T14:34:15+00:00","dateModified":"2026-04-05T02:41:56+00:00","description":"Dieser sch\u00f6ne L\u00e4ufer macht Sie alles andere als blau. Auf den ersten Blick scheint dieser Teppich dunkelblau zu sein, aber bei n\u00e4herem Hinsehen entfaltet","breadcrumb":{"@id":"https:\/\/hubsch-interior.com\/de\/produkt\/mellow-laufer-blau\/#breadcrumb"},"inLanguage":"de","potentialAction":[{"@type":"ReadAction","target":["https:\/\/hubsch-interior.com\/de\/produkt\/mellow-laufer-blau\/"]}]},{"@type":"ImageObject","inLanguage":"de","@id":"https:\/\/hubsch-interior.com\/de\/produkt\/mellow-laufer-blau\/#primaryimage","url":"https:\/\/hubsch-interior.com\/wp-content\/uploads\/2026\/02\/mellow-runner-blue-7e6f1c443ea246b02c9e57ad27767d8c.jpg","contentUrl":"https:\/\/hubsch-interior.com\/wp-content\/uploads\/2026\/02\/mellow-runner-blue-7e6f1c443ea246b02c9e57ad27767d8c.jpg","width":1024,"height":1024},{"@type":"BreadcrumbList","@id":"https:\/\/hubsch-interior.com\/de\/produkt\/mellow-laufer-blau\/#breadcrumb","itemListElement":[{"@type":"ListItem","position":1,"name":"Startseite","item":"https:\/\/hubsch-interior.com\/de\/"},{"@type":"ListItem","position":2,"name":"Produkte","item":"https:\/\/hubsch-interior.com\/de\/shop-2\/"},{"@type":"ListItem","position":3,"name":"Textilien","item":"https:\/\/hubsch-interior.com\/de\/produkt-kategorie\/textilien\/"},{"@type":"ListItem","position":4,"name":"Teppiche","item":"https:\/\/hubsch-interior.com\/de\/produkt-kategorie\/textilien\/teppiche-de\/"},{"@type":"ListItem","position":5,"name":"Mellow L\u00e4ufer Blau"}]},{"@type":"WebSite","@id":"https:\/\/hubsch-interior.com\/de\/#website","url":"https:\/\/hubsch-interior.com\/de\/","name":"H\u00fcbsch","description":"Danish Home Interior and Design","publisher":{"@id":"https:\/\/hubsch-interior.com\/de\/#organization"},"potentialAction":[{"@type":"SearchAction","target":{"@type":"EntryPoint","urlTemplate":"https:\/\/hubsch-interior.com\/de\/?s={search_term_string}"},"query-input":{"@type":"PropertyValueSpecification","valueRequired":true,"valueName":"search_term_string"}}],"inLanguage":"de"},{"@type":"Organization","@id":"https:\/\/hubsch-interior.com\/de\/#organization","name":"H\u00fcbsch","url":"https:\/\/hubsch-interior.com\/de\/","logo":{"@type":"ImageObject","inLanguage":"de","@id":"https:\/\/hubsch-interior.com\/de\/#\/schema\/logo\/image\/","url":"https:\/\/hubsch-interior.com\/wp-content\/uploads\/2022\/12\/Hubsch_logo_black_one_line.svg","contentUrl":"https:\/\/hubsch-interior.com\/wp-content\/uploads\/2022\/12\/Hubsch_logo_black_one_line.svg","caption":"H\u00fcbsch"},"image":{"@id":"https:\/\/hubsch-interior.com\/de\/#\/schema\/logo\/image\/"}}]}},"_links":{"self":[{"href":"https:\/\/hubsch-interior.com\/de\/wp-json\/wp\/v2\/product\/741363","targetHints":{"allow":["GET"]}}],"collection":[{"href":"https:\/\/hubsch-interior.com\/de\/wp-json\/wp\/v2\/product"}],"about":[{"href":"https:\/\/hubsch-interior.com\/de\/wp-json\/wp\/v2\/types\/product"}],"wp:featuredmedia":[{"embeddable":true,"href":"https:\/\/hubsch-interior.com\/de\/wp-json\/wp\/v2\/media\/1100150"}],"wp:attachment":[{"href":"https:\/\/hubsch-interior.com\/de\/wp-json\/wp\/v2\/media?parent=741363"}],"wp:term":[{"taxonomy":"product_brand","embeddable":true,"href":"https:\/\/hubsch-interior.com\/de\/wp-json\/wp\/v2\/product_brand?post=741363"},{"taxonomy":"product_cat","embeddable":true,"href":"https:\/\/hubsch-interior.com\/de\/wp-json\/wp\/v2\/product_cat?post=741363"},{"taxonomy":"product_tag","embeddable":true,"href":"https:\/\/hubsch-interior.com\/de\/wp-json\/wp\/v2\/product_tag?post=741363"}],"curies":[{"name":"wp","href":"https:\/\/api.w.org\/{rel}","templated":true}]}}