{"id":741491,"date":"2022-02-08T15:35:24","date_gmt":"2022-02-08T14:35:24","guid":{"rendered":"https:\/\/hubsch-interior.com\/product\/product\/"},"modified":"2026-04-09T04:44:45","modified_gmt":"2026-04-09T02:44:45","slug":"era-topfe-braun-2er-set","status":"publish","type":"product","link":"https:\/\/hubsch-interior.com\/de\/produkt\/era-topfe-braun-2er-set\/","title":{"rendered":"Era T\u00f6pfe Braun (2er Set)"},"content":{"rendered":"<p>Mit den Era-Keramik-Pflanzgef\u00e4\u00dfen erhalten Sie ein modernes Ambiente. Wenn Sie also auf den Trend der Zimmerpflanzen aufspringen wollen, sind diese sch\u00f6nen braunen T\u00f6pfe ein guter Anfang. Mit ein bisschen Biophilie im Haus kann man nie etwas falsch machen. Die Era-T\u00f6pfe werden mit einem praktischen Untersetzer geliefert, um Flecken durch kalkhaltiges Wasser zu vermeiden. <\/p>\n","protected":false},"excerpt":{"rendered":"<p>Mit den Era-Keramik-Pflanzgef\u00e4\u00dfen erhalten Sie ein modernes Ambiente. Wenn Sie also auf den Trend der Zimmerpflanzen aufspringen wollen, sind diese sch\u00f6nen braunen T\u00f6pfe ein guter Anfang. Mit ein bisschen Biophilie im Haus kann man nie etwas falsch machen. Die Era-T\u00f6pfe werden mit einem praktischen Untersetzer geliefert, um Flecken durch kalkhaltiges Wasser zu vermeiden.<\/p>\n","protected":false},"featured_media":1100897,"template":"","meta":{"_acf_changed":false,"inline_featured_image":false},"product_brand":[],"product_cat":[6349,4916,4925,5027],"product_tag":[],"class_list":{"0":"post-741491","1":"product","2":"type-product","3":"status-publish","4":"has-post-thumbnail","6":"product_cat-garden-selection-de","7":"product_cat-toepfe-giesskannen-de","8":"product_cat-blumentoepfe-de","9":"product_cat-bestsellers-de","10":"product_shipping_class-pk","12":"pa_color-braun","13":"pa_material-keramik","15":"first","16":"instock","17":"featured","18":"taxable","19":"shipping-taxable","20":"purchasable","21":"product-type-simple"},"exclude_global_add_ons":[],"addons":[],"acf":[],"yoast_head":"<!-- This site is optimized with the Yoast SEO plugin v26.4 - https:\/\/yoast.com\/wordpress\/plugins\/seo\/ -->\n<title>Era T\u00f6pfe Braun (2er Set) - H\u00fcbsch<\/title>\n<meta name=\"description\" content=\"Mit den Era-Keramik-Pflanzgef\u00e4\u00dfen erhalten Sie ein modernes Ambiente. Wenn Sie also auf den Trend der Zimmerpflanzen aufspringen wollen, sind diese\" \/>\n<meta name=\"robots\" content=\"index, follow, max-snippet:-1, max-image-preview:large, max-video-preview:-1\" \/>\n<link rel=\"canonical\" href=\"https:\/\/hubsch-interior.com\/de\/wp-json\/wp\/v2\/product\/741491\" \/>\n<meta property=\"og:locale\" content=\"de_DE\" \/>\n<meta property=\"og:type\" content=\"article\" \/>\n<meta property=\"og:title\" content=\"Era T\u00f6pfe Braun (2er Set) - H\u00fcbsch\" \/>\n<meta property=\"og:description\" content=\"Mit den Era-Keramik-Pflanzgef\u00e4\u00dfen erhalten Sie ein modernes Ambiente. Wenn Sie also auf den Trend der Zimmerpflanzen aufspringen wollen, sind diese\" \/>\n<meta property=\"og:url\" content=\"https:\/\/hubsch-interior.com\/de\/produkt\/era-topfe-braun-2er-set\/\" \/>\n<meta property=\"og:site_name\" content=\"H\u00fcbsch\" \/>\n<meta property=\"article:modified_time\" content=\"2026-04-09T02:44:45+00:00\" \/>\n<meta property=\"og:image\" content=\"https:\/\/hubsch-interior.com\/wp-content\/uploads\/2025\/04\/era-pots-brown-set-of-2-48750fea0c68c5359dad16071fdb259b.jpg\" \/>\n\t<meta property=\"og:image:width\" content=\"1200\" \/>\n\t<meta property=\"og:image:height\" content=\"1200\" \/>\n\t<meta property=\"og:image:type\" content=\"image\/jpeg\" \/>\n<meta name=\"twitter:card\" content=\"summary_large_image\" \/>\n<script type=\"application\/ld+json\" class=\"yoast-schema-graph\">{\"@context\":\"https:\/\/schema.org\",\"@graph\":[{\"@type\":\"WebPage\",\"@id\":\"https:\/\/hubsch-interior.com\/de\/produkt\/era-topfe-braun-2er-set\/\",\"url\":\"https:\/\/hubsch-interior.com\/de\/produkt\/era-topfe-braun-2er-set\/\",\"name\":\"Era T\u00f6pfe Braun (2er Set) - H\u00fcbsch\",\"isPartOf\":{\"@id\":\"https:\/\/hubsch-interior.com\/de\/#website\"},\"primaryImageOfPage\":{\"@id\":\"https:\/\/hubsch-interior.com\/de\/produkt\/era-topfe-braun-2er-set\/#primaryimage\"},\"image\":{\"@id\":\"https:\/\/hubsch-interior.com\/de\/produkt\/era-topfe-braun-2er-set\/#primaryimage\"},\"thumbnailUrl\":\"https:\/\/hubsch-interior.com\/wp-content\/uploads\/2026\/02\/era-pots-brown-set-of-2-7c4c6d1b39efa75be8e8fb6c2728ff02.jpg\",\"datePublished\":\"2022-02-08T14:35:24+00:00\",\"dateModified\":\"2026-04-09T02:44:45+00:00\",\"description\":\"Mit den Era-Keramik-Pflanzgef\u00e4\u00dfen erhalten Sie ein modernes Ambiente. Wenn Sie also auf den Trend der Zimmerpflanzen aufspringen wollen, sind diese\",\"breadcrumb\":{\"@id\":\"https:\/\/hubsch-interior.com\/de\/produkt\/era-topfe-braun-2er-set\/#breadcrumb\"},\"inLanguage\":\"de\",\"potentialAction\":[{\"@type\":\"ReadAction\",\"target\":[\"https:\/\/hubsch-interior.com\/de\/produkt\/era-topfe-braun-2er-set\/\"]}]},{\"@type\":\"ImageObject\",\"inLanguage\":\"de\",\"@id\":\"https:\/\/hubsch-interior.com\/de\/produkt\/era-topfe-braun-2er-set\/#primaryimage\",\"url\":\"https:\/\/hubsch-interior.com\/wp-content\/uploads\/2026\/02\/era-pots-brown-set-of-2-7c4c6d1b39efa75be8e8fb6c2728ff02.jpg\",\"contentUrl\":\"https:\/\/hubsch-interior.com\/wp-content\/uploads\/2026\/02\/era-pots-brown-set-of-2-7c4c6d1b39efa75be8e8fb6c2728ff02.jpg\",\"width\":1024,\"height\":1024},{\"@type\":\"BreadcrumbList\",\"@id\":\"https:\/\/hubsch-interior.com\/de\/produkt\/era-topfe-braun-2er-set\/#breadcrumb\",\"itemListElement\":[{\"@type\":\"ListItem\",\"position\":1,\"name\":\"Startseite\",\"item\":\"https:\/\/hubsch-interior.com\/de\/\"},{\"@type\":\"ListItem\",\"position\":2,\"name\":\"Produkte\",\"item\":\"https:\/\/hubsch-interior.com\/de\/shop-2\/\"},{\"@type\":\"ListItem\",\"position\":3,\"name\":\"Wohnaccessoires\",\"item\":\"https:\/\/hubsch-interior.com\/de\/produkt-kategorie\/wohnaccessoires\/\"},{\"@type\":\"ListItem\",\"position\":4,\"name\":\"T&ouml;pfe &amp; Gie&szlig;kannen\",\"item\":\"https:\/\/hubsch-interior.com\/de\/produkt-kategorie\/wohnaccessoires\/toepfe-giesskannen-de\/\"},{\"@type\":\"ListItem\",\"position\":5,\"name\":\"Blument&ouml;pfe\",\"item\":\"https:\/\/hubsch-interior.com\/de\/produkt-kategorie\/wohnaccessoires\/toepfe-giesskannen-de\/blumentoepfe-de\/\"},{\"@type\":\"ListItem\",\"position\":6,\"name\":\"Era T\u00f6pfe Braun (2er Set)\"}]},{\"@type\":\"WebSite\",\"@id\":\"https:\/\/hubsch-interior.com\/de\/#website\",\"url\":\"https:\/\/hubsch-interior.com\/de\/\",\"name\":\"H\u00fcbsch\",\"description\":\"Danish Home Interior and Design\",\"publisher\":{\"@id\":\"https:\/\/hubsch-interior.com\/de\/#organization\"},\"potentialAction\":[{\"@type\":\"SearchAction\",\"target\":{\"@type\":\"EntryPoint\",\"urlTemplate\":\"https:\/\/hubsch-interior.com\/de\/?s={search_term_string}\"},\"query-input\":{\"@type\":\"PropertyValueSpecification\",\"valueRequired\":true,\"valueName\":\"search_term_string\"}}],\"inLanguage\":\"de\"},{\"@type\":\"Organization\",\"@id\":\"https:\/\/hubsch-interior.com\/de\/#organization\",\"name\":\"H\u00fcbsch\",\"url\":\"https:\/\/hubsch-interior.com\/de\/\",\"logo\":{\"@type\":\"ImageObject\",\"inLanguage\":\"de\",\"@id\":\"https:\/\/hubsch-interior.com\/de\/#\/schema\/logo\/image\/\",\"url\":\"https:\/\/hubsch-interior.com\/wp-content\/uploads\/2022\/12\/Hubsch_logo_black_one_line.svg\",\"contentUrl\":\"https:\/\/hubsch-interior.com\/wp-content\/uploads\/2022\/12\/Hubsch_logo_black_one_line.svg\",\"caption\":\"H\u00fcbsch\"},\"image\":{\"@id\":\"https:\/\/hubsch-interior.com\/de\/#\/schema\/logo\/image\/\"}}]}<\/script>\n<!-- \/ Yoast SEO plugin. -->","yoast_head_json":{"title":"Era T\u00f6pfe Braun (2er Set) - H\u00fcbsch","description":"Mit den Era-Keramik-Pflanzgef\u00e4\u00dfen erhalten Sie ein modernes Ambiente. Wenn Sie also auf den Trend der Zimmerpflanzen aufspringen wollen, sind diese","robots":{"index":"index","follow":"follow","max-snippet":"max-snippet:-1","max-image-preview":"max-image-preview:large","max-video-preview":"max-video-preview:-1"},"canonical":"https:\/\/hubsch-interior.com\/de\/wp-json\/wp\/v2\/product\/741491","og_locale":"de_DE","og_type":"article","og_title":"Era T\u00f6pfe Braun (2er Set) - H\u00fcbsch","og_description":"Mit den Era-Keramik-Pflanzgef\u00e4\u00dfen erhalten Sie ein modernes Ambiente. Wenn Sie also auf den Trend der Zimmerpflanzen aufspringen wollen, sind diese","og_url":"https:\/\/hubsch-interior.com\/de\/produkt\/era-topfe-braun-2er-set\/","og_site_name":"H\u00fcbsch","article_modified_time":"2026-04-09T02:44:45+00:00","og_image":[{"width":1200,"height":1200,"url":"https:\/\/hubsch-interior.com\/wp-content\/uploads\/2025\/04\/era-pots-brown-set-of-2-48750fea0c68c5359dad16071fdb259b.jpg","type":"image\/jpeg"}],"twitter_card":"summary_large_image","schema":{"@context":"https:\/\/schema.org","@graph":[{"@type":"WebPage","@id":"https:\/\/hubsch-interior.com\/de\/produkt\/era-topfe-braun-2er-set\/","url":"https:\/\/hubsch-interior.com\/de\/produkt\/era-topfe-braun-2er-set\/","name":"Era T\u00f6pfe Braun (2er Set) - H\u00fcbsch","isPartOf":{"@id":"https:\/\/hubsch-interior.com\/de\/#website"},"primaryImageOfPage":{"@id":"https:\/\/hubsch-interior.com\/de\/produkt\/era-topfe-braun-2er-set\/#primaryimage"},"image":{"@id":"https:\/\/hubsch-interior.com\/de\/produkt\/era-topfe-braun-2er-set\/#primaryimage"},"thumbnailUrl":"https:\/\/hubsch-interior.com\/wp-content\/uploads\/2026\/02\/era-pots-brown-set-of-2-7c4c6d1b39efa75be8e8fb6c2728ff02.jpg","datePublished":"2022-02-08T14:35:24+00:00","dateModified":"2026-04-09T02:44:45+00:00","description":"Mit den Era-Keramik-Pflanzgef\u00e4\u00dfen erhalten Sie ein modernes Ambiente. Wenn Sie also auf den Trend der Zimmerpflanzen aufspringen wollen, sind diese","breadcrumb":{"@id":"https:\/\/hubsch-interior.com\/de\/produkt\/era-topfe-braun-2er-set\/#breadcrumb"},"inLanguage":"de","potentialAction":[{"@type":"ReadAction","target":["https:\/\/hubsch-interior.com\/de\/produkt\/era-topfe-braun-2er-set\/"]}]},{"@type":"ImageObject","inLanguage":"de","@id":"https:\/\/hubsch-interior.com\/de\/produkt\/era-topfe-braun-2er-set\/#primaryimage","url":"https:\/\/hubsch-interior.com\/wp-content\/uploads\/2026\/02\/era-pots-brown-set-of-2-7c4c6d1b39efa75be8e8fb6c2728ff02.jpg","contentUrl":"https:\/\/hubsch-interior.com\/wp-content\/uploads\/2026\/02\/era-pots-brown-set-of-2-7c4c6d1b39efa75be8e8fb6c2728ff02.jpg","width":1024,"height":1024},{"@type":"BreadcrumbList","@id":"https:\/\/hubsch-interior.com\/de\/produkt\/era-topfe-braun-2er-set\/#breadcrumb","itemListElement":[{"@type":"ListItem","position":1,"name":"Startseite","item":"https:\/\/hubsch-interior.com\/de\/"},{"@type":"ListItem","position":2,"name":"Produkte","item":"https:\/\/hubsch-interior.com\/de\/shop-2\/"},{"@type":"ListItem","position":3,"name":"Wohnaccessoires","item":"https:\/\/hubsch-interior.com\/de\/produkt-kategorie\/wohnaccessoires\/"},{"@type":"ListItem","position":4,"name":"T&ouml;pfe &amp; Gie&szlig;kannen","item":"https:\/\/hubsch-interior.com\/de\/produkt-kategorie\/wohnaccessoires\/toepfe-giesskannen-de\/"},{"@type":"ListItem","position":5,"name":"Blument&ouml;pfe","item":"https:\/\/hubsch-interior.com\/de\/produkt-kategorie\/wohnaccessoires\/toepfe-giesskannen-de\/blumentoepfe-de\/"},{"@type":"ListItem","position":6,"name":"Era T\u00f6pfe Braun (2er Set)"}]},{"@type":"WebSite","@id":"https:\/\/hubsch-interior.com\/de\/#website","url":"https:\/\/hubsch-interior.com\/de\/","name":"H\u00fcbsch","description":"Danish Home Interior and Design","publisher":{"@id":"https:\/\/hubsch-interior.com\/de\/#organization"},"potentialAction":[{"@type":"SearchAction","target":{"@type":"EntryPoint","urlTemplate":"https:\/\/hubsch-interior.com\/de\/?s={search_term_string}"},"query-input":{"@type":"PropertyValueSpecification","valueRequired":true,"valueName":"search_term_string"}}],"inLanguage":"de"},{"@type":"Organization","@id":"https:\/\/hubsch-interior.com\/de\/#organization","name":"H\u00fcbsch","url":"https:\/\/hubsch-interior.com\/de\/","logo":{"@type":"ImageObject","inLanguage":"de","@id":"https:\/\/hubsch-interior.com\/de\/#\/schema\/logo\/image\/","url":"https:\/\/hubsch-interior.com\/wp-content\/uploads\/2022\/12\/Hubsch_logo_black_one_line.svg","contentUrl":"https:\/\/hubsch-interior.com\/wp-content\/uploads\/2022\/12\/Hubsch_logo_black_one_line.svg","caption":"H\u00fcbsch"},"image":{"@id":"https:\/\/hubsch-interior.com\/de\/#\/schema\/logo\/image\/"}}]}},"_links":{"self":[{"href":"https:\/\/hubsch-interior.com\/de\/wp-json\/wp\/v2\/product\/741491","targetHints":{"allow":["GET"]}}],"collection":[{"href":"https:\/\/hubsch-interior.com\/de\/wp-json\/wp\/v2\/product"}],"about":[{"href":"https:\/\/hubsch-interior.com\/de\/wp-json\/wp\/v2\/types\/product"}],"wp:featuredmedia":[{"embeddable":true,"href":"https:\/\/hubsch-interior.com\/de\/wp-json\/wp\/v2\/media\/1100897"}],"wp:attachment":[{"href":"https:\/\/hubsch-interior.com\/de\/wp-json\/wp\/v2\/media?parent=741491"}],"wp:term":[{"taxonomy":"product_brand","embeddable":true,"href":"https:\/\/hubsch-interior.com\/de\/wp-json\/wp\/v2\/product_brand?post=741491"},{"taxonomy":"product_cat","embeddable":true,"href":"https:\/\/hubsch-interior.com\/de\/wp-json\/wp\/v2\/product_cat?post=741491"},{"taxonomy":"product_tag","embeddable":true,"href":"https:\/\/hubsch-interior.com\/de\/wp-json\/wp\/v2\/product_tag?post=741491"}],"curies":[{"name":"wp","href":"https:\/\/api.w.org\/{rel}","templated":true}]}}