{"id":741507,"date":"2022-02-08T15:35:30","date_gmt":"2022-02-08T14:35:30","guid":{"rendered":"https:\/\/hubsch-interior.com\/product\/product\/"},"modified":"2026-04-09T04:44:49","modified_gmt":"2026-04-09T02:44:49","slug":"edna-topfe-braun-2er-set","status":"publish","type":"product","link":"https:\/\/hubsch-interior.com\/de\/produkt\/edna-topfe-braun-2er-set\/","title":{"rendered":"Edna T\u00f6pfe Braun (2er Set)"},"content":{"rendered":"<p>Diese Keramik-Pflanzgef\u00e4\u00dfe versetzen Sie direkt in die T\u00f6pferei des 20. Jahrhunderts zur\u00fcck. Farblich sind die erdig-braune Glasur und die Form jedoch typisch f\u00fcr das 21. Jahrhundert. Die charakteristischen Edna-T\u00f6pfe sind mit einer mit dem Pinsel aufgetragenen Sprenkel-Glasur versehen, die jeden Topf einzigartig macht. Erh\u00e4ltlich in zwei Farben.<\/p>\n","protected":false},"excerpt":{"rendered":"<p>Diese Keramik-Pflanzgef\u00e4\u00dfe versetzen Sie direkt in die T\u00f6pferei des 20. Jahrhunderts zur\u00fcck. Farblich sind die erdig-braune Glasur und die Form jedoch typisch f\u00fcr das 21. Jahrhundert. Die charakteristischen Edna-T\u00f6pfe sind mit einer mit dem Pinsel aufgetragenen Sprenkel-Glasur versehen, die jeden Topf einzigartig macht. Erh\u00e4ltlich in zwei Farben.<\/p>\n","protected":false},"featured_media":1100925,"template":"","meta":{"_acf_changed":false,"inline_featured_image":false},"product_brand":[],"product_cat":[5027,4925,6349,4916],"product_tag":[],"class_list":{"0":"post-741507","1":"product","2":"type-product","3":"status-publish","4":"has-post-thumbnail","6":"product_cat-bestsellers-de","7":"product_cat-blumentoepfe-de","8":"product_cat-garden-selection-de","9":"product_cat-toepfe-giesskannen-de","10":"product_shipping_class-pk","12":"pa_color-braun","13":"pa_material-keramik","15":"first","16":"instock","17":"featured","18":"taxable","19":"shipping-taxable","20":"purchasable","21":"product-type-simple"},"exclude_global_add_ons":[],"addons":[],"acf":[],"yoast_head":"<!-- This site is optimized with the Yoast SEO plugin v26.4 - https:\/\/yoast.com\/wordpress\/plugins\/seo\/ -->\n<title>Edna T\u00f6pfe Braun (2er Set) - H\u00fcbsch<\/title>\n<meta name=\"description\" content=\"Diese Keramik-Pflanzgef\u00e4\u00dfe versetzen Sie direkt in die T\u00f6pferei des 20. Jahrhunderts zur\u00fcck. Farblich sind die erdig-braune Glasur und die Form jedoch\" \/>\n<meta name=\"robots\" content=\"index, follow, max-snippet:-1, max-image-preview:large, max-video-preview:-1\" \/>\n<link rel=\"canonical\" href=\"https:\/\/hubsch-interior.com\/de\/wp-json\/wp\/v2\/product\/741507\" \/>\n<meta property=\"og:locale\" content=\"de_DE\" \/>\n<meta property=\"og:type\" content=\"article\" \/>\n<meta property=\"og:title\" content=\"Edna T\u00f6pfe Braun (2er Set) - H\u00fcbsch\" \/>\n<meta property=\"og:description\" content=\"Diese Keramik-Pflanzgef\u00e4\u00dfe versetzen Sie direkt in die T\u00f6pferei des 20. Jahrhunderts zur\u00fcck. Farblich sind die erdig-braune Glasur und die Form jedoch\" \/>\n<meta property=\"og:url\" content=\"https:\/\/hubsch-interior.com\/de\/produkt\/edna-topfe-braun-2er-set\/\" \/>\n<meta property=\"og:site_name\" content=\"H\u00fcbsch\" \/>\n<meta property=\"article:modified_time\" content=\"2026-04-09T02:44:49+00:00\" \/>\n<meta property=\"og:image\" content=\"https:\/\/hubsch-interior.com\/wp-content\/uploads\/2025\/04\/edna-pots-brown-set-of-2-be53a448f8905960419657ec45dbd04d.jpg\" \/>\n\t<meta property=\"og:image:width\" content=\"400\" \/>\n\t<meta property=\"og:image:height\" content=\"400\" \/>\n\t<meta property=\"og:image:type\" content=\"image\/jpeg\" \/>\n<meta name=\"twitter:card\" content=\"summary_large_image\" \/>\n<script type=\"application\/ld+json\" class=\"yoast-schema-graph\">{\"@context\":\"https:\/\/schema.org\",\"@graph\":[{\"@type\":\"WebPage\",\"@id\":\"https:\/\/hubsch-interior.com\/de\/produkt\/edna-topfe-braun-2er-set\/\",\"url\":\"https:\/\/hubsch-interior.com\/de\/produkt\/edna-topfe-braun-2er-set\/\",\"name\":\"Edna T\u00f6pfe Braun (2er Set) - H\u00fcbsch\",\"isPartOf\":{\"@id\":\"https:\/\/hubsch-interior.com\/de\/#website\"},\"primaryImageOfPage\":{\"@id\":\"https:\/\/hubsch-interior.com\/de\/produkt\/edna-topfe-braun-2er-set\/#primaryimage\"},\"image\":{\"@id\":\"https:\/\/hubsch-interior.com\/de\/produkt\/edna-topfe-braun-2er-set\/#primaryimage\"},\"thumbnailUrl\":\"https:\/\/hubsch-interior.com\/wp-content\/uploads\/2026\/02\/edna-pots-brown-set-of-2-f87aeab5669a60d6299d09ede0476c1a.jpg\",\"datePublished\":\"2022-02-08T14:35:30+00:00\",\"dateModified\":\"2026-04-09T02:44:49+00:00\",\"description\":\"Diese Keramik-Pflanzgef\u00e4\u00dfe versetzen Sie direkt in die T\u00f6pferei des 20. Jahrhunderts zur\u00fcck. Farblich sind die erdig-braune Glasur und die Form jedoch\",\"breadcrumb\":{\"@id\":\"https:\/\/hubsch-interior.com\/de\/produkt\/edna-topfe-braun-2er-set\/#breadcrumb\"},\"inLanguage\":\"de\",\"potentialAction\":[{\"@type\":\"ReadAction\",\"target\":[\"https:\/\/hubsch-interior.com\/de\/produkt\/edna-topfe-braun-2er-set\/\"]}]},{\"@type\":\"ImageObject\",\"inLanguage\":\"de\",\"@id\":\"https:\/\/hubsch-interior.com\/de\/produkt\/edna-topfe-braun-2er-set\/#primaryimage\",\"url\":\"https:\/\/hubsch-interior.com\/wp-content\/uploads\/2026\/02\/edna-pots-brown-set-of-2-f87aeab5669a60d6299d09ede0476c1a.jpg\",\"contentUrl\":\"https:\/\/hubsch-interior.com\/wp-content\/uploads\/2026\/02\/edna-pots-brown-set-of-2-f87aeab5669a60d6299d09ede0476c1a.jpg\",\"width\":400,\"height\":400},{\"@type\":\"BreadcrumbList\",\"@id\":\"https:\/\/hubsch-interior.com\/de\/produkt\/edna-topfe-braun-2er-set\/#breadcrumb\",\"itemListElement\":[{\"@type\":\"ListItem\",\"position\":1,\"name\":\"Startseite\",\"item\":\"https:\/\/hubsch-interior.com\/de\/\"},{\"@type\":\"ListItem\",\"position\":2,\"name\":\"Produkte\",\"item\":\"https:\/\/hubsch-interior.com\/de\/shop-2\/\"},{\"@type\":\"ListItem\",\"position\":3,\"name\":\"Wohnaccessoires\",\"item\":\"https:\/\/hubsch-interior.com\/de\/produkt-kategorie\/wohnaccessoires\/\"},{\"@type\":\"ListItem\",\"position\":4,\"name\":\"T&ouml;pfe &amp; Gie&szlig;kannen\",\"item\":\"https:\/\/hubsch-interior.com\/de\/produkt-kategorie\/wohnaccessoires\/toepfe-giesskannen-de\/\"},{\"@type\":\"ListItem\",\"position\":5,\"name\":\"Blument&ouml;pfe\",\"item\":\"https:\/\/hubsch-interior.com\/de\/produkt-kategorie\/wohnaccessoires\/toepfe-giesskannen-de\/blumentoepfe-de\/\"},{\"@type\":\"ListItem\",\"position\":6,\"name\":\"Edna T\u00f6pfe Braun (2er Set)\"}]},{\"@type\":\"WebSite\",\"@id\":\"https:\/\/hubsch-interior.com\/de\/#website\",\"url\":\"https:\/\/hubsch-interior.com\/de\/\",\"name\":\"H\u00fcbsch\",\"description\":\"Danish Home Interior and Design\",\"publisher\":{\"@id\":\"https:\/\/hubsch-interior.com\/de\/#organization\"},\"potentialAction\":[{\"@type\":\"SearchAction\",\"target\":{\"@type\":\"EntryPoint\",\"urlTemplate\":\"https:\/\/hubsch-interior.com\/de\/?s={search_term_string}\"},\"query-input\":{\"@type\":\"PropertyValueSpecification\",\"valueRequired\":true,\"valueName\":\"search_term_string\"}}],\"inLanguage\":\"de\"},{\"@type\":\"Organization\",\"@id\":\"https:\/\/hubsch-interior.com\/de\/#organization\",\"name\":\"H\u00fcbsch\",\"url\":\"https:\/\/hubsch-interior.com\/de\/\",\"logo\":{\"@type\":\"ImageObject\",\"inLanguage\":\"de\",\"@id\":\"https:\/\/hubsch-interior.com\/de\/#\/schema\/logo\/image\/\",\"url\":\"https:\/\/hubsch-interior.com\/wp-content\/uploads\/2022\/12\/Hubsch_logo_black_one_line.svg\",\"contentUrl\":\"https:\/\/hubsch-interior.com\/wp-content\/uploads\/2022\/12\/Hubsch_logo_black_one_line.svg\",\"caption\":\"H\u00fcbsch\"},\"image\":{\"@id\":\"https:\/\/hubsch-interior.com\/de\/#\/schema\/logo\/image\/\"}}]}<\/script>\n<!-- \/ Yoast SEO plugin. -->","yoast_head_json":{"title":"Edna T\u00f6pfe Braun (2er Set) - H\u00fcbsch","description":"Diese Keramik-Pflanzgef\u00e4\u00dfe versetzen Sie direkt in die T\u00f6pferei des 20. Jahrhunderts zur\u00fcck. Farblich sind die erdig-braune Glasur und die Form jedoch","robots":{"index":"index","follow":"follow","max-snippet":"max-snippet:-1","max-image-preview":"max-image-preview:large","max-video-preview":"max-video-preview:-1"},"canonical":"https:\/\/hubsch-interior.com\/de\/wp-json\/wp\/v2\/product\/741507","og_locale":"de_DE","og_type":"article","og_title":"Edna T\u00f6pfe Braun (2er Set) - H\u00fcbsch","og_description":"Diese Keramik-Pflanzgef\u00e4\u00dfe versetzen Sie direkt in die T\u00f6pferei des 20. Jahrhunderts zur\u00fcck. Farblich sind die erdig-braune Glasur und die Form jedoch","og_url":"https:\/\/hubsch-interior.com\/de\/produkt\/edna-topfe-braun-2er-set\/","og_site_name":"H\u00fcbsch","article_modified_time":"2026-04-09T02:44:49+00:00","og_image":[{"width":400,"height":400,"url":"https:\/\/hubsch-interior.com\/wp-content\/uploads\/2025\/04\/edna-pots-brown-set-of-2-be53a448f8905960419657ec45dbd04d.jpg","type":"image\/jpeg"}],"twitter_card":"summary_large_image","schema":{"@context":"https:\/\/schema.org","@graph":[{"@type":"WebPage","@id":"https:\/\/hubsch-interior.com\/de\/produkt\/edna-topfe-braun-2er-set\/","url":"https:\/\/hubsch-interior.com\/de\/produkt\/edna-topfe-braun-2er-set\/","name":"Edna T\u00f6pfe Braun (2er Set) - H\u00fcbsch","isPartOf":{"@id":"https:\/\/hubsch-interior.com\/de\/#website"},"primaryImageOfPage":{"@id":"https:\/\/hubsch-interior.com\/de\/produkt\/edna-topfe-braun-2er-set\/#primaryimage"},"image":{"@id":"https:\/\/hubsch-interior.com\/de\/produkt\/edna-topfe-braun-2er-set\/#primaryimage"},"thumbnailUrl":"https:\/\/hubsch-interior.com\/wp-content\/uploads\/2026\/02\/edna-pots-brown-set-of-2-f87aeab5669a60d6299d09ede0476c1a.jpg","datePublished":"2022-02-08T14:35:30+00:00","dateModified":"2026-04-09T02:44:49+00:00","description":"Diese Keramik-Pflanzgef\u00e4\u00dfe versetzen Sie direkt in die T\u00f6pferei des 20. Jahrhunderts zur\u00fcck. Farblich sind die erdig-braune Glasur und die Form jedoch","breadcrumb":{"@id":"https:\/\/hubsch-interior.com\/de\/produkt\/edna-topfe-braun-2er-set\/#breadcrumb"},"inLanguage":"de","potentialAction":[{"@type":"ReadAction","target":["https:\/\/hubsch-interior.com\/de\/produkt\/edna-topfe-braun-2er-set\/"]}]},{"@type":"ImageObject","inLanguage":"de","@id":"https:\/\/hubsch-interior.com\/de\/produkt\/edna-topfe-braun-2er-set\/#primaryimage","url":"https:\/\/hubsch-interior.com\/wp-content\/uploads\/2026\/02\/edna-pots-brown-set-of-2-f87aeab5669a60d6299d09ede0476c1a.jpg","contentUrl":"https:\/\/hubsch-interior.com\/wp-content\/uploads\/2026\/02\/edna-pots-brown-set-of-2-f87aeab5669a60d6299d09ede0476c1a.jpg","width":400,"height":400},{"@type":"BreadcrumbList","@id":"https:\/\/hubsch-interior.com\/de\/produkt\/edna-topfe-braun-2er-set\/#breadcrumb","itemListElement":[{"@type":"ListItem","position":1,"name":"Startseite","item":"https:\/\/hubsch-interior.com\/de\/"},{"@type":"ListItem","position":2,"name":"Produkte","item":"https:\/\/hubsch-interior.com\/de\/shop-2\/"},{"@type":"ListItem","position":3,"name":"Wohnaccessoires","item":"https:\/\/hubsch-interior.com\/de\/produkt-kategorie\/wohnaccessoires\/"},{"@type":"ListItem","position":4,"name":"T&ouml;pfe &amp; Gie&szlig;kannen","item":"https:\/\/hubsch-interior.com\/de\/produkt-kategorie\/wohnaccessoires\/toepfe-giesskannen-de\/"},{"@type":"ListItem","position":5,"name":"Blument&ouml;pfe","item":"https:\/\/hubsch-interior.com\/de\/produkt-kategorie\/wohnaccessoires\/toepfe-giesskannen-de\/blumentoepfe-de\/"},{"@type":"ListItem","position":6,"name":"Edna T\u00f6pfe Braun (2er Set)"}]},{"@type":"WebSite","@id":"https:\/\/hubsch-interior.com\/de\/#website","url":"https:\/\/hubsch-interior.com\/de\/","name":"H\u00fcbsch","description":"Danish Home Interior and Design","publisher":{"@id":"https:\/\/hubsch-interior.com\/de\/#organization"},"potentialAction":[{"@type":"SearchAction","target":{"@type":"EntryPoint","urlTemplate":"https:\/\/hubsch-interior.com\/de\/?s={search_term_string}"},"query-input":{"@type":"PropertyValueSpecification","valueRequired":true,"valueName":"search_term_string"}}],"inLanguage":"de"},{"@type":"Organization","@id":"https:\/\/hubsch-interior.com\/de\/#organization","name":"H\u00fcbsch","url":"https:\/\/hubsch-interior.com\/de\/","logo":{"@type":"ImageObject","inLanguage":"de","@id":"https:\/\/hubsch-interior.com\/de\/#\/schema\/logo\/image\/","url":"https:\/\/hubsch-interior.com\/wp-content\/uploads\/2022\/12\/Hubsch_logo_black_one_line.svg","contentUrl":"https:\/\/hubsch-interior.com\/wp-content\/uploads\/2022\/12\/Hubsch_logo_black_one_line.svg","caption":"H\u00fcbsch"},"image":{"@id":"https:\/\/hubsch-interior.com\/de\/#\/schema\/logo\/image\/"}}]}},"_links":{"self":[{"href":"https:\/\/hubsch-interior.com\/de\/wp-json\/wp\/v2\/product\/741507","targetHints":{"allow":["GET"]}}],"collection":[{"href":"https:\/\/hubsch-interior.com\/de\/wp-json\/wp\/v2\/product"}],"about":[{"href":"https:\/\/hubsch-interior.com\/de\/wp-json\/wp\/v2\/types\/product"}],"wp:featuredmedia":[{"embeddable":true,"href":"https:\/\/hubsch-interior.com\/de\/wp-json\/wp\/v2\/media\/1100925"}],"wp:attachment":[{"href":"https:\/\/hubsch-interior.com\/de\/wp-json\/wp\/v2\/media?parent=741507"}],"wp:term":[{"taxonomy":"product_brand","embeddable":true,"href":"https:\/\/hubsch-interior.com\/de\/wp-json\/wp\/v2\/product_brand?post=741507"},{"taxonomy":"product_cat","embeddable":true,"href":"https:\/\/hubsch-interior.com\/de\/wp-json\/wp\/v2\/product_cat?post=741507"},{"taxonomy":"product_tag","embeddable":true,"href":"https:\/\/hubsch-interior.com\/de\/wp-json\/wp\/v2\/product_tag?post=741507"}],"curies":[{"name":"wp","href":"https:\/\/api.w.org\/{rel}","templated":true}]}}