{"id":741583,"date":"2022-02-08T15:36:14","date_gmt":"2022-02-08T14:36:14","guid":{"rendered":"https:\/\/hubsch-interior.com\/product\/product\/"},"modified":"2026-04-04T04:44:01","modified_gmt":"2026-04-04T02:44:01","slug":"pine-korbe-naturfarben-multifarben-2er-set","status":"publish","type":"product","link":"https:\/\/hubsch-interior.com\/de\/produkt\/pine-korbe-naturfarben-multifarben-2er-set\/","title":{"rendered":"Pine K\u00f6rbe Naturfarben\/\u00a0Multifarben (2er Set)"},"content":{"rendered":"<p>Sie stehen auf dramatische Muster? Dann sind die Pine Baskets genau das Richtige f\u00fcr Sie. Die handgeflochtenen Pine Baskets aus gelbem und gr\u00fcnem Abaca sind die perfekten Helfer \u2013 \u00fcberall dort, wo ein wenig zus\u00e4tzlicher Stauraum ben\u00f6tigt wird. Wenn Sie noch keine Ideen f\u00fcr die Verwendung von K\u00f6rben haben, h\u00e4tten wir hier einige Vorschl\u00e4ge: Kabel und Ladeger\u00e4te, Zeitungen und Zeitschriften, Spielzeug oder \u00dcberw\u00fcrfe, sogar Klopapierrollen \u2013 wir k\u00f6nnten noch ewig weitermachen&#8230;<\/p>\n","protected":false},"excerpt":{"rendered":"<p>Sie stehen auf dramatische Muster? Dann sind die Pine Baskets genau das Richtige f\u00fcr Sie. Die handgeflochtenen Pine Baskets aus gelbem und gr\u00fcnem Abaca sind die perfekten Helfer \u2013 \u00fcberall dort, wo ein wenig zus\u00e4tzlicher Stauraum ben\u00f6tigt wird. Wenn Sie noch keine Ideen f\u00fcr die Verwendung von K\u00f6rben haben, h\u00e4tten wir hier einige Vorschl\u00e4ge: Kabel [&hellip;]<\/p>\n","protected":false},"featured_media":1101069,"template":"","meta":{"_acf_changed":false,"inline_featured_image":false},"product_brand":[],"product_cat":[3111,4076],"product_tag":[],"class_list":{"0":"post-741583","1":"product","2":"type-product","3":"status-publish","4":"has-post-thumbnail","6":"product_cat-aufbewahrung-de","7":"product_cat-koerbe-de","8":"product_shipping_class-pk","10":"pa_color-multifarben-2","11":"pa_color-naturfarben-2","12":"pa_material-abaca-de","14":"first","15":"instock","16":"taxable","17":"shipping-taxable","18":"purchasable","19":"product-type-simple"},"exclude_global_add_ons":[],"addons":[],"acf":[],"yoast_head":"<!-- This site is optimized with the Yoast SEO plugin v26.4 - https:\/\/yoast.com\/wordpress\/plugins\/seo\/ -->\n<title>Pine K\u00f6rbe Naturfarben\/\u00a0Multifarben (2er Set) - H\u00fcbsch<\/title>\n<meta name=\"description\" content=\"Sie stehen auf dramatische Muster? Dann sind die Pine Baskets genau das Richtige f\u00fcr Sie. Die handgeflochtenen Pine Baskets aus gelbem und gr\u00fcnem Abaca\" \/>\n<meta name=\"robots\" content=\"index, follow, max-snippet:-1, max-image-preview:large, max-video-preview:-1\" \/>\n<link rel=\"canonical\" href=\"https:\/\/hubsch-interior.com\/de\/wp-json\/wp\/v2\/product\/741583\" \/>\n<meta property=\"og:locale\" content=\"de_DE\" \/>\n<meta property=\"og:type\" content=\"article\" \/>\n<meta property=\"og:title\" content=\"Pine K\u00f6rbe Naturfarben\/\u00a0Multifarben (2er Set) - H\u00fcbsch\" \/>\n<meta property=\"og:description\" content=\"Sie stehen auf dramatische Muster? Dann sind die Pine Baskets genau das Richtige f\u00fcr Sie. Die handgeflochtenen Pine Baskets aus gelbem und gr\u00fcnem Abaca\" \/>\n<meta property=\"og:url\" content=\"https:\/\/hubsch-interior.com\/de\/produkt\/pine-korbe-naturfarben-multifarben-2er-set\/\" \/>\n<meta property=\"og:site_name\" content=\"H\u00fcbsch\" \/>\n<meta property=\"article:modified_time\" content=\"2026-04-04T02:44:01+00:00\" \/>\n<meta property=\"og:image\" content=\"https:\/\/hubsch-interior.com\/wp-content\/uploads\/2025\/04\/pine-baskets-naturalmulticolour-set-of-2-c764b09727324a44434e43ab7bc7b203.jpg\" \/>\n\t<meta property=\"og:image:width\" content=\"1200\" \/>\n\t<meta property=\"og:image:height\" content=\"1200\" \/>\n\t<meta property=\"og:image:type\" content=\"image\/jpeg\" \/>\n<meta name=\"twitter:card\" content=\"summary_large_image\" \/>\n<script type=\"application\/ld+json\" class=\"yoast-schema-graph\">{\"@context\":\"https:\/\/schema.org\",\"@graph\":[{\"@type\":\"WebPage\",\"@id\":\"https:\/\/hubsch-interior.com\/de\/produkt\/pine-korbe-naturfarben-multifarben-2er-set\/\",\"url\":\"https:\/\/hubsch-interior.com\/de\/produkt\/pine-korbe-naturfarben-multifarben-2er-set\/\",\"name\":\"Pine K\u00f6rbe Naturfarben\/\u00a0Multifarben (2er Set) - H\u00fcbsch\",\"isPartOf\":{\"@id\":\"https:\/\/hubsch-interior.com\/de\/#website\"},\"primaryImageOfPage\":{\"@id\":\"https:\/\/hubsch-interior.com\/de\/produkt\/pine-korbe-naturfarben-multifarben-2er-set\/#primaryimage\"},\"image\":{\"@id\":\"https:\/\/hubsch-interior.com\/de\/produkt\/pine-korbe-naturfarben-multifarben-2er-set\/#primaryimage\"},\"thumbnailUrl\":\"https:\/\/hubsch-interior.com\/wp-content\/uploads\/2026\/02\/pine-baskets-naturalmulticolour-set-of-2-82790b44c3aff81ce77275143a3fe1d3.jpg\",\"datePublished\":\"2022-02-08T14:36:14+00:00\",\"dateModified\":\"2026-04-04T02:44:01+00:00\",\"description\":\"Sie stehen auf dramatische Muster? Dann sind die Pine Baskets genau das Richtige f\u00fcr Sie. Die handgeflochtenen Pine Baskets aus gelbem und gr\u00fcnem Abaca\",\"breadcrumb\":{\"@id\":\"https:\/\/hubsch-interior.com\/de\/produkt\/pine-korbe-naturfarben-multifarben-2er-set\/#breadcrumb\"},\"inLanguage\":\"de\",\"potentialAction\":[{\"@type\":\"ReadAction\",\"target\":[\"https:\/\/hubsch-interior.com\/de\/produkt\/pine-korbe-naturfarben-multifarben-2er-set\/\"]}]},{\"@type\":\"ImageObject\",\"inLanguage\":\"de\",\"@id\":\"https:\/\/hubsch-interior.com\/de\/produkt\/pine-korbe-naturfarben-multifarben-2er-set\/#primaryimage\",\"url\":\"https:\/\/hubsch-interior.com\/wp-content\/uploads\/2026\/02\/pine-baskets-naturalmulticolour-set-of-2-82790b44c3aff81ce77275143a3fe1d3.jpg\",\"contentUrl\":\"https:\/\/hubsch-interior.com\/wp-content\/uploads\/2026\/02\/pine-baskets-naturalmulticolour-set-of-2-82790b44c3aff81ce77275143a3fe1d3.jpg\",\"width\":1024,\"height\":1024},{\"@type\":\"BreadcrumbList\",\"@id\":\"https:\/\/hubsch-interior.com\/de\/produkt\/pine-korbe-naturfarben-multifarben-2er-set\/#breadcrumb\",\"itemListElement\":[{\"@type\":\"ListItem\",\"position\":1,\"name\":\"Startseite\",\"item\":\"https:\/\/hubsch-interior.com\/de\/\"},{\"@type\":\"ListItem\",\"position\":2,\"name\":\"Produkte\",\"item\":\"https:\/\/hubsch-interior.com\/de\/shop-2\/\"},{\"@type\":\"ListItem\",\"position\":3,\"name\":\"Wohnaccessoires\",\"item\":\"https:\/\/hubsch-interior.com\/de\/produkt-kategorie\/wohnaccessoires\/\"},{\"@type\":\"ListItem\",\"position\":4,\"name\":\"Aufbewahrung\",\"item\":\"https:\/\/hubsch-interior.com\/de\/produkt-kategorie\/wohnaccessoires\/aufbewahrung-de\/\"},{\"@type\":\"ListItem\",\"position\":5,\"name\":\"K&ouml;rbe\",\"item\":\"https:\/\/hubsch-interior.com\/de\/produkt-kategorie\/wohnaccessoires\/aufbewahrung-de\/koerbe-de\/\"},{\"@type\":\"ListItem\",\"position\":6,\"name\":\"Pine K\u00f6rbe Naturfarben\/\u00a0Multifarben (2er Set)\"}]},{\"@type\":\"WebSite\",\"@id\":\"https:\/\/hubsch-interior.com\/de\/#website\",\"url\":\"https:\/\/hubsch-interior.com\/de\/\",\"name\":\"H\u00fcbsch\",\"description\":\"Danish Home Interior and Design\",\"publisher\":{\"@id\":\"https:\/\/hubsch-interior.com\/de\/#organization\"},\"potentialAction\":[{\"@type\":\"SearchAction\",\"target\":{\"@type\":\"EntryPoint\",\"urlTemplate\":\"https:\/\/hubsch-interior.com\/de\/?s={search_term_string}\"},\"query-input\":{\"@type\":\"PropertyValueSpecification\",\"valueRequired\":true,\"valueName\":\"search_term_string\"}}],\"inLanguage\":\"de\"},{\"@type\":\"Organization\",\"@id\":\"https:\/\/hubsch-interior.com\/de\/#organization\",\"name\":\"H\u00fcbsch\",\"url\":\"https:\/\/hubsch-interior.com\/de\/\",\"logo\":{\"@type\":\"ImageObject\",\"inLanguage\":\"de\",\"@id\":\"https:\/\/hubsch-interior.com\/de\/#\/schema\/logo\/image\/\",\"url\":\"https:\/\/hubsch-interior.com\/wp-content\/uploads\/2022\/12\/Hubsch_logo_black_one_line.svg\",\"contentUrl\":\"https:\/\/hubsch-interior.com\/wp-content\/uploads\/2022\/12\/Hubsch_logo_black_one_line.svg\",\"caption\":\"H\u00fcbsch\"},\"image\":{\"@id\":\"https:\/\/hubsch-interior.com\/de\/#\/schema\/logo\/image\/\"}}]}<\/script>\n<!-- \/ Yoast SEO plugin. -->","yoast_head_json":{"title":"Pine K\u00f6rbe Naturfarben\/\u00a0Multifarben (2er Set) - H\u00fcbsch","description":"Sie stehen auf dramatische Muster? Dann sind die Pine Baskets genau das Richtige f\u00fcr Sie. Die handgeflochtenen Pine Baskets aus gelbem und gr\u00fcnem Abaca","robots":{"index":"index","follow":"follow","max-snippet":"max-snippet:-1","max-image-preview":"max-image-preview:large","max-video-preview":"max-video-preview:-1"},"canonical":"https:\/\/hubsch-interior.com\/de\/wp-json\/wp\/v2\/product\/741583","og_locale":"de_DE","og_type":"article","og_title":"Pine K\u00f6rbe Naturfarben\/\u00a0Multifarben (2er Set) - H\u00fcbsch","og_description":"Sie stehen auf dramatische Muster? Dann sind die Pine Baskets genau das Richtige f\u00fcr Sie. Die handgeflochtenen Pine Baskets aus gelbem und gr\u00fcnem Abaca","og_url":"https:\/\/hubsch-interior.com\/de\/produkt\/pine-korbe-naturfarben-multifarben-2er-set\/","og_site_name":"H\u00fcbsch","article_modified_time":"2026-04-04T02:44:01+00:00","og_image":[{"width":1200,"height":1200,"url":"https:\/\/hubsch-interior.com\/wp-content\/uploads\/2025\/04\/pine-baskets-naturalmulticolour-set-of-2-c764b09727324a44434e43ab7bc7b203.jpg","type":"image\/jpeg"}],"twitter_card":"summary_large_image","schema":{"@context":"https:\/\/schema.org","@graph":[{"@type":"WebPage","@id":"https:\/\/hubsch-interior.com\/de\/produkt\/pine-korbe-naturfarben-multifarben-2er-set\/","url":"https:\/\/hubsch-interior.com\/de\/produkt\/pine-korbe-naturfarben-multifarben-2er-set\/","name":"Pine K\u00f6rbe Naturfarben\/\u00a0Multifarben (2er Set) - H\u00fcbsch","isPartOf":{"@id":"https:\/\/hubsch-interior.com\/de\/#website"},"primaryImageOfPage":{"@id":"https:\/\/hubsch-interior.com\/de\/produkt\/pine-korbe-naturfarben-multifarben-2er-set\/#primaryimage"},"image":{"@id":"https:\/\/hubsch-interior.com\/de\/produkt\/pine-korbe-naturfarben-multifarben-2er-set\/#primaryimage"},"thumbnailUrl":"https:\/\/hubsch-interior.com\/wp-content\/uploads\/2026\/02\/pine-baskets-naturalmulticolour-set-of-2-82790b44c3aff81ce77275143a3fe1d3.jpg","datePublished":"2022-02-08T14:36:14+00:00","dateModified":"2026-04-04T02:44:01+00:00","description":"Sie stehen auf dramatische Muster? Dann sind die Pine Baskets genau das Richtige f\u00fcr Sie. Die handgeflochtenen Pine Baskets aus gelbem und gr\u00fcnem Abaca","breadcrumb":{"@id":"https:\/\/hubsch-interior.com\/de\/produkt\/pine-korbe-naturfarben-multifarben-2er-set\/#breadcrumb"},"inLanguage":"de","potentialAction":[{"@type":"ReadAction","target":["https:\/\/hubsch-interior.com\/de\/produkt\/pine-korbe-naturfarben-multifarben-2er-set\/"]}]},{"@type":"ImageObject","inLanguage":"de","@id":"https:\/\/hubsch-interior.com\/de\/produkt\/pine-korbe-naturfarben-multifarben-2er-set\/#primaryimage","url":"https:\/\/hubsch-interior.com\/wp-content\/uploads\/2026\/02\/pine-baskets-naturalmulticolour-set-of-2-82790b44c3aff81ce77275143a3fe1d3.jpg","contentUrl":"https:\/\/hubsch-interior.com\/wp-content\/uploads\/2026\/02\/pine-baskets-naturalmulticolour-set-of-2-82790b44c3aff81ce77275143a3fe1d3.jpg","width":1024,"height":1024},{"@type":"BreadcrumbList","@id":"https:\/\/hubsch-interior.com\/de\/produkt\/pine-korbe-naturfarben-multifarben-2er-set\/#breadcrumb","itemListElement":[{"@type":"ListItem","position":1,"name":"Startseite","item":"https:\/\/hubsch-interior.com\/de\/"},{"@type":"ListItem","position":2,"name":"Produkte","item":"https:\/\/hubsch-interior.com\/de\/shop-2\/"},{"@type":"ListItem","position":3,"name":"Wohnaccessoires","item":"https:\/\/hubsch-interior.com\/de\/produkt-kategorie\/wohnaccessoires\/"},{"@type":"ListItem","position":4,"name":"Aufbewahrung","item":"https:\/\/hubsch-interior.com\/de\/produkt-kategorie\/wohnaccessoires\/aufbewahrung-de\/"},{"@type":"ListItem","position":5,"name":"K&ouml;rbe","item":"https:\/\/hubsch-interior.com\/de\/produkt-kategorie\/wohnaccessoires\/aufbewahrung-de\/koerbe-de\/"},{"@type":"ListItem","position":6,"name":"Pine K\u00f6rbe Naturfarben\/\u00a0Multifarben (2er Set)"}]},{"@type":"WebSite","@id":"https:\/\/hubsch-interior.com\/de\/#website","url":"https:\/\/hubsch-interior.com\/de\/","name":"H\u00fcbsch","description":"Danish Home Interior and Design","publisher":{"@id":"https:\/\/hubsch-interior.com\/de\/#organization"},"potentialAction":[{"@type":"SearchAction","target":{"@type":"EntryPoint","urlTemplate":"https:\/\/hubsch-interior.com\/de\/?s={search_term_string}"},"query-input":{"@type":"PropertyValueSpecification","valueRequired":true,"valueName":"search_term_string"}}],"inLanguage":"de"},{"@type":"Organization","@id":"https:\/\/hubsch-interior.com\/de\/#organization","name":"H\u00fcbsch","url":"https:\/\/hubsch-interior.com\/de\/","logo":{"@type":"ImageObject","inLanguage":"de","@id":"https:\/\/hubsch-interior.com\/de\/#\/schema\/logo\/image\/","url":"https:\/\/hubsch-interior.com\/wp-content\/uploads\/2022\/12\/Hubsch_logo_black_one_line.svg","contentUrl":"https:\/\/hubsch-interior.com\/wp-content\/uploads\/2022\/12\/Hubsch_logo_black_one_line.svg","caption":"H\u00fcbsch"},"image":{"@id":"https:\/\/hubsch-interior.com\/de\/#\/schema\/logo\/image\/"}}]}},"_links":{"self":[{"href":"https:\/\/hubsch-interior.com\/de\/wp-json\/wp\/v2\/product\/741583","targetHints":{"allow":["GET"]}}],"collection":[{"href":"https:\/\/hubsch-interior.com\/de\/wp-json\/wp\/v2\/product"}],"about":[{"href":"https:\/\/hubsch-interior.com\/de\/wp-json\/wp\/v2\/types\/product"}],"wp:featuredmedia":[{"embeddable":true,"href":"https:\/\/hubsch-interior.com\/de\/wp-json\/wp\/v2\/media\/1101069"}],"wp:attachment":[{"href":"https:\/\/hubsch-interior.com\/de\/wp-json\/wp\/v2\/media?parent=741583"}],"wp:term":[{"taxonomy":"product_brand","embeddable":true,"href":"https:\/\/hubsch-interior.com\/de\/wp-json\/wp\/v2\/product_brand?post=741583"},{"taxonomy":"product_cat","embeddable":true,"href":"https:\/\/hubsch-interior.com\/de\/wp-json\/wp\/v2\/product_cat?post=741583"},{"taxonomy":"product_tag","embeddable":true,"href":"https:\/\/hubsch-interior.com\/de\/wp-json\/wp\/v2\/product_tag?post=741583"}],"curies":[{"name":"wp","href":"https:\/\/api.w.org\/{rel}","templated":true}]}}