{"id":741607,"date":"2022-02-08T15:36:19","date_gmt":"2022-02-08T14:36:19","guid":{"rendered":"https:\/\/hubsch-interior.com\/product\/product\/"},"modified":"2026-04-30T04:45:42","modified_gmt":"2026-04-30T02:45:42","slug":"palm-korbe-naturfarben-hellgrun-2er-set","status":"publish","type":"product","link":"https:\/\/hubsch-interior.com\/de\/produkt\/palm-korbe-naturfarben-hellgrun-2er-set\/","title":{"rendered":"Palm K\u00f6rbe Naturfarben\/Hellgr\u00fcn (2er Set)"},"content":{"rendered":"<p>Sind Sie ein Korbliebhaber wie wir? Dann k\u00f6nnten die Palm Baskets genau das Richtige f\u00fcr Sie sein. Die K\u00f6rbe aus naturbelassenem, khakifarbenem Abaca passen in jeden Raum, der zus\u00e4tzlichen Stauraum braucht. Sie eignen sich hervorragend, um Unordnung zu beseitigen: Kabel, Ladeger\u00e4te, Spielzeug, Zeitschriften und Papiere. Wir k\u00f6nnten noch ewig so weitermachen&#8230; <\/p>\n","protected":false},"excerpt":{"rendered":"<p>Sind Sie ein Korbliebhaber wie wir? Dann k\u00f6nnten die Palm Baskets genau das Richtige f\u00fcr Sie sein. Die K\u00f6rbe aus naturbelassenem, khakifarbenem Abaca passen in jeden Raum, der zus\u00e4tzlichen Stauraum braucht. Sie eignen sich hervorragend, um Unordnung zu beseitigen: Kabel, Ladeger\u00e4te, Spielzeug, Zeitschriften und Papiere. Wir k\u00f6nnten noch ewig so weitermachen&#8230;<\/p>\n","protected":false},"featured_media":1101093,"template":"","meta":{"_acf_changed":false,"inline_featured_image":false},"product_brand":[],"product_cat":[3111,4076],"product_tag":[],"class_list":{"0":"post-741607","1":"product","2":"type-product","3":"status-publish","4":"has-post-thumbnail","6":"product_cat-aufbewahrung-de","7":"product_cat-koerbe-de","8":"product_shipping_class-pk","10":"pa_color-hellgrn-2","11":"pa_color-naturfarben-2","12":"pa_material-abaca-de","14":"first","15":"instock","16":"taxable","17":"shipping-taxable","18":"purchasable","19":"product-type-simple"},"exclude_global_add_ons":[],"addons":[],"acf":[],"yoast_head":"<!-- This site is optimized with the Yoast SEO plugin v26.4 - https:\/\/yoast.com\/wordpress\/plugins\/seo\/ -->\n<title>Palm K\u00f6rbe Naturfarben\/Hellgr\u00fcn (2er Set) - H\u00fcbsch<\/title>\n<meta name=\"description\" content=\"Sind Sie ein Korbliebhaber wie wir? Dann k\u00f6nnten die Palm Baskets genau das Richtige f\u00fcr Sie sein. Die K\u00f6rbe aus naturbelassenem, khakifarbenem Abaca\" \/>\n<meta name=\"robots\" content=\"index, follow, max-snippet:-1, max-image-preview:large, max-video-preview:-1\" \/>\n<link rel=\"canonical\" href=\"https:\/\/hubsch-interior.com\/de\/wp-json\/wp\/v2\/product\/741607\" \/>\n<meta property=\"og:locale\" content=\"de_DE\" \/>\n<meta property=\"og:type\" content=\"article\" \/>\n<meta property=\"og:title\" content=\"Palm K\u00f6rbe Naturfarben\/Hellgr\u00fcn (2er Set) - H\u00fcbsch\" \/>\n<meta property=\"og:description\" content=\"Sind Sie ein Korbliebhaber wie wir? Dann k\u00f6nnten die Palm Baskets genau das Richtige f\u00fcr Sie sein. Die K\u00f6rbe aus naturbelassenem, khakifarbenem Abaca\" \/>\n<meta property=\"og:url\" content=\"https:\/\/hubsch-interior.com\/de\/produkt\/palm-korbe-naturfarben-hellgrun-2er-set\/\" \/>\n<meta property=\"og:site_name\" content=\"H\u00fcbsch\" \/>\n<meta property=\"article:modified_time\" content=\"2026-04-30T02:45:42+00:00\" \/>\n<meta property=\"og:image\" content=\"https:\/\/hubsch-interior.com\/wp-content\/uploads\/2025\/04\/palm-baskets-naturallight-green-set-of-2-afe4f843d57cfaedfb9ebf969307851d.jpg\" \/>\n\t<meta property=\"og:image:width\" content=\"1200\" \/>\n\t<meta property=\"og:image:height\" content=\"1200\" \/>\n\t<meta property=\"og:image:type\" content=\"image\/jpeg\" \/>\n<meta name=\"twitter:card\" content=\"summary_large_image\" \/>\n<script type=\"application\/ld+json\" class=\"yoast-schema-graph\">{\"@context\":\"https:\/\/schema.org\",\"@graph\":[{\"@type\":\"WebPage\",\"@id\":\"https:\/\/hubsch-interior.com\/de\/produkt\/palm-korbe-naturfarben-hellgrun-2er-set\/\",\"url\":\"https:\/\/hubsch-interior.com\/de\/produkt\/palm-korbe-naturfarben-hellgrun-2er-set\/\",\"name\":\"Palm K\u00f6rbe Naturfarben\/Hellgr\u00fcn (2er Set) - H\u00fcbsch\",\"isPartOf\":{\"@id\":\"https:\/\/hubsch-interior.com\/de\/#website\"},\"primaryImageOfPage\":{\"@id\":\"https:\/\/hubsch-interior.com\/de\/produkt\/palm-korbe-naturfarben-hellgrun-2er-set\/#primaryimage\"},\"image\":{\"@id\":\"https:\/\/hubsch-interior.com\/de\/produkt\/palm-korbe-naturfarben-hellgrun-2er-set\/#primaryimage\"},\"thumbnailUrl\":\"https:\/\/hubsch-interior.com\/wp-content\/uploads\/2026\/02\/palm-baskets-naturallight-green-set-of-2-043d1c43be681e4f059808106bb6482d.jpg\",\"datePublished\":\"2022-02-08T14:36:19+00:00\",\"dateModified\":\"2026-04-30T02:45:42+00:00\",\"description\":\"Sind Sie ein Korbliebhaber wie wir? Dann k\u00f6nnten die Palm Baskets genau das Richtige f\u00fcr Sie sein. Die K\u00f6rbe aus naturbelassenem, khakifarbenem Abaca\",\"breadcrumb\":{\"@id\":\"https:\/\/hubsch-interior.com\/de\/produkt\/palm-korbe-naturfarben-hellgrun-2er-set\/#breadcrumb\"},\"inLanguage\":\"de\",\"potentialAction\":[{\"@type\":\"ReadAction\",\"target\":[\"https:\/\/hubsch-interior.com\/de\/produkt\/palm-korbe-naturfarben-hellgrun-2er-set\/\"]}]},{\"@type\":\"ImageObject\",\"inLanguage\":\"de\",\"@id\":\"https:\/\/hubsch-interior.com\/de\/produkt\/palm-korbe-naturfarben-hellgrun-2er-set\/#primaryimage\",\"url\":\"https:\/\/hubsch-interior.com\/wp-content\/uploads\/2026\/02\/palm-baskets-naturallight-green-set-of-2-043d1c43be681e4f059808106bb6482d.jpg\",\"contentUrl\":\"https:\/\/hubsch-interior.com\/wp-content\/uploads\/2026\/02\/palm-baskets-naturallight-green-set-of-2-043d1c43be681e4f059808106bb6482d.jpg\",\"width\":1024,\"height\":1024},{\"@type\":\"BreadcrumbList\",\"@id\":\"https:\/\/hubsch-interior.com\/de\/produkt\/palm-korbe-naturfarben-hellgrun-2er-set\/#breadcrumb\",\"itemListElement\":[{\"@type\":\"ListItem\",\"position\":1,\"name\":\"Startseite\",\"item\":\"https:\/\/hubsch-interior.com\/de\/\"},{\"@type\":\"ListItem\",\"position\":2,\"name\":\"Produkte\",\"item\":\"https:\/\/hubsch-interior.com\/de\/shop-2\/\"},{\"@type\":\"ListItem\",\"position\":3,\"name\":\"Wohnaccessoires\",\"item\":\"https:\/\/hubsch-interior.com\/de\/produkt-kategorie\/wohnaccessoires\/\"},{\"@type\":\"ListItem\",\"position\":4,\"name\":\"Aufbewahrung\",\"item\":\"https:\/\/hubsch-interior.com\/de\/produkt-kategorie\/wohnaccessoires\/aufbewahrung-de\/\"},{\"@type\":\"ListItem\",\"position\":5,\"name\":\"K&ouml;rbe\",\"item\":\"https:\/\/hubsch-interior.com\/de\/produkt-kategorie\/wohnaccessoires\/aufbewahrung-de\/koerbe-de\/\"},{\"@type\":\"ListItem\",\"position\":6,\"name\":\"Palm K\u00f6rbe Naturfarben\/Hellgr\u00fcn (2er Set)\"}]},{\"@type\":\"WebSite\",\"@id\":\"https:\/\/hubsch-interior.com\/de\/#website\",\"url\":\"https:\/\/hubsch-interior.com\/de\/\",\"name\":\"H\u00fcbsch\",\"description\":\"Danish Home Interior and Design\",\"publisher\":{\"@id\":\"https:\/\/hubsch-interior.com\/de\/#organization\"},\"potentialAction\":[{\"@type\":\"SearchAction\",\"target\":{\"@type\":\"EntryPoint\",\"urlTemplate\":\"https:\/\/hubsch-interior.com\/de\/?s={search_term_string}\"},\"query-input\":{\"@type\":\"PropertyValueSpecification\",\"valueRequired\":true,\"valueName\":\"search_term_string\"}}],\"inLanguage\":\"de\"},{\"@type\":\"Organization\",\"@id\":\"https:\/\/hubsch-interior.com\/de\/#organization\",\"name\":\"H\u00fcbsch\",\"url\":\"https:\/\/hubsch-interior.com\/de\/\",\"logo\":{\"@type\":\"ImageObject\",\"inLanguage\":\"de\",\"@id\":\"https:\/\/hubsch-interior.com\/de\/#\/schema\/logo\/image\/\",\"url\":\"https:\/\/hubsch-interior.com\/wp-content\/uploads\/2022\/12\/Hubsch_logo_black_one_line.svg\",\"contentUrl\":\"https:\/\/hubsch-interior.com\/wp-content\/uploads\/2022\/12\/Hubsch_logo_black_one_line.svg\",\"caption\":\"H\u00fcbsch\"},\"image\":{\"@id\":\"https:\/\/hubsch-interior.com\/de\/#\/schema\/logo\/image\/\"}}]}<\/script>\n<!-- \/ Yoast SEO plugin. -->","yoast_head_json":{"title":"Palm K\u00f6rbe Naturfarben\/Hellgr\u00fcn (2er Set) - H\u00fcbsch","description":"Sind Sie ein Korbliebhaber wie wir? Dann k\u00f6nnten die Palm Baskets genau das Richtige f\u00fcr Sie sein. Die K\u00f6rbe aus naturbelassenem, khakifarbenem Abaca","robots":{"index":"index","follow":"follow","max-snippet":"max-snippet:-1","max-image-preview":"max-image-preview:large","max-video-preview":"max-video-preview:-1"},"canonical":"https:\/\/hubsch-interior.com\/de\/wp-json\/wp\/v2\/product\/741607","og_locale":"de_DE","og_type":"article","og_title":"Palm K\u00f6rbe Naturfarben\/Hellgr\u00fcn (2er Set) - H\u00fcbsch","og_description":"Sind Sie ein Korbliebhaber wie wir? Dann k\u00f6nnten die Palm Baskets genau das Richtige f\u00fcr Sie sein. Die K\u00f6rbe aus naturbelassenem, khakifarbenem Abaca","og_url":"https:\/\/hubsch-interior.com\/de\/produkt\/palm-korbe-naturfarben-hellgrun-2er-set\/","og_site_name":"H\u00fcbsch","article_modified_time":"2026-04-30T02:45:42+00:00","og_image":[{"width":1200,"height":1200,"url":"https:\/\/hubsch-interior.com\/wp-content\/uploads\/2025\/04\/palm-baskets-naturallight-green-set-of-2-afe4f843d57cfaedfb9ebf969307851d.jpg","type":"image\/jpeg"}],"twitter_card":"summary_large_image","schema":{"@context":"https:\/\/schema.org","@graph":[{"@type":"WebPage","@id":"https:\/\/hubsch-interior.com\/de\/produkt\/palm-korbe-naturfarben-hellgrun-2er-set\/","url":"https:\/\/hubsch-interior.com\/de\/produkt\/palm-korbe-naturfarben-hellgrun-2er-set\/","name":"Palm K\u00f6rbe Naturfarben\/Hellgr\u00fcn (2er Set) - H\u00fcbsch","isPartOf":{"@id":"https:\/\/hubsch-interior.com\/de\/#website"},"primaryImageOfPage":{"@id":"https:\/\/hubsch-interior.com\/de\/produkt\/palm-korbe-naturfarben-hellgrun-2er-set\/#primaryimage"},"image":{"@id":"https:\/\/hubsch-interior.com\/de\/produkt\/palm-korbe-naturfarben-hellgrun-2er-set\/#primaryimage"},"thumbnailUrl":"https:\/\/hubsch-interior.com\/wp-content\/uploads\/2026\/02\/palm-baskets-naturallight-green-set-of-2-043d1c43be681e4f059808106bb6482d.jpg","datePublished":"2022-02-08T14:36:19+00:00","dateModified":"2026-04-30T02:45:42+00:00","description":"Sind Sie ein Korbliebhaber wie wir? Dann k\u00f6nnten die Palm Baskets genau das Richtige f\u00fcr Sie sein. Die K\u00f6rbe aus naturbelassenem, khakifarbenem Abaca","breadcrumb":{"@id":"https:\/\/hubsch-interior.com\/de\/produkt\/palm-korbe-naturfarben-hellgrun-2er-set\/#breadcrumb"},"inLanguage":"de","potentialAction":[{"@type":"ReadAction","target":["https:\/\/hubsch-interior.com\/de\/produkt\/palm-korbe-naturfarben-hellgrun-2er-set\/"]}]},{"@type":"ImageObject","inLanguage":"de","@id":"https:\/\/hubsch-interior.com\/de\/produkt\/palm-korbe-naturfarben-hellgrun-2er-set\/#primaryimage","url":"https:\/\/hubsch-interior.com\/wp-content\/uploads\/2026\/02\/palm-baskets-naturallight-green-set-of-2-043d1c43be681e4f059808106bb6482d.jpg","contentUrl":"https:\/\/hubsch-interior.com\/wp-content\/uploads\/2026\/02\/palm-baskets-naturallight-green-set-of-2-043d1c43be681e4f059808106bb6482d.jpg","width":1024,"height":1024},{"@type":"BreadcrumbList","@id":"https:\/\/hubsch-interior.com\/de\/produkt\/palm-korbe-naturfarben-hellgrun-2er-set\/#breadcrumb","itemListElement":[{"@type":"ListItem","position":1,"name":"Startseite","item":"https:\/\/hubsch-interior.com\/de\/"},{"@type":"ListItem","position":2,"name":"Produkte","item":"https:\/\/hubsch-interior.com\/de\/shop-2\/"},{"@type":"ListItem","position":3,"name":"Wohnaccessoires","item":"https:\/\/hubsch-interior.com\/de\/produkt-kategorie\/wohnaccessoires\/"},{"@type":"ListItem","position":4,"name":"Aufbewahrung","item":"https:\/\/hubsch-interior.com\/de\/produkt-kategorie\/wohnaccessoires\/aufbewahrung-de\/"},{"@type":"ListItem","position":5,"name":"K&ouml;rbe","item":"https:\/\/hubsch-interior.com\/de\/produkt-kategorie\/wohnaccessoires\/aufbewahrung-de\/koerbe-de\/"},{"@type":"ListItem","position":6,"name":"Palm K\u00f6rbe Naturfarben\/Hellgr\u00fcn (2er Set)"}]},{"@type":"WebSite","@id":"https:\/\/hubsch-interior.com\/de\/#website","url":"https:\/\/hubsch-interior.com\/de\/","name":"H\u00fcbsch","description":"Danish Home Interior and Design","publisher":{"@id":"https:\/\/hubsch-interior.com\/de\/#organization"},"potentialAction":[{"@type":"SearchAction","target":{"@type":"EntryPoint","urlTemplate":"https:\/\/hubsch-interior.com\/de\/?s={search_term_string}"},"query-input":{"@type":"PropertyValueSpecification","valueRequired":true,"valueName":"search_term_string"}}],"inLanguage":"de"},{"@type":"Organization","@id":"https:\/\/hubsch-interior.com\/de\/#organization","name":"H\u00fcbsch","url":"https:\/\/hubsch-interior.com\/de\/","logo":{"@type":"ImageObject","inLanguage":"de","@id":"https:\/\/hubsch-interior.com\/de\/#\/schema\/logo\/image\/","url":"https:\/\/hubsch-interior.com\/wp-content\/uploads\/2022\/12\/Hubsch_logo_black_one_line.svg","contentUrl":"https:\/\/hubsch-interior.com\/wp-content\/uploads\/2022\/12\/Hubsch_logo_black_one_line.svg","caption":"H\u00fcbsch"},"image":{"@id":"https:\/\/hubsch-interior.com\/de\/#\/schema\/logo\/image\/"}}]}},"_links":{"self":[{"href":"https:\/\/hubsch-interior.com\/de\/wp-json\/wp\/v2\/product\/741607","targetHints":{"allow":["GET"]}}],"collection":[{"href":"https:\/\/hubsch-interior.com\/de\/wp-json\/wp\/v2\/product"}],"about":[{"href":"https:\/\/hubsch-interior.com\/de\/wp-json\/wp\/v2\/types\/product"}],"wp:featuredmedia":[{"embeddable":true,"href":"https:\/\/hubsch-interior.com\/de\/wp-json\/wp\/v2\/media\/1101093"}],"wp:attachment":[{"href":"https:\/\/hubsch-interior.com\/de\/wp-json\/wp\/v2\/media?parent=741607"}],"wp:term":[{"taxonomy":"product_brand","embeddable":true,"href":"https:\/\/hubsch-interior.com\/de\/wp-json\/wp\/v2\/product_brand?post=741607"},{"taxonomy":"product_cat","embeddable":true,"href":"https:\/\/hubsch-interior.com\/de\/wp-json\/wp\/v2\/product_cat?post=741607"},{"taxonomy":"product_tag","embeddable":true,"href":"https:\/\/hubsch-interior.com\/de\/wp-json\/wp\/v2\/product_tag?post=741607"}],"curies":[{"name":"wp","href":"https:\/\/api.w.org\/{rel}","templated":true}]}}