{"id":741911,"date":"2022-02-08T15:44:54","date_gmt":"2022-02-08T14:44:54","guid":{"rendered":"https:\/\/hubsch-interior.com\/product\/product\/"},"modified":"2026-04-08T04:50:27","modified_gmt":"2026-04-08T02:50:27","slug":"shoji-schrank-hoch-naturfarben","status":"publish","type":"product","link":"https:\/\/hubsch-interior.com\/de\/produkt\/shoji-schrank-hoch-naturfarben\/","title":{"rendered":"Shoji Schrank Hoch Naturfarben"},"content":{"rendered":"<p>Aufbewahrung muss nicht langweilig sein oder nur daraus bestehen, Dinge zu verstecken. Dieses schlichte und moderne Regal aus FSC\u00ae-zertifiziertem Holz ist ein echtes Kunstwerk, finden Sie nicht auch? Inspiriert von der japanischen Shoji-Technik, passt dieses M\u00f6belst\u00fcck in jeden Raum, der eine besondere Staurauml\u00f6sung braucht. Setzen Sie doch all Ihre liebsten Erbst\u00fccke und Ihr feines Tafelservice in dem Regal in Szene \u2013 und genie\u00dfen Sie eine geordnete Atmosph\u00e4re.<\/p>\n","protected":false},"excerpt":{"rendered":"<p>Aufbewahrung muss nicht langweilig sein oder nur daraus bestehen, Dinge zu verstecken. Dieses schlichte und moderne Regal aus FSC\u00ae-zertifiziertem Holz ist ein echtes Kunstwerk, finden Sie nicht auch? Inspiriert von der japanischen Shoji-Technik, passt dieses M\u00f6belst\u00fcck in jeden Raum, der eine besondere Staurauml\u00f6sung braucht. Setzen Sie doch all Ihre liebsten Erbst\u00fccke und Ihr feines Tafelservice [&hellip;]<\/p>\n","protected":false},"featured_media":1102764,"template":"","meta":{"_acf_changed":false,"inline_featured_image":false},"product_brand":[],"product_cat":[4003,4004,5027],"product_tag":[],"class_list":{"0":"post-741911","1":"product","2":"type-product","3":"status-publish","4":"has-post-thumbnail","6":"product_cat-regale-aufbewahrung-de","7":"product_cat-vitrinen-de","8":"product_cat-bestsellers-de","9":"product_shipping_class-p10","10":"pa_color-naturfarben-2","11":"pa_material-glas-de","12":"pa_material-mdf-de","13":"pa_material-eichenfurnier","14":"pa_material-eichenholz","16":"first","17":"outofstock","18":"featured","19":"taxable","20":"shipping-taxable","21":"purchasable","22":"product-type-simple"},"exclude_global_add_ons":[],"addons":[],"acf":[],"yoast_head":"<!-- This site is optimized with the Yoast SEO plugin v26.4 - https:\/\/yoast.com\/wordpress\/plugins\/seo\/ -->\n<title>Shoji Schrank Hoch Naturfarben - H\u00fcbsch<\/title>\n<meta name=\"description\" content=\"Aufbewahrung muss nicht langweilig sein oder nur daraus bestehen, Dinge zu verstecken. Dieses schlichte und moderne Regal aus FSC\u00ae-zertifiziertem Holz ist\" \/>\n<meta name=\"robots\" content=\"index, follow, max-snippet:-1, max-image-preview:large, max-video-preview:-1\" \/>\n<link rel=\"canonical\" href=\"https:\/\/hubsch-interior.com\/de\/wp-json\/wp\/v2\/product\/741911\" \/>\n<meta property=\"og:locale\" content=\"de_DE\" \/>\n<meta property=\"og:type\" content=\"article\" \/>\n<meta property=\"og:title\" content=\"Shoji Schrank Hoch Naturfarben - H\u00fcbsch\" \/>\n<meta property=\"og:description\" content=\"Aufbewahrung muss nicht langweilig sein oder nur daraus bestehen, Dinge zu verstecken. Dieses schlichte und moderne Regal aus FSC\u00ae-zertifiziertem Holz ist\" \/>\n<meta property=\"og:url\" content=\"https:\/\/hubsch-interior.com\/de\/produkt\/shoji-schrank-hoch-naturfarben\/\" \/>\n<meta property=\"og:site_name\" content=\"H\u00fcbsch\" \/>\n<meta property=\"article:modified_time\" content=\"2026-04-08T02:50:27+00:00\" \/>\n<meta property=\"og:image\" content=\"https:\/\/hubsch-interior.com\/wp-content\/uploads\/2023\/08\/shoji-cabinet-tall-naturalclear-2d4758625577c05224086c4f02e54010.jpg\" \/>\n\t<meta property=\"og:image:width\" content=\"1200\" \/>\n\t<meta property=\"og:image:height\" content=\"1200\" \/>\n\t<meta property=\"og:image:type\" content=\"image\/jpeg\" \/>\n<meta name=\"twitter:card\" content=\"summary_large_image\" \/>\n<script type=\"application\/ld+json\" class=\"yoast-schema-graph\">{\"@context\":\"https:\/\/schema.org\",\"@graph\":[{\"@type\":\"WebPage\",\"@id\":\"https:\/\/hubsch-interior.com\/de\/produkt\/shoji-schrank-hoch-naturfarben\/\",\"url\":\"https:\/\/hubsch-interior.com\/de\/produkt\/shoji-schrank-hoch-naturfarben\/\",\"name\":\"Shoji Schrank Hoch Naturfarben - H\u00fcbsch\",\"isPartOf\":{\"@id\":\"https:\/\/hubsch-interior.com\/de\/#website\"},\"primaryImageOfPage\":{\"@id\":\"https:\/\/hubsch-interior.com\/de\/produkt\/shoji-schrank-hoch-naturfarben\/#primaryimage\"},\"image\":{\"@id\":\"https:\/\/hubsch-interior.com\/de\/produkt\/shoji-schrank-hoch-naturfarben\/#primaryimage\"},\"thumbnailUrl\":\"https:\/\/hubsch-interior.com\/wp-content\/uploads\/2026\/02\/shoji-cabinet-tall-natural-569235d630e801f0ebd73dfddffcddc2.jpg\",\"datePublished\":\"2022-02-08T14:44:54+00:00\",\"dateModified\":\"2026-04-08T02:50:27+00:00\",\"description\":\"Aufbewahrung muss nicht langweilig sein oder nur daraus bestehen, Dinge zu verstecken. Dieses schlichte und moderne Regal aus FSC\u00ae-zertifiziertem Holz ist\",\"breadcrumb\":{\"@id\":\"https:\/\/hubsch-interior.com\/de\/produkt\/shoji-schrank-hoch-naturfarben\/#breadcrumb\"},\"inLanguage\":\"de\",\"potentialAction\":[{\"@type\":\"ReadAction\",\"target\":[\"https:\/\/hubsch-interior.com\/de\/produkt\/shoji-schrank-hoch-naturfarben\/\"]}]},{\"@type\":\"ImageObject\",\"inLanguage\":\"de\",\"@id\":\"https:\/\/hubsch-interior.com\/de\/produkt\/shoji-schrank-hoch-naturfarben\/#primaryimage\",\"url\":\"https:\/\/hubsch-interior.com\/wp-content\/uploads\/2026\/02\/shoji-cabinet-tall-natural-569235d630e801f0ebd73dfddffcddc2.jpg\",\"contentUrl\":\"https:\/\/hubsch-interior.com\/wp-content\/uploads\/2026\/02\/shoji-cabinet-tall-natural-569235d630e801f0ebd73dfddffcddc2.jpg\",\"width\":1024,\"height\":1024},{\"@type\":\"BreadcrumbList\",\"@id\":\"https:\/\/hubsch-interior.com\/de\/produkt\/shoji-schrank-hoch-naturfarben\/#breadcrumb\",\"itemListElement\":[{\"@type\":\"ListItem\",\"position\":1,\"name\":\"Startseite\",\"item\":\"https:\/\/hubsch-interior.com\/de\/\"},{\"@type\":\"ListItem\",\"position\":2,\"name\":\"Produkte\",\"item\":\"https:\/\/hubsch-interior.com\/de\/shop-2\/\"},{\"@type\":\"ListItem\",\"position\":3,\"name\":\"M\u00f6bel\",\"item\":\"https:\/\/hubsch-interior.com\/de\/produkt-kategorie\/moebel\/\"},{\"@type\":\"ListItem\",\"position\":4,\"name\":\"Regale &amp; Aufbewahrung\",\"item\":\"https:\/\/hubsch-interior.com\/de\/produkt-kategorie\/moebel\/regale-aufbewahrung-de\/\"},{\"@type\":\"ListItem\",\"position\":5,\"name\":\"Vitrinen\",\"item\":\"https:\/\/hubsch-interior.com\/de\/produkt-kategorie\/moebel\/regale-aufbewahrung-de\/vitrinen-de\/\"},{\"@type\":\"ListItem\",\"position\":6,\"name\":\"Shoji Schrank Hoch Naturfarben\"}]},{\"@type\":\"WebSite\",\"@id\":\"https:\/\/hubsch-interior.com\/de\/#website\",\"url\":\"https:\/\/hubsch-interior.com\/de\/\",\"name\":\"H\u00fcbsch\",\"description\":\"Danish Home Interior and Design\",\"publisher\":{\"@id\":\"https:\/\/hubsch-interior.com\/de\/#organization\"},\"potentialAction\":[{\"@type\":\"SearchAction\",\"target\":{\"@type\":\"EntryPoint\",\"urlTemplate\":\"https:\/\/hubsch-interior.com\/de\/?s={search_term_string}\"},\"query-input\":{\"@type\":\"PropertyValueSpecification\",\"valueRequired\":true,\"valueName\":\"search_term_string\"}}],\"inLanguage\":\"de\"},{\"@type\":\"Organization\",\"@id\":\"https:\/\/hubsch-interior.com\/de\/#organization\",\"name\":\"H\u00fcbsch\",\"url\":\"https:\/\/hubsch-interior.com\/de\/\",\"logo\":{\"@type\":\"ImageObject\",\"inLanguage\":\"de\",\"@id\":\"https:\/\/hubsch-interior.com\/de\/#\/schema\/logo\/image\/\",\"url\":\"https:\/\/hubsch-interior.com\/wp-content\/uploads\/2022\/12\/Hubsch_logo_black_one_line.svg\",\"contentUrl\":\"https:\/\/hubsch-interior.com\/wp-content\/uploads\/2022\/12\/Hubsch_logo_black_one_line.svg\",\"caption\":\"H\u00fcbsch\"},\"image\":{\"@id\":\"https:\/\/hubsch-interior.com\/de\/#\/schema\/logo\/image\/\"}}]}<\/script>\n<!-- \/ Yoast SEO plugin. -->","yoast_head_json":{"title":"Shoji Schrank Hoch Naturfarben - H\u00fcbsch","description":"Aufbewahrung muss nicht langweilig sein oder nur daraus bestehen, Dinge zu verstecken. Dieses schlichte und moderne Regal aus FSC\u00ae-zertifiziertem Holz ist","robots":{"index":"index","follow":"follow","max-snippet":"max-snippet:-1","max-image-preview":"max-image-preview:large","max-video-preview":"max-video-preview:-1"},"canonical":"https:\/\/hubsch-interior.com\/de\/wp-json\/wp\/v2\/product\/741911","og_locale":"de_DE","og_type":"article","og_title":"Shoji Schrank Hoch Naturfarben - H\u00fcbsch","og_description":"Aufbewahrung muss nicht langweilig sein oder nur daraus bestehen, Dinge zu verstecken. Dieses schlichte und moderne Regal aus FSC\u00ae-zertifiziertem Holz ist","og_url":"https:\/\/hubsch-interior.com\/de\/produkt\/shoji-schrank-hoch-naturfarben\/","og_site_name":"H\u00fcbsch","article_modified_time":"2026-04-08T02:50:27+00:00","og_image":[{"width":1200,"height":1200,"url":"https:\/\/hubsch-interior.com\/wp-content\/uploads\/2023\/08\/shoji-cabinet-tall-naturalclear-2d4758625577c05224086c4f02e54010.jpg","type":"image\/jpeg"}],"twitter_card":"summary_large_image","schema":{"@context":"https:\/\/schema.org","@graph":[{"@type":"WebPage","@id":"https:\/\/hubsch-interior.com\/de\/produkt\/shoji-schrank-hoch-naturfarben\/","url":"https:\/\/hubsch-interior.com\/de\/produkt\/shoji-schrank-hoch-naturfarben\/","name":"Shoji Schrank Hoch Naturfarben - H\u00fcbsch","isPartOf":{"@id":"https:\/\/hubsch-interior.com\/de\/#website"},"primaryImageOfPage":{"@id":"https:\/\/hubsch-interior.com\/de\/produkt\/shoji-schrank-hoch-naturfarben\/#primaryimage"},"image":{"@id":"https:\/\/hubsch-interior.com\/de\/produkt\/shoji-schrank-hoch-naturfarben\/#primaryimage"},"thumbnailUrl":"https:\/\/hubsch-interior.com\/wp-content\/uploads\/2026\/02\/shoji-cabinet-tall-natural-569235d630e801f0ebd73dfddffcddc2.jpg","datePublished":"2022-02-08T14:44:54+00:00","dateModified":"2026-04-08T02:50:27+00:00","description":"Aufbewahrung muss nicht langweilig sein oder nur daraus bestehen, Dinge zu verstecken. Dieses schlichte und moderne Regal aus FSC\u00ae-zertifiziertem Holz ist","breadcrumb":{"@id":"https:\/\/hubsch-interior.com\/de\/produkt\/shoji-schrank-hoch-naturfarben\/#breadcrumb"},"inLanguage":"de","potentialAction":[{"@type":"ReadAction","target":["https:\/\/hubsch-interior.com\/de\/produkt\/shoji-schrank-hoch-naturfarben\/"]}]},{"@type":"ImageObject","inLanguage":"de","@id":"https:\/\/hubsch-interior.com\/de\/produkt\/shoji-schrank-hoch-naturfarben\/#primaryimage","url":"https:\/\/hubsch-interior.com\/wp-content\/uploads\/2026\/02\/shoji-cabinet-tall-natural-569235d630e801f0ebd73dfddffcddc2.jpg","contentUrl":"https:\/\/hubsch-interior.com\/wp-content\/uploads\/2026\/02\/shoji-cabinet-tall-natural-569235d630e801f0ebd73dfddffcddc2.jpg","width":1024,"height":1024},{"@type":"BreadcrumbList","@id":"https:\/\/hubsch-interior.com\/de\/produkt\/shoji-schrank-hoch-naturfarben\/#breadcrumb","itemListElement":[{"@type":"ListItem","position":1,"name":"Startseite","item":"https:\/\/hubsch-interior.com\/de\/"},{"@type":"ListItem","position":2,"name":"Produkte","item":"https:\/\/hubsch-interior.com\/de\/shop-2\/"},{"@type":"ListItem","position":3,"name":"M\u00f6bel","item":"https:\/\/hubsch-interior.com\/de\/produkt-kategorie\/moebel\/"},{"@type":"ListItem","position":4,"name":"Regale &amp; Aufbewahrung","item":"https:\/\/hubsch-interior.com\/de\/produkt-kategorie\/moebel\/regale-aufbewahrung-de\/"},{"@type":"ListItem","position":5,"name":"Vitrinen","item":"https:\/\/hubsch-interior.com\/de\/produkt-kategorie\/moebel\/regale-aufbewahrung-de\/vitrinen-de\/"},{"@type":"ListItem","position":6,"name":"Shoji Schrank Hoch Naturfarben"}]},{"@type":"WebSite","@id":"https:\/\/hubsch-interior.com\/de\/#website","url":"https:\/\/hubsch-interior.com\/de\/","name":"H\u00fcbsch","description":"Danish Home Interior and Design","publisher":{"@id":"https:\/\/hubsch-interior.com\/de\/#organization"},"potentialAction":[{"@type":"SearchAction","target":{"@type":"EntryPoint","urlTemplate":"https:\/\/hubsch-interior.com\/de\/?s={search_term_string}"},"query-input":{"@type":"PropertyValueSpecification","valueRequired":true,"valueName":"search_term_string"}}],"inLanguage":"de"},{"@type":"Organization","@id":"https:\/\/hubsch-interior.com\/de\/#organization","name":"H\u00fcbsch","url":"https:\/\/hubsch-interior.com\/de\/","logo":{"@type":"ImageObject","inLanguage":"de","@id":"https:\/\/hubsch-interior.com\/de\/#\/schema\/logo\/image\/","url":"https:\/\/hubsch-interior.com\/wp-content\/uploads\/2022\/12\/Hubsch_logo_black_one_line.svg","contentUrl":"https:\/\/hubsch-interior.com\/wp-content\/uploads\/2022\/12\/Hubsch_logo_black_one_line.svg","caption":"H\u00fcbsch"},"image":{"@id":"https:\/\/hubsch-interior.com\/de\/#\/schema\/logo\/image\/"}}]}},"_links":{"self":[{"href":"https:\/\/hubsch-interior.com\/de\/wp-json\/wp\/v2\/product\/741911","targetHints":{"allow":["GET"]}}],"collection":[{"href":"https:\/\/hubsch-interior.com\/de\/wp-json\/wp\/v2\/product"}],"about":[{"href":"https:\/\/hubsch-interior.com\/de\/wp-json\/wp\/v2\/types\/product"}],"wp:featuredmedia":[{"embeddable":true,"href":"https:\/\/hubsch-interior.com\/de\/wp-json\/wp\/v2\/media\/1102764"}],"wp:attachment":[{"href":"https:\/\/hubsch-interior.com\/de\/wp-json\/wp\/v2\/media?parent=741911"}],"wp:term":[{"taxonomy":"product_brand","embeddable":true,"href":"https:\/\/hubsch-interior.com\/de\/wp-json\/wp\/v2\/product_brand?post=741911"},{"taxonomy":"product_cat","embeddable":true,"href":"https:\/\/hubsch-interior.com\/de\/wp-json\/wp\/v2\/product_cat?post=741911"},{"taxonomy":"product_tag","embeddable":true,"href":"https:\/\/hubsch-interior.com\/de\/wp-json\/wp\/v2\/product_tag?post=741911"}],"curies":[{"name":"wp","href":"https:\/\/api.w.org\/{rel}","templated":true}]}}