{"id":742199,"date":"2022-02-08T15:46:13","date_gmt":"2022-02-08T14:46:13","guid":{"rendered":"https:\/\/hubsch-interior.com\/product\/product\/"},"modified":"2026-04-09T04:50:19","modified_gmt":"2026-04-09T02:50:19","slug":"row-bank-small-naturfarben","status":"publish","type":"product","link":"https:\/\/hubsch-interior.com\/de\/produkt\/row-bank-small-naturfarben\/","title":{"rendered":"Row Bank Small Naturfarben"},"content":{"rendered":"<p>Leicht und luftig, mit einem Hauch von klassischer Eleganz, so sehen wir diese sch\u00f6ne Eichenbank. Aus FSC\u00ae-zertifiziertem Holz gefertigt, ist sie eine verantwortungsvolle Wahl, wenn es darum geht, den perfekten Begleiter f\u00fcr das Ende des Bettes in Ihrem Schlafzimmer zu finden. Oder f\u00fcr den Flur. Tats\u00e4chlich bietet diese Bank eine Vielzahl von Verwendungsm\u00f6glichkeiten: als Kleiderablage, zum Verweilen oder als B\u00fchne f\u00fcr all Ihre au\u00dfergew\u00f6hnlichen Coffee Table Books.<\/p>\n","protected":false},"excerpt":{"rendered":"<p>Leicht und luftig, mit einem Hauch von klassischer Eleganz, so sehen wir diese sch\u00f6ne Eichenbank. Aus FSC\u00ae-zertifiziertem Holz gefertigt, ist sie eine verantwortungsvolle Wahl, wenn es darum geht, den perfekten Begleiter f\u00fcr das Ende des Bettes in Ihrem Schlafzimmer zu finden. Oder f\u00fcr den Flur. Tats\u00e4chlich bietet diese Bank eine Vielzahl von Verwendungsm\u00f6glichkeiten: als Kleiderablage, [&hellip;]<\/p>\n","protected":false},"featured_media":1102952,"template":"","meta":{"_acf_changed":false,"inline_featured_image":false},"product_brand":[],"product_cat":[6323,2845,2878,5027],"product_tag":[],"class_list":{"0":"post-742199","1":"product","2":"type-product","3":"status-publish","4":"has-post-thumbnail","6":"product_cat-fsc-de","7":"product_cat-sitzmoebel-de","8":"product_cat-baenke-de","9":"product_cat-bestsellers-de","10":"product_shipping_class-pk","12":"pa_color-naturfarben-2","13":"pa_material-mdf-de","14":"pa_material-eichenfurnier","15":"pa_material-eichenholz","17":"first","18":"instock","19":"featured","20":"taxable","21":"shipping-taxable","22":"purchasable","23":"product-type-simple"},"exclude_global_add_ons":[],"addons":[],"acf":[],"yoast_head":"<!-- This site is optimized with the Yoast SEO plugin v26.4 - https:\/\/yoast.com\/wordpress\/plugins\/seo\/ -->\n<title>Row Bank Small Naturfarben - H\u00fcbsch<\/title>\n<meta name=\"description\" content=\"Leicht und luftig, mit einem Hauch von klassischer Eleganz, so sehen wir diese sch\u00f6ne Eichenbank. Aus FSC\u00ae-zertifiziertem Holz gefertigt, ist sie eine\" \/>\n<meta name=\"robots\" content=\"index, follow, max-snippet:-1, max-image-preview:large, max-video-preview:-1\" \/>\n<link rel=\"canonical\" href=\"https:\/\/hubsch-interior.com\/de\/wp-json\/wp\/v2\/product\/742199\" \/>\n<meta property=\"og:locale\" content=\"de_DE\" \/>\n<meta property=\"og:type\" content=\"article\" \/>\n<meta property=\"og:title\" content=\"Row Bank Small Naturfarben - H\u00fcbsch\" \/>\n<meta property=\"og:description\" content=\"Leicht und luftig, mit einem Hauch von klassischer Eleganz, so sehen wir diese sch\u00f6ne Eichenbank. Aus FSC\u00ae-zertifiziertem Holz gefertigt, ist sie eine\" \/>\n<meta property=\"og:url\" content=\"https:\/\/hubsch-interior.com\/de\/produkt\/row-bank-small-naturfarben\/\" \/>\n<meta property=\"og:site_name\" content=\"H\u00fcbsch\" \/>\n<meta property=\"article:modified_time\" content=\"2026-04-09T02:50:19+00:00\" \/>\n<meta property=\"og:image\" content=\"https:\/\/hubsch-interior.com\/wp-content\/uploads\/2026\/02\/row-bench-small-natural-d0779c31914af05e89125bb5d5ba80c1.jpg\" \/>\n\t<meta property=\"og:image:width\" content=\"1024\" \/>\n\t<meta property=\"og:image:height\" content=\"1024\" \/>\n\t<meta property=\"og:image:type\" content=\"image\/jpeg\" \/>\n<meta name=\"twitter:card\" content=\"summary_large_image\" \/>\n<script type=\"application\/ld+json\" class=\"yoast-schema-graph\">{\"@context\":\"https:\/\/schema.org\",\"@graph\":[{\"@type\":\"WebPage\",\"@id\":\"https:\/\/hubsch-interior.com\/de\/produkt\/row-bank-small-naturfarben\/\",\"url\":\"https:\/\/hubsch-interior.com\/de\/produkt\/row-bank-small-naturfarben\/\",\"name\":\"Row Bank Small Naturfarben - H\u00fcbsch\",\"isPartOf\":{\"@id\":\"https:\/\/hubsch-interior.com\/de\/#website\"},\"primaryImageOfPage\":{\"@id\":\"https:\/\/hubsch-interior.com\/de\/produkt\/row-bank-small-naturfarben\/#primaryimage\"},\"image\":{\"@id\":\"https:\/\/hubsch-interior.com\/de\/produkt\/row-bank-small-naturfarben\/#primaryimage\"},\"thumbnailUrl\":\"https:\/\/hubsch-interior.com\/wp-content\/uploads\/2026\/02\/row-bench-small-natural-d0779c31914af05e89125bb5d5ba80c1.jpg\",\"datePublished\":\"2022-02-08T14:46:13+00:00\",\"dateModified\":\"2026-04-09T02:50:19+00:00\",\"description\":\"Leicht und luftig, mit einem Hauch von klassischer Eleganz, so sehen wir diese sch\u00f6ne Eichenbank. Aus FSC\u00ae-zertifiziertem Holz gefertigt, ist sie eine\",\"breadcrumb\":{\"@id\":\"https:\/\/hubsch-interior.com\/de\/produkt\/row-bank-small-naturfarben\/#breadcrumb\"},\"inLanguage\":\"de\",\"potentialAction\":[{\"@type\":\"ReadAction\",\"target\":[\"https:\/\/hubsch-interior.com\/de\/produkt\/row-bank-small-naturfarben\/\"]}]},{\"@type\":\"ImageObject\",\"inLanguage\":\"de\",\"@id\":\"https:\/\/hubsch-interior.com\/de\/produkt\/row-bank-small-naturfarben\/#primaryimage\",\"url\":\"https:\/\/hubsch-interior.com\/wp-content\/uploads\/2026\/02\/row-bench-small-natural-d0779c31914af05e89125bb5d5ba80c1.jpg\",\"contentUrl\":\"https:\/\/hubsch-interior.com\/wp-content\/uploads\/2026\/02\/row-bench-small-natural-d0779c31914af05e89125bb5d5ba80c1.jpg\",\"width\":1024,\"height\":1024},{\"@type\":\"BreadcrumbList\",\"@id\":\"https:\/\/hubsch-interior.com\/de\/produkt\/row-bank-small-naturfarben\/#breadcrumb\",\"itemListElement\":[{\"@type\":\"ListItem\",\"position\":1,\"name\":\"Startseite\",\"item\":\"https:\/\/hubsch-interior.com\/de\/\"},{\"@type\":\"ListItem\",\"position\":2,\"name\":\"Produkte\",\"item\":\"https:\/\/hubsch-interior.com\/de\/shop-2\/\"},{\"@type\":\"ListItem\",\"position\":3,\"name\":\"M\u00f6bel\",\"item\":\"https:\/\/hubsch-interior.com\/de\/produkt-kategorie\/moebel\/\"},{\"@type\":\"ListItem\",\"position\":4,\"name\":\"Sitzm&ouml;bel\",\"item\":\"https:\/\/hubsch-interior.com\/de\/produkt-kategorie\/moebel\/sitzmoebel-de\/\"},{\"@type\":\"ListItem\",\"position\":5,\"name\":\"B&auml;nke\",\"item\":\"https:\/\/hubsch-interior.com\/de\/produkt-kategorie\/moebel\/sitzmoebel-de\/baenke-de\/\"},{\"@type\":\"ListItem\",\"position\":6,\"name\":\"Row Bank Small Naturfarben\"}]},{\"@type\":\"WebSite\",\"@id\":\"https:\/\/hubsch-interior.com\/de\/#website\",\"url\":\"https:\/\/hubsch-interior.com\/de\/\",\"name\":\"H\u00fcbsch\",\"description\":\"Danish Home Interior and Design\",\"publisher\":{\"@id\":\"https:\/\/hubsch-interior.com\/de\/#organization\"},\"potentialAction\":[{\"@type\":\"SearchAction\",\"target\":{\"@type\":\"EntryPoint\",\"urlTemplate\":\"https:\/\/hubsch-interior.com\/de\/?s={search_term_string}\"},\"query-input\":{\"@type\":\"PropertyValueSpecification\",\"valueRequired\":true,\"valueName\":\"search_term_string\"}}],\"inLanguage\":\"de\"},{\"@type\":\"Organization\",\"@id\":\"https:\/\/hubsch-interior.com\/de\/#organization\",\"name\":\"H\u00fcbsch\",\"url\":\"https:\/\/hubsch-interior.com\/de\/\",\"logo\":{\"@type\":\"ImageObject\",\"inLanguage\":\"de\",\"@id\":\"https:\/\/hubsch-interior.com\/de\/#\/schema\/logo\/image\/\",\"url\":\"https:\/\/hubsch-interior.com\/wp-content\/uploads\/2022\/12\/Hubsch_logo_black_one_line.svg\",\"contentUrl\":\"https:\/\/hubsch-interior.com\/wp-content\/uploads\/2022\/12\/Hubsch_logo_black_one_line.svg\",\"caption\":\"H\u00fcbsch\"},\"image\":{\"@id\":\"https:\/\/hubsch-interior.com\/de\/#\/schema\/logo\/image\/\"}}]}<\/script>\n<!-- \/ Yoast SEO plugin. -->","yoast_head_json":{"title":"Row Bank Small Naturfarben - H\u00fcbsch","description":"Leicht und luftig, mit einem Hauch von klassischer Eleganz, so sehen wir diese sch\u00f6ne Eichenbank. Aus FSC\u00ae-zertifiziertem Holz gefertigt, ist sie eine","robots":{"index":"index","follow":"follow","max-snippet":"max-snippet:-1","max-image-preview":"max-image-preview:large","max-video-preview":"max-video-preview:-1"},"canonical":"https:\/\/hubsch-interior.com\/de\/wp-json\/wp\/v2\/product\/742199","og_locale":"de_DE","og_type":"article","og_title":"Row Bank Small Naturfarben - H\u00fcbsch","og_description":"Leicht und luftig, mit einem Hauch von klassischer Eleganz, so sehen wir diese sch\u00f6ne Eichenbank. Aus FSC\u00ae-zertifiziertem Holz gefertigt, ist sie eine","og_url":"https:\/\/hubsch-interior.com\/de\/produkt\/row-bank-small-naturfarben\/","og_site_name":"H\u00fcbsch","article_modified_time":"2026-04-09T02:50:19+00:00","og_image":[{"width":1024,"height":1024,"url":"https:\/\/hubsch-interior.com\/wp-content\/uploads\/2026\/02\/row-bench-small-natural-d0779c31914af05e89125bb5d5ba80c1.jpg","type":"image\/jpeg"}],"twitter_card":"summary_large_image","schema":{"@context":"https:\/\/schema.org","@graph":[{"@type":"WebPage","@id":"https:\/\/hubsch-interior.com\/de\/produkt\/row-bank-small-naturfarben\/","url":"https:\/\/hubsch-interior.com\/de\/produkt\/row-bank-small-naturfarben\/","name":"Row Bank Small Naturfarben - H\u00fcbsch","isPartOf":{"@id":"https:\/\/hubsch-interior.com\/de\/#website"},"primaryImageOfPage":{"@id":"https:\/\/hubsch-interior.com\/de\/produkt\/row-bank-small-naturfarben\/#primaryimage"},"image":{"@id":"https:\/\/hubsch-interior.com\/de\/produkt\/row-bank-small-naturfarben\/#primaryimage"},"thumbnailUrl":"https:\/\/hubsch-interior.com\/wp-content\/uploads\/2026\/02\/row-bench-small-natural-d0779c31914af05e89125bb5d5ba80c1.jpg","datePublished":"2022-02-08T14:46:13+00:00","dateModified":"2026-04-09T02:50:19+00:00","description":"Leicht und luftig, mit einem Hauch von klassischer Eleganz, so sehen wir diese sch\u00f6ne Eichenbank. Aus FSC\u00ae-zertifiziertem Holz gefertigt, ist sie eine","breadcrumb":{"@id":"https:\/\/hubsch-interior.com\/de\/produkt\/row-bank-small-naturfarben\/#breadcrumb"},"inLanguage":"de","potentialAction":[{"@type":"ReadAction","target":["https:\/\/hubsch-interior.com\/de\/produkt\/row-bank-small-naturfarben\/"]}]},{"@type":"ImageObject","inLanguage":"de","@id":"https:\/\/hubsch-interior.com\/de\/produkt\/row-bank-small-naturfarben\/#primaryimage","url":"https:\/\/hubsch-interior.com\/wp-content\/uploads\/2026\/02\/row-bench-small-natural-d0779c31914af05e89125bb5d5ba80c1.jpg","contentUrl":"https:\/\/hubsch-interior.com\/wp-content\/uploads\/2026\/02\/row-bench-small-natural-d0779c31914af05e89125bb5d5ba80c1.jpg","width":1024,"height":1024},{"@type":"BreadcrumbList","@id":"https:\/\/hubsch-interior.com\/de\/produkt\/row-bank-small-naturfarben\/#breadcrumb","itemListElement":[{"@type":"ListItem","position":1,"name":"Startseite","item":"https:\/\/hubsch-interior.com\/de\/"},{"@type":"ListItem","position":2,"name":"Produkte","item":"https:\/\/hubsch-interior.com\/de\/shop-2\/"},{"@type":"ListItem","position":3,"name":"M\u00f6bel","item":"https:\/\/hubsch-interior.com\/de\/produkt-kategorie\/moebel\/"},{"@type":"ListItem","position":4,"name":"Sitzm&ouml;bel","item":"https:\/\/hubsch-interior.com\/de\/produkt-kategorie\/moebel\/sitzmoebel-de\/"},{"@type":"ListItem","position":5,"name":"B&auml;nke","item":"https:\/\/hubsch-interior.com\/de\/produkt-kategorie\/moebel\/sitzmoebel-de\/baenke-de\/"},{"@type":"ListItem","position":6,"name":"Row Bank Small Naturfarben"}]},{"@type":"WebSite","@id":"https:\/\/hubsch-interior.com\/de\/#website","url":"https:\/\/hubsch-interior.com\/de\/","name":"H\u00fcbsch","description":"Danish Home Interior and Design","publisher":{"@id":"https:\/\/hubsch-interior.com\/de\/#organization"},"potentialAction":[{"@type":"SearchAction","target":{"@type":"EntryPoint","urlTemplate":"https:\/\/hubsch-interior.com\/de\/?s={search_term_string}"},"query-input":{"@type":"PropertyValueSpecification","valueRequired":true,"valueName":"search_term_string"}}],"inLanguage":"de"},{"@type":"Organization","@id":"https:\/\/hubsch-interior.com\/de\/#organization","name":"H\u00fcbsch","url":"https:\/\/hubsch-interior.com\/de\/","logo":{"@type":"ImageObject","inLanguage":"de","@id":"https:\/\/hubsch-interior.com\/de\/#\/schema\/logo\/image\/","url":"https:\/\/hubsch-interior.com\/wp-content\/uploads\/2022\/12\/Hubsch_logo_black_one_line.svg","contentUrl":"https:\/\/hubsch-interior.com\/wp-content\/uploads\/2022\/12\/Hubsch_logo_black_one_line.svg","caption":"H\u00fcbsch"},"image":{"@id":"https:\/\/hubsch-interior.com\/de\/#\/schema\/logo\/image\/"}}]}},"_links":{"self":[{"href":"https:\/\/hubsch-interior.com\/de\/wp-json\/wp\/v2\/product\/742199","targetHints":{"allow":["GET"]}}],"collection":[{"href":"https:\/\/hubsch-interior.com\/de\/wp-json\/wp\/v2\/product"}],"about":[{"href":"https:\/\/hubsch-interior.com\/de\/wp-json\/wp\/v2\/types\/product"}],"wp:featuredmedia":[{"embeddable":true,"href":"https:\/\/hubsch-interior.com\/de\/wp-json\/wp\/v2\/media\/1102952"}],"wp:attachment":[{"href":"https:\/\/hubsch-interior.com\/de\/wp-json\/wp\/v2\/media?parent=742199"}],"wp:term":[{"taxonomy":"product_brand","embeddable":true,"href":"https:\/\/hubsch-interior.com\/de\/wp-json\/wp\/v2\/product_brand?post=742199"},{"taxonomy":"product_cat","embeddable":true,"href":"https:\/\/hubsch-interior.com\/de\/wp-json\/wp\/v2\/product_cat?post=742199"},{"taxonomy":"product_tag","embeddable":true,"href":"https:\/\/hubsch-interior.com\/de\/wp-json\/wp\/v2\/product_tag?post=742199"}],"curies":[{"name":"wp","href":"https:\/\/api.w.org\/{rel}","templated":true}]}}