{"id":742231,"date":"2022-02-08T15:46:19","date_gmt":"2022-02-08T14:46:19","guid":{"rendered":"https:\/\/hubsch-interior.com\/product\/product\/"},"modified":"2026-04-09T04:50:23","modified_gmt":"2026-04-09T02:50:23","slug":"merge-beistelltisch-naturfarben","status":"publish","type":"product","link":"https:\/\/hubsch-interior.com\/de\/produkt\/merge-beistelltisch-naturfarben\/","title":{"rendered":"Merge Beistelltisch Naturfarben"},"content":{"rendered":"<p>Der Merge Beistelltisch kann auf unz\u00e4hlige Arten verwendet werden. Stellen Sie sich zwei davon als Nachttische vor &#8230; nicht schlecht, oder? Oder denken Sie an den sch\u00f6nen Beistelltisch neben Ihrem Lieblingssessel. Das sind nur einige der M\u00f6glichkeiten, wie Sie diesen warmen und praktischen Tisch verwenden k\u00f6nnen. Die offenen F\u00e4cher sind der perfekte Platz f\u00fcr B\u00fccher, Zeitschriften oder Papiere. Und noch besser: Der kleine quadratische Beistelltisch mit ist aus FSC\u00ae-zertifiziertem Holz gefertigt.<\/p>\n","protected":false},"excerpt":{"rendered":"<p>Der Merge Beistelltisch kann auf unz\u00e4hlige Arten verwendet werden. Stellen Sie sich zwei davon als Nachttische vor &#8230; nicht schlecht, oder? Oder denken Sie an den sch\u00f6nen Beistelltisch neben Ihrem Lieblingssessel. Das sind nur einige der M\u00f6glichkeiten, wie Sie diesen warmen und praktischen Tisch verwenden k\u00f6nnen. Die offenen F\u00e4cher sind der perfekte Platz f\u00fcr B\u00fccher, [&hellip;]<\/p>\n","protected":false},"featured_media":1102968,"template":"","meta":{"_acf_changed":false,"inline_featured_image":false},"product_brand":[],"product_cat":[6944,6323,2861,4028,5027],"product_tag":[],"class_list":{"0":"post-742231","1":"product","2":"type-product","3":"status-publish","4":"has-post-thumbnail","6":"product_cat-bestseller-2025-de","7":"product_cat-fsc-de","8":"product_cat-tische-de","9":"product_cat-beistelltische-de","10":"product_cat-bestsellers-de","11":"product_shipping_class-pk","13":"pa_color-naturfarben-2","14":"pa_material-mdf-de","15":"pa_material-eichenfurnier","17":"first","18":"instock","19":"featured","20":"taxable","21":"shipping-taxable","22":"purchasable","23":"product-type-simple"},"exclude_global_add_ons":[],"addons":[],"acf":[],"yoast_head":"<!-- This site is optimized with the Yoast SEO plugin v26.4 - https:\/\/yoast.com\/wordpress\/plugins\/seo\/ -->\n<title>Merge Beistelltisch Naturfarben - H\u00fcbsch<\/title>\n<meta name=\"description\" content=\"Der Merge Beistelltisch kann auf unz\u00e4hlige Arten verwendet werden. Stellen Sie sich zwei davon als Nachttische vor ... nicht schlecht, oder? Oder denken\" \/>\n<meta name=\"robots\" content=\"index, follow, max-snippet:-1, max-image-preview:large, max-video-preview:-1\" \/>\n<link rel=\"canonical\" href=\"https:\/\/hubsch-interior.com\/de\/wp-json\/wp\/v2\/product\/742231\" \/>\n<meta property=\"og:locale\" content=\"de_DE\" \/>\n<meta property=\"og:type\" content=\"article\" \/>\n<meta property=\"og:title\" content=\"Merge Beistelltisch Naturfarben - H\u00fcbsch\" \/>\n<meta property=\"og:description\" content=\"Der Merge Beistelltisch kann auf unz\u00e4hlige Arten verwendet werden. Stellen Sie sich zwei davon als Nachttische vor ... nicht schlecht, oder? Oder denken\" \/>\n<meta property=\"og:url\" content=\"https:\/\/hubsch-interior.com\/de\/produkt\/merge-beistelltisch-naturfarben\/\" \/>\n<meta property=\"og:site_name\" content=\"H\u00fcbsch\" \/>\n<meta property=\"article:modified_time\" content=\"2026-04-09T02:50:23+00:00\" \/>\n<meta property=\"og:image\" content=\"https:\/\/hubsch-interior.com\/wp-content\/uploads\/2024\/11\/merge-side-table-natural-395d8405a5e6809ba91245db4ec7340a.jpg\" \/>\n\t<meta property=\"og:image:width\" content=\"1200\" \/>\n\t<meta property=\"og:image:height\" content=\"1200\" \/>\n\t<meta property=\"og:image:type\" content=\"image\/jpeg\" \/>\n<meta name=\"twitter:card\" content=\"summary_large_image\" \/>\n<script type=\"application\/ld+json\" class=\"yoast-schema-graph\">{\"@context\":\"https:\/\/schema.org\",\"@graph\":[{\"@type\":\"WebPage\",\"@id\":\"https:\/\/hubsch-interior.com\/de\/produkt\/merge-beistelltisch-naturfarben\/\",\"url\":\"https:\/\/hubsch-interior.com\/de\/produkt\/merge-beistelltisch-naturfarben\/\",\"name\":\"Merge Beistelltisch Naturfarben - H\u00fcbsch\",\"isPartOf\":{\"@id\":\"https:\/\/hubsch-interior.com\/de\/#website\"},\"primaryImageOfPage\":{\"@id\":\"https:\/\/hubsch-interior.com\/de\/produkt\/merge-beistelltisch-naturfarben\/#primaryimage\"},\"image\":{\"@id\":\"https:\/\/hubsch-interior.com\/de\/produkt\/merge-beistelltisch-naturfarben\/#primaryimage\"},\"thumbnailUrl\":\"https:\/\/hubsch-interior.com\/wp-content\/uploads\/2026\/02\/merge-side-table-natural-1fdecca160f9767f26276912621d9ae2.jpg\",\"datePublished\":\"2022-02-08T14:46:19+00:00\",\"dateModified\":\"2026-04-09T02:50:23+00:00\",\"description\":\"Der Merge Beistelltisch kann auf unz\u00e4hlige Arten verwendet werden. Stellen Sie sich zwei davon als Nachttische vor ... nicht schlecht, oder? Oder denken\",\"breadcrumb\":{\"@id\":\"https:\/\/hubsch-interior.com\/de\/produkt\/merge-beistelltisch-naturfarben\/#breadcrumb\"},\"inLanguage\":\"de\",\"potentialAction\":[{\"@type\":\"ReadAction\",\"target\":[\"https:\/\/hubsch-interior.com\/de\/produkt\/merge-beistelltisch-naturfarben\/\"]}]},{\"@type\":\"ImageObject\",\"inLanguage\":\"de\",\"@id\":\"https:\/\/hubsch-interior.com\/de\/produkt\/merge-beistelltisch-naturfarben\/#primaryimage\",\"url\":\"https:\/\/hubsch-interior.com\/wp-content\/uploads\/2026\/02\/merge-side-table-natural-1fdecca160f9767f26276912621d9ae2.jpg\",\"contentUrl\":\"https:\/\/hubsch-interior.com\/wp-content\/uploads\/2026\/02\/merge-side-table-natural-1fdecca160f9767f26276912621d9ae2.jpg\",\"width\":1024,\"height\":1024},{\"@type\":\"BreadcrumbList\",\"@id\":\"https:\/\/hubsch-interior.com\/de\/produkt\/merge-beistelltisch-naturfarben\/#breadcrumb\",\"itemListElement\":[{\"@type\":\"ListItem\",\"position\":1,\"name\":\"Startseite\",\"item\":\"https:\/\/hubsch-interior.com\/de\/\"},{\"@type\":\"ListItem\",\"position\":2,\"name\":\"Produkte\",\"item\":\"https:\/\/hubsch-interior.com\/de\/shop-2\/\"},{\"@type\":\"ListItem\",\"position\":3,\"name\":\"M\u00f6bel\",\"item\":\"https:\/\/hubsch-interior.com\/de\/produkt-kategorie\/moebel\/\"},{\"@type\":\"ListItem\",\"position\":4,\"name\":\"Tische\",\"item\":\"https:\/\/hubsch-interior.com\/de\/produkt-kategorie\/moebel\/tische-de\/\"},{\"@type\":\"ListItem\",\"position\":5,\"name\":\"Beistelltische\",\"item\":\"https:\/\/hubsch-interior.com\/de\/produkt-kategorie\/moebel\/tische-de\/beistelltische-de\/\"},{\"@type\":\"ListItem\",\"position\":6,\"name\":\"Merge Beistelltisch Naturfarben\"}]},{\"@type\":\"WebSite\",\"@id\":\"https:\/\/hubsch-interior.com\/de\/#website\",\"url\":\"https:\/\/hubsch-interior.com\/de\/\",\"name\":\"H\u00fcbsch\",\"description\":\"Danish Home Interior and Design\",\"publisher\":{\"@id\":\"https:\/\/hubsch-interior.com\/de\/#organization\"},\"potentialAction\":[{\"@type\":\"SearchAction\",\"target\":{\"@type\":\"EntryPoint\",\"urlTemplate\":\"https:\/\/hubsch-interior.com\/de\/?s={search_term_string}\"},\"query-input\":{\"@type\":\"PropertyValueSpecification\",\"valueRequired\":true,\"valueName\":\"search_term_string\"}}],\"inLanguage\":\"de\"},{\"@type\":\"Organization\",\"@id\":\"https:\/\/hubsch-interior.com\/de\/#organization\",\"name\":\"H\u00fcbsch\",\"url\":\"https:\/\/hubsch-interior.com\/de\/\",\"logo\":{\"@type\":\"ImageObject\",\"inLanguage\":\"de\",\"@id\":\"https:\/\/hubsch-interior.com\/de\/#\/schema\/logo\/image\/\",\"url\":\"https:\/\/hubsch-interior.com\/wp-content\/uploads\/2022\/12\/Hubsch_logo_black_one_line.svg\",\"contentUrl\":\"https:\/\/hubsch-interior.com\/wp-content\/uploads\/2022\/12\/Hubsch_logo_black_one_line.svg\",\"caption\":\"H\u00fcbsch\"},\"image\":{\"@id\":\"https:\/\/hubsch-interior.com\/de\/#\/schema\/logo\/image\/\"}}]}<\/script>\n<!-- \/ Yoast SEO plugin. -->","yoast_head_json":{"title":"Merge Beistelltisch Naturfarben - H\u00fcbsch","description":"Der Merge Beistelltisch kann auf unz\u00e4hlige Arten verwendet werden. Stellen Sie sich zwei davon als Nachttische vor ... nicht schlecht, oder? Oder denken","robots":{"index":"index","follow":"follow","max-snippet":"max-snippet:-1","max-image-preview":"max-image-preview:large","max-video-preview":"max-video-preview:-1"},"canonical":"https:\/\/hubsch-interior.com\/de\/wp-json\/wp\/v2\/product\/742231","og_locale":"de_DE","og_type":"article","og_title":"Merge Beistelltisch Naturfarben - H\u00fcbsch","og_description":"Der Merge Beistelltisch kann auf unz\u00e4hlige Arten verwendet werden. Stellen Sie sich zwei davon als Nachttische vor ... nicht schlecht, oder? Oder denken","og_url":"https:\/\/hubsch-interior.com\/de\/produkt\/merge-beistelltisch-naturfarben\/","og_site_name":"H\u00fcbsch","article_modified_time":"2026-04-09T02:50:23+00:00","og_image":[{"width":1200,"height":1200,"url":"https:\/\/hubsch-interior.com\/wp-content\/uploads\/2024\/11\/merge-side-table-natural-395d8405a5e6809ba91245db4ec7340a.jpg","type":"image\/jpeg"}],"twitter_card":"summary_large_image","schema":{"@context":"https:\/\/schema.org","@graph":[{"@type":"WebPage","@id":"https:\/\/hubsch-interior.com\/de\/produkt\/merge-beistelltisch-naturfarben\/","url":"https:\/\/hubsch-interior.com\/de\/produkt\/merge-beistelltisch-naturfarben\/","name":"Merge Beistelltisch Naturfarben - H\u00fcbsch","isPartOf":{"@id":"https:\/\/hubsch-interior.com\/de\/#website"},"primaryImageOfPage":{"@id":"https:\/\/hubsch-interior.com\/de\/produkt\/merge-beistelltisch-naturfarben\/#primaryimage"},"image":{"@id":"https:\/\/hubsch-interior.com\/de\/produkt\/merge-beistelltisch-naturfarben\/#primaryimage"},"thumbnailUrl":"https:\/\/hubsch-interior.com\/wp-content\/uploads\/2026\/02\/merge-side-table-natural-1fdecca160f9767f26276912621d9ae2.jpg","datePublished":"2022-02-08T14:46:19+00:00","dateModified":"2026-04-09T02:50:23+00:00","description":"Der Merge Beistelltisch kann auf unz\u00e4hlige Arten verwendet werden. Stellen Sie sich zwei davon als Nachttische vor ... nicht schlecht, oder? Oder denken","breadcrumb":{"@id":"https:\/\/hubsch-interior.com\/de\/produkt\/merge-beistelltisch-naturfarben\/#breadcrumb"},"inLanguage":"de","potentialAction":[{"@type":"ReadAction","target":["https:\/\/hubsch-interior.com\/de\/produkt\/merge-beistelltisch-naturfarben\/"]}]},{"@type":"ImageObject","inLanguage":"de","@id":"https:\/\/hubsch-interior.com\/de\/produkt\/merge-beistelltisch-naturfarben\/#primaryimage","url":"https:\/\/hubsch-interior.com\/wp-content\/uploads\/2026\/02\/merge-side-table-natural-1fdecca160f9767f26276912621d9ae2.jpg","contentUrl":"https:\/\/hubsch-interior.com\/wp-content\/uploads\/2026\/02\/merge-side-table-natural-1fdecca160f9767f26276912621d9ae2.jpg","width":1024,"height":1024},{"@type":"BreadcrumbList","@id":"https:\/\/hubsch-interior.com\/de\/produkt\/merge-beistelltisch-naturfarben\/#breadcrumb","itemListElement":[{"@type":"ListItem","position":1,"name":"Startseite","item":"https:\/\/hubsch-interior.com\/de\/"},{"@type":"ListItem","position":2,"name":"Produkte","item":"https:\/\/hubsch-interior.com\/de\/shop-2\/"},{"@type":"ListItem","position":3,"name":"M\u00f6bel","item":"https:\/\/hubsch-interior.com\/de\/produkt-kategorie\/moebel\/"},{"@type":"ListItem","position":4,"name":"Tische","item":"https:\/\/hubsch-interior.com\/de\/produkt-kategorie\/moebel\/tische-de\/"},{"@type":"ListItem","position":5,"name":"Beistelltische","item":"https:\/\/hubsch-interior.com\/de\/produkt-kategorie\/moebel\/tische-de\/beistelltische-de\/"},{"@type":"ListItem","position":6,"name":"Merge Beistelltisch Naturfarben"}]},{"@type":"WebSite","@id":"https:\/\/hubsch-interior.com\/de\/#website","url":"https:\/\/hubsch-interior.com\/de\/","name":"H\u00fcbsch","description":"Danish Home Interior and Design","publisher":{"@id":"https:\/\/hubsch-interior.com\/de\/#organization"},"potentialAction":[{"@type":"SearchAction","target":{"@type":"EntryPoint","urlTemplate":"https:\/\/hubsch-interior.com\/de\/?s={search_term_string}"},"query-input":{"@type":"PropertyValueSpecification","valueRequired":true,"valueName":"search_term_string"}}],"inLanguage":"de"},{"@type":"Organization","@id":"https:\/\/hubsch-interior.com\/de\/#organization","name":"H\u00fcbsch","url":"https:\/\/hubsch-interior.com\/de\/","logo":{"@type":"ImageObject","inLanguage":"de","@id":"https:\/\/hubsch-interior.com\/de\/#\/schema\/logo\/image\/","url":"https:\/\/hubsch-interior.com\/wp-content\/uploads\/2022\/12\/Hubsch_logo_black_one_line.svg","contentUrl":"https:\/\/hubsch-interior.com\/wp-content\/uploads\/2022\/12\/Hubsch_logo_black_one_line.svg","caption":"H\u00fcbsch"},"image":{"@id":"https:\/\/hubsch-interior.com\/de\/#\/schema\/logo\/image\/"}}]}},"_links":{"self":[{"href":"https:\/\/hubsch-interior.com\/de\/wp-json\/wp\/v2\/product\/742231","targetHints":{"allow":["GET"]}}],"collection":[{"href":"https:\/\/hubsch-interior.com\/de\/wp-json\/wp\/v2\/product"}],"about":[{"href":"https:\/\/hubsch-interior.com\/de\/wp-json\/wp\/v2\/types\/product"}],"wp:featuredmedia":[{"embeddable":true,"href":"https:\/\/hubsch-interior.com\/de\/wp-json\/wp\/v2\/media\/1102968"}],"wp:attachment":[{"href":"https:\/\/hubsch-interior.com\/de\/wp-json\/wp\/v2\/media?parent=742231"}],"wp:term":[{"taxonomy":"product_brand","embeddable":true,"href":"https:\/\/hubsch-interior.com\/de\/wp-json\/wp\/v2\/product_brand?post=742231"},{"taxonomy":"product_cat","embeddable":true,"href":"https:\/\/hubsch-interior.com\/de\/wp-json\/wp\/v2\/product_cat?post=742231"},{"taxonomy":"product_tag","embeddable":true,"href":"https:\/\/hubsch-interior.com\/de\/wp-json\/wp\/v2\/product_tag?post=742231"}],"curies":[{"name":"wp","href":"https:\/\/api.w.org\/{rel}","templated":true}]}}