{"id":742555,"date":"2022-02-08T15:51:44","date_gmt":"2022-02-08T14:51:44","guid":{"rendered":"https:\/\/hubsch-interior.com\/product\/product\/"},"modified":"2026-04-07T04:59:30","modified_gmt":"2026-04-07T02:59:30","slug":"spot-tischlampe-khaki","status":"publish","type":"product","link":"https:\/\/hubsch-interior.com\/de\/produkt\/spot-tischlampe-khaki\/","title":{"rendered":"Spot Tischlampe Khaki"},"content":{"rendered":"<p>Wenn wir sagen, dass wir allt\u00e4glichen Gegenst\u00e4nden einen neuen Twist geben wollen, dann meinen wir das auch so. Diese skurrile und doch klassische Tischleuchte verk\u00f6rpert genau das. Mit ihrem wei\u00dfen Glasschirm und der faszinierenden Farbkombination aus Sand und Khaki wird diese Tischlampe zum Blickfang auf jedem Schreibtisch, auf jeder Konsole und in jedem Regal. Als Bonus haben wir sogar das Kabel mit einem grauen Baumwolldraht umwickelt. Wir lieben es! Sie nicht auch?<\/p>\n","protected":false},"excerpt":{"rendered":"<p>Wenn wir sagen, dass wir allt\u00e4glichen Gegenst\u00e4nden einen neuen Twist geben wollen, dann meinen wir das auch so. Diese skurrile und doch klassische Tischleuchte verk\u00f6rpert genau das. Mit ihrem wei\u00dfen Glasschirm und der faszinierenden Farbkombination aus Sand und Khaki wird diese Tischlampe zum Blickfang auf jedem Schreibtisch, auf jeder Konsole und in jedem Regal. Als [&hellip;]<\/p>\n","protected":false},"featured_media":1106302,"template":"","meta":{"_acf_changed":false,"inline_featured_image":false},"product_brand":[],"product_cat":[3809,3501],"product_tag":[],"class_list":{"0":"post-742555","1":"product","2":"type-product","3":"status-publish","4":"has-post-thumbnail","6":"product_cat-beleuchtung","7":"product_cat-tischlampen-de","8":"product_shipping_class-pk","10":"pa_color-khaki-4","11":"pa_material-eisen-de","12":"pa_material-glas-de","14":"first","15":"instock","16":"taxable","17":"shipping-taxable","18":"purchasable","19":"product-type-simple"},"exclude_global_add_ons":[],"addons":[],"acf":[],"yoast_head":"<!-- This site is optimized with the Yoast SEO plugin v26.4 - https:\/\/yoast.com\/wordpress\/plugins\/seo\/ -->\n<title>Spot Tischlampe Khaki - H\u00fcbsch<\/title>\n<meta name=\"description\" content=\"Wenn wir sagen, dass wir allt\u00e4glichen Gegenst\u00e4nden einen neuen Twist geben wollen, dann meinen wir das auch so. Diese skurrile und doch klassische\" \/>\n<meta name=\"robots\" content=\"index, follow, max-snippet:-1, max-image-preview:large, max-video-preview:-1\" \/>\n<link rel=\"canonical\" href=\"https:\/\/hubsch-interior.com\/de\/wp-json\/wp\/v2\/product\/742555\" \/>\n<meta property=\"og:locale\" content=\"de_DE\" \/>\n<meta property=\"og:type\" content=\"article\" \/>\n<meta property=\"og:title\" content=\"Spot Tischlampe Khaki - H\u00fcbsch\" \/>\n<meta property=\"og:description\" content=\"Wenn wir sagen, dass wir allt\u00e4glichen Gegenst\u00e4nden einen neuen Twist geben wollen, dann meinen wir das auch so. Diese skurrile und doch klassische\" \/>\n<meta property=\"og:url\" content=\"https:\/\/hubsch-interior.com\/de\/produkt\/spot-tischlampe-khaki\/\" \/>\n<meta property=\"og:site_name\" content=\"H\u00fcbsch\" \/>\n<meta property=\"article:modified_time\" content=\"2026-04-07T02:59:30+00:00\" \/>\n<meta property=\"og:image\" content=\"https:\/\/hubsch-interior.com\/wp-content\/uploads\/2023\/08\/spot-table-lamp-khaki-98e449f736468d5530ab86d3ab13be91.jpg\" \/>\n\t<meta property=\"og:image:width\" content=\"1200\" \/>\n\t<meta property=\"og:image:height\" content=\"1200\" \/>\n\t<meta property=\"og:image:type\" content=\"image\/jpeg\" \/>\n<meta name=\"twitter:card\" content=\"summary_large_image\" \/>\n<script type=\"application\/ld+json\" class=\"yoast-schema-graph\">{\"@context\":\"https:\/\/schema.org\",\"@graph\":[{\"@type\":\"WebPage\",\"@id\":\"https:\/\/hubsch-interior.com\/de\/produkt\/spot-tischlampe-khaki\/\",\"url\":\"https:\/\/hubsch-interior.com\/de\/produkt\/spot-tischlampe-khaki\/\",\"name\":\"Spot Tischlampe Khaki - H\u00fcbsch\",\"isPartOf\":{\"@id\":\"https:\/\/hubsch-interior.com\/de\/#website\"},\"primaryImageOfPage\":{\"@id\":\"https:\/\/hubsch-interior.com\/de\/produkt\/spot-tischlampe-khaki\/#primaryimage\"},\"image\":{\"@id\":\"https:\/\/hubsch-interior.com\/de\/produkt\/spot-tischlampe-khaki\/#primaryimage\"},\"thumbnailUrl\":\"https:\/\/hubsch-interior.com\/wp-content\/uploads\/2026\/02\/spot-table-lamp-khaki-62ff0ad147f40ea0af797e423b3b1df8.jpg\",\"datePublished\":\"2022-02-08T14:51:44+00:00\",\"dateModified\":\"2026-04-07T02:59:30+00:00\",\"description\":\"Wenn wir sagen, dass wir allt\u00e4glichen Gegenst\u00e4nden einen neuen Twist geben wollen, dann meinen wir das auch so. Diese skurrile und doch klassische\",\"breadcrumb\":{\"@id\":\"https:\/\/hubsch-interior.com\/de\/produkt\/spot-tischlampe-khaki\/#breadcrumb\"},\"inLanguage\":\"de\",\"potentialAction\":[{\"@type\":\"ReadAction\",\"target\":[\"https:\/\/hubsch-interior.com\/de\/produkt\/spot-tischlampe-khaki\/\"]}]},{\"@type\":\"ImageObject\",\"inLanguage\":\"de\",\"@id\":\"https:\/\/hubsch-interior.com\/de\/produkt\/spot-tischlampe-khaki\/#primaryimage\",\"url\":\"https:\/\/hubsch-interior.com\/wp-content\/uploads\/2026\/02\/spot-table-lamp-khaki-62ff0ad147f40ea0af797e423b3b1df8.jpg\",\"contentUrl\":\"https:\/\/hubsch-interior.com\/wp-content\/uploads\/2026\/02\/spot-table-lamp-khaki-62ff0ad147f40ea0af797e423b3b1df8.jpg\",\"width\":1024,\"height\":1024},{\"@type\":\"BreadcrumbList\",\"@id\":\"https:\/\/hubsch-interior.com\/de\/produkt\/spot-tischlampe-khaki\/#breadcrumb\",\"itemListElement\":[{\"@type\":\"ListItem\",\"position\":1,\"name\":\"Startseite\",\"item\":\"https:\/\/hubsch-interior.com\/de\/\"},{\"@type\":\"ListItem\",\"position\":2,\"name\":\"Produkte\",\"item\":\"https:\/\/hubsch-interior.com\/de\/shop-2\/\"},{\"@type\":\"ListItem\",\"position\":3,\"name\":\"Beleuchtung\",\"item\":\"https:\/\/hubsch-interior.com\/de\/produkt-kategorie\/beleuchtung\/\"},{\"@type\":\"ListItem\",\"position\":4,\"name\":\"Tischlampen\",\"item\":\"https:\/\/hubsch-interior.com\/de\/produkt-kategorie\/beleuchtung\/tischlampen-de\/\"},{\"@type\":\"ListItem\",\"position\":5,\"name\":\"Spot Tischlampe Khaki\"}]},{\"@type\":\"WebSite\",\"@id\":\"https:\/\/hubsch-interior.com\/de\/#website\",\"url\":\"https:\/\/hubsch-interior.com\/de\/\",\"name\":\"H\u00fcbsch\",\"description\":\"Danish Home Interior and Design\",\"publisher\":{\"@id\":\"https:\/\/hubsch-interior.com\/de\/#organization\"},\"potentialAction\":[{\"@type\":\"SearchAction\",\"target\":{\"@type\":\"EntryPoint\",\"urlTemplate\":\"https:\/\/hubsch-interior.com\/de\/?s={search_term_string}\"},\"query-input\":{\"@type\":\"PropertyValueSpecification\",\"valueRequired\":true,\"valueName\":\"search_term_string\"}}],\"inLanguage\":\"de\"},{\"@type\":\"Organization\",\"@id\":\"https:\/\/hubsch-interior.com\/de\/#organization\",\"name\":\"H\u00fcbsch\",\"url\":\"https:\/\/hubsch-interior.com\/de\/\",\"logo\":{\"@type\":\"ImageObject\",\"inLanguage\":\"de\",\"@id\":\"https:\/\/hubsch-interior.com\/de\/#\/schema\/logo\/image\/\",\"url\":\"https:\/\/hubsch-interior.com\/wp-content\/uploads\/2022\/12\/Hubsch_logo_black_one_line.svg\",\"contentUrl\":\"https:\/\/hubsch-interior.com\/wp-content\/uploads\/2022\/12\/Hubsch_logo_black_one_line.svg\",\"caption\":\"H\u00fcbsch\"},\"image\":{\"@id\":\"https:\/\/hubsch-interior.com\/de\/#\/schema\/logo\/image\/\"}}]}<\/script>\n<!-- \/ Yoast SEO plugin. -->","yoast_head_json":{"title":"Spot Tischlampe Khaki - H\u00fcbsch","description":"Wenn wir sagen, dass wir allt\u00e4glichen Gegenst\u00e4nden einen neuen Twist geben wollen, dann meinen wir das auch so. Diese skurrile und doch klassische","robots":{"index":"index","follow":"follow","max-snippet":"max-snippet:-1","max-image-preview":"max-image-preview:large","max-video-preview":"max-video-preview:-1"},"canonical":"https:\/\/hubsch-interior.com\/de\/wp-json\/wp\/v2\/product\/742555","og_locale":"de_DE","og_type":"article","og_title":"Spot Tischlampe Khaki - H\u00fcbsch","og_description":"Wenn wir sagen, dass wir allt\u00e4glichen Gegenst\u00e4nden einen neuen Twist geben wollen, dann meinen wir das auch so. Diese skurrile und doch klassische","og_url":"https:\/\/hubsch-interior.com\/de\/produkt\/spot-tischlampe-khaki\/","og_site_name":"H\u00fcbsch","article_modified_time":"2026-04-07T02:59:30+00:00","og_image":[{"width":1200,"height":1200,"url":"https:\/\/hubsch-interior.com\/wp-content\/uploads\/2023\/08\/spot-table-lamp-khaki-98e449f736468d5530ab86d3ab13be91.jpg","type":"image\/jpeg"}],"twitter_card":"summary_large_image","schema":{"@context":"https:\/\/schema.org","@graph":[{"@type":"WebPage","@id":"https:\/\/hubsch-interior.com\/de\/produkt\/spot-tischlampe-khaki\/","url":"https:\/\/hubsch-interior.com\/de\/produkt\/spot-tischlampe-khaki\/","name":"Spot Tischlampe Khaki - H\u00fcbsch","isPartOf":{"@id":"https:\/\/hubsch-interior.com\/de\/#website"},"primaryImageOfPage":{"@id":"https:\/\/hubsch-interior.com\/de\/produkt\/spot-tischlampe-khaki\/#primaryimage"},"image":{"@id":"https:\/\/hubsch-interior.com\/de\/produkt\/spot-tischlampe-khaki\/#primaryimage"},"thumbnailUrl":"https:\/\/hubsch-interior.com\/wp-content\/uploads\/2026\/02\/spot-table-lamp-khaki-62ff0ad147f40ea0af797e423b3b1df8.jpg","datePublished":"2022-02-08T14:51:44+00:00","dateModified":"2026-04-07T02:59:30+00:00","description":"Wenn wir sagen, dass wir allt\u00e4glichen Gegenst\u00e4nden einen neuen Twist geben wollen, dann meinen wir das auch so. Diese skurrile und doch klassische","breadcrumb":{"@id":"https:\/\/hubsch-interior.com\/de\/produkt\/spot-tischlampe-khaki\/#breadcrumb"},"inLanguage":"de","potentialAction":[{"@type":"ReadAction","target":["https:\/\/hubsch-interior.com\/de\/produkt\/spot-tischlampe-khaki\/"]}]},{"@type":"ImageObject","inLanguage":"de","@id":"https:\/\/hubsch-interior.com\/de\/produkt\/spot-tischlampe-khaki\/#primaryimage","url":"https:\/\/hubsch-interior.com\/wp-content\/uploads\/2026\/02\/spot-table-lamp-khaki-62ff0ad147f40ea0af797e423b3b1df8.jpg","contentUrl":"https:\/\/hubsch-interior.com\/wp-content\/uploads\/2026\/02\/spot-table-lamp-khaki-62ff0ad147f40ea0af797e423b3b1df8.jpg","width":1024,"height":1024},{"@type":"BreadcrumbList","@id":"https:\/\/hubsch-interior.com\/de\/produkt\/spot-tischlampe-khaki\/#breadcrumb","itemListElement":[{"@type":"ListItem","position":1,"name":"Startseite","item":"https:\/\/hubsch-interior.com\/de\/"},{"@type":"ListItem","position":2,"name":"Produkte","item":"https:\/\/hubsch-interior.com\/de\/shop-2\/"},{"@type":"ListItem","position":3,"name":"Beleuchtung","item":"https:\/\/hubsch-interior.com\/de\/produkt-kategorie\/beleuchtung\/"},{"@type":"ListItem","position":4,"name":"Tischlampen","item":"https:\/\/hubsch-interior.com\/de\/produkt-kategorie\/beleuchtung\/tischlampen-de\/"},{"@type":"ListItem","position":5,"name":"Spot Tischlampe Khaki"}]},{"@type":"WebSite","@id":"https:\/\/hubsch-interior.com\/de\/#website","url":"https:\/\/hubsch-interior.com\/de\/","name":"H\u00fcbsch","description":"Danish Home Interior and Design","publisher":{"@id":"https:\/\/hubsch-interior.com\/de\/#organization"},"potentialAction":[{"@type":"SearchAction","target":{"@type":"EntryPoint","urlTemplate":"https:\/\/hubsch-interior.com\/de\/?s={search_term_string}"},"query-input":{"@type":"PropertyValueSpecification","valueRequired":true,"valueName":"search_term_string"}}],"inLanguage":"de"},{"@type":"Organization","@id":"https:\/\/hubsch-interior.com\/de\/#organization","name":"H\u00fcbsch","url":"https:\/\/hubsch-interior.com\/de\/","logo":{"@type":"ImageObject","inLanguage":"de","@id":"https:\/\/hubsch-interior.com\/de\/#\/schema\/logo\/image\/","url":"https:\/\/hubsch-interior.com\/wp-content\/uploads\/2022\/12\/Hubsch_logo_black_one_line.svg","contentUrl":"https:\/\/hubsch-interior.com\/wp-content\/uploads\/2022\/12\/Hubsch_logo_black_one_line.svg","caption":"H\u00fcbsch"},"image":{"@id":"https:\/\/hubsch-interior.com\/de\/#\/schema\/logo\/image\/"}}]}},"_links":{"self":[{"href":"https:\/\/hubsch-interior.com\/de\/wp-json\/wp\/v2\/product\/742555","targetHints":{"allow":["GET"]}}],"collection":[{"href":"https:\/\/hubsch-interior.com\/de\/wp-json\/wp\/v2\/product"}],"about":[{"href":"https:\/\/hubsch-interior.com\/de\/wp-json\/wp\/v2\/types\/product"}],"wp:featuredmedia":[{"embeddable":true,"href":"https:\/\/hubsch-interior.com\/de\/wp-json\/wp\/v2\/media\/1106302"}],"wp:attachment":[{"href":"https:\/\/hubsch-interior.com\/de\/wp-json\/wp\/v2\/media?parent=742555"}],"wp:term":[{"taxonomy":"product_brand","embeddable":true,"href":"https:\/\/hubsch-interior.com\/de\/wp-json\/wp\/v2\/product_brand?post=742555"},{"taxonomy":"product_cat","embeddable":true,"href":"https:\/\/hubsch-interior.com\/de\/wp-json\/wp\/v2\/product_cat?post=742555"},{"taxonomy":"product_tag","embeddable":true,"href":"https:\/\/hubsch-interior.com\/de\/wp-json\/wp\/v2\/product_tag?post=742555"}],"curies":[{"name":"wp","href":"https:\/\/api.w.org\/{rel}","templated":true}]}}