{"id":742630,"date":"2022-02-08T15:58:14","date_gmt":"2022-02-08T14:58:14","guid":{"rendered":"https:\/\/hubsch-interior.com\/product\/product\/"},"modified":"2026-04-09T05:16:16","modified_gmt":"2026-04-09T03:16:16","slug":"soft-teelichthalter-grun","status":"publish","type":"product","link":"https:\/\/hubsch-interior.com\/de\/produkt\/soft-teelichthalter-grun\/","title":{"rendered":"Soft Teelichthalter Gr\u00fcn"},"content":{"rendered":"<p>Gorgeous in Gr\u00fcn. Wir sind verr\u00fcckt nach diesem gr\u00fcnen pulverbeschichteten Teelichthalter. Stellen Sie ihn einfach an jeder beliebigen Stelle auf \u2013 in Ihrem Schlafzimmer f\u00fcr ein bisschen Romantik, f\u00fcr ein gem\u00fctliches Fr\u00fchst\u00fccksambiente oder einfach nur f\u00fcr ein bisschen &#8220;Hygge&#8221; in Ihrem Wohnzimmer. Wir lieben es, ihn zu kombinieren und finden, dass dieser Kerzenhalter ideal zu unseren farbigen Kristallglas-Kerzenhaltern passt. <\/p>\n","protected":false},"excerpt":{"rendered":"<p>Gorgeous in Gr\u00fcn. Wir sind verr\u00fcckt nach diesem gr\u00fcnen pulverbeschichteten Teelichthalter. Stellen Sie ihn einfach an jeder beliebigen Stelle auf \u2013 in Ihrem Schlafzimmer f\u00fcr ein bisschen Romantik, f\u00fcr ein gem\u00fctliches Fr\u00fchst\u00fccksambiente oder einfach nur f\u00fcr ein bisschen &#8220;Hygge&#8221; in Ihrem Wohnzimmer. Wir lieben es, ihn zu kombinieren und finden, dass dieser Kerzenhalter ideal zu [&hellip;]<\/p>\n","protected":false},"featured_media":1114597,"template":"","meta":{"_acf_changed":false,"inline_featured_image":false},"product_brand":[],"product_cat":[4067,4068],"product_tag":[],"class_list":{"0":"post-742630","1":"product","2":"type-product","3":"status-publish","4":"has-post-thumbnail","6":"product_cat-kerzenstaender-laternen-de","7":"product_cat-kerzenstaender-de","8":"product_shipping_class-pk","10":"pa_color-grn-2","11":"pa_material-eisen-de","13":"first","14":"instock","15":"taxable","16":"shipping-taxable","17":"purchasable","18":"product-type-simple"},"exclude_global_add_ons":[],"addons":[],"acf":[],"yoast_head":"<!-- This site is optimized with the Yoast SEO plugin v26.4 - https:\/\/yoast.com\/wordpress\/plugins\/seo\/ -->\n<title>Soft Teelichthalter Gr\u00fcn - H\u00fcbsch<\/title>\n<meta name=\"description\" content=\"Gorgeous in Gr\u00fcn. Wir sind verr\u00fcckt nach diesem gr\u00fcnen pulverbeschichteten Teelichthalter. Stellen Sie ihn einfach an jeder beliebigen Stelle auf \u2013 in\" \/>\n<meta name=\"robots\" content=\"index, follow, max-snippet:-1, max-image-preview:large, max-video-preview:-1\" \/>\n<link rel=\"canonical\" href=\"https:\/\/hubsch-interior.com\/de\/wp-json\/wp\/v2\/product\/742630\" \/>\n<meta property=\"og:locale\" content=\"de_DE\" \/>\n<meta property=\"og:type\" content=\"article\" \/>\n<meta property=\"og:title\" content=\"Soft Teelichthalter Gr\u00fcn - H\u00fcbsch\" \/>\n<meta property=\"og:description\" content=\"Gorgeous in Gr\u00fcn. Wir sind verr\u00fcckt nach diesem gr\u00fcnen pulverbeschichteten Teelichthalter. Stellen Sie ihn einfach an jeder beliebigen Stelle auf \u2013 in\" \/>\n<meta property=\"og:url\" content=\"https:\/\/hubsch-interior.com\/de\/produkt\/soft-teelichthalter-grun\/\" \/>\n<meta property=\"og:site_name\" content=\"H\u00fcbsch\" \/>\n<meta property=\"article:modified_time\" content=\"2026-04-09T03:16:16+00:00\" \/>\n<meta property=\"og:image\" content=\"https:\/\/hubsch-interior.com\/wp-content\/uploads\/2025\/05\/soft-tealight-holder-green-e044acdc6309d9de2a318cff9f2a7a7d.jpg\" \/>\n\t<meta property=\"og:image:width\" content=\"1200\" \/>\n\t<meta property=\"og:image:height\" content=\"1200\" \/>\n\t<meta property=\"og:image:type\" content=\"image\/jpeg\" \/>\n<meta name=\"twitter:card\" content=\"summary_large_image\" \/>\n<script type=\"application\/ld+json\" class=\"yoast-schema-graph\">{\"@context\":\"https:\/\/schema.org\",\"@graph\":[{\"@type\":\"WebPage\",\"@id\":\"https:\/\/hubsch-interior.com\/de\/produkt\/soft-teelichthalter-grun\/\",\"url\":\"https:\/\/hubsch-interior.com\/de\/produkt\/soft-teelichthalter-grun\/\",\"name\":\"Soft Teelichthalter Gr\u00fcn - H\u00fcbsch\",\"isPartOf\":{\"@id\":\"https:\/\/hubsch-interior.com\/de\/#website\"},\"primaryImageOfPage\":{\"@id\":\"https:\/\/hubsch-interior.com\/de\/produkt\/soft-teelichthalter-grun\/#primaryimage\"},\"image\":{\"@id\":\"https:\/\/hubsch-interior.com\/de\/produkt\/soft-teelichthalter-grun\/#primaryimage\"},\"thumbnailUrl\":\"https:\/\/hubsch-interior.com\/wp-content\/uploads\/2026\/02\/soft-tealight-holder-green-1906393747caa52a4e66d8f02e09b830.jpg\",\"datePublished\":\"2022-02-08T14:58:14+00:00\",\"dateModified\":\"2026-04-09T03:16:16+00:00\",\"description\":\"Gorgeous in Gr\u00fcn. Wir sind verr\u00fcckt nach diesem gr\u00fcnen pulverbeschichteten Teelichthalter. Stellen Sie ihn einfach an jeder beliebigen Stelle auf \u2013 in\",\"breadcrumb\":{\"@id\":\"https:\/\/hubsch-interior.com\/de\/produkt\/soft-teelichthalter-grun\/#breadcrumb\"},\"inLanguage\":\"de\",\"potentialAction\":[{\"@type\":\"ReadAction\",\"target\":[\"https:\/\/hubsch-interior.com\/de\/produkt\/soft-teelichthalter-grun\/\"]}]},{\"@type\":\"ImageObject\",\"inLanguage\":\"de\",\"@id\":\"https:\/\/hubsch-interior.com\/de\/produkt\/soft-teelichthalter-grun\/#primaryimage\",\"url\":\"https:\/\/hubsch-interior.com\/wp-content\/uploads\/2026\/02\/soft-tealight-holder-green-1906393747caa52a4e66d8f02e09b830.jpg\",\"contentUrl\":\"https:\/\/hubsch-interior.com\/wp-content\/uploads\/2026\/02\/soft-tealight-holder-green-1906393747caa52a4e66d8f02e09b830.jpg\",\"width\":1024,\"height\":1024},{\"@type\":\"BreadcrumbList\",\"@id\":\"https:\/\/hubsch-interior.com\/de\/produkt\/soft-teelichthalter-grun\/#breadcrumb\",\"itemListElement\":[{\"@type\":\"ListItem\",\"position\":1,\"name\":\"Startseite\",\"item\":\"https:\/\/hubsch-interior.com\/de\/\"},{\"@type\":\"ListItem\",\"position\":2,\"name\":\"Produkte\",\"item\":\"https:\/\/hubsch-interior.com\/de\/shop-2\/\"},{\"@type\":\"ListItem\",\"position\":3,\"name\":\"Wohnaccessoires\",\"item\":\"https:\/\/hubsch-interior.com\/de\/produkt-kategorie\/wohnaccessoires\/\"},{\"@type\":\"ListItem\",\"position\":4,\"name\":\"Kerzenst&auml;nder &amp; Laternen\",\"item\":\"https:\/\/hubsch-interior.com\/de\/produkt-kategorie\/wohnaccessoires\/kerzenstaender-laternen-de\/\"},{\"@type\":\"ListItem\",\"position\":5,\"name\":\"Kerzenst&auml;nder\",\"item\":\"https:\/\/hubsch-interior.com\/de\/produkt-kategorie\/wohnaccessoires\/kerzenstaender-laternen-de\/kerzenstaender-de\/\"},{\"@type\":\"ListItem\",\"position\":6,\"name\":\"Soft Teelichthalter Gr\u00fcn\"}]},{\"@type\":\"WebSite\",\"@id\":\"https:\/\/hubsch-interior.com\/de\/#website\",\"url\":\"https:\/\/hubsch-interior.com\/de\/\",\"name\":\"H\u00fcbsch\",\"description\":\"Danish Home Interior and Design\",\"publisher\":{\"@id\":\"https:\/\/hubsch-interior.com\/de\/#organization\"},\"potentialAction\":[{\"@type\":\"SearchAction\",\"target\":{\"@type\":\"EntryPoint\",\"urlTemplate\":\"https:\/\/hubsch-interior.com\/de\/?s={search_term_string}\"},\"query-input\":{\"@type\":\"PropertyValueSpecification\",\"valueRequired\":true,\"valueName\":\"search_term_string\"}}],\"inLanguage\":\"de\"},{\"@type\":\"Organization\",\"@id\":\"https:\/\/hubsch-interior.com\/de\/#organization\",\"name\":\"H\u00fcbsch\",\"url\":\"https:\/\/hubsch-interior.com\/de\/\",\"logo\":{\"@type\":\"ImageObject\",\"inLanguage\":\"de\",\"@id\":\"https:\/\/hubsch-interior.com\/de\/#\/schema\/logo\/image\/\",\"url\":\"https:\/\/hubsch-interior.com\/wp-content\/uploads\/2022\/12\/Hubsch_logo_black_one_line.svg\",\"contentUrl\":\"https:\/\/hubsch-interior.com\/wp-content\/uploads\/2022\/12\/Hubsch_logo_black_one_line.svg\",\"caption\":\"H\u00fcbsch\"},\"image\":{\"@id\":\"https:\/\/hubsch-interior.com\/de\/#\/schema\/logo\/image\/\"}}]}<\/script>\n<!-- \/ Yoast SEO plugin. -->","yoast_head_json":{"title":"Soft Teelichthalter Gr\u00fcn - H\u00fcbsch","description":"Gorgeous in Gr\u00fcn. Wir sind verr\u00fcckt nach diesem gr\u00fcnen pulverbeschichteten Teelichthalter. Stellen Sie ihn einfach an jeder beliebigen Stelle auf \u2013 in","robots":{"index":"index","follow":"follow","max-snippet":"max-snippet:-1","max-image-preview":"max-image-preview:large","max-video-preview":"max-video-preview:-1"},"canonical":"https:\/\/hubsch-interior.com\/de\/wp-json\/wp\/v2\/product\/742630","og_locale":"de_DE","og_type":"article","og_title":"Soft Teelichthalter Gr\u00fcn - H\u00fcbsch","og_description":"Gorgeous in Gr\u00fcn. Wir sind verr\u00fcckt nach diesem gr\u00fcnen pulverbeschichteten Teelichthalter. Stellen Sie ihn einfach an jeder beliebigen Stelle auf \u2013 in","og_url":"https:\/\/hubsch-interior.com\/de\/produkt\/soft-teelichthalter-grun\/","og_site_name":"H\u00fcbsch","article_modified_time":"2026-04-09T03:16:16+00:00","og_image":[{"width":1200,"height":1200,"url":"https:\/\/hubsch-interior.com\/wp-content\/uploads\/2025\/05\/soft-tealight-holder-green-e044acdc6309d9de2a318cff9f2a7a7d.jpg","type":"image\/jpeg"}],"twitter_card":"summary_large_image","schema":{"@context":"https:\/\/schema.org","@graph":[{"@type":"WebPage","@id":"https:\/\/hubsch-interior.com\/de\/produkt\/soft-teelichthalter-grun\/","url":"https:\/\/hubsch-interior.com\/de\/produkt\/soft-teelichthalter-grun\/","name":"Soft Teelichthalter Gr\u00fcn - H\u00fcbsch","isPartOf":{"@id":"https:\/\/hubsch-interior.com\/de\/#website"},"primaryImageOfPage":{"@id":"https:\/\/hubsch-interior.com\/de\/produkt\/soft-teelichthalter-grun\/#primaryimage"},"image":{"@id":"https:\/\/hubsch-interior.com\/de\/produkt\/soft-teelichthalter-grun\/#primaryimage"},"thumbnailUrl":"https:\/\/hubsch-interior.com\/wp-content\/uploads\/2026\/02\/soft-tealight-holder-green-1906393747caa52a4e66d8f02e09b830.jpg","datePublished":"2022-02-08T14:58:14+00:00","dateModified":"2026-04-09T03:16:16+00:00","description":"Gorgeous in Gr\u00fcn. Wir sind verr\u00fcckt nach diesem gr\u00fcnen pulverbeschichteten Teelichthalter. Stellen Sie ihn einfach an jeder beliebigen Stelle auf \u2013 in","breadcrumb":{"@id":"https:\/\/hubsch-interior.com\/de\/produkt\/soft-teelichthalter-grun\/#breadcrumb"},"inLanguage":"de","potentialAction":[{"@type":"ReadAction","target":["https:\/\/hubsch-interior.com\/de\/produkt\/soft-teelichthalter-grun\/"]}]},{"@type":"ImageObject","inLanguage":"de","@id":"https:\/\/hubsch-interior.com\/de\/produkt\/soft-teelichthalter-grun\/#primaryimage","url":"https:\/\/hubsch-interior.com\/wp-content\/uploads\/2026\/02\/soft-tealight-holder-green-1906393747caa52a4e66d8f02e09b830.jpg","contentUrl":"https:\/\/hubsch-interior.com\/wp-content\/uploads\/2026\/02\/soft-tealight-holder-green-1906393747caa52a4e66d8f02e09b830.jpg","width":1024,"height":1024},{"@type":"BreadcrumbList","@id":"https:\/\/hubsch-interior.com\/de\/produkt\/soft-teelichthalter-grun\/#breadcrumb","itemListElement":[{"@type":"ListItem","position":1,"name":"Startseite","item":"https:\/\/hubsch-interior.com\/de\/"},{"@type":"ListItem","position":2,"name":"Produkte","item":"https:\/\/hubsch-interior.com\/de\/shop-2\/"},{"@type":"ListItem","position":3,"name":"Wohnaccessoires","item":"https:\/\/hubsch-interior.com\/de\/produkt-kategorie\/wohnaccessoires\/"},{"@type":"ListItem","position":4,"name":"Kerzenst&auml;nder &amp; Laternen","item":"https:\/\/hubsch-interior.com\/de\/produkt-kategorie\/wohnaccessoires\/kerzenstaender-laternen-de\/"},{"@type":"ListItem","position":5,"name":"Kerzenst&auml;nder","item":"https:\/\/hubsch-interior.com\/de\/produkt-kategorie\/wohnaccessoires\/kerzenstaender-laternen-de\/kerzenstaender-de\/"},{"@type":"ListItem","position":6,"name":"Soft Teelichthalter Gr\u00fcn"}]},{"@type":"WebSite","@id":"https:\/\/hubsch-interior.com\/de\/#website","url":"https:\/\/hubsch-interior.com\/de\/","name":"H\u00fcbsch","description":"Danish Home Interior and Design","publisher":{"@id":"https:\/\/hubsch-interior.com\/de\/#organization"},"potentialAction":[{"@type":"SearchAction","target":{"@type":"EntryPoint","urlTemplate":"https:\/\/hubsch-interior.com\/de\/?s={search_term_string}"},"query-input":{"@type":"PropertyValueSpecification","valueRequired":true,"valueName":"search_term_string"}}],"inLanguage":"de"},{"@type":"Organization","@id":"https:\/\/hubsch-interior.com\/de\/#organization","name":"H\u00fcbsch","url":"https:\/\/hubsch-interior.com\/de\/","logo":{"@type":"ImageObject","inLanguage":"de","@id":"https:\/\/hubsch-interior.com\/de\/#\/schema\/logo\/image\/","url":"https:\/\/hubsch-interior.com\/wp-content\/uploads\/2022\/12\/Hubsch_logo_black_one_line.svg","contentUrl":"https:\/\/hubsch-interior.com\/wp-content\/uploads\/2022\/12\/Hubsch_logo_black_one_line.svg","caption":"H\u00fcbsch"},"image":{"@id":"https:\/\/hubsch-interior.com\/de\/#\/schema\/logo\/image\/"}}]}},"_links":{"self":[{"href":"https:\/\/hubsch-interior.com\/de\/wp-json\/wp\/v2\/product\/742630","targetHints":{"allow":["GET"]}}],"collection":[{"href":"https:\/\/hubsch-interior.com\/de\/wp-json\/wp\/v2\/product"}],"about":[{"href":"https:\/\/hubsch-interior.com\/de\/wp-json\/wp\/v2\/types\/product"}],"wp:featuredmedia":[{"embeddable":true,"href":"https:\/\/hubsch-interior.com\/de\/wp-json\/wp\/v2\/media\/1114597"}],"wp:attachment":[{"href":"https:\/\/hubsch-interior.com\/de\/wp-json\/wp\/v2\/media?parent=742630"}],"wp:term":[{"taxonomy":"product_brand","embeddable":true,"href":"https:\/\/hubsch-interior.com\/de\/wp-json\/wp\/v2\/product_brand?post=742630"},{"taxonomy":"product_cat","embeddable":true,"href":"https:\/\/hubsch-interior.com\/de\/wp-json\/wp\/v2\/product_cat?post=742630"},{"taxonomy":"product_tag","embeddable":true,"href":"https:\/\/hubsch-interior.com\/de\/wp-json\/wp\/v2\/product_tag?post=742630"}],"curies":[{"name":"wp","href":"https:\/\/api.w.org\/{rel}","templated":true}]}}