{"id":742670,"date":"2022-02-08T15:58:26","date_gmt":"2022-02-08T14:58:26","guid":{"rendered":"https:\/\/hubsch-interior.com\/product\/product\/"},"modified":"2026-04-10T05:16:50","modified_gmt":"2026-04-10T03:16:50","slug":"vale-gieskanne-7l-khaki","status":"publish","type":"product","link":"https:\/\/hubsch-interior.com\/de\/produkt\/vale-gieskanne-7l-khaki\/","title":{"rendered":"Vale Gie\u00dfkanne 7L Khaki"},"content":{"rendered":"<p>Dies ist eine Gie\u00dfkanne, die Sie nicht verstecken m\u00fcssen. Sie ist nicht nur praktisch, wenn Ihre Sommerblumen durstig sind, sondern wird auch eine gro\u00dfe Rolle in Ihrer Terrassendekoration spielen. Sehen Sie sie sich nur an. Die Gie\u00dfkanne ist gr\u00f6\u00dfer als eine durchschnittliche Gie\u00dfkanne und reicht von vorne bis hinten durch den Garten und um die ganze Terrasse herum, bevor sie wieder mit Wasser gef\u00fcllt werden muss. Wenn Sie fertig sind, setzen Sie sie einfach als Teil Ihrer Blumendekoration in Szene.<\/p>\n","protected":false},"excerpt":{"rendered":"<p>Dies ist eine Gie\u00dfkanne, die Sie nicht verstecken m\u00fcssen. Sie ist nicht nur praktisch, wenn Ihre Sommerblumen durstig sind, sondern wird auch eine gro\u00dfe Rolle in Ihrer Terrassendekoration spielen. Sehen Sie sie sich nur an. Die Gie\u00dfkanne ist gr\u00f6\u00dfer als eine durchschnittliche Gie\u00dfkanne und reicht von vorne bis hinten durch den Garten und um die [&hellip;]<\/p>\n","protected":false},"featured_media":1110086,"template":"","meta":{"_acf_changed":false,"inline_featured_image":false},"product_brand":[],"product_cat":[6349,4916,5017],"product_tag":[],"class_list":{"0":"post-742670","1":"product","2":"type-product","3":"status-publish","4":"has-post-thumbnail","6":"product_cat-garden-selection-de","7":"product_cat-toepfe-giesskannen-de","8":"product_cat-giesskannen-de","9":"product_shipping_class-pk","11":"pa_color-khaki-4","12":"pa_material-eisen-de","14":"first","15":"instock","16":"taxable","17":"shipping-taxable","18":"purchasable","19":"product-type-simple"},"exclude_global_add_ons":[],"addons":[],"acf":[],"yoast_head":"<!-- This site is optimized with the Yoast SEO plugin v26.4 - https:\/\/yoast.com\/wordpress\/plugins\/seo\/ -->\n<title>Vale Gie\u00dfkanne 7L Khaki - H\u00fcbsch<\/title>\n<meta name=\"description\" content=\"Dies ist eine Gie\u00dfkanne, die Sie nicht verstecken m\u00fcssen. Sie ist nicht nur praktisch, wenn Ihre Sommerblumen durstig sind, sondern wird auch eine gro\u00dfe\" \/>\n<meta name=\"robots\" content=\"index, follow, max-snippet:-1, max-image-preview:large, max-video-preview:-1\" \/>\n<link rel=\"canonical\" href=\"https:\/\/hubsch-interior.com\/de\/wp-json\/wp\/v2\/product\/742670\" \/>\n<meta property=\"og:locale\" content=\"de_DE\" \/>\n<meta property=\"og:type\" content=\"article\" \/>\n<meta property=\"og:title\" content=\"Vale Gie\u00dfkanne 7L Khaki - H\u00fcbsch\" \/>\n<meta property=\"og:description\" content=\"Dies ist eine Gie\u00dfkanne, die Sie nicht verstecken m\u00fcssen. Sie ist nicht nur praktisch, wenn Ihre Sommerblumen durstig sind, sondern wird auch eine gro\u00dfe\" \/>\n<meta property=\"og:url\" content=\"https:\/\/hubsch-interior.com\/de\/produkt\/vale-gieskanne-7l-khaki\/\" \/>\n<meta property=\"og:site_name\" content=\"H\u00fcbsch\" \/>\n<meta property=\"article:modified_time\" content=\"2026-04-10T03:16:50+00:00\" \/>\n<meta property=\"og:image\" content=\"https:\/\/hubsch-interior.com\/wp-content\/uploads\/2025\/05\/vale-watering-can-7l-khaki-d984993ad8fae3d571353d770bdc9432.jpg\" \/>\n\t<meta property=\"og:image:width\" content=\"1200\" \/>\n\t<meta property=\"og:image:height\" content=\"1200\" \/>\n\t<meta property=\"og:image:type\" content=\"image\/jpeg\" \/>\n<meta name=\"twitter:card\" content=\"summary_large_image\" \/>\n<script type=\"application\/ld+json\" class=\"yoast-schema-graph\">{\"@context\":\"https:\/\/schema.org\",\"@graph\":[{\"@type\":\"WebPage\",\"@id\":\"https:\/\/hubsch-interior.com\/de\/produkt\/vale-gieskanne-7l-khaki\/\",\"url\":\"https:\/\/hubsch-interior.com\/de\/produkt\/vale-gieskanne-7l-khaki\/\",\"name\":\"Vale Gie\u00dfkanne 7L Khaki - H\u00fcbsch\",\"isPartOf\":{\"@id\":\"https:\/\/hubsch-interior.com\/de\/#website\"},\"primaryImageOfPage\":{\"@id\":\"https:\/\/hubsch-interior.com\/de\/produkt\/vale-gieskanne-7l-khaki\/#primaryimage\"},\"image\":{\"@id\":\"https:\/\/hubsch-interior.com\/de\/produkt\/vale-gieskanne-7l-khaki\/#primaryimage\"},\"thumbnailUrl\":\"https:\/\/hubsch-interior.com\/wp-content\/uploads\/2026\/02\/vale-watering-can-7l-khaki-ad15e2f119634fe4fe4ef504a422fe00.jpg\",\"datePublished\":\"2022-02-08T14:58:26+00:00\",\"dateModified\":\"2026-04-10T03:16:50+00:00\",\"description\":\"Dies ist eine Gie\u00dfkanne, die Sie nicht verstecken m\u00fcssen. Sie ist nicht nur praktisch, wenn Ihre Sommerblumen durstig sind, sondern wird auch eine gro\u00dfe\",\"breadcrumb\":{\"@id\":\"https:\/\/hubsch-interior.com\/de\/produkt\/vale-gieskanne-7l-khaki\/#breadcrumb\"},\"inLanguage\":\"de\",\"potentialAction\":[{\"@type\":\"ReadAction\",\"target\":[\"https:\/\/hubsch-interior.com\/de\/produkt\/vale-gieskanne-7l-khaki\/\"]}]},{\"@type\":\"ImageObject\",\"inLanguage\":\"de\",\"@id\":\"https:\/\/hubsch-interior.com\/de\/produkt\/vale-gieskanne-7l-khaki\/#primaryimage\",\"url\":\"https:\/\/hubsch-interior.com\/wp-content\/uploads\/2026\/02\/vale-watering-can-7l-khaki-ad15e2f119634fe4fe4ef504a422fe00.jpg\",\"contentUrl\":\"https:\/\/hubsch-interior.com\/wp-content\/uploads\/2026\/02\/vale-watering-can-7l-khaki-ad15e2f119634fe4fe4ef504a422fe00.jpg\",\"width\":1024,\"height\":1024},{\"@type\":\"BreadcrumbList\",\"@id\":\"https:\/\/hubsch-interior.com\/de\/produkt\/vale-gieskanne-7l-khaki\/#breadcrumb\",\"itemListElement\":[{\"@type\":\"ListItem\",\"position\":1,\"name\":\"Startseite\",\"item\":\"https:\/\/hubsch-interior.com\/de\/\"},{\"@type\":\"ListItem\",\"position\":2,\"name\":\"Produkte\",\"item\":\"https:\/\/hubsch-interior.com\/de\/shop-2\/\"},{\"@type\":\"ListItem\",\"position\":3,\"name\":\"Wohnaccessoires\",\"item\":\"https:\/\/hubsch-interior.com\/de\/produkt-kategorie\/wohnaccessoires\/\"},{\"@type\":\"ListItem\",\"position\":4,\"name\":\"T&ouml;pfe &amp; Gie&szlig;kannen\",\"item\":\"https:\/\/hubsch-interior.com\/de\/produkt-kategorie\/wohnaccessoires\/toepfe-giesskannen-de\/\"},{\"@type\":\"ListItem\",\"position\":5,\"name\":\"Gie&szlig;kannen\",\"item\":\"https:\/\/hubsch-interior.com\/de\/produkt-kategorie\/wohnaccessoires\/toepfe-giesskannen-de\/giesskannen-de\/\"},{\"@type\":\"ListItem\",\"position\":6,\"name\":\"Vale Gie\u00dfkanne 7L Khaki\"}]},{\"@type\":\"WebSite\",\"@id\":\"https:\/\/hubsch-interior.com\/de\/#website\",\"url\":\"https:\/\/hubsch-interior.com\/de\/\",\"name\":\"H\u00fcbsch\",\"description\":\"Danish Home Interior and Design\",\"publisher\":{\"@id\":\"https:\/\/hubsch-interior.com\/de\/#organization\"},\"potentialAction\":[{\"@type\":\"SearchAction\",\"target\":{\"@type\":\"EntryPoint\",\"urlTemplate\":\"https:\/\/hubsch-interior.com\/de\/?s={search_term_string}\"},\"query-input\":{\"@type\":\"PropertyValueSpecification\",\"valueRequired\":true,\"valueName\":\"search_term_string\"}}],\"inLanguage\":\"de\"},{\"@type\":\"Organization\",\"@id\":\"https:\/\/hubsch-interior.com\/de\/#organization\",\"name\":\"H\u00fcbsch\",\"url\":\"https:\/\/hubsch-interior.com\/de\/\",\"logo\":{\"@type\":\"ImageObject\",\"inLanguage\":\"de\",\"@id\":\"https:\/\/hubsch-interior.com\/de\/#\/schema\/logo\/image\/\",\"url\":\"https:\/\/hubsch-interior.com\/wp-content\/uploads\/2022\/12\/Hubsch_logo_black_one_line.svg\",\"contentUrl\":\"https:\/\/hubsch-interior.com\/wp-content\/uploads\/2022\/12\/Hubsch_logo_black_one_line.svg\",\"caption\":\"H\u00fcbsch\"},\"image\":{\"@id\":\"https:\/\/hubsch-interior.com\/de\/#\/schema\/logo\/image\/\"}}]}<\/script>\n<!-- \/ Yoast SEO plugin. -->","yoast_head_json":{"title":"Vale Gie\u00dfkanne 7L Khaki - H\u00fcbsch","description":"Dies ist eine Gie\u00dfkanne, die Sie nicht verstecken m\u00fcssen. Sie ist nicht nur praktisch, wenn Ihre Sommerblumen durstig sind, sondern wird auch eine gro\u00dfe","robots":{"index":"index","follow":"follow","max-snippet":"max-snippet:-1","max-image-preview":"max-image-preview:large","max-video-preview":"max-video-preview:-1"},"canonical":"https:\/\/hubsch-interior.com\/de\/wp-json\/wp\/v2\/product\/742670","og_locale":"de_DE","og_type":"article","og_title":"Vale Gie\u00dfkanne 7L Khaki - H\u00fcbsch","og_description":"Dies ist eine Gie\u00dfkanne, die Sie nicht verstecken m\u00fcssen. Sie ist nicht nur praktisch, wenn Ihre Sommerblumen durstig sind, sondern wird auch eine gro\u00dfe","og_url":"https:\/\/hubsch-interior.com\/de\/produkt\/vale-gieskanne-7l-khaki\/","og_site_name":"H\u00fcbsch","article_modified_time":"2026-04-10T03:16:50+00:00","og_image":[{"width":1200,"height":1200,"url":"https:\/\/hubsch-interior.com\/wp-content\/uploads\/2025\/05\/vale-watering-can-7l-khaki-d984993ad8fae3d571353d770bdc9432.jpg","type":"image\/jpeg"}],"twitter_card":"summary_large_image","schema":{"@context":"https:\/\/schema.org","@graph":[{"@type":"WebPage","@id":"https:\/\/hubsch-interior.com\/de\/produkt\/vale-gieskanne-7l-khaki\/","url":"https:\/\/hubsch-interior.com\/de\/produkt\/vale-gieskanne-7l-khaki\/","name":"Vale Gie\u00dfkanne 7L Khaki - H\u00fcbsch","isPartOf":{"@id":"https:\/\/hubsch-interior.com\/de\/#website"},"primaryImageOfPage":{"@id":"https:\/\/hubsch-interior.com\/de\/produkt\/vale-gieskanne-7l-khaki\/#primaryimage"},"image":{"@id":"https:\/\/hubsch-interior.com\/de\/produkt\/vale-gieskanne-7l-khaki\/#primaryimage"},"thumbnailUrl":"https:\/\/hubsch-interior.com\/wp-content\/uploads\/2026\/02\/vale-watering-can-7l-khaki-ad15e2f119634fe4fe4ef504a422fe00.jpg","datePublished":"2022-02-08T14:58:26+00:00","dateModified":"2026-04-10T03:16:50+00:00","description":"Dies ist eine Gie\u00dfkanne, die Sie nicht verstecken m\u00fcssen. Sie ist nicht nur praktisch, wenn Ihre Sommerblumen durstig sind, sondern wird auch eine gro\u00dfe","breadcrumb":{"@id":"https:\/\/hubsch-interior.com\/de\/produkt\/vale-gieskanne-7l-khaki\/#breadcrumb"},"inLanguage":"de","potentialAction":[{"@type":"ReadAction","target":["https:\/\/hubsch-interior.com\/de\/produkt\/vale-gieskanne-7l-khaki\/"]}]},{"@type":"ImageObject","inLanguage":"de","@id":"https:\/\/hubsch-interior.com\/de\/produkt\/vale-gieskanne-7l-khaki\/#primaryimage","url":"https:\/\/hubsch-interior.com\/wp-content\/uploads\/2026\/02\/vale-watering-can-7l-khaki-ad15e2f119634fe4fe4ef504a422fe00.jpg","contentUrl":"https:\/\/hubsch-interior.com\/wp-content\/uploads\/2026\/02\/vale-watering-can-7l-khaki-ad15e2f119634fe4fe4ef504a422fe00.jpg","width":1024,"height":1024},{"@type":"BreadcrumbList","@id":"https:\/\/hubsch-interior.com\/de\/produkt\/vale-gieskanne-7l-khaki\/#breadcrumb","itemListElement":[{"@type":"ListItem","position":1,"name":"Startseite","item":"https:\/\/hubsch-interior.com\/de\/"},{"@type":"ListItem","position":2,"name":"Produkte","item":"https:\/\/hubsch-interior.com\/de\/shop-2\/"},{"@type":"ListItem","position":3,"name":"Wohnaccessoires","item":"https:\/\/hubsch-interior.com\/de\/produkt-kategorie\/wohnaccessoires\/"},{"@type":"ListItem","position":4,"name":"T&ouml;pfe &amp; Gie&szlig;kannen","item":"https:\/\/hubsch-interior.com\/de\/produkt-kategorie\/wohnaccessoires\/toepfe-giesskannen-de\/"},{"@type":"ListItem","position":5,"name":"Gie&szlig;kannen","item":"https:\/\/hubsch-interior.com\/de\/produkt-kategorie\/wohnaccessoires\/toepfe-giesskannen-de\/giesskannen-de\/"},{"@type":"ListItem","position":6,"name":"Vale Gie\u00dfkanne 7L Khaki"}]},{"@type":"WebSite","@id":"https:\/\/hubsch-interior.com\/de\/#website","url":"https:\/\/hubsch-interior.com\/de\/","name":"H\u00fcbsch","description":"Danish Home Interior and Design","publisher":{"@id":"https:\/\/hubsch-interior.com\/de\/#organization"},"potentialAction":[{"@type":"SearchAction","target":{"@type":"EntryPoint","urlTemplate":"https:\/\/hubsch-interior.com\/de\/?s={search_term_string}"},"query-input":{"@type":"PropertyValueSpecification","valueRequired":true,"valueName":"search_term_string"}}],"inLanguage":"de"},{"@type":"Organization","@id":"https:\/\/hubsch-interior.com\/de\/#organization","name":"H\u00fcbsch","url":"https:\/\/hubsch-interior.com\/de\/","logo":{"@type":"ImageObject","inLanguage":"de","@id":"https:\/\/hubsch-interior.com\/de\/#\/schema\/logo\/image\/","url":"https:\/\/hubsch-interior.com\/wp-content\/uploads\/2022\/12\/Hubsch_logo_black_one_line.svg","contentUrl":"https:\/\/hubsch-interior.com\/wp-content\/uploads\/2022\/12\/Hubsch_logo_black_one_line.svg","caption":"H\u00fcbsch"},"image":{"@id":"https:\/\/hubsch-interior.com\/de\/#\/schema\/logo\/image\/"}}]}},"_links":{"self":[{"href":"https:\/\/hubsch-interior.com\/de\/wp-json\/wp\/v2\/product\/742670","targetHints":{"allow":["GET"]}}],"collection":[{"href":"https:\/\/hubsch-interior.com\/de\/wp-json\/wp\/v2\/product"}],"about":[{"href":"https:\/\/hubsch-interior.com\/de\/wp-json\/wp\/v2\/types\/product"}],"wp:featuredmedia":[{"embeddable":true,"href":"https:\/\/hubsch-interior.com\/de\/wp-json\/wp\/v2\/media\/1110086"}],"wp:attachment":[{"href":"https:\/\/hubsch-interior.com\/de\/wp-json\/wp\/v2\/media?parent=742670"}],"wp:term":[{"taxonomy":"product_brand","embeddable":true,"href":"https:\/\/hubsch-interior.com\/de\/wp-json\/wp\/v2\/product_brand?post=742670"},{"taxonomy":"product_cat","embeddable":true,"href":"https:\/\/hubsch-interior.com\/de\/wp-json\/wp\/v2\/product_cat?post=742670"},{"taxonomy":"product_tag","embeddable":true,"href":"https:\/\/hubsch-interior.com\/de\/wp-json\/wp\/v2\/product_tag?post=742670"}],"curies":[{"name":"wp","href":"https:\/\/api.w.org\/{rel}","templated":true}]}}