{"id":742678,"date":"2022-02-08T15:58:31","date_gmt":"2022-02-08T14:58:31","guid":{"rendered":"https:\/\/hubsch-interior.com\/product\/product\/"},"modified":"2026-04-09T05:16:23","modified_gmt":"2026-04-09T03:16:23","slug":"piccolo-haken-bruniertes-messing","status":"publish","type":"product","link":"https:\/\/hubsch-interior.com\/de\/produkt\/piccolo-haken-bruniertes-messing\/","title":{"rendered":"Piccolo Haken Br\u00fcniertes messing"},"content":{"rendered":"<p>Wenn Sie auf der Suche nach einem einzigartigen Haken sind, k\u00f6nnte dieser kleine Haken in br\u00fcniertem Messing der richtige f\u00fcr Sie sein. Er hat eine unaufdringliche Eleganz und passt in jede Einrichtung, ob modern, rustikal oder romantisch. Wir sehen ihn an Ihrer K\u00fcchen- oder Badezimmerwand \u2013 allein oder in einer Dreier- oder Viererreihe.<\/p>\n","protected":false},"excerpt":{"rendered":"<p>Wenn Sie auf der Suche nach einem einzigartigen Haken sind, k\u00f6nnte dieser kleine Haken in br\u00fcniertem Messing der richtige f\u00fcr Sie sein. Er hat eine unaufdringliche Eleganz und passt in jede Einrichtung, ob modern, rustikal oder romantisch. Wir sehen ihn an Ihrer K\u00fcchen- oder Badezimmerwand \u2013 allein oder in einer Dreier- oder Viererreihe.<\/p>\n","protected":false},"featured_media":1110102,"template":"","meta":{"_acf_changed":false,"inline_featured_image":false},"product_brand":[],"product_cat":[6944,7067,7073,4043,4108,5027,5031],"product_tag":[],"class_list":{"0":"post-742678","1":"product","2":"type-product","3":"status-publish","4":"has-post-thumbnail","6":"product_cat-bestseller-2025-de","7":"product_cat-kuchen-haken-de","8":"product_cat-haken-regale-de","9":"product_cat-haken-und-hakenleisten-de","10":"product_cat-haken-de","11":"product_cat-bestsellers-de","12":"product_cat-wieder-auf-lager-de","13":"product_shipping_class-pk","15":"pa_color-brniertes-messing","16":"pa_material-eisen-de","18":"first","19":"instock","20":"featured","21":"taxable","22":"shipping-taxable","23":"purchasable","24":"product-type-simple"},"exclude_global_add_ons":[],"addons":[],"acf":[],"yoast_head":"<!-- This site is optimized with the Yoast SEO plugin v26.4 - https:\/\/yoast.com\/wordpress\/plugins\/seo\/ -->\n<title>Piccolo Haken Br\u00fcniertes messing - H\u00fcbsch<\/title>\n<meta name=\"description\" content=\"Wenn Sie auf der Suche nach einem einzigartigen Haken sind, k\u00f6nnte dieser kleine Haken in br\u00fcniertem Messing der richtige f\u00fcr Sie sein. Er hat eine\" \/>\n<meta name=\"robots\" content=\"index, follow, max-snippet:-1, max-image-preview:large, max-video-preview:-1\" \/>\n<link rel=\"canonical\" href=\"https:\/\/hubsch-interior.com\/de\/wp-json\/wp\/v2\/product\/742678\" \/>\n<meta property=\"og:locale\" content=\"de_DE\" \/>\n<meta property=\"og:type\" content=\"article\" \/>\n<meta property=\"og:title\" content=\"Piccolo Haken Br\u00fcniertes messing - H\u00fcbsch\" \/>\n<meta property=\"og:description\" content=\"Wenn Sie auf der Suche nach einem einzigartigen Haken sind, k\u00f6nnte dieser kleine Haken in br\u00fcniertem Messing der richtige f\u00fcr Sie sein. Er hat eine\" \/>\n<meta property=\"og:url\" content=\"https:\/\/hubsch-interior.com\/de\/produkt\/piccolo-haken-bruniertes-messing\/\" \/>\n<meta property=\"og:site_name\" content=\"H\u00fcbsch\" \/>\n<meta property=\"article:modified_time\" content=\"2026-04-09T03:16:23+00:00\" \/>\n<meta property=\"og:image\" content=\"https:\/\/hubsch-interior.com\/wp-content\/uploads\/2025\/05\/piccolo-hook-burnished-brass-fbadd25306a0130593c325dd507f42c0.jpg\" \/>\n\t<meta property=\"og:image:width\" content=\"1200\" \/>\n\t<meta property=\"og:image:height\" content=\"1200\" \/>\n\t<meta property=\"og:image:type\" content=\"image\/jpeg\" \/>\n<meta name=\"twitter:card\" content=\"summary_large_image\" \/>\n<script type=\"application\/ld+json\" class=\"yoast-schema-graph\">{\"@context\":\"https:\/\/schema.org\",\"@graph\":[{\"@type\":\"WebPage\",\"@id\":\"https:\/\/hubsch-interior.com\/de\/produkt\/piccolo-haken-bruniertes-messing\/\",\"url\":\"https:\/\/hubsch-interior.com\/de\/produkt\/piccolo-haken-bruniertes-messing\/\",\"name\":\"Piccolo Haken Br\u00fcniertes messing - H\u00fcbsch\",\"isPartOf\":{\"@id\":\"https:\/\/hubsch-interior.com\/de\/#website\"},\"primaryImageOfPage\":{\"@id\":\"https:\/\/hubsch-interior.com\/de\/produkt\/piccolo-haken-bruniertes-messing\/#primaryimage\"},\"image\":{\"@id\":\"https:\/\/hubsch-interior.com\/de\/produkt\/piccolo-haken-bruniertes-messing\/#primaryimage\"},\"thumbnailUrl\":\"https:\/\/hubsch-interior.com\/wp-content\/uploads\/2026\/02\/piccolo-hook-burnished-brass-e88f3b44298bc5b3e88426189905a6de.jpg\",\"datePublished\":\"2022-02-08T14:58:31+00:00\",\"dateModified\":\"2026-04-09T03:16:23+00:00\",\"description\":\"Wenn Sie auf der Suche nach einem einzigartigen Haken sind, k\u00f6nnte dieser kleine Haken in br\u00fcniertem Messing der richtige f\u00fcr Sie sein. Er hat eine\",\"breadcrumb\":{\"@id\":\"https:\/\/hubsch-interior.com\/de\/produkt\/piccolo-haken-bruniertes-messing\/#breadcrumb\"},\"inLanguage\":\"de\",\"potentialAction\":[{\"@type\":\"ReadAction\",\"target\":[\"https:\/\/hubsch-interior.com\/de\/produkt\/piccolo-haken-bruniertes-messing\/\"]}]},{\"@type\":\"ImageObject\",\"inLanguage\":\"de\",\"@id\":\"https:\/\/hubsch-interior.com\/de\/produkt\/piccolo-haken-bruniertes-messing\/#primaryimage\",\"url\":\"https:\/\/hubsch-interior.com\/wp-content\/uploads\/2026\/02\/piccolo-hook-burnished-brass-e88f3b44298bc5b3e88426189905a6de.jpg\",\"contentUrl\":\"https:\/\/hubsch-interior.com\/wp-content\/uploads\/2026\/02\/piccolo-hook-burnished-brass-e88f3b44298bc5b3e88426189905a6de.jpg\",\"width\":1024,\"height\":1024},{\"@type\":\"BreadcrumbList\",\"@id\":\"https:\/\/hubsch-interior.com\/de\/produkt\/piccolo-haken-bruniertes-messing\/#breadcrumb\",\"itemListElement\":[{\"@type\":\"ListItem\",\"position\":1,\"name\":\"Startseite\",\"item\":\"https:\/\/hubsch-interior.com\/de\/\"},{\"@type\":\"ListItem\",\"position\":2,\"name\":\"Produkte\",\"item\":\"https:\/\/hubsch-interior.com\/de\/shop-2\/\"},{\"@type\":\"ListItem\",\"position\":3,\"name\":\"Wohnaccessoires\",\"item\":\"https:\/\/hubsch-interior.com\/de\/produkt-kategorie\/wohnaccessoires\/\"},{\"@type\":\"ListItem\",\"position\":4,\"name\":\"Haken und Hakenleisten\",\"item\":\"https:\/\/hubsch-interior.com\/de\/produkt-kategorie\/wohnaccessoires\/haken-und-hakenleisten-de\/\"},{\"@type\":\"ListItem\",\"position\":5,\"name\":\"Haken\",\"item\":\"https:\/\/hubsch-interior.com\/de\/produkt-kategorie\/wohnaccessoires\/haken-und-hakenleisten-de\/haken-de\/\"},{\"@type\":\"ListItem\",\"position\":6,\"name\":\"Piccolo Haken Br\u00fcniertes messing\"}]},{\"@type\":\"WebSite\",\"@id\":\"https:\/\/hubsch-interior.com\/de\/#website\",\"url\":\"https:\/\/hubsch-interior.com\/de\/\",\"name\":\"H\u00fcbsch\",\"description\":\"Danish Home Interior and Design\",\"publisher\":{\"@id\":\"https:\/\/hubsch-interior.com\/de\/#organization\"},\"potentialAction\":[{\"@type\":\"SearchAction\",\"target\":{\"@type\":\"EntryPoint\",\"urlTemplate\":\"https:\/\/hubsch-interior.com\/de\/?s={search_term_string}\"},\"query-input\":{\"@type\":\"PropertyValueSpecification\",\"valueRequired\":true,\"valueName\":\"search_term_string\"}}],\"inLanguage\":\"de\"},{\"@type\":\"Organization\",\"@id\":\"https:\/\/hubsch-interior.com\/de\/#organization\",\"name\":\"H\u00fcbsch\",\"url\":\"https:\/\/hubsch-interior.com\/de\/\",\"logo\":{\"@type\":\"ImageObject\",\"inLanguage\":\"de\",\"@id\":\"https:\/\/hubsch-interior.com\/de\/#\/schema\/logo\/image\/\",\"url\":\"https:\/\/hubsch-interior.com\/wp-content\/uploads\/2022\/12\/Hubsch_logo_black_one_line.svg\",\"contentUrl\":\"https:\/\/hubsch-interior.com\/wp-content\/uploads\/2022\/12\/Hubsch_logo_black_one_line.svg\",\"caption\":\"H\u00fcbsch\"},\"image\":{\"@id\":\"https:\/\/hubsch-interior.com\/de\/#\/schema\/logo\/image\/\"}}]}<\/script>\n<!-- \/ Yoast SEO plugin. -->","yoast_head_json":{"title":"Piccolo Haken Br\u00fcniertes messing - H\u00fcbsch","description":"Wenn Sie auf der Suche nach einem einzigartigen Haken sind, k\u00f6nnte dieser kleine Haken in br\u00fcniertem Messing der richtige f\u00fcr Sie sein. Er hat eine","robots":{"index":"index","follow":"follow","max-snippet":"max-snippet:-1","max-image-preview":"max-image-preview:large","max-video-preview":"max-video-preview:-1"},"canonical":"https:\/\/hubsch-interior.com\/de\/wp-json\/wp\/v2\/product\/742678","og_locale":"de_DE","og_type":"article","og_title":"Piccolo Haken Br\u00fcniertes messing - H\u00fcbsch","og_description":"Wenn Sie auf der Suche nach einem einzigartigen Haken sind, k\u00f6nnte dieser kleine Haken in br\u00fcniertem Messing der richtige f\u00fcr Sie sein. Er hat eine","og_url":"https:\/\/hubsch-interior.com\/de\/produkt\/piccolo-haken-bruniertes-messing\/","og_site_name":"H\u00fcbsch","article_modified_time":"2026-04-09T03:16:23+00:00","og_image":[{"width":1200,"height":1200,"url":"https:\/\/hubsch-interior.com\/wp-content\/uploads\/2025\/05\/piccolo-hook-burnished-brass-fbadd25306a0130593c325dd507f42c0.jpg","type":"image\/jpeg"}],"twitter_card":"summary_large_image","schema":{"@context":"https:\/\/schema.org","@graph":[{"@type":"WebPage","@id":"https:\/\/hubsch-interior.com\/de\/produkt\/piccolo-haken-bruniertes-messing\/","url":"https:\/\/hubsch-interior.com\/de\/produkt\/piccolo-haken-bruniertes-messing\/","name":"Piccolo Haken Br\u00fcniertes messing - H\u00fcbsch","isPartOf":{"@id":"https:\/\/hubsch-interior.com\/de\/#website"},"primaryImageOfPage":{"@id":"https:\/\/hubsch-interior.com\/de\/produkt\/piccolo-haken-bruniertes-messing\/#primaryimage"},"image":{"@id":"https:\/\/hubsch-interior.com\/de\/produkt\/piccolo-haken-bruniertes-messing\/#primaryimage"},"thumbnailUrl":"https:\/\/hubsch-interior.com\/wp-content\/uploads\/2026\/02\/piccolo-hook-burnished-brass-e88f3b44298bc5b3e88426189905a6de.jpg","datePublished":"2022-02-08T14:58:31+00:00","dateModified":"2026-04-09T03:16:23+00:00","description":"Wenn Sie auf der Suche nach einem einzigartigen Haken sind, k\u00f6nnte dieser kleine Haken in br\u00fcniertem Messing der richtige f\u00fcr Sie sein. Er hat eine","breadcrumb":{"@id":"https:\/\/hubsch-interior.com\/de\/produkt\/piccolo-haken-bruniertes-messing\/#breadcrumb"},"inLanguage":"de","potentialAction":[{"@type":"ReadAction","target":["https:\/\/hubsch-interior.com\/de\/produkt\/piccolo-haken-bruniertes-messing\/"]}]},{"@type":"ImageObject","inLanguage":"de","@id":"https:\/\/hubsch-interior.com\/de\/produkt\/piccolo-haken-bruniertes-messing\/#primaryimage","url":"https:\/\/hubsch-interior.com\/wp-content\/uploads\/2026\/02\/piccolo-hook-burnished-brass-e88f3b44298bc5b3e88426189905a6de.jpg","contentUrl":"https:\/\/hubsch-interior.com\/wp-content\/uploads\/2026\/02\/piccolo-hook-burnished-brass-e88f3b44298bc5b3e88426189905a6de.jpg","width":1024,"height":1024},{"@type":"BreadcrumbList","@id":"https:\/\/hubsch-interior.com\/de\/produkt\/piccolo-haken-bruniertes-messing\/#breadcrumb","itemListElement":[{"@type":"ListItem","position":1,"name":"Startseite","item":"https:\/\/hubsch-interior.com\/de\/"},{"@type":"ListItem","position":2,"name":"Produkte","item":"https:\/\/hubsch-interior.com\/de\/shop-2\/"},{"@type":"ListItem","position":3,"name":"Wohnaccessoires","item":"https:\/\/hubsch-interior.com\/de\/produkt-kategorie\/wohnaccessoires\/"},{"@type":"ListItem","position":4,"name":"Haken und Hakenleisten","item":"https:\/\/hubsch-interior.com\/de\/produkt-kategorie\/wohnaccessoires\/haken-und-hakenleisten-de\/"},{"@type":"ListItem","position":5,"name":"Haken","item":"https:\/\/hubsch-interior.com\/de\/produkt-kategorie\/wohnaccessoires\/haken-und-hakenleisten-de\/haken-de\/"},{"@type":"ListItem","position":6,"name":"Piccolo Haken Br\u00fcniertes messing"}]},{"@type":"WebSite","@id":"https:\/\/hubsch-interior.com\/de\/#website","url":"https:\/\/hubsch-interior.com\/de\/","name":"H\u00fcbsch","description":"Danish Home Interior and Design","publisher":{"@id":"https:\/\/hubsch-interior.com\/de\/#organization"},"potentialAction":[{"@type":"SearchAction","target":{"@type":"EntryPoint","urlTemplate":"https:\/\/hubsch-interior.com\/de\/?s={search_term_string}"},"query-input":{"@type":"PropertyValueSpecification","valueRequired":true,"valueName":"search_term_string"}}],"inLanguage":"de"},{"@type":"Organization","@id":"https:\/\/hubsch-interior.com\/de\/#organization","name":"H\u00fcbsch","url":"https:\/\/hubsch-interior.com\/de\/","logo":{"@type":"ImageObject","inLanguage":"de","@id":"https:\/\/hubsch-interior.com\/de\/#\/schema\/logo\/image\/","url":"https:\/\/hubsch-interior.com\/wp-content\/uploads\/2022\/12\/Hubsch_logo_black_one_line.svg","contentUrl":"https:\/\/hubsch-interior.com\/wp-content\/uploads\/2022\/12\/Hubsch_logo_black_one_line.svg","caption":"H\u00fcbsch"},"image":{"@id":"https:\/\/hubsch-interior.com\/de\/#\/schema\/logo\/image\/"}}]}},"_links":{"self":[{"href":"https:\/\/hubsch-interior.com\/de\/wp-json\/wp\/v2\/product\/742678","targetHints":{"allow":["GET"]}}],"collection":[{"href":"https:\/\/hubsch-interior.com\/de\/wp-json\/wp\/v2\/product"}],"about":[{"href":"https:\/\/hubsch-interior.com\/de\/wp-json\/wp\/v2\/types\/product"}],"wp:featuredmedia":[{"embeddable":true,"href":"https:\/\/hubsch-interior.com\/de\/wp-json\/wp\/v2\/media\/1110102"}],"wp:attachment":[{"href":"https:\/\/hubsch-interior.com\/de\/wp-json\/wp\/v2\/media?parent=742678"}],"wp:term":[{"taxonomy":"product_brand","embeddable":true,"href":"https:\/\/hubsch-interior.com\/de\/wp-json\/wp\/v2\/product_brand?post=742678"},{"taxonomy":"product_cat","embeddable":true,"href":"https:\/\/hubsch-interior.com\/de\/wp-json\/wp\/v2\/product_cat?post=742678"},{"taxonomy":"product_tag","embeddable":true,"href":"https:\/\/hubsch-interior.com\/de\/wp-json\/wp\/v2\/product_tag?post=742678"}],"curies":[{"name":"wp","href":"https:\/\/api.w.org\/{rel}","templated":true}]}}