{"id":742734,"date":"2022-02-08T15:58:43","date_gmt":"2022-02-08T14:58:43","guid":{"rendered":"https:\/\/hubsch-interior.com\/product\/product\/"},"modified":"2026-04-27T05:21:33","modified_gmt":"2026-04-27T03:21:33","slug":"aki-tischlampe-khaki","status":"publish","type":"product","link":"https:\/\/hubsch-interior.com\/de\/produkt\/aki-tischlampe-khaki\/","title":{"rendered":"Aki Tischlampe Khaki"},"content":{"rendered":"<p>Der samtige Look und die Haptik der Tischleuchte Aki sind wundersch\u00f6n. Der Khakifarbton hat eine au\u00dfergew\u00f6hnliche Tiefe und vermittelt einen Hauch von Luxus im Alltag. Diese schlichte und doch elegante Tischleuchte wird \u00fcberall zum dekorativen Blickfang. Ob vor dem Haus f\u00fcr eine sofortige Wirkung oder in Ihrem Wohnzimmer f\u00fcr eine entspannte Atmosph\u00e4re \u2013 diese Tischlampe wird viel Freude bereiten. Und Licht spenden.<\/p>\n","protected":false},"excerpt":{"rendered":"<p>Der samtige Look und die Haptik der Tischleuchte Aki sind wundersch\u00f6n. Der Khakifarbton hat eine au\u00dfergew\u00f6hnliche Tiefe und vermittelt einen Hauch von Luxus im Alltag. Diese schlichte und doch elegante Tischleuchte wird \u00fcberall zum dekorativen Blickfang. Ob vor dem Haus f\u00fcr eine sofortige Wirkung oder in Ihrem Wohnzimmer f\u00fcr eine entspannte Atmosph\u00e4re \u2013 diese Tischlampe [&hellip;]<\/p>\n","protected":false},"featured_media":1110122,"template":"","meta":{"_acf_changed":false,"inline_featured_image":false},"product_brand":[],"product_cat":[3809,3501,5027],"product_tag":[],"class_list":{"0":"post-742734","1":"product","2":"type-product","3":"status-publish","4":"has-post-thumbnail","6":"product_cat-beleuchtung","7":"product_cat-tischlampen-de","8":"product_cat-bestsellers-de","9":"product_shipping_class-pk","11":"pa_color-khaki-4","12":"pa_material-eisen-de","14":"first","15":"instock","16":"featured","17":"taxable","18":"shipping-taxable","19":"purchasable","20":"product-type-simple"},"exclude_global_add_ons":[],"addons":[],"acf":[],"yoast_head":"<!-- This site is optimized with the Yoast SEO plugin v26.4 - https:\/\/yoast.com\/wordpress\/plugins\/seo\/ -->\n<title>Aki Tischlampe Khaki - H\u00fcbsch<\/title>\n<meta name=\"description\" content=\"Der samtige Look und die Haptik der Tischleuchte Aki sind wundersch\u00f6n. Der Khakifarbton hat eine au\u00dfergew\u00f6hnliche Tiefe und vermittelt einen Hauch von\" \/>\n<meta name=\"robots\" content=\"index, follow, max-snippet:-1, max-image-preview:large, max-video-preview:-1\" \/>\n<link rel=\"canonical\" href=\"https:\/\/hubsch-interior.com\/de\/wp-json\/wp\/v2\/product\/742734\" \/>\n<meta property=\"og:locale\" content=\"de_DE\" \/>\n<meta property=\"og:type\" content=\"article\" \/>\n<meta property=\"og:title\" content=\"Aki Tischlampe Khaki - H\u00fcbsch\" \/>\n<meta property=\"og:description\" content=\"Der samtige Look und die Haptik der Tischleuchte Aki sind wundersch\u00f6n. Der Khakifarbton hat eine au\u00dfergew\u00f6hnliche Tiefe und vermittelt einen Hauch von\" \/>\n<meta property=\"og:url\" content=\"https:\/\/hubsch-interior.com\/de\/produkt\/aki-tischlampe-khaki\/\" \/>\n<meta property=\"og:site_name\" content=\"H\u00fcbsch\" \/>\n<meta property=\"article:modified_time\" content=\"2026-04-27T03:21:33+00:00\" \/>\n<meta property=\"og:image\" content=\"https:\/\/hubsch-interior.com\/wp-content\/uploads\/2024\/01\/aki-table-lamp-khaki-7996bf0ffd90d72eab0d72aef3b91fb9.jpg\" \/>\n\t<meta property=\"og:image:width\" content=\"1200\" \/>\n\t<meta property=\"og:image:height\" content=\"1200\" \/>\n\t<meta property=\"og:image:type\" content=\"image\/jpeg\" \/>\n<meta name=\"twitter:card\" content=\"summary_large_image\" \/>\n<script type=\"application\/ld+json\" class=\"yoast-schema-graph\">{\"@context\":\"https:\/\/schema.org\",\"@graph\":[{\"@type\":\"WebPage\",\"@id\":\"https:\/\/hubsch-interior.com\/de\/produkt\/aki-tischlampe-khaki\/\",\"url\":\"https:\/\/hubsch-interior.com\/de\/produkt\/aki-tischlampe-khaki\/\",\"name\":\"Aki Tischlampe Khaki - H\u00fcbsch\",\"isPartOf\":{\"@id\":\"https:\/\/hubsch-interior.com\/de\/#website\"},\"primaryImageOfPage\":{\"@id\":\"https:\/\/hubsch-interior.com\/de\/produkt\/aki-tischlampe-khaki\/#primaryimage\"},\"image\":{\"@id\":\"https:\/\/hubsch-interior.com\/de\/produkt\/aki-tischlampe-khaki\/#primaryimage\"},\"thumbnailUrl\":\"https:\/\/hubsch-interior.com\/wp-content\/uploads\/2026\/02\/aki-table-lamp-khaki-8500cfbe7cbaa23e2cd14e4f2c5fd146.jpg\",\"datePublished\":\"2022-02-08T14:58:43+00:00\",\"dateModified\":\"2026-04-27T03:21:33+00:00\",\"description\":\"Der samtige Look und die Haptik der Tischleuchte Aki sind wundersch\u00f6n. Der Khakifarbton hat eine au\u00dfergew\u00f6hnliche Tiefe und vermittelt einen Hauch von\",\"breadcrumb\":{\"@id\":\"https:\/\/hubsch-interior.com\/de\/produkt\/aki-tischlampe-khaki\/#breadcrumb\"},\"inLanguage\":\"de\",\"potentialAction\":[{\"@type\":\"ReadAction\",\"target\":[\"https:\/\/hubsch-interior.com\/de\/produkt\/aki-tischlampe-khaki\/\"]}]},{\"@type\":\"ImageObject\",\"inLanguage\":\"de\",\"@id\":\"https:\/\/hubsch-interior.com\/de\/produkt\/aki-tischlampe-khaki\/#primaryimage\",\"url\":\"https:\/\/hubsch-interior.com\/wp-content\/uploads\/2026\/02\/aki-table-lamp-khaki-8500cfbe7cbaa23e2cd14e4f2c5fd146.jpg\",\"contentUrl\":\"https:\/\/hubsch-interior.com\/wp-content\/uploads\/2026\/02\/aki-table-lamp-khaki-8500cfbe7cbaa23e2cd14e4f2c5fd146.jpg\",\"width\":1024,\"height\":1024},{\"@type\":\"BreadcrumbList\",\"@id\":\"https:\/\/hubsch-interior.com\/de\/produkt\/aki-tischlampe-khaki\/#breadcrumb\",\"itemListElement\":[{\"@type\":\"ListItem\",\"position\":1,\"name\":\"Startseite\",\"item\":\"https:\/\/hubsch-interior.com\/de\/\"},{\"@type\":\"ListItem\",\"position\":2,\"name\":\"Produkte\",\"item\":\"https:\/\/hubsch-interior.com\/de\/shop-2\/\"},{\"@type\":\"ListItem\",\"position\":3,\"name\":\"Beleuchtung\",\"item\":\"https:\/\/hubsch-interior.com\/de\/produkt-kategorie\/beleuchtung\/\"},{\"@type\":\"ListItem\",\"position\":4,\"name\":\"Tischlampen\",\"item\":\"https:\/\/hubsch-interior.com\/de\/produkt-kategorie\/beleuchtung\/tischlampen-de\/\"},{\"@type\":\"ListItem\",\"position\":5,\"name\":\"Aki Tischlampe Khaki\"}]},{\"@type\":\"WebSite\",\"@id\":\"https:\/\/hubsch-interior.com\/de\/#website\",\"url\":\"https:\/\/hubsch-interior.com\/de\/\",\"name\":\"H\u00fcbsch\",\"description\":\"Danish Home Interior and Design\",\"publisher\":{\"@id\":\"https:\/\/hubsch-interior.com\/de\/#organization\"},\"potentialAction\":[{\"@type\":\"SearchAction\",\"target\":{\"@type\":\"EntryPoint\",\"urlTemplate\":\"https:\/\/hubsch-interior.com\/de\/?s={search_term_string}\"},\"query-input\":{\"@type\":\"PropertyValueSpecification\",\"valueRequired\":true,\"valueName\":\"search_term_string\"}}],\"inLanguage\":\"de\"},{\"@type\":\"Organization\",\"@id\":\"https:\/\/hubsch-interior.com\/de\/#organization\",\"name\":\"H\u00fcbsch\",\"url\":\"https:\/\/hubsch-interior.com\/de\/\",\"logo\":{\"@type\":\"ImageObject\",\"inLanguage\":\"de\",\"@id\":\"https:\/\/hubsch-interior.com\/de\/#\/schema\/logo\/image\/\",\"url\":\"https:\/\/hubsch-interior.com\/wp-content\/uploads\/2022\/12\/Hubsch_logo_black_one_line.svg\",\"contentUrl\":\"https:\/\/hubsch-interior.com\/wp-content\/uploads\/2022\/12\/Hubsch_logo_black_one_line.svg\",\"caption\":\"H\u00fcbsch\"},\"image\":{\"@id\":\"https:\/\/hubsch-interior.com\/de\/#\/schema\/logo\/image\/\"}}]}<\/script>\n<!-- \/ Yoast SEO plugin. -->","yoast_head_json":{"title":"Aki Tischlampe Khaki - H\u00fcbsch","description":"Der samtige Look und die Haptik der Tischleuchte Aki sind wundersch\u00f6n. Der Khakifarbton hat eine au\u00dfergew\u00f6hnliche Tiefe und vermittelt einen Hauch von","robots":{"index":"index","follow":"follow","max-snippet":"max-snippet:-1","max-image-preview":"max-image-preview:large","max-video-preview":"max-video-preview:-1"},"canonical":"https:\/\/hubsch-interior.com\/de\/wp-json\/wp\/v2\/product\/742734","og_locale":"de_DE","og_type":"article","og_title":"Aki Tischlampe Khaki - H\u00fcbsch","og_description":"Der samtige Look und die Haptik der Tischleuchte Aki sind wundersch\u00f6n. Der Khakifarbton hat eine au\u00dfergew\u00f6hnliche Tiefe und vermittelt einen Hauch von","og_url":"https:\/\/hubsch-interior.com\/de\/produkt\/aki-tischlampe-khaki\/","og_site_name":"H\u00fcbsch","article_modified_time":"2026-04-27T03:21:33+00:00","og_image":[{"width":1200,"height":1200,"url":"https:\/\/hubsch-interior.com\/wp-content\/uploads\/2024\/01\/aki-table-lamp-khaki-7996bf0ffd90d72eab0d72aef3b91fb9.jpg","type":"image\/jpeg"}],"twitter_card":"summary_large_image","schema":{"@context":"https:\/\/schema.org","@graph":[{"@type":"WebPage","@id":"https:\/\/hubsch-interior.com\/de\/produkt\/aki-tischlampe-khaki\/","url":"https:\/\/hubsch-interior.com\/de\/produkt\/aki-tischlampe-khaki\/","name":"Aki Tischlampe Khaki - H\u00fcbsch","isPartOf":{"@id":"https:\/\/hubsch-interior.com\/de\/#website"},"primaryImageOfPage":{"@id":"https:\/\/hubsch-interior.com\/de\/produkt\/aki-tischlampe-khaki\/#primaryimage"},"image":{"@id":"https:\/\/hubsch-interior.com\/de\/produkt\/aki-tischlampe-khaki\/#primaryimage"},"thumbnailUrl":"https:\/\/hubsch-interior.com\/wp-content\/uploads\/2026\/02\/aki-table-lamp-khaki-8500cfbe7cbaa23e2cd14e4f2c5fd146.jpg","datePublished":"2022-02-08T14:58:43+00:00","dateModified":"2026-04-27T03:21:33+00:00","description":"Der samtige Look und die Haptik der Tischleuchte Aki sind wundersch\u00f6n. Der Khakifarbton hat eine au\u00dfergew\u00f6hnliche Tiefe und vermittelt einen Hauch von","breadcrumb":{"@id":"https:\/\/hubsch-interior.com\/de\/produkt\/aki-tischlampe-khaki\/#breadcrumb"},"inLanguage":"de","potentialAction":[{"@type":"ReadAction","target":["https:\/\/hubsch-interior.com\/de\/produkt\/aki-tischlampe-khaki\/"]}]},{"@type":"ImageObject","inLanguage":"de","@id":"https:\/\/hubsch-interior.com\/de\/produkt\/aki-tischlampe-khaki\/#primaryimage","url":"https:\/\/hubsch-interior.com\/wp-content\/uploads\/2026\/02\/aki-table-lamp-khaki-8500cfbe7cbaa23e2cd14e4f2c5fd146.jpg","contentUrl":"https:\/\/hubsch-interior.com\/wp-content\/uploads\/2026\/02\/aki-table-lamp-khaki-8500cfbe7cbaa23e2cd14e4f2c5fd146.jpg","width":1024,"height":1024},{"@type":"BreadcrumbList","@id":"https:\/\/hubsch-interior.com\/de\/produkt\/aki-tischlampe-khaki\/#breadcrumb","itemListElement":[{"@type":"ListItem","position":1,"name":"Startseite","item":"https:\/\/hubsch-interior.com\/de\/"},{"@type":"ListItem","position":2,"name":"Produkte","item":"https:\/\/hubsch-interior.com\/de\/shop-2\/"},{"@type":"ListItem","position":3,"name":"Beleuchtung","item":"https:\/\/hubsch-interior.com\/de\/produkt-kategorie\/beleuchtung\/"},{"@type":"ListItem","position":4,"name":"Tischlampen","item":"https:\/\/hubsch-interior.com\/de\/produkt-kategorie\/beleuchtung\/tischlampen-de\/"},{"@type":"ListItem","position":5,"name":"Aki Tischlampe Khaki"}]},{"@type":"WebSite","@id":"https:\/\/hubsch-interior.com\/de\/#website","url":"https:\/\/hubsch-interior.com\/de\/","name":"H\u00fcbsch","description":"Danish Home Interior and Design","publisher":{"@id":"https:\/\/hubsch-interior.com\/de\/#organization"},"potentialAction":[{"@type":"SearchAction","target":{"@type":"EntryPoint","urlTemplate":"https:\/\/hubsch-interior.com\/de\/?s={search_term_string}"},"query-input":{"@type":"PropertyValueSpecification","valueRequired":true,"valueName":"search_term_string"}}],"inLanguage":"de"},{"@type":"Organization","@id":"https:\/\/hubsch-interior.com\/de\/#organization","name":"H\u00fcbsch","url":"https:\/\/hubsch-interior.com\/de\/","logo":{"@type":"ImageObject","inLanguage":"de","@id":"https:\/\/hubsch-interior.com\/de\/#\/schema\/logo\/image\/","url":"https:\/\/hubsch-interior.com\/wp-content\/uploads\/2022\/12\/Hubsch_logo_black_one_line.svg","contentUrl":"https:\/\/hubsch-interior.com\/wp-content\/uploads\/2022\/12\/Hubsch_logo_black_one_line.svg","caption":"H\u00fcbsch"},"image":{"@id":"https:\/\/hubsch-interior.com\/de\/#\/schema\/logo\/image\/"}}]}},"_links":{"self":[{"href":"https:\/\/hubsch-interior.com\/de\/wp-json\/wp\/v2\/product\/742734","targetHints":{"allow":["GET"]}}],"collection":[{"href":"https:\/\/hubsch-interior.com\/de\/wp-json\/wp\/v2\/product"}],"about":[{"href":"https:\/\/hubsch-interior.com\/de\/wp-json\/wp\/v2\/types\/product"}],"wp:featuredmedia":[{"embeddable":true,"href":"https:\/\/hubsch-interior.com\/de\/wp-json\/wp\/v2\/media\/1110122"}],"wp:attachment":[{"href":"https:\/\/hubsch-interior.com\/de\/wp-json\/wp\/v2\/media?parent=742734"}],"wp:term":[{"taxonomy":"product_brand","embeddable":true,"href":"https:\/\/hubsch-interior.com\/de\/wp-json\/wp\/v2\/product_brand?post=742734"},{"taxonomy":"product_cat","embeddable":true,"href":"https:\/\/hubsch-interior.com\/de\/wp-json\/wp\/v2\/product_cat?post=742734"},{"taxonomy":"product_tag","embeddable":true,"href":"https:\/\/hubsch-interior.com\/de\/wp-json\/wp\/v2\/product_tag?post=742734"}],"curies":[{"name":"wp","href":"https:\/\/api.w.org\/{rel}","templated":true}]}}