{"id":742790,"date":"2022-02-08T15:58:59","date_gmt":"2022-02-08T14:58:59","guid":{"rendered":"https:\/\/hubsch-interior.com\/product\/product\/"},"modified":"2026-04-09T05:16:32","modified_gmt":"2026-04-09T03:16:32","slug":"swing-haken-sandfarben","status":"publish","type":"product","link":"https:\/\/hubsch-interior.com\/de\/produkt\/swing-haken-sandfarben\/","title":{"rendered":"Swing Haken Sandfarben"},"content":{"rendered":"<p>Sanft und grafisch zugleich. Der wei\u00dfe Swing-Haken verleiht jedem Raum im Haus einen modernen Twist. Ob in der K\u00fcche, im Bad oder im Schlafzimmer \u2013 das Einzige, wof\u00fcr Sie sich entscheiden m\u00fcssen, ist die Farbe. Der Swing-Haken ist in drei Farben erh\u00e4ltlich: wei\u00df, schwarz und messingfarben. Kombinieren Sie sie, oder entscheiden Sie sich f\u00fcr eine Farbe und h\u00e4ngen Sie drei oder f\u00fcnf in einer Reihe auf, um einen visuell dramatischen Effekt zu erzielen. <\/p>\n","protected":false},"excerpt":{"rendered":"<p>Sanft und grafisch zugleich. Der wei\u00dfe Swing-Haken verleiht jedem Raum im Haus einen modernen Twist. Ob in der K\u00fcche, im Bad oder im Schlafzimmer \u2013 das Einzige, wof\u00fcr Sie sich entscheiden m\u00fcssen, ist die Farbe. Der Swing-Haken ist in drei Farben erh\u00e4ltlich: wei\u00df, schwarz und messingfarben. Kombinieren Sie sie, oder entscheiden Sie sich f\u00fcr eine [&hellip;]<\/p>\n","protected":false},"featured_media":1110162,"template":"","meta":{"_acf_changed":false,"inline_featured_image":false},"product_brand":[],"product_cat":[7067,7073,4043,4108,5027],"product_tag":[],"class_list":{"0":"post-742790","1":"product","2":"type-product","3":"status-publish","4":"has-post-thumbnail","6":"product_cat-kuchen-haken-de","7":"product_cat-haken-regale-de","8":"product_cat-haken-und-hakenleisten-de","9":"product_cat-haken-de","10":"product_cat-bestsellers-de","11":"product_shipping_class-pk","13":"pa_color-sandfarben","14":"pa_material-eisen-de","16":"first","17":"instock","18":"featured","19":"taxable","20":"shipping-taxable","21":"purchasable","22":"product-type-simple"},"exclude_global_add_ons":[],"addons":[],"acf":[],"yoast_head":"<!-- This site is optimized with the Yoast SEO plugin v26.4 - https:\/\/yoast.com\/wordpress\/plugins\/seo\/ -->\n<title>Swing Haken Sandfarben - H\u00fcbsch<\/title>\n<meta name=\"description\" content=\"Sanft und grafisch zugleich. Der wei\u00dfe Swing-Haken verleiht jedem Raum im Haus einen modernen Twist. Ob in der K\u00fcche, im Bad oder im Schlafzimmer \u2013 das\" \/>\n<meta name=\"robots\" content=\"index, follow, max-snippet:-1, max-image-preview:large, max-video-preview:-1\" \/>\n<link rel=\"canonical\" href=\"https:\/\/hubsch-interior.com\/de\/wp-json\/wp\/v2\/product\/742790\" \/>\n<meta property=\"og:locale\" content=\"de_DE\" \/>\n<meta property=\"og:type\" content=\"article\" \/>\n<meta property=\"og:title\" content=\"Swing Haken Sandfarben - H\u00fcbsch\" \/>\n<meta property=\"og:description\" content=\"Sanft und grafisch zugleich. Der wei\u00dfe Swing-Haken verleiht jedem Raum im Haus einen modernen Twist. Ob in der K\u00fcche, im Bad oder im Schlafzimmer \u2013 das\" \/>\n<meta property=\"og:url\" content=\"https:\/\/hubsch-interior.com\/de\/produkt\/swing-haken-sandfarben\/\" \/>\n<meta property=\"og:site_name\" content=\"H\u00fcbsch\" \/>\n<meta property=\"article:modified_time\" content=\"2026-04-09T03:16:32+00:00\" \/>\n<meta property=\"og:image\" content=\"https:\/\/hubsch-interior.com\/wp-content\/uploads\/2024\/01\/swing-hook-sand-0cb083a579240f878b7d9317166a2baf.jpg\" \/>\n\t<meta property=\"og:image:width\" content=\"1200\" \/>\n\t<meta property=\"og:image:height\" content=\"1200\" \/>\n\t<meta property=\"og:image:type\" content=\"image\/jpeg\" \/>\n<meta name=\"twitter:card\" content=\"summary_large_image\" \/>\n<script type=\"application\/ld+json\" class=\"yoast-schema-graph\">{\"@context\":\"https:\/\/schema.org\",\"@graph\":[{\"@type\":\"WebPage\",\"@id\":\"https:\/\/hubsch-interior.com\/de\/produkt\/swing-haken-sandfarben\/\",\"url\":\"https:\/\/hubsch-interior.com\/de\/produkt\/swing-haken-sandfarben\/\",\"name\":\"Swing Haken Sandfarben - H\u00fcbsch\",\"isPartOf\":{\"@id\":\"https:\/\/hubsch-interior.com\/de\/#website\"},\"primaryImageOfPage\":{\"@id\":\"https:\/\/hubsch-interior.com\/de\/produkt\/swing-haken-sandfarben\/#primaryimage\"},\"image\":{\"@id\":\"https:\/\/hubsch-interior.com\/de\/produkt\/swing-haken-sandfarben\/#primaryimage\"},\"thumbnailUrl\":\"https:\/\/hubsch-interior.com\/wp-content\/uploads\/2026\/02\/swing-hook-sand-123101d7e716be4cdd848cedb62eeb06.jpg\",\"datePublished\":\"2022-02-08T14:58:59+00:00\",\"dateModified\":\"2026-04-09T03:16:32+00:00\",\"description\":\"Sanft und grafisch zugleich. Der wei\u00dfe Swing-Haken verleiht jedem Raum im Haus einen modernen Twist. Ob in der K\u00fcche, im Bad oder im Schlafzimmer \u2013 das\",\"breadcrumb\":{\"@id\":\"https:\/\/hubsch-interior.com\/de\/produkt\/swing-haken-sandfarben\/#breadcrumb\"},\"inLanguage\":\"de\",\"potentialAction\":[{\"@type\":\"ReadAction\",\"target\":[\"https:\/\/hubsch-interior.com\/de\/produkt\/swing-haken-sandfarben\/\"]}]},{\"@type\":\"ImageObject\",\"inLanguage\":\"de\",\"@id\":\"https:\/\/hubsch-interior.com\/de\/produkt\/swing-haken-sandfarben\/#primaryimage\",\"url\":\"https:\/\/hubsch-interior.com\/wp-content\/uploads\/2026\/02\/swing-hook-sand-123101d7e716be4cdd848cedb62eeb06.jpg\",\"contentUrl\":\"https:\/\/hubsch-interior.com\/wp-content\/uploads\/2026\/02\/swing-hook-sand-123101d7e716be4cdd848cedb62eeb06.jpg\",\"width\":1024,\"height\":1024},{\"@type\":\"BreadcrumbList\",\"@id\":\"https:\/\/hubsch-interior.com\/de\/produkt\/swing-haken-sandfarben\/#breadcrumb\",\"itemListElement\":[{\"@type\":\"ListItem\",\"position\":1,\"name\":\"Startseite\",\"item\":\"https:\/\/hubsch-interior.com\/de\/\"},{\"@type\":\"ListItem\",\"position\":2,\"name\":\"Produkte\",\"item\":\"https:\/\/hubsch-interior.com\/de\/shop-2\/\"},{\"@type\":\"ListItem\",\"position\":3,\"name\":\"Wohnaccessoires\",\"item\":\"https:\/\/hubsch-interior.com\/de\/produkt-kategorie\/wohnaccessoires\/\"},{\"@type\":\"ListItem\",\"position\":4,\"name\":\"Haken und Hakenleisten\",\"item\":\"https:\/\/hubsch-interior.com\/de\/produkt-kategorie\/wohnaccessoires\/haken-und-hakenleisten-de\/\"},{\"@type\":\"ListItem\",\"position\":5,\"name\":\"Haken\",\"item\":\"https:\/\/hubsch-interior.com\/de\/produkt-kategorie\/wohnaccessoires\/haken-und-hakenleisten-de\/haken-de\/\"},{\"@type\":\"ListItem\",\"position\":6,\"name\":\"Swing Haken Sandfarben\"}]},{\"@type\":\"WebSite\",\"@id\":\"https:\/\/hubsch-interior.com\/de\/#website\",\"url\":\"https:\/\/hubsch-interior.com\/de\/\",\"name\":\"H\u00fcbsch\",\"description\":\"Danish Home Interior and Design\",\"publisher\":{\"@id\":\"https:\/\/hubsch-interior.com\/de\/#organization\"},\"potentialAction\":[{\"@type\":\"SearchAction\",\"target\":{\"@type\":\"EntryPoint\",\"urlTemplate\":\"https:\/\/hubsch-interior.com\/de\/?s={search_term_string}\"},\"query-input\":{\"@type\":\"PropertyValueSpecification\",\"valueRequired\":true,\"valueName\":\"search_term_string\"}}],\"inLanguage\":\"de\"},{\"@type\":\"Organization\",\"@id\":\"https:\/\/hubsch-interior.com\/de\/#organization\",\"name\":\"H\u00fcbsch\",\"url\":\"https:\/\/hubsch-interior.com\/de\/\",\"logo\":{\"@type\":\"ImageObject\",\"inLanguage\":\"de\",\"@id\":\"https:\/\/hubsch-interior.com\/de\/#\/schema\/logo\/image\/\",\"url\":\"https:\/\/hubsch-interior.com\/wp-content\/uploads\/2022\/12\/Hubsch_logo_black_one_line.svg\",\"contentUrl\":\"https:\/\/hubsch-interior.com\/wp-content\/uploads\/2022\/12\/Hubsch_logo_black_one_line.svg\",\"caption\":\"H\u00fcbsch\"},\"image\":{\"@id\":\"https:\/\/hubsch-interior.com\/de\/#\/schema\/logo\/image\/\"}}]}<\/script>\n<!-- \/ Yoast SEO plugin. -->","yoast_head_json":{"title":"Swing Haken Sandfarben - H\u00fcbsch","description":"Sanft und grafisch zugleich. Der wei\u00dfe Swing-Haken verleiht jedem Raum im Haus einen modernen Twist. Ob in der K\u00fcche, im Bad oder im Schlafzimmer \u2013 das","robots":{"index":"index","follow":"follow","max-snippet":"max-snippet:-1","max-image-preview":"max-image-preview:large","max-video-preview":"max-video-preview:-1"},"canonical":"https:\/\/hubsch-interior.com\/de\/wp-json\/wp\/v2\/product\/742790","og_locale":"de_DE","og_type":"article","og_title":"Swing Haken Sandfarben - H\u00fcbsch","og_description":"Sanft und grafisch zugleich. Der wei\u00dfe Swing-Haken verleiht jedem Raum im Haus einen modernen Twist. Ob in der K\u00fcche, im Bad oder im Schlafzimmer \u2013 das","og_url":"https:\/\/hubsch-interior.com\/de\/produkt\/swing-haken-sandfarben\/","og_site_name":"H\u00fcbsch","article_modified_time":"2026-04-09T03:16:32+00:00","og_image":[{"width":1200,"height":1200,"url":"https:\/\/hubsch-interior.com\/wp-content\/uploads\/2024\/01\/swing-hook-sand-0cb083a579240f878b7d9317166a2baf.jpg","type":"image\/jpeg"}],"twitter_card":"summary_large_image","schema":{"@context":"https:\/\/schema.org","@graph":[{"@type":"WebPage","@id":"https:\/\/hubsch-interior.com\/de\/produkt\/swing-haken-sandfarben\/","url":"https:\/\/hubsch-interior.com\/de\/produkt\/swing-haken-sandfarben\/","name":"Swing Haken Sandfarben - H\u00fcbsch","isPartOf":{"@id":"https:\/\/hubsch-interior.com\/de\/#website"},"primaryImageOfPage":{"@id":"https:\/\/hubsch-interior.com\/de\/produkt\/swing-haken-sandfarben\/#primaryimage"},"image":{"@id":"https:\/\/hubsch-interior.com\/de\/produkt\/swing-haken-sandfarben\/#primaryimage"},"thumbnailUrl":"https:\/\/hubsch-interior.com\/wp-content\/uploads\/2026\/02\/swing-hook-sand-123101d7e716be4cdd848cedb62eeb06.jpg","datePublished":"2022-02-08T14:58:59+00:00","dateModified":"2026-04-09T03:16:32+00:00","description":"Sanft und grafisch zugleich. Der wei\u00dfe Swing-Haken verleiht jedem Raum im Haus einen modernen Twist. Ob in der K\u00fcche, im Bad oder im Schlafzimmer \u2013 das","breadcrumb":{"@id":"https:\/\/hubsch-interior.com\/de\/produkt\/swing-haken-sandfarben\/#breadcrumb"},"inLanguage":"de","potentialAction":[{"@type":"ReadAction","target":["https:\/\/hubsch-interior.com\/de\/produkt\/swing-haken-sandfarben\/"]}]},{"@type":"ImageObject","inLanguage":"de","@id":"https:\/\/hubsch-interior.com\/de\/produkt\/swing-haken-sandfarben\/#primaryimage","url":"https:\/\/hubsch-interior.com\/wp-content\/uploads\/2026\/02\/swing-hook-sand-123101d7e716be4cdd848cedb62eeb06.jpg","contentUrl":"https:\/\/hubsch-interior.com\/wp-content\/uploads\/2026\/02\/swing-hook-sand-123101d7e716be4cdd848cedb62eeb06.jpg","width":1024,"height":1024},{"@type":"BreadcrumbList","@id":"https:\/\/hubsch-interior.com\/de\/produkt\/swing-haken-sandfarben\/#breadcrumb","itemListElement":[{"@type":"ListItem","position":1,"name":"Startseite","item":"https:\/\/hubsch-interior.com\/de\/"},{"@type":"ListItem","position":2,"name":"Produkte","item":"https:\/\/hubsch-interior.com\/de\/shop-2\/"},{"@type":"ListItem","position":3,"name":"Wohnaccessoires","item":"https:\/\/hubsch-interior.com\/de\/produkt-kategorie\/wohnaccessoires\/"},{"@type":"ListItem","position":4,"name":"Haken und Hakenleisten","item":"https:\/\/hubsch-interior.com\/de\/produkt-kategorie\/wohnaccessoires\/haken-und-hakenleisten-de\/"},{"@type":"ListItem","position":5,"name":"Haken","item":"https:\/\/hubsch-interior.com\/de\/produkt-kategorie\/wohnaccessoires\/haken-und-hakenleisten-de\/haken-de\/"},{"@type":"ListItem","position":6,"name":"Swing Haken Sandfarben"}]},{"@type":"WebSite","@id":"https:\/\/hubsch-interior.com\/de\/#website","url":"https:\/\/hubsch-interior.com\/de\/","name":"H\u00fcbsch","description":"Danish Home Interior and Design","publisher":{"@id":"https:\/\/hubsch-interior.com\/de\/#organization"},"potentialAction":[{"@type":"SearchAction","target":{"@type":"EntryPoint","urlTemplate":"https:\/\/hubsch-interior.com\/de\/?s={search_term_string}"},"query-input":{"@type":"PropertyValueSpecification","valueRequired":true,"valueName":"search_term_string"}}],"inLanguage":"de"},{"@type":"Organization","@id":"https:\/\/hubsch-interior.com\/de\/#organization","name":"H\u00fcbsch","url":"https:\/\/hubsch-interior.com\/de\/","logo":{"@type":"ImageObject","inLanguage":"de","@id":"https:\/\/hubsch-interior.com\/de\/#\/schema\/logo\/image\/","url":"https:\/\/hubsch-interior.com\/wp-content\/uploads\/2022\/12\/Hubsch_logo_black_one_line.svg","contentUrl":"https:\/\/hubsch-interior.com\/wp-content\/uploads\/2022\/12\/Hubsch_logo_black_one_line.svg","caption":"H\u00fcbsch"},"image":{"@id":"https:\/\/hubsch-interior.com\/de\/#\/schema\/logo\/image\/"}}]}},"_links":{"self":[{"href":"https:\/\/hubsch-interior.com\/de\/wp-json\/wp\/v2\/product\/742790","targetHints":{"allow":["GET"]}}],"collection":[{"href":"https:\/\/hubsch-interior.com\/de\/wp-json\/wp\/v2\/product"}],"about":[{"href":"https:\/\/hubsch-interior.com\/de\/wp-json\/wp\/v2\/types\/product"}],"wp:featuredmedia":[{"embeddable":true,"href":"https:\/\/hubsch-interior.com\/de\/wp-json\/wp\/v2\/media\/1110162"}],"wp:attachment":[{"href":"https:\/\/hubsch-interior.com\/de\/wp-json\/wp\/v2\/media?parent=742790"}],"wp:term":[{"taxonomy":"product_brand","embeddable":true,"href":"https:\/\/hubsch-interior.com\/de\/wp-json\/wp\/v2\/product_brand?post=742790"},{"taxonomy":"product_cat","embeddable":true,"href":"https:\/\/hubsch-interior.com\/de\/wp-json\/wp\/v2\/product_cat?post=742790"},{"taxonomy":"product_tag","embeddable":true,"href":"https:\/\/hubsch-interior.com\/de\/wp-json\/wp\/v2\/product_tag?post=742790"}],"curies":[{"name":"wp","href":"https:\/\/api.w.org\/{rel}","templated":true}]}}