{"id":742939,"date":"2022-02-08T15:59:40","date_gmt":"2022-02-08T14:59:40","guid":{"rendered":"https:\/\/hubsch-interior.com\/product\/product\/"},"modified":"2026-04-09T05:16:55","modified_gmt":"2026-04-09T03:16:55","slug":"dust-kerzenhalter-rosa","status":"publish","type":"product","link":"https:\/\/hubsch-interior.com\/de\/produkt\/dust-kerzenhalter-rosa\/","title":{"rendered":"Dust Kerzenhalter Rosa"},"content":{"rendered":"<p>Sind Sie auf der Suche nach einem eleganten, aber vielseitigen Kerzenst\u00e4nder? Dann sind Sie hier genau richtig. Der Kerzenst\u00e4nder Dust aus Glas ist ein Allrounder, der jeden Raum, jede Fensterbank und jedes Regal versch\u00f6nern wird. Die frische Farbkombination aus Rot und Rosa macht neugierig und passt in jede Wohnung mit moderner und zeitgem\u00e4\u00dfer Einrichtung. Nat\u00fcrlich m\u00fcssen Sie ein mutiger Farbtyp sein, um den Kerzenst\u00e4nder in Ihrem Zuhause in Szene zu setzen \u2013 aber wir haben das Gef\u00fchl, dass Sie das sind. <\/p>\n","protected":false},"excerpt":{"rendered":"<p>Sind Sie auf der Suche nach einem eleganten, aber vielseitigen Kerzenst\u00e4nder? Dann sind Sie hier genau richtig. Der Kerzenst\u00e4nder Dust aus Glas ist ein Allrounder, der jeden Raum, jede Fensterbank und jedes Regal versch\u00f6nern wird. Die frische Farbkombination aus Rot und Rosa macht neugierig und passt in jede Wohnung mit moderner und zeitgem\u00e4\u00dfer Einrichtung. Nat\u00fcrlich [&hellip;]<\/p>\n","protected":false},"featured_media":1110250,"template":"","meta":{"_acf_changed":false,"inline_featured_image":false},"product_brand":[],"product_cat":[5027,4068,4067,6972,6519],"product_tag":[],"class_list":{"0":"post-742939","1":"product","2":"type-product","3":"status-publish","4":"has-post-thumbnail","6":"product_cat-bestsellers-de","7":"product_cat-kerzenstaender-de","8":"product_cat-kerzenstaender-laternen-de","9":"product_cat-oster-sale","10":"product_cat-outlet-de","11":"product_shipping_class-pk","13":"pa_color-rosa-de","14":"pa_material-kristall-de","16":"first","17":"instock","18":"sale","19":"featured","20":"taxable","21":"shipping-taxable","22":"purchasable","23":"product-type-simple"},"exclude_global_add_ons":[],"addons":[],"acf":[],"yoast_head":"<!-- This site is optimized with the Yoast SEO plugin v26.4 - https:\/\/yoast.com\/wordpress\/plugins\/seo\/ -->\n<title>Dust Kerzenhalter Rosa - H\u00fcbsch<\/title>\n<meta name=\"description\" content=\"Sind Sie auf der Suche nach einem eleganten, aber vielseitigen Kerzenst\u00e4nder? Dann sind Sie hier genau richtig. Der Kerzenst\u00e4nder Dust aus Glas ist ein\" \/>\n<meta name=\"robots\" content=\"index, follow, max-snippet:-1, max-image-preview:large, max-video-preview:-1\" \/>\n<link rel=\"canonical\" href=\"https:\/\/hubsch-interior.com\/de\/wp-json\/wp\/v2\/product\/742939\" \/>\n<meta property=\"og:locale\" content=\"de_DE\" \/>\n<meta property=\"og:type\" content=\"article\" \/>\n<meta property=\"og:title\" content=\"Dust Kerzenhalter Rosa - H\u00fcbsch\" \/>\n<meta property=\"og:description\" content=\"Sind Sie auf der Suche nach einem eleganten, aber vielseitigen Kerzenst\u00e4nder? Dann sind Sie hier genau richtig. Der Kerzenst\u00e4nder Dust aus Glas ist ein\" \/>\n<meta property=\"og:url\" content=\"https:\/\/hubsch-interior.com\/de\/produkt\/dust-kerzenhalter-rosa\/\" \/>\n<meta property=\"og:site_name\" content=\"H\u00fcbsch\" \/>\n<meta property=\"article:modified_time\" content=\"2026-04-09T03:16:55+00:00\" \/>\n<meta property=\"og:image\" content=\"https:\/\/hubsch-interior.com\/wp-content\/uploads\/2024\/01\/dust-candlestick-pink-c6a486b8d59d698e72bf082b1c16a6c3.jpg\" \/>\n\t<meta property=\"og:image:width\" content=\"1200\" \/>\n\t<meta property=\"og:image:height\" content=\"1200\" \/>\n\t<meta property=\"og:image:type\" content=\"image\/jpeg\" \/>\n<meta name=\"twitter:card\" content=\"summary_large_image\" \/>\n<script type=\"application\/ld+json\" class=\"yoast-schema-graph\">{\"@context\":\"https:\/\/schema.org\",\"@graph\":[{\"@type\":\"WebPage\",\"@id\":\"https:\/\/hubsch-interior.com\/de\/produkt\/dust-kerzenhalter-rosa\/\",\"url\":\"https:\/\/hubsch-interior.com\/de\/produkt\/dust-kerzenhalter-rosa\/\",\"name\":\"Dust Kerzenhalter Rosa - H\u00fcbsch\",\"isPartOf\":{\"@id\":\"https:\/\/hubsch-interior.com\/de\/#website\"},\"primaryImageOfPage\":{\"@id\":\"https:\/\/hubsch-interior.com\/de\/produkt\/dust-kerzenhalter-rosa\/#primaryimage\"},\"image\":{\"@id\":\"https:\/\/hubsch-interior.com\/de\/produkt\/dust-kerzenhalter-rosa\/#primaryimage\"},\"thumbnailUrl\":\"https:\/\/hubsch-interior.com\/wp-content\/uploads\/2026\/02\/dust-candlestick-pink-a127b8c66eb4a51dd5b4e2cd643cecbd.jpg\",\"datePublished\":\"2022-02-08T14:59:40+00:00\",\"dateModified\":\"2026-04-09T03:16:55+00:00\",\"description\":\"Sind Sie auf der Suche nach einem eleganten, aber vielseitigen Kerzenst\u00e4nder? Dann sind Sie hier genau richtig. Der Kerzenst\u00e4nder Dust aus Glas ist ein\",\"breadcrumb\":{\"@id\":\"https:\/\/hubsch-interior.com\/de\/produkt\/dust-kerzenhalter-rosa\/#breadcrumb\"},\"inLanguage\":\"de\",\"potentialAction\":[{\"@type\":\"ReadAction\",\"target\":[\"https:\/\/hubsch-interior.com\/de\/produkt\/dust-kerzenhalter-rosa\/\"]}]},{\"@type\":\"ImageObject\",\"inLanguage\":\"de\",\"@id\":\"https:\/\/hubsch-interior.com\/de\/produkt\/dust-kerzenhalter-rosa\/#primaryimage\",\"url\":\"https:\/\/hubsch-interior.com\/wp-content\/uploads\/2026\/02\/dust-candlestick-pink-a127b8c66eb4a51dd5b4e2cd643cecbd.jpg\",\"contentUrl\":\"https:\/\/hubsch-interior.com\/wp-content\/uploads\/2026\/02\/dust-candlestick-pink-a127b8c66eb4a51dd5b4e2cd643cecbd.jpg\",\"width\":1024,\"height\":1024},{\"@type\":\"BreadcrumbList\",\"@id\":\"https:\/\/hubsch-interior.com\/de\/produkt\/dust-kerzenhalter-rosa\/#breadcrumb\",\"itemListElement\":[{\"@type\":\"ListItem\",\"position\":1,\"name\":\"Startseite\",\"item\":\"https:\/\/hubsch-interior.com\/de\/\"},{\"@type\":\"ListItem\",\"position\":2,\"name\":\"Produkte\",\"item\":\"https:\/\/hubsch-interior.com\/de\/shop-2\/\"},{\"@type\":\"ListItem\",\"position\":3,\"name\":\"Wohnaccessoires\",\"item\":\"https:\/\/hubsch-interior.com\/de\/produkt-kategorie\/wohnaccessoires\/\"},{\"@type\":\"ListItem\",\"position\":4,\"name\":\"Kerzenst&auml;nder &amp; Laternen\",\"item\":\"https:\/\/hubsch-interior.com\/de\/produkt-kategorie\/wohnaccessoires\/kerzenstaender-laternen-de\/\"},{\"@type\":\"ListItem\",\"position\":5,\"name\":\"Kerzenst&auml;nder\",\"item\":\"https:\/\/hubsch-interior.com\/de\/produkt-kategorie\/wohnaccessoires\/kerzenstaender-laternen-de\/kerzenstaender-de\/\"},{\"@type\":\"ListItem\",\"position\":6,\"name\":\"Dust Kerzenhalter Rosa\"}]},{\"@type\":\"WebSite\",\"@id\":\"https:\/\/hubsch-interior.com\/de\/#website\",\"url\":\"https:\/\/hubsch-interior.com\/de\/\",\"name\":\"H\u00fcbsch\",\"description\":\"Danish Home Interior and Design\",\"publisher\":{\"@id\":\"https:\/\/hubsch-interior.com\/de\/#organization\"},\"potentialAction\":[{\"@type\":\"SearchAction\",\"target\":{\"@type\":\"EntryPoint\",\"urlTemplate\":\"https:\/\/hubsch-interior.com\/de\/?s={search_term_string}\"},\"query-input\":{\"@type\":\"PropertyValueSpecification\",\"valueRequired\":true,\"valueName\":\"search_term_string\"}}],\"inLanguage\":\"de\"},{\"@type\":\"Organization\",\"@id\":\"https:\/\/hubsch-interior.com\/de\/#organization\",\"name\":\"H\u00fcbsch\",\"url\":\"https:\/\/hubsch-interior.com\/de\/\",\"logo\":{\"@type\":\"ImageObject\",\"inLanguage\":\"de\",\"@id\":\"https:\/\/hubsch-interior.com\/de\/#\/schema\/logo\/image\/\",\"url\":\"https:\/\/hubsch-interior.com\/wp-content\/uploads\/2022\/12\/Hubsch_logo_black_one_line.svg\",\"contentUrl\":\"https:\/\/hubsch-interior.com\/wp-content\/uploads\/2022\/12\/Hubsch_logo_black_one_line.svg\",\"caption\":\"H\u00fcbsch\"},\"image\":{\"@id\":\"https:\/\/hubsch-interior.com\/de\/#\/schema\/logo\/image\/\"}}]}<\/script>\n<!-- \/ Yoast SEO plugin. -->","yoast_head_json":{"title":"Dust Kerzenhalter Rosa - H\u00fcbsch","description":"Sind Sie auf der Suche nach einem eleganten, aber vielseitigen Kerzenst\u00e4nder? Dann sind Sie hier genau richtig. Der Kerzenst\u00e4nder Dust aus Glas ist ein","robots":{"index":"index","follow":"follow","max-snippet":"max-snippet:-1","max-image-preview":"max-image-preview:large","max-video-preview":"max-video-preview:-1"},"canonical":"https:\/\/hubsch-interior.com\/de\/wp-json\/wp\/v2\/product\/742939","og_locale":"de_DE","og_type":"article","og_title":"Dust Kerzenhalter Rosa - H\u00fcbsch","og_description":"Sind Sie auf der Suche nach einem eleganten, aber vielseitigen Kerzenst\u00e4nder? Dann sind Sie hier genau richtig. Der Kerzenst\u00e4nder Dust aus Glas ist ein","og_url":"https:\/\/hubsch-interior.com\/de\/produkt\/dust-kerzenhalter-rosa\/","og_site_name":"H\u00fcbsch","article_modified_time":"2026-04-09T03:16:55+00:00","og_image":[{"width":1200,"height":1200,"url":"https:\/\/hubsch-interior.com\/wp-content\/uploads\/2024\/01\/dust-candlestick-pink-c6a486b8d59d698e72bf082b1c16a6c3.jpg","type":"image\/jpeg"}],"twitter_card":"summary_large_image","schema":{"@context":"https:\/\/schema.org","@graph":[{"@type":"WebPage","@id":"https:\/\/hubsch-interior.com\/de\/produkt\/dust-kerzenhalter-rosa\/","url":"https:\/\/hubsch-interior.com\/de\/produkt\/dust-kerzenhalter-rosa\/","name":"Dust Kerzenhalter Rosa - H\u00fcbsch","isPartOf":{"@id":"https:\/\/hubsch-interior.com\/de\/#website"},"primaryImageOfPage":{"@id":"https:\/\/hubsch-interior.com\/de\/produkt\/dust-kerzenhalter-rosa\/#primaryimage"},"image":{"@id":"https:\/\/hubsch-interior.com\/de\/produkt\/dust-kerzenhalter-rosa\/#primaryimage"},"thumbnailUrl":"https:\/\/hubsch-interior.com\/wp-content\/uploads\/2026\/02\/dust-candlestick-pink-a127b8c66eb4a51dd5b4e2cd643cecbd.jpg","datePublished":"2022-02-08T14:59:40+00:00","dateModified":"2026-04-09T03:16:55+00:00","description":"Sind Sie auf der Suche nach einem eleganten, aber vielseitigen Kerzenst\u00e4nder? Dann sind Sie hier genau richtig. Der Kerzenst\u00e4nder Dust aus Glas ist ein","breadcrumb":{"@id":"https:\/\/hubsch-interior.com\/de\/produkt\/dust-kerzenhalter-rosa\/#breadcrumb"},"inLanguage":"de","potentialAction":[{"@type":"ReadAction","target":["https:\/\/hubsch-interior.com\/de\/produkt\/dust-kerzenhalter-rosa\/"]}]},{"@type":"ImageObject","inLanguage":"de","@id":"https:\/\/hubsch-interior.com\/de\/produkt\/dust-kerzenhalter-rosa\/#primaryimage","url":"https:\/\/hubsch-interior.com\/wp-content\/uploads\/2026\/02\/dust-candlestick-pink-a127b8c66eb4a51dd5b4e2cd643cecbd.jpg","contentUrl":"https:\/\/hubsch-interior.com\/wp-content\/uploads\/2026\/02\/dust-candlestick-pink-a127b8c66eb4a51dd5b4e2cd643cecbd.jpg","width":1024,"height":1024},{"@type":"BreadcrumbList","@id":"https:\/\/hubsch-interior.com\/de\/produkt\/dust-kerzenhalter-rosa\/#breadcrumb","itemListElement":[{"@type":"ListItem","position":1,"name":"Startseite","item":"https:\/\/hubsch-interior.com\/de\/"},{"@type":"ListItem","position":2,"name":"Produkte","item":"https:\/\/hubsch-interior.com\/de\/shop-2\/"},{"@type":"ListItem","position":3,"name":"Wohnaccessoires","item":"https:\/\/hubsch-interior.com\/de\/produkt-kategorie\/wohnaccessoires\/"},{"@type":"ListItem","position":4,"name":"Kerzenst&auml;nder &amp; Laternen","item":"https:\/\/hubsch-interior.com\/de\/produkt-kategorie\/wohnaccessoires\/kerzenstaender-laternen-de\/"},{"@type":"ListItem","position":5,"name":"Kerzenst&auml;nder","item":"https:\/\/hubsch-interior.com\/de\/produkt-kategorie\/wohnaccessoires\/kerzenstaender-laternen-de\/kerzenstaender-de\/"},{"@type":"ListItem","position":6,"name":"Dust Kerzenhalter Rosa"}]},{"@type":"WebSite","@id":"https:\/\/hubsch-interior.com\/de\/#website","url":"https:\/\/hubsch-interior.com\/de\/","name":"H\u00fcbsch","description":"Danish Home Interior and Design","publisher":{"@id":"https:\/\/hubsch-interior.com\/de\/#organization"},"potentialAction":[{"@type":"SearchAction","target":{"@type":"EntryPoint","urlTemplate":"https:\/\/hubsch-interior.com\/de\/?s={search_term_string}"},"query-input":{"@type":"PropertyValueSpecification","valueRequired":true,"valueName":"search_term_string"}}],"inLanguage":"de"},{"@type":"Organization","@id":"https:\/\/hubsch-interior.com\/de\/#organization","name":"H\u00fcbsch","url":"https:\/\/hubsch-interior.com\/de\/","logo":{"@type":"ImageObject","inLanguage":"de","@id":"https:\/\/hubsch-interior.com\/de\/#\/schema\/logo\/image\/","url":"https:\/\/hubsch-interior.com\/wp-content\/uploads\/2022\/12\/Hubsch_logo_black_one_line.svg","contentUrl":"https:\/\/hubsch-interior.com\/wp-content\/uploads\/2022\/12\/Hubsch_logo_black_one_line.svg","caption":"H\u00fcbsch"},"image":{"@id":"https:\/\/hubsch-interior.com\/de\/#\/schema\/logo\/image\/"}}]}},"_links":{"self":[{"href":"https:\/\/hubsch-interior.com\/de\/wp-json\/wp\/v2\/product\/742939","targetHints":{"allow":["GET"]}}],"collection":[{"href":"https:\/\/hubsch-interior.com\/de\/wp-json\/wp\/v2\/product"}],"about":[{"href":"https:\/\/hubsch-interior.com\/de\/wp-json\/wp\/v2\/types\/product"}],"wp:featuredmedia":[{"embeddable":true,"href":"https:\/\/hubsch-interior.com\/de\/wp-json\/wp\/v2\/media\/1110250"}],"wp:attachment":[{"href":"https:\/\/hubsch-interior.com\/de\/wp-json\/wp\/v2\/media?parent=742939"}],"wp:term":[{"taxonomy":"product_brand","embeddable":true,"href":"https:\/\/hubsch-interior.com\/de\/wp-json\/wp\/v2\/product_brand?post=742939"},{"taxonomy":"product_cat","embeddable":true,"href":"https:\/\/hubsch-interior.com\/de\/wp-json\/wp\/v2\/product_cat?post=742939"},{"taxonomy":"product_tag","embeddable":true,"href":"https:\/\/hubsch-interior.com\/de\/wp-json\/wp\/v2\/product_tag?post=742939"}],"curies":[{"name":"wp","href":"https:\/\/api.w.org\/{rel}","templated":true}]}}