{"id":742959,"date":"2022-02-08T15:59:45","date_gmt":"2022-02-08T14:59:45","guid":{"rendered":"https:\/\/hubsch-interior.com\/product\/product\/"},"modified":"2026-04-09T05:17:00","modified_gmt":"2026-04-09T03:17:00","slug":"flux-teelichthalter-grun-braun","status":"publish","type":"product","link":"https:\/\/hubsch-interior.com\/de\/produkt\/flux-teelichthalter-grun-braun\/","title":{"rendered":"Flux Teelichthalter Gr\u00fcn\/Braun"},"content":{"rendered":"<p>Mit seinem Gewicht und dem Look k\u00f6nnte der Flux Teelichthalter direkt einer Filmkulisse aus den Siebzigern entstammen. Die Farbkombination aus Gr\u00fcn und Braun ist jedoch eine Neuinterpretation aus dem 21. Jahrhundert. Mit diesem kleinen Schmuckst\u00fcck k\u00f6nnen Sie ganz einfach ein paar Farbtupfer in Ihre Einrichtung bringen \u2013 und das an jedem Tag der Woche. Erh\u00e4ltlich in drei herrlichen Farbkombinationen, die zusammen fantastisch aussehen.<\/p>\n","protected":false},"excerpt":{"rendered":"<p>Mit seinem Gewicht und dem Look k\u00f6nnte der Flux Teelichthalter direkt einer Filmkulisse aus den Siebzigern entstammen. Die Farbkombination aus Gr\u00fcn und Braun ist jedoch eine Neuinterpretation aus dem 21. Jahrhundert. Mit diesem kleinen Schmuckst\u00fcck k\u00f6nnen Sie ganz einfach ein paar Farbtupfer in Ihre Einrichtung bringen \u2013 und das an jedem Tag der Woche. Erh\u00e4ltlich [&hellip;]<\/p>\n","protected":false},"featured_media":1113202,"template":"","meta":{"_acf_changed":false,"inline_featured_image":false},"product_brand":[],"product_cat":[6972,4067,4068,5027,6519],"product_tag":[],"class_list":{"0":"post-742959","1":"product","2":"type-product","3":"status-publish","4":"has-post-thumbnail","6":"product_cat-oster-sale","7":"product_cat-kerzenstaender-laternen-de","8":"product_cat-kerzenstaender-de","9":"product_cat-bestsellers-de","10":"product_cat-outlet-de","11":"product_shipping_class-pk","13":"pa_color-braun","14":"pa_color-grn-2","15":"pa_material-kristall-de","17":"first","18":"instock","19":"sale","20":"featured","21":"taxable","22":"shipping-taxable","23":"purchasable","24":"product-type-simple"},"exclude_global_add_ons":[],"addons":[],"acf":[],"yoast_head":"<!-- This site is optimized with the Yoast SEO plugin v26.4 - https:\/\/yoast.com\/wordpress\/plugins\/seo\/ -->\n<title>Flux Teelichthalter Gr\u00fcn\/Braun - H\u00fcbsch<\/title>\n<meta name=\"description\" content=\"Mit seinem Gewicht und dem Look k\u00f6nnte der Flux Teelichthalter direkt einer Filmkulisse aus den Siebzigern entstammen. Die Farbkombination aus Gr\u00fcn und\" \/>\n<meta name=\"robots\" content=\"index, follow, max-snippet:-1, max-image-preview:large, max-video-preview:-1\" \/>\n<link rel=\"canonical\" href=\"https:\/\/hubsch-interior.com\/de\/wp-json\/wp\/v2\/product\/742959\" \/>\n<meta property=\"og:locale\" content=\"de_DE\" \/>\n<meta property=\"og:type\" content=\"article\" \/>\n<meta property=\"og:title\" content=\"Flux Teelichthalter Gr\u00fcn\/Braun - H\u00fcbsch\" \/>\n<meta property=\"og:description\" content=\"Mit seinem Gewicht und dem Look k\u00f6nnte der Flux Teelichthalter direkt einer Filmkulisse aus den Siebzigern entstammen. Die Farbkombination aus Gr\u00fcn und\" \/>\n<meta property=\"og:url\" content=\"https:\/\/hubsch-interior.com\/de\/produkt\/flux-teelichthalter-grun-braun\/\" \/>\n<meta property=\"og:site_name\" content=\"H\u00fcbsch\" \/>\n<meta property=\"article:modified_time\" content=\"2026-04-09T03:17:00+00:00\" \/>\n<meta property=\"og:image\" content=\"https:\/\/hubsch-interior.com\/wp-content\/uploads\/2025\/05\/flux-tealight-holder-greenbrown-8a319b5a2d0e8fd9d878255b5c8a14f8.jpg\" \/>\n\t<meta property=\"og:image:width\" content=\"1200\" \/>\n\t<meta property=\"og:image:height\" content=\"1200\" \/>\n\t<meta property=\"og:image:type\" content=\"image\/jpeg\" \/>\n<meta name=\"twitter:card\" content=\"summary_large_image\" \/>\n<script type=\"application\/ld+json\" class=\"yoast-schema-graph\">{\"@context\":\"https:\/\/schema.org\",\"@graph\":[{\"@type\":\"WebPage\",\"@id\":\"https:\/\/hubsch-interior.com\/de\/produkt\/flux-teelichthalter-grun-braun\/\",\"url\":\"https:\/\/hubsch-interior.com\/de\/produkt\/flux-teelichthalter-grun-braun\/\",\"name\":\"Flux Teelichthalter Gr\u00fcn\/Braun - H\u00fcbsch\",\"isPartOf\":{\"@id\":\"https:\/\/hubsch-interior.com\/de\/#website\"},\"primaryImageOfPage\":{\"@id\":\"https:\/\/hubsch-interior.com\/de\/produkt\/flux-teelichthalter-grun-braun\/#primaryimage\"},\"image\":{\"@id\":\"https:\/\/hubsch-interior.com\/de\/produkt\/flux-teelichthalter-grun-braun\/#primaryimage\"},\"thumbnailUrl\":\"https:\/\/hubsch-interior.com\/wp-content\/uploads\/2026\/02\/flux-tealight-holder-greenbrown-17361c9207bbbad020d69f728d8b6b24.jpg\",\"datePublished\":\"2022-02-08T14:59:45+00:00\",\"dateModified\":\"2026-04-09T03:17:00+00:00\",\"description\":\"Mit seinem Gewicht und dem Look k\u00f6nnte der Flux Teelichthalter direkt einer Filmkulisse aus den Siebzigern entstammen. Die Farbkombination aus Gr\u00fcn und\",\"breadcrumb\":{\"@id\":\"https:\/\/hubsch-interior.com\/de\/produkt\/flux-teelichthalter-grun-braun\/#breadcrumb\"},\"inLanguage\":\"de\",\"potentialAction\":[{\"@type\":\"ReadAction\",\"target\":[\"https:\/\/hubsch-interior.com\/de\/produkt\/flux-teelichthalter-grun-braun\/\"]}]},{\"@type\":\"ImageObject\",\"inLanguage\":\"de\",\"@id\":\"https:\/\/hubsch-interior.com\/de\/produkt\/flux-teelichthalter-grun-braun\/#primaryimage\",\"url\":\"https:\/\/hubsch-interior.com\/wp-content\/uploads\/2026\/02\/flux-tealight-holder-greenbrown-17361c9207bbbad020d69f728d8b6b24.jpg\",\"contentUrl\":\"https:\/\/hubsch-interior.com\/wp-content\/uploads\/2026\/02\/flux-tealight-holder-greenbrown-17361c9207bbbad020d69f728d8b6b24.jpg\",\"width\":1024,\"height\":1024},{\"@type\":\"BreadcrumbList\",\"@id\":\"https:\/\/hubsch-interior.com\/de\/produkt\/flux-teelichthalter-grun-braun\/#breadcrumb\",\"itemListElement\":[{\"@type\":\"ListItem\",\"position\":1,\"name\":\"Startseite\",\"item\":\"https:\/\/hubsch-interior.com\/de\/\"},{\"@type\":\"ListItem\",\"position\":2,\"name\":\"Produkte\",\"item\":\"https:\/\/hubsch-interior.com\/de\/shop-2\/\"},{\"@type\":\"ListItem\",\"position\":3,\"name\":\"Wohnaccessoires\",\"item\":\"https:\/\/hubsch-interior.com\/de\/produkt-kategorie\/wohnaccessoires\/\"},{\"@type\":\"ListItem\",\"position\":4,\"name\":\"Kerzenst&auml;nder &amp; Laternen\",\"item\":\"https:\/\/hubsch-interior.com\/de\/produkt-kategorie\/wohnaccessoires\/kerzenstaender-laternen-de\/\"},{\"@type\":\"ListItem\",\"position\":5,\"name\":\"Kerzenst&auml;nder\",\"item\":\"https:\/\/hubsch-interior.com\/de\/produkt-kategorie\/wohnaccessoires\/kerzenstaender-laternen-de\/kerzenstaender-de\/\"},{\"@type\":\"ListItem\",\"position\":6,\"name\":\"Flux Teelichthalter Gr\u00fcn\/Braun\"}]},{\"@type\":\"WebSite\",\"@id\":\"https:\/\/hubsch-interior.com\/de\/#website\",\"url\":\"https:\/\/hubsch-interior.com\/de\/\",\"name\":\"H\u00fcbsch\",\"description\":\"Danish Home Interior and Design\",\"publisher\":{\"@id\":\"https:\/\/hubsch-interior.com\/de\/#organization\"},\"potentialAction\":[{\"@type\":\"SearchAction\",\"target\":{\"@type\":\"EntryPoint\",\"urlTemplate\":\"https:\/\/hubsch-interior.com\/de\/?s={search_term_string}\"},\"query-input\":{\"@type\":\"PropertyValueSpecification\",\"valueRequired\":true,\"valueName\":\"search_term_string\"}}],\"inLanguage\":\"de\"},{\"@type\":\"Organization\",\"@id\":\"https:\/\/hubsch-interior.com\/de\/#organization\",\"name\":\"H\u00fcbsch\",\"url\":\"https:\/\/hubsch-interior.com\/de\/\",\"logo\":{\"@type\":\"ImageObject\",\"inLanguage\":\"de\",\"@id\":\"https:\/\/hubsch-interior.com\/de\/#\/schema\/logo\/image\/\",\"url\":\"https:\/\/hubsch-interior.com\/wp-content\/uploads\/2022\/12\/Hubsch_logo_black_one_line.svg\",\"contentUrl\":\"https:\/\/hubsch-interior.com\/wp-content\/uploads\/2022\/12\/Hubsch_logo_black_one_line.svg\",\"caption\":\"H\u00fcbsch\"},\"image\":{\"@id\":\"https:\/\/hubsch-interior.com\/de\/#\/schema\/logo\/image\/\"}}]}<\/script>\n<!-- \/ Yoast SEO plugin. -->","yoast_head_json":{"title":"Flux Teelichthalter Gr\u00fcn\/Braun - H\u00fcbsch","description":"Mit seinem Gewicht und dem Look k\u00f6nnte der Flux Teelichthalter direkt einer Filmkulisse aus den Siebzigern entstammen. Die Farbkombination aus Gr\u00fcn und","robots":{"index":"index","follow":"follow","max-snippet":"max-snippet:-1","max-image-preview":"max-image-preview:large","max-video-preview":"max-video-preview:-1"},"canonical":"https:\/\/hubsch-interior.com\/de\/wp-json\/wp\/v2\/product\/742959","og_locale":"de_DE","og_type":"article","og_title":"Flux Teelichthalter Gr\u00fcn\/Braun - H\u00fcbsch","og_description":"Mit seinem Gewicht und dem Look k\u00f6nnte der Flux Teelichthalter direkt einer Filmkulisse aus den Siebzigern entstammen. Die Farbkombination aus Gr\u00fcn und","og_url":"https:\/\/hubsch-interior.com\/de\/produkt\/flux-teelichthalter-grun-braun\/","og_site_name":"H\u00fcbsch","article_modified_time":"2026-04-09T03:17:00+00:00","og_image":[{"width":1200,"height":1200,"url":"https:\/\/hubsch-interior.com\/wp-content\/uploads\/2025\/05\/flux-tealight-holder-greenbrown-8a319b5a2d0e8fd9d878255b5c8a14f8.jpg","type":"image\/jpeg"}],"twitter_card":"summary_large_image","schema":{"@context":"https:\/\/schema.org","@graph":[{"@type":"WebPage","@id":"https:\/\/hubsch-interior.com\/de\/produkt\/flux-teelichthalter-grun-braun\/","url":"https:\/\/hubsch-interior.com\/de\/produkt\/flux-teelichthalter-grun-braun\/","name":"Flux Teelichthalter Gr\u00fcn\/Braun - H\u00fcbsch","isPartOf":{"@id":"https:\/\/hubsch-interior.com\/de\/#website"},"primaryImageOfPage":{"@id":"https:\/\/hubsch-interior.com\/de\/produkt\/flux-teelichthalter-grun-braun\/#primaryimage"},"image":{"@id":"https:\/\/hubsch-interior.com\/de\/produkt\/flux-teelichthalter-grun-braun\/#primaryimage"},"thumbnailUrl":"https:\/\/hubsch-interior.com\/wp-content\/uploads\/2026\/02\/flux-tealight-holder-greenbrown-17361c9207bbbad020d69f728d8b6b24.jpg","datePublished":"2022-02-08T14:59:45+00:00","dateModified":"2026-04-09T03:17:00+00:00","description":"Mit seinem Gewicht und dem Look k\u00f6nnte der Flux Teelichthalter direkt einer Filmkulisse aus den Siebzigern entstammen. Die Farbkombination aus Gr\u00fcn und","breadcrumb":{"@id":"https:\/\/hubsch-interior.com\/de\/produkt\/flux-teelichthalter-grun-braun\/#breadcrumb"},"inLanguage":"de","potentialAction":[{"@type":"ReadAction","target":["https:\/\/hubsch-interior.com\/de\/produkt\/flux-teelichthalter-grun-braun\/"]}]},{"@type":"ImageObject","inLanguage":"de","@id":"https:\/\/hubsch-interior.com\/de\/produkt\/flux-teelichthalter-grun-braun\/#primaryimage","url":"https:\/\/hubsch-interior.com\/wp-content\/uploads\/2026\/02\/flux-tealight-holder-greenbrown-17361c9207bbbad020d69f728d8b6b24.jpg","contentUrl":"https:\/\/hubsch-interior.com\/wp-content\/uploads\/2026\/02\/flux-tealight-holder-greenbrown-17361c9207bbbad020d69f728d8b6b24.jpg","width":1024,"height":1024},{"@type":"BreadcrumbList","@id":"https:\/\/hubsch-interior.com\/de\/produkt\/flux-teelichthalter-grun-braun\/#breadcrumb","itemListElement":[{"@type":"ListItem","position":1,"name":"Startseite","item":"https:\/\/hubsch-interior.com\/de\/"},{"@type":"ListItem","position":2,"name":"Produkte","item":"https:\/\/hubsch-interior.com\/de\/shop-2\/"},{"@type":"ListItem","position":3,"name":"Wohnaccessoires","item":"https:\/\/hubsch-interior.com\/de\/produkt-kategorie\/wohnaccessoires\/"},{"@type":"ListItem","position":4,"name":"Kerzenst&auml;nder &amp; Laternen","item":"https:\/\/hubsch-interior.com\/de\/produkt-kategorie\/wohnaccessoires\/kerzenstaender-laternen-de\/"},{"@type":"ListItem","position":5,"name":"Kerzenst&auml;nder","item":"https:\/\/hubsch-interior.com\/de\/produkt-kategorie\/wohnaccessoires\/kerzenstaender-laternen-de\/kerzenstaender-de\/"},{"@type":"ListItem","position":6,"name":"Flux Teelichthalter Gr\u00fcn\/Braun"}]},{"@type":"WebSite","@id":"https:\/\/hubsch-interior.com\/de\/#website","url":"https:\/\/hubsch-interior.com\/de\/","name":"H\u00fcbsch","description":"Danish Home Interior and Design","publisher":{"@id":"https:\/\/hubsch-interior.com\/de\/#organization"},"potentialAction":[{"@type":"SearchAction","target":{"@type":"EntryPoint","urlTemplate":"https:\/\/hubsch-interior.com\/de\/?s={search_term_string}"},"query-input":{"@type":"PropertyValueSpecification","valueRequired":true,"valueName":"search_term_string"}}],"inLanguage":"de"},{"@type":"Organization","@id":"https:\/\/hubsch-interior.com\/de\/#organization","name":"H\u00fcbsch","url":"https:\/\/hubsch-interior.com\/de\/","logo":{"@type":"ImageObject","inLanguage":"de","@id":"https:\/\/hubsch-interior.com\/de\/#\/schema\/logo\/image\/","url":"https:\/\/hubsch-interior.com\/wp-content\/uploads\/2022\/12\/Hubsch_logo_black_one_line.svg","contentUrl":"https:\/\/hubsch-interior.com\/wp-content\/uploads\/2022\/12\/Hubsch_logo_black_one_line.svg","caption":"H\u00fcbsch"},"image":{"@id":"https:\/\/hubsch-interior.com\/de\/#\/schema\/logo\/image\/"}}]}},"_links":{"self":[{"href":"https:\/\/hubsch-interior.com\/de\/wp-json\/wp\/v2\/product\/742959","targetHints":{"allow":["GET"]}}],"collection":[{"href":"https:\/\/hubsch-interior.com\/de\/wp-json\/wp\/v2\/product"}],"about":[{"href":"https:\/\/hubsch-interior.com\/de\/wp-json\/wp\/v2\/types\/product"}],"wp:featuredmedia":[{"embeddable":true,"href":"https:\/\/hubsch-interior.com\/de\/wp-json\/wp\/v2\/media\/1113202"}],"wp:attachment":[{"href":"https:\/\/hubsch-interior.com\/de\/wp-json\/wp\/v2\/media?parent=742959"}],"wp:term":[{"taxonomy":"product_brand","embeddable":true,"href":"https:\/\/hubsch-interior.com\/de\/wp-json\/wp\/v2\/product_brand?post=742959"},{"taxonomy":"product_cat","embeddable":true,"href":"https:\/\/hubsch-interior.com\/de\/wp-json\/wp\/v2\/product_cat?post=742959"},{"taxonomy":"product_tag","embeddable":true,"href":"https:\/\/hubsch-interior.com\/de\/wp-json\/wp\/v2\/product_tag?post=742959"}],"curies":[{"name":"wp","href":"https:\/\/api.w.org\/{rel}","templated":true}]}}