{"id":743031,"date":"2022-02-08T16:00:15","date_gmt":"2022-02-08T15:00:15","guid":{"rendered":"https:\/\/hubsch-interior.com\/product\/product\/"},"modified":"2026-04-09T05:17:10","modified_gmt":"2026-04-09T03:17:10","slug":"apply-bugel-khaki","status":"publish","type":"product","link":"https:\/\/hubsch-interior.com\/de\/produkt\/apply-bugel-khaki\/","title":{"rendered":"Apply B\u00fcgel Khaki"},"content":{"rendered":"<p>Haben es Ihre besten Kleider nicht verdient, stilvoll aufgeh\u00e4ngt zu werden? Die charakteristische Form und die herrliche Sandfarbe machen diesen Kleiderb\u00fcgel zu einem echten Hingucker. Warum sollten Sie interessante Gegenst\u00e4nde nur in Ihrem Wohnzimmer pr\u00e4sentieren, wenn Sie auch Ihren Kleiderschrank und Ihre Garderobe aufwerten k\u00f6nnen? Setzen Sie Ihr liebstes Shirt auf diesem B\u00fcgel in Szene und verleihen Sie Ihrem Schlafzimmer oder Bad eine pers\u00f6nliche Note. <\/p>\n","protected":false},"excerpt":{"rendered":"<p>Haben es Ihre besten Kleider nicht verdient, stilvoll aufgeh\u00e4ngt zu werden? Die charakteristische Form und die herrliche Sandfarbe machen diesen Kleiderb\u00fcgel zu einem echten Hingucker. Warum sollten Sie interessante Gegenst\u00e4nde nur in Ihrem Wohnzimmer pr\u00e4sentieren, wenn Sie auch Ihren Kleiderschrank und Ihre Garderobe aufwerten k\u00f6nnen? Setzen Sie Ihr liebstes Shirt auf diesem B\u00fcgel in Szene [&hellip;]<\/p>\n","protected":false},"featured_media":1110314,"template":"","meta":{"_acf_changed":false,"inline_featured_image":false},"product_brand":[],"product_cat":[4043,4184,5027],"product_tag":[],"class_list":{"0":"post-743031","1":"product","2":"type-product","3":"status-publish","4":"has-post-thumbnail","6":"product_cat-haken-und-hakenleisten-de","7":"product_cat-kleiderbuegel-de","8":"product_cat-bestsellers-de","9":"product_shipping_class-pk","11":"pa_color-khaki-4","12":"pa_material-eisen-de","14":"first","15":"instock","16":"featured","17":"taxable","18":"shipping-taxable","19":"purchasable","20":"product-type-simple"},"exclude_global_add_ons":[],"addons":[],"acf":[],"yoast_head":"<!-- This site is optimized with the Yoast SEO plugin v26.4 - https:\/\/yoast.com\/wordpress\/plugins\/seo\/ -->\n<title>Apply B\u00fcgel Khaki - H\u00fcbsch<\/title>\n<meta name=\"description\" content=\"Haben es Ihre besten Kleider nicht verdient, stilvoll aufgeh\u00e4ngt zu werden? Die charakteristische Form und die herrliche Sandfarbe machen diesen\" \/>\n<meta name=\"robots\" content=\"index, follow, max-snippet:-1, max-image-preview:large, max-video-preview:-1\" \/>\n<link rel=\"canonical\" href=\"https:\/\/hubsch-interior.com\/de\/wp-json\/wp\/v2\/product\/743031\" \/>\n<meta property=\"og:locale\" content=\"de_DE\" \/>\n<meta property=\"og:type\" content=\"article\" \/>\n<meta property=\"og:title\" content=\"Apply B\u00fcgel Khaki - H\u00fcbsch\" \/>\n<meta property=\"og:description\" content=\"Haben es Ihre besten Kleider nicht verdient, stilvoll aufgeh\u00e4ngt zu werden? Die charakteristische Form und die herrliche Sandfarbe machen diesen\" \/>\n<meta property=\"og:url\" content=\"https:\/\/hubsch-interior.com\/de\/produkt\/apply-bugel-khaki\/\" \/>\n<meta property=\"og:site_name\" content=\"H\u00fcbsch\" \/>\n<meta property=\"article:modified_time\" content=\"2026-04-09T03:17:10+00:00\" \/>\n<meta property=\"og:image\" content=\"https:\/\/hubsch-interior.com\/wp-content\/uploads\/2025\/05\/apply-hanger-khaki-2cb2b99a19ed00bf213f919e7c6e3085.jpg\" \/>\n\t<meta property=\"og:image:width\" content=\"1200\" \/>\n\t<meta property=\"og:image:height\" content=\"1200\" \/>\n\t<meta property=\"og:image:type\" content=\"image\/jpeg\" \/>\n<meta name=\"twitter:card\" content=\"summary_large_image\" \/>\n<script type=\"application\/ld+json\" class=\"yoast-schema-graph\">{\"@context\":\"https:\/\/schema.org\",\"@graph\":[{\"@type\":\"WebPage\",\"@id\":\"https:\/\/hubsch-interior.com\/de\/produkt\/apply-bugel-khaki\/\",\"url\":\"https:\/\/hubsch-interior.com\/de\/produkt\/apply-bugel-khaki\/\",\"name\":\"Apply B\u00fcgel Khaki - H\u00fcbsch\",\"isPartOf\":{\"@id\":\"https:\/\/hubsch-interior.com\/de\/#website\"},\"primaryImageOfPage\":{\"@id\":\"https:\/\/hubsch-interior.com\/de\/produkt\/apply-bugel-khaki\/#primaryimage\"},\"image\":{\"@id\":\"https:\/\/hubsch-interior.com\/de\/produkt\/apply-bugel-khaki\/#primaryimage\"},\"thumbnailUrl\":\"https:\/\/hubsch-interior.com\/wp-content\/uploads\/2026\/02\/apply-hanger-khaki-4e81da297ba71b9143ef2e16d8b73518.jpg\",\"datePublished\":\"2022-02-08T15:00:15+00:00\",\"dateModified\":\"2026-04-09T03:17:10+00:00\",\"description\":\"Haben es Ihre besten Kleider nicht verdient, stilvoll aufgeh\u00e4ngt zu werden? Die charakteristische Form und die herrliche Sandfarbe machen diesen\",\"breadcrumb\":{\"@id\":\"https:\/\/hubsch-interior.com\/de\/produkt\/apply-bugel-khaki\/#breadcrumb\"},\"inLanguage\":\"de\",\"potentialAction\":[{\"@type\":\"ReadAction\",\"target\":[\"https:\/\/hubsch-interior.com\/de\/produkt\/apply-bugel-khaki\/\"]}]},{\"@type\":\"ImageObject\",\"inLanguage\":\"de\",\"@id\":\"https:\/\/hubsch-interior.com\/de\/produkt\/apply-bugel-khaki\/#primaryimage\",\"url\":\"https:\/\/hubsch-interior.com\/wp-content\/uploads\/2026\/02\/apply-hanger-khaki-4e81da297ba71b9143ef2e16d8b73518.jpg\",\"contentUrl\":\"https:\/\/hubsch-interior.com\/wp-content\/uploads\/2026\/02\/apply-hanger-khaki-4e81da297ba71b9143ef2e16d8b73518.jpg\",\"width\":1024,\"height\":1024},{\"@type\":\"BreadcrumbList\",\"@id\":\"https:\/\/hubsch-interior.com\/de\/produkt\/apply-bugel-khaki\/#breadcrumb\",\"itemListElement\":[{\"@type\":\"ListItem\",\"position\":1,\"name\":\"Startseite\",\"item\":\"https:\/\/hubsch-interior.com\/de\/\"},{\"@type\":\"ListItem\",\"position\":2,\"name\":\"Produkte\",\"item\":\"https:\/\/hubsch-interior.com\/de\/shop-2\/\"},{\"@type\":\"ListItem\",\"position\":3,\"name\":\"Wohnaccessoires\",\"item\":\"https:\/\/hubsch-interior.com\/de\/produkt-kategorie\/wohnaccessoires\/\"},{\"@type\":\"ListItem\",\"position\":4,\"name\":\"Haken und Hakenleisten\",\"item\":\"https:\/\/hubsch-interior.com\/de\/produkt-kategorie\/wohnaccessoires\/haken-und-hakenleisten-de\/\"},{\"@type\":\"ListItem\",\"position\":5,\"name\":\"Kleiderb&uuml;gel\",\"item\":\"https:\/\/hubsch-interior.com\/de\/produkt-kategorie\/wohnaccessoires\/haken-und-hakenleisten-de\/kleiderbuegel-de\/\"},{\"@type\":\"ListItem\",\"position\":6,\"name\":\"Apply B\u00fcgel Khaki\"}]},{\"@type\":\"WebSite\",\"@id\":\"https:\/\/hubsch-interior.com\/de\/#website\",\"url\":\"https:\/\/hubsch-interior.com\/de\/\",\"name\":\"H\u00fcbsch\",\"description\":\"Danish Home Interior and Design\",\"publisher\":{\"@id\":\"https:\/\/hubsch-interior.com\/de\/#organization\"},\"potentialAction\":[{\"@type\":\"SearchAction\",\"target\":{\"@type\":\"EntryPoint\",\"urlTemplate\":\"https:\/\/hubsch-interior.com\/de\/?s={search_term_string}\"},\"query-input\":{\"@type\":\"PropertyValueSpecification\",\"valueRequired\":true,\"valueName\":\"search_term_string\"}}],\"inLanguage\":\"de\"},{\"@type\":\"Organization\",\"@id\":\"https:\/\/hubsch-interior.com\/de\/#organization\",\"name\":\"H\u00fcbsch\",\"url\":\"https:\/\/hubsch-interior.com\/de\/\",\"logo\":{\"@type\":\"ImageObject\",\"inLanguage\":\"de\",\"@id\":\"https:\/\/hubsch-interior.com\/de\/#\/schema\/logo\/image\/\",\"url\":\"https:\/\/hubsch-interior.com\/wp-content\/uploads\/2022\/12\/Hubsch_logo_black_one_line.svg\",\"contentUrl\":\"https:\/\/hubsch-interior.com\/wp-content\/uploads\/2022\/12\/Hubsch_logo_black_one_line.svg\",\"caption\":\"H\u00fcbsch\"},\"image\":{\"@id\":\"https:\/\/hubsch-interior.com\/de\/#\/schema\/logo\/image\/\"}}]}<\/script>\n<!-- \/ Yoast SEO plugin. -->","yoast_head_json":{"title":"Apply B\u00fcgel Khaki - H\u00fcbsch","description":"Haben es Ihre besten Kleider nicht verdient, stilvoll aufgeh\u00e4ngt zu werden? Die charakteristische Form und die herrliche Sandfarbe machen diesen","robots":{"index":"index","follow":"follow","max-snippet":"max-snippet:-1","max-image-preview":"max-image-preview:large","max-video-preview":"max-video-preview:-1"},"canonical":"https:\/\/hubsch-interior.com\/de\/wp-json\/wp\/v2\/product\/743031","og_locale":"de_DE","og_type":"article","og_title":"Apply B\u00fcgel Khaki - H\u00fcbsch","og_description":"Haben es Ihre besten Kleider nicht verdient, stilvoll aufgeh\u00e4ngt zu werden? Die charakteristische Form und die herrliche Sandfarbe machen diesen","og_url":"https:\/\/hubsch-interior.com\/de\/produkt\/apply-bugel-khaki\/","og_site_name":"H\u00fcbsch","article_modified_time":"2026-04-09T03:17:10+00:00","og_image":[{"width":1200,"height":1200,"url":"https:\/\/hubsch-interior.com\/wp-content\/uploads\/2025\/05\/apply-hanger-khaki-2cb2b99a19ed00bf213f919e7c6e3085.jpg","type":"image\/jpeg"}],"twitter_card":"summary_large_image","schema":{"@context":"https:\/\/schema.org","@graph":[{"@type":"WebPage","@id":"https:\/\/hubsch-interior.com\/de\/produkt\/apply-bugel-khaki\/","url":"https:\/\/hubsch-interior.com\/de\/produkt\/apply-bugel-khaki\/","name":"Apply B\u00fcgel Khaki - H\u00fcbsch","isPartOf":{"@id":"https:\/\/hubsch-interior.com\/de\/#website"},"primaryImageOfPage":{"@id":"https:\/\/hubsch-interior.com\/de\/produkt\/apply-bugel-khaki\/#primaryimage"},"image":{"@id":"https:\/\/hubsch-interior.com\/de\/produkt\/apply-bugel-khaki\/#primaryimage"},"thumbnailUrl":"https:\/\/hubsch-interior.com\/wp-content\/uploads\/2026\/02\/apply-hanger-khaki-4e81da297ba71b9143ef2e16d8b73518.jpg","datePublished":"2022-02-08T15:00:15+00:00","dateModified":"2026-04-09T03:17:10+00:00","description":"Haben es Ihre besten Kleider nicht verdient, stilvoll aufgeh\u00e4ngt zu werden? Die charakteristische Form und die herrliche Sandfarbe machen diesen","breadcrumb":{"@id":"https:\/\/hubsch-interior.com\/de\/produkt\/apply-bugel-khaki\/#breadcrumb"},"inLanguage":"de","potentialAction":[{"@type":"ReadAction","target":["https:\/\/hubsch-interior.com\/de\/produkt\/apply-bugel-khaki\/"]}]},{"@type":"ImageObject","inLanguage":"de","@id":"https:\/\/hubsch-interior.com\/de\/produkt\/apply-bugel-khaki\/#primaryimage","url":"https:\/\/hubsch-interior.com\/wp-content\/uploads\/2026\/02\/apply-hanger-khaki-4e81da297ba71b9143ef2e16d8b73518.jpg","contentUrl":"https:\/\/hubsch-interior.com\/wp-content\/uploads\/2026\/02\/apply-hanger-khaki-4e81da297ba71b9143ef2e16d8b73518.jpg","width":1024,"height":1024},{"@type":"BreadcrumbList","@id":"https:\/\/hubsch-interior.com\/de\/produkt\/apply-bugel-khaki\/#breadcrumb","itemListElement":[{"@type":"ListItem","position":1,"name":"Startseite","item":"https:\/\/hubsch-interior.com\/de\/"},{"@type":"ListItem","position":2,"name":"Produkte","item":"https:\/\/hubsch-interior.com\/de\/shop-2\/"},{"@type":"ListItem","position":3,"name":"Wohnaccessoires","item":"https:\/\/hubsch-interior.com\/de\/produkt-kategorie\/wohnaccessoires\/"},{"@type":"ListItem","position":4,"name":"Haken und Hakenleisten","item":"https:\/\/hubsch-interior.com\/de\/produkt-kategorie\/wohnaccessoires\/haken-und-hakenleisten-de\/"},{"@type":"ListItem","position":5,"name":"Kleiderb&uuml;gel","item":"https:\/\/hubsch-interior.com\/de\/produkt-kategorie\/wohnaccessoires\/haken-und-hakenleisten-de\/kleiderbuegel-de\/"},{"@type":"ListItem","position":6,"name":"Apply B\u00fcgel Khaki"}]},{"@type":"WebSite","@id":"https:\/\/hubsch-interior.com\/de\/#website","url":"https:\/\/hubsch-interior.com\/de\/","name":"H\u00fcbsch","description":"Danish Home Interior and Design","publisher":{"@id":"https:\/\/hubsch-interior.com\/de\/#organization"},"potentialAction":[{"@type":"SearchAction","target":{"@type":"EntryPoint","urlTemplate":"https:\/\/hubsch-interior.com\/de\/?s={search_term_string}"},"query-input":{"@type":"PropertyValueSpecification","valueRequired":true,"valueName":"search_term_string"}}],"inLanguage":"de"},{"@type":"Organization","@id":"https:\/\/hubsch-interior.com\/de\/#organization","name":"H\u00fcbsch","url":"https:\/\/hubsch-interior.com\/de\/","logo":{"@type":"ImageObject","inLanguage":"de","@id":"https:\/\/hubsch-interior.com\/de\/#\/schema\/logo\/image\/","url":"https:\/\/hubsch-interior.com\/wp-content\/uploads\/2022\/12\/Hubsch_logo_black_one_line.svg","contentUrl":"https:\/\/hubsch-interior.com\/wp-content\/uploads\/2022\/12\/Hubsch_logo_black_one_line.svg","caption":"H\u00fcbsch"},"image":{"@id":"https:\/\/hubsch-interior.com\/de\/#\/schema\/logo\/image\/"}}]}},"_links":{"self":[{"href":"https:\/\/hubsch-interior.com\/de\/wp-json\/wp\/v2\/product\/743031","targetHints":{"allow":["GET"]}}],"collection":[{"href":"https:\/\/hubsch-interior.com\/de\/wp-json\/wp\/v2\/product"}],"about":[{"href":"https:\/\/hubsch-interior.com\/de\/wp-json\/wp\/v2\/types\/product"}],"wp:featuredmedia":[{"embeddable":true,"href":"https:\/\/hubsch-interior.com\/de\/wp-json\/wp\/v2\/media\/1110314"}],"wp:attachment":[{"href":"https:\/\/hubsch-interior.com\/de\/wp-json\/wp\/v2\/media?parent=743031"}],"wp:term":[{"taxonomy":"product_brand","embeddable":true,"href":"https:\/\/hubsch-interior.com\/de\/wp-json\/wp\/v2\/product_brand?post=743031"},{"taxonomy":"product_cat","embeddable":true,"href":"https:\/\/hubsch-interior.com\/de\/wp-json\/wp\/v2\/product_cat?post=743031"},{"taxonomy":"product_tag","embeddable":true,"href":"https:\/\/hubsch-interior.com\/de\/wp-json\/wp\/v2\/product_tag?post=743031"}],"curies":[{"name":"wp","href":"https:\/\/api.w.org\/{rel}","templated":true}]}}