{"id":743184,"date":"2022-02-08T16:01:07","date_gmt":"2022-02-08T15:01:07","guid":{"rendered":"https:\/\/hubsch-interior.com\/product\/product\/"},"modified":"2026-04-11T05:14:28","modified_gmt":"2026-04-11T03:14:28","slug":"chand-hangelampe-ellipse-naturfarben","status":"publish","type":"product","link":"https:\/\/hubsch-interior.com\/de\/produkt\/chand-hangelampe-ellipse-naturfarben\/","title":{"rendered":"Chand H\u00e4ngelampe Ellipse Naturfarben"},"content":{"rendered":"<p>Erhellen Sie Ihr Zuhause mit der h\u00fcbschen Chand Pendant Pendelleuchte. Diese Rattan-Lampe liegt voll im Trend \u2013 und wir sind ganz hin und weg. Neu in unserer Lampenkollektion ist die Chand Pendelleuchte Ellipse, die mit Form und Licht spielt. Kombinieren Sie sie f\u00fcr mehr Kontrast mit Lampen mit anderem Muster \u2013 oder setzen Sie zwei oder drei Chand Pendants als Gruppe in Szene.<\/p>\n","protected":false},"excerpt":{"rendered":"<p>Erhellen Sie Ihr Zuhause mit der h\u00fcbschen Chand Pendant Pendelleuchte. Diese Rattan-Lampe liegt voll im Trend \u2013 und wir sind ganz hin und weg. Neu in unserer Lampenkollektion ist die Chand Pendelleuchte Ellipse, die mit Form und Licht spielt. Kombinieren Sie sie f\u00fcr mehr Kontrast mit Lampen mit anderem Muster \u2013 oder setzen Sie zwei [&hellip;]<\/p>\n","protected":false},"featured_media":1113254,"template":"","meta":{"_acf_changed":false,"inline_featured_image":false},"product_brand":[],"product_cat":[6323,3809,4148,5027,5031],"product_tag":[],"class_list":{"0":"post-743184","1":"product","2":"type-product","3":"status-publish","4":"has-post-thumbnail","6":"product_cat-fsc-de","7":"product_cat-beleuchtung","8":"product_cat-haengelampen-de","9":"product_cat-bestsellers-de","10":"product_cat-wieder-auf-lager-de","11":"product_shipping_class-pk","13":"pa_color-naturfarben-2","14":"pa_material-rattan-de","16":"first","17":"instock","18":"featured","19":"taxable","20":"shipping-taxable","21":"purchasable","22":"product-type-simple"},"exclude_global_add_ons":[],"addons":[],"acf":[],"yoast_head":"<!-- This site is optimized with the Yoast SEO plugin v26.4 - https:\/\/yoast.com\/wordpress\/plugins\/seo\/ -->\n<title>Chand H\u00e4ngelampe Ellipse Naturfarben - H\u00fcbsch<\/title>\n<meta name=\"description\" content=\"Erhellen Sie Ihr Zuhause mit der h\u00fcbschen Chand Pendant Pendelleuchte. Diese Rattan-Lampe liegt voll im Trend \u2013 und wir sind ganz hin und weg. Neu in\" \/>\n<meta name=\"robots\" content=\"index, follow, max-snippet:-1, max-image-preview:large, max-video-preview:-1\" \/>\n<link rel=\"canonical\" href=\"https:\/\/hubsch-interior.com\/de\/wp-json\/wp\/v2\/product\/743184\" \/>\n<meta property=\"og:locale\" content=\"de_DE\" \/>\n<meta property=\"og:type\" content=\"article\" \/>\n<meta property=\"og:title\" content=\"Chand H\u00e4ngelampe Ellipse Naturfarben - H\u00fcbsch\" \/>\n<meta property=\"og:description\" content=\"Erhellen Sie Ihr Zuhause mit der h\u00fcbschen Chand Pendant Pendelleuchte. Diese Rattan-Lampe liegt voll im Trend \u2013 und wir sind ganz hin und weg. Neu in\" \/>\n<meta property=\"og:url\" content=\"https:\/\/hubsch-interior.com\/de\/produkt\/chand-hangelampe-ellipse-naturfarben\/\" \/>\n<meta property=\"og:site_name\" content=\"H\u00fcbsch\" \/>\n<meta property=\"article:modified_time\" content=\"2026-04-11T03:14:28+00:00\" \/>\n<meta property=\"og:image\" content=\"https:\/\/hubsch-interior.com\/wp-content\/uploads\/2025\/05\/chand-pendant-ellipse-natural-32e4d0705843cf78863bbb1fce879977.jpg\" \/>\n\t<meta property=\"og:image:width\" content=\"1200\" \/>\n\t<meta property=\"og:image:height\" content=\"1200\" \/>\n\t<meta property=\"og:image:type\" content=\"image\/jpeg\" \/>\n<meta name=\"twitter:card\" content=\"summary_large_image\" \/>\n<script type=\"application\/ld+json\" class=\"yoast-schema-graph\">{\"@context\":\"https:\/\/schema.org\",\"@graph\":[{\"@type\":\"WebPage\",\"@id\":\"https:\/\/hubsch-interior.com\/de\/produkt\/chand-hangelampe-ellipse-naturfarben\/\",\"url\":\"https:\/\/hubsch-interior.com\/de\/produkt\/chand-hangelampe-ellipse-naturfarben\/\",\"name\":\"Chand H\u00e4ngelampe Ellipse Naturfarben - H\u00fcbsch\",\"isPartOf\":{\"@id\":\"https:\/\/hubsch-interior.com\/de\/#website\"},\"primaryImageOfPage\":{\"@id\":\"https:\/\/hubsch-interior.com\/de\/produkt\/chand-hangelampe-ellipse-naturfarben\/#primaryimage\"},\"image\":{\"@id\":\"https:\/\/hubsch-interior.com\/de\/produkt\/chand-hangelampe-ellipse-naturfarben\/#primaryimage\"},\"thumbnailUrl\":\"https:\/\/hubsch-interior.com\/wp-content\/uploads\/2026\/02\/chand-pendant-ellipse-natural-a27466f3464b365b7c9e1d37ec409f3b.jpg\",\"datePublished\":\"2022-02-08T15:01:07+00:00\",\"dateModified\":\"2026-04-11T03:14:28+00:00\",\"description\":\"Erhellen Sie Ihr Zuhause mit der h\u00fcbschen Chand Pendant Pendelleuchte. Diese Rattan-Lampe liegt voll im Trend \u2013 und wir sind ganz hin und weg. Neu in\",\"breadcrumb\":{\"@id\":\"https:\/\/hubsch-interior.com\/de\/produkt\/chand-hangelampe-ellipse-naturfarben\/#breadcrumb\"},\"inLanguage\":\"de\",\"potentialAction\":[{\"@type\":\"ReadAction\",\"target\":[\"https:\/\/hubsch-interior.com\/de\/produkt\/chand-hangelampe-ellipse-naturfarben\/\"]}]},{\"@type\":\"ImageObject\",\"inLanguage\":\"de\",\"@id\":\"https:\/\/hubsch-interior.com\/de\/produkt\/chand-hangelampe-ellipse-naturfarben\/#primaryimage\",\"url\":\"https:\/\/hubsch-interior.com\/wp-content\/uploads\/2026\/02\/chand-pendant-ellipse-natural-a27466f3464b365b7c9e1d37ec409f3b.jpg\",\"contentUrl\":\"https:\/\/hubsch-interior.com\/wp-content\/uploads\/2026\/02\/chand-pendant-ellipse-natural-a27466f3464b365b7c9e1d37ec409f3b.jpg\",\"width\":1024,\"height\":1024},{\"@type\":\"BreadcrumbList\",\"@id\":\"https:\/\/hubsch-interior.com\/de\/produkt\/chand-hangelampe-ellipse-naturfarben\/#breadcrumb\",\"itemListElement\":[{\"@type\":\"ListItem\",\"position\":1,\"name\":\"Startseite\",\"item\":\"https:\/\/hubsch-interior.com\/de\/\"},{\"@type\":\"ListItem\",\"position\":2,\"name\":\"Produkte\",\"item\":\"https:\/\/hubsch-interior.com\/de\/shop-2\/\"},{\"@type\":\"ListItem\",\"position\":3,\"name\":\"FSC\",\"item\":\"https:\/\/hubsch-interior.com\/de\/produkt-kategorie\/fsc-de\/\"},{\"@type\":\"ListItem\",\"position\":4,\"name\":\"Chand H\u00e4ngelampe Ellipse Naturfarben\"}]},{\"@type\":\"WebSite\",\"@id\":\"https:\/\/hubsch-interior.com\/de\/#website\",\"url\":\"https:\/\/hubsch-interior.com\/de\/\",\"name\":\"H\u00fcbsch\",\"description\":\"Danish Home Interior and Design\",\"publisher\":{\"@id\":\"https:\/\/hubsch-interior.com\/de\/#organization\"},\"potentialAction\":[{\"@type\":\"SearchAction\",\"target\":{\"@type\":\"EntryPoint\",\"urlTemplate\":\"https:\/\/hubsch-interior.com\/de\/?s={search_term_string}\"},\"query-input\":{\"@type\":\"PropertyValueSpecification\",\"valueRequired\":true,\"valueName\":\"search_term_string\"}}],\"inLanguage\":\"de\"},{\"@type\":\"Organization\",\"@id\":\"https:\/\/hubsch-interior.com\/de\/#organization\",\"name\":\"H\u00fcbsch\",\"url\":\"https:\/\/hubsch-interior.com\/de\/\",\"logo\":{\"@type\":\"ImageObject\",\"inLanguage\":\"de\",\"@id\":\"https:\/\/hubsch-interior.com\/de\/#\/schema\/logo\/image\/\",\"url\":\"https:\/\/hubsch-interior.com\/wp-content\/uploads\/2022\/12\/Hubsch_logo_black_one_line.svg\",\"contentUrl\":\"https:\/\/hubsch-interior.com\/wp-content\/uploads\/2022\/12\/Hubsch_logo_black_one_line.svg\",\"caption\":\"H\u00fcbsch\"},\"image\":{\"@id\":\"https:\/\/hubsch-interior.com\/de\/#\/schema\/logo\/image\/\"}}]}<\/script>\n<!-- \/ Yoast SEO plugin. -->","yoast_head_json":{"title":"Chand H\u00e4ngelampe Ellipse Naturfarben - H\u00fcbsch","description":"Erhellen Sie Ihr Zuhause mit der h\u00fcbschen Chand Pendant Pendelleuchte. Diese Rattan-Lampe liegt voll im Trend \u2013 und wir sind ganz hin und weg. Neu in","robots":{"index":"index","follow":"follow","max-snippet":"max-snippet:-1","max-image-preview":"max-image-preview:large","max-video-preview":"max-video-preview:-1"},"canonical":"https:\/\/hubsch-interior.com\/de\/wp-json\/wp\/v2\/product\/743184","og_locale":"de_DE","og_type":"article","og_title":"Chand H\u00e4ngelampe Ellipse Naturfarben - H\u00fcbsch","og_description":"Erhellen Sie Ihr Zuhause mit der h\u00fcbschen Chand Pendant Pendelleuchte. Diese Rattan-Lampe liegt voll im Trend \u2013 und wir sind ganz hin und weg. Neu in","og_url":"https:\/\/hubsch-interior.com\/de\/produkt\/chand-hangelampe-ellipse-naturfarben\/","og_site_name":"H\u00fcbsch","article_modified_time":"2026-04-11T03:14:28+00:00","og_image":[{"width":1200,"height":1200,"url":"https:\/\/hubsch-interior.com\/wp-content\/uploads\/2025\/05\/chand-pendant-ellipse-natural-32e4d0705843cf78863bbb1fce879977.jpg","type":"image\/jpeg"}],"twitter_card":"summary_large_image","schema":{"@context":"https:\/\/schema.org","@graph":[{"@type":"WebPage","@id":"https:\/\/hubsch-interior.com\/de\/produkt\/chand-hangelampe-ellipse-naturfarben\/","url":"https:\/\/hubsch-interior.com\/de\/produkt\/chand-hangelampe-ellipse-naturfarben\/","name":"Chand H\u00e4ngelampe Ellipse Naturfarben - H\u00fcbsch","isPartOf":{"@id":"https:\/\/hubsch-interior.com\/de\/#website"},"primaryImageOfPage":{"@id":"https:\/\/hubsch-interior.com\/de\/produkt\/chand-hangelampe-ellipse-naturfarben\/#primaryimage"},"image":{"@id":"https:\/\/hubsch-interior.com\/de\/produkt\/chand-hangelampe-ellipse-naturfarben\/#primaryimage"},"thumbnailUrl":"https:\/\/hubsch-interior.com\/wp-content\/uploads\/2026\/02\/chand-pendant-ellipse-natural-a27466f3464b365b7c9e1d37ec409f3b.jpg","datePublished":"2022-02-08T15:01:07+00:00","dateModified":"2026-04-11T03:14:28+00:00","description":"Erhellen Sie Ihr Zuhause mit der h\u00fcbschen Chand Pendant Pendelleuchte. Diese Rattan-Lampe liegt voll im Trend \u2013 und wir sind ganz hin und weg. Neu in","breadcrumb":{"@id":"https:\/\/hubsch-interior.com\/de\/produkt\/chand-hangelampe-ellipse-naturfarben\/#breadcrumb"},"inLanguage":"de","potentialAction":[{"@type":"ReadAction","target":["https:\/\/hubsch-interior.com\/de\/produkt\/chand-hangelampe-ellipse-naturfarben\/"]}]},{"@type":"ImageObject","inLanguage":"de","@id":"https:\/\/hubsch-interior.com\/de\/produkt\/chand-hangelampe-ellipse-naturfarben\/#primaryimage","url":"https:\/\/hubsch-interior.com\/wp-content\/uploads\/2026\/02\/chand-pendant-ellipse-natural-a27466f3464b365b7c9e1d37ec409f3b.jpg","contentUrl":"https:\/\/hubsch-interior.com\/wp-content\/uploads\/2026\/02\/chand-pendant-ellipse-natural-a27466f3464b365b7c9e1d37ec409f3b.jpg","width":1024,"height":1024},{"@type":"BreadcrumbList","@id":"https:\/\/hubsch-interior.com\/de\/produkt\/chand-hangelampe-ellipse-naturfarben\/#breadcrumb","itemListElement":[{"@type":"ListItem","position":1,"name":"Startseite","item":"https:\/\/hubsch-interior.com\/de\/"},{"@type":"ListItem","position":2,"name":"Produkte","item":"https:\/\/hubsch-interior.com\/de\/shop-2\/"},{"@type":"ListItem","position":3,"name":"FSC","item":"https:\/\/hubsch-interior.com\/de\/produkt-kategorie\/fsc-de\/"},{"@type":"ListItem","position":4,"name":"Chand H\u00e4ngelampe Ellipse Naturfarben"}]},{"@type":"WebSite","@id":"https:\/\/hubsch-interior.com\/de\/#website","url":"https:\/\/hubsch-interior.com\/de\/","name":"H\u00fcbsch","description":"Danish Home Interior and Design","publisher":{"@id":"https:\/\/hubsch-interior.com\/de\/#organization"},"potentialAction":[{"@type":"SearchAction","target":{"@type":"EntryPoint","urlTemplate":"https:\/\/hubsch-interior.com\/de\/?s={search_term_string}"},"query-input":{"@type":"PropertyValueSpecification","valueRequired":true,"valueName":"search_term_string"}}],"inLanguage":"de"},{"@type":"Organization","@id":"https:\/\/hubsch-interior.com\/de\/#organization","name":"H\u00fcbsch","url":"https:\/\/hubsch-interior.com\/de\/","logo":{"@type":"ImageObject","inLanguage":"de","@id":"https:\/\/hubsch-interior.com\/de\/#\/schema\/logo\/image\/","url":"https:\/\/hubsch-interior.com\/wp-content\/uploads\/2022\/12\/Hubsch_logo_black_one_line.svg","contentUrl":"https:\/\/hubsch-interior.com\/wp-content\/uploads\/2022\/12\/Hubsch_logo_black_one_line.svg","caption":"H\u00fcbsch"},"image":{"@id":"https:\/\/hubsch-interior.com\/de\/#\/schema\/logo\/image\/"}}]}},"_links":{"self":[{"href":"https:\/\/hubsch-interior.com\/de\/wp-json\/wp\/v2\/product\/743184","targetHints":{"allow":["GET"]}}],"collection":[{"href":"https:\/\/hubsch-interior.com\/de\/wp-json\/wp\/v2\/product"}],"about":[{"href":"https:\/\/hubsch-interior.com\/de\/wp-json\/wp\/v2\/types\/product"}],"wp:featuredmedia":[{"embeddable":true,"href":"https:\/\/hubsch-interior.com\/de\/wp-json\/wp\/v2\/media\/1113254"}],"wp:attachment":[{"href":"https:\/\/hubsch-interior.com\/de\/wp-json\/wp\/v2\/media?parent=743184"}],"wp:term":[{"taxonomy":"product_brand","embeddable":true,"href":"https:\/\/hubsch-interior.com\/de\/wp-json\/wp\/v2\/product_brand?post=743184"},{"taxonomy":"product_cat","embeddable":true,"href":"https:\/\/hubsch-interior.com\/de\/wp-json\/wp\/v2\/product_cat?post=743184"},{"taxonomy":"product_tag","embeddable":true,"href":"https:\/\/hubsch-interior.com\/de\/wp-json\/wp\/v2\/product_tag?post=743184"}],"curies":[{"name":"wp","href":"https:\/\/api.w.org\/{rel}","templated":true}]}}