{"id":763783,"date":"2022-03-22T15:28:32","date_gmt":"2022-03-22T14:28:32","guid":{"rendered":"https:\/\/hubsch-interior.com\/product\/product\/"},"modified":"2026-04-11T04:22:29","modified_gmt":"2026-04-11T02:22:29","slug":"sculpture-pouf-grau","status":"publish","type":"product","link":"https:\/\/hubsch-interior.com\/de\/produkt\/sculpture-pouf-grau\/","title":{"rendered":"Sculpture Pouf Grau"},"content":{"rendered":"<p>Wie Sie sehen k\u00f6nnen, ist dieser graue Pouf kein gew\u00f6hnlicher Pouf. Ideal f\u00fcr kleine R\u00e4ume oder einfach als stilvoller Beitrag zu Ihrem sich st\u00e4ndig weiterentwickelnden Wohnzimmer. So stellen wir uns einen perfekten Hocker vor. Verwenden Sie ihn als zus\u00e4tzliche Sitzgelegenheit, ruhen Sie Ihre m\u00fcden F\u00fc\u00dfe aus oder nutzen Sie ihn als Ablage f\u00fcr Ihre Lieblingsb\u00fccher. In jedem Fall passt das schlichte, stilvolle und praktische Design zu verschiedenen Einrichtungsstilen. Ein skulpturaler Anblick f\u00fcr ersch\u00f6pfte Augen.<\/p>\n","protected":false},"excerpt":{"rendered":"<p>Wie Sie sehen k\u00f6nnen, ist dieser graue Pouf kein gew\u00f6hnlicher Pouf. Ideal f\u00fcr kleine R\u00e4ume oder einfach als stilvoller Beitrag zu Ihrem sich st\u00e4ndig weiterentwickelnden Wohnzimmer. So stellen wir uns einen perfekten Hocker vor. Verwenden Sie ihn als zus\u00e4tzliche Sitzgelegenheit, ruhen Sie Ihre m\u00fcden F\u00fc\u00dfe aus oder nutzen Sie ihn als Ablage f\u00fcr Ihre Lieblingsb\u00fccher. [&hellip;]<\/p>\n","protected":false},"featured_media":1095237,"template":"","meta":{"_acf_changed":false,"inline_featured_image":false},"product_brand":[],"product_cat":[2845,5458],"product_tag":[],"class_list":{"0":"post-763783","1":"product","2":"type-product","3":"status-publish","4":"has-post-thumbnail","6":"product_cat-sitzmoebel-de","7":"product_cat-poufs-de","8":"product_shipping_class-pk","10":"pa_color-grau-2","11":"pa_material-polyester-100-de","13":"first","14":"instock","15":"taxable","16":"shipping-taxable","17":"purchasable","18":"product-type-simple"},"exclude_global_add_ons":[],"addons":[],"acf":[],"yoast_head":"<!-- This site is optimized with the Yoast SEO plugin v26.4 - https:\/\/yoast.com\/wordpress\/plugins\/seo\/ -->\n<title>Sculpture Pouf Grau - H\u00fcbsch<\/title>\n<meta name=\"description\" content=\"Wie Sie sehen k\u00f6nnen, ist dieser graue Pouf kein gew\u00f6hnlicher Pouf. Ideal f\u00fcr kleine R\u00e4ume oder einfach als stilvoller Beitrag zu Ihrem sich st\u00e4ndig\" \/>\n<meta name=\"robots\" content=\"index, follow, max-snippet:-1, max-image-preview:large, max-video-preview:-1\" \/>\n<link rel=\"canonical\" href=\"https:\/\/hubsch-interior.com\/de\/wp-json\/wp\/v2\/product\/763783\" \/>\n<meta property=\"og:locale\" content=\"de_DE\" \/>\n<meta property=\"og:type\" content=\"article\" \/>\n<meta property=\"og:title\" content=\"Sculpture Pouf Grau - H\u00fcbsch\" \/>\n<meta property=\"og:description\" content=\"Wie Sie sehen k\u00f6nnen, ist dieser graue Pouf kein gew\u00f6hnlicher Pouf. Ideal f\u00fcr kleine R\u00e4ume oder einfach als stilvoller Beitrag zu Ihrem sich st\u00e4ndig\" \/>\n<meta property=\"og:url\" content=\"https:\/\/hubsch-interior.com\/de\/produkt\/sculpture-pouf-grau\/\" \/>\n<meta property=\"og:site_name\" content=\"H\u00fcbsch\" \/>\n<meta property=\"article:modified_time\" content=\"2026-04-11T02:22:29+00:00\" \/>\n<meta property=\"og:image\" content=\"https:\/\/hubsch-interior.com\/wp-content\/uploads\/2024\/04\/sculpture-pouffe-grey-61a13df06d6dd9c8d18d37b90335146a.jpg\" \/>\n\t<meta property=\"og:image:width\" content=\"1200\" \/>\n\t<meta property=\"og:image:height\" content=\"1200\" \/>\n\t<meta property=\"og:image:type\" content=\"image\/jpeg\" \/>\n<meta name=\"twitter:card\" content=\"summary_large_image\" \/>\n<script type=\"application\/ld+json\" class=\"yoast-schema-graph\">{\"@context\":\"https:\/\/schema.org\",\"@graph\":[{\"@type\":\"WebPage\",\"@id\":\"https:\/\/hubsch-interior.com\/de\/produkt\/sculpture-pouf-grau\/\",\"url\":\"https:\/\/hubsch-interior.com\/de\/produkt\/sculpture-pouf-grau\/\",\"name\":\"Sculpture Pouf Grau - H\u00fcbsch\",\"isPartOf\":{\"@id\":\"https:\/\/hubsch-interior.com\/de\/#website\"},\"primaryImageOfPage\":{\"@id\":\"https:\/\/hubsch-interior.com\/de\/produkt\/sculpture-pouf-grau\/#primaryimage\"},\"image\":{\"@id\":\"https:\/\/hubsch-interior.com\/de\/produkt\/sculpture-pouf-grau\/#primaryimage\"},\"thumbnailUrl\":\"https:\/\/hubsch-interior.com\/wp-content\/uploads\/2026\/02\/sculpture-pouffe-grey-c90be44fa9158d960de4fe8386d46cd7.jpg\",\"datePublished\":\"2022-03-22T14:28:32+00:00\",\"dateModified\":\"2026-04-11T02:22:29+00:00\",\"description\":\"Wie Sie sehen k\u00f6nnen, ist dieser graue Pouf kein gew\u00f6hnlicher Pouf. Ideal f\u00fcr kleine R\u00e4ume oder einfach als stilvoller Beitrag zu Ihrem sich st\u00e4ndig\",\"breadcrumb\":{\"@id\":\"https:\/\/hubsch-interior.com\/de\/produkt\/sculpture-pouf-grau\/#breadcrumb\"},\"inLanguage\":\"de\",\"potentialAction\":[{\"@type\":\"ReadAction\",\"target\":[\"https:\/\/hubsch-interior.com\/de\/produkt\/sculpture-pouf-grau\/\"]}]},{\"@type\":\"ImageObject\",\"inLanguage\":\"de\",\"@id\":\"https:\/\/hubsch-interior.com\/de\/produkt\/sculpture-pouf-grau\/#primaryimage\",\"url\":\"https:\/\/hubsch-interior.com\/wp-content\/uploads\/2026\/02\/sculpture-pouffe-grey-c90be44fa9158d960de4fe8386d46cd7.jpg\",\"contentUrl\":\"https:\/\/hubsch-interior.com\/wp-content\/uploads\/2026\/02\/sculpture-pouffe-grey-c90be44fa9158d960de4fe8386d46cd7.jpg\",\"width\":1024,\"height\":1024},{\"@type\":\"BreadcrumbList\",\"@id\":\"https:\/\/hubsch-interior.com\/de\/produkt\/sculpture-pouf-grau\/#breadcrumb\",\"itemListElement\":[{\"@type\":\"ListItem\",\"position\":1,\"name\":\"Startseite\",\"item\":\"https:\/\/hubsch-interior.com\/de\/\"},{\"@type\":\"ListItem\",\"position\":2,\"name\":\"Produkte\",\"item\":\"https:\/\/hubsch-interior.com\/de\/shop-2\/\"},{\"@type\":\"ListItem\",\"position\":3,\"name\":\"M\u00f6bel\",\"item\":\"https:\/\/hubsch-interior.com\/de\/produkt-kategorie\/moebel\/\"},{\"@type\":\"ListItem\",\"position\":4,\"name\":\"Sitzm&ouml;bel\",\"item\":\"https:\/\/hubsch-interior.com\/de\/produkt-kategorie\/moebel\/sitzmoebel-de\/\"},{\"@type\":\"ListItem\",\"position\":5,\"name\":\"Poufs\",\"item\":\"https:\/\/hubsch-interior.com\/de\/produkt-kategorie\/moebel\/sitzmoebel-de\/poufs-de\/\"},{\"@type\":\"ListItem\",\"position\":6,\"name\":\"Sculpture Pouf Grau\"}]},{\"@type\":\"WebSite\",\"@id\":\"https:\/\/hubsch-interior.com\/de\/#website\",\"url\":\"https:\/\/hubsch-interior.com\/de\/\",\"name\":\"H\u00fcbsch\",\"description\":\"Danish Home Interior and Design\",\"publisher\":{\"@id\":\"https:\/\/hubsch-interior.com\/de\/#organization\"},\"potentialAction\":[{\"@type\":\"SearchAction\",\"target\":{\"@type\":\"EntryPoint\",\"urlTemplate\":\"https:\/\/hubsch-interior.com\/de\/?s={search_term_string}\"},\"query-input\":{\"@type\":\"PropertyValueSpecification\",\"valueRequired\":true,\"valueName\":\"search_term_string\"}}],\"inLanguage\":\"de\"},{\"@type\":\"Organization\",\"@id\":\"https:\/\/hubsch-interior.com\/de\/#organization\",\"name\":\"H\u00fcbsch\",\"url\":\"https:\/\/hubsch-interior.com\/de\/\",\"logo\":{\"@type\":\"ImageObject\",\"inLanguage\":\"de\",\"@id\":\"https:\/\/hubsch-interior.com\/de\/#\/schema\/logo\/image\/\",\"url\":\"https:\/\/hubsch-interior.com\/wp-content\/uploads\/2022\/12\/Hubsch_logo_black_one_line.svg\",\"contentUrl\":\"https:\/\/hubsch-interior.com\/wp-content\/uploads\/2022\/12\/Hubsch_logo_black_one_line.svg\",\"caption\":\"H\u00fcbsch\"},\"image\":{\"@id\":\"https:\/\/hubsch-interior.com\/de\/#\/schema\/logo\/image\/\"}}]}<\/script>\n<!-- \/ Yoast SEO plugin. -->","yoast_head_json":{"title":"Sculpture Pouf Grau - H\u00fcbsch","description":"Wie Sie sehen k\u00f6nnen, ist dieser graue Pouf kein gew\u00f6hnlicher Pouf. Ideal f\u00fcr kleine R\u00e4ume oder einfach als stilvoller Beitrag zu Ihrem sich st\u00e4ndig","robots":{"index":"index","follow":"follow","max-snippet":"max-snippet:-1","max-image-preview":"max-image-preview:large","max-video-preview":"max-video-preview:-1"},"canonical":"https:\/\/hubsch-interior.com\/de\/wp-json\/wp\/v2\/product\/763783","og_locale":"de_DE","og_type":"article","og_title":"Sculpture Pouf Grau - H\u00fcbsch","og_description":"Wie Sie sehen k\u00f6nnen, ist dieser graue Pouf kein gew\u00f6hnlicher Pouf. Ideal f\u00fcr kleine R\u00e4ume oder einfach als stilvoller Beitrag zu Ihrem sich st\u00e4ndig","og_url":"https:\/\/hubsch-interior.com\/de\/produkt\/sculpture-pouf-grau\/","og_site_name":"H\u00fcbsch","article_modified_time":"2026-04-11T02:22:29+00:00","og_image":[{"width":1200,"height":1200,"url":"https:\/\/hubsch-interior.com\/wp-content\/uploads\/2024\/04\/sculpture-pouffe-grey-61a13df06d6dd9c8d18d37b90335146a.jpg","type":"image\/jpeg"}],"twitter_card":"summary_large_image","schema":{"@context":"https:\/\/schema.org","@graph":[{"@type":"WebPage","@id":"https:\/\/hubsch-interior.com\/de\/produkt\/sculpture-pouf-grau\/","url":"https:\/\/hubsch-interior.com\/de\/produkt\/sculpture-pouf-grau\/","name":"Sculpture Pouf Grau - H\u00fcbsch","isPartOf":{"@id":"https:\/\/hubsch-interior.com\/de\/#website"},"primaryImageOfPage":{"@id":"https:\/\/hubsch-interior.com\/de\/produkt\/sculpture-pouf-grau\/#primaryimage"},"image":{"@id":"https:\/\/hubsch-interior.com\/de\/produkt\/sculpture-pouf-grau\/#primaryimage"},"thumbnailUrl":"https:\/\/hubsch-interior.com\/wp-content\/uploads\/2026\/02\/sculpture-pouffe-grey-c90be44fa9158d960de4fe8386d46cd7.jpg","datePublished":"2022-03-22T14:28:32+00:00","dateModified":"2026-04-11T02:22:29+00:00","description":"Wie Sie sehen k\u00f6nnen, ist dieser graue Pouf kein gew\u00f6hnlicher Pouf. Ideal f\u00fcr kleine R\u00e4ume oder einfach als stilvoller Beitrag zu Ihrem sich st\u00e4ndig","breadcrumb":{"@id":"https:\/\/hubsch-interior.com\/de\/produkt\/sculpture-pouf-grau\/#breadcrumb"},"inLanguage":"de","potentialAction":[{"@type":"ReadAction","target":["https:\/\/hubsch-interior.com\/de\/produkt\/sculpture-pouf-grau\/"]}]},{"@type":"ImageObject","inLanguage":"de","@id":"https:\/\/hubsch-interior.com\/de\/produkt\/sculpture-pouf-grau\/#primaryimage","url":"https:\/\/hubsch-interior.com\/wp-content\/uploads\/2026\/02\/sculpture-pouffe-grey-c90be44fa9158d960de4fe8386d46cd7.jpg","contentUrl":"https:\/\/hubsch-interior.com\/wp-content\/uploads\/2026\/02\/sculpture-pouffe-grey-c90be44fa9158d960de4fe8386d46cd7.jpg","width":1024,"height":1024},{"@type":"BreadcrumbList","@id":"https:\/\/hubsch-interior.com\/de\/produkt\/sculpture-pouf-grau\/#breadcrumb","itemListElement":[{"@type":"ListItem","position":1,"name":"Startseite","item":"https:\/\/hubsch-interior.com\/de\/"},{"@type":"ListItem","position":2,"name":"Produkte","item":"https:\/\/hubsch-interior.com\/de\/shop-2\/"},{"@type":"ListItem","position":3,"name":"M\u00f6bel","item":"https:\/\/hubsch-interior.com\/de\/produkt-kategorie\/moebel\/"},{"@type":"ListItem","position":4,"name":"Sitzm&ouml;bel","item":"https:\/\/hubsch-interior.com\/de\/produkt-kategorie\/moebel\/sitzmoebel-de\/"},{"@type":"ListItem","position":5,"name":"Poufs","item":"https:\/\/hubsch-interior.com\/de\/produkt-kategorie\/moebel\/sitzmoebel-de\/poufs-de\/"},{"@type":"ListItem","position":6,"name":"Sculpture Pouf Grau"}]},{"@type":"WebSite","@id":"https:\/\/hubsch-interior.com\/de\/#website","url":"https:\/\/hubsch-interior.com\/de\/","name":"H\u00fcbsch","description":"Danish Home Interior and Design","publisher":{"@id":"https:\/\/hubsch-interior.com\/de\/#organization"},"potentialAction":[{"@type":"SearchAction","target":{"@type":"EntryPoint","urlTemplate":"https:\/\/hubsch-interior.com\/de\/?s={search_term_string}"},"query-input":{"@type":"PropertyValueSpecification","valueRequired":true,"valueName":"search_term_string"}}],"inLanguage":"de"},{"@type":"Organization","@id":"https:\/\/hubsch-interior.com\/de\/#organization","name":"H\u00fcbsch","url":"https:\/\/hubsch-interior.com\/de\/","logo":{"@type":"ImageObject","inLanguage":"de","@id":"https:\/\/hubsch-interior.com\/de\/#\/schema\/logo\/image\/","url":"https:\/\/hubsch-interior.com\/wp-content\/uploads\/2022\/12\/Hubsch_logo_black_one_line.svg","contentUrl":"https:\/\/hubsch-interior.com\/wp-content\/uploads\/2022\/12\/Hubsch_logo_black_one_line.svg","caption":"H\u00fcbsch"},"image":{"@id":"https:\/\/hubsch-interior.com\/de\/#\/schema\/logo\/image\/"}}]}},"_links":{"self":[{"href":"https:\/\/hubsch-interior.com\/de\/wp-json\/wp\/v2\/product\/763783","targetHints":{"allow":["GET"]}}],"collection":[{"href":"https:\/\/hubsch-interior.com\/de\/wp-json\/wp\/v2\/product"}],"about":[{"href":"https:\/\/hubsch-interior.com\/de\/wp-json\/wp\/v2\/types\/product"}],"wp:featuredmedia":[{"embeddable":true,"href":"https:\/\/hubsch-interior.com\/de\/wp-json\/wp\/v2\/media\/1095237"}],"wp:attachment":[{"href":"https:\/\/hubsch-interior.com\/de\/wp-json\/wp\/v2\/media?parent=763783"}],"wp:term":[{"taxonomy":"product_brand","embeddable":true,"href":"https:\/\/hubsch-interior.com\/de\/wp-json\/wp\/v2\/product_brand?post=763783"},{"taxonomy":"product_cat","embeddable":true,"href":"https:\/\/hubsch-interior.com\/de\/wp-json\/wp\/v2\/product_cat?post=763783"},{"taxonomy":"product_tag","embeddable":true,"href":"https:\/\/hubsch-interior.com\/de\/wp-json\/wp\/v2\/product_tag?post=763783"}],"curies":[{"name":"wp","href":"https:\/\/api.w.org\/{rel}","templated":true}]}}