{"id":764014,"date":"2022-03-22T15:36:30","date_gmt":"2022-03-22T14:36:30","guid":{"rendered":"https:\/\/hubsch-interior.com\/product\/product\/"},"modified":"2026-04-09T04:30:42","modified_gmt":"2026-04-09T02:30:42","slug":"miro-vase-grun","status":"publish","type":"product","link":"https:\/\/hubsch-interior.com\/de\/produkt\/miro-vase-grun\/","title":{"rendered":"Miro Vase Gr\u00fcn"},"content":{"rendered":"<p>Stellen Sie sich ein sch\u00f6nes Picknick auf der Wiese vor. Die Ger\u00e4usche der V\u00f6gel, der Duft der Wildblumen und das pulsierende Leben \u2013 all das verk\u00f6rpert unsere Miro-Vase, eine wundersch\u00f6ne organisch geformte Glasvase. In dem exquisiten Muster aus gedeckten Gr\u00fcnt\u00f6nen kann man sich fast verlieren. Kombinieren Sie diese sch\u00f6ne Vase mit einem Strau\u00df frischer Blumen, um einen atemberaubenden, fr\u00f6hlichen Blickfang zu gestalten.<\/p>\n","protected":false},"excerpt":{"rendered":"<p>Stellen Sie sich ein sch\u00f6nes Picknick auf der Wiese vor. Die Ger\u00e4usche der V\u00f6gel, der Duft der Wildblumen und das pulsierende Leben \u2013 all das verk\u00f6rpert unsere Miro-Vase, eine wundersch\u00f6ne organisch geformte Glasvase. In dem exquisiten Muster aus gedeckten Gr\u00fcnt\u00f6nen kann man sich fast verlieren. Kombinieren Sie diese sch\u00f6ne Vase mit einem Strau\u00df frischer Blumen, [&hellip;]<\/p>\n","protected":false},"featured_media":1097013,"template":"","meta":{"_acf_changed":false,"inline_featured_image":false},"product_brand":[],"product_cat":[6972,6519,3156],"product_tag":[],"class_list":{"0":"post-764014","1":"product","2":"type-product","3":"status-publish","4":"has-post-thumbnail","6":"product_cat-oster-sale","7":"product_cat-outlet-de","8":"product_cat-vasen-de","9":"product_shipping_class-pk","11":"pa_color-grn-2","12":"pa_material-glas-de","14":"first","15":"instock","16":"sale","17":"taxable","18":"shipping-taxable","19":"purchasable","20":"product-type-simple"},"exclude_global_add_ons":[],"addons":[],"acf":[],"yoast_head":"<!-- This site is optimized with the Yoast SEO plugin v26.4 - https:\/\/yoast.com\/wordpress\/plugins\/seo\/ -->\n<title>Miro Vase Gr\u00fcn - H\u00fcbsch<\/title>\n<meta name=\"description\" content=\"Stellen Sie sich ein sch\u00f6nes Picknick auf der Wiese vor. Die Ger\u00e4usche der V\u00f6gel, der Duft der Wildblumen und das pulsierende Leben \u2013 all das verk\u00f6rpert\" \/>\n<meta name=\"robots\" content=\"index, follow, max-snippet:-1, max-image-preview:large, max-video-preview:-1\" \/>\n<link rel=\"canonical\" href=\"https:\/\/hubsch-interior.com\/de\/wp-json\/wp\/v2\/product\/764014\" \/>\n<meta property=\"og:locale\" content=\"de_DE\" \/>\n<meta property=\"og:type\" content=\"article\" \/>\n<meta property=\"og:title\" content=\"Miro Vase Gr\u00fcn - H\u00fcbsch\" \/>\n<meta property=\"og:description\" content=\"Stellen Sie sich ein sch\u00f6nes Picknick auf der Wiese vor. Die Ger\u00e4usche der V\u00f6gel, der Duft der Wildblumen und das pulsierende Leben \u2013 all das verk\u00f6rpert\" \/>\n<meta property=\"og:url\" content=\"https:\/\/hubsch-interior.com\/de\/produkt\/miro-vase-grun\/\" \/>\n<meta property=\"og:site_name\" content=\"H\u00fcbsch\" \/>\n<meta property=\"article:modified_time\" content=\"2026-04-09T02:30:42+00:00\" \/>\n<meta property=\"og:image\" content=\"https:\/\/hubsch-interior.com\/wp-content\/uploads\/2025\/04\/miro-vase-green-1277ab55d75590cd74c62b083fad3459.jpg\" \/>\n\t<meta property=\"og:image:width\" content=\"1200\" \/>\n\t<meta property=\"og:image:height\" content=\"1200\" \/>\n\t<meta property=\"og:image:type\" content=\"image\/jpeg\" \/>\n<meta name=\"twitter:card\" content=\"summary_large_image\" \/>\n<script type=\"application\/ld+json\" class=\"yoast-schema-graph\">{\"@context\":\"https:\/\/schema.org\",\"@graph\":[{\"@type\":\"WebPage\",\"@id\":\"https:\/\/hubsch-interior.com\/de\/produkt\/miro-vase-grun\/\",\"url\":\"https:\/\/hubsch-interior.com\/de\/produkt\/miro-vase-grun\/\",\"name\":\"Miro Vase Gr\u00fcn - H\u00fcbsch\",\"isPartOf\":{\"@id\":\"https:\/\/hubsch-interior.com\/de\/#website\"},\"primaryImageOfPage\":{\"@id\":\"https:\/\/hubsch-interior.com\/de\/produkt\/miro-vase-grun\/#primaryimage\"},\"image\":{\"@id\":\"https:\/\/hubsch-interior.com\/de\/produkt\/miro-vase-grun\/#primaryimage\"},\"thumbnailUrl\":\"https:\/\/hubsch-interior.com\/wp-content\/uploads\/2026\/02\/miro-vase-green-e90befbccb0a2d6e7d4203fa259606a9.jpg\",\"datePublished\":\"2022-03-22T14:36:30+00:00\",\"dateModified\":\"2026-04-09T02:30:42+00:00\",\"description\":\"Stellen Sie sich ein sch\u00f6nes Picknick auf der Wiese vor. Die Ger\u00e4usche der V\u00f6gel, der Duft der Wildblumen und das pulsierende Leben \u2013 all das verk\u00f6rpert\",\"breadcrumb\":{\"@id\":\"https:\/\/hubsch-interior.com\/de\/produkt\/miro-vase-grun\/#breadcrumb\"},\"inLanguage\":\"de\",\"potentialAction\":[{\"@type\":\"ReadAction\",\"target\":[\"https:\/\/hubsch-interior.com\/de\/produkt\/miro-vase-grun\/\"]}]},{\"@type\":\"ImageObject\",\"inLanguage\":\"de\",\"@id\":\"https:\/\/hubsch-interior.com\/de\/produkt\/miro-vase-grun\/#primaryimage\",\"url\":\"https:\/\/hubsch-interior.com\/wp-content\/uploads\/2026\/02\/miro-vase-green-e90befbccb0a2d6e7d4203fa259606a9.jpg\",\"contentUrl\":\"https:\/\/hubsch-interior.com\/wp-content\/uploads\/2026\/02\/miro-vase-green-e90befbccb0a2d6e7d4203fa259606a9.jpg\",\"width\":1024,\"height\":1024},{\"@type\":\"BreadcrumbList\",\"@id\":\"https:\/\/hubsch-interior.com\/de\/produkt\/miro-vase-grun\/#breadcrumb\",\"itemListElement\":[{\"@type\":\"ListItem\",\"position\":1,\"name\":\"Startseite\",\"item\":\"https:\/\/hubsch-interior.com\/de\/\"},{\"@type\":\"ListItem\",\"position\":2,\"name\":\"Produkte\",\"item\":\"https:\/\/hubsch-interior.com\/de\/shop-2\/\"},{\"@type\":\"ListItem\",\"position\":3,\"name\":\"Wohnaccessoires\",\"item\":\"https:\/\/hubsch-interior.com\/de\/produkt-kategorie\/wohnaccessoires\/\"},{\"@type\":\"ListItem\",\"position\":4,\"name\":\"Vasen\",\"item\":\"https:\/\/hubsch-interior.com\/de\/produkt-kategorie\/wohnaccessoires\/vasen-de\/\"},{\"@type\":\"ListItem\",\"position\":5,\"name\":\"Miro Vase Gr\u00fcn\"}]},{\"@type\":\"WebSite\",\"@id\":\"https:\/\/hubsch-interior.com\/de\/#website\",\"url\":\"https:\/\/hubsch-interior.com\/de\/\",\"name\":\"H\u00fcbsch\",\"description\":\"Danish Home Interior and Design\",\"publisher\":{\"@id\":\"https:\/\/hubsch-interior.com\/de\/#organization\"},\"potentialAction\":[{\"@type\":\"SearchAction\",\"target\":{\"@type\":\"EntryPoint\",\"urlTemplate\":\"https:\/\/hubsch-interior.com\/de\/?s={search_term_string}\"},\"query-input\":{\"@type\":\"PropertyValueSpecification\",\"valueRequired\":true,\"valueName\":\"search_term_string\"}}],\"inLanguage\":\"de\"},{\"@type\":\"Organization\",\"@id\":\"https:\/\/hubsch-interior.com\/de\/#organization\",\"name\":\"H\u00fcbsch\",\"url\":\"https:\/\/hubsch-interior.com\/de\/\",\"logo\":{\"@type\":\"ImageObject\",\"inLanguage\":\"de\",\"@id\":\"https:\/\/hubsch-interior.com\/de\/#\/schema\/logo\/image\/\",\"url\":\"https:\/\/hubsch-interior.com\/wp-content\/uploads\/2022\/12\/Hubsch_logo_black_one_line.svg\",\"contentUrl\":\"https:\/\/hubsch-interior.com\/wp-content\/uploads\/2022\/12\/Hubsch_logo_black_one_line.svg\",\"caption\":\"H\u00fcbsch\"},\"image\":{\"@id\":\"https:\/\/hubsch-interior.com\/de\/#\/schema\/logo\/image\/\"}}]}<\/script>\n<!-- \/ Yoast SEO plugin. -->","yoast_head_json":{"title":"Miro Vase Gr\u00fcn - H\u00fcbsch","description":"Stellen Sie sich ein sch\u00f6nes Picknick auf der Wiese vor. Die Ger\u00e4usche der V\u00f6gel, der Duft der Wildblumen und das pulsierende Leben \u2013 all das verk\u00f6rpert","robots":{"index":"index","follow":"follow","max-snippet":"max-snippet:-1","max-image-preview":"max-image-preview:large","max-video-preview":"max-video-preview:-1"},"canonical":"https:\/\/hubsch-interior.com\/de\/wp-json\/wp\/v2\/product\/764014","og_locale":"de_DE","og_type":"article","og_title":"Miro Vase Gr\u00fcn - H\u00fcbsch","og_description":"Stellen Sie sich ein sch\u00f6nes Picknick auf der Wiese vor. Die Ger\u00e4usche der V\u00f6gel, der Duft der Wildblumen und das pulsierende Leben \u2013 all das verk\u00f6rpert","og_url":"https:\/\/hubsch-interior.com\/de\/produkt\/miro-vase-grun\/","og_site_name":"H\u00fcbsch","article_modified_time":"2026-04-09T02:30:42+00:00","og_image":[{"width":1200,"height":1200,"url":"https:\/\/hubsch-interior.com\/wp-content\/uploads\/2025\/04\/miro-vase-green-1277ab55d75590cd74c62b083fad3459.jpg","type":"image\/jpeg"}],"twitter_card":"summary_large_image","schema":{"@context":"https:\/\/schema.org","@graph":[{"@type":"WebPage","@id":"https:\/\/hubsch-interior.com\/de\/produkt\/miro-vase-grun\/","url":"https:\/\/hubsch-interior.com\/de\/produkt\/miro-vase-grun\/","name":"Miro Vase Gr\u00fcn - H\u00fcbsch","isPartOf":{"@id":"https:\/\/hubsch-interior.com\/de\/#website"},"primaryImageOfPage":{"@id":"https:\/\/hubsch-interior.com\/de\/produkt\/miro-vase-grun\/#primaryimage"},"image":{"@id":"https:\/\/hubsch-interior.com\/de\/produkt\/miro-vase-grun\/#primaryimage"},"thumbnailUrl":"https:\/\/hubsch-interior.com\/wp-content\/uploads\/2026\/02\/miro-vase-green-e90befbccb0a2d6e7d4203fa259606a9.jpg","datePublished":"2022-03-22T14:36:30+00:00","dateModified":"2026-04-09T02:30:42+00:00","description":"Stellen Sie sich ein sch\u00f6nes Picknick auf der Wiese vor. Die Ger\u00e4usche der V\u00f6gel, der Duft der Wildblumen und das pulsierende Leben \u2013 all das verk\u00f6rpert","breadcrumb":{"@id":"https:\/\/hubsch-interior.com\/de\/produkt\/miro-vase-grun\/#breadcrumb"},"inLanguage":"de","potentialAction":[{"@type":"ReadAction","target":["https:\/\/hubsch-interior.com\/de\/produkt\/miro-vase-grun\/"]}]},{"@type":"ImageObject","inLanguage":"de","@id":"https:\/\/hubsch-interior.com\/de\/produkt\/miro-vase-grun\/#primaryimage","url":"https:\/\/hubsch-interior.com\/wp-content\/uploads\/2026\/02\/miro-vase-green-e90befbccb0a2d6e7d4203fa259606a9.jpg","contentUrl":"https:\/\/hubsch-interior.com\/wp-content\/uploads\/2026\/02\/miro-vase-green-e90befbccb0a2d6e7d4203fa259606a9.jpg","width":1024,"height":1024},{"@type":"BreadcrumbList","@id":"https:\/\/hubsch-interior.com\/de\/produkt\/miro-vase-grun\/#breadcrumb","itemListElement":[{"@type":"ListItem","position":1,"name":"Startseite","item":"https:\/\/hubsch-interior.com\/de\/"},{"@type":"ListItem","position":2,"name":"Produkte","item":"https:\/\/hubsch-interior.com\/de\/shop-2\/"},{"@type":"ListItem","position":3,"name":"Wohnaccessoires","item":"https:\/\/hubsch-interior.com\/de\/produkt-kategorie\/wohnaccessoires\/"},{"@type":"ListItem","position":4,"name":"Vasen","item":"https:\/\/hubsch-interior.com\/de\/produkt-kategorie\/wohnaccessoires\/vasen-de\/"},{"@type":"ListItem","position":5,"name":"Miro Vase Gr\u00fcn"}]},{"@type":"WebSite","@id":"https:\/\/hubsch-interior.com\/de\/#website","url":"https:\/\/hubsch-interior.com\/de\/","name":"H\u00fcbsch","description":"Danish Home Interior and Design","publisher":{"@id":"https:\/\/hubsch-interior.com\/de\/#organization"},"potentialAction":[{"@type":"SearchAction","target":{"@type":"EntryPoint","urlTemplate":"https:\/\/hubsch-interior.com\/de\/?s={search_term_string}"},"query-input":{"@type":"PropertyValueSpecification","valueRequired":true,"valueName":"search_term_string"}}],"inLanguage":"de"},{"@type":"Organization","@id":"https:\/\/hubsch-interior.com\/de\/#organization","name":"H\u00fcbsch","url":"https:\/\/hubsch-interior.com\/de\/","logo":{"@type":"ImageObject","inLanguage":"de","@id":"https:\/\/hubsch-interior.com\/de\/#\/schema\/logo\/image\/","url":"https:\/\/hubsch-interior.com\/wp-content\/uploads\/2022\/12\/Hubsch_logo_black_one_line.svg","contentUrl":"https:\/\/hubsch-interior.com\/wp-content\/uploads\/2022\/12\/Hubsch_logo_black_one_line.svg","caption":"H\u00fcbsch"},"image":{"@id":"https:\/\/hubsch-interior.com\/de\/#\/schema\/logo\/image\/"}}]}},"_links":{"self":[{"href":"https:\/\/hubsch-interior.com\/de\/wp-json\/wp\/v2\/product\/764014","targetHints":{"allow":["GET"]}}],"collection":[{"href":"https:\/\/hubsch-interior.com\/de\/wp-json\/wp\/v2\/product"}],"about":[{"href":"https:\/\/hubsch-interior.com\/de\/wp-json\/wp\/v2\/types\/product"}],"wp:featuredmedia":[{"embeddable":true,"href":"https:\/\/hubsch-interior.com\/de\/wp-json\/wp\/v2\/media\/1097013"}],"wp:attachment":[{"href":"https:\/\/hubsch-interior.com\/de\/wp-json\/wp\/v2\/media?parent=764014"}],"wp:term":[{"taxonomy":"product_brand","embeddable":true,"href":"https:\/\/hubsch-interior.com\/de\/wp-json\/wp\/v2\/product_brand?post=764014"},{"taxonomy":"product_cat","embeddable":true,"href":"https:\/\/hubsch-interior.com\/de\/wp-json\/wp\/v2\/product_cat?post=764014"},{"taxonomy":"product_tag","embeddable":true,"href":"https:\/\/hubsch-interior.com\/de\/wp-json\/wp\/v2\/product_tag?post=764014"}],"curies":[{"name":"wp","href":"https:\/\/api.w.org\/{rel}","templated":true}]}}