{"id":78201,"date":"2021-01-27T14:33:16","date_gmt":"2021-01-27T13:33:16","guid":{"rendered":"https:\/\/hubsch-interior.com\/product\/product-56\/"},"modified":"2026-04-09T05:11:41","modified_gmt":"2026-04-09T03:11:41","slug":"pipe-tischlampe-blau","status":"publish","type":"product","link":"https:\/\/hubsch-interior.com\/de\/produkt\/pipe-tischlampe-blau\/","title":{"rendered":"Pipe Tischlampe Blau"},"content":{"rendered":"<p>Die Pipe Tischlampe Petrol ist eine moderne und stylische Lampe, die eine sch\u00f6ne Beleuchtung ins Zimmer bringt. Sie ist aus Metall gefertigt und in einem sch\u00f6nen Petrol-Gr\u00fcn lackiert. Diese Tischlampe ist eine perfekte Erg\u00e4nzung f\u00fcr jedes Zuhause und eine tolle Dekoration. Sie ist einfach anzubringen und verleiht jedem Raum einen modernen Look. Diese Lampe ist eine tolle Wahl f\u00fcr alle, die nach einer stilvollen und modernen Beleuchtung suchen.<\/p>\n","protected":false},"excerpt":{"rendered":"<p>Die Pipe Tischlampe Petrol ist eine moderne und stylische Lampe, die eine sch\u00f6ne Beleuchtung ins Zimmer bringt. Sie ist aus Metall gefertigt und in einem sch\u00f6nen Petrol-Gr\u00fcn lackiert. Diese Tischlampe ist eine perfekte Erg\u00e4nzung f\u00fcr jedes Zuhause und eine tolle Dekoration. Sie ist einfach anzubringen und verleiht jedem Raum einen modernen Look. Diese Lampe ist [&hellip;]<\/p>\n","protected":false},"featured_media":1108626,"template":"","meta":{"_acf_changed":false,"inline_featured_image":false},"product_brand":[],"product_cat":[3809,3501,5027],"product_tag":[],"class_list":{"0":"post-78201","1":"product","2":"type-product","3":"status-publish","4":"has-post-thumbnail","6":"product_cat-beleuchtung","7":"product_cat-tischlampen-de","8":"product_cat-bestsellers-de","9":"product_shipping_class-pk","11":"pa_color-blau-2","12":"pa_material-eisen-de","14":"first","15":"instock","16":"featured","17":"taxable","18":"shipping-taxable","19":"purchasable","20":"product-type-simple"},"exclude_global_add_ons":[],"addons":[],"acf":[],"yoast_head":"<!-- This site is optimized with the Yoast SEO plugin v26.4 - https:\/\/yoast.com\/wordpress\/plugins\/seo\/ -->\n<title>Pipe Tischlampe Blau - H\u00fcbsch<\/title>\n<meta name=\"description\" content=\"Die Pipe Tischlampe Petrol ist eine moderne und stylische Lampe, die eine sch\u00f6ne Beleuchtung ins Zimmer bringt. Sie ist aus Metall gefertigt und in einem\" \/>\n<meta name=\"robots\" content=\"index, follow, max-snippet:-1, max-image-preview:large, max-video-preview:-1\" \/>\n<link rel=\"canonical\" href=\"https:\/\/hubsch-interior.com\/de\/wp-json\/wp\/v2\/product\/78201\" \/>\n<meta property=\"og:locale\" content=\"de_DE\" \/>\n<meta property=\"og:type\" content=\"article\" \/>\n<meta property=\"og:title\" content=\"Pipe Tischlampe Blau - H\u00fcbsch\" \/>\n<meta property=\"og:description\" content=\"Die Pipe Tischlampe Petrol ist eine moderne und stylische Lampe, die eine sch\u00f6ne Beleuchtung ins Zimmer bringt. Sie ist aus Metall gefertigt und in einem\" \/>\n<meta property=\"og:url\" content=\"https:\/\/hubsch-interior.com\/de\/produkt\/pipe-tischlampe-blau\/\" \/>\n<meta property=\"og:site_name\" content=\"H\u00fcbsch\" \/>\n<meta property=\"article:modified_time\" content=\"2026-04-09T03:11:41+00:00\" \/>\n<meta property=\"og:image\" content=\"https:\/\/hubsch-interior.com\/wp-content\/uploads\/2024\/01\/pipe-table-lamp-blue-ed357bd964d5960229fd40e4c0602127.jpg\" \/>\n\t<meta property=\"og:image:width\" content=\"1200\" \/>\n\t<meta property=\"og:image:height\" content=\"1200\" \/>\n\t<meta property=\"og:image:type\" content=\"image\/jpeg\" \/>\n<meta name=\"twitter:card\" content=\"summary_large_image\" \/>\n<script type=\"application\/ld+json\" class=\"yoast-schema-graph\">{\"@context\":\"https:\/\/schema.org\",\"@graph\":[{\"@type\":\"WebPage\",\"@id\":\"https:\/\/hubsch-interior.com\/de\/produkt\/pipe-tischlampe-blau\/\",\"url\":\"https:\/\/hubsch-interior.com\/de\/produkt\/pipe-tischlampe-blau\/\",\"name\":\"Pipe Tischlampe Blau - H\u00fcbsch\",\"isPartOf\":{\"@id\":\"https:\/\/hubsch-interior.com\/de\/#website\"},\"primaryImageOfPage\":{\"@id\":\"https:\/\/hubsch-interior.com\/de\/produkt\/pipe-tischlampe-blau\/#primaryimage\"},\"image\":{\"@id\":\"https:\/\/hubsch-interior.com\/de\/produkt\/pipe-tischlampe-blau\/#primaryimage\"},\"thumbnailUrl\":\"https:\/\/hubsch-interior.com\/wp-content\/uploads\/2026\/02\/pipe-table-lamp-blue-a04367cf0fc87a48cdbcaf3f75d07270.jpg\",\"datePublished\":\"2021-01-27T13:33:16+00:00\",\"dateModified\":\"2026-04-09T03:11:41+00:00\",\"description\":\"Die Pipe Tischlampe Petrol ist eine moderne und stylische Lampe, die eine sch\u00f6ne Beleuchtung ins Zimmer bringt. Sie ist aus Metall gefertigt und in einem\",\"breadcrumb\":{\"@id\":\"https:\/\/hubsch-interior.com\/de\/produkt\/pipe-tischlampe-blau\/#breadcrumb\"},\"inLanguage\":\"de\",\"potentialAction\":[{\"@type\":\"ReadAction\",\"target\":[\"https:\/\/hubsch-interior.com\/de\/produkt\/pipe-tischlampe-blau\/\"]}]},{\"@type\":\"ImageObject\",\"inLanguage\":\"de\",\"@id\":\"https:\/\/hubsch-interior.com\/de\/produkt\/pipe-tischlampe-blau\/#primaryimage\",\"url\":\"https:\/\/hubsch-interior.com\/wp-content\/uploads\/2026\/02\/pipe-table-lamp-blue-a04367cf0fc87a48cdbcaf3f75d07270.jpg\",\"contentUrl\":\"https:\/\/hubsch-interior.com\/wp-content\/uploads\/2026\/02\/pipe-table-lamp-blue-a04367cf0fc87a48cdbcaf3f75d07270.jpg\",\"width\":1024,\"height\":1024},{\"@type\":\"BreadcrumbList\",\"@id\":\"https:\/\/hubsch-interior.com\/de\/produkt\/pipe-tischlampe-blau\/#breadcrumb\",\"itemListElement\":[{\"@type\":\"ListItem\",\"position\":1,\"name\":\"Startseite\",\"item\":\"https:\/\/hubsch-interior.com\/de\/\"},{\"@type\":\"ListItem\",\"position\":2,\"name\":\"Produkte\",\"item\":\"https:\/\/hubsch-interior.com\/de\/shop-2\/\"},{\"@type\":\"ListItem\",\"position\":3,\"name\":\"Beleuchtung\",\"item\":\"https:\/\/hubsch-interior.com\/de\/produkt-kategorie\/beleuchtung\/\"},{\"@type\":\"ListItem\",\"position\":4,\"name\":\"Tischlampen\",\"item\":\"https:\/\/hubsch-interior.com\/de\/produkt-kategorie\/beleuchtung\/tischlampen-de\/\"},{\"@type\":\"ListItem\",\"position\":5,\"name\":\"Pipe Tischlampe Blau\"}]},{\"@type\":\"WebSite\",\"@id\":\"https:\/\/hubsch-interior.com\/de\/#website\",\"url\":\"https:\/\/hubsch-interior.com\/de\/\",\"name\":\"H\u00fcbsch\",\"description\":\"Danish Home Interior and Design\",\"publisher\":{\"@id\":\"https:\/\/hubsch-interior.com\/de\/#organization\"},\"potentialAction\":[{\"@type\":\"SearchAction\",\"target\":{\"@type\":\"EntryPoint\",\"urlTemplate\":\"https:\/\/hubsch-interior.com\/de\/?s={search_term_string}\"},\"query-input\":{\"@type\":\"PropertyValueSpecification\",\"valueRequired\":true,\"valueName\":\"search_term_string\"}}],\"inLanguage\":\"de\"},{\"@type\":\"Organization\",\"@id\":\"https:\/\/hubsch-interior.com\/de\/#organization\",\"name\":\"H\u00fcbsch\",\"url\":\"https:\/\/hubsch-interior.com\/de\/\",\"logo\":{\"@type\":\"ImageObject\",\"inLanguage\":\"de\",\"@id\":\"https:\/\/hubsch-interior.com\/de\/#\/schema\/logo\/image\/\",\"url\":\"https:\/\/hubsch-interior.com\/wp-content\/uploads\/2022\/12\/Hubsch_logo_black_one_line.svg\",\"contentUrl\":\"https:\/\/hubsch-interior.com\/wp-content\/uploads\/2022\/12\/Hubsch_logo_black_one_line.svg\",\"caption\":\"H\u00fcbsch\"},\"image\":{\"@id\":\"https:\/\/hubsch-interior.com\/de\/#\/schema\/logo\/image\/\"}}]}<\/script>\n<!-- \/ Yoast SEO plugin. -->","yoast_head_json":{"title":"Pipe Tischlampe Blau - H\u00fcbsch","description":"Die Pipe Tischlampe Petrol ist eine moderne und stylische Lampe, die eine sch\u00f6ne Beleuchtung ins Zimmer bringt. Sie ist aus Metall gefertigt und in einem","robots":{"index":"index","follow":"follow","max-snippet":"max-snippet:-1","max-image-preview":"max-image-preview:large","max-video-preview":"max-video-preview:-1"},"canonical":"https:\/\/hubsch-interior.com\/de\/wp-json\/wp\/v2\/product\/78201","og_locale":"de_DE","og_type":"article","og_title":"Pipe Tischlampe Blau - H\u00fcbsch","og_description":"Die Pipe Tischlampe Petrol ist eine moderne und stylische Lampe, die eine sch\u00f6ne Beleuchtung ins Zimmer bringt. Sie ist aus Metall gefertigt und in einem","og_url":"https:\/\/hubsch-interior.com\/de\/produkt\/pipe-tischlampe-blau\/","og_site_name":"H\u00fcbsch","article_modified_time":"2026-04-09T03:11:41+00:00","og_image":[{"width":1200,"height":1200,"url":"https:\/\/hubsch-interior.com\/wp-content\/uploads\/2024\/01\/pipe-table-lamp-blue-ed357bd964d5960229fd40e4c0602127.jpg","type":"image\/jpeg"}],"twitter_card":"summary_large_image","schema":{"@context":"https:\/\/schema.org","@graph":[{"@type":"WebPage","@id":"https:\/\/hubsch-interior.com\/de\/produkt\/pipe-tischlampe-blau\/","url":"https:\/\/hubsch-interior.com\/de\/produkt\/pipe-tischlampe-blau\/","name":"Pipe Tischlampe Blau - H\u00fcbsch","isPartOf":{"@id":"https:\/\/hubsch-interior.com\/de\/#website"},"primaryImageOfPage":{"@id":"https:\/\/hubsch-interior.com\/de\/produkt\/pipe-tischlampe-blau\/#primaryimage"},"image":{"@id":"https:\/\/hubsch-interior.com\/de\/produkt\/pipe-tischlampe-blau\/#primaryimage"},"thumbnailUrl":"https:\/\/hubsch-interior.com\/wp-content\/uploads\/2026\/02\/pipe-table-lamp-blue-a04367cf0fc87a48cdbcaf3f75d07270.jpg","datePublished":"2021-01-27T13:33:16+00:00","dateModified":"2026-04-09T03:11:41+00:00","description":"Die Pipe Tischlampe Petrol ist eine moderne und stylische Lampe, die eine sch\u00f6ne Beleuchtung ins Zimmer bringt. Sie ist aus Metall gefertigt und in einem","breadcrumb":{"@id":"https:\/\/hubsch-interior.com\/de\/produkt\/pipe-tischlampe-blau\/#breadcrumb"},"inLanguage":"de","potentialAction":[{"@type":"ReadAction","target":["https:\/\/hubsch-interior.com\/de\/produkt\/pipe-tischlampe-blau\/"]}]},{"@type":"ImageObject","inLanguage":"de","@id":"https:\/\/hubsch-interior.com\/de\/produkt\/pipe-tischlampe-blau\/#primaryimage","url":"https:\/\/hubsch-interior.com\/wp-content\/uploads\/2026\/02\/pipe-table-lamp-blue-a04367cf0fc87a48cdbcaf3f75d07270.jpg","contentUrl":"https:\/\/hubsch-interior.com\/wp-content\/uploads\/2026\/02\/pipe-table-lamp-blue-a04367cf0fc87a48cdbcaf3f75d07270.jpg","width":1024,"height":1024},{"@type":"BreadcrumbList","@id":"https:\/\/hubsch-interior.com\/de\/produkt\/pipe-tischlampe-blau\/#breadcrumb","itemListElement":[{"@type":"ListItem","position":1,"name":"Startseite","item":"https:\/\/hubsch-interior.com\/de\/"},{"@type":"ListItem","position":2,"name":"Produkte","item":"https:\/\/hubsch-interior.com\/de\/shop-2\/"},{"@type":"ListItem","position":3,"name":"Beleuchtung","item":"https:\/\/hubsch-interior.com\/de\/produkt-kategorie\/beleuchtung\/"},{"@type":"ListItem","position":4,"name":"Tischlampen","item":"https:\/\/hubsch-interior.com\/de\/produkt-kategorie\/beleuchtung\/tischlampen-de\/"},{"@type":"ListItem","position":5,"name":"Pipe Tischlampe Blau"}]},{"@type":"WebSite","@id":"https:\/\/hubsch-interior.com\/de\/#website","url":"https:\/\/hubsch-interior.com\/de\/","name":"H\u00fcbsch","description":"Danish Home Interior and Design","publisher":{"@id":"https:\/\/hubsch-interior.com\/de\/#organization"},"potentialAction":[{"@type":"SearchAction","target":{"@type":"EntryPoint","urlTemplate":"https:\/\/hubsch-interior.com\/de\/?s={search_term_string}"},"query-input":{"@type":"PropertyValueSpecification","valueRequired":true,"valueName":"search_term_string"}}],"inLanguage":"de"},{"@type":"Organization","@id":"https:\/\/hubsch-interior.com\/de\/#organization","name":"H\u00fcbsch","url":"https:\/\/hubsch-interior.com\/de\/","logo":{"@type":"ImageObject","inLanguage":"de","@id":"https:\/\/hubsch-interior.com\/de\/#\/schema\/logo\/image\/","url":"https:\/\/hubsch-interior.com\/wp-content\/uploads\/2022\/12\/Hubsch_logo_black_one_line.svg","contentUrl":"https:\/\/hubsch-interior.com\/wp-content\/uploads\/2022\/12\/Hubsch_logo_black_one_line.svg","caption":"H\u00fcbsch"},"image":{"@id":"https:\/\/hubsch-interior.com\/de\/#\/schema\/logo\/image\/"}}]}},"_links":{"self":[{"href":"https:\/\/hubsch-interior.com\/de\/wp-json\/wp\/v2\/product\/78201","targetHints":{"allow":["GET"]}}],"collection":[{"href":"https:\/\/hubsch-interior.com\/de\/wp-json\/wp\/v2\/product"}],"about":[{"href":"https:\/\/hubsch-interior.com\/de\/wp-json\/wp\/v2\/types\/product"}],"wp:featuredmedia":[{"embeddable":true,"href":"https:\/\/hubsch-interior.com\/de\/wp-json\/wp\/v2\/media\/1108626"}],"wp:attachment":[{"href":"https:\/\/hubsch-interior.com\/de\/wp-json\/wp\/v2\/media?parent=78201"}],"wp:term":[{"taxonomy":"product_brand","embeddable":true,"href":"https:\/\/hubsch-interior.com\/de\/wp-json\/wp\/v2\/product_brand?post=78201"},{"taxonomy":"product_cat","embeddable":true,"href":"https:\/\/hubsch-interior.com\/de\/wp-json\/wp\/v2\/product_cat?post=78201"},{"taxonomy":"product_tag","embeddable":true,"href":"https:\/\/hubsch-interior.com\/de\/wp-json\/wp\/v2\/product_tag?post=78201"}],"curies":[{"name":"wp","href":"https:\/\/api.w.org\/{rel}","templated":true}]}}