{"id":801602,"date":"2022-08-11T13:13:24","date_gmt":"2022-08-11T11:13:24","guid":{"rendered":"https:\/\/hubsch-interior.com\/product\/product-2\/"},"modified":"2026-04-09T04:26:13","modified_gmt":"2026-04-09T02:26:13","slug":"raw-beistelltisch-schwarz-naturfarben","status":"publish","type":"product","link":"https:\/\/hubsch-interior.com\/de\/produkt\/raw-beistelltisch-schwarz-naturfarben\/","title":{"rendered":"Raw Beistelltisch Schwarz\/Naturfarben"},"content":{"rendered":"<p>Dieser Beistelltisch aus Holz mit einer exquisiten Marmorplatte* ist etwas ganz Besonderes, denn er setzt auf kontrastierende Materialien. Der Beistelltisch aus FSC\u00ae-zertifiziertem Holz ist im skandinavischen Stil gehalten und wirkt luftig und elegant. Er hat dennoch eine sehr bodenst\u00e4ndige Ausstrahlung, die einen entspannten und lockeren Lebensstil charakterisiert. Setzen Sie eine sch\u00f6ne Tischleuchte, Coffee Table Books oder Gr\u00fcnpflanzen auf dem Tisch in Szene, um den coolen Scandi-Look zu perfektionieren. *Dieses Produkt ist aus einem nat\u00fcrlichen Material gefertigt und kann Unregelm\u00e4\u00dfigkeiten aufweisen.<\/p>\n","protected":false},"excerpt":{"rendered":"<p>Dieser Beistelltisch aus Holz mit einer exquisiten Marmorplatte* ist etwas ganz Besonderes, denn er setzt auf kontrastierende Materialien. Der Beistelltisch aus FSC\u00ae-zertifiziertem Holz ist im skandinavischen Stil gehalten und wirkt luftig und elegant. Er hat dennoch eine sehr bodenst\u00e4ndige Ausstrahlung, die einen entspannten und lockeren Lebensstil charakterisiert. Setzen Sie eine sch\u00f6ne Tischleuchte, Coffee Table Books [&hellip;]<\/p>\n","protected":false},"featured_media":1095992,"template":"","meta":{"_acf_changed":false,"inline_featured_image":false},"product_brand":[],"product_cat":[6380,6323,2861,4028,5027],"product_tag":[],"class_list":{"0":"post-801602","1":"product","2":"type-product","3":"status-publish","4":"has-post-thumbnail","6":"product_cat-always-a-twist-de","7":"product_cat-fsc-de","8":"product_cat-tische-de","9":"product_cat-beistelltische-de","10":"product_cat-bestsellers-de","11":"product_shipping_class-pk","13":"pa_color-schwarz","14":"pa_color-naturfarben-2","15":"pa_material-marmor-de","16":"pa_material-mdf-de","17":"pa_material-eichenholz","19":"first","20":"instock","21":"featured","22":"taxable","23":"shipping-taxable","24":"purchasable","25":"product-type-simple"},"exclude_global_add_ons":[],"addons":[],"acf":[],"yoast_head":"<!-- This site is optimized with the Yoast SEO plugin v26.4 - https:\/\/yoast.com\/wordpress\/plugins\/seo\/ -->\n<title>Raw Beistelltisch Schwarz\/Naturfarben - H\u00fcbsch<\/title>\n<meta name=\"description\" content=\"Dieser Beistelltisch aus Holz mit einer exquisiten Marmorplatte* ist etwas ganz Besonderes, denn er setzt auf kontrastierende Materialien. Der\" \/>\n<meta name=\"robots\" content=\"index, follow, max-snippet:-1, max-image-preview:large, max-video-preview:-1\" \/>\n<link rel=\"canonical\" href=\"https:\/\/hubsch-interior.com\/de\/wp-json\/wp\/v2\/product\/801602\" \/>\n<meta property=\"og:locale\" content=\"de_DE\" \/>\n<meta property=\"og:type\" content=\"article\" \/>\n<meta property=\"og:title\" content=\"Raw Beistelltisch Schwarz\/Naturfarben - H\u00fcbsch\" \/>\n<meta property=\"og:description\" content=\"Dieser Beistelltisch aus Holz mit einer exquisiten Marmorplatte* ist etwas ganz Besonderes, denn er setzt auf kontrastierende Materialien. Der\" \/>\n<meta property=\"og:url\" content=\"https:\/\/hubsch-interior.com\/de\/produkt\/raw-beistelltisch-schwarz-naturfarben\/\" \/>\n<meta property=\"og:site_name\" content=\"H\u00fcbsch\" \/>\n<meta property=\"article:modified_time\" content=\"2026-04-09T02:26:13+00:00\" \/>\n<meta property=\"og:image\" content=\"https:\/\/hubsch-interior.com\/wp-content\/uploads\/2023\/08\/raw-side-table-70285f6c9cb85b490992b54fea9da046.jpg\" \/>\n\t<meta property=\"og:image:width\" content=\"1200\" \/>\n\t<meta property=\"og:image:height\" content=\"1200\" \/>\n\t<meta property=\"og:image:type\" content=\"image\/jpeg\" \/>\n<meta name=\"twitter:card\" content=\"summary_large_image\" \/>\n<script type=\"application\/ld+json\" class=\"yoast-schema-graph\">{\"@context\":\"https:\/\/schema.org\",\"@graph\":[{\"@type\":\"WebPage\",\"@id\":\"https:\/\/hubsch-interior.com\/de\/produkt\/raw-beistelltisch-schwarz-naturfarben\/\",\"url\":\"https:\/\/hubsch-interior.com\/de\/produkt\/raw-beistelltisch-schwarz-naturfarben\/\",\"name\":\"Raw Beistelltisch Schwarz\/Naturfarben - H\u00fcbsch\",\"isPartOf\":{\"@id\":\"https:\/\/hubsch-interior.com\/de\/#website\"},\"primaryImageOfPage\":{\"@id\":\"https:\/\/hubsch-interior.com\/de\/produkt\/raw-beistelltisch-schwarz-naturfarben\/#primaryimage\"},\"image\":{\"@id\":\"https:\/\/hubsch-interior.com\/de\/produkt\/raw-beistelltisch-schwarz-naturfarben\/#primaryimage\"},\"thumbnailUrl\":\"https:\/\/hubsch-interior.com\/wp-content\/uploads\/2026\/02\/raw-side-table-blacknatural-16a919d9480ccff241e75b15f061faf3.jpg\",\"datePublished\":\"2022-08-11T11:13:24+00:00\",\"dateModified\":\"2026-04-09T02:26:13+00:00\",\"description\":\"Dieser Beistelltisch aus Holz mit einer exquisiten Marmorplatte* ist etwas ganz Besonderes, denn er setzt auf kontrastierende Materialien. Der\",\"breadcrumb\":{\"@id\":\"https:\/\/hubsch-interior.com\/de\/produkt\/raw-beistelltisch-schwarz-naturfarben\/#breadcrumb\"},\"inLanguage\":\"de\",\"potentialAction\":[{\"@type\":\"ReadAction\",\"target\":[\"https:\/\/hubsch-interior.com\/de\/produkt\/raw-beistelltisch-schwarz-naturfarben\/\"]}]},{\"@type\":\"ImageObject\",\"inLanguage\":\"de\",\"@id\":\"https:\/\/hubsch-interior.com\/de\/produkt\/raw-beistelltisch-schwarz-naturfarben\/#primaryimage\",\"url\":\"https:\/\/hubsch-interior.com\/wp-content\/uploads\/2026\/02\/raw-side-table-blacknatural-16a919d9480ccff241e75b15f061faf3.jpg\",\"contentUrl\":\"https:\/\/hubsch-interior.com\/wp-content\/uploads\/2026\/02\/raw-side-table-blacknatural-16a919d9480ccff241e75b15f061faf3.jpg\",\"width\":1024,\"height\":1024},{\"@type\":\"BreadcrumbList\",\"@id\":\"https:\/\/hubsch-interior.com\/de\/produkt\/raw-beistelltisch-schwarz-naturfarben\/#breadcrumb\",\"itemListElement\":[{\"@type\":\"ListItem\",\"position\":1,\"name\":\"Startseite\",\"item\":\"https:\/\/hubsch-interior.com\/de\/\"},{\"@type\":\"ListItem\",\"position\":2,\"name\":\"Produkte\",\"item\":\"https:\/\/hubsch-interior.com\/de\/shop-2\/\"},{\"@type\":\"ListItem\",\"position\":3,\"name\":\"M\u00f6bel\",\"item\":\"https:\/\/hubsch-interior.com\/de\/produkt-kategorie\/moebel\/\"},{\"@type\":\"ListItem\",\"position\":4,\"name\":\"Tische\",\"item\":\"https:\/\/hubsch-interior.com\/de\/produkt-kategorie\/moebel\/tische-de\/\"},{\"@type\":\"ListItem\",\"position\":5,\"name\":\"Beistelltische\",\"item\":\"https:\/\/hubsch-interior.com\/de\/produkt-kategorie\/moebel\/tische-de\/beistelltische-de\/\"},{\"@type\":\"ListItem\",\"position\":6,\"name\":\"Raw Beistelltisch Schwarz\/Naturfarben\"}]},{\"@type\":\"WebSite\",\"@id\":\"https:\/\/hubsch-interior.com\/de\/#website\",\"url\":\"https:\/\/hubsch-interior.com\/de\/\",\"name\":\"H\u00fcbsch\",\"description\":\"Danish Home Interior and Design\",\"publisher\":{\"@id\":\"https:\/\/hubsch-interior.com\/de\/#organization\"},\"potentialAction\":[{\"@type\":\"SearchAction\",\"target\":{\"@type\":\"EntryPoint\",\"urlTemplate\":\"https:\/\/hubsch-interior.com\/de\/?s={search_term_string}\"},\"query-input\":{\"@type\":\"PropertyValueSpecification\",\"valueRequired\":true,\"valueName\":\"search_term_string\"}}],\"inLanguage\":\"de\"},{\"@type\":\"Organization\",\"@id\":\"https:\/\/hubsch-interior.com\/de\/#organization\",\"name\":\"H\u00fcbsch\",\"url\":\"https:\/\/hubsch-interior.com\/de\/\",\"logo\":{\"@type\":\"ImageObject\",\"inLanguage\":\"de\",\"@id\":\"https:\/\/hubsch-interior.com\/de\/#\/schema\/logo\/image\/\",\"url\":\"https:\/\/hubsch-interior.com\/wp-content\/uploads\/2022\/12\/Hubsch_logo_black_one_line.svg\",\"contentUrl\":\"https:\/\/hubsch-interior.com\/wp-content\/uploads\/2022\/12\/Hubsch_logo_black_one_line.svg\",\"caption\":\"H\u00fcbsch\"},\"image\":{\"@id\":\"https:\/\/hubsch-interior.com\/de\/#\/schema\/logo\/image\/\"}}]}<\/script>\n<!-- \/ Yoast SEO plugin. -->","yoast_head_json":{"title":"Raw Beistelltisch Schwarz\/Naturfarben - H\u00fcbsch","description":"Dieser Beistelltisch aus Holz mit einer exquisiten Marmorplatte* ist etwas ganz Besonderes, denn er setzt auf kontrastierende Materialien. Der","robots":{"index":"index","follow":"follow","max-snippet":"max-snippet:-1","max-image-preview":"max-image-preview:large","max-video-preview":"max-video-preview:-1"},"canonical":"https:\/\/hubsch-interior.com\/de\/wp-json\/wp\/v2\/product\/801602","og_locale":"de_DE","og_type":"article","og_title":"Raw Beistelltisch Schwarz\/Naturfarben - H\u00fcbsch","og_description":"Dieser Beistelltisch aus Holz mit einer exquisiten Marmorplatte* ist etwas ganz Besonderes, denn er setzt auf kontrastierende Materialien. Der","og_url":"https:\/\/hubsch-interior.com\/de\/produkt\/raw-beistelltisch-schwarz-naturfarben\/","og_site_name":"H\u00fcbsch","article_modified_time":"2026-04-09T02:26:13+00:00","og_image":[{"width":1200,"height":1200,"url":"https:\/\/hubsch-interior.com\/wp-content\/uploads\/2023\/08\/raw-side-table-70285f6c9cb85b490992b54fea9da046.jpg","type":"image\/jpeg"}],"twitter_card":"summary_large_image","schema":{"@context":"https:\/\/schema.org","@graph":[{"@type":"WebPage","@id":"https:\/\/hubsch-interior.com\/de\/produkt\/raw-beistelltisch-schwarz-naturfarben\/","url":"https:\/\/hubsch-interior.com\/de\/produkt\/raw-beistelltisch-schwarz-naturfarben\/","name":"Raw Beistelltisch Schwarz\/Naturfarben - H\u00fcbsch","isPartOf":{"@id":"https:\/\/hubsch-interior.com\/de\/#website"},"primaryImageOfPage":{"@id":"https:\/\/hubsch-interior.com\/de\/produkt\/raw-beistelltisch-schwarz-naturfarben\/#primaryimage"},"image":{"@id":"https:\/\/hubsch-interior.com\/de\/produkt\/raw-beistelltisch-schwarz-naturfarben\/#primaryimage"},"thumbnailUrl":"https:\/\/hubsch-interior.com\/wp-content\/uploads\/2026\/02\/raw-side-table-blacknatural-16a919d9480ccff241e75b15f061faf3.jpg","datePublished":"2022-08-11T11:13:24+00:00","dateModified":"2026-04-09T02:26:13+00:00","description":"Dieser Beistelltisch aus Holz mit einer exquisiten Marmorplatte* ist etwas ganz Besonderes, denn er setzt auf kontrastierende Materialien. Der","breadcrumb":{"@id":"https:\/\/hubsch-interior.com\/de\/produkt\/raw-beistelltisch-schwarz-naturfarben\/#breadcrumb"},"inLanguage":"de","potentialAction":[{"@type":"ReadAction","target":["https:\/\/hubsch-interior.com\/de\/produkt\/raw-beistelltisch-schwarz-naturfarben\/"]}]},{"@type":"ImageObject","inLanguage":"de","@id":"https:\/\/hubsch-interior.com\/de\/produkt\/raw-beistelltisch-schwarz-naturfarben\/#primaryimage","url":"https:\/\/hubsch-interior.com\/wp-content\/uploads\/2026\/02\/raw-side-table-blacknatural-16a919d9480ccff241e75b15f061faf3.jpg","contentUrl":"https:\/\/hubsch-interior.com\/wp-content\/uploads\/2026\/02\/raw-side-table-blacknatural-16a919d9480ccff241e75b15f061faf3.jpg","width":1024,"height":1024},{"@type":"BreadcrumbList","@id":"https:\/\/hubsch-interior.com\/de\/produkt\/raw-beistelltisch-schwarz-naturfarben\/#breadcrumb","itemListElement":[{"@type":"ListItem","position":1,"name":"Startseite","item":"https:\/\/hubsch-interior.com\/de\/"},{"@type":"ListItem","position":2,"name":"Produkte","item":"https:\/\/hubsch-interior.com\/de\/shop-2\/"},{"@type":"ListItem","position":3,"name":"M\u00f6bel","item":"https:\/\/hubsch-interior.com\/de\/produkt-kategorie\/moebel\/"},{"@type":"ListItem","position":4,"name":"Tische","item":"https:\/\/hubsch-interior.com\/de\/produkt-kategorie\/moebel\/tische-de\/"},{"@type":"ListItem","position":5,"name":"Beistelltische","item":"https:\/\/hubsch-interior.com\/de\/produkt-kategorie\/moebel\/tische-de\/beistelltische-de\/"},{"@type":"ListItem","position":6,"name":"Raw Beistelltisch Schwarz\/Naturfarben"}]},{"@type":"WebSite","@id":"https:\/\/hubsch-interior.com\/de\/#website","url":"https:\/\/hubsch-interior.com\/de\/","name":"H\u00fcbsch","description":"Danish Home Interior and Design","publisher":{"@id":"https:\/\/hubsch-interior.com\/de\/#organization"},"potentialAction":[{"@type":"SearchAction","target":{"@type":"EntryPoint","urlTemplate":"https:\/\/hubsch-interior.com\/de\/?s={search_term_string}"},"query-input":{"@type":"PropertyValueSpecification","valueRequired":true,"valueName":"search_term_string"}}],"inLanguage":"de"},{"@type":"Organization","@id":"https:\/\/hubsch-interior.com\/de\/#organization","name":"H\u00fcbsch","url":"https:\/\/hubsch-interior.com\/de\/","logo":{"@type":"ImageObject","inLanguage":"de","@id":"https:\/\/hubsch-interior.com\/de\/#\/schema\/logo\/image\/","url":"https:\/\/hubsch-interior.com\/wp-content\/uploads\/2022\/12\/Hubsch_logo_black_one_line.svg","contentUrl":"https:\/\/hubsch-interior.com\/wp-content\/uploads\/2022\/12\/Hubsch_logo_black_one_line.svg","caption":"H\u00fcbsch"},"image":{"@id":"https:\/\/hubsch-interior.com\/de\/#\/schema\/logo\/image\/"}}]}},"_links":{"self":[{"href":"https:\/\/hubsch-interior.com\/de\/wp-json\/wp\/v2\/product\/801602","targetHints":{"allow":["GET"]}}],"collection":[{"href":"https:\/\/hubsch-interior.com\/de\/wp-json\/wp\/v2\/product"}],"about":[{"href":"https:\/\/hubsch-interior.com\/de\/wp-json\/wp\/v2\/types\/product"}],"wp:featuredmedia":[{"embeddable":true,"href":"https:\/\/hubsch-interior.com\/de\/wp-json\/wp\/v2\/media\/1095992"}],"wp:attachment":[{"href":"https:\/\/hubsch-interior.com\/de\/wp-json\/wp\/v2\/media?parent=801602"}],"wp:term":[{"taxonomy":"product_brand","embeddable":true,"href":"https:\/\/hubsch-interior.com\/de\/wp-json\/wp\/v2\/product_brand?post=801602"},{"taxonomy":"product_cat","embeddable":true,"href":"https:\/\/hubsch-interior.com\/de\/wp-json\/wp\/v2\/product_cat?post=801602"},{"taxonomy":"product_tag","embeddable":true,"href":"https:\/\/hubsch-interior.com\/de\/wp-json\/wp\/v2\/product_tag?post=801602"}],"curies":[{"name":"wp","href":"https:\/\/api.w.org\/{rel}","templated":true}]}}