{"id":801710,"date":"2022-08-11T13:15:38","date_gmt":"2022-08-11T11:15:38","guid":{"rendered":"https:\/\/hubsch-interior.com\/product\/product-2\/"},"modified":"2026-04-09T04:29:46","modified_gmt":"2026-04-09T02:29:46","slug":"clarien-vasen-multifarben-4er-set","status":"publish","type":"product","link":"https:\/\/hubsch-interior.com\/de\/produkt\/clarien-vasen-multifarben-4er-set\/","title":{"rendered":"Clarien Vasen \u00a0Multifarben (4er Set)"},"content":{"rendered":"<p>Mit dem Clarien Vasen Multifarben (4er Set) erhalten Sie ein stylisches Glasvaseset f\u00fcr Ihr Zuhause. Jede Vase ist aus klarem, blauem, grauem oder rosafarbenem Glas gefertigt und bereichert Ihre Inneneinrichtung. Egal ob als einzeln stehendes Dekorationsobjekt oder als Gruppe zusammen, mit dem 4er Set haben Sie die ideale Grundlage f\u00fcr eine sch\u00f6ne Innenausstattung. W\u00e4hlen Sie aus und schaffen Sie Ihr eigenes, individuelles Wohnambiente.<\/p>\n","protected":false},"excerpt":{"rendered":"<p>Mit dem Clarien Vasen Multifarben (4er Set) erhalten Sie ein stylisches Glasvaseset f\u00fcr Ihr Zuhause. Jede Vase ist aus klarem, blauem, grauem oder rosafarbenem Glas gefertigt und bereichert Ihre Inneneinrichtung. Egal ob als einzeln stehendes Dekorationsobjekt oder als Gruppe zusammen, mit dem 4er Set haben Sie die ideale Grundlage f\u00fcr eine sch\u00f6ne Innenausstattung. W\u00e4hlen Sie [&hellip;]<\/p>\n","protected":false},"featured_media":1096784,"template":"","meta":{"_acf_changed":false,"inline_featured_image":false},"product_brand":[],"product_cat":[3156,6519],"product_tag":[],"class_list":{"0":"post-801710","1":"product","2":"type-product","3":"status-publish","4":"has-post-thumbnail","6":"product_cat-vasen-de","7":"product_cat-outlet-de","8":"product_shipping_class-pk","10":"pa_color-multifarben-2","11":"pa_material-glas-de","13":"first","14":"instock","15":"sale","16":"taxable","17":"shipping-taxable","18":"purchasable","19":"product-type-simple"},"exclude_global_add_ons":[],"addons":[],"acf":[],"yoast_head":"<!-- This site is optimized with the Yoast SEO plugin v26.4 - https:\/\/yoast.com\/wordpress\/plugins\/seo\/ -->\n<title>Clarien Vasen \u00a0Multifarben (4er Set) - H\u00fcbsch<\/title>\n<meta name=\"description\" content=\"Mit dem Clarien Vasen Multifarben (4er Set) erhalten Sie ein stylisches Glasvaseset f\u00fcr Ihr Zuhause. Jede Vase ist aus klarem, blauem, grauem oder\" \/>\n<meta name=\"robots\" content=\"index, follow, max-snippet:-1, max-image-preview:large, max-video-preview:-1\" \/>\n<link rel=\"canonical\" href=\"https:\/\/hubsch-interior.com\/de\/wp-json\/wp\/v2\/product\/801710\" \/>\n<meta property=\"og:locale\" content=\"de_DE\" \/>\n<meta property=\"og:type\" content=\"article\" \/>\n<meta property=\"og:title\" content=\"Clarien Vasen \u00a0Multifarben (4er Set) - H\u00fcbsch\" \/>\n<meta property=\"og:description\" content=\"Mit dem Clarien Vasen Multifarben (4er Set) erhalten Sie ein stylisches Glasvaseset f\u00fcr Ihr Zuhause. Jede Vase ist aus klarem, blauem, grauem oder\" \/>\n<meta property=\"og:url\" content=\"https:\/\/hubsch-interior.com\/de\/produkt\/clarien-vasen-multifarben-4er-set\/\" \/>\n<meta property=\"og:site_name\" content=\"H\u00fcbsch\" \/>\n<meta property=\"article:modified_time\" content=\"2026-04-09T02:29:46+00:00\" \/>\n<meta property=\"og:image\" content=\"https:\/\/hubsch-interior.com\/wp-content\/uploads\/2023\/08\/clarien-vases-multicolour-set-of-4-609895b96699201f615ca0823a1ce267.jpg\" \/>\n\t<meta property=\"og:image:width\" content=\"1200\" \/>\n\t<meta property=\"og:image:height\" content=\"1200\" \/>\n\t<meta property=\"og:image:type\" content=\"image\/jpeg\" \/>\n<meta name=\"twitter:card\" content=\"summary_large_image\" \/>\n<script type=\"application\/ld+json\" class=\"yoast-schema-graph\">{\"@context\":\"https:\/\/schema.org\",\"@graph\":[{\"@type\":\"WebPage\",\"@id\":\"https:\/\/hubsch-interior.com\/de\/produkt\/clarien-vasen-multifarben-4er-set\/\",\"url\":\"https:\/\/hubsch-interior.com\/de\/produkt\/clarien-vasen-multifarben-4er-set\/\",\"name\":\"Clarien Vasen \u00a0Multifarben (4er Set) - H\u00fcbsch\",\"isPartOf\":{\"@id\":\"https:\/\/hubsch-interior.com\/de\/#website\"},\"primaryImageOfPage\":{\"@id\":\"https:\/\/hubsch-interior.com\/de\/produkt\/clarien-vasen-multifarben-4er-set\/#primaryimage\"},\"image\":{\"@id\":\"https:\/\/hubsch-interior.com\/de\/produkt\/clarien-vasen-multifarben-4er-set\/#primaryimage\"},\"thumbnailUrl\":\"https:\/\/hubsch-interior.com\/wp-content\/uploads\/2026\/02\/clarien-vases-multicolour-set-of-4-1bcca70fd41eb40e21cd1121a6eff273.jpg\",\"datePublished\":\"2022-08-11T11:15:38+00:00\",\"dateModified\":\"2026-04-09T02:29:46+00:00\",\"description\":\"Mit dem Clarien Vasen Multifarben (4er Set) erhalten Sie ein stylisches Glasvaseset f\u00fcr Ihr Zuhause. Jede Vase ist aus klarem, blauem, grauem oder\",\"breadcrumb\":{\"@id\":\"https:\/\/hubsch-interior.com\/de\/produkt\/clarien-vasen-multifarben-4er-set\/#breadcrumb\"},\"inLanguage\":\"de\",\"potentialAction\":[{\"@type\":\"ReadAction\",\"target\":[\"https:\/\/hubsch-interior.com\/de\/produkt\/clarien-vasen-multifarben-4er-set\/\"]}]},{\"@type\":\"ImageObject\",\"inLanguage\":\"de\",\"@id\":\"https:\/\/hubsch-interior.com\/de\/produkt\/clarien-vasen-multifarben-4er-set\/#primaryimage\",\"url\":\"https:\/\/hubsch-interior.com\/wp-content\/uploads\/2026\/02\/clarien-vases-multicolour-set-of-4-1bcca70fd41eb40e21cd1121a6eff273.jpg\",\"contentUrl\":\"https:\/\/hubsch-interior.com\/wp-content\/uploads\/2026\/02\/clarien-vases-multicolour-set-of-4-1bcca70fd41eb40e21cd1121a6eff273.jpg\",\"width\":1024,\"height\":1024},{\"@type\":\"BreadcrumbList\",\"@id\":\"https:\/\/hubsch-interior.com\/de\/produkt\/clarien-vasen-multifarben-4er-set\/#breadcrumb\",\"itemListElement\":[{\"@type\":\"ListItem\",\"position\":1,\"name\":\"Startseite\",\"item\":\"https:\/\/hubsch-interior.com\/de\/\"},{\"@type\":\"ListItem\",\"position\":2,\"name\":\"Produkte\",\"item\":\"https:\/\/hubsch-interior.com\/de\/shop-2\/\"},{\"@type\":\"ListItem\",\"position\":3,\"name\":\"Wohnaccessoires\",\"item\":\"https:\/\/hubsch-interior.com\/de\/produkt-kategorie\/wohnaccessoires\/\"},{\"@type\":\"ListItem\",\"position\":4,\"name\":\"Vasen\",\"item\":\"https:\/\/hubsch-interior.com\/de\/produkt-kategorie\/wohnaccessoires\/vasen-de\/\"},{\"@type\":\"ListItem\",\"position\":5,\"name\":\"Clarien Vasen \u00a0Multifarben (4er Set)\"}]},{\"@type\":\"WebSite\",\"@id\":\"https:\/\/hubsch-interior.com\/de\/#website\",\"url\":\"https:\/\/hubsch-interior.com\/de\/\",\"name\":\"H\u00fcbsch\",\"description\":\"Danish Home Interior and Design\",\"publisher\":{\"@id\":\"https:\/\/hubsch-interior.com\/de\/#organization\"},\"potentialAction\":[{\"@type\":\"SearchAction\",\"target\":{\"@type\":\"EntryPoint\",\"urlTemplate\":\"https:\/\/hubsch-interior.com\/de\/?s={search_term_string}\"},\"query-input\":{\"@type\":\"PropertyValueSpecification\",\"valueRequired\":true,\"valueName\":\"search_term_string\"}}],\"inLanguage\":\"de\"},{\"@type\":\"Organization\",\"@id\":\"https:\/\/hubsch-interior.com\/de\/#organization\",\"name\":\"H\u00fcbsch\",\"url\":\"https:\/\/hubsch-interior.com\/de\/\",\"logo\":{\"@type\":\"ImageObject\",\"inLanguage\":\"de\",\"@id\":\"https:\/\/hubsch-interior.com\/de\/#\/schema\/logo\/image\/\",\"url\":\"https:\/\/hubsch-interior.com\/wp-content\/uploads\/2022\/12\/Hubsch_logo_black_one_line.svg\",\"contentUrl\":\"https:\/\/hubsch-interior.com\/wp-content\/uploads\/2022\/12\/Hubsch_logo_black_one_line.svg\",\"caption\":\"H\u00fcbsch\"},\"image\":{\"@id\":\"https:\/\/hubsch-interior.com\/de\/#\/schema\/logo\/image\/\"}}]}<\/script>\n<!-- \/ Yoast SEO plugin. -->","yoast_head_json":{"title":"Clarien Vasen \u00a0Multifarben (4er Set) - H\u00fcbsch","description":"Mit dem Clarien Vasen Multifarben (4er Set) erhalten Sie ein stylisches Glasvaseset f\u00fcr Ihr Zuhause. Jede Vase ist aus klarem, blauem, grauem oder","robots":{"index":"index","follow":"follow","max-snippet":"max-snippet:-1","max-image-preview":"max-image-preview:large","max-video-preview":"max-video-preview:-1"},"canonical":"https:\/\/hubsch-interior.com\/de\/wp-json\/wp\/v2\/product\/801710","og_locale":"de_DE","og_type":"article","og_title":"Clarien Vasen \u00a0Multifarben (4er Set) - H\u00fcbsch","og_description":"Mit dem Clarien Vasen Multifarben (4er Set) erhalten Sie ein stylisches Glasvaseset f\u00fcr Ihr Zuhause. Jede Vase ist aus klarem, blauem, grauem oder","og_url":"https:\/\/hubsch-interior.com\/de\/produkt\/clarien-vasen-multifarben-4er-set\/","og_site_name":"H\u00fcbsch","article_modified_time":"2026-04-09T02:29:46+00:00","og_image":[{"width":1200,"height":1200,"url":"https:\/\/hubsch-interior.com\/wp-content\/uploads\/2023\/08\/clarien-vases-multicolour-set-of-4-609895b96699201f615ca0823a1ce267.jpg","type":"image\/jpeg"}],"twitter_card":"summary_large_image","schema":{"@context":"https:\/\/schema.org","@graph":[{"@type":"WebPage","@id":"https:\/\/hubsch-interior.com\/de\/produkt\/clarien-vasen-multifarben-4er-set\/","url":"https:\/\/hubsch-interior.com\/de\/produkt\/clarien-vasen-multifarben-4er-set\/","name":"Clarien Vasen \u00a0Multifarben (4er Set) - H\u00fcbsch","isPartOf":{"@id":"https:\/\/hubsch-interior.com\/de\/#website"},"primaryImageOfPage":{"@id":"https:\/\/hubsch-interior.com\/de\/produkt\/clarien-vasen-multifarben-4er-set\/#primaryimage"},"image":{"@id":"https:\/\/hubsch-interior.com\/de\/produkt\/clarien-vasen-multifarben-4er-set\/#primaryimage"},"thumbnailUrl":"https:\/\/hubsch-interior.com\/wp-content\/uploads\/2026\/02\/clarien-vases-multicolour-set-of-4-1bcca70fd41eb40e21cd1121a6eff273.jpg","datePublished":"2022-08-11T11:15:38+00:00","dateModified":"2026-04-09T02:29:46+00:00","description":"Mit dem Clarien Vasen Multifarben (4er Set) erhalten Sie ein stylisches Glasvaseset f\u00fcr Ihr Zuhause. Jede Vase ist aus klarem, blauem, grauem oder","breadcrumb":{"@id":"https:\/\/hubsch-interior.com\/de\/produkt\/clarien-vasen-multifarben-4er-set\/#breadcrumb"},"inLanguage":"de","potentialAction":[{"@type":"ReadAction","target":["https:\/\/hubsch-interior.com\/de\/produkt\/clarien-vasen-multifarben-4er-set\/"]}]},{"@type":"ImageObject","inLanguage":"de","@id":"https:\/\/hubsch-interior.com\/de\/produkt\/clarien-vasen-multifarben-4er-set\/#primaryimage","url":"https:\/\/hubsch-interior.com\/wp-content\/uploads\/2026\/02\/clarien-vases-multicolour-set-of-4-1bcca70fd41eb40e21cd1121a6eff273.jpg","contentUrl":"https:\/\/hubsch-interior.com\/wp-content\/uploads\/2026\/02\/clarien-vases-multicolour-set-of-4-1bcca70fd41eb40e21cd1121a6eff273.jpg","width":1024,"height":1024},{"@type":"BreadcrumbList","@id":"https:\/\/hubsch-interior.com\/de\/produkt\/clarien-vasen-multifarben-4er-set\/#breadcrumb","itemListElement":[{"@type":"ListItem","position":1,"name":"Startseite","item":"https:\/\/hubsch-interior.com\/de\/"},{"@type":"ListItem","position":2,"name":"Produkte","item":"https:\/\/hubsch-interior.com\/de\/shop-2\/"},{"@type":"ListItem","position":3,"name":"Wohnaccessoires","item":"https:\/\/hubsch-interior.com\/de\/produkt-kategorie\/wohnaccessoires\/"},{"@type":"ListItem","position":4,"name":"Vasen","item":"https:\/\/hubsch-interior.com\/de\/produkt-kategorie\/wohnaccessoires\/vasen-de\/"},{"@type":"ListItem","position":5,"name":"Clarien Vasen \u00a0Multifarben (4er Set)"}]},{"@type":"WebSite","@id":"https:\/\/hubsch-interior.com\/de\/#website","url":"https:\/\/hubsch-interior.com\/de\/","name":"H\u00fcbsch","description":"Danish Home Interior and Design","publisher":{"@id":"https:\/\/hubsch-interior.com\/de\/#organization"},"potentialAction":[{"@type":"SearchAction","target":{"@type":"EntryPoint","urlTemplate":"https:\/\/hubsch-interior.com\/de\/?s={search_term_string}"},"query-input":{"@type":"PropertyValueSpecification","valueRequired":true,"valueName":"search_term_string"}}],"inLanguage":"de"},{"@type":"Organization","@id":"https:\/\/hubsch-interior.com\/de\/#organization","name":"H\u00fcbsch","url":"https:\/\/hubsch-interior.com\/de\/","logo":{"@type":"ImageObject","inLanguage":"de","@id":"https:\/\/hubsch-interior.com\/de\/#\/schema\/logo\/image\/","url":"https:\/\/hubsch-interior.com\/wp-content\/uploads\/2022\/12\/Hubsch_logo_black_one_line.svg","contentUrl":"https:\/\/hubsch-interior.com\/wp-content\/uploads\/2022\/12\/Hubsch_logo_black_one_line.svg","caption":"H\u00fcbsch"},"image":{"@id":"https:\/\/hubsch-interior.com\/de\/#\/schema\/logo\/image\/"}}]}},"_links":{"self":[{"href":"https:\/\/hubsch-interior.com\/de\/wp-json\/wp\/v2\/product\/801710","targetHints":{"allow":["GET"]}}],"collection":[{"href":"https:\/\/hubsch-interior.com\/de\/wp-json\/wp\/v2\/product"}],"about":[{"href":"https:\/\/hubsch-interior.com\/de\/wp-json\/wp\/v2\/types\/product"}],"wp:featuredmedia":[{"embeddable":true,"href":"https:\/\/hubsch-interior.com\/de\/wp-json\/wp\/v2\/media\/1096784"}],"wp:attachment":[{"href":"https:\/\/hubsch-interior.com\/de\/wp-json\/wp\/v2\/media?parent=801710"}],"wp:term":[{"taxonomy":"product_brand","embeddable":true,"href":"https:\/\/hubsch-interior.com\/de\/wp-json\/wp\/v2\/product_brand?post=801710"},{"taxonomy":"product_cat","embeddable":true,"href":"https:\/\/hubsch-interior.com\/de\/wp-json\/wp\/v2\/product_cat?post=801710"},{"taxonomy":"product_tag","embeddable":true,"href":"https:\/\/hubsch-interior.com\/de\/wp-json\/wp\/v2\/product_tag?post=801710"}],"curies":[{"name":"wp","href":"https:\/\/api.w.org\/{rel}","templated":true}]}}