{"id":801771,"date":"2022-08-11T13:16:45","date_gmt":"2022-08-11T11:16:45","guid":{"rendered":"https:\/\/hubsch-interior.com\/product\/product-2\/"},"modified":"2026-04-30T04:30:20","modified_gmt":"2026-04-30T02:30:20","slug":"glacier-schalen-multifarben-4er-set","status":"publish","type":"product","link":"https:\/\/hubsch-interior.com\/de\/produkt\/glacier-schalen-multifarben-4er-set\/","title":{"rendered":"Glacier Schalen \u00a0Multifarben (4er Set)"},"content":{"rendered":"<p>Dieses einzigartige 4er Set aus Porzellan Schalen in Grau\/Wei\u00df\/Blau\/Alt Rosa ist ein fantastisches Accessoire f\u00fcr Ihr Zuhause. Die Glacier Schalen sind aus hochwertigem Porzellan gefertigt und dank ihrer verschiedenen Farben ein echter Blickfang. Ob als Servierschalen oder Dekoration, dieses Set ist unverzichtbar. Die Schalen sind einfach und doch stilvoll und werden Ihren Hausstil perfekt erg\u00e4nzen. Holen Sie sich das Glacier Schalen Set nach Hause und genie\u00dfen Sie Ihr Zuhause in vollen Z\u00fcgen.<\/p>\n","protected":false},"excerpt":{"rendered":"<p>Dieses einzigartige 4er Set aus Porzellan Schalen in Grau\/Wei\u00df\/Blau\/Alt Rosa ist ein fantastisches Accessoire f\u00fcr Ihr Zuhause. Die Glacier Schalen sind aus hochwertigem Porzellan gefertigt und dank ihrer verschiedenen Farben ein echter Blickfang. Ob als Servierschalen oder Dekoration, dieses Set ist unverzichtbar. Die Schalen sind einfach und doch stilvoll und werden Ihren Hausstil perfekt erg\u00e4nzen. [&hellip;]<\/p>\n","protected":false},"featured_media":1097061,"template":"","meta":{"_acf_changed":false,"inline_featured_image":false},"product_brand":[],"product_cat":[7044,7029,4055,4096],"product_tag":[],"class_list":{"0":"post-801771","1":"product","2":"type-product","3":"status-publish","4":"has-post-thumbnail","6":"product_cat-servierschalen-de","7":"product_cat-tischgeschirr-de-2","8":"product_cat-kuechenzubehoer-de","9":"product_cat-tischgeschirr-de","10":"product_shipping_class-pk","11":"pa_color-multifarben-2","12":"pa_material-porzellan-de","14":"first","15":"instock","16":"taxable","17":"shipping-taxable","18":"purchasable","19":"product-type-simple"},"exclude_global_add_ons":[],"addons":[],"acf":[],"yoast_head":"<!-- This site is optimized with the Yoast SEO plugin v26.4 - https:\/\/yoast.com\/wordpress\/plugins\/seo\/ -->\n<title>Glacier Schalen \u00a0Multifarben (4er Set) - H\u00fcbsch<\/title>\n<meta name=\"description\" content=\"Dieses einzigartige 4er Set aus Porzellan Schalen in Grau\/Wei\u00df\/Blau\/Alt Rosa ist ein fantastisches Accessoire f\u00fcr Ihr Zuhause. Die Glacier Schalen sind\" \/>\n<meta name=\"robots\" content=\"index, follow, max-snippet:-1, max-image-preview:large, max-video-preview:-1\" \/>\n<link rel=\"canonical\" href=\"https:\/\/hubsch-interior.com\/de\/wp-json\/wp\/v2\/product\/801771\" \/>\n<meta property=\"og:locale\" content=\"de_DE\" \/>\n<meta property=\"og:type\" content=\"article\" \/>\n<meta property=\"og:title\" content=\"Glacier Schalen \u00a0Multifarben (4er Set) - H\u00fcbsch\" \/>\n<meta property=\"og:description\" content=\"Dieses einzigartige 4er Set aus Porzellan Schalen in Grau\/Wei\u00df\/Blau\/Alt Rosa ist ein fantastisches Accessoire f\u00fcr Ihr Zuhause. Die Glacier Schalen sind\" \/>\n<meta property=\"og:url\" content=\"https:\/\/hubsch-interior.com\/de\/produkt\/glacier-schalen-multifarben-4er-set\/\" \/>\n<meta property=\"og:site_name\" content=\"H\u00fcbsch\" \/>\n<meta property=\"article:modified_time\" content=\"2026-04-30T02:30:20+00:00\" \/>\n<meta property=\"og:image\" content=\"https:\/\/hubsch-interior.com\/wp-content\/uploads\/2024\/08\/glacier-bowls-multicolour-set-of-4-c15dbced9b6d9c1c8423cd2f31d7359e.jpg\" \/>\n\t<meta property=\"og:image:width\" content=\"1200\" \/>\n\t<meta property=\"og:image:height\" content=\"1200\" \/>\n\t<meta property=\"og:image:type\" content=\"image\/jpeg\" \/>\n<meta name=\"twitter:card\" content=\"summary_large_image\" \/>\n<script type=\"application\/ld+json\" class=\"yoast-schema-graph\">{\"@context\":\"https:\/\/schema.org\",\"@graph\":[{\"@type\":\"WebPage\",\"@id\":\"https:\/\/hubsch-interior.com\/de\/produkt\/glacier-schalen-multifarben-4er-set\/\",\"url\":\"https:\/\/hubsch-interior.com\/de\/produkt\/glacier-schalen-multifarben-4er-set\/\",\"name\":\"Glacier Schalen \u00a0Multifarben (4er Set) - H\u00fcbsch\",\"isPartOf\":{\"@id\":\"https:\/\/hubsch-interior.com\/de\/#website\"},\"primaryImageOfPage\":{\"@id\":\"https:\/\/hubsch-interior.com\/de\/produkt\/glacier-schalen-multifarben-4er-set\/#primaryimage\"},\"image\":{\"@id\":\"https:\/\/hubsch-interior.com\/de\/produkt\/glacier-schalen-multifarben-4er-set\/#primaryimage\"},\"thumbnailUrl\":\"https:\/\/hubsch-interior.com\/wp-content\/uploads\/2026\/02\/glacier-bowls-multicolour-set-of-4-d9e603e78290fbce0e761e97ec3d21fb.jpg\",\"datePublished\":\"2022-08-11T11:16:45+00:00\",\"dateModified\":\"2026-04-30T02:30:20+00:00\",\"description\":\"Dieses einzigartige 4er Set aus Porzellan Schalen in Grau\/Wei\u00df\/Blau\/Alt Rosa ist ein fantastisches Accessoire f\u00fcr Ihr Zuhause. Die Glacier Schalen sind\",\"breadcrumb\":{\"@id\":\"https:\/\/hubsch-interior.com\/de\/produkt\/glacier-schalen-multifarben-4er-set\/#breadcrumb\"},\"inLanguage\":\"de\",\"potentialAction\":[{\"@type\":\"ReadAction\",\"target\":[\"https:\/\/hubsch-interior.com\/de\/produkt\/glacier-schalen-multifarben-4er-set\/\"]}]},{\"@type\":\"ImageObject\",\"inLanguage\":\"de\",\"@id\":\"https:\/\/hubsch-interior.com\/de\/produkt\/glacier-schalen-multifarben-4er-set\/#primaryimage\",\"url\":\"https:\/\/hubsch-interior.com\/wp-content\/uploads\/2026\/02\/glacier-bowls-multicolour-set-of-4-d9e603e78290fbce0e761e97ec3d21fb.jpg\",\"contentUrl\":\"https:\/\/hubsch-interior.com\/wp-content\/uploads\/2026\/02\/glacier-bowls-multicolour-set-of-4-d9e603e78290fbce0e761e97ec3d21fb.jpg\",\"width\":1024,\"height\":1024},{\"@type\":\"BreadcrumbList\",\"@id\":\"https:\/\/hubsch-interior.com\/de\/produkt\/glacier-schalen-multifarben-4er-set\/#breadcrumb\",\"itemListElement\":[{\"@type\":\"ListItem\",\"position\":1,\"name\":\"Startseite\",\"item\":\"https:\/\/hubsch-interior.com\/de\/\"},{\"@type\":\"ListItem\",\"position\":2,\"name\":\"Produkte\",\"item\":\"https:\/\/hubsch-interior.com\/de\/shop-2\/\"},{\"@type\":\"ListItem\",\"position\":3,\"name\":\"K\u00fcche\",\"item\":\"https:\/\/hubsch-interior.com\/de\/produkt-kategorie\/kuche\/\"},{\"@type\":\"ListItem\",\"position\":4,\"name\":\"Tischgeschirr\",\"item\":\"https:\/\/hubsch-interior.com\/de\/produkt-kategorie\/kuche\/tischgeschirr-de-2\/\"},{\"@type\":\"ListItem\",\"position\":5,\"name\":\"Servierschalen\",\"item\":\"https:\/\/hubsch-interior.com\/de\/produkt-kategorie\/kuche\/tischgeschirr-de-2\/servierschalen-de\/\"},{\"@type\":\"ListItem\",\"position\":6,\"name\":\"Glacier Schalen \u00a0Multifarben (4er Set)\"}]},{\"@type\":\"WebSite\",\"@id\":\"https:\/\/hubsch-interior.com\/de\/#website\",\"url\":\"https:\/\/hubsch-interior.com\/de\/\",\"name\":\"H\u00fcbsch\",\"description\":\"Danish Home Interior and Design\",\"publisher\":{\"@id\":\"https:\/\/hubsch-interior.com\/de\/#organization\"},\"potentialAction\":[{\"@type\":\"SearchAction\",\"target\":{\"@type\":\"EntryPoint\",\"urlTemplate\":\"https:\/\/hubsch-interior.com\/de\/?s={search_term_string}\"},\"query-input\":{\"@type\":\"PropertyValueSpecification\",\"valueRequired\":true,\"valueName\":\"search_term_string\"}}],\"inLanguage\":\"de\"},{\"@type\":\"Organization\",\"@id\":\"https:\/\/hubsch-interior.com\/de\/#organization\",\"name\":\"H\u00fcbsch\",\"url\":\"https:\/\/hubsch-interior.com\/de\/\",\"logo\":{\"@type\":\"ImageObject\",\"inLanguage\":\"de\",\"@id\":\"https:\/\/hubsch-interior.com\/de\/#\/schema\/logo\/image\/\",\"url\":\"https:\/\/hubsch-interior.com\/wp-content\/uploads\/2022\/12\/Hubsch_logo_black_one_line.svg\",\"contentUrl\":\"https:\/\/hubsch-interior.com\/wp-content\/uploads\/2022\/12\/Hubsch_logo_black_one_line.svg\",\"caption\":\"H\u00fcbsch\"},\"image\":{\"@id\":\"https:\/\/hubsch-interior.com\/de\/#\/schema\/logo\/image\/\"}}]}<\/script>\n<!-- \/ Yoast SEO plugin. -->","yoast_head_json":{"title":"Glacier Schalen \u00a0Multifarben (4er Set) - H\u00fcbsch","description":"Dieses einzigartige 4er Set aus Porzellan Schalen in Grau\/Wei\u00df\/Blau\/Alt Rosa ist ein fantastisches Accessoire f\u00fcr Ihr Zuhause. Die Glacier Schalen sind","robots":{"index":"index","follow":"follow","max-snippet":"max-snippet:-1","max-image-preview":"max-image-preview:large","max-video-preview":"max-video-preview:-1"},"canonical":"https:\/\/hubsch-interior.com\/de\/wp-json\/wp\/v2\/product\/801771","og_locale":"de_DE","og_type":"article","og_title":"Glacier Schalen \u00a0Multifarben (4er Set) - H\u00fcbsch","og_description":"Dieses einzigartige 4er Set aus Porzellan Schalen in Grau\/Wei\u00df\/Blau\/Alt Rosa ist ein fantastisches Accessoire f\u00fcr Ihr Zuhause. Die Glacier Schalen sind","og_url":"https:\/\/hubsch-interior.com\/de\/produkt\/glacier-schalen-multifarben-4er-set\/","og_site_name":"H\u00fcbsch","article_modified_time":"2026-04-30T02:30:20+00:00","og_image":[{"width":1200,"height":1200,"url":"https:\/\/hubsch-interior.com\/wp-content\/uploads\/2024\/08\/glacier-bowls-multicolour-set-of-4-c15dbced9b6d9c1c8423cd2f31d7359e.jpg","type":"image\/jpeg"}],"twitter_card":"summary_large_image","schema":{"@context":"https:\/\/schema.org","@graph":[{"@type":"WebPage","@id":"https:\/\/hubsch-interior.com\/de\/produkt\/glacier-schalen-multifarben-4er-set\/","url":"https:\/\/hubsch-interior.com\/de\/produkt\/glacier-schalen-multifarben-4er-set\/","name":"Glacier Schalen \u00a0Multifarben (4er Set) - H\u00fcbsch","isPartOf":{"@id":"https:\/\/hubsch-interior.com\/de\/#website"},"primaryImageOfPage":{"@id":"https:\/\/hubsch-interior.com\/de\/produkt\/glacier-schalen-multifarben-4er-set\/#primaryimage"},"image":{"@id":"https:\/\/hubsch-interior.com\/de\/produkt\/glacier-schalen-multifarben-4er-set\/#primaryimage"},"thumbnailUrl":"https:\/\/hubsch-interior.com\/wp-content\/uploads\/2026\/02\/glacier-bowls-multicolour-set-of-4-d9e603e78290fbce0e761e97ec3d21fb.jpg","datePublished":"2022-08-11T11:16:45+00:00","dateModified":"2026-04-30T02:30:20+00:00","description":"Dieses einzigartige 4er Set aus Porzellan Schalen in Grau\/Wei\u00df\/Blau\/Alt Rosa ist ein fantastisches Accessoire f\u00fcr Ihr Zuhause. Die Glacier Schalen sind","breadcrumb":{"@id":"https:\/\/hubsch-interior.com\/de\/produkt\/glacier-schalen-multifarben-4er-set\/#breadcrumb"},"inLanguage":"de","potentialAction":[{"@type":"ReadAction","target":["https:\/\/hubsch-interior.com\/de\/produkt\/glacier-schalen-multifarben-4er-set\/"]}]},{"@type":"ImageObject","inLanguage":"de","@id":"https:\/\/hubsch-interior.com\/de\/produkt\/glacier-schalen-multifarben-4er-set\/#primaryimage","url":"https:\/\/hubsch-interior.com\/wp-content\/uploads\/2026\/02\/glacier-bowls-multicolour-set-of-4-d9e603e78290fbce0e761e97ec3d21fb.jpg","contentUrl":"https:\/\/hubsch-interior.com\/wp-content\/uploads\/2026\/02\/glacier-bowls-multicolour-set-of-4-d9e603e78290fbce0e761e97ec3d21fb.jpg","width":1024,"height":1024},{"@type":"BreadcrumbList","@id":"https:\/\/hubsch-interior.com\/de\/produkt\/glacier-schalen-multifarben-4er-set\/#breadcrumb","itemListElement":[{"@type":"ListItem","position":1,"name":"Startseite","item":"https:\/\/hubsch-interior.com\/de\/"},{"@type":"ListItem","position":2,"name":"Produkte","item":"https:\/\/hubsch-interior.com\/de\/shop-2\/"},{"@type":"ListItem","position":3,"name":"K\u00fcche","item":"https:\/\/hubsch-interior.com\/de\/produkt-kategorie\/kuche\/"},{"@type":"ListItem","position":4,"name":"Tischgeschirr","item":"https:\/\/hubsch-interior.com\/de\/produkt-kategorie\/kuche\/tischgeschirr-de-2\/"},{"@type":"ListItem","position":5,"name":"Servierschalen","item":"https:\/\/hubsch-interior.com\/de\/produkt-kategorie\/kuche\/tischgeschirr-de-2\/servierschalen-de\/"},{"@type":"ListItem","position":6,"name":"Glacier Schalen \u00a0Multifarben (4er Set)"}]},{"@type":"WebSite","@id":"https:\/\/hubsch-interior.com\/de\/#website","url":"https:\/\/hubsch-interior.com\/de\/","name":"H\u00fcbsch","description":"Danish Home Interior and Design","publisher":{"@id":"https:\/\/hubsch-interior.com\/de\/#organization"},"potentialAction":[{"@type":"SearchAction","target":{"@type":"EntryPoint","urlTemplate":"https:\/\/hubsch-interior.com\/de\/?s={search_term_string}"},"query-input":{"@type":"PropertyValueSpecification","valueRequired":true,"valueName":"search_term_string"}}],"inLanguage":"de"},{"@type":"Organization","@id":"https:\/\/hubsch-interior.com\/de\/#organization","name":"H\u00fcbsch","url":"https:\/\/hubsch-interior.com\/de\/","logo":{"@type":"ImageObject","inLanguage":"de","@id":"https:\/\/hubsch-interior.com\/de\/#\/schema\/logo\/image\/","url":"https:\/\/hubsch-interior.com\/wp-content\/uploads\/2022\/12\/Hubsch_logo_black_one_line.svg","contentUrl":"https:\/\/hubsch-interior.com\/wp-content\/uploads\/2022\/12\/Hubsch_logo_black_one_line.svg","caption":"H\u00fcbsch"},"image":{"@id":"https:\/\/hubsch-interior.com\/de\/#\/schema\/logo\/image\/"}}]}},"_links":{"self":[{"href":"https:\/\/hubsch-interior.com\/de\/wp-json\/wp\/v2\/product\/801771","targetHints":{"allow":["GET"]}}],"collection":[{"href":"https:\/\/hubsch-interior.com\/de\/wp-json\/wp\/v2\/product"}],"about":[{"href":"https:\/\/hubsch-interior.com\/de\/wp-json\/wp\/v2\/types\/product"}],"wp:featuredmedia":[{"embeddable":true,"href":"https:\/\/hubsch-interior.com\/de\/wp-json\/wp\/v2\/media\/1097061"}],"wp:attachment":[{"href":"https:\/\/hubsch-interior.com\/de\/wp-json\/wp\/v2\/media?parent=801771"}],"wp:term":[{"taxonomy":"product_brand","embeddable":true,"href":"https:\/\/hubsch-interior.com\/de\/wp-json\/wp\/v2\/product_brand?post=801771"},{"taxonomy":"product_cat","embeddable":true,"href":"https:\/\/hubsch-interior.com\/de\/wp-json\/wp\/v2\/product_cat?post=801771"},{"taxonomy":"product_tag","embeddable":true,"href":"https:\/\/hubsch-interior.com\/de\/wp-json\/wp\/v2\/product_tag?post=801771"}],"curies":[{"name":"wp","href":"https:\/\/api.w.org\/{rel}","templated":true}]}}