{"id":801950,"date":"2022-08-11T13:21:33","date_gmt":"2022-08-11T11:21:33","guid":{"rendered":"https:\/\/hubsch-interior.com\/product\/product-2\/"},"modified":"2026-04-15T04:36:03","modified_gmt":"2026-04-15T02:36:03","slug":"snacky-schalen-weis-grun-2er-set","status":"publish","type":"product","link":"https:\/\/hubsch-interior.com\/de\/produkt\/snacky-schalen-weis-grun-2er-set\/","title":{"rendered":"Snacky Schalen Wei\u00df\/Gr\u00fcn (2er Set)"},"content":{"rendered":"<p>Das 2er Set Snacky Schalen von Marble ist ein einzigartiges und stilvolles Accessoire f\u00fcr Ihren Haushalt. Der Marmor, aus dem die Schalen hergestellt wurden, garantiert besondere Langlebigkeit. Die Schalen sind in einem modernen Wei\u00df mit Gr\u00fcn-Akzenten erh\u00e4ltlich und bringen ein elegantes und hochwertiges Design in Ihr Zuhause. Sie sind eine tolle Erg\u00e4nzung zu jeder K\u00fcche oder Wohnzimmer. Die Schalen sind ein unverzichtbarer Begleiter beim Servieren von Snacks, N\u00fcssen oder anderen Kleinigkeiten.<\/p>\n","protected":false},"excerpt":{"rendered":"<p>Das 2er Set Snacky Schalen von Marble ist ein einzigartiges und stilvolles Accessoire f\u00fcr Ihren Haushalt. Der Marmor, aus dem die Schalen hergestellt wurden, garantiert besondere Langlebigkeit. Die Schalen sind in einem modernen Wei\u00df mit Gr\u00fcn-Akzenten erh\u00e4ltlich und bringen ein elegantes und hochwertiges Design in Ihr Zuhause. Sie sind eine tolle Erg\u00e4nzung zu jeder K\u00fcche [&hellip;]<\/p>\n","protected":false},"featured_media":1098279,"template":"","meta":{"_acf_changed":false,"inline_featured_image":false},"product_brand":[],"product_cat":[3111,3429],"product_tag":[],"class_list":{"0":"post-801950","1":"product","2":"type-product","3":"status-publish","4":"has-post-thumbnail","6":"product_cat-aufbewahrung-de","7":"product_cat-behaelter-de","8":"product_shipping_class-pk","10":"pa_color-grn-2","11":"pa_color-wei","12":"pa_material-marmor-de","14":"first","15":"instock","16":"taxable","17":"shipping-taxable","18":"purchasable","19":"product-type-simple"},"exclude_global_add_ons":[],"addons":[],"acf":[],"yoast_head":"<!-- This site is optimized with the Yoast SEO plugin v26.4 - https:\/\/yoast.com\/wordpress\/plugins\/seo\/ -->\n<title>Snacky Schalen Wei\u00df\/Gr\u00fcn (2er Set) - H\u00fcbsch<\/title>\n<meta name=\"description\" content=\"Das 2er Set Snacky Schalen von Marble ist ein einzigartiges und stilvolles Accessoire f\u00fcr Ihren Haushalt. Der Marmor, aus dem die Schalen hergestellt\" \/>\n<meta name=\"robots\" content=\"index, follow, max-snippet:-1, max-image-preview:large, max-video-preview:-1\" \/>\n<link rel=\"canonical\" href=\"https:\/\/hubsch-interior.com\/de\/wp-json\/wp\/v2\/product\/801950\" \/>\n<meta property=\"og:locale\" content=\"de_DE\" \/>\n<meta property=\"og:type\" content=\"article\" \/>\n<meta property=\"og:title\" content=\"Snacky Schalen Wei\u00df\/Gr\u00fcn (2er Set) - H\u00fcbsch\" \/>\n<meta property=\"og:description\" content=\"Das 2er Set Snacky Schalen von Marble ist ein einzigartiges und stilvolles Accessoire f\u00fcr Ihren Haushalt. Der Marmor, aus dem die Schalen hergestellt\" \/>\n<meta property=\"og:url\" content=\"https:\/\/hubsch-interior.com\/de\/produkt\/snacky-schalen-weis-grun-2er-set\/\" \/>\n<meta property=\"og:site_name\" content=\"H\u00fcbsch\" \/>\n<meta property=\"article:modified_time\" content=\"2026-04-15T02:36:03+00:00\" \/>\n<meta property=\"og:image\" content=\"https:\/\/hubsch-interior.com\/wp-content\/uploads\/2023\/08\/snacky-bowls-whitegreen-set-of-2-4f20a99d3429c7956c49acec5b341aad.jpg\" \/>\n\t<meta property=\"og:image:width\" content=\"1200\" \/>\n\t<meta property=\"og:image:height\" content=\"1200\" \/>\n\t<meta property=\"og:image:type\" content=\"image\/jpeg\" \/>\n<meta name=\"twitter:card\" content=\"summary_large_image\" \/>\n<script type=\"application\/ld+json\" class=\"yoast-schema-graph\">{\"@context\":\"https:\/\/schema.org\",\"@graph\":[{\"@type\":\"WebPage\",\"@id\":\"https:\/\/hubsch-interior.com\/de\/produkt\/snacky-schalen-weis-grun-2er-set\/\",\"url\":\"https:\/\/hubsch-interior.com\/de\/produkt\/snacky-schalen-weis-grun-2er-set\/\",\"name\":\"Snacky Schalen Wei\u00df\/Gr\u00fcn (2er Set) - H\u00fcbsch\",\"isPartOf\":{\"@id\":\"https:\/\/hubsch-interior.com\/de\/#website\"},\"primaryImageOfPage\":{\"@id\":\"https:\/\/hubsch-interior.com\/de\/produkt\/snacky-schalen-weis-grun-2er-set\/#primaryimage\"},\"image\":{\"@id\":\"https:\/\/hubsch-interior.com\/de\/produkt\/snacky-schalen-weis-grun-2er-set\/#primaryimage\"},\"thumbnailUrl\":\"https:\/\/hubsch-interior.com\/wp-content\/uploads\/2026\/02\/snacky-bowls-whitegreen-set-of-2-23d574446fbb2dce4240b335f78991b2.jpg\",\"datePublished\":\"2022-08-11T11:21:33+00:00\",\"dateModified\":\"2026-04-15T02:36:03+00:00\",\"description\":\"Das 2er Set Snacky Schalen von Marble ist ein einzigartiges und stilvolles Accessoire f\u00fcr Ihren Haushalt. Der Marmor, aus dem die Schalen hergestellt\",\"breadcrumb\":{\"@id\":\"https:\/\/hubsch-interior.com\/de\/produkt\/snacky-schalen-weis-grun-2er-set\/#breadcrumb\"},\"inLanguage\":\"de\",\"potentialAction\":[{\"@type\":\"ReadAction\",\"target\":[\"https:\/\/hubsch-interior.com\/de\/produkt\/snacky-schalen-weis-grun-2er-set\/\"]}]},{\"@type\":\"ImageObject\",\"inLanguage\":\"de\",\"@id\":\"https:\/\/hubsch-interior.com\/de\/produkt\/snacky-schalen-weis-grun-2er-set\/#primaryimage\",\"url\":\"https:\/\/hubsch-interior.com\/wp-content\/uploads\/2026\/02\/snacky-bowls-whitegreen-set-of-2-23d574446fbb2dce4240b335f78991b2.jpg\",\"contentUrl\":\"https:\/\/hubsch-interior.com\/wp-content\/uploads\/2026\/02\/snacky-bowls-whitegreen-set-of-2-23d574446fbb2dce4240b335f78991b2.jpg\",\"width\":1024,\"height\":1024},{\"@type\":\"BreadcrumbList\",\"@id\":\"https:\/\/hubsch-interior.com\/de\/produkt\/snacky-schalen-weis-grun-2er-set\/#breadcrumb\",\"itemListElement\":[{\"@type\":\"ListItem\",\"position\":1,\"name\":\"Startseite\",\"item\":\"https:\/\/hubsch-interior.com\/de\/\"},{\"@type\":\"ListItem\",\"position\":2,\"name\":\"Produkte\",\"item\":\"https:\/\/hubsch-interior.com\/de\/shop-2\/\"},{\"@type\":\"ListItem\",\"position\":3,\"name\":\"Wohnaccessoires\",\"item\":\"https:\/\/hubsch-interior.com\/de\/produkt-kategorie\/wohnaccessoires\/\"},{\"@type\":\"ListItem\",\"position\":4,\"name\":\"Aufbewahrung\",\"item\":\"https:\/\/hubsch-interior.com\/de\/produkt-kategorie\/wohnaccessoires\/aufbewahrung-de\/\"},{\"@type\":\"ListItem\",\"position\":5,\"name\":\"Beh&auml;lter\",\"item\":\"https:\/\/hubsch-interior.com\/de\/produkt-kategorie\/wohnaccessoires\/aufbewahrung-de\/behaelter-de\/\"},{\"@type\":\"ListItem\",\"position\":6,\"name\":\"Snacky Schalen Wei\u00df\/Gr\u00fcn (2er Set)\"}]},{\"@type\":\"WebSite\",\"@id\":\"https:\/\/hubsch-interior.com\/de\/#website\",\"url\":\"https:\/\/hubsch-interior.com\/de\/\",\"name\":\"H\u00fcbsch\",\"description\":\"Danish Home Interior and Design\",\"publisher\":{\"@id\":\"https:\/\/hubsch-interior.com\/de\/#organization\"},\"potentialAction\":[{\"@type\":\"SearchAction\",\"target\":{\"@type\":\"EntryPoint\",\"urlTemplate\":\"https:\/\/hubsch-interior.com\/de\/?s={search_term_string}\"},\"query-input\":{\"@type\":\"PropertyValueSpecification\",\"valueRequired\":true,\"valueName\":\"search_term_string\"}}],\"inLanguage\":\"de\"},{\"@type\":\"Organization\",\"@id\":\"https:\/\/hubsch-interior.com\/de\/#organization\",\"name\":\"H\u00fcbsch\",\"url\":\"https:\/\/hubsch-interior.com\/de\/\",\"logo\":{\"@type\":\"ImageObject\",\"inLanguage\":\"de\",\"@id\":\"https:\/\/hubsch-interior.com\/de\/#\/schema\/logo\/image\/\",\"url\":\"https:\/\/hubsch-interior.com\/wp-content\/uploads\/2022\/12\/Hubsch_logo_black_one_line.svg\",\"contentUrl\":\"https:\/\/hubsch-interior.com\/wp-content\/uploads\/2022\/12\/Hubsch_logo_black_one_line.svg\",\"caption\":\"H\u00fcbsch\"},\"image\":{\"@id\":\"https:\/\/hubsch-interior.com\/de\/#\/schema\/logo\/image\/\"}}]}<\/script>\n<!-- \/ Yoast SEO plugin. -->","yoast_head_json":{"title":"Snacky Schalen Wei\u00df\/Gr\u00fcn (2er Set) - H\u00fcbsch","description":"Das 2er Set Snacky Schalen von Marble ist ein einzigartiges und stilvolles Accessoire f\u00fcr Ihren Haushalt. Der Marmor, aus dem die Schalen hergestellt","robots":{"index":"index","follow":"follow","max-snippet":"max-snippet:-1","max-image-preview":"max-image-preview:large","max-video-preview":"max-video-preview:-1"},"canonical":"https:\/\/hubsch-interior.com\/de\/wp-json\/wp\/v2\/product\/801950","og_locale":"de_DE","og_type":"article","og_title":"Snacky Schalen Wei\u00df\/Gr\u00fcn (2er Set) - H\u00fcbsch","og_description":"Das 2er Set Snacky Schalen von Marble ist ein einzigartiges und stilvolles Accessoire f\u00fcr Ihren Haushalt. Der Marmor, aus dem die Schalen hergestellt","og_url":"https:\/\/hubsch-interior.com\/de\/produkt\/snacky-schalen-weis-grun-2er-set\/","og_site_name":"H\u00fcbsch","article_modified_time":"2026-04-15T02:36:03+00:00","og_image":[{"width":1200,"height":1200,"url":"https:\/\/hubsch-interior.com\/wp-content\/uploads\/2023\/08\/snacky-bowls-whitegreen-set-of-2-4f20a99d3429c7956c49acec5b341aad.jpg","type":"image\/jpeg"}],"twitter_card":"summary_large_image","schema":{"@context":"https:\/\/schema.org","@graph":[{"@type":"WebPage","@id":"https:\/\/hubsch-interior.com\/de\/produkt\/snacky-schalen-weis-grun-2er-set\/","url":"https:\/\/hubsch-interior.com\/de\/produkt\/snacky-schalen-weis-grun-2er-set\/","name":"Snacky Schalen Wei\u00df\/Gr\u00fcn (2er Set) - H\u00fcbsch","isPartOf":{"@id":"https:\/\/hubsch-interior.com\/de\/#website"},"primaryImageOfPage":{"@id":"https:\/\/hubsch-interior.com\/de\/produkt\/snacky-schalen-weis-grun-2er-set\/#primaryimage"},"image":{"@id":"https:\/\/hubsch-interior.com\/de\/produkt\/snacky-schalen-weis-grun-2er-set\/#primaryimage"},"thumbnailUrl":"https:\/\/hubsch-interior.com\/wp-content\/uploads\/2026\/02\/snacky-bowls-whitegreen-set-of-2-23d574446fbb2dce4240b335f78991b2.jpg","datePublished":"2022-08-11T11:21:33+00:00","dateModified":"2026-04-15T02:36:03+00:00","description":"Das 2er Set Snacky Schalen von Marble ist ein einzigartiges und stilvolles Accessoire f\u00fcr Ihren Haushalt. Der Marmor, aus dem die Schalen hergestellt","breadcrumb":{"@id":"https:\/\/hubsch-interior.com\/de\/produkt\/snacky-schalen-weis-grun-2er-set\/#breadcrumb"},"inLanguage":"de","potentialAction":[{"@type":"ReadAction","target":["https:\/\/hubsch-interior.com\/de\/produkt\/snacky-schalen-weis-grun-2er-set\/"]}]},{"@type":"ImageObject","inLanguage":"de","@id":"https:\/\/hubsch-interior.com\/de\/produkt\/snacky-schalen-weis-grun-2er-set\/#primaryimage","url":"https:\/\/hubsch-interior.com\/wp-content\/uploads\/2026\/02\/snacky-bowls-whitegreen-set-of-2-23d574446fbb2dce4240b335f78991b2.jpg","contentUrl":"https:\/\/hubsch-interior.com\/wp-content\/uploads\/2026\/02\/snacky-bowls-whitegreen-set-of-2-23d574446fbb2dce4240b335f78991b2.jpg","width":1024,"height":1024},{"@type":"BreadcrumbList","@id":"https:\/\/hubsch-interior.com\/de\/produkt\/snacky-schalen-weis-grun-2er-set\/#breadcrumb","itemListElement":[{"@type":"ListItem","position":1,"name":"Startseite","item":"https:\/\/hubsch-interior.com\/de\/"},{"@type":"ListItem","position":2,"name":"Produkte","item":"https:\/\/hubsch-interior.com\/de\/shop-2\/"},{"@type":"ListItem","position":3,"name":"Wohnaccessoires","item":"https:\/\/hubsch-interior.com\/de\/produkt-kategorie\/wohnaccessoires\/"},{"@type":"ListItem","position":4,"name":"Aufbewahrung","item":"https:\/\/hubsch-interior.com\/de\/produkt-kategorie\/wohnaccessoires\/aufbewahrung-de\/"},{"@type":"ListItem","position":5,"name":"Beh&auml;lter","item":"https:\/\/hubsch-interior.com\/de\/produkt-kategorie\/wohnaccessoires\/aufbewahrung-de\/behaelter-de\/"},{"@type":"ListItem","position":6,"name":"Snacky Schalen Wei\u00df\/Gr\u00fcn (2er Set)"}]},{"@type":"WebSite","@id":"https:\/\/hubsch-interior.com\/de\/#website","url":"https:\/\/hubsch-interior.com\/de\/","name":"H\u00fcbsch","description":"Danish Home Interior and Design","publisher":{"@id":"https:\/\/hubsch-interior.com\/de\/#organization"},"potentialAction":[{"@type":"SearchAction","target":{"@type":"EntryPoint","urlTemplate":"https:\/\/hubsch-interior.com\/de\/?s={search_term_string}"},"query-input":{"@type":"PropertyValueSpecification","valueRequired":true,"valueName":"search_term_string"}}],"inLanguage":"de"},{"@type":"Organization","@id":"https:\/\/hubsch-interior.com\/de\/#organization","name":"H\u00fcbsch","url":"https:\/\/hubsch-interior.com\/de\/","logo":{"@type":"ImageObject","inLanguage":"de","@id":"https:\/\/hubsch-interior.com\/de\/#\/schema\/logo\/image\/","url":"https:\/\/hubsch-interior.com\/wp-content\/uploads\/2022\/12\/Hubsch_logo_black_one_line.svg","contentUrl":"https:\/\/hubsch-interior.com\/wp-content\/uploads\/2022\/12\/Hubsch_logo_black_one_line.svg","caption":"H\u00fcbsch"},"image":{"@id":"https:\/\/hubsch-interior.com\/de\/#\/schema\/logo\/image\/"}}]}},"_links":{"self":[{"href":"https:\/\/hubsch-interior.com\/de\/wp-json\/wp\/v2\/product\/801950","targetHints":{"allow":["GET"]}}],"collection":[{"href":"https:\/\/hubsch-interior.com\/de\/wp-json\/wp\/v2\/product"}],"about":[{"href":"https:\/\/hubsch-interior.com\/de\/wp-json\/wp\/v2\/types\/product"}],"wp:featuredmedia":[{"embeddable":true,"href":"https:\/\/hubsch-interior.com\/de\/wp-json\/wp\/v2\/media\/1098279"}],"wp:attachment":[{"href":"https:\/\/hubsch-interior.com\/de\/wp-json\/wp\/v2\/media?parent=801950"}],"wp:term":[{"taxonomy":"product_brand","embeddable":true,"href":"https:\/\/hubsch-interior.com\/de\/wp-json\/wp\/v2\/product_brand?post=801950"},{"taxonomy":"product_cat","embeddable":true,"href":"https:\/\/hubsch-interior.com\/de\/wp-json\/wp\/v2\/product_cat?post=801950"},{"taxonomy":"product_tag","embeddable":true,"href":"https:\/\/hubsch-interior.com\/de\/wp-json\/wp\/v2\/product_tag?post=801950"}],"curies":[{"name":"wp","href":"https:\/\/api.w.org\/{rel}","templated":true}]}}