{"id":802002,"date":"2022-08-11T13:22:03","date_gmt":"2022-08-11T11:22:03","guid":{"rendered":"https:\/\/hubsch-interior.com\/product\/product-2\/"},"modified":"2026-04-17T04:37:55","modified_gmt":"2026-04-17T02:37:55","slug":"umber-aufbewahrungsglas-rechkteckige-grau-3er-set","status":"publish","type":"product","link":"https:\/\/hubsch-interior.com\/de\/produkt\/umber-aufbewahrungsglas-rechkteckige-grau-3er-set\/","title":{"rendered":"Umber Aufbewahrungsglas Rechkteckige Grau (3er Set)"},"content":{"rendered":"<p>Diese Aufbewahrungsboxen bestehen aus Beton und sind in drei Gr\u00f6\u00dfen und Farben erh\u00e4ltlich. Sie werden mit einem Deckel geliefert und k\u00f6nnen zur Aufbewahrung pers\u00f6nlicher Dinge oder kleinerer Gegenst\u00e4nde verwendet werden. Sie k\u00f6nnen ins Regal, auf einen Tisch oder in das Fenster gestellt werden.<\/p>\n","protected":false},"excerpt":{"rendered":"<p>Diese Aufbewahrungsboxen bestehen aus Beton und sind in drei Gr\u00f6\u00dfen und Farben erh\u00e4ltlich. Sie werden mit einem Deckel geliefert und k\u00f6nnen zur Aufbewahrung pers\u00f6nlicher Dinge oder kleinerer Gegenst\u00e4nde verwendet werden. Sie k\u00f6nnen ins Regal, auf einen Tisch oder in das Fenster gestellt werden.<\/p>\n","protected":false},"featured_media":1114377,"template":"","meta":{"_acf_changed":false,"inline_featured_image":false},"product_brand":[],"product_cat":[3111,3429],"product_tag":[],"class_list":{"0":"post-802002","1":"product","2":"type-product","3":"status-publish","4":"has-post-thumbnail","6":"product_cat-aufbewahrung-de","7":"product_cat-behaelter-de","8":"product_shipping_class-pk","10":"pa_color-grau-2","11":"pa_material-beton","13":"first","14":"instock","15":"taxable","16":"shipping-taxable","17":"purchasable","18":"product-type-simple"},"exclude_global_add_ons":[],"addons":[],"acf":[],"yoast_head":"<!-- This site is optimized with the Yoast SEO plugin v26.4 - https:\/\/yoast.com\/wordpress\/plugins\/seo\/ -->\n<title>Umber Aufbewahrungsglas Rechkteckige Grau (3er Set) - H\u00fcbsch<\/title>\n<meta name=\"description\" content=\"Diese Aufbewahrungsboxen bestehen aus Beton und sind in drei Gr\u00f6\u00dfen und Farben erh\u00e4ltlich. Sie werden mit einem Deckel geliefert und k\u00f6nnen zur\" \/>\n<meta name=\"robots\" content=\"index, follow, max-snippet:-1, max-image-preview:large, max-video-preview:-1\" \/>\n<link rel=\"canonical\" href=\"https:\/\/hubsch-interior.com\/de\/wp-json\/wp\/v2\/product\/802002\" \/>\n<meta property=\"og:locale\" content=\"de_DE\" \/>\n<meta property=\"og:type\" content=\"article\" \/>\n<meta property=\"og:title\" content=\"Umber Aufbewahrungsglas Rechkteckige Grau (3er Set) - H\u00fcbsch\" \/>\n<meta property=\"og:description\" content=\"Diese Aufbewahrungsboxen bestehen aus Beton und sind in drei Gr\u00f6\u00dfen und Farben erh\u00e4ltlich. Sie werden mit einem Deckel geliefert und k\u00f6nnen zur\" \/>\n<meta property=\"og:url\" content=\"https:\/\/hubsch-interior.com\/de\/produkt\/umber-aufbewahrungsglas-rechkteckige-grau-3er-set\/\" \/>\n<meta property=\"og:site_name\" content=\"H\u00fcbsch\" \/>\n<meta property=\"article:modified_time\" content=\"2026-04-17T02:37:55+00:00\" \/>\n<meta property=\"og:image\" content=\"https:\/\/hubsch-interior.com\/wp-content\/uploads\/2025\/06\/umber-storage-jars-rectangular-grey-set-of-3-0fbd4ed6a3ed12e434d3707f65dd0c78.jpg\" \/>\n\t<meta property=\"og:image:width\" content=\"1200\" \/>\n\t<meta property=\"og:image:height\" content=\"1200\" \/>\n\t<meta property=\"og:image:type\" content=\"image\/jpeg\" \/>\n<meta name=\"twitter:card\" content=\"summary_large_image\" \/>\n<script type=\"application\/ld+json\" class=\"yoast-schema-graph\">{\"@context\":\"https:\/\/schema.org\",\"@graph\":[{\"@type\":\"WebPage\",\"@id\":\"https:\/\/hubsch-interior.com\/de\/produkt\/umber-aufbewahrungsglas-rechkteckige-grau-3er-set\/\",\"url\":\"https:\/\/hubsch-interior.com\/de\/produkt\/umber-aufbewahrungsglas-rechkteckige-grau-3er-set\/\",\"name\":\"Umber Aufbewahrungsglas Rechkteckige Grau (3er Set) - H\u00fcbsch\",\"isPartOf\":{\"@id\":\"https:\/\/hubsch-interior.com\/de\/#website\"},\"primaryImageOfPage\":{\"@id\":\"https:\/\/hubsch-interior.com\/de\/produkt\/umber-aufbewahrungsglas-rechkteckige-grau-3er-set\/#primaryimage\"},\"image\":{\"@id\":\"https:\/\/hubsch-interior.com\/de\/produkt\/umber-aufbewahrungsglas-rechkteckige-grau-3er-set\/#primaryimage\"},\"thumbnailUrl\":\"https:\/\/hubsch-interior.com\/wp-content\/uploads\/2026\/02\/umber-storage-jars-rectangular-grey-set-of-3-b538a2b49bac1f253aec1d85494bb8bc.jpg\",\"datePublished\":\"2022-08-11T11:22:03+00:00\",\"dateModified\":\"2026-04-17T02:37:55+00:00\",\"description\":\"Diese Aufbewahrungsboxen bestehen aus Beton und sind in drei Gr\u00f6\u00dfen und Farben erh\u00e4ltlich. Sie werden mit einem Deckel geliefert und k\u00f6nnen zur\",\"breadcrumb\":{\"@id\":\"https:\/\/hubsch-interior.com\/de\/produkt\/umber-aufbewahrungsglas-rechkteckige-grau-3er-set\/#breadcrumb\"},\"inLanguage\":\"de\",\"potentialAction\":[{\"@type\":\"ReadAction\",\"target\":[\"https:\/\/hubsch-interior.com\/de\/produkt\/umber-aufbewahrungsglas-rechkteckige-grau-3er-set\/\"]}]},{\"@type\":\"ImageObject\",\"inLanguage\":\"de\",\"@id\":\"https:\/\/hubsch-interior.com\/de\/produkt\/umber-aufbewahrungsglas-rechkteckige-grau-3er-set\/#primaryimage\",\"url\":\"https:\/\/hubsch-interior.com\/wp-content\/uploads\/2026\/02\/umber-storage-jars-rectangular-grey-set-of-3-b538a2b49bac1f253aec1d85494bb8bc.jpg\",\"contentUrl\":\"https:\/\/hubsch-interior.com\/wp-content\/uploads\/2026\/02\/umber-storage-jars-rectangular-grey-set-of-3-b538a2b49bac1f253aec1d85494bb8bc.jpg\",\"width\":1024,\"height\":1024},{\"@type\":\"BreadcrumbList\",\"@id\":\"https:\/\/hubsch-interior.com\/de\/produkt\/umber-aufbewahrungsglas-rechkteckige-grau-3er-set\/#breadcrumb\",\"itemListElement\":[{\"@type\":\"ListItem\",\"position\":1,\"name\":\"Startseite\",\"item\":\"https:\/\/hubsch-interior.com\/de\/\"},{\"@type\":\"ListItem\",\"position\":2,\"name\":\"Produkte\",\"item\":\"https:\/\/hubsch-interior.com\/de\/shop-2\/\"},{\"@type\":\"ListItem\",\"position\":3,\"name\":\"Wohnaccessoires\",\"item\":\"https:\/\/hubsch-interior.com\/de\/produkt-kategorie\/wohnaccessoires\/\"},{\"@type\":\"ListItem\",\"position\":4,\"name\":\"Aufbewahrung\",\"item\":\"https:\/\/hubsch-interior.com\/de\/produkt-kategorie\/wohnaccessoires\/aufbewahrung-de\/\"},{\"@type\":\"ListItem\",\"position\":5,\"name\":\"Beh&auml;lter\",\"item\":\"https:\/\/hubsch-interior.com\/de\/produkt-kategorie\/wohnaccessoires\/aufbewahrung-de\/behaelter-de\/\"},{\"@type\":\"ListItem\",\"position\":6,\"name\":\"Umber Aufbewahrungsglas Rechkteckige Grau (3er Set)\"}]},{\"@type\":\"WebSite\",\"@id\":\"https:\/\/hubsch-interior.com\/de\/#website\",\"url\":\"https:\/\/hubsch-interior.com\/de\/\",\"name\":\"H\u00fcbsch\",\"description\":\"Danish Home Interior and Design\",\"publisher\":{\"@id\":\"https:\/\/hubsch-interior.com\/de\/#organization\"},\"potentialAction\":[{\"@type\":\"SearchAction\",\"target\":{\"@type\":\"EntryPoint\",\"urlTemplate\":\"https:\/\/hubsch-interior.com\/de\/?s={search_term_string}\"},\"query-input\":{\"@type\":\"PropertyValueSpecification\",\"valueRequired\":true,\"valueName\":\"search_term_string\"}}],\"inLanguage\":\"de\"},{\"@type\":\"Organization\",\"@id\":\"https:\/\/hubsch-interior.com\/de\/#organization\",\"name\":\"H\u00fcbsch\",\"url\":\"https:\/\/hubsch-interior.com\/de\/\",\"logo\":{\"@type\":\"ImageObject\",\"inLanguage\":\"de\",\"@id\":\"https:\/\/hubsch-interior.com\/de\/#\/schema\/logo\/image\/\",\"url\":\"https:\/\/hubsch-interior.com\/wp-content\/uploads\/2022\/12\/Hubsch_logo_black_one_line.svg\",\"contentUrl\":\"https:\/\/hubsch-interior.com\/wp-content\/uploads\/2022\/12\/Hubsch_logo_black_one_line.svg\",\"caption\":\"H\u00fcbsch\"},\"image\":{\"@id\":\"https:\/\/hubsch-interior.com\/de\/#\/schema\/logo\/image\/\"}}]}<\/script>\n<!-- \/ Yoast SEO plugin. -->","yoast_head_json":{"title":"Umber Aufbewahrungsglas Rechkteckige Grau (3er Set) - H\u00fcbsch","description":"Diese Aufbewahrungsboxen bestehen aus Beton und sind in drei Gr\u00f6\u00dfen und Farben erh\u00e4ltlich. Sie werden mit einem Deckel geliefert und k\u00f6nnen zur","robots":{"index":"index","follow":"follow","max-snippet":"max-snippet:-1","max-image-preview":"max-image-preview:large","max-video-preview":"max-video-preview:-1"},"canonical":"https:\/\/hubsch-interior.com\/de\/wp-json\/wp\/v2\/product\/802002","og_locale":"de_DE","og_type":"article","og_title":"Umber Aufbewahrungsglas Rechkteckige Grau (3er Set) - H\u00fcbsch","og_description":"Diese Aufbewahrungsboxen bestehen aus Beton und sind in drei Gr\u00f6\u00dfen und Farben erh\u00e4ltlich. Sie werden mit einem Deckel geliefert und k\u00f6nnen zur","og_url":"https:\/\/hubsch-interior.com\/de\/produkt\/umber-aufbewahrungsglas-rechkteckige-grau-3er-set\/","og_site_name":"H\u00fcbsch","article_modified_time":"2026-04-17T02:37:55+00:00","og_image":[{"width":1200,"height":1200,"url":"https:\/\/hubsch-interior.com\/wp-content\/uploads\/2025\/06\/umber-storage-jars-rectangular-grey-set-of-3-0fbd4ed6a3ed12e434d3707f65dd0c78.jpg","type":"image\/jpeg"}],"twitter_card":"summary_large_image","schema":{"@context":"https:\/\/schema.org","@graph":[{"@type":"WebPage","@id":"https:\/\/hubsch-interior.com\/de\/produkt\/umber-aufbewahrungsglas-rechkteckige-grau-3er-set\/","url":"https:\/\/hubsch-interior.com\/de\/produkt\/umber-aufbewahrungsglas-rechkteckige-grau-3er-set\/","name":"Umber Aufbewahrungsglas Rechkteckige Grau (3er Set) - H\u00fcbsch","isPartOf":{"@id":"https:\/\/hubsch-interior.com\/de\/#website"},"primaryImageOfPage":{"@id":"https:\/\/hubsch-interior.com\/de\/produkt\/umber-aufbewahrungsglas-rechkteckige-grau-3er-set\/#primaryimage"},"image":{"@id":"https:\/\/hubsch-interior.com\/de\/produkt\/umber-aufbewahrungsglas-rechkteckige-grau-3er-set\/#primaryimage"},"thumbnailUrl":"https:\/\/hubsch-interior.com\/wp-content\/uploads\/2026\/02\/umber-storage-jars-rectangular-grey-set-of-3-b538a2b49bac1f253aec1d85494bb8bc.jpg","datePublished":"2022-08-11T11:22:03+00:00","dateModified":"2026-04-17T02:37:55+00:00","description":"Diese Aufbewahrungsboxen bestehen aus Beton und sind in drei Gr\u00f6\u00dfen und Farben erh\u00e4ltlich. Sie werden mit einem Deckel geliefert und k\u00f6nnen zur","breadcrumb":{"@id":"https:\/\/hubsch-interior.com\/de\/produkt\/umber-aufbewahrungsglas-rechkteckige-grau-3er-set\/#breadcrumb"},"inLanguage":"de","potentialAction":[{"@type":"ReadAction","target":["https:\/\/hubsch-interior.com\/de\/produkt\/umber-aufbewahrungsglas-rechkteckige-grau-3er-set\/"]}]},{"@type":"ImageObject","inLanguage":"de","@id":"https:\/\/hubsch-interior.com\/de\/produkt\/umber-aufbewahrungsglas-rechkteckige-grau-3er-set\/#primaryimage","url":"https:\/\/hubsch-interior.com\/wp-content\/uploads\/2026\/02\/umber-storage-jars-rectangular-grey-set-of-3-b538a2b49bac1f253aec1d85494bb8bc.jpg","contentUrl":"https:\/\/hubsch-interior.com\/wp-content\/uploads\/2026\/02\/umber-storage-jars-rectangular-grey-set-of-3-b538a2b49bac1f253aec1d85494bb8bc.jpg","width":1024,"height":1024},{"@type":"BreadcrumbList","@id":"https:\/\/hubsch-interior.com\/de\/produkt\/umber-aufbewahrungsglas-rechkteckige-grau-3er-set\/#breadcrumb","itemListElement":[{"@type":"ListItem","position":1,"name":"Startseite","item":"https:\/\/hubsch-interior.com\/de\/"},{"@type":"ListItem","position":2,"name":"Produkte","item":"https:\/\/hubsch-interior.com\/de\/shop-2\/"},{"@type":"ListItem","position":3,"name":"Wohnaccessoires","item":"https:\/\/hubsch-interior.com\/de\/produkt-kategorie\/wohnaccessoires\/"},{"@type":"ListItem","position":4,"name":"Aufbewahrung","item":"https:\/\/hubsch-interior.com\/de\/produkt-kategorie\/wohnaccessoires\/aufbewahrung-de\/"},{"@type":"ListItem","position":5,"name":"Beh&auml;lter","item":"https:\/\/hubsch-interior.com\/de\/produkt-kategorie\/wohnaccessoires\/aufbewahrung-de\/behaelter-de\/"},{"@type":"ListItem","position":6,"name":"Umber Aufbewahrungsglas Rechkteckige Grau (3er Set)"}]},{"@type":"WebSite","@id":"https:\/\/hubsch-interior.com\/de\/#website","url":"https:\/\/hubsch-interior.com\/de\/","name":"H\u00fcbsch","description":"Danish Home Interior and Design","publisher":{"@id":"https:\/\/hubsch-interior.com\/de\/#organization"},"potentialAction":[{"@type":"SearchAction","target":{"@type":"EntryPoint","urlTemplate":"https:\/\/hubsch-interior.com\/de\/?s={search_term_string}"},"query-input":{"@type":"PropertyValueSpecification","valueRequired":true,"valueName":"search_term_string"}}],"inLanguage":"de"},{"@type":"Organization","@id":"https:\/\/hubsch-interior.com\/de\/#organization","name":"H\u00fcbsch","url":"https:\/\/hubsch-interior.com\/de\/","logo":{"@type":"ImageObject","inLanguage":"de","@id":"https:\/\/hubsch-interior.com\/de\/#\/schema\/logo\/image\/","url":"https:\/\/hubsch-interior.com\/wp-content\/uploads\/2022\/12\/Hubsch_logo_black_one_line.svg","contentUrl":"https:\/\/hubsch-interior.com\/wp-content\/uploads\/2022\/12\/Hubsch_logo_black_one_line.svg","caption":"H\u00fcbsch"},"image":{"@id":"https:\/\/hubsch-interior.com\/de\/#\/schema\/logo\/image\/"}}]}},"_links":{"self":[{"href":"https:\/\/hubsch-interior.com\/de\/wp-json\/wp\/v2\/product\/802002","targetHints":{"allow":["GET"]}}],"collection":[{"href":"https:\/\/hubsch-interior.com\/de\/wp-json\/wp\/v2\/product"}],"about":[{"href":"https:\/\/hubsch-interior.com\/de\/wp-json\/wp\/v2\/types\/product"}],"wp:featuredmedia":[{"embeddable":true,"href":"https:\/\/hubsch-interior.com\/de\/wp-json\/wp\/v2\/media\/1114377"}],"wp:attachment":[{"href":"https:\/\/hubsch-interior.com\/de\/wp-json\/wp\/v2\/media?parent=802002"}],"wp:term":[{"taxonomy":"product_brand","embeddable":true,"href":"https:\/\/hubsch-interior.com\/de\/wp-json\/wp\/v2\/product_brand?post=802002"},{"taxonomy":"product_cat","embeddable":true,"href":"https:\/\/hubsch-interior.com\/de\/wp-json\/wp\/v2\/product_cat?post=802002"},{"taxonomy":"product_tag","embeddable":true,"href":"https:\/\/hubsch-interior.com\/de\/wp-json\/wp\/v2\/product_tag?post=802002"}],"curies":[{"name":"wp","href":"https:\/\/api.w.org\/{rel}","templated":true}]}}