{"id":802364,"date":"2022-08-11T13:33:55","date_gmt":"2022-08-11T11:33:55","guid":{"rendered":"https:\/\/hubsch-interior.com\/product\/orderly-magazine-holder-petrol\/"},"modified":"2026-04-09T05:01:01","modified_gmt":"2026-04-09T03:01:01","slug":"orderly-magazinhalter-grun","status":"publish","type":"product","link":"https:\/\/hubsch-interior.com\/de\/produkt\/orderly-magazinhalter-grun\/","title":{"rendered":"Orderly Magazinhalter Gr\u00fcn"},"content":{"rendered":"<p>Der Orderly Magazinhalter Petrol ist ein stilvoller und funktioneller Weg, Ihre Zeitschriften und B\u00fccher zu organisieren. Hergestellt aus robustem Metall, ist der Halter einfach zu montieren und passt zu jeder Einrichtung. Sein stilvolles Petrol-Gr\u00fcn macht ihn zu einem einzigartigen und modernen Accessoire. Er ist ein perfekter Weg, um Ihr Zuhause aufger\u00e4umt und organisiert zu halten.<\/p>\n","protected":false},"excerpt":{"rendered":"<p>Der Orderly Magazinhalter Petrol ist ein stilvoller und funktioneller Weg, Ihre Zeitschriften und B\u00fccher zu organisieren. Hergestellt aus robustem Metall, ist der Halter einfach zu montieren und passt zu jeder Einrichtung. Sein stilvolles Petrol-Gr\u00fcn macht ihn zu einem einzigartigen und modernen Accessoire. Er ist ein perfekter Weg, um Ihr Zuhause aufger\u00e4umt und organisiert zu halten.<\/p>\n","protected":false},"featured_media":1106006,"template":"","meta":{"_acf_changed":false,"inline_featured_image":false},"product_brand":[],"product_cat":[3111,4020,4155,4961,5027],"product_tag":[],"class_list":{"0":"post-802364","1":"product","2":"type-product","3":"status-publish","4":"has-post-thumbnail","6":"product_cat-aufbewahrung-de","7":"product_cat-magazinhalter-de","8":"product_cat-buero-de","9":"product_cat-aufbewahrungsbox-de","10":"product_cat-bestsellers-de","11":"product_shipping_class-pk","12":"pa_color-grn-2","13":"pa_material-eisen-de","15":"first","16":"instock","17":"featured","18":"taxable","19":"shipping-taxable","20":"purchasable","21":"product-type-simple"},"exclude_global_add_ons":[],"addons":[],"acf":[],"yoast_head":"<!-- This site is optimized with the Yoast SEO plugin v26.4 - https:\/\/yoast.com\/wordpress\/plugins\/seo\/ -->\n<title>Orderly Magazinhalter Gr\u00fcn - H\u00fcbsch<\/title>\n<meta name=\"description\" content=\"Der Orderly Magazinhalter Petrol ist ein stilvoller und funktioneller Weg, Ihre Zeitschriften und B\u00fccher zu organisieren. Hergestellt aus robustem Metall,\" \/>\n<meta name=\"robots\" content=\"index, follow, max-snippet:-1, max-image-preview:large, max-video-preview:-1\" \/>\n<link rel=\"canonical\" href=\"https:\/\/hubsch-interior.com\/de\/wp-json\/wp\/v2\/product\/802364\" \/>\n<meta property=\"og:locale\" content=\"de_DE\" \/>\n<meta property=\"og:type\" content=\"article\" \/>\n<meta property=\"og:title\" content=\"Orderly Magazinhalter Gr\u00fcn - H\u00fcbsch\" \/>\n<meta property=\"og:description\" content=\"Der Orderly Magazinhalter Petrol ist ein stilvoller und funktioneller Weg, Ihre Zeitschriften und B\u00fccher zu organisieren. Hergestellt aus robustem Metall,\" \/>\n<meta property=\"og:url\" content=\"https:\/\/hubsch-interior.com\/de\/produkt\/orderly-magazinhalter-grun\/\" \/>\n<meta property=\"og:site_name\" content=\"H\u00fcbsch\" \/>\n<meta property=\"article:modified_time\" content=\"2026-04-09T03:01:01+00:00\" \/>\n<meta property=\"og:image\" content=\"https:\/\/hubsch-interior.com\/wp-content\/uploads\/2025\/05\/orderly-magazine-holder-green-077312530f8e1e52140d986b26b97acb.jpg\" \/>\n\t<meta property=\"og:image:width\" content=\"1200\" \/>\n\t<meta property=\"og:image:height\" content=\"1200\" \/>\n\t<meta property=\"og:image:type\" content=\"image\/jpeg\" \/>\n<meta name=\"twitter:card\" content=\"summary_large_image\" \/>\n<script type=\"application\/ld+json\" class=\"yoast-schema-graph\">{\"@context\":\"https:\/\/schema.org\",\"@graph\":[{\"@type\":\"WebPage\",\"@id\":\"https:\/\/hubsch-interior.com\/de\/produkt\/orderly-magazinhalter-grun\/\",\"url\":\"https:\/\/hubsch-interior.com\/de\/produkt\/orderly-magazinhalter-grun\/\",\"name\":\"Orderly Magazinhalter Gr\u00fcn - H\u00fcbsch\",\"isPartOf\":{\"@id\":\"https:\/\/hubsch-interior.com\/de\/#website\"},\"primaryImageOfPage\":{\"@id\":\"https:\/\/hubsch-interior.com\/de\/produkt\/orderly-magazinhalter-grun\/#primaryimage\"},\"image\":{\"@id\":\"https:\/\/hubsch-interior.com\/de\/produkt\/orderly-magazinhalter-grun\/#primaryimage\"},\"thumbnailUrl\":\"https:\/\/hubsch-interior.com\/wp-content\/uploads\/2026\/02\/orderly-magazine-holder-green-ce4e32438239309ff7500b7db49e24e6.jpg\",\"datePublished\":\"2022-08-11T11:33:55+00:00\",\"dateModified\":\"2026-04-09T03:01:01+00:00\",\"description\":\"Der Orderly Magazinhalter Petrol ist ein stilvoller und funktioneller Weg, Ihre Zeitschriften und B\u00fccher zu organisieren. Hergestellt aus robustem Metall,\",\"breadcrumb\":{\"@id\":\"https:\/\/hubsch-interior.com\/de\/produkt\/orderly-magazinhalter-grun\/#breadcrumb\"},\"inLanguage\":\"de\",\"potentialAction\":[{\"@type\":\"ReadAction\",\"target\":[\"https:\/\/hubsch-interior.com\/de\/produkt\/orderly-magazinhalter-grun\/\"]}]},{\"@type\":\"ImageObject\",\"inLanguage\":\"de\",\"@id\":\"https:\/\/hubsch-interior.com\/de\/produkt\/orderly-magazinhalter-grun\/#primaryimage\",\"url\":\"https:\/\/hubsch-interior.com\/wp-content\/uploads\/2026\/02\/orderly-magazine-holder-green-ce4e32438239309ff7500b7db49e24e6.jpg\",\"contentUrl\":\"https:\/\/hubsch-interior.com\/wp-content\/uploads\/2026\/02\/orderly-magazine-holder-green-ce4e32438239309ff7500b7db49e24e6.jpg\",\"width\":1024,\"height\":1024},{\"@type\":\"BreadcrumbList\",\"@id\":\"https:\/\/hubsch-interior.com\/de\/produkt\/orderly-magazinhalter-grun\/#breadcrumb\",\"itemListElement\":[{\"@type\":\"ListItem\",\"position\":1,\"name\":\"Startseite\",\"item\":\"https:\/\/hubsch-interior.com\/de\/\"},{\"@type\":\"ListItem\",\"position\":2,\"name\":\"Produkte\",\"item\":\"https:\/\/hubsch-interior.com\/de\/shop-2\/\"},{\"@type\":\"ListItem\",\"position\":3,\"name\":\"Wohnaccessoires\",\"item\":\"https:\/\/hubsch-interior.com\/de\/produkt-kategorie\/wohnaccessoires\/\"},{\"@type\":\"ListItem\",\"position\":4,\"name\":\"Aufbewahrung\",\"item\":\"https:\/\/hubsch-interior.com\/de\/produkt-kategorie\/wohnaccessoires\/aufbewahrung-de\/\"},{\"@type\":\"ListItem\",\"position\":5,\"name\":\"Magazinhalter\",\"item\":\"https:\/\/hubsch-interior.com\/de\/produkt-kategorie\/wohnaccessoires\/aufbewahrung-de\/magazinhalter-de\/\"},{\"@type\":\"ListItem\",\"position\":6,\"name\":\"Orderly Magazinhalter Gr\u00fcn\"}]},{\"@type\":\"WebSite\",\"@id\":\"https:\/\/hubsch-interior.com\/de\/#website\",\"url\":\"https:\/\/hubsch-interior.com\/de\/\",\"name\":\"H\u00fcbsch\",\"description\":\"Danish Home Interior and Design\",\"publisher\":{\"@id\":\"https:\/\/hubsch-interior.com\/de\/#organization\"},\"potentialAction\":[{\"@type\":\"SearchAction\",\"target\":{\"@type\":\"EntryPoint\",\"urlTemplate\":\"https:\/\/hubsch-interior.com\/de\/?s={search_term_string}\"},\"query-input\":{\"@type\":\"PropertyValueSpecification\",\"valueRequired\":true,\"valueName\":\"search_term_string\"}}],\"inLanguage\":\"de\"},{\"@type\":\"Organization\",\"@id\":\"https:\/\/hubsch-interior.com\/de\/#organization\",\"name\":\"H\u00fcbsch\",\"url\":\"https:\/\/hubsch-interior.com\/de\/\",\"logo\":{\"@type\":\"ImageObject\",\"inLanguage\":\"de\",\"@id\":\"https:\/\/hubsch-interior.com\/de\/#\/schema\/logo\/image\/\",\"url\":\"https:\/\/hubsch-interior.com\/wp-content\/uploads\/2022\/12\/Hubsch_logo_black_one_line.svg\",\"contentUrl\":\"https:\/\/hubsch-interior.com\/wp-content\/uploads\/2022\/12\/Hubsch_logo_black_one_line.svg\",\"caption\":\"H\u00fcbsch\"},\"image\":{\"@id\":\"https:\/\/hubsch-interior.com\/de\/#\/schema\/logo\/image\/\"}}]}<\/script>\n<!-- \/ Yoast SEO plugin. -->","yoast_head_json":{"title":"Orderly Magazinhalter Gr\u00fcn - H\u00fcbsch","description":"Der Orderly Magazinhalter Petrol ist ein stilvoller und funktioneller Weg, Ihre Zeitschriften und B\u00fccher zu organisieren. Hergestellt aus robustem Metall,","robots":{"index":"index","follow":"follow","max-snippet":"max-snippet:-1","max-image-preview":"max-image-preview:large","max-video-preview":"max-video-preview:-1"},"canonical":"https:\/\/hubsch-interior.com\/de\/wp-json\/wp\/v2\/product\/802364","og_locale":"de_DE","og_type":"article","og_title":"Orderly Magazinhalter Gr\u00fcn - H\u00fcbsch","og_description":"Der Orderly Magazinhalter Petrol ist ein stilvoller und funktioneller Weg, Ihre Zeitschriften und B\u00fccher zu organisieren. Hergestellt aus robustem Metall,","og_url":"https:\/\/hubsch-interior.com\/de\/produkt\/orderly-magazinhalter-grun\/","og_site_name":"H\u00fcbsch","article_modified_time":"2026-04-09T03:01:01+00:00","og_image":[{"width":1200,"height":1200,"url":"https:\/\/hubsch-interior.com\/wp-content\/uploads\/2025\/05\/orderly-magazine-holder-green-077312530f8e1e52140d986b26b97acb.jpg","type":"image\/jpeg"}],"twitter_card":"summary_large_image","schema":{"@context":"https:\/\/schema.org","@graph":[{"@type":"WebPage","@id":"https:\/\/hubsch-interior.com\/de\/produkt\/orderly-magazinhalter-grun\/","url":"https:\/\/hubsch-interior.com\/de\/produkt\/orderly-magazinhalter-grun\/","name":"Orderly Magazinhalter Gr\u00fcn - H\u00fcbsch","isPartOf":{"@id":"https:\/\/hubsch-interior.com\/de\/#website"},"primaryImageOfPage":{"@id":"https:\/\/hubsch-interior.com\/de\/produkt\/orderly-magazinhalter-grun\/#primaryimage"},"image":{"@id":"https:\/\/hubsch-interior.com\/de\/produkt\/orderly-magazinhalter-grun\/#primaryimage"},"thumbnailUrl":"https:\/\/hubsch-interior.com\/wp-content\/uploads\/2026\/02\/orderly-magazine-holder-green-ce4e32438239309ff7500b7db49e24e6.jpg","datePublished":"2022-08-11T11:33:55+00:00","dateModified":"2026-04-09T03:01:01+00:00","description":"Der Orderly Magazinhalter Petrol ist ein stilvoller und funktioneller Weg, Ihre Zeitschriften und B\u00fccher zu organisieren. Hergestellt aus robustem Metall,","breadcrumb":{"@id":"https:\/\/hubsch-interior.com\/de\/produkt\/orderly-magazinhalter-grun\/#breadcrumb"},"inLanguage":"de","potentialAction":[{"@type":"ReadAction","target":["https:\/\/hubsch-interior.com\/de\/produkt\/orderly-magazinhalter-grun\/"]}]},{"@type":"ImageObject","inLanguage":"de","@id":"https:\/\/hubsch-interior.com\/de\/produkt\/orderly-magazinhalter-grun\/#primaryimage","url":"https:\/\/hubsch-interior.com\/wp-content\/uploads\/2026\/02\/orderly-magazine-holder-green-ce4e32438239309ff7500b7db49e24e6.jpg","contentUrl":"https:\/\/hubsch-interior.com\/wp-content\/uploads\/2026\/02\/orderly-magazine-holder-green-ce4e32438239309ff7500b7db49e24e6.jpg","width":1024,"height":1024},{"@type":"BreadcrumbList","@id":"https:\/\/hubsch-interior.com\/de\/produkt\/orderly-magazinhalter-grun\/#breadcrumb","itemListElement":[{"@type":"ListItem","position":1,"name":"Startseite","item":"https:\/\/hubsch-interior.com\/de\/"},{"@type":"ListItem","position":2,"name":"Produkte","item":"https:\/\/hubsch-interior.com\/de\/shop-2\/"},{"@type":"ListItem","position":3,"name":"Wohnaccessoires","item":"https:\/\/hubsch-interior.com\/de\/produkt-kategorie\/wohnaccessoires\/"},{"@type":"ListItem","position":4,"name":"Aufbewahrung","item":"https:\/\/hubsch-interior.com\/de\/produkt-kategorie\/wohnaccessoires\/aufbewahrung-de\/"},{"@type":"ListItem","position":5,"name":"Magazinhalter","item":"https:\/\/hubsch-interior.com\/de\/produkt-kategorie\/wohnaccessoires\/aufbewahrung-de\/magazinhalter-de\/"},{"@type":"ListItem","position":6,"name":"Orderly Magazinhalter Gr\u00fcn"}]},{"@type":"WebSite","@id":"https:\/\/hubsch-interior.com\/de\/#website","url":"https:\/\/hubsch-interior.com\/de\/","name":"H\u00fcbsch","description":"Danish Home Interior and Design","publisher":{"@id":"https:\/\/hubsch-interior.com\/de\/#organization"},"potentialAction":[{"@type":"SearchAction","target":{"@type":"EntryPoint","urlTemplate":"https:\/\/hubsch-interior.com\/de\/?s={search_term_string}"},"query-input":{"@type":"PropertyValueSpecification","valueRequired":true,"valueName":"search_term_string"}}],"inLanguage":"de"},{"@type":"Organization","@id":"https:\/\/hubsch-interior.com\/de\/#organization","name":"H\u00fcbsch","url":"https:\/\/hubsch-interior.com\/de\/","logo":{"@type":"ImageObject","inLanguage":"de","@id":"https:\/\/hubsch-interior.com\/de\/#\/schema\/logo\/image\/","url":"https:\/\/hubsch-interior.com\/wp-content\/uploads\/2022\/12\/Hubsch_logo_black_one_line.svg","contentUrl":"https:\/\/hubsch-interior.com\/wp-content\/uploads\/2022\/12\/Hubsch_logo_black_one_line.svg","caption":"H\u00fcbsch"},"image":{"@id":"https:\/\/hubsch-interior.com\/de\/#\/schema\/logo\/image\/"}}]}},"_links":{"self":[{"href":"https:\/\/hubsch-interior.com\/de\/wp-json\/wp\/v2\/product\/802364","targetHints":{"allow":["GET"]}}],"collection":[{"href":"https:\/\/hubsch-interior.com\/de\/wp-json\/wp\/v2\/product"}],"about":[{"href":"https:\/\/hubsch-interior.com\/de\/wp-json\/wp\/v2\/types\/product"}],"wp:featuredmedia":[{"embeddable":true,"href":"https:\/\/hubsch-interior.com\/de\/wp-json\/wp\/v2\/media\/1106006"}],"wp:attachment":[{"href":"https:\/\/hubsch-interior.com\/de\/wp-json\/wp\/v2\/media?parent=802364"}],"wp:term":[{"taxonomy":"product_brand","embeddable":true,"href":"https:\/\/hubsch-interior.com\/de\/wp-json\/wp\/v2\/product_brand?post=802364"},{"taxonomy":"product_cat","embeddable":true,"href":"https:\/\/hubsch-interior.com\/de\/wp-json\/wp\/v2\/product_cat?post=802364"},{"taxonomy":"product_tag","embeddable":true,"href":"https:\/\/hubsch-interior.com\/de\/wp-json\/wp\/v2\/product_tag?post=802364"}],"curies":[{"name":"wp","href":"https:\/\/api.w.org\/{rel}","templated":true}]}}