{"id":802467,"date":"2022-08-11T13:36:07","date_gmt":"2022-08-11T11:36:07","guid":{"rendered":"https:\/\/hubsch-interior.com\/product\/emosh-candlestick-burgundy\/"},"modified":"2026-04-09T05:11:55","modified_gmt":"2026-04-09T03:11:55","slug":"emosh-kerzenhalter-burgundy","status":"publish","type":"product","link":"https:\/\/hubsch-interior.com\/de\/produkt\/emosh-kerzenhalter-burgundy\/","title":{"rendered":"Emosh Kerzenhalter Burgundy"},"content":{"rendered":"<p>Der Emosh Kerzenhalter Burgundy ist ein dekorativer Kerzenhalter aus Metall. Er ist in einem ansprechenden Bordeaux-Ton gehalten und verleiht Ihrem Zuhause eine stilvolle Atmosph\u00e4re. Mit seinen auff\u00e4lligen Details und der modernen Optik ist er ein echter Blickfang. Er sorgt f\u00fcr eine warme Beleuchtung und ist ein toller Blickfang auf Ihrem Esstisch oder Ihrer Kommode.<\/p>\n","protected":false},"excerpt":{"rendered":"<p>Der Emosh Kerzenhalter Burgundy ist ein dekorativer Kerzenhalter aus Metall. Er ist in einem ansprechenden Bordeaux-Ton gehalten und verleiht Ihrem Zuhause eine stilvolle Atmosph\u00e4re. Mit seinen auff\u00e4lligen Details und der modernen Optik ist er ein echter Blickfang. Er sorgt f\u00fcr eine warme Beleuchtung und ist ein toller Blickfang auf Ihrem Esstisch oder Ihrer Kommode.<\/p>\n","protected":false},"featured_media":1108686,"template":"","meta":{"_acf_changed":false,"inline_featured_image":false},"product_brand":[],"product_cat":[4067,4068],"product_tag":[],"class_list":{"0":"post-802467","1":"product","2":"type-product","3":"status-publish","4":"has-post-thumbnail","6":"product_cat-kerzenstaender-laternen-de","7":"product_cat-kerzenstaender-de","8":"product_shipping_class-pk","9":"pa_color-burgundy-de","10":"pa_material-eisen-de","12":"first","13":"instock","14":"taxable","15":"shipping-taxable","16":"purchasable","17":"product-type-simple"},"exclude_global_add_ons":[],"addons":[],"acf":[],"yoast_head":"<!-- This site is optimized with the Yoast SEO plugin v26.4 - https:\/\/yoast.com\/wordpress\/plugins\/seo\/ -->\n<title>Emosh Kerzenhalter Burgundy - H\u00fcbsch<\/title>\n<meta name=\"description\" content=\"Der Emosh Kerzenhalter Burgundy ist ein dekorativer Kerzenhalter aus Metall. Er ist in einem ansprechenden Bordeaux-Ton gehalten und verleiht Ihrem\" \/>\n<meta name=\"robots\" content=\"index, follow, max-snippet:-1, max-image-preview:large, max-video-preview:-1\" \/>\n<link rel=\"canonical\" href=\"https:\/\/hubsch-interior.com\/de\/wp-json\/wp\/v2\/product\/802467\" \/>\n<meta property=\"og:locale\" content=\"de_DE\" \/>\n<meta property=\"og:type\" content=\"article\" \/>\n<meta property=\"og:title\" content=\"Emosh Kerzenhalter Burgundy - H\u00fcbsch\" \/>\n<meta property=\"og:description\" content=\"Der Emosh Kerzenhalter Burgundy ist ein dekorativer Kerzenhalter aus Metall. Er ist in einem ansprechenden Bordeaux-Ton gehalten und verleiht Ihrem\" \/>\n<meta property=\"og:url\" content=\"https:\/\/hubsch-interior.com\/de\/produkt\/emosh-kerzenhalter-burgundy\/\" \/>\n<meta property=\"og:site_name\" content=\"H\u00fcbsch\" \/>\n<meta property=\"article:modified_time\" content=\"2026-04-09T03:11:55+00:00\" \/>\n<meta property=\"og:image\" content=\"https:\/\/hubsch-interior.com\/wp-content\/uploads\/2025\/05\/emosh-candlestick-burgundy-764e64ecaec1eae46aeb6af9ee440262.jpg\" \/>\n\t<meta property=\"og:image:width\" content=\"1200\" \/>\n\t<meta property=\"og:image:height\" content=\"1200\" \/>\n\t<meta property=\"og:image:type\" content=\"image\/jpeg\" \/>\n<meta name=\"twitter:card\" content=\"summary_large_image\" \/>\n<script type=\"application\/ld+json\" class=\"yoast-schema-graph\">{\"@context\":\"https:\/\/schema.org\",\"@graph\":[{\"@type\":\"WebPage\",\"@id\":\"https:\/\/hubsch-interior.com\/de\/produkt\/emosh-kerzenhalter-burgundy\/\",\"url\":\"https:\/\/hubsch-interior.com\/de\/produkt\/emosh-kerzenhalter-burgundy\/\",\"name\":\"Emosh Kerzenhalter Burgundy - H\u00fcbsch\",\"isPartOf\":{\"@id\":\"https:\/\/hubsch-interior.com\/de\/#website\"},\"primaryImageOfPage\":{\"@id\":\"https:\/\/hubsch-interior.com\/de\/produkt\/emosh-kerzenhalter-burgundy\/#primaryimage\"},\"image\":{\"@id\":\"https:\/\/hubsch-interior.com\/de\/produkt\/emosh-kerzenhalter-burgundy\/#primaryimage\"},\"thumbnailUrl\":\"https:\/\/hubsch-interior.com\/wp-content\/uploads\/2026\/02\/emosh-candlestick-burgundy-16ab2023b3c9f3b0d4fc2cecf927e625.jpg\",\"datePublished\":\"2022-08-11T11:36:07+00:00\",\"dateModified\":\"2026-04-09T03:11:55+00:00\",\"description\":\"Der Emosh Kerzenhalter Burgundy ist ein dekorativer Kerzenhalter aus Metall. Er ist in einem ansprechenden Bordeaux-Ton gehalten und verleiht Ihrem\",\"breadcrumb\":{\"@id\":\"https:\/\/hubsch-interior.com\/de\/produkt\/emosh-kerzenhalter-burgundy\/#breadcrumb\"},\"inLanguage\":\"de\",\"potentialAction\":[{\"@type\":\"ReadAction\",\"target\":[\"https:\/\/hubsch-interior.com\/de\/produkt\/emosh-kerzenhalter-burgundy\/\"]}]},{\"@type\":\"ImageObject\",\"inLanguage\":\"de\",\"@id\":\"https:\/\/hubsch-interior.com\/de\/produkt\/emosh-kerzenhalter-burgundy\/#primaryimage\",\"url\":\"https:\/\/hubsch-interior.com\/wp-content\/uploads\/2026\/02\/emosh-candlestick-burgundy-16ab2023b3c9f3b0d4fc2cecf927e625.jpg\",\"contentUrl\":\"https:\/\/hubsch-interior.com\/wp-content\/uploads\/2026\/02\/emosh-candlestick-burgundy-16ab2023b3c9f3b0d4fc2cecf927e625.jpg\",\"width\":1024,\"height\":1024},{\"@type\":\"BreadcrumbList\",\"@id\":\"https:\/\/hubsch-interior.com\/de\/produkt\/emosh-kerzenhalter-burgundy\/#breadcrumb\",\"itemListElement\":[{\"@type\":\"ListItem\",\"position\":1,\"name\":\"Startseite\",\"item\":\"https:\/\/hubsch-interior.com\/de\/\"},{\"@type\":\"ListItem\",\"position\":2,\"name\":\"Produkte\",\"item\":\"https:\/\/hubsch-interior.com\/de\/shop-2\/\"},{\"@type\":\"ListItem\",\"position\":3,\"name\":\"Wohnaccessoires\",\"item\":\"https:\/\/hubsch-interior.com\/de\/produkt-kategorie\/wohnaccessoires\/\"},{\"@type\":\"ListItem\",\"position\":4,\"name\":\"Kerzenst&auml;nder &amp; Laternen\",\"item\":\"https:\/\/hubsch-interior.com\/de\/produkt-kategorie\/wohnaccessoires\/kerzenstaender-laternen-de\/\"},{\"@type\":\"ListItem\",\"position\":5,\"name\":\"Kerzenst&auml;nder\",\"item\":\"https:\/\/hubsch-interior.com\/de\/produkt-kategorie\/wohnaccessoires\/kerzenstaender-laternen-de\/kerzenstaender-de\/\"},{\"@type\":\"ListItem\",\"position\":6,\"name\":\"Emosh Kerzenhalter Burgundy\"}]},{\"@type\":\"WebSite\",\"@id\":\"https:\/\/hubsch-interior.com\/de\/#website\",\"url\":\"https:\/\/hubsch-interior.com\/de\/\",\"name\":\"H\u00fcbsch\",\"description\":\"Danish Home Interior and Design\",\"publisher\":{\"@id\":\"https:\/\/hubsch-interior.com\/de\/#organization\"},\"potentialAction\":[{\"@type\":\"SearchAction\",\"target\":{\"@type\":\"EntryPoint\",\"urlTemplate\":\"https:\/\/hubsch-interior.com\/de\/?s={search_term_string}\"},\"query-input\":{\"@type\":\"PropertyValueSpecification\",\"valueRequired\":true,\"valueName\":\"search_term_string\"}}],\"inLanguage\":\"de\"},{\"@type\":\"Organization\",\"@id\":\"https:\/\/hubsch-interior.com\/de\/#organization\",\"name\":\"H\u00fcbsch\",\"url\":\"https:\/\/hubsch-interior.com\/de\/\",\"logo\":{\"@type\":\"ImageObject\",\"inLanguage\":\"de\",\"@id\":\"https:\/\/hubsch-interior.com\/de\/#\/schema\/logo\/image\/\",\"url\":\"https:\/\/hubsch-interior.com\/wp-content\/uploads\/2022\/12\/Hubsch_logo_black_one_line.svg\",\"contentUrl\":\"https:\/\/hubsch-interior.com\/wp-content\/uploads\/2022\/12\/Hubsch_logo_black_one_line.svg\",\"caption\":\"H\u00fcbsch\"},\"image\":{\"@id\":\"https:\/\/hubsch-interior.com\/de\/#\/schema\/logo\/image\/\"}}]}<\/script>\n<!-- \/ Yoast SEO plugin. -->","yoast_head_json":{"title":"Emosh Kerzenhalter Burgundy - H\u00fcbsch","description":"Der Emosh Kerzenhalter Burgundy ist ein dekorativer Kerzenhalter aus Metall. Er ist in einem ansprechenden Bordeaux-Ton gehalten und verleiht Ihrem","robots":{"index":"index","follow":"follow","max-snippet":"max-snippet:-1","max-image-preview":"max-image-preview:large","max-video-preview":"max-video-preview:-1"},"canonical":"https:\/\/hubsch-interior.com\/de\/wp-json\/wp\/v2\/product\/802467","og_locale":"de_DE","og_type":"article","og_title":"Emosh Kerzenhalter Burgundy - H\u00fcbsch","og_description":"Der Emosh Kerzenhalter Burgundy ist ein dekorativer Kerzenhalter aus Metall. Er ist in einem ansprechenden Bordeaux-Ton gehalten und verleiht Ihrem","og_url":"https:\/\/hubsch-interior.com\/de\/produkt\/emosh-kerzenhalter-burgundy\/","og_site_name":"H\u00fcbsch","article_modified_time":"2026-04-09T03:11:55+00:00","og_image":[{"width":1200,"height":1200,"url":"https:\/\/hubsch-interior.com\/wp-content\/uploads\/2025\/05\/emosh-candlestick-burgundy-764e64ecaec1eae46aeb6af9ee440262.jpg","type":"image\/jpeg"}],"twitter_card":"summary_large_image","schema":{"@context":"https:\/\/schema.org","@graph":[{"@type":"WebPage","@id":"https:\/\/hubsch-interior.com\/de\/produkt\/emosh-kerzenhalter-burgundy\/","url":"https:\/\/hubsch-interior.com\/de\/produkt\/emosh-kerzenhalter-burgundy\/","name":"Emosh Kerzenhalter Burgundy - H\u00fcbsch","isPartOf":{"@id":"https:\/\/hubsch-interior.com\/de\/#website"},"primaryImageOfPage":{"@id":"https:\/\/hubsch-interior.com\/de\/produkt\/emosh-kerzenhalter-burgundy\/#primaryimage"},"image":{"@id":"https:\/\/hubsch-interior.com\/de\/produkt\/emosh-kerzenhalter-burgundy\/#primaryimage"},"thumbnailUrl":"https:\/\/hubsch-interior.com\/wp-content\/uploads\/2026\/02\/emosh-candlestick-burgundy-16ab2023b3c9f3b0d4fc2cecf927e625.jpg","datePublished":"2022-08-11T11:36:07+00:00","dateModified":"2026-04-09T03:11:55+00:00","description":"Der Emosh Kerzenhalter Burgundy ist ein dekorativer Kerzenhalter aus Metall. Er ist in einem ansprechenden Bordeaux-Ton gehalten und verleiht Ihrem","breadcrumb":{"@id":"https:\/\/hubsch-interior.com\/de\/produkt\/emosh-kerzenhalter-burgundy\/#breadcrumb"},"inLanguage":"de","potentialAction":[{"@type":"ReadAction","target":["https:\/\/hubsch-interior.com\/de\/produkt\/emosh-kerzenhalter-burgundy\/"]}]},{"@type":"ImageObject","inLanguage":"de","@id":"https:\/\/hubsch-interior.com\/de\/produkt\/emosh-kerzenhalter-burgundy\/#primaryimage","url":"https:\/\/hubsch-interior.com\/wp-content\/uploads\/2026\/02\/emosh-candlestick-burgundy-16ab2023b3c9f3b0d4fc2cecf927e625.jpg","contentUrl":"https:\/\/hubsch-interior.com\/wp-content\/uploads\/2026\/02\/emosh-candlestick-burgundy-16ab2023b3c9f3b0d4fc2cecf927e625.jpg","width":1024,"height":1024},{"@type":"BreadcrumbList","@id":"https:\/\/hubsch-interior.com\/de\/produkt\/emosh-kerzenhalter-burgundy\/#breadcrumb","itemListElement":[{"@type":"ListItem","position":1,"name":"Startseite","item":"https:\/\/hubsch-interior.com\/de\/"},{"@type":"ListItem","position":2,"name":"Produkte","item":"https:\/\/hubsch-interior.com\/de\/shop-2\/"},{"@type":"ListItem","position":3,"name":"Wohnaccessoires","item":"https:\/\/hubsch-interior.com\/de\/produkt-kategorie\/wohnaccessoires\/"},{"@type":"ListItem","position":4,"name":"Kerzenst&auml;nder &amp; Laternen","item":"https:\/\/hubsch-interior.com\/de\/produkt-kategorie\/wohnaccessoires\/kerzenstaender-laternen-de\/"},{"@type":"ListItem","position":5,"name":"Kerzenst&auml;nder","item":"https:\/\/hubsch-interior.com\/de\/produkt-kategorie\/wohnaccessoires\/kerzenstaender-laternen-de\/kerzenstaender-de\/"},{"@type":"ListItem","position":6,"name":"Emosh Kerzenhalter Burgundy"}]},{"@type":"WebSite","@id":"https:\/\/hubsch-interior.com\/de\/#website","url":"https:\/\/hubsch-interior.com\/de\/","name":"H\u00fcbsch","description":"Danish Home Interior and Design","publisher":{"@id":"https:\/\/hubsch-interior.com\/de\/#organization"},"potentialAction":[{"@type":"SearchAction","target":{"@type":"EntryPoint","urlTemplate":"https:\/\/hubsch-interior.com\/de\/?s={search_term_string}"},"query-input":{"@type":"PropertyValueSpecification","valueRequired":true,"valueName":"search_term_string"}}],"inLanguage":"de"},{"@type":"Organization","@id":"https:\/\/hubsch-interior.com\/de\/#organization","name":"H\u00fcbsch","url":"https:\/\/hubsch-interior.com\/de\/","logo":{"@type":"ImageObject","inLanguage":"de","@id":"https:\/\/hubsch-interior.com\/de\/#\/schema\/logo\/image\/","url":"https:\/\/hubsch-interior.com\/wp-content\/uploads\/2022\/12\/Hubsch_logo_black_one_line.svg","contentUrl":"https:\/\/hubsch-interior.com\/wp-content\/uploads\/2022\/12\/Hubsch_logo_black_one_line.svg","caption":"H\u00fcbsch"},"image":{"@id":"https:\/\/hubsch-interior.com\/de\/#\/schema\/logo\/image\/"}}]}},"_links":{"self":[{"href":"https:\/\/hubsch-interior.com\/de\/wp-json\/wp\/v2\/product\/802467","targetHints":{"allow":["GET"]}}],"collection":[{"href":"https:\/\/hubsch-interior.com\/de\/wp-json\/wp\/v2\/product"}],"about":[{"href":"https:\/\/hubsch-interior.com\/de\/wp-json\/wp\/v2\/types\/product"}],"wp:featuredmedia":[{"embeddable":true,"href":"https:\/\/hubsch-interior.com\/de\/wp-json\/wp\/v2\/media\/1108686"}],"wp:attachment":[{"href":"https:\/\/hubsch-interior.com\/de\/wp-json\/wp\/v2\/media?parent=802467"}],"wp:term":[{"taxonomy":"product_brand","embeddable":true,"href":"https:\/\/hubsch-interior.com\/de\/wp-json\/wp\/v2\/product_brand?post=802467"},{"taxonomy":"product_cat","embeddable":true,"href":"https:\/\/hubsch-interior.com\/de\/wp-json\/wp\/v2\/product_cat?post=802467"},{"taxonomy":"product_tag","embeddable":true,"href":"https:\/\/hubsch-interior.com\/de\/wp-json\/wp\/v2\/product_tag?post=802467"}],"curies":[{"name":"wp","href":"https:\/\/api.w.org\/{rel}","templated":true}]}}