{"id":807476,"date":"2022-08-23T12:21:24","date_gmt":"2022-08-23T10:21:24","guid":{"rendered":"https:\/\/hubsch-interior.com\/product\/product\/"},"modified":"2026-04-29T04:17:17","modified_gmt":"2026-04-29T02:17:17","slug":"merry-garderobe-hellgrau","status":"publish","type":"product","link":"https:\/\/hubsch-interior.com\/de\/produkt\/merry-garderobe-hellgrau\/","title":{"rendered":"Merry Garderobe Hellgrau"},"content":{"rendered":"<p>Sind Sie auf der Suche nach einer sch\u00f6nen Garderobe mit Funktion und Stil? Dann werden Sie hier f\u00fcndig. Die Garderobe Merry ist schlicht und doch wundersch\u00f6n. Die gro\u00dfen Klammern zaubern sofort ein L\u00e4cheln auf die Lippen, oder? Dank dieser FSC\u00ae-zertifizierten hellgrauen Garderobenleiste ist die Aufbewahrung Ihrer Kleidung einfach und stilvoll zugleich. &#8220;Wherever I lay my hat&#8221;, kommt uns in den Sinn &#8230;<\/p>\n","protected":false},"excerpt":{"rendered":"<p>Sind Sie auf der Suche nach einer sch\u00f6nen Garderobe mit Funktion und Stil? Dann werden Sie hier f\u00fcndig. Die Garderobe Merry ist schlicht und doch wundersch\u00f6n. Die gro\u00dfen Klammern zaubern sofort ein L\u00e4cheln auf die Lippen, oder? Dank dieser FSC\u00ae-zertifizierten hellgrauen Garderobenleiste ist die Aufbewahrung Ihrer Kleidung einfach und stilvoll zugleich. &#8220;Wherever I lay my [&hellip;]<\/p>\n","protected":false},"featured_media":1093312,"template":"","meta":{"_acf_changed":false,"inline_featured_image":false},"product_brand":[],"product_cat":[6380,6323,4043,4044,5027],"product_tag":[],"class_list":{"0":"post-807476","1":"product","2":"type-product","3":"status-publish","4":"has-post-thumbnail","6":"product_cat-always-a-twist-de","7":"product_cat-fsc-de","8":"product_cat-haken-und-hakenleisten-de","9":"product_cat-hakenleisten-de","10":"product_cat-bestsellers-de","11":"product_shipping_class-pk","13":"pa_color-hellgrau-2","14":"pa_material-eschenholz","16":"first","17":"instock","18":"featured","19":"taxable","20":"shipping-taxable","21":"purchasable","22":"product-type-simple"},"exclude_global_add_ons":[],"addons":[],"acf":[],"yoast_head":"<!-- This site is optimized with the Yoast SEO plugin v26.4 - https:\/\/yoast.com\/wordpress\/plugins\/seo\/ -->\n<title>Merry Garderobe Hellgrau - H\u00fcbsch<\/title>\n<meta name=\"description\" content=\"Sind Sie auf der Suche nach einer sch\u00f6nen Garderobe mit Funktion und Stil? Dann werden Sie hier f\u00fcndig. Die Garderobe Merry ist schlicht und doch\" \/>\n<meta name=\"robots\" content=\"index, follow, max-snippet:-1, max-image-preview:large, max-video-preview:-1\" \/>\n<link rel=\"canonical\" href=\"https:\/\/hubsch-interior.com\/de\/wp-json\/wp\/v2\/product\/807476\" \/>\n<meta property=\"og:locale\" content=\"de_DE\" \/>\n<meta property=\"og:type\" content=\"article\" \/>\n<meta property=\"og:title\" content=\"Merry Garderobe Hellgrau - H\u00fcbsch\" \/>\n<meta property=\"og:description\" content=\"Sind Sie auf der Suche nach einer sch\u00f6nen Garderobe mit Funktion und Stil? Dann werden Sie hier f\u00fcndig. Die Garderobe Merry ist schlicht und doch\" \/>\n<meta property=\"og:url\" content=\"https:\/\/hubsch-interior.com\/de\/produkt\/merry-garderobe-hellgrau\/\" \/>\n<meta property=\"og:site_name\" content=\"H\u00fcbsch\" \/>\n<meta property=\"article:modified_time\" content=\"2026-04-29T02:17:17+00:00\" \/>\n<meta property=\"og:image\" content=\"https:\/\/hubsch-interior.com\/wp-content\/uploads\/2025\/05\/merry-coatrack-light-grey-082da6aa78b3f94a64e883b1953d4779.jpg\" \/>\n\t<meta property=\"og:image:width\" content=\"1200\" \/>\n\t<meta property=\"og:image:height\" content=\"1200\" \/>\n\t<meta property=\"og:image:type\" content=\"image\/jpeg\" \/>\n<meta name=\"twitter:card\" content=\"summary_large_image\" \/>\n<script type=\"application\/ld+json\" class=\"yoast-schema-graph\">{\"@context\":\"https:\/\/schema.org\",\"@graph\":[{\"@type\":\"WebPage\",\"@id\":\"https:\/\/hubsch-interior.com\/de\/produkt\/merry-garderobe-hellgrau\/\",\"url\":\"https:\/\/hubsch-interior.com\/de\/produkt\/merry-garderobe-hellgrau\/\",\"name\":\"Merry Garderobe Hellgrau - H\u00fcbsch\",\"isPartOf\":{\"@id\":\"https:\/\/hubsch-interior.com\/de\/#website\"},\"primaryImageOfPage\":{\"@id\":\"https:\/\/hubsch-interior.com\/de\/produkt\/merry-garderobe-hellgrau\/#primaryimage\"},\"image\":{\"@id\":\"https:\/\/hubsch-interior.com\/de\/produkt\/merry-garderobe-hellgrau\/#primaryimage\"},\"thumbnailUrl\":\"https:\/\/hubsch-interior.com\/wp-content\/uploads\/2026\/02\/merry-coatrack-light-grey-b458278f4b12bb309f0ba91059a05500.jpg\",\"datePublished\":\"2022-08-23T10:21:24+00:00\",\"dateModified\":\"2026-04-29T02:17:17+00:00\",\"description\":\"Sind Sie auf der Suche nach einer sch\u00f6nen Garderobe mit Funktion und Stil? Dann werden Sie hier f\u00fcndig. Die Garderobe Merry ist schlicht und doch\",\"breadcrumb\":{\"@id\":\"https:\/\/hubsch-interior.com\/de\/produkt\/merry-garderobe-hellgrau\/#breadcrumb\"},\"inLanguage\":\"de\",\"potentialAction\":[{\"@type\":\"ReadAction\",\"target\":[\"https:\/\/hubsch-interior.com\/de\/produkt\/merry-garderobe-hellgrau\/\"]}]},{\"@type\":\"ImageObject\",\"inLanguage\":\"de\",\"@id\":\"https:\/\/hubsch-interior.com\/de\/produkt\/merry-garderobe-hellgrau\/#primaryimage\",\"url\":\"https:\/\/hubsch-interior.com\/wp-content\/uploads\/2026\/02\/merry-coatrack-light-grey-b458278f4b12bb309f0ba91059a05500.jpg\",\"contentUrl\":\"https:\/\/hubsch-interior.com\/wp-content\/uploads\/2026\/02\/merry-coatrack-light-grey-b458278f4b12bb309f0ba91059a05500.jpg\",\"width\":1024,\"height\":1024},{\"@type\":\"BreadcrumbList\",\"@id\":\"https:\/\/hubsch-interior.com\/de\/produkt\/merry-garderobe-hellgrau\/#breadcrumb\",\"itemListElement\":[{\"@type\":\"ListItem\",\"position\":1,\"name\":\"Startseite\",\"item\":\"https:\/\/hubsch-interior.com\/de\/\"},{\"@type\":\"ListItem\",\"position\":2,\"name\":\"Produkte\",\"item\":\"https:\/\/hubsch-interior.com\/de\/shop-2\/\"},{\"@type\":\"ListItem\",\"position\":3,\"name\":\"Wohnaccessoires\",\"item\":\"https:\/\/hubsch-interior.com\/de\/produkt-kategorie\/wohnaccessoires\/\"},{\"@type\":\"ListItem\",\"position\":4,\"name\":\"Haken und Hakenleisten\",\"item\":\"https:\/\/hubsch-interior.com\/de\/produkt-kategorie\/wohnaccessoires\/haken-und-hakenleisten-de\/\"},{\"@type\":\"ListItem\",\"position\":5,\"name\":\"Hakenleisten\",\"item\":\"https:\/\/hubsch-interior.com\/de\/produkt-kategorie\/wohnaccessoires\/haken-und-hakenleisten-de\/hakenleisten-de\/\"},{\"@type\":\"ListItem\",\"position\":6,\"name\":\"Merry Garderobe Hellgrau\"}]},{\"@type\":\"WebSite\",\"@id\":\"https:\/\/hubsch-interior.com\/de\/#website\",\"url\":\"https:\/\/hubsch-interior.com\/de\/\",\"name\":\"H\u00fcbsch\",\"description\":\"Danish Home Interior and Design\",\"publisher\":{\"@id\":\"https:\/\/hubsch-interior.com\/de\/#organization\"},\"potentialAction\":[{\"@type\":\"SearchAction\",\"target\":{\"@type\":\"EntryPoint\",\"urlTemplate\":\"https:\/\/hubsch-interior.com\/de\/?s={search_term_string}\"},\"query-input\":{\"@type\":\"PropertyValueSpecification\",\"valueRequired\":true,\"valueName\":\"search_term_string\"}}],\"inLanguage\":\"de\"},{\"@type\":\"Organization\",\"@id\":\"https:\/\/hubsch-interior.com\/de\/#organization\",\"name\":\"H\u00fcbsch\",\"url\":\"https:\/\/hubsch-interior.com\/de\/\",\"logo\":{\"@type\":\"ImageObject\",\"inLanguage\":\"de\",\"@id\":\"https:\/\/hubsch-interior.com\/de\/#\/schema\/logo\/image\/\",\"url\":\"https:\/\/hubsch-interior.com\/wp-content\/uploads\/2022\/12\/Hubsch_logo_black_one_line.svg\",\"contentUrl\":\"https:\/\/hubsch-interior.com\/wp-content\/uploads\/2022\/12\/Hubsch_logo_black_one_line.svg\",\"caption\":\"H\u00fcbsch\"},\"image\":{\"@id\":\"https:\/\/hubsch-interior.com\/de\/#\/schema\/logo\/image\/\"}}]}<\/script>\n<!-- \/ Yoast SEO plugin. -->","yoast_head_json":{"title":"Merry Garderobe Hellgrau - H\u00fcbsch","description":"Sind Sie auf der Suche nach einer sch\u00f6nen Garderobe mit Funktion und Stil? Dann werden Sie hier f\u00fcndig. Die Garderobe Merry ist schlicht und doch","robots":{"index":"index","follow":"follow","max-snippet":"max-snippet:-1","max-image-preview":"max-image-preview:large","max-video-preview":"max-video-preview:-1"},"canonical":"https:\/\/hubsch-interior.com\/de\/wp-json\/wp\/v2\/product\/807476","og_locale":"de_DE","og_type":"article","og_title":"Merry Garderobe Hellgrau - H\u00fcbsch","og_description":"Sind Sie auf der Suche nach einer sch\u00f6nen Garderobe mit Funktion und Stil? Dann werden Sie hier f\u00fcndig. Die Garderobe Merry ist schlicht und doch","og_url":"https:\/\/hubsch-interior.com\/de\/produkt\/merry-garderobe-hellgrau\/","og_site_name":"H\u00fcbsch","article_modified_time":"2026-04-29T02:17:17+00:00","og_image":[{"width":1200,"height":1200,"url":"https:\/\/hubsch-interior.com\/wp-content\/uploads\/2025\/05\/merry-coatrack-light-grey-082da6aa78b3f94a64e883b1953d4779.jpg","type":"image\/jpeg"}],"twitter_card":"summary_large_image","schema":{"@context":"https:\/\/schema.org","@graph":[{"@type":"WebPage","@id":"https:\/\/hubsch-interior.com\/de\/produkt\/merry-garderobe-hellgrau\/","url":"https:\/\/hubsch-interior.com\/de\/produkt\/merry-garderobe-hellgrau\/","name":"Merry Garderobe Hellgrau - H\u00fcbsch","isPartOf":{"@id":"https:\/\/hubsch-interior.com\/de\/#website"},"primaryImageOfPage":{"@id":"https:\/\/hubsch-interior.com\/de\/produkt\/merry-garderobe-hellgrau\/#primaryimage"},"image":{"@id":"https:\/\/hubsch-interior.com\/de\/produkt\/merry-garderobe-hellgrau\/#primaryimage"},"thumbnailUrl":"https:\/\/hubsch-interior.com\/wp-content\/uploads\/2026\/02\/merry-coatrack-light-grey-b458278f4b12bb309f0ba91059a05500.jpg","datePublished":"2022-08-23T10:21:24+00:00","dateModified":"2026-04-29T02:17:17+00:00","description":"Sind Sie auf der Suche nach einer sch\u00f6nen Garderobe mit Funktion und Stil? Dann werden Sie hier f\u00fcndig. Die Garderobe Merry ist schlicht und doch","breadcrumb":{"@id":"https:\/\/hubsch-interior.com\/de\/produkt\/merry-garderobe-hellgrau\/#breadcrumb"},"inLanguage":"de","potentialAction":[{"@type":"ReadAction","target":["https:\/\/hubsch-interior.com\/de\/produkt\/merry-garderobe-hellgrau\/"]}]},{"@type":"ImageObject","inLanguage":"de","@id":"https:\/\/hubsch-interior.com\/de\/produkt\/merry-garderobe-hellgrau\/#primaryimage","url":"https:\/\/hubsch-interior.com\/wp-content\/uploads\/2026\/02\/merry-coatrack-light-grey-b458278f4b12bb309f0ba91059a05500.jpg","contentUrl":"https:\/\/hubsch-interior.com\/wp-content\/uploads\/2026\/02\/merry-coatrack-light-grey-b458278f4b12bb309f0ba91059a05500.jpg","width":1024,"height":1024},{"@type":"BreadcrumbList","@id":"https:\/\/hubsch-interior.com\/de\/produkt\/merry-garderobe-hellgrau\/#breadcrumb","itemListElement":[{"@type":"ListItem","position":1,"name":"Startseite","item":"https:\/\/hubsch-interior.com\/de\/"},{"@type":"ListItem","position":2,"name":"Produkte","item":"https:\/\/hubsch-interior.com\/de\/shop-2\/"},{"@type":"ListItem","position":3,"name":"Wohnaccessoires","item":"https:\/\/hubsch-interior.com\/de\/produkt-kategorie\/wohnaccessoires\/"},{"@type":"ListItem","position":4,"name":"Haken und Hakenleisten","item":"https:\/\/hubsch-interior.com\/de\/produkt-kategorie\/wohnaccessoires\/haken-und-hakenleisten-de\/"},{"@type":"ListItem","position":5,"name":"Hakenleisten","item":"https:\/\/hubsch-interior.com\/de\/produkt-kategorie\/wohnaccessoires\/haken-und-hakenleisten-de\/hakenleisten-de\/"},{"@type":"ListItem","position":6,"name":"Merry Garderobe Hellgrau"}]},{"@type":"WebSite","@id":"https:\/\/hubsch-interior.com\/de\/#website","url":"https:\/\/hubsch-interior.com\/de\/","name":"H\u00fcbsch","description":"Danish Home Interior and Design","publisher":{"@id":"https:\/\/hubsch-interior.com\/de\/#organization"},"potentialAction":[{"@type":"SearchAction","target":{"@type":"EntryPoint","urlTemplate":"https:\/\/hubsch-interior.com\/de\/?s={search_term_string}"},"query-input":{"@type":"PropertyValueSpecification","valueRequired":true,"valueName":"search_term_string"}}],"inLanguage":"de"},{"@type":"Organization","@id":"https:\/\/hubsch-interior.com\/de\/#organization","name":"H\u00fcbsch","url":"https:\/\/hubsch-interior.com\/de\/","logo":{"@type":"ImageObject","inLanguage":"de","@id":"https:\/\/hubsch-interior.com\/de\/#\/schema\/logo\/image\/","url":"https:\/\/hubsch-interior.com\/wp-content\/uploads\/2022\/12\/Hubsch_logo_black_one_line.svg","contentUrl":"https:\/\/hubsch-interior.com\/wp-content\/uploads\/2022\/12\/Hubsch_logo_black_one_line.svg","caption":"H\u00fcbsch"},"image":{"@id":"https:\/\/hubsch-interior.com\/de\/#\/schema\/logo\/image\/"}}]}},"_links":{"self":[{"href":"https:\/\/hubsch-interior.com\/de\/wp-json\/wp\/v2\/product\/807476","targetHints":{"allow":["GET"]}}],"collection":[{"href":"https:\/\/hubsch-interior.com\/de\/wp-json\/wp\/v2\/product"}],"about":[{"href":"https:\/\/hubsch-interior.com\/de\/wp-json\/wp\/v2\/types\/product"}],"wp:featuredmedia":[{"embeddable":true,"href":"https:\/\/hubsch-interior.com\/de\/wp-json\/wp\/v2\/media\/1093312"}],"wp:attachment":[{"href":"https:\/\/hubsch-interior.com\/de\/wp-json\/wp\/v2\/media?parent=807476"}],"wp:term":[{"taxonomy":"product_brand","embeddable":true,"href":"https:\/\/hubsch-interior.com\/de\/wp-json\/wp\/v2\/product_brand?post=807476"},{"taxonomy":"product_cat","embeddable":true,"href":"https:\/\/hubsch-interior.com\/de\/wp-json\/wp\/v2\/product_cat?post=807476"},{"taxonomy":"product_tag","embeddable":true,"href":"https:\/\/hubsch-interior.com\/de\/wp-json\/wp\/v2\/product_tag?post=807476"}],"curies":[{"name":"wp","href":"https:\/\/api.w.org\/{rel}","templated":true}]}}