{"id":807496,"date":"2022-08-23T12:21:39","date_gmt":"2022-08-23T10:21:39","guid":{"rendered":"https:\/\/hubsch-interior.com\/product\/product\/"},"modified":"2026-04-09T04:17:33","modified_gmt":"2026-04-09T02:17:33","slug":"shack-regal-schwarz","status":"publish","type":"product","link":"https:\/\/hubsch-interior.com\/de\/produkt\/shack-regal-schwarz\/","title":{"rendered":"Shack Regal Schwarz"},"content":{"rendered":"<p>Eine an der Wand montierte Kombination aus Regal und Ablage! Was gibt es da nicht zu m\u00f6gen? Wir sind uns sicher, dass Sie dieses St\u00fcck lieben werden. Das Shack Shelf ist perfekt, um all Ihre Lieblingskochb\u00fccher und Geschirrt\u00fccher stilvoll aufzubewahren. Schaffen Sie Ihr ganz pers\u00f6nliches Meisterwerk an der Wand. Multifunktionalit\u00e4t ist immer eine gute Idee, aber wenn sie dann auch noch toll aussieht \u2013 dann ist es eine geniale Idee!<\/p>\n","protected":false},"excerpt":{"rendered":"<p>Eine an der Wand montierte Kombination aus Regal und Ablage! Was gibt es da nicht zu m\u00f6gen? Wir sind uns sicher, dass Sie dieses St\u00fcck lieben werden. Das Shack Shelf ist perfekt, um all Ihre Lieblingskochb\u00fccher und Geschirrt\u00fccher stilvoll aufzubewahren. Schaffen Sie Ihr ganz pers\u00f6nliches Meisterwerk an der Wand. Multifunktionalit\u00e4t ist immer eine gute Idee, [&hellip;]<\/p>\n","protected":false},"featured_media":1093325,"template":"","meta":{"_acf_changed":false,"inline_featured_image":false},"product_brand":[],"product_cat":[4024,6380,7067,7073,4043,4044,7074,4003],"product_tag":[],"class_list":{"0":"post-807496","1":"product","2":"type-product","3":"status-publish","4":"has-post-thumbnail","6":"product_cat-ablagen-de","7":"product_cat-always-a-twist-de","8":"product_cat-kuchen-haken-de","9":"product_cat-haken-regale-de","10":"product_cat-haken-und-hakenleisten-de","11":"product_cat-hakenleisten-de","12":"product_cat-kuchen-regale-de","13":"product_cat-regale-aufbewahrung-de","14":"product_shipping_class-pk","16":"pa_color-schwarz","17":"pa_material-eisen-de","18":"pa_material-glas-de","20":"first","21":"instock","22":"taxable","23":"shipping-taxable","24":"purchasable","25":"product-type-simple"},"exclude_global_add_ons":[],"addons":[],"acf":[],"yoast_head":"<!-- This site is optimized with the Yoast SEO plugin v26.4 - https:\/\/yoast.com\/wordpress\/plugins\/seo\/ -->\n<title>Shack Regal Schwarz - H\u00fcbsch<\/title>\n<meta name=\"description\" content=\"Eine an der Wand montierte Kombination aus Regal und Ablage! Was gibt es da nicht zu m\u00f6gen? Wir sind uns sicher, dass Sie dieses St\u00fcck lieben werden. Das\" \/>\n<meta name=\"robots\" content=\"index, follow, max-snippet:-1, max-image-preview:large, max-video-preview:-1\" \/>\n<link rel=\"canonical\" href=\"https:\/\/hubsch-interior.com\/de\/wp-json\/wp\/v2\/product\/807496\" \/>\n<meta property=\"og:locale\" content=\"de_DE\" \/>\n<meta property=\"og:type\" content=\"article\" \/>\n<meta property=\"og:title\" content=\"Shack Regal Schwarz - H\u00fcbsch\" \/>\n<meta property=\"og:description\" content=\"Eine an der Wand montierte Kombination aus Regal und Ablage! Was gibt es da nicht zu m\u00f6gen? Wir sind uns sicher, dass Sie dieses St\u00fcck lieben werden. Das\" \/>\n<meta property=\"og:url\" content=\"https:\/\/hubsch-interior.com\/de\/produkt\/shack-regal-schwarz\/\" \/>\n<meta property=\"og:site_name\" content=\"H\u00fcbsch\" \/>\n<meta property=\"article:modified_time\" content=\"2026-04-09T02:17:33+00:00\" \/>\n<meta property=\"og:image\" content=\"https:\/\/hubsch-interior.com\/wp-content\/uploads\/2023\/08\/shack-shelf-texturedblack-081c1d33ad0e41f2f3a00d2614998158.jpg\" \/>\n\t<meta property=\"og:image:width\" content=\"1200\" \/>\n\t<meta property=\"og:image:height\" content=\"1200\" \/>\n\t<meta property=\"og:image:type\" content=\"image\/jpeg\" \/>\n<meta name=\"twitter:card\" content=\"summary_large_image\" \/>\n<script type=\"application\/ld+json\" class=\"yoast-schema-graph\">{\"@context\":\"https:\/\/schema.org\",\"@graph\":[{\"@type\":\"WebPage\",\"@id\":\"https:\/\/hubsch-interior.com\/de\/produkt\/shack-regal-schwarz\/\",\"url\":\"https:\/\/hubsch-interior.com\/de\/produkt\/shack-regal-schwarz\/\",\"name\":\"Shack Regal Schwarz - H\u00fcbsch\",\"isPartOf\":{\"@id\":\"https:\/\/hubsch-interior.com\/de\/#website\"},\"primaryImageOfPage\":{\"@id\":\"https:\/\/hubsch-interior.com\/de\/produkt\/shack-regal-schwarz\/#primaryimage\"},\"image\":{\"@id\":\"https:\/\/hubsch-interior.com\/de\/produkt\/shack-regal-schwarz\/#primaryimage\"},\"thumbnailUrl\":\"https:\/\/hubsch-interior.com\/wp-content\/uploads\/2026\/02\/shack-shelf-black-6c47fdcfe3105989f04c824905666462.jpg\",\"datePublished\":\"2022-08-23T10:21:39+00:00\",\"dateModified\":\"2026-04-09T02:17:33+00:00\",\"description\":\"Eine an der Wand montierte Kombination aus Regal und Ablage! Was gibt es da nicht zu m\u00f6gen? Wir sind uns sicher, dass Sie dieses St\u00fcck lieben werden. Das\",\"breadcrumb\":{\"@id\":\"https:\/\/hubsch-interior.com\/de\/produkt\/shack-regal-schwarz\/#breadcrumb\"},\"inLanguage\":\"de\",\"potentialAction\":[{\"@type\":\"ReadAction\",\"target\":[\"https:\/\/hubsch-interior.com\/de\/produkt\/shack-regal-schwarz\/\"]}]},{\"@type\":\"ImageObject\",\"inLanguage\":\"de\",\"@id\":\"https:\/\/hubsch-interior.com\/de\/produkt\/shack-regal-schwarz\/#primaryimage\",\"url\":\"https:\/\/hubsch-interior.com\/wp-content\/uploads\/2026\/02\/shack-shelf-black-6c47fdcfe3105989f04c824905666462.jpg\",\"contentUrl\":\"https:\/\/hubsch-interior.com\/wp-content\/uploads\/2026\/02\/shack-shelf-black-6c47fdcfe3105989f04c824905666462.jpg\",\"width\":1024,\"height\":1024},{\"@type\":\"BreadcrumbList\",\"@id\":\"https:\/\/hubsch-interior.com\/de\/produkt\/shack-regal-schwarz\/#breadcrumb\",\"itemListElement\":[{\"@type\":\"ListItem\",\"position\":1,\"name\":\"Startseite\",\"item\":\"https:\/\/hubsch-interior.com\/de\/\"},{\"@type\":\"ListItem\",\"position\":2,\"name\":\"Produkte\",\"item\":\"https:\/\/hubsch-interior.com\/de\/shop-2\/\"},{\"@type\":\"ListItem\",\"position\":3,\"name\":\"M\u00f6bel\",\"item\":\"https:\/\/hubsch-interior.com\/de\/produkt-kategorie\/moebel\/\"},{\"@type\":\"ListItem\",\"position\":4,\"name\":\"Regale &amp; Aufbewahrung\",\"item\":\"https:\/\/hubsch-interior.com\/de\/produkt-kategorie\/moebel\/regale-aufbewahrung-de\/\"},{\"@type\":\"ListItem\",\"position\":5,\"name\":\"Ablagen\",\"item\":\"https:\/\/hubsch-interior.com\/de\/produkt-kategorie\/moebel\/regale-aufbewahrung-de\/ablagen-de\/\"},{\"@type\":\"ListItem\",\"position\":6,\"name\":\"Shack Regal Schwarz\"}]},{\"@type\":\"WebSite\",\"@id\":\"https:\/\/hubsch-interior.com\/de\/#website\",\"url\":\"https:\/\/hubsch-interior.com\/de\/\",\"name\":\"H\u00fcbsch\",\"description\":\"Danish Home Interior and Design\",\"publisher\":{\"@id\":\"https:\/\/hubsch-interior.com\/de\/#organization\"},\"potentialAction\":[{\"@type\":\"SearchAction\",\"target\":{\"@type\":\"EntryPoint\",\"urlTemplate\":\"https:\/\/hubsch-interior.com\/de\/?s={search_term_string}\"},\"query-input\":{\"@type\":\"PropertyValueSpecification\",\"valueRequired\":true,\"valueName\":\"search_term_string\"}}],\"inLanguage\":\"de\"},{\"@type\":\"Organization\",\"@id\":\"https:\/\/hubsch-interior.com\/de\/#organization\",\"name\":\"H\u00fcbsch\",\"url\":\"https:\/\/hubsch-interior.com\/de\/\",\"logo\":{\"@type\":\"ImageObject\",\"inLanguage\":\"de\",\"@id\":\"https:\/\/hubsch-interior.com\/de\/#\/schema\/logo\/image\/\",\"url\":\"https:\/\/hubsch-interior.com\/wp-content\/uploads\/2022\/12\/Hubsch_logo_black_one_line.svg\",\"contentUrl\":\"https:\/\/hubsch-interior.com\/wp-content\/uploads\/2022\/12\/Hubsch_logo_black_one_line.svg\",\"caption\":\"H\u00fcbsch\"},\"image\":{\"@id\":\"https:\/\/hubsch-interior.com\/de\/#\/schema\/logo\/image\/\"}}]}<\/script>\n<!-- \/ Yoast SEO plugin. -->","yoast_head_json":{"title":"Shack Regal Schwarz - H\u00fcbsch","description":"Eine an der Wand montierte Kombination aus Regal und Ablage! Was gibt es da nicht zu m\u00f6gen? Wir sind uns sicher, dass Sie dieses St\u00fcck lieben werden. Das","robots":{"index":"index","follow":"follow","max-snippet":"max-snippet:-1","max-image-preview":"max-image-preview:large","max-video-preview":"max-video-preview:-1"},"canonical":"https:\/\/hubsch-interior.com\/de\/wp-json\/wp\/v2\/product\/807496","og_locale":"de_DE","og_type":"article","og_title":"Shack Regal Schwarz - H\u00fcbsch","og_description":"Eine an der Wand montierte Kombination aus Regal und Ablage! Was gibt es da nicht zu m\u00f6gen? Wir sind uns sicher, dass Sie dieses St\u00fcck lieben werden. Das","og_url":"https:\/\/hubsch-interior.com\/de\/produkt\/shack-regal-schwarz\/","og_site_name":"H\u00fcbsch","article_modified_time":"2026-04-09T02:17:33+00:00","og_image":[{"width":1200,"height":1200,"url":"https:\/\/hubsch-interior.com\/wp-content\/uploads\/2023\/08\/shack-shelf-texturedblack-081c1d33ad0e41f2f3a00d2614998158.jpg","type":"image\/jpeg"}],"twitter_card":"summary_large_image","schema":{"@context":"https:\/\/schema.org","@graph":[{"@type":"WebPage","@id":"https:\/\/hubsch-interior.com\/de\/produkt\/shack-regal-schwarz\/","url":"https:\/\/hubsch-interior.com\/de\/produkt\/shack-regal-schwarz\/","name":"Shack Regal Schwarz - H\u00fcbsch","isPartOf":{"@id":"https:\/\/hubsch-interior.com\/de\/#website"},"primaryImageOfPage":{"@id":"https:\/\/hubsch-interior.com\/de\/produkt\/shack-regal-schwarz\/#primaryimage"},"image":{"@id":"https:\/\/hubsch-interior.com\/de\/produkt\/shack-regal-schwarz\/#primaryimage"},"thumbnailUrl":"https:\/\/hubsch-interior.com\/wp-content\/uploads\/2026\/02\/shack-shelf-black-6c47fdcfe3105989f04c824905666462.jpg","datePublished":"2022-08-23T10:21:39+00:00","dateModified":"2026-04-09T02:17:33+00:00","description":"Eine an der Wand montierte Kombination aus Regal und Ablage! Was gibt es da nicht zu m\u00f6gen? Wir sind uns sicher, dass Sie dieses St\u00fcck lieben werden. Das","breadcrumb":{"@id":"https:\/\/hubsch-interior.com\/de\/produkt\/shack-regal-schwarz\/#breadcrumb"},"inLanguage":"de","potentialAction":[{"@type":"ReadAction","target":["https:\/\/hubsch-interior.com\/de\/produkt\/shack-regal-schwarz\/"]}]},{"@type":"ImageObject","inLanguage":"de","@id":"https:\/\/hubsch-interior.com\/de\/produkt\/shack-regal-schwarz\/#primaryimage","url":"https:\/\/hubsch-interior.com\/wp-content\/uploads\/2026\/02\/shack-shelf-black-6c47fdcfe3105989f04c824905666462.jpg","contentUrl":"https:\/\/hubsch-interior.com\/wp-content\/uploads\/2026\/02\/shack-shelf-black-6c47fdcfe3105989f04c824905666462.jpg","width":1024,"height":1024},{"@type":"BreadcrumbList","@id":"https:\/\/hubsch-interior.com\/de\/produkt\/shack-regal-schwarz\/#breadcrumb","itemListElement":[{"@type":"ListItem","position":1,"name":"Startseite","item":"https:\/\/hubsch-interior.com\/de\/"},{"@type":"ListItem","position":2,"name":"Produkte","item":"https:\/\/hubsch-interior.com\/de\/shop-2\/"},{"@type":"ListItem","position":3,"name":"M\u00f6bel","item":"https:\/\/hubsch-interior.com\/de\/produkt-kategorie\/moebel\/"},{"@type":"ListItem","position":4,"name":"Regale &amp; Aufbewahrung","item":"https:\/\/hubsch-interior.com\/de\/produkt-kategorie\/moebel\/regale-aufbewahrung-de\/"},{"@type":"ListItem","position":5,"name":"Ablagen","item":"https:\/\/hubsch-interior.com\/de\/produkt-kategorie\/moebel\/regale-aufbewahrung-de\/ablagen-de\/"},{"@type":"ListItem","position":6,"name":"Shack Regal Schwarz"}]},{"@type":"WebSite","@id":"https:\/\/hubsch-interior.com\/de\/#website","url":"https:\/\/hubsch-interior.com\/de\/","name":"H\u00fcbsch","description":"Danish Home Interior and Design","publisher":{"@id":"https:\/\/hubsch-interior.com\/de\/#organization"},"potentialAction":[{"@type":"SearchAction","target":{"@type":"EntryPoint","urlTemplate":"https:\/\/hubsch-interior.com\/de\/?s={search_term_string}"},"query-input":{"@type":"PropertyValueSpecification","valueRequired":true,"valueName":"search_term_string"}}],"inLanguage":"de"},{"@type":"Organization","@id":"https:\/\/hubsch-interior.com\/de\/#organization","name":"H\u00fcbsch","url":"https:\/\/hubsch-interior.com\/de\/","logo":{"@type":"ImageObject","inLanguage":"de","@id":"https:\/\/hubsch-interior.com\/de\/#\/schema\/logo\/image\/","url":"https:\/\/hubsch-interior.com\/wp-content\/uploads\/2022\/12\/Hubsch_logo_black_one_line.svg","contentUrl":"https:\/\/hubsch-interior.com\/wp-content\/uploads\/2022\/12\/Hubsch_logo_black_one_line.svg","caption":"H\u00fcbsch"},"image":{"@id":"https:\/\/hubsch-interior.com\/de\/#\/schema\/logo\/image\/"}}]}},"_links":{"self":[{"href":"https:\/\/hubsch-interior.com\/de\/wp-json\/wp\/v2\/product\/807496","targetHints":{"allow":["GET"]}}],"collection":[{"href":"https:\/\/hubsch-interior.com\/de\/wp-json\/wp\/v2\/product"}],"about":[{"href":"https:\/\/hubsch-interior.com\/de\/wp-json\/wp\/v2\/types\/product"}],"wp:featuredmedia":[{"embeddable":true,"href":"https:\/\/hubsch-interior.com\/de\/wp-json\/wp\/v2\/media\/1093325"}],"wp:attachment":[{"href":"https:\/\/hubsch-interior.com\/de\/wp-json\/wp\/v2\/media?parent=807496"}],"wp:term":[{"taxonomy":"product_brand","embeddable":true,"href":"https:\/\/hubsch-interior.com\/de\/wp-json\/wp\/v2\/product_brand?post=807496"},{"taxonomy":"product_cat","embeddable":true,"href":"https:\/\/hubsch-interior.com\/de\/wp-json\/wp\/v2\/product_cat?post=807496"},{"taxonomy":"product_tag","embeddable":true,"href":"https:\/\/hubsch-interior.com\/de\/wp-json\/wp\/v2\/product_tag?post=807496"}],"curies":[{"name":"wp","href":"https:\/\/api.w.org\/{rel}","templated":true}]}}