{"id":807604,"date":"2022-08-23T12:23:16","date_gmt":"2022-08-23T10:23:16","guid":{"rendered":"https:\/\/hubsch-interior.com\/product\/product\/"},"modified":"2026-04-05T04:17:57","modified_gmt":"2026-04-05T02:17:57","slug":"fresh-servierwagen-multifarben","status":"publish","type":"product","link":"https:\/\/hubsch-interior.com\/de\/produkt\/fresh-servierwagen-multifarben\/","title":{"rendered":"Fresh Servierwagen \u00a0Multifarben"},"content":{"rendered":"<p>Rollwagen f\u00fcr das B\u00fcro schaffen einen einladenden und inspirierenden Arbeitsplatz. In erster Linie m\u00fcssen die Gegenst\u00e4nde in Ihrem B\u00fcro funktional sein, um Ihnen den Arbeitsalltag zu erleichtern. In unserem neuen Aufbewahrungswagen finden Sie viel Platz f\u00fcr verschiedene Materialien. Wir haben mit Farben gespielt, um einem klassischen Aufbewahrungsm\u00f6bel neuen Schwung zu verleihen und den Alltag ein bisschen abwechslungsreicher zu gestalten. FSC\u00ae-zertifiziert? Aber nat\u00fcrlich.<\/p>\n","protected":false},"excerpt":{"rendered":"<p>Rollwagen f\u00fcr das B\u00fcro schaffen einen einladenden und inspirierenden Arbeitsplatz. In erster Linie m\u00fcssen die Gegenst\u00e4nde in Ihrem B\u00fcro funktional sein, um Ihnen den Arbeitsalltag zu erleichtern. In unserem neuen Aufbewahrungswagen finden Sie viel Platz f\u00fcr verschiedene Materialien. Wir haben mit Farben gespielt, um einem klassischen Aufbewahrungsm\u00f6bel neuen Schwung zu verleihen und den Alltag ein [&hellip;]<\/p>\n","protected":false},"featured_media":1093064,"template":"","meta":{"_acf_changed":false,"inline_featured_image":false},"product_brand":[],"product_cat":[6380,2861,6360,4155,4961,5027],"product_tag":[],"class_list":{"0":"post-807604","1":"product","2":"type-product","3":"status-publish","4":"has-post-thumbnail","6":"product_cat-always-a-twist-de","7":"product_cat-tische-de","8":"product_cat-servierwagen-de","9":"product_cat-buero-de","10":"product_cat-aufbewahrungsbox-de","11":"product_cat-bestsellers-de","12":"product_shipping_class-pk","13":"pa_color-multifarben-2","14":"pa_material-mdf-de","15":"pa_material-eschenholz","17":"first","18":"outofstock","19":"featured","20":"taxable","21":"shipping-taxable","22":"purchasable","23":"product-type-simple"},"exclude_global_add_ons":[],"addons":[],"acf":[],"yoast_head":"<!-- This site is optimized with the Yoast SEO plugin v26.4 - https:\/\/yoast.com\/wordpress\/plugins\/seo\/ -->\n<title>Fresh Servierwagen \u00a0Multifarben - H\u00fcbsch<\/title>\n<meta name=\"description\" content=\"Rollwagen f\u00fcr das B\u00fcro schaffen einen einladenden und inspirierenden Arbeitsplatz. In erster Linie m\u00fcssen die Gegenst\u00e4nde in Ihrem B\u00fcro funktional sein,\" \/>\n<meta name=\"robots\" content=\"index, follow, max-snippet:-1, max-image-preview:large, max-video-preview:-1\" \/>\n<link rel=\"canonical\" href=\"https:\/\/hubsch-interior.com\/de\/wp-json\/wp\/v2\/product\/807604\" \/>\n<meta property=\"og:locale\" content=\"de_DE\" \/>\n<meta property=\"og:type\" content=\"article\" \/>\n<meta property=\"og:title\" content=\"Fresh Servierwagen \u00a0Multifarben - H\u00fcbsch\" \/>\n<meta property=\"og:description\" content=\"Rollwagen f\u00fcr das B\u00fcro schaffen einen einladenden und inspirierenden Arbeitsplatz. In erster Linie m\u00fcssen die Gegenst\u00e4nde in Ihrem B\u00fcro funktional sein,\" \/>\n<meta property=\"og:url\" content=\"https:\/\/hubsch-interior.com\/de\/produkt\/fresh-servierwagen-multifarben\/\" \/>\n<meta property=\"og:site_name\" content=\"H\u00fcbsch\" \/>\n<meta property=\"article:modified_time\" content=\"2026-04-05T02:17:57+00:00\" \/>\n<meta property=\"og:image\" content=\"https:\/\/hubsch-interior.com\/wp-content\/uploads\/2023\/08\/fresh-trolley-khakiburgundy-60537486d1fbc1b8f90a72bbe4be2173.jpg\" \/>\n\t<meta property=\"og:image:width\" content=\"1200\" \/>\n\t<meta property=\"og:image:height\" content=\"1200\" \/>\n\t<meta property=\"og:image:type\" content=\"image\/jpeg\" \/>\n<meta name=\"twitter:card\" content=\"summary_large_image\" \/>\n<script type=\"application\/ld+json\" class=\"yoast-schema-graph\">{\"@context\":\"https:\/\/schema.org\",\"@graph\":[{\"@type\":\"WebPage\",\"@id\":\"https:\/\/hubsch-interior.com\/de\/produkt\/fresh-servierwagen-multifarben\/\",\"url\":\"https:\/\/hubsch-interior.com\/de\/produkt\/fresh-servierwagen-multifarben\/\",\"name\":\"Fresh Servierwagen \u00a0Multifarben - H\u00fcbsch\",\"isPartOf\":{\"@id\":\"https:\/\/hubsch-interior.com\/de\/#website\"},\"primaryImageOfPage\":{\"@id\":\"https:\/\/hubsch-interior.com\/de\/produkt\/fresh-servierwagen-multifarben\/#primaryimage\"},\"image\":{\"@id\":\"https:\/\/hubsch-interior.com\/de\/produkt\/fresh-servierwagen-multifarben\/#primaryimage\"},\"thumbnailUrl\":\"https:\/\/hubsch-interior.com\/wp-content\/uploads\/2026\/02\/fresh-trolley-multicolour-5ec02f2d9bdc19ac0ce70077af6e645c.jpg\",\"datePublished\":\"2022-08-23T10:23:16+00:00\",\"dateModified\":\"2026-04-05T02:17:57+00:00\",\"description\":\"Rollwagen f\u00fcr das B\u00fcro schaffen einen einladenden und inspirierenden Arbeitsplatz. In erster Linie m\u00fcssen die Gegenst\u00e4nde in Ihrem B\u00fcro funktional sein,\",\"breadcrumb\":{\"@id\":\"https:\/\/hubsch-interior.com\/de\/produkt\/fresh-servierwagen-multifarben\/#breadcrumb\"},\"inLanguage\":\"de\",\"potentialAction\":[{\"@type\":\"ReadAction\",\"target\":[\"https:\/\/hubsch-interior.com\/de\/produkt\/fresh-servierwagen-multifarben\/\"]}]},{\"@type\":\"ImageObject\",\"inLanguage\":\"de\",\"@id\":\"https:\/\/hubsch-interior.com\/de\/produkt\/fresh-servierwagen-multifarben\/#primaryimage\",\"url\":\"https:\/\/hubsch-interior.com\/wp-content\/uploads\/2026\/02\/fresh-trolley-multicolour-5ec02f2d9bdc19ac0ce70077af6e645c.jpg\",\"contentUrl\":\"https:\/\/hubsch-interior.com\/wp-content\/uploads\/2026\/02\/fresh-trolley-multicolour-5ec02f2d9bdc19ac0ce70077af6e645c.jpg\",\"width\":1024,\"height\":1024},{\"@type\":\"BreadcrumbList\",\"@id\":\"https:\/\/hubsch-interior.com\/de\/produkt\/fresh-servierwagen-multifarben\/#breadcrumb\",\"itemListElement\":[{\"@type\":\"ListItem\",\"position\":1,\"name\":\"Startseite\",\"item\":\"https:\/\/hubsch-interior.com\/de\/\"},{\"@type\":\"ListItem\",\"position\":2,\"name\":\"Produkte\",\"item\":\"https:\/\/hubsch-interior.com\/de\/shop-2\/\"},{\"@type\":\"ListItem\",\"position\":3,\"name\":\"M\u00f6bel\",\"item\":\"https:\/\/hubsch-interior.com\/de\/produkt-kategorie\/moebel\/\"},{\"@type\":\"ListItem\",\"position\":4,\"name\":\"Tische\",\"item\":\"https:\/\/hubsch-interior.com\/de\/produkt-kategorie\/moebel\/tische-de\/\"},{\"@type\":\"ListItem\",\"position\":5,\"name\":\"Servierwagen\",\"item\":\"https:\/\/hubsch-interior.com\/de\/produkt-kategorie\/moebel\/tische-de\/servierwagen-de\/\"},{\"@type\":\"ListItem\",\"position\":6,\"name\":\"Fresh Servierwagen \u00a0Multifarben\"}]},{\"@type\":\"WebSite\",\"@id\":\"https:\/\/hubsch-interior.com\/de\/#website\",\"url\":\"https:\/\/hubsch-interior.com\/de\/\",\"name\":\"H\u00fcbsch\",\"description\":\"Danish Home Interior and Design\",\"publisher\":{\"@id\":\"https:\/\/hubsch-interior.com\/de\/#organization\"},\"potentialAction\":[{\"@type\":\"SearchAction\",\"target\":{\"@type\":\"EntryPoint\",\"urlTemplate\":\"https:\/\/hubsch-interior.com\/de\/?s={search_term_string}\"},\"query-input\":{\"@type\":\"PropertyValueSpecification\",\"valueRequired\":true,\"valueName\":\"search_term_string\"}}],\"inLanguage\":\"de\"},{\"@type\":\"Organization\",\"@id\":\"https:\/\/hubsch-interior.com\/de\/#organization\",\"name\":\"H\u00fcbsch\",\"url\":\"https:\/\/hubsch-interior.com\/de\/\",\"logo\":{\"@type\":\"ImageObject\",\"inLanguage\":\"de\",\"@id\":\"https:\/\/hubsch-interior.com\/de\/#\/schema\/logo\/image\/\",\"url\":\"https:\/\/hubsch-interior.com\/wp-content\/uploads\/2022\/12\/Hubsch_logo_black_one_line.svg\",\"contentUrl\":\"https:\/\/hubsch-interior.com\/wp-content\/uploads\/2022\/12\/Hubsch_logo_black_one_line.svg\",\"caption\":\"H\u00fcbsch\"},\"image\":{\"@id\":\"https:\/\/hubsch-interior.com\/de\/#\/schema\/logo\/image\/\"}}]}<\/script>\n<!-- \/ Yoast SEO plugin. -->","yoast_head_json":{"title":"Fresh Servierwagen \u00a0Multifarben - H\u00fcbsch","description":"Rollwagen f\u00fcr das B\u00fcro schaffen einen einladenden und inspirierenden Arbeitsplatz. In erster Linie m\u00fcssen die Gegenst\u00e4nde in Ihrem B\u00fcro funktional sein,","robots":{"index":"index","follow":"follow","max-snippet":"max-snippet:-1","max-image-preview":"max-image-preview:large","max-video-preview":"max-video-preview:-1"},"canonical":"https:\/\/hubsch-interior.com\/de\/wp-json\/wp\/v2\/product\/807604","og_locale":"de_DE","og_type":"article","og_title":"Fresh Servierwagen \u00a0Multifarben - H\u00fcbsch","og_description":"Rollwagen f\u00fcr das B\u00fcro schaffen einen einladenden und inspirierenden Arbeitsplatz. In erster Linie m\u00fcssen die Gegenst\u00e4nde in Ihrem B\u00fcro funktional sein,","og_url":"https:\/\/hubsch-interior.com\/de\/produkt\/fresh-servierwagen-multifarben\/","og_site_name":"H\u00fcbsch","article_modified_time":"2026-04-05T02:17:57+00:00","og_image":[{"width":1200,"height":1200,"url":"https:\/\/hubsch-interior.com\/wp-content\/uploads\/2023\/08\/fresh-trolley-khakiburgundy-60537486d1fbc1b8f90a72bbe4be2173.jpg","type":"image\/jpeg"}],"twitter_card":"summary_large_image","schema":{"@context":"https:\/\/schema.org","@graph":[{"@type":"WebPage","@id":"https:\/\/hubsch-interior.com\/de\/produkt\/fresh-servierwagen-multifarben\/","url":"https:\/\/hubsch-interior.com\/de\/produkt\/fresh-servierwagen-multifarben\/","name":"Fresh Servierwagen \u00a0Multifarben - H\u00fcbsch","isPartOf":{"@id":"https:\/\/hubsch-interior.com\/de\/#website"},"primaryImageOfPage":{"@id":"https:\/\/hubsch-interior.com\/de\/produkt\/fresh-servierwagen-multifarben\/#primaryimage"},"image":{"@id":"https:\/\/hubsch-interior.com\/de\/produkt\/fresh-servierwagen-multifarben\/#primaryimage"},"thumbnailUrl":"https:\/\/hubsch-interior.com\/wp-content\/uploads\/2026\/02\/fresh-trolley-multicolour-5ec02f2d9bdc19ac0ce70077af6e645c.jpg","datePublished":"2022-08-23T10:23:16+00:00","dateModified":"2026-04-05T02:17:57+00:00","description":"Rollwagen f\u00fcr das B\u00fcro schaffen einen einladenden und inspirierenden Arbeitsplatz. In erster Linie m\u00fcssen die Gegenst\u00e4nde in Ihrem B\u00fcro funktional sein,","breadcrumb":{"@id":"https:\/\/hubsch-interior.com\/de\/produkt\/fresh-servierwagen-multifarben\/#breadcrumb"},"inLanguage":"de","potentialAction":[{"@type":"ReadAction","target":["https:\/\/hubsch-interior.com\/de\/produkt\/fresh-servierwagen-multifarben\/"]}]},{"@type":"ImageObject","inLanguage":"de","@id":"https:\/\/hubsch-interior.com\/de\/produkt\/fresh-servierwagen-multifarben\/#primaryimage","url":"https:\/\/hubsch-interior.com\/wp-content\/uploads\/2026\/02\/fresh-trolley-multicolour-5ec02f2d9bdc19ac0ce70077af6e645c.jpg","contentUrl":"https:\/\/hubsch-interior.com\/wp-content\/uploads\/2026\/02\/fresh-trolley-multicolour-5ec02f2d9bdc19ac0ce70077af6e645c.jpg","width":1024,"height":1024},{"@type":"BreadcrumbList","@id":"https:\/\/hubsch-interior.com\/de\/produkt\/fresh-servierwagen-multifarben\/#breadcrumb","itemListElement":[{"@type":"ListItem","position":1,"name":"Startseite","item":"https:\/\/hubsch-interior.com\/de\/"},{"@type":"ListItem","position":2,"name":"Produkte","item":"https:\/\/hubsch-interior.com\/de\/shop-2\/"},{"@type":"ListItem","position":3,"name":"M\u00f6bel","item":"https:\/\/hubsch-interior.com\/de\/produkt-kategorie\/moebel\/"},{"@type":"ListItem","position":4,"name":"Tische","item":"https:\/\/hubsch-interior.com\/de\/produkt-kategorie\/moebel\/tische-de\/"},{"@type":"ListItem","position":5,"name":"Servierwagen","item":"https:\/\/hubsch-interior.com\/de\/produkt-kategorie\/moebel\/tische-de\/servierwagen-de\/"},{"@type":"ListItem","position":6,"name":"Fresh Servierwagen \u00a0Multifarben"}]},{"@type":"WebSite","@id":"https:\/\/hubsch-interior.com\/de\/#website","url":"https:\/\/hubsch-interior.com\/de\/","name":"H\u00fcbsch","description":"Danish Home Interior and Design","publisher":{"@id":"https:\/\/hubsch-interior.com\/de\/#organization"},"potentialAction":[{"@type":"SearchAction","target":{"@type":"EntryPoint","urlTemplate":"https:\/\/hubsch-interior.com\/de\/?s={search_term_string}"},"query-input":{"@type":"PropertyValueSpecification","valueRequired":true,"valueName":"search_term_string"}}],"inLanguage":"de"},{"@type":"Organization","@id":"https:\/\/hubsch-interior.com\/de\/#organization","name":"H\u00fcbsch","url":"https:\/\/hubsch-interior.com\/de\/","logo":{"@type":"ImageObject","inLanguage":"de","@id":"https:\/\/hubsch-interior.com\/de\/#\/schema\/logo\/image\/","url":"https:\/\/hubsch-interior.com\/wp-content\/uploads\/2022\/12\/Hubsch_logo_black_one_line.svg","contentUrl":"https:\/\/hubsch-interior.com\/wp-content\/uploads\/2022\/12\/Hubsch_logo_black_one_line.svg","caption":"H\u00fcbsch"},"image":{"@id":"https:\/\/hubsch-interior.com\/de\/#\/schema\/logo\/image\/"}}]}},"_links":{"self":[{"href":"https:\/\/hubsch-interior.com\/de\/wp-json\/wp\/v2\/product\/807604","targetHints":{"allow":["GET"]}}],"collection":[{"href":"https:\/\/hubsch-interior.com\/de\/wp-json\/wp\/v2\/product"}],"about":[{"href":"https:\/\/hubsch-interior.com\/de\/wp-json\/wp\/v2\/types\/product"}],"wp:featuredmedia":[{"embeddable":true,"href":"https:\/\/hubsch-interior.com\/de\/wp-json\/wp\/v2\/media\/1093064"}],"wp:attachment":[{"href":"https:\/\/hubsch-interior.com\/de\/wp-json\/wp\/v2\/media?parent=807604"}],"wp:term":[{"taxonomy":"product_brand","embeddable":true,"href":"https:\/\/hubsch-interior.com\/de\/wp-json\/wp\/v2\/product_brand?post=807604"},{"taxonomy":"product_cat","embeddable":true,"href":"https:\/\/hubsch-interior.com\/de\/wp-json\/wp\/v2\/product_cat?post=807604"},{"taxonomy":"product_tag","embeddable":true,"href":"https:\/\/hubsch-interior.com\/de\/wp-json\/wp\/v2\/product_tag?post=807604"}],"curies":[{"name":"wp","href":"https:\/\/api.w.org\/{rel}","templated":true}]}}