{"id":807629,"date":"2022-08-23T14:21:12","date_gmt":"2022-08-23T12:21:12","guid":{"rendered":"https:\/\/hubsch-interior.com\/product\/product\/"},"modified":"2026-04-09T04:17:46","modified_gmt":"2026-04-09T02:17:46","slug":"smile-hocker-hellgrun-orange","status":"publish","type":"product","link":"https:\/\/hubsch-interior.com\/de\/produkt\/smile-hocker-hellgrun-orange\/","title":{"rendered":"Smile Hocker Hellgr\u00fcn\/Orange"},"content":{"rendered":"<p>Wir haben diesen Hocker aus mehreren Gr\u00fcnden Smile genannt! Schauen Sie ihn sich einmal genau an: Die Farbkombination aus Orange und Hellgr\u00fcn \u2013 wir k\u00f6nnen uns ein L\u00e4cheln nicht verkneifen. Und dann achten Sie mal auf die orangefarbenen Metallbeine mit den gebogenen F\u00fc\u00dfen: Da kann man sich schon fast einen hochgezogenen Mundwinkel vorstellen, oder? Wie sieht es bei Ihnen aus? Weckt dieser Hocker auch bei Ihnen Freude? L\u00e4cheln Sie weiter! Der Hocker ist stapelbar und die Sitzfl\u00e4che ist aus FSC\u00ae-zertifiziertem Holz gefertigt.<\/p>\n","protected":false},"excerpt":{"rendered":"<p>Wir haben diesen Hocker aus mehreren Gr\u00fcnden Smile genannt! Schauen Sie ihn sich einmal genau an: Die Farbkombination aus Orange und Hellgr\u00fcn \u2013 wir k\u00f6nnen uns ein L\u00e4cheln nicht verkneifen. Und dann achten Sie mal auf die orangefarbenen Metallbeine mit den gebogenen F\u00fc\u00dfen: Da kann man sich schon fast einen hochgezogenen Mundwinkel vorstellen, oder? Wie [&hellip;]<\/p>\n","protected":false},"featured_media":1092948,"template":"","meta":{"_acf_changed":false,"inline_featured_image":false},"product_brand":[],"product_cat":[6380,6323,2845,3042,5027],"product_tag":[],"class_list":{"0":"post-807629","1":"product","2":"type-product","3":"status-publish","4":"has-post-thumbnail","6":"product_cat-always-a-twist-de","7":"product_cat-fsc-de","8":"product_cat-sitzmoebel-de","9":"product_cat-hocker-de","10":"product_cat-bestsellers-de","11":"product_shipping_class-pk","13":"pa_color-orange-de","14":"pa_color-hellgrn-2","15":"pa_material-mdf-de","16":"pa_material-eschenholz","17":"pa_material-stahl","19":"first","20":"instock","21":"featured","22":"taxable","23":"shipping-taxable","24":"purchasable","25":"product-type-simple"},"exclude_global_add_ons":[],"addons":[],"acf":[],"yoast_head":"<!-- This site is optimized with the Yoast SEO plugin v26.4 - https:\/\/yoast.com\/wordpress\/plugins\/seo\/ -->\n<title>Smile Hocker Hellgr\u00fcn\/Orange - H\u00fcbsch<\/title>\n<meta name=\"description\" content=\"Wir haben diesen Hocker aus mehreren Gr\u00fcnden Smile genannt! Schauen Sie ihn sich einmal genau an: Die Farbkombination aus Orange und Hellgr\u00fcn \u2013 wir k\u00f6nnen\" \/>\n<meta name=\"robots\" content=\"index, follow, max-snippet:-1, max-image-preview:large, max-video-preview:-1\" \/>\n<link rel=\"canonical\" href=\"https:\/\/hubsch-interior.com\/de\/wp-json\/wp\/v2\/product\/807629\" \/>\n<meta property=\"og:locale\" content=\"de_DE\" \/>\n<meta property=\"og:type\" content=\"article\" \/>\n<meta property=\"og:title\" content=\"Smile Hocker Hellgr\u00fcn\/Orange - H\u00fcbsch\" \/>\n<meta property=\"og:description\" content=\"Wir haben diesen Hocker aus mehreren Gr\u00fcnden Smile genannt! Schauen Sie ihn sich einmal genau an: Die Farbkombination aus Orange und Hellgr\u00fcn \u2013 wir k\u00f6nnen\" \/>\n<meta property=\"og:url\" content=\"https:\/\/hubsch-interior.com\/de\/produkt\/smile-hocker-hellgrun-orange\/\" \/>\n<meta property=\"og:site_name\" content=\"H\u00fcbsch\" \/>\n<meta property=\"article:modified_time\" content=\"2026-04-09T02:17:46+00:00\" \/>\n<meta property=\"og:image\" content=\"https:\/\/hubsch-interior.com\/wp-content\/uploads\/2025\/05\/smile-stool-light-greenorange-60fb2d10e534daff715262c029106362.jpg\" \/>\n\t<meta property=\"og:image:width\" content=\"1200\" \/>\n\t<meta property=\"og:image:height\" content=\"1200\" \/>\n\t<meta property=\"og:image:type\" content=\"image\/jpeg\" \/>\n<meta name=\"twitter:card\" content=\"summary_large_image\" \/>\n<script type=\"application\/ld+json\" class=\"yoast-schema-graph\">{\"@context\":\"https:\/\/schema.org\",\"@graph\":[{\"@type\":\"WebPage\",\"@id\":\"https:\/\/hubsch-interior.com\/de\/produkt\/smile-hocker-hellgrun-orange\/\",\"url\":\"https:\/\/hubsch-interior.com\/de\/produkt\/smile-hocker-hellgrun-orange\/\",\"name\":\"Smile Hocker Hellgr\u00fcn\/Orange - H\u00fcbsch\",\"isPartOf\":{\"@id\":\"https:\/\/hubsch-interior.com\/de\/#website\"},\"primaryImageOfPage\":{\"@id\":\"https:\/\/hubsch-interior.com\/de\/produkt\/smile-hocker-hellgrun-orange\/#primaryimage\"},\"image\":{\"@id\":\"https:\/\/hubsch-interior.com\/de\/produkt\/smile-hocker-hellgrun-orange\/#primaryimage\"},\"thumbnailUrl\":\"https:\/\/hubsch-interior.com\/wp-content\/uploads\/2026\/02\/smile-stool-light-greenorange-7ad560a49140b4c2b365171b2ec953da.jpg\",\"datePublished\":\"2022-08-23T12:21:12+00:00\",\"dateModified\":\"2026-04-09T02:17:46+00:00\",\"description\":\"Wir haben diesen Hocker aus mehreren Gr\u00fcnden Smile genannt! Schauen Sie ihn sich einmal genau an: Die Farbkombination aus Orange und Hellgr\u00fcn \u2013 wir k\u00f6nnen\",\"breadcrumb\":{\"@id\":\"https:\/\/hubsch-interior.com\/de\/produkt\/smile-hocker-hellgrun-orange\/#breadcrumb\"},\"inLanguage\":\"de\",\"potentialAction\":[{\"@type\":\"ReadAction\",\"target\":[\"https:\/\/hubsch-interior.com\/de\/produkt\/smile-hocker-hellgrun-orange\/\"]}]},{\"@type\":\"ImageObject\",\"inLanguage\":\"de\",\"@id\":\"https:\/\/hubsch-interior.com\/de\/produkt\/smile-hocker-hellgrun-orange\/#primaryimage\",\"url\":\"https:\/\/hubsch-interior.com\/wp-content\/uploads\/2026\/02\/smile-stool-light-greenorange-7ad560a49140b4c2b365171b2ec953da.jpg\",\"contentUrl\":\"https:\/\/hubsch-interior.com\/wp-content\/uploads\/2026\/02\/smile-stool-light-greenorange-7ad560a49140b4c2b365171b2ec953da.jpg\",\"width\":1024,\"height\":1024},{\"@type\":\"BreadcrumbList\",\"@id\":\"https:\/\/hubsch-interior.com\/de\/produkt\/smile-hocker-hellgrun-orange\/#breadcrumb\",\"itemListElement\":[{\"@type\":\"ListItem\",\"position\":1,\"name\":\"Startseite\",\"item\":\"https:\/\/hubsch-interior.com\/de\/\"},{\"@type\":\"ListItem\",\"position\":2,\"name\":\"Produkte\",\"item\":\"https:\/\/hubsch-interior.com\/de\/shop-2\/\"},{\"@type\":\"ListItem\",\"position\":3,\"name\":\"M\u00f6bel\",\"item\":\"https:\/\/hubsch-interior.com\/de\/produkt-kategorie\/moebel\/\"},{\"@type\":\"ListItem\",\"position\":4,\"name\":\"Sitzm&ouml;bel\",\"item\":\"https:\/\/hubsch-interior.com\/de\/produkt-kategorie\/moebel\/sitzmoebel-de\/\"},{\"@type\":\"ListItem\",\"position\":5,\"name\":\"Hocker\",\"item\":\"https:\/\/hubsch-interior.com\/de\/produkt-kategorie\/moebel\/sitzmoebel-de\/hocker-de\/\"},{\"@type\":\"ListItem\",\"position\":6,\"name\":\"Smile Hocker Hellgr\u00fcn\/Orange\"}]},{\"@type\":\"WebSite\",\"@id\":\"https:\/\/hubsch-interior.com\/de\/#website\",\"url\":\"https:\/\/hubsch-interior.com\/de\/\",\"name\":\"H\u00fcbsch\",\"description\":\"Danish Home Interior and Design\",\"publisher\":{\"@id\":\"https:\/\/hubsch-interior.com\/de\/#organization\"},\"potentialAction\":[{\"@type\":\"SearchAction\",\"target\":{\"@type\":\"EntryPoint\",\"urlTemplate\":\"https:\/\/hubsch-interior.com\/de\/?s={search_term_string}\"},\"query-input\":{\"@type\":\"PropertyValueSpecification\",\"valueRequired\":true,\"valueName\":\"search_term_string\"}}],\"inLanguage\":\"de\"},{\"@type\":\"Organization\",\"@id\":\"https:\/\/hubsch-interior.com\/de\/#organization\",\"name\":\"H\u00fcbsch\",\"url\":\"https:\/\/hubsch-interior.com\/de\/\",\"logo\":{\"@type\":\"ImageObject\",\"inLanguage\":\"de\",\"@id\":\"https:\/\/hubsch-interior.com\/de\/#\/schema\/logo\/image\/\",\"url\":\"https:\/\/hubsch-interior.com\/wp-content\/uploads\/2022\/12\/Hubsch_logo_black_one_line.svg\",\"contentUrl\":\"https:\/\/hubsch-interior.com\/wp-content\/uploads\/2022\/12\/Hubsch_logo_black_one_line.svg\",\"caption\":\"H\u00fcbsch\"},\"image\":{\"@id\":\"https:\/\/hubsch-interior.com\/de\/#\/schema\/logo\/image\/\"}}]}<\/script>\n<!-- \/ Yoast SEO plugin. -->","yoast_head_json":{"title":"Smile Hocker Hellgr\u00fcn\/Orange - H\u00fcbsch","description":"Wir haben diesen Hocker aus mehreren Gr\u00fcnden Smile genannt! Schauen Sie ihn sich einmal genau an: Die Farbkombination aus Orange und Hellgr\u00fcn \u2013 wir k\u00f6nnen","robots":{"index":"index","follow":"follow","max-snippet":"max-snippet:-1","max-image-preview":"max-image-preview:large","max-video-preview":"max-video-preview:-1"},"canonical":"https:\/\/hubsch-interior.com\/de\/wp-json\/wp\/v2\/product\/807629","og_locale":"de_DE","og_type":"article","og_title":"Smile Hocker Hellgr\u00fcn\/Orange - H\u00fcbsch","og_description":"Wir haben diesen Hocker aus mehreren Gr\u00fcnden Smile genannt! Schauen Sie ihn sich einmal genau an: Die Farbkombination aus Orange und Hellgr\u00fcn \u2013 wir k\u00f6nnen","og_url":"https:\/\/hubsch-interior.com\/de\/produkt\/smile-hocker-hellgrun-orange\/","og_site_name":"H\u00fcbsch","article_modified_time":"2026-04-09T02:17:46+00:00","og_image":[{"width":1200,"height":1200,"url":"https:\/\/hubsch-interior.com\/wp-content\/uploads\/2025\/05\/smile-stool-light-greenorange-60fb2d10e534daff715262c029106362.jpg","type":"image\/jpeg"}],"twitter_card":"summary_large_image","schema":{"@context":"https:\/\/schema.org","@graph":[{"@type":"WebPage","@id":"https:\/\/hubsch-interior.com\/de\/produkt\/smile-hocker-hellgrun-orange\/","url":"https:\/\/hubsch-interior.com\/de\/produkt\/smile-hocker-hellgrun-orange\/","name":"Smile Hocker Hellgr\u00fcn\/Orange - H\u00fcbsch","isPartOf":{"@id":"https:\/\/hubsch-interior.com\/de\/#website"},"primaryImageOfPage":{"@id":"https:\/\/hubsch-interior.com\/de\/produkt\/smile-hocker-hellgrun-orange\/#primaryimage"},"image":{"@id":"https:\/\/hubsch-interior.com\/de\/produkt\/smile-hocker-hellgrun-orange\/#primaryimage"},"thumbnailUrl":"https:\/\/hubsch-interior.com\/wp-content\/uploads\/2026\/02\/smile-stool-light-greenorange-7ad560a49140b4c2b365171b2ec953da.jpg","datePublished":"2022-08-23T12:21:12+00:00","dateModified":"2026-04-09T02:17:46+00:00","description":"Wir haben diesen Hocker aus mehreren Gr\u00fcnden Smile genannt! Schauen Sie ihn sich einmal genau an: Die Farbkombination aus Orange und Hellgr\u00fcn \u2013 wir k\u00f6nnen","breadcrumb":{"@id":"https:\/\/hubsch-interior.com\/de\/produkt\/smile-hocker-hellgrun-orange\/#breadcrumb"},"inLanguage":"de","potentialAction":[{"@type":"ReadAction","target":["https:\/\/hubsch-interior.com\/de\/produkt\/smile-hocker-hellgrun-orange\/"]}]},{"@type":"ImageObject","inLanguage":"de","@id":"https:\/\/hubsch-interior.com\/de\/produkt\/smile-hocker-hellgrun-orange\/#primaryimage","url":"https:\/\/hubsch-interior.com\/wp-content\/uploads\/2026\/02\/smile-stool-light-greenorange-7ad560a49140b4c2b365171b2ec953da.jpg","contentUrl":"https:\/\/hubsch-interior.com\/wp-content\/uploads\/2026\/02\/smile-stool-light-greenorange-7ad560a49140b4c2b365171b2ec953da.jpg","width":1024,"height":1024},{"@type":"BreadcrumbList","@id":"https:\/\/hubsch-interior.com\/de\/produkt\/smile-hocker-hellgrun-orange\/#breadcrumb","itemListElement":[{"@type":"ListItem","position":1,"name":"Startseite","item":"https:\/\/hubsch-interior.com\/de\/"},{"@type":"ListItem","position":2,"name":"Produkte","item":"https:\/\/hubsch-interior.com\/de\/shop-2\/"},{"@type":"ListItem","position":3,"name":"M\u00f6bel","item":"https:\/\/hubsch-interior.com\/de\/produkt-kategorie\/moebel\/"},{"@type":"ListItem","position":4,"name":"Sitzm&ouml;bel","item":"https:\/\/hubsch-interior.com\/de\/produkt-kategorie\/moebel\/sitzmoebel-de\/"},{"@type":"ListItem","position":5,"name":"Hocker","item":"https:\/\/hubsch-interior.com\/de\/produkt-kategorie\/moebel\/sitzmoebel-de\/hocker-de\/"},{"@type":"ListItem","position":6,"name":"Smile Hocker Hellgr\u00fcn\/Orange"}]},{"@type":"WebSite","@id":"https:\/\/hubsch-interior.com\/de\/#website","url":"https:\/\/hubsch-interior.com\/de\/","name":"H\u00fcbsch","description":"Danish Home Interior and Design","publisher":{"@id":"https:\/\/hubsch-interior.com\/de\/#organization"},"potentialAction":[{"@type":"SearchAction","target":{"@type":"EntryPoint","urlTemplate":"https:\/\/hubsch-interior.com\/de\/?s={search_term_string}"},"query-input":{"@type":"PropertyValueSpecification","valueRequired":true,"valueName":"search_term_string"}}],"inLanguage":"de"},{"@type":"Organization","@id":"https:\/\/hubsch-interior.com\/de\/#organization","name":"H\u00fcbsch","url":"https:\/\/hubsch-interior.com\/de\/","logo":{"@type":"ImageObject","inLanguage":"de","@id":"https:\/\/hubsch-interior.com\/de\/#\/schema\/logo\/image\/","url":"https:\/\/hubsch-interior.com\/wp-content\/uploads\/2022\/12\/Hubsch_logo_black_one_line.svg","contentUrl":"https:\/\/hubsch-interior.com\/wp-content\/uploads\/2022\/12\/Hubsch_logo_black_one_line.svg","caption":"H\u00fcbsch"},"image":{"@id":"https:\/\/hubsch-interior.com\/de\/#\/schema\/logo\/image\/"}}]}},"_links":{"self":[{"href":"https:\/\/hubsch-interior.com\/de\/wp-json\/wp\/v2\/product\/807629","targetHints":{"allow":["GET"]}}],"collection":[{"href":"https:\/\/hubsch-interior.com\/de\/wp-json\/wp\/v2\/product"}],"about":[{"href":"https:\/\/hubsch-interior.com\/de\/wp-json\/wp\/v2\/types\/product"}],"wp:featuredmedia":[{"embeddable":true,"href":"https:\/\/hubsch-interior.com\/de\/wp-json\/wp\/v2\/media\/1092948"}],"wp:attachment":[{"href":"https:\/\/hubsch-interior.com\/de\/wp-json\/wp\/v2\/media?parent=807629"}],"wp:term":[{"taxonomy":"product_brand","embeddable":true,"href":"https:\/\/hubsch-interior.com\/de\/wp-json\/wp\/v2\/product_brand?post=807629"},{"taxonomy":"product_cat","embeddable":true,"href":"https:\/\/hubsch-interior.com\/de\/wp-json\/wp\/v2\/product_cat?post=807629"},{"taxonomy":"product_tag","embeddable":true,"href":"https:\/\/hubsch-interior.com\/de\/wp-json\/wp\/v2\/product_tag?post=807629"}],"curies":[{"name":"wp","href":"https:\/\/api.w.org\/{rel}","templated":true}]}}