{"id":807677,"date":"2022-08-23T14:21:36","date_gmt":"2022-08-23T12:21:36","guid":{"rendered":"https:\/\/hubsch-interior.com\/product\/product\/"},"modified":"2026-04-09T04:17:49","modified_gmt":"2026-04-09T02:17:49","slug":"smile-hocker-burgundy-grun","status":"publish","type":"product","link":"https:\/\/hubsch-interior.com\/de\/produkt\/smile-hocker-burgundy-grun\/","title":{"rendered":"Smile Hocker Burgundy\/Gr\u00fcn"},"content":{"rendered":"<p>Wir haben diesen Hocker aus mehreren Gr\u00fcnden Smile genannt! Schauen Sie ihn sich einmal genau an: Die Farbkombination aus Burgunderrot und Gr\u00fcn \u2013 wir k\u00f6nnen uns ein L\u00e4cheln nicht verkneifen. Und dann achten Sie mal auf die orangefarbenen Metallbeine mit den gebogenen F\u00fc\u00dfen: Da kann man sich schon fast einen hochgezogenen Mundwinkel vorstellen, oder? Wie sieht es bei Ihnen aus? Weckt dieser Hocker auch bei Ihnen Freude? L\u00e4cheln Sie weiter! Der Hocker ist stapelbar und die Sitzfl\u00e4che ist aus FSC\u00ae-zertifiziertem Holz gefertigt.<\/p>\n","protected":false},"excerpt":{"rendered":"<p>Wir haben diesen Hocker aus mehreren Gr\u00fcnden Smile genannt! Schauen Sie ihn sich einmal genau an: Die Farbkombination aus Burgunderrot und Gr\u00fcn \u2013 wir k\u00f6nnen uns ein L\u00e4cheln nicht verkneifen. Und dann achten Sie mal auf die orangefarbenen Metallbeine mit den gebogenen F\u00fc\u00dfen: Da kann man sich schon fast einen hochgezogenen Mundwinkel vorstellen, oder? Wie [&hellip;]<\/p>\n","protected":false},"featured_media":1092968,"template":"","meta":{"_acf_changed":false,"inline_featured_image":false},"product_brand":[],"product_cat":[6380,6323,2845,3042],"product_tag":[],"class_list":{"0":"post-807677","1":"product","2":"type-product","3":"status-publish","4":"has-post-thumbnail","6":"product_cat-always-a-twist-de","7":"product_cat-fsc-de","8":"product_cat-sitzmoebel-de","9":"product_cat-hocker-de","10":"product_shipping_class-pk","12":"pa_color-burgundy-de","13":"pa_color-grn-2","14":"pa_material-mdf-de","15":"pa_material-eschenholz","16":"pa_material-stahl","18":"first","19":"instock","20":"taxable","21":"shipping-taxable","22":"purchasable","23":"product-type-simple"},"exclude_global_add_ons":[],"addons":[],"acf":[],"yoast_head":"<!-- This site is optimized with the Yoast SEO plugin v26.4 - https:\/\/yoast.com\/wordpress\/plugins\/seo\/ -->\n<title>Smile Hocker Burgundy\/Gr\u00fcn - H\u00fcbsch<\/title>\n<meta name=\"description\" content=\"Wir haben diesen Hocker aus mehreren Gr\u00fcnden Smile genannt! Schauen Sie ihn sich einmal genau an: Die Farbkombination aus Burgunderrot und Gr\u00fcn \u2013 wir\" \/>\n<meta name=\"robots\" content=\"index, follow, max-snippet:-1, max-image-preview:large, max-video-preview:-1\" \/>\n<link rel=\"canonical\" href=\"https:\/\/hubsch-interior.com\/de\/wp-json\/wp\/v2\/product\/807677\" \/>\n<meta property=\"og:locale\" content=\"de_DE\" \/>\n<meta property=\"og:type\" content=\"article\" \/>\n<meta property=\"og:title\" content=\"Smile Hocker Burgundy\/Gr\u00fcn - H\u00fcbsch\" \/>\n<meta property=\"og:description\" content=\"Wir haben diesen Hocker aus mehreren Gr\u00fcnden Smile genannt! Schauen Sie ihn sich einmal genau an: Die Farbkombination aus Burgunderrot und Gr\u00fcn \u2013 wir\" \/>\n<meta property=\"og:url\" content=\"https:\/\/hubsch-interior.com\/de\/produkt\/smile-hocker-burgundy-grun\/\" \/>\n<meta property=\"og:site_name\" content=\"H\u00fcbsch\" \/>\n<meta property=\"article:modified_time\" content=\"2026-04-09T02:17:49+00:00\" \/>\n<meta property=\"og:image\" content=\"https:\/\/hubsch-interior.com\/wp-content\/uploads\/2025\/05\/smile-stool-burgundygreen-2981c620b4dd1b040ec720df0b3c6a1a.jpg\" \/>\n\t<meta property=\"og:image:width\" content=\"1200\" \/>\n\t<meta property=\"og:image:height\" content=\"1200\" \/>\n\t<meta property=\"og:image:type\" content=\"image\/jpeg\" \/>\n<meta name=\"twitter:card\" content=\"summary_large_image\" \/>\n<script type=\"application\/ld+json\" class=\"yoast-schema-graph\">{\"@context\":\"https:\/\/schema.org\",\"@graph\":[{\"@type\":\"WebPage\",\"@id\":\"https:\/\/hubsch-interior.com\/de\/produkt\/smile-hocker-burgundy-grun\/\",\"url\":\"https:\/\/hubsch-interior.com\/de\/produkt\/smile-hocker-burgundy-grun\/\",\"name\":\"Smile Hocker Burgundy\/Gr\u00fcn - H\u00fcbsch\",\"isPartOf\":{\"@id\":\"https:\/\/hubsch-interior.com\/de\/#website\"},\"primaryImageOfPage\":{\"@id\":\"https:\/\/hubsch-interior.com\/de\/produkt\/smile-hocker-burgundy-grun\/#primaryimage\"},\"image\":{\"@id\":\"https:\/\/hubsch-interior.com\/de\/produkt\/smile-hocker-burgundy-grun\/#primaryimage\"},\"thumbnailUrl\":\"https:\/\/hubsch-interior.com\/wp-content\/uploads\/2026\/02\/smile-stool-burgundygreen-7acc9faa391b2808d5bdb03a593aadf0.jpg\",\"datePublished\":\"2022-08-23T12:21:36+00:00\",\"dateModified\":\"2026-04-09T02:17:49+00:00\",\"description\":\"Wir haben diesen Hocker aus mehreren Gr\u00fcnden Smile genannt! Schauen Sie ihn sich einmal genau an: Die Farbkombination aus Burgunderrot und Gr\u00fcn \u2013 wir\",\"breadcrumb\":{\"@id\":\"https:\/\/hubsch-interior.com\/de\/produkt\/smile-hocker-burgundy-grun\/#breadcrumb\"},\"inLanguage\":\"de\",\"potentialAction\":[{\"@type\":\"ReadAction\",\"target\":[\"https:\/\/hubsch-interior.com\/de\/produkt\/smile-hocker-burgundy-grun\/\"]}]},{\"@type\":\"ImageObject\",\"inLanguage\":\"de\",\"@id\":\"https:\/\/hubsch-interior.com\/de\/produkt\/smile-hocker-burgundy-grun\/#primaryimage\",\"url\":\"https:\/\/hubsch-interior.com\/wp-content\/uploads\/2026\/02\/smile-stool-burgundygreen-7acc9faa391b2808d5bdb03a593aadf0.jpg\",\"contentUrl\":\"https:\/\/hubsch-interior.com\/wp-content\/uploads\/2026\/02\/smile-stool-burgundygreen-7acc9faa391b2808d5bdb03a593aadf0.jpg\",\"width\":1024,\"height\":1024},{\"@type\":\"BreadcrumbList\",\"@id\":\"https:\/\/hubsch-interior.com\/de\/produkt\/smile-hocker-burgundy-grun\/#breadcrumb\",\"itemListElement\":[{\"@type\":\"ListItem\",\"position\":1,\"name\":\"Startseite\",\"item\":\"https:\/\/hubsch-interior.com\/de\/\"},{\"@type\":\"ListItem\",\"position\":2,\"name\":\"Produkte\",\"item\":\"https:\/\/hubsch-interior.com\/de\/shop-2\/\"},{\"@type\":\"ListItem\",\"position\":3,\"name\":\"M\u00f6bel\",\"item\":\"https:\/\/hubsch-interior.com\/de\/produkt-kategorie\/moebel\/\"},{\"@type\":\"ListItem\",\"position\":4,\"name\":\"Sitzm&ouml;bel\",\"item\":\"https:\/\/hubsch-interior.com\/de\/produkt-kategorie\/moebel\/sitzmoebel-de\/\"},{\"@type\":\"ListItem\",\"position\":5,\"name\":\"Hocker\",\"item\":\"https:\/\/hubsch-interior.com\/de\/produkt-kategorie\/moebel\/sitzmoebel-de\/hocker-de\/\"},{\"@type\":\"ListItem\",\"position\":6,\"name\":\"Smile Hocker Burgundy\/Gr\u00fcn\"}]},{\"@type\":\"WebSite\",\"@id\":\"https:\/\/hubsch-interior.com\/de\/#website\",\"url\":\"https:\/\/hubsch-interior.com\/de\/\",\"name\":\"H\u00fcbsch\",\"description\":\"Danish Home Interior and Design\",\"publisher\":{\"@id\":\"https:\/\/hubsch-interior.com\/de\/#organization\"},\"potentialAction\":[{\"@type\":\"SearchAction\",\"target\":{\"@type\":\"EntryPoint\",\"urlTemplate\":\"https:\/\/hubsch-interior.com\/de\/?s={search_term_string}\"},\"query-input\":{\"@type\":\"PropertyValueSpecification\",\"valueRequired\":true,\"valueName\":\"search_term_string\"}}],\"inLanguage\":\"de\"},{\"@type\":\"Organization\",\"@id\":\"https:\/\/hubsch-interior.com\/de\/#organization\",\"name\":\"H\u00fcbsch\",\"url\":\"https:\/\/hubsch-interior.com\/de\/\",\"logo\":{\"@type\":\"ImageObject\",\"inLanguage\":\"de\",\"@id\":\"https:\/\/hubsch-interior.com\/de\/#\/schema\/logo\/image\/\",\"url\":\"https:\/\/hubsch-interior.com\/wp-content\/uploads\/2022\/12\/Hubsch_logo_black_one_line.svg\",\"contentUrl\":\"https:\/\/hubsch-interior.com\/wp-content\/uploads\/2022\/12\/Hubsch_logo_black_one_line.svg\",\"caption\":\"H\u00fcbsch\"},\"image\":{\"@id\":\"https:\/\/hubsch-interior.com\/de\/#\/schema\/logo\/image\/\"}}]}<\/script>\n<!-- \/ Yoast SEO plugin. -->","yoast_head_json":{"title":"Smile Hocker Burgundy\/Gr\u00fcn - H\u00fcbsch","description":"Wir haben diesen Hocker aus mehreren Gr\u00fcnden Smile genannt! Schauen Sie ihn sich einmal genau an: Die Farbkombination aus Burgunderrot und Gr\u00fcn \u2013 wir","robots":{"index":"index","follow":"follow","max-snippet":"max-snippet:-1","max-image-preview":"max-image-preview:large","max-video-preview":"max-video-preview:-1"},"canonical":"https:\/\/hubsch-interior.com\/de\/wp-json\/wp\/v2\/product\/807677","og_locale":"de_DE","og_type":"article","og_title":"Smile Hocker Burgundy\/Gr\u00fcn - H\u00fcbsch","og_description":"Wir haben diesen Hocker aus mehreren Gr\u00fcnden Smile genannt! Schauen Sie ihn sich einmal genau an: Die Farbkombination aus Burgunderrot und Gr\u00fcn \u2013 wir","og_url":"https:\/\/hubsch-interior.com\/de\/produkt\/smile-hocker-burgundy-grun\/","og_site_name":"H\u00fcbsch","article_modified_time":"2026-04-09T02:17:49+00:00","og_image":[{"width":1200,"height":1200,"url":"https:\/\/hubsch-interior.com\/wp-content\/uploads\/2025\/05\/smile-stool-burgundygreen-2981c620b4dd1b040ec720df0b3c6a1a.jpg","type":"image\/jpeg"}],"twitter_card":"summary_large_image","schema":{"@context":"https:\/\/schema.org","@graph":[{"@type":"WebPage","@id":"https:\/\/hubsch-interior.com\/de\/produkt\/smile-hocker-burgundy-grun\/","url":"https:\/\/hubsch-interior.com\/de\/produkt\/smile-hocker-burgundy-grun\/","name":"Smile Hocker Burgundy\/Gr\u00fcn - H\u00fcbsch","isPartOf":{"@id":"https:\/\/hubsch-interior.com\/de\/#website"},"primaryImageOfPage":{"@id":"https:\/\/hubsch-interior.com\/de\/produkt\/smile-hocker-burgundy-grun\/#primaryimage"},"image":{"@id":"https:\/\/hubsch-interior.com\/de\/produkt\/smile-hocker-burgundy-grun\/#primaryimage"},"thumbnailUrl":"https:\/\/hubsch-interior.com\/wp-content\/uploads\/2026\/02\/smile-stool-burgundygreen-7acc9faa391b2808d5bdb03a593aadf0.jpg","datePublished":"2022-08-23T12:21:36+00:00","dateModified":"2026-04-09T02:17:49+00:00","description":"Wir haben diesen Hocker aus mehreren Gr\u00fcnden Smile genannt! Schauen Sie ihn sich einmal genau an: Die Farbkombination aus Burgunderrot und Gr\u00fcn \u2013 wir","breadcrumb":{"@id":"https:\/\/hubsch-interior.com\/de\/produkt\/smile-hocker-burgundy-grun\/#breadcrumb"},"inLanguage":"de","potentialAction":[{"@type":"ReadAction","target":["https:\/\/hubsch-interior.com\/de\/produkt\/smile-hocker-burgundy-grun\/"]}]},{"@type":"ImageObject","inLanguage":"de","@id":"https:\/\/hubsch-interior.com\/de\/produkt\/smile-hocker-burgundy-grun\/#primaryimage","url":"https:\/\/hubsch-interior.com\/wp-content\/uploads\/2026\/02\/smile-stool-burgundygreen-7acc9faa391b2808d5bdb03a593aadf0.jpg","contentUrl":"https:\/\/hubsch-interior.com\/wp-content\/uploads\/2026\/02\/smile-stool-burgundygreen-7acc9faa391b2808d5bdb03a593aadf0.jpg","width":1024,"height":1024},{"@type":"BreadcrumbList","@id":"https:\/\/hubsch-interior.com\/de\/produkt\/smile-hocker-burgundy-grun\/#breadcrumb","itemListElement":[{"@type":"ListItem","position":1,"name":"Startseite","item":"https:\/\/hubsch-interior.com\/de\/"},{"@type":"ListItem","position":2,"name":"Produkte","item":"https:\/\/hubsch-interior.com\/de\/shop-2\/"},{"@type":"ListItem","position":3,"name":"M\u00f6bel","item":"https:\/\/hubsch-interior.com\/de\/produkt-kategorie\/moebel\/"},{"@type":"ListItem","position":4,"name":"Sitzm&ouml;bel","item":"https:\/\/hubsch-interior.com\/de\/produkt-kategorie\/moebel\/sitzmoebel-de\/"},{"@type":"ListItem","position":5,"name":"Hocker","item":"https:\/\/hubsch-interior.com\/de\/produkt-kategorie\/moebel\/sitzmoebel-de\/hocker-de\/"},{"@type":"ListItem","position":6,"name":"Smile Hocker Burgundy\/Gr\u00fcn"}]},{"@type":"WebSite","@id":"https:\/\/hubsch-interior.com\/de\/#website","url":"https:\/\/hubsch-interior.com\/de\/","name":"H\u00fcbsch","description":"Danish Home Interior and Design","publisher":{"@id":"https:\/\/hubsch-interior.com\/de\/#organization"},"potentialAction":[{"@type":"SearchAction","target":{"@type":"EntryPoint","urlTemplate":"https:\/\/hubsch-interior.com\/de\/?s={search_term_string}"},"query-input":{"@type":"PropertyValueSpecification","valueRequired":true,"valueName":"search_term_string"}}],"inLanguage":"de"},{"@type":"Organization","@id":"https:\/\/hubsch-interior.com\/de\/#organization","name":"H\u00fcbsch","url":"https:\/\/hubsch-interior.com\/de\/","logo":{"@type":"ImageObject","inLanguage":"de","@id":"https:\/\/hubsch-interior.com\/de\/#\/schema\/logo\/image\/","url":"https:\/\/hubsch-interior.com\/wp-content\/uploads\/2022\/12\/Hubsch_logo_black_one_line.svg","contentUrl":"https:\/\/hubsch-interior.com\/wp-content\/uploads\/2022\/12\/Hubsch_logo_black_one_line.svg","caption":"H\u00fcbsch"},"image":{"@id":"https:\/\/hubsch-interior.com\/de\/#\/schema\/logo\/image\/"}}]}},"_links":{"self":[{"href":"https:\/\/hubsch-interior.com\/de\/wp-json\/wp\/v2\/product\/807677","targetHints":{"allow":["GET"]}}],"collection":[{"href":"https:\/\/hubsch-interior.com\/de\/wp-json\/wp\/v2\/product"}],"about":[{"href":"https:\/\/hubsch-interior.com\/de\/wp-json\/wp\/v2\/types\/product"}],"wp:featuredmedia":[{"embeddable":true,"href":"https:\/\/hubsch-interior.com\/de\/wp-json\/wp\/v2\/media\/1092968"}],"wp:attachment":[{"href":"https:\/\/hubsch-interior.com\/de\/wp-json\/wp\/v2\/media?parent=807677"}],"wp:term":[{"taxonomy":"product_brand","embeddable":true,"href":"https:\/\/hubsch-interior.com\/de\/wp-json\/wp\/v2\/product_brand?post=807677"},{"taxonomy":"product_cat","embeddable":true,"href":"https:\/\/hubsch-interior.com\/de\/wp-json\/wp\/v2\/product_cat?post=807677"},{"taxonomy":"product_tag","embeddable":true,"href":"https:\/\/hubsch-interior.com\/de\/wp-json\/wp\/v2\/product_tag?post=807677"}],"curies":[{"name":"wp","href":"https:\/\/api.w.org\/{rel}","templated":true}]}}