{"id":807709,"date":"2022-08-23T14:22:24","date_gmt":"2022-08-23T12:22:24","guid":{"rendered":"https:\/\/hubsch-interior.com\/product\/product\/"},"modified":"2026-04-09T04:17:54","modified_gmt":"2026-04-09T02:17:54","slug":"smile-hocker-lavendel-khaki","status":"publish","type":"product","link":"https:\/\/hubsch-interior.com\/de\/produkt\/smile-hocker-lavendel-khaki\/","title":{"rendered":"Smile Hocker Lavendel\/Khaki"},"content":{"rendered":"<p>Wir haben diesen Hocker aus mehreren Gr\u00fcnden Smile genannt! Schauen Sie ihn sich einmal genau an: Die Farbkombination \u2013 wir k\u00f6nnen uns ein L\u00e4cheln nicht verkneifen. Und dann achten Sie mal auf die Metallbeine mit den gebogenen F\u00fc\u00dfen: Da kann man sich schon fast einen hochgezogenen Mundwinkel vorstellen, oder? Wie sieht es bei Ihnen aus? Weckt dieser Hocker auch bei Ihnen Freude? L\u00e4cheln Sie weiter! Der Hocker ist stapelbar und die Sitzfl\u00e4che ist aus FSC\u00ae-zertifiziertem Holz gefertigt.<\/p>\n","protected":false},"excerpt":{"rendered":"<p>Wir haben diesen Hocker aus mehreren Gr\u00fcnden Smile genannt! Schauen Sie ihn sich einmal genau an: Die Farbkombination \u2013 wir k\u00f6nnen uns ein L\u00e4cheln nicht verkneifen. Und dann achten Sie mal auf die Metallbeine mit den gebogenen F\u00fc\u00dfen: Da kann man sich schon fast einen hochgezogenen Mundwinkel vorstellen, oder? Wie sieht es bei Ihnen aus? [&hellip;]<\/p>\n","protected":false},"featured_media":1093000,"template":"","meta":{"_acf_changed":false,"inline_featured_image":false},"product_brand":[],"product_cat":[6380,6323,2845,3042],"product_tag":[],"class_list":{"0":"post-807709","1":"product","2":"type-product","3":"status-publish","4":"has-post-thumbnail","6":"product_cat-always-a-twist-de","7":"product_cat-fsc-de","8":"product_cat-sitzmoebel-de","9":"product_cat-hocker-de","10":"product_shipping_class-pk","12":"pa_color-khaki-4","13":"pa_color-lavendel-2","14":"pa_material-mdf-de","15":"pa_material-eschenholz","16":"pa_material-stahl","18":"first","19":"instock","20":"taxable","21":"shipping-taxable","22":"purchasable","23":"product-type-simple"},"exclude_global_add_ons":[],"addons":[],"acf":[],"yoast_head":"<!-- This site is optimized with the Yoast SEO plugin v26.4 - https:\/\/yoast.com\/wordpress\/plugins\/seo\/ -->\n<title>Smile Hocker Lavendel\/Khaki - H\u00fcbsch<\/title>\n<meta name=\"description\" content=\"Wir haben diesen Hocker aus mehreren Gr\u00fcnden Smile genannt! Schauen Sie ihn sich einmal genau an: Die Farbkombination \u2013 wir k\u00f6nnen uns ein L\u00e4cheln nicht\" \/>\n<meta name=\"robots\" content=\"index, follow, max-snippet:-1, max-image-preview:large, max-video-preview:-1\" \/>\n<link rel=\"canonical\" href=\"https:\/\/hubsch-interior.com\/de\/wp-json\/wp\/v2\/product\/807709\" \/>\n<meta property=\"og:locale\" content=\"de_DE\" \/>\n<meta property=\"og:type\" content=\"article\" \/>\n<meta property=\"og:title\" content=\"Smile Hocker Lavendel\/Khaki - H\u00fcbsch\" \/>\n<meta property=\"og:description\" content=\"Wir haben diesen Hocker aus mehreren Gr\u00fcnden Smile genannt! Schauen Sie ihn sich einmal genau an: Die Farbkombination \u2013 wir k\u00f6nnen uns ein L\u00e4cheln nicht\" \/>\n<meta property=\"og:url\" content=\"https:\/\/hubsch-interior.com\/de\/produkt\/smile-hocker-lavendel-khaki\/\" \/>\n<meta property=\"og:site_name\" content=\"H\u00fcbsch\" \/>\n<meta property=\"article:modified_time\" content=\"2026-04-09T02:17:54+00:00\" \/>\n<meta property=\"og:image\" content=\"https:\/\/hubsch-interior.com\/wp-content\/uploads\/2023\/08\/smile-stool-light-bluekhaki-160b78d410864d4c1b4020215b4cb554.jpg\" \/>\n\t<meta property=\"og:image:width\" content=\"1200\" \/>\n\t<meta property=\"og:image:height\" content=\"1200\" \/>\n\t<meta property=\"og:image:type\" content=\"image\/jpeg\" \/>\n<meta name=\"twitter:card\" content=\"summary_large_image\" \/>\n<script type=\"application\/ld+json\" class=\"yoast-schema-graph\">{\"@context\":\"https:\/\/schema.org\",\"@graph\":[{\"@type\":\"WebPage\",\"@id\":\"https:\/\/hubsch-interior.com\/de\/produkt\/smile-hocker-lavendel-khaki\/\",\"url\":\"https:\/\/hubsch-interior.com\/de\/produkt\/smile-hocker-lavendel-khaki\/\",\"name\":\"Smile Hocker Lavendel\/Khaki - H\u00fcbsch\",\"isPartOf\":{\"@id\":\"https:\/\/hubsch-interior.com\/de\/#website\"},\"primaryImageOfPage\":{\"@id\":\"https:\/\/hubsch-interior.com\/de\/produkt\/smile-hocker-lavendel-khaki\/#primaryimage\"},\"image\":{\"@id\":\"https:\/\/hubsch-interior.com\/de\/produkt\/smile-hocker-lavendel-khaki\/#primaryimage\"},\"thumbnailUrl\":\"https:\/\/hubsch-interior.com\/wp-content\/uploads\/2026\/02\/smile-stool-lavenderkhaki-f371ea4b0e6657c9568ba0e6de169c9e.jpg\",\"datePublished\":\"2022-08-23T12:22:24+00:00\",\"dateModified\":\"2026-04-09T02:17:54+00:00\",\"description\":\"Wir haben diesen Hocker aus mehreren Gr\u00fcnden Smile genannt! Schauen Sie ihn sich einmal genau an: Die Farbkombination \u2013 wir k\u00f6nnen uns ein L\u00e4cheln nicht\",\"breadcrumb\":{\"@id\":\"https:\/\/hubsch-interior.com\/de\/produkt\/smile-hocker-lavendel-khaki\/#breadcrumb\"},\"inLanguage\":\"de\",\"potentialAction\":[{\"@type\":\"ReadAction\",\"target\":[\"https:\/\/hubsch-interior.com\/de\/produkt\/smile-hocker-lavendel-khaki\/\"]}]},{\"@type\":\"ImageObject\",\"inLanguage\":\"de\",\"@id\":\"https:\/\/hubsch-interior.com\/de\/produkt\/smile-hocker-lavendel-khaki\/#primaryimage\",\"url\":\"https:\/\/hubsch-interior.com\/wp-content\/uploads\/2026\/02\/smile-stool-lavenderkhaki-f371ea4b0e6657c9568ba0e6de169c9e.jpg\",\"contentUrl\":\"https:\/\/hubsch-interior.com\/wp-content\/uploads\/2026\/02\/smile-stool-lavenderkhaki-f371ea4b0e6657c9568ba0e6de169c9e.jpg\",\"width\":1024,\"height\":1024},{\"@type\":\"BreadcrumbList\",\"@id\":\"https:\/\/hubsch-interior.com\/de\/produkt\/smile-hocker-lavendel-khaki\/#breadcrumb\",\"itemListElement\":[{\"@type\":\"ListItem\",\"position\":1,\"name\":\"Startseite\",\"item\":\"https:\/\/hubsch-interior.com\/de\/\"},{\"@type\":\"ListItem\",\"position\":2,\"name\":\"Produkte\",\"item\":\"https:\/\/hubsch-interior.com\/de\/shop-2\/\"},{\"@type\":\"ListItem\",\"position\":3,\"name\":\"M\u00f6bel\",\"item\":\"https:\/\/hubsch-interior.com\/de\/produkt-kategorie\/moebel\/\"},{\"@type\":\"ListItem\",\"position\":4,\"name\":\"Sitzm&ouml;bel\",\"item\":\"https:\/\/hubsch-interior.com\/de\/produkt-kategorie\/moebel\/sitzmoebel-de\/\"},{\"@type\":\"ListItem\",\"position\":5,\"name\":\"Hocker\",\"item\":\"https:\/\/hubsch-interior.com\/de\/produkt-kategorie\/moebel\/sitzmoebel-de\/hocker-de\/\"},{\"@type\":\"ListItem\",\"position\":6,\"name\":\"Smile Hocker Lavendel\/Khaki\"}]},{\"@type\":\"WebSite\",\"@id\":\"https:\/\/hubsch-interior.com\/de\/#website\",\"url\":\"https:\/\/hubsch-interior.com\/de\/\",\"name\":\"H\u00fcbsch\",\"description\":\"Danish Home Interior and Design\",\"publisher\":{\"@id\":\"https:\/\/hubsch-interior.com\/de\/#organization\"},\"potentialAction\":[{\"@type\":\"SearchAction\",\"target\":{\"@type\":\"EntryPoint\",\"urlTemplate\":\"https:\/\/hubsch-interior.com\/de\/?s={search_term_string}\"},\"query-input\":{\"@type\":\"PropertyValueSpecification\",\"valueRequired\":true,\"valueName\":\"search_term_string\"}}],\"inLanguage\":\"de\"},{\"@type\":\"Organization\",\"@id\":\"https:\/\/hubsch-interior.com\/de\/#organization\",\"name\":\"H\u00fcbsch\",\"url\":\"https:\/\/hubsch-interior.com\/de\/\",\"logo\":{\"@type\":\"ImageObject\",\"inLanguage\":\"de\",\"@id\":\"https:\/\/hubsch-interior.com\/de\/#\/schema\/logo\/image\/\",\"url\":\"https:\/\/hubsch-interior.com\/wp-content\/uploads\/2022\/12\/Hubsch_logo_black_one_line.svg\",\"contentUrl\":\"https:\/\/hubsch-interior.com\/wp-content\/uploads\/2022\/12\/Hubsch_logo_black_one_line.svg\",\"caption\":\"H\u00fcbsch\"},\"image\":{\"@id\":\"https:\/\/hubsch-interior.com\/de\/#\/schema\/logo\/image\/\"}}]}<\/script>\n<!-- \/ Yoast SEO plugin. -->","yoast_head_json":{"title":"Smile Hocker Lavendel\/Khaki - H\u00fcbsch","description":"Wir haben diesen Hocker aus mehreren Gr\u00fcnden Smile genannt! Schauen Sie ihn sich einmal genau an: Die Farbkombination \u2013 wir k\u00f6nnen uns ein L\u00e4cheln nicht","robots":{"index":"index","follow":"follow","max-snippet":"max-snippet:-1","max-image-preview":"max-image-preview:large","max-video-preview":"max-video-preview:-1"},"canonical":"https:\/\/hubsch-interior.com\/de\/wp-json\/wp\/v2\/product\/807709","og_locale":"de_DE","og_type":"article","og_title":"Smile Hocker Lavendel\/Khaki - H\u00fcbsch","og_description":"Wir haben diesen Hocker aus mehreren Gr\u00fcnden Smile genannt! Schauen Sie ihn sich einmal genau an: Die Farbkombination \u2013 wir k\u00f6nnen uns ein L\u00e4cheln nicht","og_url":"https:\/\/hubsch-interior.com\/de\/produkt\/smile-hocker-lavendel-khaki\/","og_site_name":"H\u00fcbsch","article_modified_time":"2026-04-09T02:17:54+00:00","og_image":[{"width":1200,"height":1200,"url":"https:\/\/hubsch-interior.com\/wp-content\/uploads\/2023\/08\/smile-stool-light-bluekhaki-160b78d410864d4c1b4020215b4cb554.jpg","type":"image\/jpeg"}],"twitter_card":"summary_large_image","schema":{"@context":"https:\/\/schema.org","@graph":[{"@type":"WebPage","@id":"https:\/\/hubsch-interior.com\/de\/produkt\/smile-hocker-lavendel-khaki\/","url":"https:\/\/hubsch-interior.com\/de\/produkt\/smile-hocker-lavendel-khaki\/","name":"Smile Hocker Lavendel\/Khaki - H\u00fcbsch","isPartOf":{"@id":"https:\/\/hubsch-interior.com\/de\/#website"},"primaryImageOfPage":{"@id":"https:\/\/hubsch-interior.com\/de\/produkt\/smile-hocker-lavendel-khaki\/#primaryimage"},"image":{"@id":"https:\/\/hubsch-interior.com\/de\/produkt\/smile-hocker-lavendel-khaki\/#primaryimage"},"thumbnailUrl":"https:\/\/hubsch-interior.com\/wp-content\/uploads\/2026\/02\/smile-stool-lavenderkhaki-f371ea4b0e6657c9568ba0e6de169c9e.jpg","datePublished":"2022-08-23T12:22:24+00:00","dateModified":"2026-04-09T02:17:54+00:00","description":"Wir haben diesen Hocker aus mehreren Gr\u00fcnden Smile genannt! Schauen Sie ihn sich einmal genau an: Die Farbkombination \u2013 wir k\u00f6nnen uns ein L\u00e4cheln nicht","breadcrumb":{"@id":"https:\/\/hubsch-interior.com\/de\/produkt\/smile-hocker-lavendel-khaki\/#breadcrumb"},"inLanguage":"de","potentialAction":[{"@type":"ReadAction","target":["https:\/\/hubsch-interior.com\/de\/produkt\/smile-hocker-lavendel-khaki\/"]}]},{"@type":"ImageObject","inLanguage":"de","@id":"https:\/\/hubsch-interior.com\/de\/produkt\/smile-hocker-lavendel-khaki\/#primaryimage","url":"https:\/\/hubsch-interior.com\/wp-content\/uploads\/2026\/02\/smile-stool-lavenderkhaki-f371ea4b0e6657c9568ba0e6de169c9e.jpg","contentUrl":"https:\/\/hubsch-interior.com\/wp-content\/uploads\/2026\/02\/smile-stool-lavenderkhaki-f371ea4b0e6657c9568ba0e6de169c9e.jpg","width":1024,"height":1024},{"@type":"BreadcrumbList","@id":"https:\/\/hubsch-interior.com\/de\/produkt\/smile-hocker-lavendel-khaki\/#breadcrumb","itemListElement":[{"@type":"ListItem","position":1,"name":"Startseite","item":"https:\/\/hubsch-interior.com\/de\/"},{"@type":"ListItem","position":2,"name":"Produkte","item":"https:\/\/hubsch-interior.com\/de\/shop-2\/"},{"@type":"ListItem","position":3,"name":"M\u00f6bel","item":"https:\/\/hubsch-interior.com\/de\/produkt-kategorie\/moebel\/"},{"@type":"ListItem","position":4,"name":"Sitzm&ouml;bel","item":"https:\/\/hubsch-interior.com\/de\/produkt-kategorie\/moebel\/sitzmoebel-de\/"},{"@type":"ListItem","position":5,"name":"Hocker","item":"https:\/\/hubsch-interior.com\/de\/produkt-kategorie\/moebel\/sitzmoebel-de\/hocker-de\/"},{"@type":"ListItem","position":6,"name":"Smile Hocker Lavendel\/Khaki"}]},{"@type":"WebSite","@id":"https:\/\/hubsch-interior.com\/de\/#website","url":"https:\/\/hubsch-interior.com\/de\/","name":"H\u00fcbsch","description":"Danish Home Interior and Design","publisher":{"@id":"https:\/\/hubsch-interior.com\/de\/#organization"},"potentialAction":[{"@type":"SearchAction","target":{"@type":"EntryPoint","urlTemplate":"https:\/\/hubsch-interior.com\/de\/?s={search_term_string}"},"query-input":{"@type":"PropertyValueSpecification","valueRequired":true,"valueName":"search_term_string"}}],"inLanguage":"de"},{"@type":"Organization","@id":"https:\/\/hubsch-interior.com\/de\/#organization","name":"H\u00fcbsch","url":"https:\/\/hubsch-interior.com\/de\/","logo":{"@type":"ImageObject","inLanguage":"de","@id":"https:\/\/hubsch-interior.com\/de\/#\/schema\/logo\/image\/","url":"https:\/\/hubsch-interior.com\/wp-content\/uploads\/2022\/12\/Hubsch_logo_black_one_line.svg","contentUrl":"https:\/\/hubsch-interior.com\/wp-content\/uploads\/2022\/12\/Hubsch_logo_black_one_line.svg","caption":"H\u00fcbsch"},"image":{"@id":"https:\/\/hubsch-interior.com\/de\/#\/schema\/logo\/image\/"}}]}},"_links":{"self":[{"href":"https:\/\/hubsch-interior.com\/de\/wp-json\/wp\/v2\/product\/807709","targetHints":{"allow":["GET"]}}],"collection":[{"href":"https:\/\/hubsch-interior.com\/de\/wp-json\/wp\/v2\/product"}],"about":[{"href":"https:\/\/hubsch-interior.com\/de\/wp-json\/wp\/v2\/types\/product"}],"wp:featuredmedia":[{"embeddable":true,"href":"https:\/\/hubsch-interior.com\/de\/wp-json\/wp\/v2\/media\/1093000"}],"wp:attachment":[{"href":"https:\/\/hubsch-interior.com\/de\/wp-json\/wp\/v2\/media?parent=807709"}],"wp:term":[{"taxonomy":"product_brand","embeddable":true,"href":"https:\/\/hubsch-interior.com\/de\/wp-json\/wp\/v2\/product_brand?post=807709"},{"taxonomy":"product_cat","embeddable":true,"href":"https:\/\/hubsch-interior.com\/de\/wp-json\/wp\/v2\/product_cat?post=807709"},{"taxonomy":"product_tag","embeddable":true,"href":"https:\/\/hubsch-interior.com\/de\/wp-json\/wp\/v2\/product_tag?post=807709"}],"curies":[{"name":"wp","href":"https:\/\/api.w.org\/{rel}","templated":true}]}}