{"id":807777,"date":"2022-08-23T14:23:47","date_gmt":"2022-08-23T12:23:47","guid":{"rendered":"https:\/\/hubsch-interior.com\/product\/product\/"},"modified":"2026-04-09T04:18:02","modified_gmt":"2026-04-09T02:18:02","slug":"care-bilderleiste-small-hellgrau","status":"publish","type":"product","link":"https:\/\/hubsch-interior.com\/de\/produkt\/care-bilderleiste-small-hellgrau\/","title":{"rendered":"Care Bilderleiste Small Hellgrau"},"content":{"rendered":"<p>B\u00fccher, Drucke auf Papier, Erinnerungsst\u00fccke und Fotos von geliebten Menschen passen perfekt auf dieses wandmontierte Fotoregal aus hellgrauem Metall. Das schlichte und minimalistische Regal mit industriellem Touch ist ein stilvolles Element, das Ihre Einrichtung aufwertet und perfekt erg\u00e4nzt. Eine kleine Lippe sorgt daf\u00fcr, dass all Ihre Sch\u00e4tze sicher auf dem Regal stehen bleiben. Wenn Sie Ihre Einrichtung \u2013 so wie wir \u2013 h\u00e4ufig ver\u00e4ndern, ist ein Fotoregal eine einfache M\u00f6glichkeit, kleine Ver\u00e4nderungen mit gro\u00dfer Wirkung vorzunehmen. <\/p>\n","protected":false},"excerpt":{"rendered":"<p>B\u00fccher, Drucke auf Papier, Erinnerungsst\u00fccke und Fotos von geliebten Menschen passen perfekt auf dieses wandmontierte Fotoregal aus hellgrauem Metall. Das schlichte und minimalistische Regal mit industriellem Touch ist ein stilvolles Element, das Ihre Einrichtung aufwertet und perfekt erg\u00e4nzt. Eine kleine Lippe sorgt daf\u00fcr, dass all Ihre Sch\u00e4tze sicher auf dem Regal stehen bleiben. Wenn Sie [&hellip;]<\/p>\n","protected":false},"featured_media":1093343,"template":"","meta":{"_acf_changed":false,"inline_featured_image":false},"product_brand":[],"product_cat":[4024,6380,7073,7074,4003],"product_tag":[],"class_list":{"0":"post-807777","1":"product","2":"type-product","3":"status-publish","4":"has-post-thumbnail","6":"product_cat-ablagen-de","7":"product_cat-always-a-twist-de","8":"product_cat-haken-regale-de","9":"product_cat-kuchen-regale-de","10":"product_cat-regale-aufbewahrung-de","11":"product_shipping_class-pk","13":"pa_color-hellgrau-2","14":"pa_material-eisen-de","16":"first","17":"instock","18":"taxable","19":"shipping-taxable","20":"purchasable","21":"product-type-simple"},"exclude_global_add_ons":[],"addons":[],"acf":[],"yoast_head":"<!-- This site is optimized with the Yoast SEO plugin v26.4 - https:\/\/yoast.com\/wordpress\/plugins\/seo\/ -->\n<title>Care Bilderleiste Small Hellgrau - H\u00fcbsch<\/title>\n<meta name=\"description\" content=\"B\u00fccher, Drucke auf Papier, Erinnerungsst\u00fccke und Fotos von geliebten Menschen passen perfekt auf dieses wandmontierte Fotoregal aus hellgrauem Metall. Das\" \/>\n<meta name=\"robots\" content=\"index, follow, max-snippet:-1, max-image-preview:large, max-video-preview:-1\" \/>\n<link rel=\"canonical\" href=\"https:\/\/hubsch-interior.com\/de\/wp-json\/wp\/v2\/product\/807777\" \/>\n<meta property=\"og:locale\" content=\"de_DE\" \/>\n<meta property=\"og:type\" content=\"article\" \/>\n<meta property=\"og:title\" content=\"Care Bilderleiste Small Hellgrau - H\u00fcbsch\" \/>\n<meta property=\"og:description\" content=\"B\u00fccher, Drucke auf Papier, Erinnerungsst\u00fccke und Fotos von geliebten Menschen passen perfekt auf dieses wandmontierte Fotoregal aus hellgrauem Metall. Das\" \/>\n<meta property=\"og:url\" content=\"https:\/\/hubsch-interior.com\/de\/produkt\/care-bilderleiste-small-hellgrau\/\" \/>\n<meta property=\"og:site_name\" content=\"H\u00fcbsch\" \/>\n<meta property=\"article:modified_time\" content=\"2026-04-09T02:18:02+00:00\" \/>\n<meta property=\"og:image\" content=\"https:\/\/hubsch-interior.com\/wp-content\/uploads\/2023\/08\/care-photo-shelf-small-light-grey-70fdd61ec816ee808e6fd9a822a86d40.jpg\" \/>\n\t<meta property=\"og:image:width\" content=\"1200\" \/>\n\t<meta property=\"og:image:height\" content=\"1200\" \/>\n\t<meta property=\"og:image:type\" content=\"image\/jpeg\" \/>\n<meta name=\"twitter:card\" content=\"summary_large_image\" \/>\n<script type=\"application\/ld+json\" class=\"yoast-schema-graph\">{\"@context\":\"https:\/\/schema.org\",\"@graph\":[{\"@type\":\"WebPage\",\"@id\":\"https:\/\/hubsch-interior.com\/de\/produkt\/care-bilderleiste-small-hellgrau\/\",\"url\":\"https:\/\/hubsch-interior.com\/de\/produkt\/care-bilderleiste-small-hellgrau\/\",\"name\":\"Care Bilderleiste Small Hellgrau - H\u00fcbsch\",\"isPartOf\":{\"@id\":\"https:\/\/hubsch-interior.com\/de\/#website\"},\"primaryImageOfPage\":{\"@id\":\"https:\/\/hubsch-interior.com\/de\/produkt\/care-bilderleiste-small-hellgrau\/#primaryimage\"},\"image\":{\"@id\":\"https:\/\/hubsch-interior.com\/de\/produkt\/care-bilderleiste-small-hellgrau\/#primaryimage\"},\"thumbnailUrl\":\"https:\/\/hubsch-interior.com\/wp-content\/uploads\/2026\/02\/care-photo-shelf-small-light-grey-2ce6cef799eb51bd2134b08737536f11.jpg\",\"datePublished\":\"2022-08-23T12:23:47+00:00\",\"dateModified\":\"2026-04-09T02:18:02+00:00\",\"description\":\"B\u00fccher, Drucke auf Papier, Erinnerungsst\u00fccke und Fotos von geliebten Menschen passen perfekt auf dieses wandmontierte Fotoregal aus hellgrauem Metall. Das\",\"breadcrumb\":{\"@id\":\"https:\/\/hubsch-interior.com\/de\/produkt\/care-bilderleiste-small-hellgrau\/#breadcrumb\"},\"inLanguage\":\"de\",\"potentialAction\":[{\"@type\":\"ReadAction\",\"target\":[\"https:\/\/hubsch-interior.com\/de\/produkt\/care-bilderleiste-small-hellgrau\/\"]}]},{\"@type\":\"ImageObject\",\"inLanguage\":\"de\",\"@id\":\"https:\/\/hubsch-interior.com\/de\/produkt\/care-bilderleiste-small-hellgrau\/#primaryimage\",\"url\":\"https:\/\/hubsch-interior.com\/wp-content\/uploads\/2026\/02\/care-photo-shelf-small-light-grey-2ce6cef799eb51bd2134b08737536f11.jpg\",\"contentUrl\":\"https:\/\/hubsch-interior.com\/wp-content\/uploads\/2026\/02\/care-photo-shelf-small-light-grey-2ce6cef799eb51bd2134b08737536f11.jpg\",\"width\":1024,\"height\":1024},{\"@type\":\"BreadcrumbList\",\"@id\":\"https:\/\/hubsch-interior.com\/de\/produkt\/care-bilderleiste-small-hellgrau\/#breadcrumb\",\"itemListElement\":[{\"@type\":\"ListItem\",\"position\":1,\"name\":\"Startseite\",\"item\":\"https:\/\/hubsch-interior.com\/de\/\"},{\"@type\":\"ListItem\",\"position\":2,\"name\":\"Produkte\",\"item\":\"https:\/\/hubsch-interior.com\/de\/shop-2\/\"},{\"@type\":\"ListItem\",\"position\":3,\"name\":\"M\u00f6bel\",\"item\":\"https:\/\/hubsch-interior.com\/de\/produkt-kategorie\/moebel\/\"},{\"@type\":\"ListItem\",\"position\":4,\"name\":\"Regale &amp; Aufbewahrung\",\"item\":\"https:\/\/hubsch-interior.com\/de\/produkt-kategorie\/moebel\/regale-aufbewahrung-de\/\"},{\"@type\":\"ListItem\",\"position\":5,\"name\":\"Ablagen\",\"item\":\"https:\/\/hubsch-interior.com\/de\/produkt-kategorie\/moebel\/regale-aufbewahrung-de\/ablagen-de\/\"},{\"@type\":\"ListItem\",\"position\":6,\"name\":\"Care Bilderleiste Small Hellgrau\"}]},{\"@type\":\"WebSite\",\"@id\":\"https:\/\/hubsch-interior.com\/de\/#website\",\"url\":\"https:\/\/hubsch-interior.com\/de\/\",\"name\":\"H\u00fcbsch\",\"description\":\"Danish Home Interior and Design\",\"publisher\":{\"@id\":\"https:\/\/hubsch-interior.com\/de\/#organization\"},\"potentialAction\":[{\"@type\":\"SearchAction\",\"target\":{\"@type\":\"EntryPoint\",\"urlTemplate\":\"https:\/\/hubsch-interior.com\/de\/?s={search_term_string}\"},\"query-input\":{\"@type\":\"PropertyValueSpecification\",\"valueRequired\":true,\"valueName\":\"search_term_string\"}}],\"inLanguage\":\"de\"},{\"@type\":\"Organization\",\"@id\":\"https:\/\/hubsch-interior.com\/de\/#organization\",\"name\":\"H\u00fcbsch\",\"url\":\"https:\/\/hubsch-interior.com\/de\/\",\"logo\":{\"@type\":\"ImageObject\",\"inLanguage\":\"de\",\"@id\":\"https:\/\/hubsch-interior.com\/de\/#\/schema\/logo\/image\/\",\"url\":\"https:\/\/hubsch-interior.com\/wp-content\/uploads\/2022\/12\/Hubsch_logo_black_one_line.svg\",\"contentUrl\":\"https:\/\/hubsch-interior.com\/wp-content\/uploads\/2022\/12\/Hubsch_logo_black_one_line.svg\",\"caption\":\"H\u00fcbsch\"},\"image\":{\"@id\":\"https:\/\/hubsch-interior.com\/de\/#\/schema\/logo\/image\/\"}}]}<\/script>\n<!-- \/ Yoast SEO plugin. -->","yoast_head_json":{"title":"Care Bilderleiste Small Hellgrau - H\u00fcbsch","description":"B\u00fccher, Drucke auf Papier, Erinnerungsst\u00fccke und Fotos von geliebten Menschen passen perfekt auf dieses wandmontierte Fotoregal aus hellgrauem Metall. Das","robots":{"index":"index","follow":"follow","max-snippet":"max-snippet:-1","max-image-preview":"max-image-preview:large","max-video-preview":"max-video-preview:-1"},"canonical":"https:\/\/hubsch-interior.com\/de\/wp-json\/wp\/v2\/product\/807777","og_locale":"de_DE","og_type":"article","og_title":"Care Bilderleiste Small Hellgrau - H\u00fcbsch","og_description":"B\u00fccher, Drucke auf Papier, Erinnerungsst\u00fccke und Fotos von geliebten Menschen passen perfekt auf dieses wandmontierte Fotoregal aus hellgrauem Metall. Das","og_url":"https:\/\/hubsch-interior.com\/de\/produkt\/care-bilderleiste-small-hellgrau\/","og_site_name":"H\u00fcbsch","article_modified_time":"2026-04-09T02:18:02+00:00","og_image":[{"width":1200,"height":1200,"url":"https:\/\/hubsch-interior.com\/wp-content\/uploads\/2023\/08\/care-photo-shelf-small-light-grey-70fdd61ec816ee808e6fd9a822a86d40.jpg","type":"image\/jpeg"}],"twitter_card":"summary_large_image","schema":{"@context":"https:\/\/schema.org","@graph":[{"@type":"WebPage","@id":"https:\/\/hubsch-interior.com\/de\/produkt\/care-bilderleiste-small-hellgrau\/","url":"https:\/\/hubsch-interior.com\/de\/produkt\/care-bilderleiste-small-hellgrau\/","name":"Care Bilderleiste Small Hellgrau - H\u00fcbsch","isPartOf":{"@id":"https:\/\/hubsch-interior.com\/de\/#website"},"primaryImageOfPage":{"@id":"https:\/\/hubsch-interior.com\/de\/produkt\/care-bilderleiste-small-hellgrau\/#primaryimage"},"image":{"@id":"https:\/\/hubsch-interior.com\/de\/produkt\/care-bilderleiste-small-hellgrau\/#primaryimage"},"thumbnailUrl":"https:\/\/hubsch-interior.com\/wp-content\/uploads\/2026\/02\/care-photo-shelf-small-light-grey-2ce6cef799eb51bd2134b08737536f11.jpg","datePublished":"2022-08-23T12:23:47+00:00","dateModified":"2026-04-09T02:18:02+00:00","description":"B\u00fccher, Drucke auf Papier, Erinnerungsst\u00fccke und Fotos von geliebten Menschen passen perfekt auf dieses wandmontierte Fotoregal aus hellgrauem Metall. Das","breadcrumb":{"@id":"https:\/\/hubsch-interior.com\/de\/produkt\/care-bilderleiste-small-hellgrau\/#breadcrumb"},"inLanguage":"de","potentialAction":[{"@type":"ReadAction","target":["https:\/\/hubsch-interior.com\/de\/produkt\/care-bilderleiste-small-hellgrau\/"]}]},{"@type":"ImageObject","inLanguage":"de","@id":"https:\/\/hubsch-interior.com\/de\/produkt\/care-bilderleiste-small-hellgrau\/#primaryimage","url":"https:\/\/hubsch-interior.com\/wp-content\/uploads\/2026\/02\/care-photo-shelf-small-light-grey-2ce6cef799eb51bd2134b08737536f11.jpg","contentUrl":"https:\/\/hubsch-interior.com\/wp-content\/uploads\/2026\/02\/care-photo-shelf-small-light-grey-2ce6cef799eb51bd2134b08737536f11.jpg","width":1024,"height":1024},{"@type":"BreadcrumbList","@id":"https:\/\/hubsch-interior.com\/de\/produkt\/care-bilderleiste-small-hellgrau\/#breadcrumb","itemListElement":[{"@type":"ListItem","position":1,"name":"Startseite","item":"https:\/\/hubsch-interior.com\/de\/"},{"@type":"ListItem","position":2,"name":"Produkte","item":"https:\/\/hubsch-interior.com\/de\/shop-2\/"},{"@type":"ListItem","position":3,"name":"M\u00f6bel","item":"https:\/\/hubsch-interior.com\/de\/produkt-kategorie\/moebel\/"},{"@type":"ListItem","position":4,"name":"Regale &amp; Aufbewahrung","item":"https:\/\/hubsch-interior.com\/de\/produkt-kategorie\/moebel\/regale-aufbewahrung-de\/"},{"@type":"ListItem","position":5,"name":"Ablagen","item":"https:\/\/hubsch-interior.com\/de\/produkt-kategorie\/moebel\/regale-aufbewahrung-de\/ablagen-de\/"},{"@type":"ListItem","position":6,"name":"Care Bilderleiste Small Hellgrau"}]},{"@type":"WebSite","@id":"https:\/\/hubsch-interior.com\/de\/#website","url":"https:\/\/hubsch-interior.com\/de\/","name":"H\u00fcbsch","description":"Danish Home Interior and Design","publisher":{"@id":"https:\/\/hubsch-interior.com\/de\/#organization"},"potentialAction":[{"@type":"SearchAction","target":{"@type":"EntryPoint","urlTemplate":"https:\/\/hubsch-interior.com\/de\/?s={search_term_string}"},"query-input":{"@type":"PropertyValueSpecification","valueRequired":true,"valueName":"search_term_string"}}],"inLanguage":"de"},{"@type":"Organization","@id":"https:\/\/hubsch-interior.com\/de\/#organization","name":"H\u00fcbsch","url":"https:\/\/hubsch-interior.com\/de\/","logo":{"@type":"ImageObject","inLanguage":"de","@id":"https:\/\/hubsch-interior.com\/de\/#\/schema\/logo\/image\/","url":"https:\/\/hubsch-interior.com\/wp-content\/uploads\/2022\/12\/Hubsch_logo_black_one_line.svg","contentUrl":"https:\/\/hubsch-interior.com\/wp-content\/uploads\/2022\/12\/Hubsch_logo_black_one_line.svg","caption":"H\u00fcbsch"},"image":{"@id":"https:\/\/hubsch-interior.com\/de\/#\/schema\/logo\/image\/"}}]}},"_links":{"self":[{"href":"https:\/\/hubsch-interior.com\/de\/wp-json\/wp\/v2\/product\/807777","targetHints":{"allow":["GET"]}}],"collection":[{"href":"https:\/\/hubsch-interior.com\/de\/wp-json\/wp\/v2\/product"}],"about":[{"href":"https:\/\/hubsch-interior.com\/de\/wp-json\/wp\/v2\/types\/product"}],"wp:featuredmedia":[{"embeddable":true,"href":"https:\/\/hubsch-interior.com\/de\/wp-json\/wp\/v2\/media\/1093343"}],"wp:attachment":[{"href":"https:\/\/hubsch-interior.com\/de\/wp-json\/wp\/v2\/media?parent=807777"}],"wp:term":[{"taxonomy":"product_brand","embeddable":true,"href":"https:\/\/hubsch-interior.com\/de\/wp-json\/wp\/v2\/product_brand?post=807777"},{"taxonomy":"product_cat","embeddable":true,"href":"https:\/\/hubsch-interior.com\/de\/wp-json\/wp\/v2\/product_cat?post=807777"},{"taxonomy":"product_tag","embeddable":true,"href":"https:\/\/hubsch-interior.com\/de\/wp-json\/wp\/v2\/product_tag?post=807777"}],"curies":[{"name":"wp","href":"https:\/\/api.w.org\/{rel}","templated":true}]}}