{"id":807817,"date":"2022-08-23T14:24:19","date_gmt":"2022-08-23T12:24:19","guid":{"rendered":"https:\/\/hubsch-interior.com\/product\/product\/"},"modified":"2026-04-09T04:18:11","modified_gmt":"2026-04-09T02:18:11","slug":"jaunty-beistelltisch-grun-naturfarben","status":"publish","type":"product","link":"https:\/\/hubsch-interior.com\/de\/produkt\/jaunty-beistelltisch-grun-naturfarben\/","title":{"rendered":"Jaunty Beistelltisch Gr\u00fcn\/Naturfarben"},"content":{"rendered":"<p>Gr\u00fcn und Eichenholz: ein himmlisches Zusammenspiel \u2013 vor allem, wenn die beiden Elemente in einem sch\u00f6nen Beistelltisch wie Jaunty vereint sind. Die spielerische Kombination aus FSC\u00ae-zertifiziertem Holz und gr\u00fcnem Metall vermittelt eine coole nordische Atmosph\u00e4re mit einem gewissen Etwas. Setzen Sie den Tisch in einer Umgebung in Szene, in der Sie sich entspannen und abschalten k\u00f6nnen \u2013 die gr\u00fcnen und nat\u00fcrlichen Materialien sind angenehm f\u00fcr das Auge und schaffen ein Gleichgewicht im Raum. Wir k\u00f6nnen nur sagen: Dieser Beistelltisch ist ein echter Hingucker!<\/p>\n","protected":false},"excerpt":{"rendered":"<p>Gr\u00fcn und Eichenholz: ein himmlisches Zusammenspiel \u2013 vor allem, wenn die beiden Elemente in einem sch\u00f6nen Beistelltisch wie Jaunty vereint sind. Die spielerische Kombination aus FSC\u00ae-zertifiziertem Holz und gr\u00fcnem Metall vermittelt eine coole nordische Atmosph\u00e4re mit einem gewissen Etwas. Setzen Sie den Tisch in einer Umgebung in Szene, in der Sie sich entspannen und abschalten [&hellip;]<\/p>\n","protected":false},"featured_media":1093360,"template":"","meta":{"_acf_changed":false,"inline_featured_image":false},"product_brand":[],"product_cat":[6380,4028,6323,6519,2861],"product_tag":[],"class_list":{"0":"post-807817","1":"product","2":"type-product","3":"status-publish","4":"has-post-thumbnail","6":"product_cat-always-a-twist-de","7":"product_cat-beistelltische-de","8":"product_cat-fsc-de","9":"product_cat-outlet-de","10":"product_cat-tische-de","11":"product_shipping_class-pk","13":"pa_color-grn-2","14":"pa_color-naturfarben-2","15":"pa_material-eichenfurnier","16":"pa_material-eisen-de","17":"pa_material-mdf-de","19":"first","20":"instock","21":"sale","22":"taxable","23":"shipping-taxable","24":"purchasable","25":"product-type-simple"},"exclude_global_add_ons":[],"addons":[],"acf":[],"yoast_head":"<!-- This site is optimized with the Yoast SEO plugin v26.4 - https:\/\/yoast.com\/wordpress\/plugins\/seo\/ -->\n<title>Jaunty Beistelltisch Gr\u00fcn\/Naturfarben - H\u00fcbsch<\/title>\n<meta name=\"description\" content=\"Gr\u00fcn und Eichenholz: ein himmlisches Zusammenspiel \u2013 vor allem, wenn die beiden Elemente in einem sch\u00f6nen Beistelltisch wie Jaunty vereint sind. Die\" \/>\n<meta name=\"robots\" content=\"index, follow, max-snippet:-1, max-image-preview:large, max-video-preview:-1\" \/>\n<link rel=\"canonical\" href=\"https:\/\/hubsch-interior.com\/de\/wp-json\/wp\/v2\/product\/807817\" \/>\n<meta property=\"og:locale\" content=\"de_DE\" \/>\n<meta property=\"og:type\" content=\"article\" \/>\n<meta property=\"og:title\" content=\"Jaunty Beistelltisch Gr\u00fcn\/Naturfarben - H\u00fcbsch\" \/>\n<meta property=\"og:description\" content=\"Gr\u00fcn und Eichenholz: ein himmlisches Zusammenspiel \u2013 vor allem, wenn die beiden Elemente in einem sch\u00f6nen Beistelltisch wie Jaunty vereint sind. Die\" \/>\n<meta property=\"og:url\" content=\"https:\/\/hubsch-interior.com\/de\/produkt\/jaunty-beistelltisch-grun-naturfarben\/\" \/>\n<meta property=\"og:site_name\" content=\"H\u00fcbsch\" \/>\n<meta property=\"article:modified_time\" content=\"2026-04-09T02:18:11+00:00\" \/>\n<meta property=\"og:image\" content=\"https:\/\/hubsch-interior.com\/wp-content\/uploads\/2025\/05\/jaunty-side-table-greennatural-4f4d89459033da77c66d8eb29c5beb99.jpg\" \/>\n\t<meta property=\"og:image:width\" content=\"1200\" \/>\n\t<meta property=\"og:image:height\" content=\"1200\" \/>\n\t<meta property=\"og:image:type\" content=\"image\/jpeg\" \/>\n<meta name=\"twitter:card\" content=\"summary_large_image\" \/>\n<script type=\"application\/ld+json\" class=\"yoast-schema-graph\">{\"@context\":\"https:\/\/schema.org\",\"@graph\":[{\"@type\":\"WebPage\",\"@id\":\"https:\/\/hubsch-interior.com\/de\/produkt\/jaunty-beistelltisch-grun-naturfarben\/\",\"url\":\"https:\/\/hubsch-interior.com\/de\/produkt\/jaunty-beistelltisch-grun-naturfarben\/\",\"name\":\"Jaunty Beistelltisch Gr\u00fcn\/Naturfarben - H\u00fcbsch\",\"isPartOf\":{\"@id\":\"https:\/\/hubsch-interior.com\/de\/#website\"},\"primaryImageOfPage\":{\"@id\":\"https:\/\/hubsch-interior.com\/de\/produkt\/jaunty-beistelltisch-grun-naturfarben\/#primaryimage\"},\"image\":{\"@id\":\"https:\/\/hubsch-interior.com\/de\/produkt\/jaunty-beistelltisch-grun-naturfarben\/#primaryimage\"},\"thumbnailUrl\":\"https:\/\/hubsch-interior.com\/wp-content\/uploads\/2026\/02\/jaunty-side-table-greennatural-52d0ed3cdc0155accb48ba5e75bb0f3d.jpg\",\"datePublished\":\"2022-08-23T12:24:19+00:00\",\"dateModified\":\"2026-04-09T02:18:11+00:00\",\"description\":\"Gr\u00fcn und Eichenholz: ein himmlisches Zusammenspiel \u2013 vor allem, wenn die beiden Elemente in einem sch\u00f6nen Beistelltisch wie Jaunty vereint sind. Die\",\"breadcrumb\":{\"@id\":\"https:\/\/hubsch-interior.com\/de\/produkt\/jaunty-beistelltisch-grun-naturfarben\/#breadcrumb\"},\"inLanguage\":\"de\",\"potentialAction\":[{\"@type\":\"ReadAction\",\"target\":[\"https:\/\/hubsch-interior.com\/de\/produkt\/jaunty-beistelltisch-grun-naturfarben\/\"]}]},{\"@type\":\"ImageObject\",\"inLanguage\":\"de\",\"@id\":\"https:\/\/hubsch-interior.com\/de\/produkt\/jaunty-beistelltisch-grun-naturfarben\/#primaryimage\",\"url\":\"https:\/\/hubsch-interior.com\/wp-content\/uploads\/2026\/02\/jaunty-side-table-greennatural-52d0ed3cdc0155accb48ba5e75bb0f3d.jpg\",\"contentUrl\":\"https:\/\/hubsch-interior.com\/wp-content\/uploads\/2026\/02\/jaunty-side-table-greennatural-52d0ed3cdc0155accb48ba5e75bb0f3d.jpg\",\"width\":1024,\"height\":1024},{\"@type\":\"BreadcrumbList\",\"@id\":\"https:\/\/hubsch-interior.com\/de\/produkt\/jaunty-beistelltisch-grun-naturfarben\/#breadcrumb\",\"itemListElement\":[{\"@type\":\"ListItem\",\"position\":1,\"name\":\"Startseite\",\"item\":\"https:\/\/hubsch-interior.com\/de\/\"},{\"@type\":\"ListItem\",\"position\":2,\"name\":\"Produkte\",\"item\":\"https:\/\/hubsch-interior.com\/de\/shop-2\/\"},{\"@type\":\"ListItem\",\"position\":3,\"name\":\"M\u00f6bel\",\"item\":\"https:\/\/hubsch-interior.com\/de\/produkt-kategorie\/moebel\/\"},{\"@type\":\"ListItem\",\"position\":4,\"name\":\"Tische\",\"item\":\"https:\/\/hubsch-interior.com\/de\/produkt-kategorie\/moebel\/tische-de\/\"},{\"@type\":\"ListItem\",\"position\":5,\"name\":\"Beistelltische\",\"item\":\"https:\/\/hubsch-interior.com\/de\/produkt-kategorie\/moebel\/tische-de\/beistelltische-de\/\"},{\"@type\":\"ListItem\",\"position\":6,\"name\":\"Jaunty Beistelltisch Gr\u00fcn\/Naturfarben\"}]},{\"@type\":\"WebSite\",\"@id\":\"https:\/\/hubsch-interior.com\/de\/#website\",\"url\":\"https:\/\/hubsch-interior.com\/de\/\",\"name\":\"H\u00fcbsch\",\"description\":\"Danish Home Interior and Design\",\"publisher\":{\"@id\":\"https:\/\/hubsch-interior.com\/de\/#organization\"},\"potentialAction\":[{\"@type\":\"SearchAction\",\"target\":{\"@type\":\"EntryPoint\",\"urlTemplate\":\"https:\/\/hubsch-interior.com\/de\/?s={search_term_string}\"},\"query-input\":{\"@type\":\"PropertyValueSpecification\",\"valueRequired\":true,\"valueName\":\"search_term_string\"}}],\"inLanguage\":\"de\"},{\"@type\":\"Organization\",\"@id\":\"https:\/\/hubsch-interior.com\/de\/#organization\",\"name\":\"H\u00fcbsch\",\"url\":\"https:\/\/hubsch-interior.com\/de\/\",\"logo\":{\"@type\":\"ImageObject\",\"inLanguage\":\"de\",\"@id\":\"https:\/\/hubsch-interior.com\/de\/#\/schema\/logo\/image\/\",\"url\":\"https:\/\/hubsch-interior.com\/wp-content\/uploads\/2022\/12\/Hubsch_logo_black_one_line.svg\",\"contentUrl\":\"https:\/\/hubsch-interior.com\/wp-content\/uploads\/2022\/12\/Hubsch_logo_black_one_line.svg\",\"caption\":\"H\u00fcbsch\"},\"image\":{\"@id\":\"https:\/\/hubsch-interior.com\/de\/#\/schema\/logo\/image\/\"}}]}<\/script>\n<!-- \/ Yoast SEO plugin. -->","yoast_head_json":{"title":"Jaunty Beistelltisch Gr\u00fcn\/Naturfarben - H\u00fcbsch","description":"Gr\u00fcn und Eichenholz: ein himmlisches Zusammenspiel \u2013 vor allem, wenn die beiden Elemente in einem sch\u00f6nen Beistelltisch wie Jaunty vereint sind. Die","robots":{"index":"index","follow":"follow","max-snippet":"max-snippet:-1","max-image-preview":"max-image-preview:large","max-video-preview":"max-video-preview:-1"},"canonical":"https:\/\/hubsch-interior.com\/de\/wp-json\/wp\/v2\/product\/807817","og_locale":"de_DE","og_type":"article","og_title":"Jaunty Beistelltisch Gr\u00fcn\/Naturfarben - H\u00fcbsch","og_description":"Gr\u00fcn und Eichenholz: ein himmlisches Zusammenspiel \u2013 vor allem, wenn die beiden Elemente in einem sch\u00f6nen Beistelltisch wie Jaunty vereint sind. Die","og_url":"https:\/\/hubsch-interior.com\/de\/produkt\/jaunty-beistelltisch-grun-naturfarben\/","og_site_name":"H\u00fcbsch","article_modified_time":"2026-04-09T02:18:11+00:00","og_image":[{"width":1200,"height":1200,"url":"https:\/\/hubsch-interior.com\/wp-content\/uploads\/2025\/05\/jaunty-side-table-greennatural-4f4d89459033da77c66d8eb29c5beb99.jpg","type":"image\/jpeg"}],"twitter_card":"summary_large_image","schema":{"@context":"https:\/\/schema.org","@graph":[{"@type":"WebPage","@id":"https:\/\/hubsch-interior.com\/de\/produkt\/jaunty-beistelltisch-grun-naturfarben\/","url":"https:\/\/hubsch-interior.com\/de\/produkt\/jaunty-beistelltisch-grun-naturfarben\/","name":"Jaunty Beistelltisch Gr\u00fcn\/Naturfarben - H\u00fcbsch","isPartOf":{"@id":"https:\/\/hubsch-interior.com\/de\/#website"},"primaryImageOfPage":{"@id":"https:\/\/hubsch-interior.com\/de\/produkt\/jaunty-beistelltisch-grun-naturfarben\/#primaryimage"},"image":{"@id":"https:\/\/hubsch-interior.com\/de\/produkt\/jaunty-beistelltisch-grun-naturfarben\/#primaryimage"},"thumbnailUrl":"https:\/\/hubsch-interior.com\/wp-content\/uploads\/2026\/02\/jaunty-side-table-greennatural-52d0ed3cdc0155accb48ba5e75bb0f3d.jpg","datePublished":"2022-08-23T12:24:19+00:00","dateModified":"2026-04-09T02:18:11+00:00","description":"Gr\u00fcn und Eichenholz: ein himmlisches Zusammenspiel \u2013 vor allem, wenn die beiden Elemente in einem sch\u00f6nen Beistelltisch wie Jaunty vereint sind. Die","breadcrumb":{"@id":"https:\/\/hubsch-interior.com\/de\/produkt\/jaunty-beistelltisch-grun-naturfarben\/#breadcrumb"},"inLanguage":"de","potentialAction":[{"@type":"ReadAction","target":["https:\/\/hubsch-interior.com\/de\/produkt\/jaunty-beistelltisch-grun-naturfarben\/"]}]},{"@type":"ImageObject","inLanguage":"de","@id":"https:\/\/hubsch-interior.com\/de\/produkt\/jaunty-beistelltisch-grun-naturfarben\/#primaryimage","url":"https:\/\/hubsch-interior.com\/wp-content\/uploads\/2026\/02\/jaunty-side-table-greennatural-52d0ed3cdc0155accb48ba5e75bb0f3d.jpg","contentUrl":"https:\/\/hubsch-interior.com\/wp-content\/uploads\/2026\/02\/jaunty-side-table-greennatural-52d0ed3cdc0155accb48ba5e75bb0f3d.jpg","width":1024,"height":1024},{"@type":"BreadcrumbList","@id":"https:\/\/hubsch-interior.com\/de\/produkt\/jaunty-beistelltisch-grun-naturfarben\/#breadcrumb","itemListElement":[{"@type":"ListItem","position":1,"name":"Startseite","item":"https:\/\/hubsch-interior.com\/de\/"},{"@type":"ListItem","position":2,"name":"Produkte","item":"https:\/\/hubsch-interior.com\/de\/shop-2\/"},{"@type":"ListItem","position":3,"name":"M\u00f6bel","item":"https:\/\/hubsch-interior.com\/de\/produkt-kategorie\/moebel\/"},{"@type":"ListItem","position":4,"name":"Tische","item":"https:\/\/hubsch-interior.com\/de\/produkt-kategorie\/moebel\/tische-de\/"},{"@type":"ListItem","position":5,"name":"Beistelltische","item":"https:\/\/hubsch-interior.com\/de\/produkt-kategorie\/moebel\/tische-de\/beistelltische-de\/"},{"@type":"ListItem","position":6,"name":"Jaunty Beistelltisch Gr\u00fcn\/Naturfarben"}]},{"@type":"WebSite","@id":"https:\/\/hubsch-interior.com\/de\/#website","url":"https:\/\/hubsch-interior.com\/de\/","name":"H\u00fcbsch","description":"Danish Home Interior and Design","publisher":{"@id":"https:\/\/hubsch-interior.com\/de\/#organization"},"potentialAction":[{"@type":"SearchAction","target":{"@type":"EntryPoint","urlTemplate":"https:\/\/hubsch-interior.com\/de\/?s={search_term_string}"},"query-input":{"@type":"PropertyValueSpecification","valueRequired":true,"valueName":"search_term_string"}}],"inLanguage":"de"},{"@type":"Organization","@id":"https:\/\/hubsch-interior.com\/de\/#organization","name":"H\u00fcbsch","url":"https:\/\/hubsch-interior.com\/de\/","logo":{"@type":"ImageObject","inLanguage":"de","@id":"https:\/\/hubsch-interior.com\/de\/#\/schema\/logo\/image\/","url":"https:\/\/hubsch-interior.com\/wp-content\/uploads\/2022\/12\/Hubsch_logo_black_one_line.svg","contentUrl":"https:\/\/hubsch-interior.com\/wp-content\/uploads\/2022\/12\/Hubsch_logo_black_one_line.svg","caption":"H\u00fcbsch"},"image":{"@id":"https:\/\/hubsch-interior.com\/de\/#\/schema\/logo\/image\/"}}]}},"_links":{"self":[{"href":"https:\/\/hubsch-interior.com\/de\/wp-json\/wp\/v2\/product\/807817","targetHints":{"allow":["GET"]}}],"collection":[{"href":"https:\/\/hubsch-interior.com\/de\/wp-json\/wp\/v2\/product"}],"about":[{"href":"https:\/\/hubsch-interior.com\/de\/wp-json\/wp\/v2\/types\/product"}],"wp:featuredmedia":[{"embeddable":true,"href":"https:\/\/hubsch-interior.com\/de\/wp-json\/wp\/v2\/media\/1093360"}],"wp:attachment":[{"href":"https:\/\/hubsch-interior.com\/de\/wp-json\/wp\/v2\/media?parent=807817"}],"wp:term":[{"taxonomy":"product_brand","embeddable":true,"href":"https:\/\/hubsch-interior.com\/de\/wp-json\/wp\/v2\/product_brand?post=807817"},{"taxonomy":"product_cat","embeddable":true,"href":"https:\/\/hubsch-interior.com\/de\/wp-json\/wp\/v2\/product_cat?post=807817"},{"taxonomy":"product_tag","embeddable":true,"href":"https:\/\/hubsch-interior.com\/de\/wp-json\/wp\/v2\/product_tag?post=807817"}],"curies":[{"name":"wp","href":"https:\/\/api.w.org\/{rel}","templated":true}]}}