{"id":807889,"date":"2022-08-23T14:25:49","date_gmt":"2022-08-23T12:25:49","guid":{"rendered":"https:\/\/hubsch-interior.com\/product\/product\/"},"modified":"2026-05-01T04:29:34","modified_gmt":"2026-05-01T02:29:34","slug":"line-kissen-gestrickte-grun-rot-lila","status":"publish","type":"product","link":"https:\/\/hubsch-interior.com\/de\/produkt\/line-kissen-gestrickte-grun-rot-lila\/","title":{"rendered":"Line Kissen Gestrickte Gr\u00fcn\/Rot\/Lila"},"content":{"rendered":"<p>Sie wissen, dass wir Streifen lieben, oder? Streifen und Kissen gehen irgendwie Hand in Hand. Dieses wundersch\u00f6n gestreifte Strickkissen aus OEKO-TEX\u00ae STANDARD 100\u00ae-Baumwolle hat eine ganz faszinierende Farbkombination. Wer h\u00e4tte gedacht, dass Rot, Gr\u00fcn und Lila so toll zusammen aussehen? Sie tun es. Dieses bunte Kissen wird mit F\u00fcllung geliefert und hat einen sehr eleganten und stilvollen messingfarbenen Rei\u00dfverschluss. Umwerfend!<\/p>\n","protected":false},"excerpt":{"rendered":"<p>Sie wissen, dass wir Streifen lieben, oder? Streifen und Kissen gehen irgendwie Hand in Hand. Dieses wundersch\u00f6n gestreifte Strickkissen aus OEKO-TEX\u00ae STANDARD 100\u00ae-Baumwolle hat eine ganz faszinierende Farbkombination. Wer h\u00e4tte gedacht, dass Rot, Gr\u00fcn und Lila so toll zusammen aussehen? Sie tun es. Dieses bunte Kissen wird mit F\u00fcllung geliefert und hat einen sehr eleganten [&hellip;]<\/p>\n","protected":false},"featured_media":1096716,"template":"","meta":{"_acf_changed":false,"inline_featured_image":false},"product_brand":[],"product_cat":[6380,3004,3005],"product_tag":[],"class_list":{"0":"post-807889","1":"product","2":"type-product","3":"status-publish","4":"has-post-thumbnail","6":"product_cat-always-a-twist-de","7":"product_cat-textilien","8":"product_cat-kissen-de","9":"product_shipping_class-pk","11":"pa_color-lila","12":"pa_color-grn-2","13":"pa_color-rot-2","14":"pa_material-cotton-100-de","16":"first","17":"instock","18":"taxable","19":"shipping-taxable","20":"purchasable","21":"product-type-simple"},"exclude_global_add_ons":[],"addons":[],"acf":[],"yoast_head":"<!-- This site is optimized with the Yoast SEO plugin v26.4 - https:\/\/yoast.com\/wordpress\/plugins\/seo\/ -->\n<title>Line Kissen Gestrickte Gr\u00fcn\/Rot\/Lila - H\u00fcbsch<\/title>\n<meta name=\"description\" content=\"Sie wissen, dass wir Streifen lieben, oder? Streifen und Kissen gehen irgendwie Hand in Hand. Dieses wundersch\u00f6n gestreifte Strickkissen aus OEKO-TEX\u00ae\" \/>\n<meta name=\"robots\" content=\"index, follow, max-snippet:-1, max-image-preview:large, max-video-preview:-1\" \/>\n<link rel=\"canonical\" href=\"https:\/\/hubsch-interior.com\/de\/wp-json\/wp\/v2\/product\/807889\" \/>\n<meta property=\"og:locale\" content=\"de_DE\" \/>\n<meta property=\"og:type\" content=\"article\" \/>\n<meta property=\"og:title\" content=\"Line Kissen Gestrickte Gr\u00fcn\/Rot\/Lila - H\u00fcbsch\" \/>\n<meta property=\"og:description\" content=\"Sie wissen, dass wir Streifen lieben, oder? Streifen und Kissen gehen irgendwie Hand in Hand. Dieses wundersch\u00f6n gestreifte Strickkissen aus OEKO-TEX\u00ae\" \/>\n<meta property=\"og:url\" content=\"https:\/\/hubsch-interior.com\/de\/produkt\/line-kissen-gestrickte-grun-rot-lila\/\" \/>\n<meta property=\"og:site_name\" content=\"H\u00fcbsch\" \/>\n<meta property=\"article:modified_time\" content=\"2026-05-01T02:29:34+00:00\" \/>\n<meta property=\"og:image\" content=\"https:\/\/hubsch-interior.com\/wp-content\/uploads\/2023\/08\/line-cushion-knitted-greenredpurpleblack-983b129c54d0ce7f9f14fe8c875b3af2.jpg\" \/>\n\t<meta property=\"og:image:width\" content=\"1200\" \/>\n\t<meta property=\"og:image:height\" content=\"1200\" \/>\n\t<meta property=\"og:image:type\" content=\"image\/jpeg\" \/>\n<meta name=\"twitter:card\" content=\"summary_large_image\" \/>\n<script type=\"application\/ld+json\" class=\"yoast-schema-graph\">{\"@context\":\"https:\/\/schema.org\",\"@graph\":[{\"@type\":\"WebPage\",\"@id\":\"https:\/\/hubsch-interior.com\/de\/produkt\/line-kissen-gestrickte-grun-rot-lila\/\",\"url\":\"https:\/\/hubsch-interior.com\/de\/produkt\/line-kissen-gestrickte-grun-rot-lila\/\",\"name\":\"Line Kissen Gestrickte Gr\u00fcn\/Rot\/Lila - H\u00fcbsch\",\"isPartOf\":{\"@id\":\"https:\/\/hubsch-interior.com\/de\/#website\"},\"primaryImageOfPage\":{\"@id\":\"https:\/\/hubsch-interior.com\/de\/produkt\/line-kissen-gestrickte-grun-rot-lila\/#primaryimage\"},\"image\":{\"@id\":\"https:\/\/hubsch-interior.com\/de\/produkt\/line-kissen-gestrickte-grun-rot-lila\/#primaryimage\"},\"thumbnailUrl\":\"https:\/\/hubsch-interior.com\/wp-content\/uploads\/2026\/02\/line-cushion-knitted-greenredpurple-45134d6fc54f53d2ef7dd93a68a21fc0.jpg\",\"datePublished\":\"2022-08-23T12:25:49+00:00\",\"dateModified\":\"2026-05-01T02:29:34+00:00\",\"description\":\"Sie wissen, dass wir Streifen lieben, oder? Streifen und Kissen gehen irgendwie Hand in Hand. Dieses wundersch\u00f6n gestreifte Strickkissen aus OEKO-TEX\u00ae\",\"breadcrumb\":{\"@id\":\"https:\/\/hubsch-interior.com\/de\/produkt\/line-kissen-gestrickte-grun-rot-lila\/#breadcrumb\"},\"inLanguage\":\"de\",\"potentialAction\":[{\"@type\":\"ReadAction\",\"target\":[\"https:\/\/hubsch-interior.com\/de\/produkt\/line-kissen-gestrickte-grun-rot-lila\/\"]}]},{\"@type\":\"ImageObject\",\"inLanguage\":\"de\",\"@id\":\"https:\/\/hubsch-interior.com\/de\/produkt\/line-kissen-gestrickte-grun-rot-lila\/#primaryimage\",\"url\":\"https:\/\/hubsch-interior.com\/wp-content\/uploads\/2026\/02\/line-cushion-knitted-greenredpurple-45134d6fc54f53d2ef7dd93a68a21fc0.jpg\",\"contentUrl\":\"https:\/\/hubsch-interior.com\/wp-content\/uploads\/2026\/02\/line-cushion-knitted-greenredpurple-45134d6fc54f53d2ef7dd93a68a21fc0.jpg\",\"width\":1024,\"height\":1024},{\"@type\":\"BreadcrumbList\",\"@id\":\"https:\/\/hubsch-interior.com\/de\/produkt\/line-kissen-gestrickte-grun-rot-lila\/#breadcrumb\",\"itemListElement\":[{\"@type\":\"ListItem\",\"position\":1,\"name\":\"Startseite\",\"item\":\"https:\/\/hubsch-interior.com\/de\/\"},{\"@type\":\"ListItem\",\"position\":2,\"name\":\"Produkte\",\"item\":\"https:\/\/hubsch-interior.com\/de\/shop-2\/\"},{\"@type\":\"ListItem\",\"position\":3,\"name\":\"Textilien\",\"item\":\"https:\/\/hubsch-interior.com\/de\/produkt-kategorie\/textilien\/\"},{\"@type\":\"ListItem\",\"position\":4,\"name\":\"Kissen\",\"item\":\"https:\/\/hubsch-interior.com\/de\/produkt-kategorie\/textilien\/kissen-de\/\"},{\"@type\":\"ListItem\",\"position\":5,\"name\":\"Line Kissen Gestrickte Gr\u00fcn\/Rot\/Lila\"}]},{\"@type\":\"WebSite\",\"@id\":\"https:\/\/hubsch-interior.com\/de\/#website\",\"url\":\"https:\/\/hubsch-interior.com\/de\/\",\"name\":\"H\u00fcbsch\",\"description\":\"Danish Home Interior and Design\",\"publisher\":{\"@id\":\"https:\/\/hubsch-interior.com\/de\/#organization\"},\"potentialAction\":[{\"@type\":\"SearchAction\",\"target\":{\"@type\":\"EntryPoint\",\"urlTemplate\":\"https:\/\/hubsch-interior.com\/de\/?s={search_term_string}\"},\"query-input\":{\"@type\":\"PropertyValueSpecification\",\"valueRequired\":true,\"valueName\":\"search_term_string\"}}],\"inLanguage\":\"de\"},{\"@type\":\"Organization\",\"@id\":\"https:\/\/hubsch-interior.com\/de\/#organization\",\"name\":\"H\u00fcbsch\",\"url\":\"https:\/\/hubsch-interior.com\/de\/\",\"logo\":{\"@type\":\"ImageObject\",\"inLanguage\":\"de\",\"@id\":\"https:\/\/hubsch-interior.com\/de\/#\/schema\/logo\/image\/\",\"url\":\"https:\/\/hubsch-interior.com\/wp-content\/uploads\/2022\/12\/Hubsch_logo_black_one_line.svg\",\"contentUrl\":\"https:\/\/hubsch-interior.com\/wp-content\/uploads\/2022\/12\/Hubsch_logo_black_one_line.svg\",\"caption\":\"H\u00fcbsch\"},\"image\":{\"@id\":\"https:\/\/hubsch-interior.com\/de\/#\/schema\/logo\/image\/\"}}]}<\/script>\n<!-- \/ Yoast SEO plugin. -->","yoast_head_json":{"title":"Line Kissen Gestrickte Gr\u00fcn\/Rot\/Lila - H\u00fcbsch","description":"Sie wissen, dass wir Streifen lieben, oder? Streifen und Kissen gehen irgendwie Hand in Hand. Dieses wundersch\u00f6n gestreifte Strickkissen aus OEKO-TEX\u00ae","robots":{"index":"index","follow":"follow","max-snippet":"max-snippet:-1","max-image-preview":"max-image-preview:large","max-video-preview":"max-video-preview:-1"},"canonical":"https:\/\/hubsch-interior.com\/de\/wp-json\/wp\/v2\/product\/807889","og_locale":"de_DE","og_type":"article","og_title":"Line Kissen Gestrickte Gr\u00fcn\/Rot\/Lila - H\u00fcbsch","og_description":"Sie wissen, dass wir Streifen lieben, oder? Streifen und Kissen gehen irgendwie Hand in Hand. Dieses wundersch\u00f6n gestreifte Strickkissen aus OEKO-TEX\u00ae","og_url":"https:\/\/hubsch-interior.com\/de\/produkt\/line-kissen-gestrickte-grun-rot-lila\/","og_site_name":"H\u00fcbsch","article_modified_time":"2026-05-01T02:29:34+00:00","og_image":[{"width":1200,"height":1200,"url":"https:\/\/hubsch-interior.com\/wp-content\/uploads\/2023\/08\/line-cushion-knitted-greenredpurpleblack-983b129c54d0ce7f9f14fe8c875b3af2.jpg","type":"image\/jpeg"}],"twitter_card":"summary_large_image","schema":{"@context":"https:\/\/schema.org","@graph":[{"@type":"WebPage","@id":"https:\/\/hubsch-interior.com\/de\/produkt\/line-kissen-gestrickte-grun-rot-lila\/","url":"https:\/\/hubsch-interior.com\/de\/produkt\/line-kissen-gestrickte-grun-rot-lila\/","name":"Line Kissen Gestrickte Gr\u00fcn\/Rot\/Lila - H\u00fcbsch","isPartOf":{"@id":"https:\/\/hubsch-interior.com\/de\/#website"},"primaryImageOfPage":{"@id":"https:\/\/hubsch-interior.com\/de\/produkt\/line-kissen-gestrickte-grun-rot-lila\/#primaryimage"},"image":{"@id":"https:\/\/hubsch-interior.com\/de\/produkt\/line-kissen-gestrickte-grun-rot-lila\/#primaryimage"},"thumbnailUrl":"https:\/\/hubsch-interior.com\/wp-content\/uploads\/2026\/02\/line-cushion-knitted-greenredpurple-45134d6fc54f53d2ef7dd93a68a21fc0.jpg","datePublished":"2022-08-23T12:25:49+00:00","dateModified":"2026-05-01T02:29:34+00:00","description":"Sie wissen, dass wir Streifen lieben, oder? Streifen und Kissen gehen irgendwie Hand in Hand. Dieses wundersch\u00f6n gestreifte Strickkissen aus OEKO-TEX\u00ae","breadcrumb":{"@id":"https:\/\/hubsch-interior.com\/de\/produkt\/line-kissen-gestrickte-grun-rot-lila\/#breadcrumb"},"inLanguage":"de","potentialAction":[{"@type":"ReadAction","target":["https:\/\/hubsch-interior.com\/de\/produkt\/line-kissen-gestrickte-grun-rot-lila\/"]}]},{"@type":"ImageObject","inLanguage":"de","@id":"https:\/\/hubsch-interior.com\/de\/produkt\/line-kissen-gestrickte-grun-rot-lila\/#primaryimage","url":"https:\/\/hubsch-interior.com\/wp-content\/uploads\/2026\/02\/line-cushion-knitted-greenredpurple-45134d6fc54f53d2ef7dd93a68a21fc0.jpg","contentUrl":"https:\/\/hubsch-interior.com\/wp-content\/uploads\/2026\/02\/line-cushion-knitted-greenredpurple-45134d6fc54f53d2ef7dd93a68a21fc0.jpg","width":1024,"height":1024},{"@type":"BreadcrumbList","@id":"https:\/\/hubsch-interior.com\/de\/produkt\/line-kissen-gestrickte-grun-rot-lila\/#breadcrumb","itemListElement":[{"@type":"ListItem","position":1,"name":"Startseite","item":"https:\/\/hubsch-interior.com\/de\/"},{"@type":"ListItem","position":2,"name":"Produkte","item":"https:\/\/hubsch-interior.com\/de\/shop-2\/"},{"@type":"ListItem","position":3,"name":"Textilien","item":"https:\/\/hubsch-interior.com\/de\/produkt-kategorie\/textilien\/"},{"@type":"ListItem","position":4,"name":"Kissen","item":"https:\/\/hubsch-interior.com\/de\/produkt-kategorie\/textilien\/kissen-de\/"},{"@type":"ListItem","position":5,"name":"Line Kissen Gestrickte Gr\u00fcn\/Rot\/Lila"}]},{"@type":"WebSite","@id":"https:\/\/hubsch-interior.com\/de\/#website","url":"https:\/\/hubsch-interior.com\/de\/","name":"H\u00fcbsch","description":"Danish Home Interior and Design","publisher":{"@id":"https:\/\/hubsch-interior.com\/de\/#organization"},"potentialAction":[{"@type":"SearchAction","target":{"@type":"EntryPoint","urlTemplate":"https:\/\/hubsch-interior.com\/de\/?s={search_term_string}"},"query-input":{"@type":"PropertyValueSpecification","valueRequired":true,"valueName":"search_term_string"}}],"inLanguage":"de"},{"@type":"Organization","@id":"https:\/\/hubsch-interior.com\/de\/#organization","name":"H\u00fcbsch","url":"https:\/\/hubsch-interior.com\/de\/","logo":{"@type":"ImageObject","inLanguage":"de","@id":"https:\/\/hubsch-interior.com\/de\/#\/schema\/logo\/image\/","url":"https:\/\/hubsch-interior.com\/wp-content\/uploads\/2022\/12\/Hubsch_logo_black_one_line.svg","contentUrl":"https:\/\/hubsch-interior.com\/wp-content\/uploads\/2022\/12\/Hubsch_logo_black_one_line.svg","caption":"H\u00fcbsch"},"image":{"@id":"https:\/\/hubsch-interior.com\/de\/#\/schema\/logo\/image\/"}}]}},"_links":{"self":[{"href":"https:\/\/hubsch-interior.com\/de\/wp-json\/wp\/v2\/product\/807889","targetHints":{"allow":["GET"]}}],"collection":[{"href":"https:\/\/hubsch-interior.com\/de\/wp-json\/wp\/v2\/product"}],"about":[{"href":"https:\/\/hubsch-interior.com\/de\/wp-json\/wp\/v2\/types\/product"}],"wp:featuredmedia":[{"embeddable":true,"href":"https:\/\/hubsch-interior.com\/de\/wp-json\/wp\/v2\/media\/1096716"}],"wp:attachment":[{"href":"https:\/\/hubsch-interior.com\/de\/wp-json\/wp\/v2\/media?parent=807889"}],"wp:term":[{"taxonomy":"product_brand","embeddable":true,"href":"https:\/\/hubsch-interior.com\/de\/wp-json\/wp\/v2\/product_brand?post=807889"},{"taxonomy":"product_cat","embeddable":true,"href":"https:\/\/hubsch-interior.com\/de\/wp-json\/wp\/v2\/product_cat?post=807889"},{"taxonomy":"product_tag","embeddable":true,"href":"https:\/\/hubsch-interior.com\/de\/wp-json\/wp\/v2\/product_tag?post=807889"}],"curies":[{"name":"wp","href":"https:\/\/api.w.org\/{rel}","templated":true}]}}