{"id":808197,"date":"2022-08-23T14:30:19","date_gmt":"2022-08-23T12:30:19","guid":{"rendered":"https:\/\/hubsch-interior.com\/product\/product\/"},"modified":"2026-04-09T04:31:16","modified_gmt":"2026-04-09T02:31:16","slug":"oblique-barhocker-naturfarben","status":"publish","type":"product","link":"https:\/\/hubsch-interior.com\/de\/produkt\/oblique-barhocker-naturfarben\/","title":{"rendered":"Oblique Barhocker Naturfarben"},"content":{"rendered":"<p>Ein Barhocker aus Holz ist immer eine gute Wahl. Vor allem, wenn verantwortungsbewusstes Design und \u00c4sthetik ineinandergreifen. Der Barhocker ist nicht nur aus FSC\u00ae-zertifiziertem Holz gefertigt, sondern auch einfach umwerfend. Mit der geschwungenen R\u00fcckenlehne, dem bequemen Sitz und der Fu\u00dfst\u00fctze l\u00e4dt dieser Barhocker zu stundenlangem Sitzen und intensiven Gespr\u00e4chen ein. Perfekt f\u00fcr Ihre K\u00fccheninsel oder Ihr Esszimmer. Als Teil der Oblique-Stuhlfamilie ist dieser Barhocker auch in einer schwarz lackierten Version erh\u00e4ltlich.<\/p>\n","protected":false},"excerpt":{"rendered":"<p>Ein Barhocker aus Holz ist immer eine gute Wahl. Vor allem, wenn verantwortungsbewusstes Design und \u00c4sthetik ineinandergreifen. Der Barhocker ist nicht nur aus FSC\u00ae-zertifiziertem Holz gefertigt, sondern auch einfach umwerfend. Mit der geschwungenen R\u00fcckenlehne, dem bequemen Sitz und der Fu\u00dfst\u00fctze l\u00e4dt dieser Barhocker zu stundenlangem Sitzen und intensiven Gespr\u00e4chen ein. Perfekt f\u00fcr Ihre K\u00fccheninsel oder [&hellip;]<\/p>\n","protected":false},"featured_media":1097187,"template":"","meta":{"_acf_changed":false,"inline_featured_image":false},"product_brand":[],"product_cat":[6380,6323,2845,4196,5031],"product_tag":[],"class_list":{"0":"post-808197","1":"product","2":"type-product","3":"status-publish","4":"has-post-thumbnail","6":"product_cat-always-a-twist-de","7":"product_cat-fsc-de","8":"product_cat-sitzmoebel-de","9":"product_cat-barhocker-de","10":"product_cat-wieder-auf-lager-de","11":"product_shipping_class-p05","13":"pa_color-naturfarben-2","14":"pa_material-buchenholz","15":"pa_material-eichenfurnier","16":"pa_material-eichenholz","18":"first","19":"instock","20":"taxable","21":"shipping-taxable","22":"purchasable","23":"product-type-simple"},"exclude_global_add_ons":[],"addons":[],"acf":[],"yoast_head":"<!-- This site is optimized with the Yoast SEO plugin v26.4 - https:\/\/yoast.com\/wordpress\/plugins\/seo\/ -->\n<title>Oblique Barhocker Naturfarben - H\u00fcbsch<\/title>\n<meta name=\"description\" content=\"Ein Barhocker aus Holz ist immer eine gute Wahl. Vor allem, wenn verantwortungsbewusstes Design und \u00c4sthetik ineinandergreifen. Der Barhocker ist nicht\" \/>\n<meta name=\"robots\" content=\"index, follow, max-snippet:-1, max-image-preview:large, max-video-preview:-1\" \/>\n<link rel=\"canonical\" href=\"https:\/\/hubsch-interior.com\/de\/wp-json\/wp\/v2\/product\/808197\" \/>\n<meta property=\"og:locale\" content=\"de_DE\" \/>\n<meta property=\"og:type\" content=\"article\" \/>\n<meta property=\"og:title\" content=\"Oblique Barhocker Naturfarben - H\u00fcbsch\" \/>\n<meta property=\"og:description\" content=\"Ein Barhocker aus Holz ist immer eine gute Wahl. Vor allem, wenn verantwortungsbewusstes Design und \u00c4sthetik ineinandergreifen. Der Barhocker ist nicht\" \/>\n<meta property=\"og:url\" content=\"https:\/\/hubsch-interior.com\/de\/produkt\/oblique-barhocker-naturfarben\/\" \/>\n<meta property=\"og:site_name\" content=\"H\u00fcbsch\" \/>\n<meta property=\"article:modified_time\" content=\"2026-04-09T02:31:16+00:00\" \/>\n<meta property=\"og:image\" content=\"https:\/\/hubsch-interior.com\/wp-content\/uploads\/2025\/05\/oblique-bar-stool-natural-c13d1b51c3945d64af1c97952e729fad.jpg\" \/>\n\t<meta property=\"og:image:width\" content=\"1200\" \/>\n\t<meta property=\"og:image:height\" content=\"1200\" \/>\n\t<meta property=\"og:image:type\" content=\"image\/jpeg\" \/>\n<meta name=\"twitter:card\" content=\"summary_large_image\" \/>\n<script type=\"application\/ld+json\" class=\"yoast-schema-graph\">{\"@context\":\"https:\/\/schema.org\",\"@graph\":[{\"@type\":\"WebPage\",\"@id\":\"https:\/\/hubsch-interior.com\/de\/produkt\/oblique-barhocker-naturfarben\/\",\"url\":\"https:\/\/hubsch-interior.com\/de\/produkt\/oblique-barhocker-naturfarben\/\",\"name\":\"Oblique Barhocker Naturfarben - H\u00fcbsch\",\"isPartOf\":{\"@id\":\"https:\/\/hubsch-interior.com\/de\/#website\"},\"primaryImageOfPage\":{\"@id\":\"https:\/\/hubsch-interior.com\/de\/produkt\/oblique-barhocker-naturfarben\/#primaryimage\"},\"image\":{\"@id\":\"https:\/\/hubsch-interior.com\/de\/produkt\/oblique-barhocker-naturfarben\/#primaryimage\"},\"thumbnailUrl\":\"https:\/\/hubsch-interior.com\/wp-content\/uploads\/2026\/02\/oblique-bar-stool-natural-0d32d429dbee57639486fa9c07f39321.jpg\",\"datePublished\":\"2022-08-23T12:30:19+00:00\",\"dateModified\":\"2026-04-09T02:31:16+00:00\",\"description\":\"Ein Barhocker aus Holz ist immer eine gute Wahl. Vor allem, wenn verantwortungsbewusstes Design und \u00c4sthetik ineinandergreifen. Der Barhocker ist nicht\",\"breadcrumb\":{\"@id\":\"https:\/\/hubsch-interior.com\/de\/produkt\/oblique-barhocker-naturfarben\/#breadcrumb\"},\"inLanguage\":\"de\",\"potentialAction\":[{\"@type\":\"ReadAction\",\"target\":[\"https:\/\/hubsch-interior.com\/de\/produkt\/oblique-barhocker-naturfarben\/\"]}]},{\"@type\":\"ImageObject\",\"inLanguage\":\"de\",\"@id\":\"https:\/\/hubsch-interior.com\/de\/produkt\/oblique-barhocker-naturfarben\/#primaryimage\",\"url\":\"https:\/\/hubsch-interior.com\/wp-content\/uploads\/2026\/02\/oblique-bar-stool-natural-0d32d429dbee57639486fa9c07f39321.jpg\",\"contentUrl\":\"https:\/\/hubsch-interior.com\/wp-content\/uploads\/2026\/02\/oblique-bar-stool-natural-0d32d429dbee57639486fa9c07f39321.jpg\",\"width\":1024,\"height\":1024},{\"@type\":\"BreadcrumbList\",\"@id\":\"https:\/\/hubsch-interior.com\/de\/produkt\/oblique-barhocker-naturfarben\/#breadcrumb\",\"itemListElement\":[{\"@type\":\"ListItem\",\"position\":1,\"name\":\"Startseite\",\"item\":\"https:\/\/hubsch-interior.com\/de\/\"},{\"@type\":\"ListItem\",\"position\":2,\"name\":\"Produkte\",\"item\":\"https:\/\/hubsch-interior.com\/de\/shop-2\/\"},{\"@type\":\"ListItem\",\"position\":3,\"name\":\"M\u00f6bel\",\"item\":\"https:\/\/hubsch-interior.com\/de\/produkt-kategorie\/moebel\/\"},{\"@type\":\"ListItem\",\"position\":4,\"name\":\"Sitzm&ouml;bel\",\"item\":\"https:\/\/hubsch-interior.com\/de\/produkt-kategorie\/moebel\/sitzmoebel-de\/\"},{\"@type\":\"ListItem\",\"position\":5,\"name\":\"Barhocker\",\"item\":\"https:\/\/hubsch-interior.com\/de\/produkt-kategorie\/moebel\/sitzmoebel-de\/barhocker-de\/\"},{\"@type\":\"ListItem\",\"position\":6,\"name\":\"Oblique Barhocker Naturfarben\"}]},{\"@type\":\"WebSite\",\"@id\":\"https:\/\/hubsch-interior.com\/de\/#website\",\"url\":\"https:\/\/hubsch-interior.com\/de\/\",\"name\":\"H\u00fcbsch\",\"description\":\"Danish Home Interior and Design\",\"publisher\":{\"@id\":\"https:\/\/hubsch-interior.com\/de\/#organization\"},\"potentialAction\":[{\"@type\":\"SearchAction\",\"target\":{\"@type\":\"EntryPoint\",\"urlTemplate\":\"https:\/\/hubsch-interior.com\/de\/?s={search_term_string}\"},\"query-input\":{\"@type\":\"PropertyValueSpecification\",\"valueRequired\":true,\"valueName\":\"search_term_string\"}}],\"inLanguage\":\"de\"},{\"@type\":\"Organization\",\"@id\":\"https:\/\/hubsch-interior.com\/de\/#organization\",\"name\":\"H\u00fcbsch\",\"url\":\"https:\/\/hubsch-interior.com\/de\/\",\"logo\":{\"@type\":\"ImageObject\",\"inLanguage\":\"de\",\"@id\":\"https:\/\/hubsch-interior.com\/de\/#\/schema\/logo\/image\/\",\"url\":\"https:\/\/hubsch-interior.com\/wp-content\/uploads\/2022\/12\/Hubsch_logo_black_one_line.svg\",\"contentUrl\":\"https:\/\/hubsch-interior.com\/wp-content\/uploads\/2022\/12\/Hubsch_logo_black_one_line.svg\",\"caption\":\"H\u00fcbsch\"},\"image\":{\"@id\":\"https:\/\/hubsch-interior.com\/de\/#\/schema\/logo\/image\/\"}}]}<\/script>\n<!-- \/ Yoast SEO plugin. -->","yoast_head_json":{"title":"Oblique Barhocker Naturfarben - H\u00fcbsch","description":"Ein Barhocker aus Holz ist immer eine gute Wahl. Vor allem, wenn verantwortungsbewusstes Design und \u00c4sthetik ineinandergreifen. Der Barhocker ist nicht","robots":{"index":"index","follow":"follow","max-snippet":"max-snippet:-1","max-image-preview":"max-image-preview:large","max-video-preview":"max-video-preview:-1"},"canonical":"https:\/\/hubsch-interior.com\/de\/wp-json\/wp\/v2\/product\/808197","og_locale":"de_DE","og_type":"article","og_title":"Oblique Barhocker Naturfarben - H\u00fcbsch","og_description":"Ein Barhocker aus Holz ist immer eine gute Wahl. Vor allem, wenn verantwortungsbewusstes Design und \u00c4sthetik ineinandergreifen. Der Barhocker ist nicht","og_url":"https:\/\/hubsch-interior.com\/de\/produkt\/oblique-barhocker-naturfarben\/","og_site_name":"H\u00fcbsch","article_modified_time":"2026-04-09T02:31:16+00:00","og_image":[{"width":1200,"height":1200,"url":"https:\/\/hubsch-interior.com\/wp-content\/uploads\/2025\/05\/oblique-bar-stool-natural-c13d1b51c3945d64af1c97952e729fad.jpg","type":"image\/jpeg"}],"twitter_card":"summary_large_image","schema":{"@context":"https:\/\/schema.org","@graph":[{"@type":"WebPage","@id":"https:\/\/hubsch-interior.com\/de\/produkt\/oblique-barhocker-naturfarben\/","url":"https:\/\/hubsch-interior.com\/de\/produkt\/oblique-barhocker-naturfarben\/","name":"Oblique Barhocker Naturfarben - H\u00fcbsch","isPartOf":{"@id":"https:\/\/hubsch-interior.com\/de\/#website"},"primaryImageOfPage":{"@id":"https:\/\/hubsch-interior.com\/de\/produkt\/oblique-barhocker-naturfarben\/#primaryimage"},"image":{"@id":"https:\/\/hubsch-interior.com\/de\/produkt\/oblique-barhocker-naturfarben\/#primaryimage"},"thumbnailUrl":"https:\/\/hubsch-interior.com\/wp-content\/uploads\/2026\/02\/oblique-bar-stool-natural-0d32d429dbee57639486fa9c07f39321.jpg","datePublished":"2022-08-23T12:30:19+00:00","dateModified":"2026-04-09T02:31:16+00:00","description":"Ein Barhocker aus Holz ist immer eine gute Wahl. Vor allem, wenn verantwortungsbewusstes Design und \u00c4sthetik ineinandergreifen. Der Barhocker ist nicht","breadcrumb":{"@id":"https:\/\/hubsch-interior.com\/de\/produkt\/oblique-barhocker-naturfarben\/#breadcrumb"},"inLanguage":"de","potentialAction":[{"@type":"ReadAction","target":["https:\/\/hubsch-interior.com\/de\/produkt\/oblique-barhocker-naturfarben\/"]}]},{"@type":"ImageObject","inLanguage":"de","@id":"https:\/\/hubsch-interior.com\/de\/produkt\/oblique-barhocker-naturfarben\/#primaryimage","url":"https:\/\/hubsch-interior.com\/wp-content\/uploads\/2026\/02\/oblique-bar-stool-natural-0d32d429dbee57639486fa9c07f39321.jpg","contentUrl":"https:\/\/hubsch-interior.com\/wp-content\/uploads\/2026\/02\/oblique-bar-stool-natural-0d32d429dbee57639486fa9c07f39321.jpg","width":1024,"height":1024},{"@type":"BreadcrumbList","@id":"https:\/\/hubsch-interior.com\/de\/produkt\/oblique-barhocker-naturfarben\/#breadcrumb","itemListElement":[{"@type":"ListItem","position":1,"name":"Startseite","item":"https:\/\/hubsch-interior.com\/de\/"},{"@type":"ListItem","position":2,"name":"Produkte","item":"https:\/\/hubsch-interior.com\/de\/shop-2\/"},{"@type":"ListItem","position":3,"name":"M\u00f6bel","item":"https:\/\/hubsch-interior.com\/de\/produkt-kategorie\/moebel\/"},{"@type":"ListItem","position":4,"name":"Sitzm&ouml;bel","item":"https:\/\/hubsch-interior.com\/de\/produkt-kategorie\/moebel\/sitzmoebel-de\/"},{"@type":"ListItem","position":5,"name":"Barhocker","item":"https:\/\/hubsch-interior.com\/de\/produkt-kategorie\/moebel\/sitzmoebel-de\/barhocker-de\/"},{"@type":"ListItem","position":6,"name":"Oblique Barhocker Naturfarben"}]},{"@type":"WebSite","@id":"https:\/\/hubsch-interior.com\/de\/#website","url":"https:\/\/hubsch-interior.com\/de\/","name":"H\u00fcbsch","description":"Danish Home Interior and Design","publisher":{"@id":"https:\/\/hubsch-interior.com\/de\/#organization"},"potentialAction":[{"@type":"SearchAction","target":{"@type":"EntryPoint","urlTemplate":"https:\/\/hubsch-interior.com\/de\/?s={search_term_string}"},"query-input":{"@type":"PropertyValueSpecification","valueRequired":true,"valueName":"search_term_string"}}],"inLanguage":"de"},{"@type":"Organization","@id":"https:\/\/hubsch-interior.com\/de\/#organization","name":"H\u00fcbsch","url":"https:\/\/hubsch-interior.com\/de\/","logo":{"@type":"ImageObject","inLanguage":"de","@id":"https:\/\/hubsch-interior.com\/de\/#\/schema\/logo\/image\/","url":"https:\/\/hubsch-interior.com\/wp-content\/uploads\/2022\/12\/Hubsch_logo_black_one_line.svg","contentUrl":"https:\/\/hubsch-interior.com\/wp-content\/uploads\/2022\/12\/Hubsch_logo_black_one_line.svg","caption":"H\u00fcbsch"},"image":{"@id":"https:\/\/hubsch-interior.com\/de\/#\/schema\/logo\/image\/"}}]}},"_links":{"self":[{"href":"https:\/\/hubsch-interior.com\/de\/wp-json\/wp\/v2\/product\/808197","targetHints":{"allow":["GET"]}}],"collection":[{"href":"https:\/\/hubsch-interior.com\/de\/wp-json\/wp\/v2\/product"}],"about":[{"href":"https:\/\/hubsch-interior.com\/de\/wp-json\/wp\/v2\/types\/product"}],"wp:featuredmedia":[{"embeddable":true,"href":"https:\/\/hubsch-interior.com\/de\/wp-json\/wp\/v2\/media\/1097187"}],"wp:attachment":[{"href":"https:\/\/hubsch-interior.com\/de\/wp-json\/wp\/v2\/media?parent=808197"}],"wp:term":[{"taxonomy":"product_brand","embeddable":true,"href":"https:\/\/hubsch-interior.com\/de\/wp-json\/wp\/v2\/product_brand?post=808197"},{"taxonomy":"product_cat","embeddable":true,"href":"https:\/\/hubsch-interior.com\/de\/wp-json\/wp\/v2\/product_cat?post=808197"},{"taxonomy":"product_tag","embeddable":true,"href":"https:\/\/hubsch-interior.com\/de\/wp-json\/wp\/v2\/product_tag?post=808197"}],"curies":[{"name":"wp","href":"https:\/\/api.w.org\/{rel}","templated":true}]}}